{"id":82075,"date":"2026-03-27T14:44:03","date_gmt":"2026-03-27T13:44:03","guid":{"rendered":"https:\/\/www.giessegi.com\/?post_type=product&#038;p=82075"},"modified":"2026-03-27T14:56:52","modified_gmt":"2026-03-27T13:56:52","slug":"k-pro","status":"publish","type":"product","link":"https:\/\/www.giessegi.com\/es\/producto\/k-pro\/","title":{"rendered":"K-Pro"},"content":{"rendered":"<p class=\"p1\">Rodilleras el\u00e1sticas y sin costuras con dise\u00f1o anat\u00f3mico, desarrolladas para garantizar un ajuste perfecto y una aerodin\u00e1mica \u00f3ptima durante la pr\u00e1ctica del ciclismo. La construcci\u00f3n sin costuras reduce la fricci\u00f3n y evita irritaciones, asegurando un alto nivel de confort incluso en salidas largas. El tejido t\u00e9cnico el\u00e1stico se adapta perfectamente a la rodilla, proporcionando estabilidad, libertad de movimiento y un rendimiento constante.<\/p>\n","protected":false},"excerpt":{"rendered":"<p class=\"p1\">Rodilleras el\u00e1sticas, sin costuras, anat\u00f3micas y aerodin\u00e1micas para m\u00e1ximo confort y rendimiento.<\/p>\n","protected":false},"featured_media":82090,"template":"","meta":[],"product_brand":[],"product_cat":[766,622,696,642,620,695],"product_tag":[],"collezione":[],"class_list":{"0":"post-82075","1":"product","2":"type-product","3":"status-publish","4":"has-post-thumbnail","6":"product_cat-hombre","7":"product_cat-accesorios-hombre","8":"product_cat-manguitos-hombre","9":"product_cat-mujer","10":"product_cat-accesorios-mujer","11":"product_cat-manguitos-mujer","12":"pa_colore-negro-es","13":"pa_taglia-l-xl-es","14":"pa_taglia-s-m-es","17":"first","18":"instock","19":"shipping-taxable","20":"purchasable","21":"product-type-variable"},"yoast_head":"<!-- This site is optimized with the Yoast SEO plugin v25.7 - https:\/\/yoast.com\/wordpress\/plugins\/seo\/ -->\n<title>K-Pro | GSG - Giessegi<\/title>\n<meta name=\"robots\" content=\"index, follow, max-snippet:-1, max-image-preview:large, max-video-preview:-1\" \/>\n<link rel=\"canonical\" href=\"https:\/\/www.giessegi.com\/de\/?post_type=product&p=82078\" \/>\n<meta property=\"og:locale\" content=\"es_ES\" \/>\n<meta property=\"og:type\" content=\"article\" \/>\n<meta property=\"og:title\" content=\"K-Pro | GSG - Giessegi\" \/>\n<meta property=\"og:description\" content=\"Rodilleras el\u00e1sticas, sin costuras, anat\u00f3micas y aerodin\u00e1micas para m\u00e1ximo confort y rendimiento.\" \/>\n<meta property=\"og:url\" content=\"https:\/\/www.giessegi.com\/de\/?post_type=product&amp;p=82078\" \/>\n<meta property=\"og:site_name\" content=\"GSG - Giessegi\" \/>\n<meta property=\"article:modified_time\" content=\"2026-03-27T13:56:52+00:00\" \/>\n<meta property=\"og:image\" content=\"https:\/\/www.giessegi.com\/wp-content\/uploads\/2026\/03\/12335.jpg\" \/>\n\t<meta property=\"og:image:width\" content=\"1024\" \/>\n\t<meta property=\"og:image:height\" content=\"1536\" \/>\n\t<meta property=\"og:image:type\" content=\"image\/jpeg\" \/>\n<meta name=\"twitter:card\" content=\"summary_large_image\" \/>\n<meta name=\"twitter:label1\" content=\"Tiempo de lectura\" \/>\n\t<meta name=\"twitter:data1\" content=\"1 minuto\" \/>\n<script type=\"application\/ld+json\" class=\"yoast-schema-graph\">{\"@context\":\"https:\/\/schema.org\",\"@graph\":[{\"@type\":\"WebPage\",\"@id\":\"https:\/\/www.giessegi.com\/de\/?post_type=product&p=82078\",\"url\":\"https:\/\/www.giessegi.com\/de\/?post_type=product&p=82078\",\"name\":\"K-Pro | GSG - Giessegi\",\"isPartOf\":{\"@id\":\"https:\/\/www.giessegi.com\/en\/#website\"},\"primaryImageOfPage\":{\"@id\":\"https:\/\/www.giessegi.com\/de\/?post_type=product&p=82078#primaryimage\"},\"image\":{\"@id\":\"https:\/\/www.giessegi.com\/de\/?post_type=product&p=82078#primaryimage\"},\"thumbnailUrl\":\"https:\/\/www.giessegi.com\/wp-content\/uploads\/2026\/03\/12335.jpg\",\"datePublished\":\"2026-03-27T13:44:03+00:00\",\"dateModified\":\"2026-03-27T13:56:52+00:00\",\"breadcrumb\":{\"@id\":\"https:\/\/www.giessegi.com\/de\/?post_type=product&p=82078#breadcrumb\"},\"inLanguage\":\"es\",\"potentialAction\":[{\"@type\":\"ReadAction\",\"target\":[\"https:\/\/www.giessegi.com\/de\/?post_type=product&p=82078\"]}]},{\"@type\":\"ImageObject\",\"inLanguage\":\"es\",\"@id\":\"https:\/\/www.giessegi.com\/de\/?post_type=product&p=82078#primaryimage\",\"url\":\"https:\/\/www.giessegi.com\/wp-content\/uploads\/2026\/03\/12335.jpg\",\"contentUrl\":\"https:\/\/www.giessegi.com\/wp-content\/uploads\/2026\/03\/12335.jpg\",\"width\":1024,\"height\":1536},{\"@type\":\"BreadcrumbList\",\"@id\":\"https:\/\/www.giessegi.com\/de\/?post_type=product&p=82078#breadcrumb\",\"itemListElement\":[{\"@type\":\"ListItem\",\"position\":1,\"name\":\"Home\",\"item\":\"https:\/\/www.giessegi.com\/es\/\"},{\"@type\":\"ListItem\",\"position\":2,\"name\":\"Products\",\"item\":\"https:\/\/www.giessegi.com\/en\/shop\/\"},{\"@type\":\"ListItem\",\"position\":3,\"name\":\"K-Pro\"}]},{\"@type\":\"WebSite\",\"@id\":\"https:\/\/www.giessegi.com\/en\/#website\",\"url\":\"https:\/\/www.giessegi.com\/en\/\",\"name\":\"Giessegi\",\"description\":\"\",\"publisher\":{\"@id\":\"https:\/\/www.giessegi.com\/en\/#organization\"},\"potentialAction\":[{\"@type\":\"SearchAction\",\"target\":{\"@type\":\"EntryPoint\",\"urlTemplate\":\"https:\/\/www.giessegi.com\/en\/?s={search_term_string}\"},\"query-input\":{\"@type\":\"PropertyValueSpecification\",\"valueRequired\":true,\"valueName\":\"search_term_string\"}}],\"inLanguage\":\"es\"},{\"@type\":\"Organization\",\"@id\":\"https:\/\/www.giessegi.com\/en\/#organization\",\"name\":\"Giessegi\",\"url\":\"https:\/\/www.giessegi.com\/en\/\",\"logo\":{\"@type\":\"ImageObject\",\"inLanguage\":\"es\",\"@id\":\"https:\/\/www.giessegi.com\/en\/#\/schema\/logo\/image\/\",\"url\":\"https:\/\/www.giessegi.com\/wp-content\/uploads\/2022\/09\/giessegi-logo.jpeg\",\"contentUrl\":\"https:\/\/www.giessegi.com\/wp-content\/uploads\/2022\/09\/giessegi-logo.jpeg\",\"width\":175,\"height\":77,\"caption\":\"Giessegi\"},\"image\":{\"@id\":\"https:\/\/www.giessegi.com\/en\/#\/schema\/logo\/image\/\"}}]}<\/script>\n<!-- \/ Yoast SEO plugin. -->","yoast_head_json":{"title":"K-Pro | GSG - Giessegi","robots":{"index":"index","follow":"follow","max-snippet":"max-snippet:-1","max-image-preview":"max-image-preview:large","max-video-preview":"max-video-preview:-1"},"canonical":"https:\/\/www.giessegi.com\/de\/?post_type=product&p=82078","og_locale":"es_ES","og_type":"article","og_title":"K-Pro | GSG - Giessegi","og_description":"Rodilleras el\u00e1sticas, sin costuras, anat\u00f3micas y aerodin\u00e1micas para m\u00e1ximo confort y rendimiento.","og_url":"https:\/\/www.giessegi.com\/de\/?post_type=product&p=82078","og_site_name":"GSG - Giessegi","article_modified_time":"2026-03-27T13:56:52+00:00","og_image":[{"width":1024,"height":1536,"url":"https:\/\/www.giessegi.com\/wp-content\/uploads\/2026\/03\/12335.jpg","type":"image\/jpeg"}],"twitter_card":"summary_large_image","twitter_misc":{"Tiempo de lectura":"1 minuto"},"schema":{"@context":"https:\/\/schema.org","@graph":[{"@type":"WebPage","@id":"https:\/\/www.giessegi.com\/de\/?post_type=product&p=82078","url":"https:\/\/www.giessegi.com\/de\/?post_type=product&p=82078","name":"K-Pro | GSG - Giessegi","isPartOf":{"@id":"https:\/\/www.giessegi.com\/en\/#website"},"primaryImageOfPage":{"@id":"https:\/\/www.giessegi.com\/de\/?post_type=product&p=82078#primaryimage"},"image":{"@id":"https:\/\/www.giessegi.com\/de\/?post_type=product&p=82078#primaryimage"},"thumbnailUrl":"https:\/\/www.giessegi.com\/wp-content\/uploads\/2026\/03\/12335.jpg","datePublished":"2026-03-27T13:44:03+00:00","dateModified":"2026-03-27T13:56:52+00:00","breadcrumb":{"@id":"https:\/\/www.giessegi.com\/de\/?post_type=product&p=82078#breadcrumb"},"inLanguage":"es","potentialAction":[{"@type":"ReadAction","target":["https:\/\/www.giessegi.com\/de\/?post_type=product&p=82078"]}]},{"@type":"ImageObject","inLanguage":"es","@id":"https:\/\/www.giessegi.com\/de\/?post_type=product&p=82078#primaryimage","url":"https:\/\/www.giessegi.com\/wp-content\/uploads\/2026\/03\/12335.jpg","contentUrl":"https:\/\/www.giessegi.com\/wp-content\/uploads\/2026\/03\/12335.jpg","width":1024,"height":1536},{"@type":"BreadcrumbList","@id":"https:\/\/www.giessegi.com\/de\/?post_type=product&p=82078#breadcrumb","itemListElement":[{"@type":"ListItem","position":1,"name":"Home","item":"https:\/\/www.giessegi.com\/es\/"},{"@type":"ListItem","position":2,"name":"Products","item":"https:\/\/www.giessegi.com\/en\/shop\/"},{"@type":"ListItem","position":3,"name":"K-Pro"}]},{"@type":"WebSite","@id":"https:\/\/www.giessegi.com\/en\/#website","url":"https:\/\/www.giessegi.com\/en\/","name":"Giessegi","description":"","publisher":{"@id":"https:\/\/www.giessegi.com\/en\/#organization"},"potentialAction":[{"@type":"SearchAction","target":{"@type":"EntryPoint","urlTemplate":"https:\/\/www.giessegi.com\/en\/?s={search_term_string}"},"query-input":{"@type":"PropertyValueSpecification","valueRequired":true,"valueName":"search_term_string"}}],"inLanguage":"es"},{"@type":"Organization","@id":"https:\/\/www.giessegi.com\/en\/#organization","name":"Giessegi","url":"https:\/\/www.giessegi.com\/en\/","logo":{"@type":"ImageObject","inLanguage":"es","@id":"https:\/\/www.giessegi.com\/en\/#\/schema\/logo\/image\/","url":"https:\/\/www.giessegi.com\/wp-content\/uploads\/2022\/09\/giessegi-logo.jpeg","contentUrl":"https:\/\/www.giessegi.com\/wp-content\/uploads\/2022\/09\/giessegi-logo.jpeg","width":175,"height":77,"caption":"Giessegi"},"image":{"@id":"https:\/\/www.giessegi.com\/en\/#\/schema\/logo\/image\/"}}]}},"_links":{"self":[{"href":"https:\/\/www.giessegi.com\/es\/wp-json\/wp\/v2\/product\/82075","targetHints":{"allow":["GET"]}}],"collection":[{"href":"https:\/\/www.giessegi.com\/es\/wp-json\/wp\/v2\/product"}],"about":[{"href":"https:\/\/www.giessegi.com\/es\/wp-json\/wp\/v2\/types\/product"}],"wp:featuredmedia":[{"embeddable":true,"href":"https:\/\/www.giessegi.com\/es\/wp-json\/wp\/v2\/media\/82090"}],"wp:attachment":[{"href":"https:\/\/www.giessegi.com\/es\/wp-json\/wp\/v2\/media?parent=82075"}],"wp:term":[{"taxonomy":"product_brand","embeddable":true,"href":"https:\/\/www.giessegi.com\/es\/wp-json\/wp\/v2\/product_brand?post=82075"},{"taxonomy":"product_cat","embeddable":true,"href":"https:\/\/www.giessegi.com\/es\/wp-json\/wp\/v2\/product_cat?post=82075"},{"taxonomy":"product_tag","embeddable":true,"href":"https:\/\/www.giessegi.com\/es\/wp-json\/wp\/v2\/product_tag?post=82075"},{"taxonomy":"collezione","embeddable":true,"href":"https:\/\/www.giessegi.com\/es\/wp-json\/wp\/v2\/collezione?post=82075"}],"curies":[{"name":"wp","href":"https:\/\/api.w.org\/{rel}","templated":true}]}}