{"id":81780,"date":"2026-03-25T17:40:56","date_gmt":"2026-03-25T16:40:56","guid":{"rendered":"https:\/\/www.giessegi.com\/?post_type=product&#038;p=81780"},"modified":"2026-03-26T16:50:54","modified_gmt":"2026-03-26T15:50:54","slug":"slick","status":"publish","type":"product","link":"https:\/\/www.giessegi.com\/es\/producto\/slick\/","title":{"rendered":"Slick"},"content":{"rendered":"<p class=\"p1\">Los guantes de ciclismo SLICK est\u00e1n dise\u00f1ados para ciclistas que buscan m\u00e1xima aerodin\u00e1mica, confort y control. El dise\u00f1o con pu\u00f1o largo mejora el ajuste y la eficiencia aerodin\u00e1mica, creando una transici\u00f3n limpia entre guante y manga. La palma acolchada absorbe las vibraciones, reduciendo la fatiga de las manos.<\/p>\n","protected":false},"excerpt":{"rendered":"<p class=\"p1\">Guantes aerodin\u00e1micos con pu\u00f1o largo y palma acolchada.<\/p>\n","protected":false},"featured_media":81835,"template":"","meta":[],"product_brand":[],"product_cat":[766,622,671,642,620,672],"product_tag":[],"collezione":[],"class_list":{"0":"post-81780","1":"product","2":"type-product","3":"status-publish","4":"has-post-thumbnail","6":"product_cat-hombre","7":"product_cat-accesorios-hombre","8":"product_cat-guantes-hombre","9":"product_cat-mujer","10":"product_cat-accesorios-mujer","11":"product_cat-guantes-mujer","12":"pa_colore-blanco-es","13":"pa_taglia-l-es","14":"pa_taglia-m-es","15":"pa_taglia-s-es","16":"pa_taglia-xl-es","17":"pa_taglia-xs-es","20":"first","21":"instock","22":"sale","23":"shipping-taxable","24":"purchasable","25":"product-type-variable"},"yoast_head":"<!-- This site is optimized with the Yoast SEO plugin v25.7 - https:\/\/yoast.com\/wordpress\/plugins\/seo\/ -->\n<title>Slick | GSG - Giessegi<\/title>\n<meta name=\"robots\" content=\"index, follow, max-snippet:-1, max-image-preview:large, max-video-preview:-1\" \/>\n<link rel=\"canonical\" href=\"https:\/\/www.giessegi.com\/es\/producto\/slick\/\" \/>\n<meta property=\"og:locale\" content=\"es_ES\" \/>\n<meta property=\"og:type\" content=\"article\" \/>\n<meta property=\"og:title\" content=\"Slick | GSG - Giessegi\" \/>\n<meta property=\"og:description\" content=\"Guantes aerodin\u00e1micos con pu\u00f1o largo y palma acolchada.\" \/>\n<meta property=\"og:url\" content=\"https:\/\/www.giessegi.com\/es\/producto\/slick\/\" \/>\n<meta property=\"og:site_name\" content=\"GSG - Giessegi\" \/>\n<meta property=\"article:modified_time\" content=\"2026-03-26T15:50:54+00:00\" \/>\n<meta property=\"og:image\" content=\"https:\/\/www.giessegi.com\/wp-content\/uploads\/2026\/03\/12267_01.jpg\" \/>\n\t<meta property=\"og:image:width\" content=\"1000\" \/>\n\t<meta property=\"og:image:height\" content=\"1000\" \/>\n\t<meta property=\"og:image:type\" content=\"image\/jpeg\" \/>\n<meta name=\"twitter:card\" content=\"summary_large_image\" \/>\n<meta name=\"twitter:label1\" content=\"Tiempo de lectura\" \/>\n\t<meta name=\"twitter:data1\" content=\"1 minuto\" \/>\n<script type=\"application\/ld+json\" class=\"yoast-schema-graph\">{\"@context\":\"https:\/\/schema.org\",\"@graph\":[{\"@type\":\"WebPage\",\"@id\":\"https:\/\/www.giessegi.com\/es\/producto\/slick\/\",\"url\":\"https:\/\/www.giessegi.com\/es\/producto\/slick\/\",\"name\":\"Slick | GSG - Giessegi\",\"isPartOf\":{\"@id\":\"https:\/\/www.giessegi.com\/en\/#website\"},\"primaryImageOfPage\":{\"@id\":\"https:\/\/www.giessegi.com\/es\/producto\/slick\/#primaryimage\"},\"image\":{\"@id\":\"https:\/\/www.giessegi.com\/es\/producto\/slick\/#primaryimage\"},\"thumbnailUrl\":\"https:\/\/www.giessegi.com\/wp-content\/uploads\/2026\/03\/12267_01.jpg\",\"datePublished\":\"2026-03-25T16:40:56+00:00\",\"dateModified\":\"2026-03-26T15:50:54+00:00\",\"breadcrumb\":{\"@id\":\"https:\/\/www.giessegi.com\/es\/producto\/slick\/#breadcrumb\"},\"inLanguage\":\"es\",\"potentialAction\":[{\"@type\":\"ReadAction\",\"target\":[\"https:\/\/www.giessegi.com\/es\/producto\/slick\/\"]}]},{\"@type\":\"ImageObject\",\"inLanguage\":\"es\",\"@id\":\"https:\/\/www.giessegi.com\/es\/producto\/slick\/#primaryimage\",\"url\":\"https:\/\/www.giessegi.com\/wp-content\/uploads\/2026\/03\/12267_01.jpg\",\"contentUrl\":\"https:\/\/www.giessegi.com\/wp-content\/uploads\/2026\/03\/12267_01.jpg\",\"width\":1000,\"height\":1000,\"caption\":\"12267-004 retro 005\"},{\"@type\":\"BreadcrumbList\",\"@id\":\"https:\/\/www.giessegi.com\/es\/producto\/slick\/#breadcrumb\",\"itemListElement\":[{\"@type\":\"ListItem\",\"position\":1,\"name\":\"Home\",\"item\":\"https:\/\/www.giessegi.com\/es\/\"},{\"@type\":\"ListItem\",\"position\":2,\"name\":\"Products\",\"item\":\"https:\/\/www.giessegi.com\/en\/shop\/\"},{\"@type\":\"ListItem\",\"position\":3,\"name\":\"Slick\"}]},{\"@type\":\"WebSite\",\"@id\":\"https:\/\/www.giessegi.com\/en\/#website\",\"url\":\"https:\/\/www.giessegi.com\/en\/\",\"name\":\"Giessegi\",\"description\":\"\",\"publisher\":{\"@id\":\"https:\/\/www.giessegi.com\/en\/#organization\"},\"potentialAction\":[{\"@type\":\"SearchAction\",\"target\":{\"@type\":\"EntryPoint\",\"urlTemplate\":\"https:\/\/www.giessegi.com\/en\/?s={search_term_string}\"},\"query-input\":{\"@type\":\"PropertyValueSpecification\",\"valueRequired\":true,\"valueName\":\"search_term_string\"}}],\"inLanguage\":\"es\"},{\"@type\":\"Organization\",\"@id\":\"https:\/\/www.giessegi.com\/en\/#organization\",\"name\":\"Giessegi\",\"url\":\"https:\/\/www.giessegi.com\/en\/\",\"logo\":{\"@type\":\"ImageObject\",\"inLanguage\":\"es\",\"@id\":\"https:\/\/www.giessegi.com\/en\/#\/schema\/logo\/image\/\",\"url\":\"https:\/\/www.giessegi.com\/wp-content\/uploads\/2022\/09\/giessegi-logo.jpeg\",\"contentUrl\":\"https:\/\/www.giessegi.com\/wp-content\/uploads\/2022\/09\/giessegi-logo.jpeg\",\"width\":175,\"height\":77,\"caption\":\"Giessegi\"},\"image\":{\"@id\":\"https:\/\/www.giessegi.com\/en\/#\/schema\/logo\/image\/\"}}]}<\/script>\n<!-- \/ Yoast SEO plugin. -->","yoast_head_json":{"title":"Slick | GSG - Giessegi","robots":{"index":"index","follow":"follow","max-snippet":"max-snippet:-1","max-image-preview":"max-image-preview:large","max-video-preview":"max-video-preview:-1"},"canonical":"https:\/\/www.giessegi.com\/es\/producto\/slick\/","og_locale":"es_ES","og_type":"article","og_title":"Slick | GSG - Giessegi","og_description":"Guantes aerodin\u00e1micos con pu\u00f1o largo y palma acolchada.","og_url":"https:\/\/www.giessegi.com\/es\/producto\/slick\/","og_site_name":"GSG - Giessegi","article_modified_time":"2026-03-26T15:50:54+00:00","og_image":[{"width":1000,"height":1000,"url":"https:\/\/www.giessegi.com\/wp-content\/uploads\/2026\/03\/12267_01.jpg","type":"image\/jpeg"}],"twitter_card":"summary_large_image","twitter_misc":{"Tiempo de lectura":"1 minuto"},"schema":{"@context":"https:\/\/schema.org","@graph":[{"@type":"WebPage","@id":"https:\/\/www.giessegi.com\/es\/producto\/slick\/","url":"https:\/\/www.giessegi.com\/es\/producto\/slick\/","name":"Slick | GSG - Giessegi","isPartOf":{"@id":"https:\/\/www.giessegi.com\/en\/#website"},"primaryImageOfPage":{"@id":"https:\/\/www.giessegi.com\/es\/producto\/slick\/#primaryimage"},"image":{"@id":"https:\/\/www.giessegi.com\/es\/producto\/slick\/#primaryimage"},"thumbnailUrl":"https:\/\/www.giessegi.com\/wp-content\/uploads\/2026\/03\/12267_01.jpg","datePublished":"2026-03-25T16:40:56+00:00","dateModified":"2026-03-26T15:50:54+00:00","breadcrumb":{"@id":"https:\/\/www.giessegi.com\/es\/producto\/slick\/#breadcrumb"},"inLanguage":"es","potentialAction":[{"@type":"ReadAction","target":["https:\/\/www.giessegi.com\/es\/producto\/slick\/"]}]},{"@type":"ImageObject","inLanguage":"es","@id":"https:\/\/www.giessegi.com\/es\/producto\/slick\/#primaryimage","url":"https:\/\/www.giessegi.com\/wp-content\/uploads\/2026\/03\/12267_01.jpg","contentUrl":"https:\/\/www.giessegi.com\/wp-content\/uploads\/2026\/03\/12267_01.jpg","width":1000,"height":1000,"caption":"12267-004 retro 005"},{"@type":"BreadcrumbList","@id":"https:\/\/www.giessegi.com\/es\/producto\/slick\/#breadcrumb","itemListElement":[{"@type":"ListItem","position":1,"name":"Home","item":"https:\/\/www.giessegi.com\/es\/"},{"@type":"ListItem","position":2,"name":"Products","item":"https:\/\/www.giessegi.com\/en\/shop\/"},{"@type":"ListItem","position":3,"name":"Slick"}]},{"@type":"WebSite","@id":"https:\/\/www.giessegi.com\/en\/#website","url":"https:\/\/www.giessegi.com\/en\/","name":"Giessegi","description":"","publisher":{"@id":"https:\/\/www.giessegi.com\/en\/#organization"},"potentialAction":[{"@type":"SearchAction","target":{"@type":"EntryPoint","urlTemplate":"https:\/\/www.giessegi.com\/en\/?s={search_term_string}"},"query-input":{"@type":"PropertyValueSpecification","valueRequired":true,"valueName":"search_term_string"}}],"inLanguage":"es"},{"@type":"Organization","@id":"https:\/\/www.giessegi.com\/en\/#organization","name":"Giessegi","url":"https:\/\/www.giessegi.com\/en\/","logo":{"@type":"ImageObject","inLanguage":"es","@id":"https:\/\/www.giessegi.com\/en\/#\/schema\/logo\/image\/","url":"https:\/\/www.giessegi.com\/wp-content\/uploads\/2022\/09\/giessegi-logo.jpeg","contentUrl":"https:\/\/www.giessegi.com\/wp-content\/uploads\/2022\/09\/giessegi-logo.jpeg","width":175,"height":77,"caption":"Giessegi"},"image":{"@id":"https:\/\/www.giessegi.com\/en\/#\/schema\/logo\/image\/"}}]}},"_links":{"self":[{"href":"https:\/\/www.giessegi.com\/es\/wp-json\/wp\/v2\/product\/81780","targetHints":{"allow":["GET"]}}],"collection":[{"href":"https:\/\/www.giessegi.com\/es\/wp-json\/wp\/v2\/product"}],"about":[{"href":"https:\/\/www.giessegi.com\/es\/wp-json\/wp\/v2\/types\/product"}],"wp:featuredmedia":[{"embeddable":true,"href":"https:\/\/www.giessegi.com\/es\/wp-json\/wp\/v2\/media\/81835"}],"wp:attachment":[{"href":"https:\/\/www.giessegi.com\/es\/wp-json\/wp\/v2\/media?parent=81780"}],"wp:term":[{"taxonomy":"product_brand","embeddable":true,"href":"https:\/\/www.giessegi.com\/es\/wp-json\/wp\/v2\/product_brand?post=81780"},{"taxonomy":"product_cat","embeddable":true,"href":"https:\/\/www.giessegi.com\/es\/wp-json\/wp\/v2\/product_cat?post=81780"},{"taxonomy":"product_tag","embeddable":true,"href":"https:\/\/www.giessegi.com\/es\/wp-json\/wp\/v2\/product_tag?post=81780"},{"taxonomy":"collezione","embeddable":true,"href":"https:\/\/www.giessegi.com\/es\/wp-json\/wp\/v2\/collezione?post=81780"}],"curies":[{"name":"wp","href":"https:\/\/api.w.org\/{rel}","templated":true}]}}