{"id":81610,"date":"2026-03-25T09:18:54","date_gmt":"2026-03-25T08:18:54","guid":{"rendered":"https:\/\/www.giessegi.com\/?post_type=product&#038;p=81610"},"modified":"2026-03-26T16:44:12","modified_gmt":"2026-03-26T15:44:12","slug":"elysium-3-4","status":"publish","type":"product","link":"https:\/\/www.giessegi.com\/es\/producto\/elysium-3-4\/","title":{"rendered":"Elysium 3\/4"},"content":{"rendered":"<p class=\"p1\"><span class=\"s1\">El culote de ciclismo ELYSIUM 3\/4 para mujer est\u00e1 dise\u00f1ado para ofrecer comodidad, soporte y practicidad durante salidas en entretiempo. Fabricado en<strong> tejido el\u00e1stico suave y compresiv<\/strong>o, proporciona un ajuste c\u00f3modo y soporte muscular, mejorando la circulaci\u00f3n y reduciendo la fatiga. <strong>La cintura el\u00e1stica<\/strong> asegura una sujeci\u00f3n estable sin oprimir. <strong>El largo 3\/4<\/strong> ofrece mayor protecci\u00f3n en d\u00edas m\u00e1s frescos, siendo ideal para primavera y oto\u00f1o. <strong>La badana Pulsar<span class=\"Apple-converted-space\">\u00a0 <\/span>Woman<\/strong> de alta densidad, dise\u00f1ada para la anatom\u00eda femenina, proporciona amortiguaci\u00f3n y soporte \u00f3ptimos para largas distancias.<\/span><\/p>\n","protected":false},"excerpt":{"rendered":"<p class=\"p1\"><span class=\"s1\">Culote ciclismo mujer 3\/4 compresivo con badana Pulsar Woman. <\/span><\/p>\n","protected":false},"featured_media":81646,"template":"","meta":[],"product_brand":[],"product_cat":[730,642,771,712],"product_tag":[],"collezione":[],"class_list":{"0":"post-81610","1":"product","2":"type-product","3":"status-publish","4":"has-post-thumbnail","6":"product_cat-road-es","7":"product_cat-mujer","8":"product_cat-pantalones-mujer","9":"product_cat-culottes-mujer","10":"pa_colore-negro-es","11":"pa_taglia-l-es","12":"pa_taglia-m-es","13":"pa_taglia-s-es","14":"pa_taglia-xl-es","15":"pa_taglia-xs-es","16":"pa_taglia-xxl-es","19":"first","20":"instock","21":"sale","22":"shipping-taxable","23":"purchasable","24":"product-type-variable"},"yoast_head":"<!-- This site is optimized with the Yoast SEO plugin v25.7 - https:\/\/yoast.com\/wordpress\/plugins\/seo\/ -->\n<title>Elysium 3\/4 | GSG - Giessegi<\/title>\n<meta name=\"robots\" content=\"index, follow, max-snippet:-1, max-image-preview:large, max-video-preview:-1\" \/>\n<link rel=\"canonical\" href=\"https:\/\/www.giessegi.com\/es\/producto\/elysium-3-4\/\" \/>\n<meta property=\"og:locale\" content=\"es_ES\" \/>\n<meta property=\"og:type\" content=\"article\" \/>\n<meta property=\"og:title\" content=\"Elysium 3\/4 | GSG - Giessegi\" \/>\n<meta property=\"og:description\" content=\"Culote ciclismo mujer 3\/4 compresivo con badana Pulsar Woman.\" \/>\n<meta property=\"og:url\" content=\"https:\/\/www.giessegi.com\/es\/producto\/elysium-3-4\/\" \/>\n<meta property=\"og:site_name\" content=\"GSG - Giessegi\" \/>\n<meta property=\"article:modified_time\" content=\"2026-03-26T15:44:12+00:00\" \/>\n<meta property=\"og:image\" content=\"https:\/\/www.giessegi.com\/wp-content\/uploads\/2026\/03\/06121_rev1_03f_cmyk-1.jpg\" \/>\n\t<meta property=\"og:image:width\" content=\"1000\" \/>\n\t<meta property=\"og:image:height\" content=\"1000\" \/>\n\t<meta property=\"og:image:type\" content=\"image\/jpeg\" \/>\n<meta name=\"twitter:card\" content=\"summary_large_image\" \/>\n<meta name=\"twitter:label1\" content=\"Tiempo de lectura\" \/>\n\t<meta name=\"twitter:data1\" content=\"1 minuto\" \/>\n<script type=\"application\/ld+json\" class=\"yoast-schema-graph\">{\"@context\":\"https:\/\/schema.org\",\"@graph\":[{\"@type\":\"WebPage\",\"@id\":\"https:\/\/www.giessegi.com\/es\/producto\/elysium-3-4\/\",\"url\":\"https:\/\/www.giessegi.com\/es\/producto\/elysium-3-4\/\",\"name\":\"Elysium 3\/4 | GSG - Giessegi\",\"isPartOf\":{\"@id\":\"https:\/\/www.giessegi.com\/en\/#website\"},\"primaryImageOfPage\":{\"@id\":\"https:\/\/www.giessegi.com\/es\/producto\/elysium-3-4\/#primaryimage\"},\"image\":{\"@id\":\"https:\/\/www.giessegi.com\/es\/producto\/elysium-3-4\/#primaryimage\"},\"thumbnailUrl\":\"https:\/\/www.giessegi.com\/wp-content\/uploads\/2026\/03\/06121_rev1_03f_cmyk-1.jpg\",\"datePublished\":\"2026-03-25T08:18:54+00:00\",\"dateModified\":\"2026-03-26T15:44:12+00:00\",\"breadcrumb\":{\"@id\":\"https:\/\/www.giessegi.com\/es\/producto\/elysium-3-4\/#breadcrumb\"},\"inLanguage\":\"es\",\"potentialAction\":[{\"@type\":\"ReadAction\",\"target\":[\"https:\/\/www.giessegi.com\/es\/producto\/elysium-3-4\/\"]}]},{\"@type\":\"ImageObject\",\"inLanguage\":\"es\",\"@id\":\"https:\/\/www.giessegi.com\/es\/producto\/elysium-3-4\/#primaryimage\",\"url\":\"https:\/\/www.giessegi.com\/wp-content\/uploads\/2026\/03\/06121_rev1_03f_cmyk-1.jpg\",\"contentUrl\":\"https:\/\/www.giessegi.com\/wp-content\/uploads\/2026\/03\/06121_rev1_03f_cmyk-1.jpg\",\"width\":1000,\"height\":1000},{\"@type\":\"BreadcrumbList\",\"@id\":\"https:\/\/www.giessegi.com\/es\/producto\/elysium-3-4\/#breadcrumb\",\"itemListElement\":[{\"@type\":\"ListItem\",\"position\":1,\"name\":\"Home\",\"item\":\"https:\/\/www.giessegi.com\/es\/\"},{\"@type\":\"ListItem\",\"position\":2,\"name\":\"Products\",\"item\":\"https:\/\/www.giessegi.com\/en\/shop\/\"},{\"@type\":\"ListItem\",\"position\":3,\"name\":\"Elysium 3\/4\"}]},{\"@type\":\"WebSite\",\"@id\":\"https:\/\/www.giessegi.com\/en\/#website\",\"url\":\"https:\/\/www.giessegi.com\/en\/\",\"name\":\"Giessegi\",\"description\":\"\",\"publisher\":{\"@id\":\"https:\/\/www.giessegi.com\/en\/#organization\"},\"potentialAction\":[{\"@type\":\"SearchAction\",\"target\":{\"@type\":\"EntryPoint\",\"urlTemplate\":\"https:\/\/www.giessegi.com\/en\/?s={search_term_string}\"},\"query-input\":{\"@type\":\"PropertyValueSpecification\",\"valueRequired\":true,\"valueName\":\"search_term_string\"}}],\"inLanguage\":\"es\"},{\"@type\":\"Organization\",\"@id\":\"https:\/\/www.giessegi.com\/en\/#organization\",\"name\":\"Giessegi\",\"url\":\"https:\/\/www.giessegi.com\/en\/\",\"logo\":{\"@type\":\"ImageObject\",\"inLanguage\":\"es\",\"@id\":\"https:\/\/www.giessegi.com\/en\/#\/schema\/logo\/image\/\",\"url\":\"https:\/\/www.giessegi.com\/wp-content\/uploads\/2022\/09\/giessegi-logo.jpeg\",\"contentUrl\":\"https:\/\/www.giessegi.com\/wp-content\/uploads\/2022\/09\/giessegi-logo.jpeg\",\"width\":175,\"height\":77,\"caption\":\"Giessegi\"},\"image\":{\"@id\":\"https:\/\/www.giessegi.com\/en\/#\/schema\/logo\/image\/\"}}]}<\/script>\n<!-- \/ Yoast SEO plugin. -->","yoast_head_json":{"title":"Elysium 3\/4 | GSG - Giessegi","robots":{"index":"index","follow":"follow","max-snippet":"max-snippet:-1","max-image-preview":"max-image-preview:large","max-video-preview":"max-video-preview:-1"},"canonical":"https:\/\/www.giessegi.com\/es\/producto\/elysium-3-4\/","og_locale":"es_ES","og_type":"article","og_title":"Elysium 3\/4 | GSG - Giessegi","og_description":"Culote ciclismo mujer 3\/4 compresivo con badana Pulsar Woman.","og_url":"https:\/\/www.giessegi.com\/es\/producto\/elysium-3-4\/","og_site_name":"GSG - Giessegi","article_modified_time":"2026-03-26T15:44:12+00:00","og_image":[{"width":1000,"height":1000,"url":"https:\/\/www.giessegi.com\/wp-content\/uploads\/2026\/03\/06121_rev1_03f_cmyk-1.jpg","type":"image\/jpeg"}],"twitter_card":"summary_large_image","twitter_misc":{"Tiempo de lectura":"1 minuto"},"schema":{"@context":"https:\/\/schema.org","@graph":[{"@type":"WebPage","@id":"https:\/\/www.giessegi.com\/es\/producto\/elysium-3-4\/","url":"https:\/\/www.giessegi.com\/es\/producto\/elysium-3-4\/","name":"Elysium 3\/4 | GSG - Giessegi","isPartOf":{"@id":"https:\/\/www.giessegi.com\/en\/#website"},"primaryImageOfPage":{"@id":"https:\/\/www.giessegi.com\/es\/producto\/elysium-3-4\/#primaryimage"},"image":{"@id":"https:\/\/www.giessegi.com\/es\/producto\/elysium-3-4\/#primaryimage"},"thumbnailUrl":"https:\/\/www.giessegi.com\/wp-content\/uploads\/2026\/03\/06121_rev1_03f_cmyk-1.jpg","datePublished":"2026-03-25T08:18:54+00:00","dateModified":"2026-03-26T15:44:12+00:00","breadcrumb":{"@id":"https:\/\/www.giessegi.com\/es\/producto\/elysium-3-4\/#breadcrumb"},"inLanguage":"es","potentialAction":[{"@type":"ReadAction","target":["https:\/\/www.giessegi.com\/es\/producto\/elysium-3-4\/"]}]},{"@type":"ImageObject","inLanguage":"es","@id":"https:\/\/www.giessegi.com\/es\/producto\/elysium-3-4\/#primaryimage","url":"https:\/\/www.giessegi.com\/wp-content\/uploads\/2026\/03\/06121_rev1_03f_cmyk-1.jpg","contentUrl":"https:\/\/www.giessegi.com\/wp-content\/uploads\/2026\/03\/06121_rev1_03f_cmyk-1.jpg","width":1000,"height":1000},{"@type":"BreadcrumbList","@id":"https:\/\/www.giessegi.com\/es\/producto\/elysium-3-4\/#breadcrumb","itemListElement":[{"@type":"ListItem","position":1,"name":"Home","item":"https:\/\/www.giessegi.com\/es\/"},{"@type":"ListItem","position":2,"name":"Products","item":"https:\/\/www.giessegi.com\/en\/shop\/"},{"@type":"ListItem","position":3,"name":"Elysium 3\/4"}]},{"@type":"WebSite","@id":"https:\/\/www.giessegi.com\/en\/#website","url":"https:\/\/www.giessegi.com\/en\/","name":"Giessegi","description":"","publisher":{"@id":"https:\/\/www.giessegi.com\/en\/#organization"},"potentialAction":[{"@type":"SearchAction","target":{"@type":"EntryPoint","urlTemplate":"https:\/\/www.giessegi.com\/en\/?s={search_term_string}"},"query-input":{"@type":"PropertyValueSpecification","valueRequired":true,"valueName":"search_term_string"}}],"inLanguage":"es"},{"@type":"Organization","@id":"https:\/\/www.giessegi.com\/en\/#organization","name":"Giessegi","url":"https:\/\/www.giessegi.com\/en\/","logo":{"@type":"ImageObject","inLanguage":"es","@id":"https:\/\/www.giessegi.com\/en\/#\/schema\/logo\/image\/","url":"https:\/\/www.giessegi.com\/wp-content\/uploads\/2022\/09\/giessegi-logo.jpeg","contentUrl":"https:\/\/www.giessegi.com\/wp-content\/uploads\/2022\/09\/giessegi-logo.jpeg","width":175,"height":77,"caption":"Giessegi"},"image":{"@id":"https:\/\/www.giessegi.com\/en\/#\/schema\/logo\/image\/"}}]}},"_links":{"self":[{"href":"https:\/\/www.giessegi.com\/es\/wp-json\/wp\/v2\/product\/81610","targetHints":{"allow":["GET"]}}],"collection":[{"href":"https:\/\/www.giessegi.com\/es\/wp-json\/wp\/v2\/product"}],"about":[{"href":"https:\/\/www.giessegi.com\/es\/wp-json\/wp\/v2\/types\/product"}],"wp:featuredmedia":[{"embeddable":true,"href":"https:\/\/www.giessegi.com\/es\/wp-json\/wp\/v2\/media\/81646"}],"wp:attachment":[{"href":"https:\/\/www.giessegi.com\/es\/wp-json\/wp\/v2\/media?parent=81610"}],"wp:term":[{"taxonomy":"product_brand","embeddable":true,"href":"https:\/\/www.giessegi.com\/es\/wp-json\/wp\/v2\/product_brand?post=81610"},{"taxonomy":"product_cat","embeddable":true,"href":"https:\/\/www.giessegi.com\/es\/wp-json\/wp\/v2\/product_cat?post=81610"},{"taxonomy":"product_tag","embeddable":true,"href":"https:\/\/www.giessegi.com\/es\/wp-json\/wp\/v2\/product_tag?post=81610"},{"taxonomy":"collezione","embeddable":true,"href":"https:\/\/www.giessegi.com\/es\/wp-json\/wp\/v2\/collezione?post=81610"}],"curies":[{"name":"wp","href":"https:\/\/api.w.org\/{rel}","templated":true}]}}