{"id":80906,"date":"2026-03-21T18:53:36","date_gmt":"2026-03-21T17:53:36","guid":{"rendered":"https:\/\/www.giessegi.com\/?post_type=product&#038;p=80906"},"modified":"2026-03-26T16:17:46","modified_gmt":"2026-03-26T15:17:46","slug":"sleek-sport","status":"publish","type":"product","link":"https:\/\/www.giessegi.com\/es\/producto\/sleek-sport\/","title":{"rendered":"SLEEK SPORT"},"content":{"rendered":"<p class=\"p1\">El culotte de ciclismo SLEEK SPORT est\u00e1 dise\u00f1ado para ofrecer el equilibrio ideal entre comodidad, rendimiento y versatilidad. Su dise\u00f1o con una sola costura reduce la fricci\u00f3n y mejora la eficiencia aerodin\u00e1mica durante la pedalada. El tejido el\u00e1stico compresivo proporciona un soporte muscular eficaz, favoreciendo la circulaci\u00f3n y mejorando la resistencia. El acabado de pierna con corte vivo y silicona integrada garantiza una sujeci\u00f3n estable sin molestias.<\/p>\n<p class=\"p1\">La badana ARIA GREEN, desarrollada a partir del feedback de ciclistas y atletas, destaca por tres aspectos clave: adaptabilidad al movimiento, protecci\u00f3n eficaz y alta transpirabilidad, asegurando confort incluso en recorridos largos.<\/p>\n","protected":false},"excerpt":{"rendered":"<p class=\"p1\">Culotte aerodin\u00e1mico con tejido compresivo y badana Aria Green<\/p>\n","protected":false},"featured_media":80916,"template":"","meta":[],"product_brand":[],"product_cat":[766,773,718],"product_tag":[],"collezione":[],"class_list":{"0":"post-80906","1":"product","2":"type-product","3":"status-publish","4":"has-post-thumbnail","6":"product_cat-hombre","7":"product_cat-pantalones-hombre","8":"product_cat-culottes-hombre","9":"pa_colore-negro-es","10":"pa_taglia-3xl-es","11":"pa_taglia-l-es","12":"pa_taglia-m-es","13":"pa_taglia-s-es","14":"pa_taglia-xl-es","15":"pa_taglia-xs-es","16":"pa_taglia-xxl-es","19":"first","20":"instock","21":"sale","22":"shipping-taxable","23":"purchasable","24":"product-type-variable"},"yoast_head":"<!-- This site is optimized with the Yoast SEO plugin v25.7 - https:\/\/yoast.com\/wordpress\/plugins\/seo\/ -->\n<title>SLEEK SPORT | GSG - Giessegi<\/title>\n<meta name=\"robots\" content=\"index, follow, max-snippet:-1, max-image-preview:large, max-video-preview:-1\" \/>\n<link rel=\"canonical\" href=\"https:\/\/www.giessegi.com\/es\/producto\/sleek-sport\/\" \/>\n<meta property=\"og:locale\" content=\"es_ES\" \/>\n<meta property=\"og:type\" content=\"article\" \/>\n<meta property=\"og:title\" content=\"SLEEK SPORT | GSG - Giessegi\" \/>\n<meta property=\"og:description\" content=\"Culotte aerodin\u00e1mico con tejido compresivo y badana Aria Green\" \/>\n<meta property=\"og:url\" content=\"https:\/\/www.giessegi.com\/es\/producto\/sleek-sport\/\" \/>\n<meta property=\"og:site_name\" content=\"GSG - Giessegi\" \/>\n<meta property=\"article:modified_time\" content=\"2026-03-26T15:17:46+00:00\" \/>\n<meta property=\"og:image\" content=\"https:\/\/www.giessegi.com\/wp-content\/uploads\/2026\/03\/05607_rev2_Logo-Grigio-Scuro_03f_cmyk.jpg\" \/>\n\t<meta property=\"og:image:width\" content=\"1000\" \/>\n\t<meta property=\"og:image:height\" content=\"1000\" \/>\n\t<meta property=\"og:image:type\" content=\"image\/jpeg\" \/>\n<meta name=\"twitter:card\" content=\"summary_large_image\" \/>\n<meta name=\"twitter:label1\" content=\"Tiempo de lectura\" \/>\n\t<meta name=\"twitter:data1\" content=\"1 minuto\" \/>\n<script type=\"application\/ld+json\" class=\"yoast-schema-graph\">{\"@context\":\"https:\/\/schema.org\",\"@graph\":[{\"@type\":\"WebPage\",\"@id\":\"https:\/\/www.giessegi.com\/es\/producto\/sleek-sport\/\",\"url\":\"https:\/\/www.giessegi.com\/es\/producto\/sleek-sport\/\",\"name\":\"SLEEK SPORT | GSG - Giessegi\",\"isPartOf\":{\"@id\":\"https:\/\/www.giessegi.com\/en\/#website\"},\"primaryImageOfPage\":{\"@id\":\"https:\/\/www.giessegi.com\/es\/producto\/sleek-sport\/#primaryimage\"},\"image\":{\"@id\":\"https:\/\/www.giessegi.com\/es\/producto\/sleek-sport\/#primaryimage\"},\"thumbnailUrl\":\"https:\/\/www.giessegi.com\/wp-content\/uploads\/2026\/03\/05607_rev2_Logo-Grigio-Scuro_03f_cmyk.jpg\",\"datePublished\":\"2026-03-21T17:53:36+00:00\",\"dateModified\":\"2026-03-26T15:17:46+00:00\",\"breadcrumb\":{\"@id\":\"https:\/\/www.giessegi.com\/es\/producto\/sleek-sport\/#breadcrumb\"},\"inLanguage\":\"es\",\"potentialAction\":[{\"@type\":\"ReadAction\",\"target\":[\"https:\/\/www.giessegi.com\/es\/producto\/sleek-sport\/\"]}]},{\"@type\":\"ImageObject\",\"inLanguage\":\"es\",\"@id\":\"https:\/\/www.giessegi.com\/es\/producto\/sleek-sport\/#primaryimage\",\"url\":\"https:\/\/www.giessegi.com\/wp-content\/uploads\/2026\/03\/05607_rev2_Logo-Grigio-Scuro_03f_cmyk.jpg\",\"contentUrl\":\"https:\/\/www.giessegi.com\/wp-content\/uploads\/2026\/03\/05607_rev2_Logo-Grigio-Scuro_03f_cmyk.jpg\",\"width\":1000,\"height\":1000},{\"@type\":\"BreadcrumbList\",\"@id\":\"https:\/\/www.giessegi.com\/es\/producto\/sleek-sport\/#breadcrumb\",\"itemListElement\":[{\"@type\":\"ListItem\",\"position\":1,\"name\":\"Home\",\"item\":\"https:\/\/www.giessegi.com\/es\/\"},{\"@type\":\"ListItem\",\"position\":2,\"name\":\"Products\",\"item\":\"https:\/\/www.giessegi.com\/en\/shop\/\"},{\"@type\":\"ListItem\",\"position\":3,\"name\":\"SLEEK SPORT\"}]},{\"@type\":\"WebSite\",\"@id\":\"https:\/\/www.giessegi.com\/en\/#website\",\"url\":\"https:\/\/www.giessegi.com\/en\/\",\"name\":\"Giessegi\",\"description\":\"\",\"publisher\":{\"@id\":\"https:\/\/www.giessegi.com\/en\/#organization\"},\"potentialAction\":[{\"@type\":\"SearchAction\",\"target\":{\"@type\":\"EntryPoint\",\"urlTemplate\":\"https:\/\/www.giessegi.com\/en\/?s={search_term_string}\"},\"query-input\":{\"@type\":\"PropertyValueSpecification\",\"valueRequired\":true,\"valueName\":\"search_term_string\"}}],\"inLanguage\":\"es\"},{\"@type\":\"Organization\",\"@id\":\"https:\/\/www.giessegi.com\/en\/#organization\",\"name\":\"Giessegi\",\"url\":\"https:\/\/www.giessegi.com\/en\/\",\"logo\":{\"@type\":\"ImageObject\",\"inLanguage\":\"es\",\"@id\":\"https:\/\/www.giessegi.com\/en\/#\/schema\/logo\/image\/\",\"url\":\"https:\/\/www.giessegi.com\/wp-content\/uploads\/2022\/09\/giessegi-logo.jpeg\",\"contentUrl\":\"https:\/\/www.giessegi.com\/wp-content\/uploads\/2022\/09\/giessegi-logo.jpeg\",\"width\":175,\"height\":77,\"caption\":\"Giessegi\"},\"image\":{\"@id\":\"https:\/\/www.giessegi.com\/en\/#\/schema\/logo\/image\/\"}}]}<\/script>\n<!-- \/ Yoast SEO plugin. -->","yoast_head_json":{"title":"SLEEK SPORT | GSG - Giessegi","robots":{"index":"index","follow":"follow","max-snippet":"max-snippet:-1","max-image-preview":"max-image-preview:large","max-video-preview":"max-video-preview:-1"},"canonical":"https:\/\/www.giessegi.com\/es\/producto\/sleek-sport\/","og_locale":"es_ES","og_type":"article","og_title":"SLEEK SPORT | GSG - Giessegi","og_description":"Culotte aerodin\u00e1mico con tejido compresivo y badana Aria Green","og_url":"https:\/\/www.giessegi.com\/es\/producto\/sleek-sport\/","og_site_name":"GSG - Giessegi","article_modified_time":"2026-03-26T15:17:46+00:00","og_image":[{"width":1000,"height":1000,"url":"https:\/\/www.giessegi.com\/wp-content\/uploads\/2026\/03\/05607_rev2_Logo-Grigio-Scuro_03f_cmyk.jpg","type":"image\/jpeg"}],"twitter_card":"summary_large_image","twitter_misc":{"Tiempo de lectura":"1 minuto"},"schema":{"@context":"https:\/\/schema.org","@graph":[{"@type":"WebPage","@id":"https:\/\/www.giessegi.com\/es\/producto\/sleek-sport\/","url":"https:\/\/www.giessegi.com\/es\/producto\/sleek-sport\/","name":"SLEEK SPORT | GSG - Giessegi","isPartOf":{"@id":"https:\/\/www.giessegi.com\/en\/#website"},"primaryImageOfPage":{"@id":"https:\/\/www.giessegi.com\/es\/producto\/sleek-sport\/#primaryimage"},"image":{"@id":"https:\/\/www.giessegi.com\/es\/producto\/sleek-sport\/#primaryimage"},"thumbnailUrl":"https:\/\/www.giessegi.com\/wp-content\/uploads\/2026\/03\/05607_rev2_Logo-Grigio-Scuro_03f_cmyk.jpg","datePublished":"2026-03-21T17:53:36+00:00","dateModified":"2026-03-26T15:17:46+00:00","breadcrumb":{"@id":"https:\/\/www.giessegi.com\/es\/producto\/sleek-sport\/#breadcrumb"},"inLanguage":"es","potentialAction":[{"@type":"ReadAction","target":["https:\/\/www.giessegi.com\/es\/producto\/sleek-sport\/"]}]},{"@type":"ImageObject","inLanguage":"es","@id":"https:\/\/www.giessegi.com\/es\/producto\/sleek-sport\/#primaryimage","url":"https:\/\/www.giessegi.com\/wp-content\/uploads\/2026\/03\/05607_rev2_Logo-Grigio-Scuro_03f_cmyk.jpg","contentUrl":"https:\/\/www.giessegi.com\/wp-content\/uploads\/2026\/03\/05607_rev2_Logo-Grigio-Scuro_03f_cmyk.jpg","width":1000,"height":1000},{"@type":"BreadcrumbList","@id":"https:\/\/www.giessegi.com\/es\/producto\/sleek-sport\/#breadcrumb","itemListElement":[{"@type":"ListItem","position":1,"name":"Home","item":"https:\/\/www.giessegi.com\/es\/"},{"@type":"ListItem","position":2,"name":"Products","item":"https:\/\/www.giessegi.com\/en\/shop\/"},{"@type":"ListItem","position":3,"name":"SLEEK SPORT"}]},{"@type":"WebSite","@id":"https:\/\/www.giessegi.com\/en\/#website","url":"https:\/\/www.giessegi.com\/en\/","name":"Giessegi","description":"","publisher":{"@id":"https:\/\/www.giessegi.com\/en\/#organization"},"potentialAction":[{"@type":"SearchAction","target":{"@type":"EntryPoint","urlTemplate":"https:\/\/www.giessegi.com\/en\/?s={search_term_string}"},"query-input":{"@type":"PropertyValueSpecification","valueRequired":true,"valueName":"search_term_string"}}],"inLanguage":"es"},{"@type":"Organization","@id":"https:\/\/www.giessegi.com\/en\/#organization","name":"Giessegi","url":"https:\/\/www.giessegi.com\/en\/","logo":{"@type":"ImageObject","inLanguage":"es","@id":"https:\/\/www.giessegi.com\/en\/#\/schema\/logo\/image\/","url":"https:\/\/www.giessegi.com\/wp-content\/uploads\/2022\/09\/giessegi-logo.jpeg","contentUrl":"https:\/\/www.giessegi.com\/wp-content\/uploads\/2022\/09\/giessegi-logo.jpeg","width":175,"height":77,"caption":"Giessegi"},"image":{"@id":"https:\/\/www.giessegi.com\/en\/#\/schema\/logo\/image\/"}}]}},"_links":{"self":[{"href":"https:\/\/www.giessegi.com\/es\/wp-json\/wp\/v2\/product\/80906","targetHints":{"allow":["GET"]}}],"collection":[{"href":"https:\/\/www.giessegi.com\/es\/wp-json\/wp\/v2\/product"}],"about":[{"href":"https:\/\/www.giessegi.com\/es\/wp-json\/wp\/v2\/types\/product"}],"wp:featuredmedia":[{"embeddable":true,"href":"https:\/\/www.giessegi.com\/es\/wp-json\/wp\/v2\/media\/80916"}],"wp:attachment":[{"href":"https:\/\/www.giessegi.com\/es\/wp-json\/wp\/v2\/media?parent=80906"}],"wp:term":[{"taxonomy":"product_brand","embeddable":true,"href":"https:\/\/www.giessegi.com\/es\/wp-json\/wp\/v2\/product_brand?post=80906"},{"taxonomy":"product_cat","embeddable":true,"href":"https:\/\/www.giessegi.com\/es\/wp-json\/wp\/v2\/product_cat?post=80906"},{"taxonomy":"product_tag","embeddable":true,"href":"https:\/\/www.giessegi.com\/es\/wp-json\/wp\/v2\/product_tag?post=80906"},{"taxonomy":"collezione","embeddable":true,"href":"https:\/\/www.giessegi.com\/es\/wp-json\/wp\/v2\/collezione?post=80906"}],"curies":[{"name":"wp","href":"https:\/\/api.w.org\/{rel}","templated":true}]}}