{"id":76620,"date":"2025-11-16T14:30:56","date_gmt":"2025-11-16T13:30:56","guid":{"rendered":"https:\/\/www.giessegi.com\/?post_type=product&#038;p=76620"},"modified":"2025-11-16T14:48:01","modified_gmt":"2025-11-16T13:48:01","slug":"sprint","status":"publish","type":"product","link":"https:\/\/www.giessegi.com\/es\/producto\/sprint\/","title":{"rendered":"SPRINT"},"content":{"rendered":"<p class=\"p1\">El <span class=\"s1\"><b>maillot<\/b><\/span> de ciclismo Sprint de manga corta est\u00e1 dise\u00f1ado para ofrecer comodidad, aerodin\u00e1mica y alto rendimiento en cada salida. Confeccionado con tejido liso de <span class=\"s1\"><b>poli\u00e9ster<\/b><\/span> en la parte delantera y trasera, garantiza un ajuste c\u00f3modo, una excelente gesti\u00f3n de la humedad y un secado r\u00e1pido. Los paneles laterales de <span class=\"s1\"><b>malla transpirable<\/b><\/span> mejoran la circulaci\u00f3n del aire, manteniendo el cuerpo fresco incluso en los d\u00edas m\u00e1s calurosos.<\/p>\n<p class=\"p1\">El <span class=\"s1\"><b>cuello bajo<\/b><\/span> y la <span class=\"s1\"><b>cremallera completa<\/b><\/span> permiten una gran libertad de movimiento y una ventilaci\u00f3n ajustable seg\u00fan la intensidad del esfuerzo. Las <span class=\"s1\"><b>mangas con corte l\u00e1ser<\/b><\/span>, sin el\u00e1stico, ofrecen una sensaci\u00f3n ligera y un ajuste perfecto sin restricciones.<\/p>\n<p class=\"p1\">En la parte trasera, los <span class=\"s1\"><b>tres bolsillos abiertos<\/b><\/span> proporcionan espacio suficiente para llevar lo necesario durante la ruta, mientras que el <span class=\"s1\"><b>borde de silicona<\/b><\/span> en la cintura mantiene el maillot en su sitio sin que se suba.<\/p>\n<p class=\"p1\">El maillot Sprint es adem\u00e1s <span class=\"s1\"><b>totalmente personalizable en su dise\u00f1o<\/b><\/span>, permitiendo crear una gr\u00e1fica \u00fanica y a medida para equipos, eventos o uso personal.<\/p>\n<p class=\"p1\">Una opci\u00f3n ideal para ciclistas que buscan un maillot ligero, funcional y cuidado en los detalles, perfecto para entrenamientos y rutas largas de verano.<\/p>\n","protected":false},"excerpt":{"rendered":"<p class=\"p1\"><span class=\"s1\"><b>Maillot<\/b><\/span> de ciclismo Sprint de manga corta, <span class=\"s1\"><b>totalmente personalizable en su dise\u00f1o<\/b><\/span>. Tejido liso de poli\u00e9ster, paneles laterales de malla transpirable, cremallera completa y cuello bajo. Mangas con corte l\u00e1ser sin el\u00e1stico, tres bolsillos traseros y borde de silicona en la cintura. Ligero, transpirable e ideal para rutas de verano.<\/p>\n","protected":false},"featured_media":76625,"template":"","meta":[],"product_brand":[],"product_cat":[616,618,604],"product_tag":[],"collezione":[],"class_list":{"0":"post-76620","1":"product","2":"type-product","3":"status-publish","4":"has-post-thumbnail","6":"product_cat-classic-es","7":"product_cat-maillots-classic","8":"product_cat-personalizado","11":"first","12":"instock","13":"shipping-taxable","14":"product-type-simple"},"yoast_head":"<!-- This site is optimized with the Yoast SEO plugin v27.3 - https:\/\/yoast.com\/product\/yoast-seo-wordpress\/ -->\n<title>SPRINT | GSG - Giessegi<\/title>\n<meta name=\"robots\" content=\"index, follow, max-snippet:-1, max-image-preview:large, max-video-preview:-1\" \/>\n<link rel=\"canonical\" href=\"https:\/\/www.giessegi.com\/es\/producto\/sprint\/\" \/>\n<meta property=\"og:locale\" content=\"es_ES\" \/>\n<meta property=\"og:type\" content=\"article\" \/>\n<meta property=\"og:title\" content=\"SPRINT | GSG - Giessegi\" \/>\n<meta property=\"og:description\" content=\"Maillot de ciclismo Sprint de manga corta, totalmente personalizable en su dise\u00f1o. Tejido liso de poli\u00e9ster, paneles laterales de malla transpirable, cremallera completa y cuello bajo. Mangas con corte l\u00e1ser sin el\u00e1stico, tres bolsillos traseros y borde de silicona en la cintura. Ligero, transpirable e ideal para rutas de verano.\" \/>\n<meta property=\"og:url\" content=\"https:\/\/www.giessegi.com\/es\/producto\/sprint\/\" \/>\n<meta property=\"og:site_name\" content=\"GSG - Giessegi\" \/>\n<meta property=\"article:modified_time\" content=\"2025-11-16T13:48:01+00:00\" \/>\n<meta property=\"og:image\" content=\"https:\/\/www.giessegi.com\/wp-content\/uploads\/2025\/11\/03594-fronte.jpg\" \/>\n\t<meta property=\"og:image:width\" content=\"1000\" \/>\n\t<meta property=\"og:image:height\" content=\"1028\" \/>\n\t<meta property=\"og:image:type\" content=\"image\/jpeg\" \/>\n<meta name=\"twitter:card\" content=\"summary_large_image\" \/>\n<meta name=\"twitter:label1\" content=\"Tiempo de lectura\" \/>\n\t<meta name=\"twitter:data1\" content=\"2 minutos\" \/>\n<script type=\"application\/ld+json\" class=\"yoast-schema-graph\">{\"@context\":\"https:\\\/\\\/schema.org\",\"@graph\":[{\"@type\":\"WebPage\",\"@id\":\"https:\\\/\\\/www.giessegi.com\\\/es\\\/producto\\\/sprint\\\/\",\"url\":\"https:\\\/\\\/www.giessegi.com\\\/es\\\/producto\\\/sprint\\\/\",\"name\":\"SPRINT | GSG - Giessegi\",\"isPartOf\":{\"@id\":\"https:\\\/\\\/www.giessegi.com\\\/en\\\/#website\"},\"primaryImageOfPage\":{\"@id\":\"https:\\\/\\\/www.giessegi.com\\\/es\\\/producto\\\/sprint\\\/#primaryimage\"},\"image\":{\"@id\":\"https:\\\/\\\/www.giessegi.com\\\/es\\\/producto\\\/sprint\\\/#primaryimage\"},\"thumbnailUrl\":\"https:\\\/\\\/www.giessegi.com\\\/wp-content\\\/uploads\\\/2025\\\/11\\\/03594-fronte.jpg\",\"datePublished\":\"2025-11-16T13:30:56+00:00\",\"dateModified\":\"2025-11-16T13:48:01+00:00\",\"breadcrumb\":{\"@id\":\"https:\\\/\\\/www.giessegi.com\\\/es\\\/producto\\\/sprint\\\/#breadcrumb\"},\"inLanguage\":\"es\",\"potentialAction\":[{\"@type\":\"ReadAction\",\"target\":[\"https:\\\/\\\/www.giessegi.com\\\/es\\\/producto\\\/sprint\\\/\"]}]},{\"@type\":\"ImageObject\",\"inLanguage\":\"es\",\"@id\":\"https:\\\/\\\/www.giessegi.com\\\/es\\\/producto\\\/sprint\\\/#primaryimage\",\"url\":\"https:\\\/\\\/www.giessegi.com\\\/wp-content\\\/uploads\\\/2025\\\/11\\\/03594-fronte.jpg\",\"contentUrl\":\"https:\\\/\\\/www.giessegi.com\\\/wp-content\\\/uploads\\\/2025\\\/11\\\/03594-fronte.jpg\",\"width\":1000,\"height\":1028,\"caption\":\"Screenshot\"},{\"@type\":\"BreadcrumbList\",\"@id\":\"https:\\\/\\\/www.giessegi.com\\\/es\\\/producto\\\/sprint\\\/#breadcrumb\",\"itemListElement\":[{\"@type\":\"ListItem\",\"position\":1,\"name\":\"Home\",\"item\":\"https:\\\/\\\/www.giessegi.com\\\/\"},{\"@type\":\"ListItem\",\"position\":2,\"name\":\"Products\",\"item\":\"https:\\\/\\\/www.giessegi.com\\\/en\\\/shop\\\/\"},{\"@type\":\"ListItem\",\"position\":3,\"name\":\"SPRINT\"}]},{\"@type\":\"WebSite\",\"@id\":\"https:\\\/\\\/www.giessegi.com\\\/en\\\/#website\",\"url\":\"https:\\\/\\\/www.giessegi.com\\\/en\\\/\",\"name\":\"Giessegi\",\"description\":\"\",\"publisher\":{\"@id\":\"https:\\\/\\\/www.giessegi.com\\\/en\\\/#organization\"},\"potentialAction\":[{\"@type\":\"SearchAction\",\"target\":{\"@type\":\"EntryPoint\",\"urlTemplate\":\"https:\\\/\\\/www.giessegi.com\\\/en\\\/?s={search_term_string}\"},\"query-input\":{\"@type\":\"PropertyValueSpecification\",\"valueRequired\":true,\"valueName\":\"search_term_string\"}}],\"inLanguage\":\"es\"},{\"@type\":\"Organization\",\"@id\":\"https:\\\/\\\/www.giessegi.com\\\/en\\\/#organization\",\"name\":\"Giessegi\",\"url\":\"https:\\\/\\\/www.giessegi.com\\\/en\\\/\",\"logo\":{\"@type\":\"ImageObject\",\"inLanguage\":\"es\",\"@id\":\"https:\\\/\\\/www.giessegi.com\\\/en\\\/#\\\/schema\\\/logo\\\/image\\\/\",\"url\":\"https:\\\/\\\/www.giessegi.com\\\/wp-content\\\/uploads\\\/2022\\\/09\\\/giessegi-logo.jpeg\",\"contentUrl\":\"https:\\\/\\\/www.giessegi.com\\\/wp-content\\\/uploads\\\/2022\\\/09\\\/giessegi-logo.jpeg\",\"width\":175,\"height\":77,\"caption\":\"Giessegi\"},\"image\":{\"@id\":\"https:\\\/\\\/www.giessegi.com\\\/en\\\/#\\\/schema\\\/logo\\\/image\\\/\"}}]}<\/script>\n<!-- \/ Yoast SEO plugin. -->","yoast_head_json":{"title":"SPRINT | GSG - Giessegi","robots":{"index":"index","follow":"follow","max-snippet":"max-snippet:-1","max-image-preview":"max-image-preview:large","max-video-preview":"max-video-preview:-1"},"canonical":"https:\/\/www.giessegi.com\/es\/producto\/sprint\/","og_locale":"es_ES","og_type":"article","og_title":"SPRINT | GSG - Giessegi","og_description":"Maillot de ciclismo Sprint de manga corta, totalmente personalizable en su dise\u00f1o. Tejido liso de poli\u00e9ster, paneles laterales de malla transpirable, cremallera completa y cuello bajo. Mangas con corte l\u00e1ser sin el\u00e1stico, tres bolsillos traseros y borde de silicona en la cintura. Ligero, transpirable e ideal para rutas de verano.","og_url":"https:\/\/www.giessegi.com\/es\/producto\/sprint\/","og_site_name":"GSG - Giessegi","article_modified_time":"2025-11-16T13:48:01+00:00","og_image":[{"width":1000,"height":1028,"url":"https:\/\/www.giessegi.com\/wp-content\/uploads\/2025\/11\/03594-fronte.jpg","type":"image\/jpeg"}],"twitter_card":"summary_large_image","twitter_misc":{"Tiempo de lectura":"2 minutos"},"schema":{"@context":"https:\/\/schema.org","@graph":[{"@type":"WebPage","@id":"https:\/\/www.giessegi.com\/es\/producto\/sprint\/","url":"https:\/\/www.giessegi.com\/es\/producto\/sprint\/","name":"SPRINT | GSG - Giessegi","isPartOf":{"@id":"https:\/\/www.giessegi.com\/en\/#website"},"primaryImageOfPage":{"@id":"https:\/\/www.giessegi.com\/es\/producto\/sprint\/#primaryimage"},"image":{"@id":"https:\/\/www.giessegi.com\/es\/producto\/sprint\/#primaryimage"},"thumbnailUrl":"https:\/\/www.giessegi.com\/wp-content\/uploads\/2025\/11\/03594-fronte.jpg","datePublished":"2025-11-16T13:30:56+00:00","dateModified":"2025-11-16T13:48:01+00:00","breadcrumb":{"@id":"https:\/\/www.giessegi.com\/es\/producto\/sprint\/#breadcrumb"},"inLanguage":"es","potentialAction":[{"@type":"ReadAction","target":["https:\/\/www.giessegi.com\/es\/producto\/sprint\/"]}]},{"@type":"ImageObject","inLanguage":"es","@id":"https:\/\/www.giessegi.com\/es\/producto\/sprint\/#primaryimage","url":"https:\/\/www.giessegi.com\/wp-content\/uploads\/2025\/11\/03594-fronte.jpg","contentUrl":"https:\/\/www.giessegi.com\/wp-content\/uploads\/2025\/11\/03594-fronte.jpg","width":1000,"height":1028,"caption":"Screenshot"},{"@type":"BreadcrumbList","@id":"https:\/\/www.giessegi.com\/es\/producto\/sprint\/#breadcrumb","itemListElement":[{"@type":"ListItem","position":1,"name":"Home","item":"https:\/\/www.giessegi.com\/"},{"@type":"ListItem","position":2,"name":"Products","item":"https:\/\/www.giessegi.com\/en\/shop\/"},{"@type":"ListItem","position":3,"name":"SPRINT"}]},{"@type":"WebSite","@id":"https:\/\/www.giessegi.com\/en\/#website","url":"https:\/\/www.giessegi.com\/en\/","name":"Giessegi","description":"","publisher":{"@id":"https:\/\/www.giessegi.com\/en\/#organization"},"potentialAction":[{"@type":"SearchAction","target":{"@type":"EntryPoint","urlTemplate":"https:\/\/www.giessegi.com\/en\/?s={search_term_string}"},"query-input":{"@type":"PropertyValueSpecification","valueRequired":true,"valueName":"search_term_string"}}],"inLanguage":"es"},{"@type":"Organization","@id":"https:\/\/www.giessegi.com\/en\/#organization","name":"Giessegi","url":"https:\/\/www.giessegi.com\/en\/","logo":{"@type":"ImageObject","inLanguage":"es","@id":"https:\/\/www.giessegi.com\/en\/#\/schema\/logo\/image\/","url":"https:\/\/www.giessegi.com\/wp-content\/uploads\/2022\/09\/giessegi-logo.jpeg","contentUrl":"https:\/\/www.giessegi.com\/wp-content\/uploads\/2022\/09\/giessegi-logo.jpeg","width":175,"height":77,"caption":"Giessegi"},"image":{"@id":"https:\/\/www.giessegi.com\/en\/#\/schema\/logo\/image\/"}}]}},"_links":{"self":[{"href":"https:\/\/www.giessegi.com\/es\/wp-json\/wp\/v2\/product\/76620","targetHints":{"allow":["GET"]}}],"collection":[{"href":"https:\/\/www.giessegi.com\/es\/wp-json\/wp\/v2\/product"}],"about":[{"href":"https:\/\/www.giessegi.com\/es\/wp-json\/wp\/v2\/types\/product"}],"wp:featuredmedia":[{"embeddable":true,"href":"https:\/\/www.giessegi.com\/es\/wp-json\/wp\/v2\/media\/76625"}],"wp:attachment":[{"href":"https:\/\/www.giessegi.com\/es\/wp-json\/wp\/v2\/media?parent=76620"}],"wp:term":[{"taxonomy":"product_brand","embeddable":true,"href":"https:\/\/www.giessegi.com\/es\/wp-json\/wp\/v2\/product_brand?post=76620"},{"taxonomy":"product_cat","embeddable":true,"href":"https:\/\/www.giessegi.com\/es\/wp-json\/wp\/v2\/product_cat?post=76620"},{"taxonomy":"product_tag","embeddable":true,"href":"https:\/\/www.giessegi.com\/es\/wp-json\/wp\/v2\/product_tag?post=76620"},{"taxonomy":"collezione","embeddable":true,"href":"https:\/\/www.giessegi.com\/es\/wp-json\/wp\/v2\/collezione?post=76620"}],"curies":[{"name":"wp","href":"https:\/\/api.w.org\/{rel}","templated":true}]}}