{"id":76495,"date":"2025-11-06T21:43:06","date_gmt":"2025-11-06T20:43:06","guid":{"rendered":"https:\/\/www.giessegi.com\/?post_type=product&#038;p=76495"},"modified":"2025-11-06T22:24:02","modified_gmt":"2025-11-06T21:24:02","slug":"libeccio-chaqueta-cortaviento","status":"publish","type":"product","link":"https:\/\/www.giessegi.com\/es\/producto\/libeccio-chaqueta-cortaviento\/","title":{"rendered":"LIBECCIO CHAQUETA CORTAVIENTO"},"content":{"rendered":"<p class=\"p1\">La chaqueta de ciclismo <span class=\"s1\"><b>Libeccio<\/b><\/span> est\u00e1 dise\u00f1ada para ofrecer la m\u00e1xima protecci\u00f3n y comodidad en cualquier condici\u00f3n clim\u00e1tica. Fabricada con <span class=\"s1\"><b>tejido WINDOFF LIGHT<\/b><\/span>, es <span class=\"s1\"><b>ligera<\/b><\/span>, <span class=\"s1\"><b>cortaviento<\/b><\/span>, <span class=\"s1\"><b>impermeable<\/b><\/span> y <span class=\"s1\"><b>hidr\u00f3fuga<\/b><\/span>. La <span class=\"s1\"><b>cremallera completa oculta con doble cursor<\/b><\/span> y la <span class=\"s1\"><b>solapa interior cortaviento<\/b><\/span> garantizan un cierre perfecto. Los <span class=\"s1\"><b>pu\u00f1os el\u00e1sticos<\/b><\/span> proporcionan un ajuste c\u00f3modo, y el <span class=\"s1\"><b>bajo con el\u00e1stico reflectante de silicona<\/b><\/span> mejora la sujeci\u00f3n y la visibilidad en condiciones de poca luz. Disponible en tallas <span class=\"s1\"><b>XXS\u20135XL<\/b><\/span>.<\/p>\n","protected":false},"excerpt":{"rendered":"<p class=\"p1\"><span class=\"s1\">Chaqueta de ciclismo ligera y <\/span><b>cortaviento<\/b><span class=\"s1\"> en <\/span><b>tejido WINDOFF LIGHT<\/b><span class=\"s1\">, con <\/span><b>cremallera doble<\/b><span class=\"s1\"> y <\/span><b>detalle reflectante<\/b><span class=\"s1\">. Tallas <\/span><b>XXS\u20135XL<\/b><span class=\"s1\">.<\/span><\/p>\n","protected":false},"featured_media":76502,"template":"","meta":[],"product_brand":[],"product_cat":[650,677,604],"product_tag":[],"collezione":[],"class_list":{"0":"post-76495","1":"product","2":"type-product","3":"status-publish","4":"has-post-thumbnail","6":"product_cat-elite-es","7":"product_cat-maillots-elite","8":"product_cat-personalizado","11":"first","12":"instock","13":"shipping-taxable","14":"product-type-simple"},"yoast_head":"<!-- This site is optimized with the Yoast SEO plugin v27.3 - https:\/\/yoast.com\/product\/yoast-seo-wordpress\/ -->\n<title>LIBECCIO CHAQUETA CORTAVIENTO | GSG - Giessegi<\/title>\n<meta name=\"robots\" content=\"index, follow, max-snippet:-1, max-image-preview:large, max-video-preview:-1\" \/>\n<link rel=\"canonical\" href=\"https:\/\/www.giessegi.com\/es\/producto\/libeccio-chaqueta-cortaviento\/\" \/>\n<meta property=\"og:locale\" content=\"es_ES\" \/>\n<meta property=\"og:type\" content=\"article\" \/>\n<meta property=\"og:title\" content=\"LIBECCIO CHAQUETA CORTAVIENTO | GSG - Giessegi\" \/>\n<meta property=\"og:description\" content=\"Chaqueta de ciclismo ligera y cortaviento en tejido WINDOFF LIGHT, con cremallera doble y detalle reflectante. Tallas XXS\u20135XL.\" \/>\n<meta property=\"og:url\" content=\"https:\/\/www.giessegi.com\/es\/producto\/libeccio-chaqueta-cortaviento\/\" \/>\n<meta property=\"og:site_name\" content=\"GSG - Giessegi\" \/>\n<meta property=\"article:modified_time\" content=\"2025-11-06T21:24:02+00:00\" \/>\n<meta property=\"og:image\" content=\"https:\/\/www.giessegi.com\/wp-content\/uploads\/2025\/11\/11110-FRONT.jpg\" \/>\n\t<meta property=\"og:image:width\" content=\"1000\" \/>\n\t<meta property=\"og:image:height\" content=\"1028\" \/>\n\t<meta property=\"og:image:type\" content=\"image\/jpeg\" \/>\n<meta name=\"twitter:card\" content=\"summary_large_image\" \/>\n<meta name=\"twitter:label1\" content=\"Tiempo de lectura\" \/>\n\t<meta name=\"twitter:data1\" content=\"1 minuto\" \/>\n<script type=\"application\/ld+json\" class=\"yoast-schema-graph\">{\"@context\":\"https:\\\/\\\/schema.org\",\"@graph\":[{\"@type\":\"WebPage\",\"@id\":\"https:\\\/\\\/www.giessegi.com\\\/es\\\/producto\\\/libeccio-chaqueta-cortaviento\\\/\",\"url\":\"https:\\\/\\\/www.giessegi.com\\\/es\\\/producto\\\/libeccio-chaqueta-cortaviento\\\/\",\"name\":\"LIBECCIO CHAQUETA CORTAVIENTO | GSG - Giessegi\",\"isPartOf\":{\"@id\":\"https:\\\/\\\/www.giessegi.com\\\/en\\\/#website\"},\"primaryImageOfPage\":{\"@id\":\"https:\\\/\\\/www.giessegi.com\\\/es\\\/producto\\\/libeccio-chaqueta-cortaviento\\\/#primaryimage\"},\"image\":{\"@id\":\"https:\\\/\\\/www.giessegi.com\\\/es\\\/producto\\\/libeccio-chaqueta-cortaviento\\\/#primaryimage\"},\"thumbnailUrl\":\"https:\\\/\\\/www.giessegi.com\\\/wp-content\\\/uploads\\\/2025\\\/11\\\/11110-FRONT.jpg\",\"datePublished\":\"2025-11-06T20:43:06+00:00\",\"dateModified\":\"2025-11-06T21:24:02+00:00\",\"breadcrumb\":{\"@id\":\"https:\\\/\\\/www.giessegi.com\\\/es\\\/producto\\\/libeccio-chaqueta-cortaviento\\\/#breadcrumb\"},\"inLanguage\":\"es\",\"potentialAction\":[{\"@type\":\"ReadAction\",\"target\":[\"https:\\\/\\\/www.giessegi.com\\\/es\\\/producto\\\/libeccio-chaqueta-cortaviento\\\/\"]}]},{\"@type\":\"ImageObject\",\"inLanguage\":\"es\",\"@id\":\"https:\\\/\\\/www.giessegi.com\\\/es\\\/producto\\\/libeccio-chaqueta-cortaviento\\\/#primaryimage\",\"url\":\"https:\\\/\\\/www.giessegi.com\\\/wp-content\\\/uploads\\\/2025\\\/11\\\/11110-FRONT.jpg\",\"contentUrl\":\"https:\\\/\\\/www.giessegi.com\\\/wp-content\\\/uploads\\\/2025\\\/11\\\/11110-FRONT.jpg\",\"width\":1000,\"height\":1028},{\"@type\":\"BreadcrumbList\",\"@id\":\"https:\\\/\\\/www.giessegi.com\\\/es\\\/producto\\\/libeccio-chaqueta-cortaviento\\\/#breadcrumb\",\"itemListElement\":[{\"@type\":\"ListItem\",\"position\":1,\"name\":\"Home\",\"item\":\"https:\\\/\\\/www.giessegi.com\\\/es\\\/\"},{\"@type\":\"ListItem\",\"position\":2,\"name\":\"Products\",\"item\":\"https:\\\/\\\/www.giessegi.com\\\/en\\\/shop\\\/\"},{\"@type\":\"ListItem\",\"position\":3,\"name\":\"LIBECCIO CHAQUETA CORTAVIENTO\"}]},{\"@type\":\"WebSite\",\"@id\":\"https:\\\/\\\/www.giessegi.com\\\/en\\\/#website\",\"url\":\"https:\\\/\\\/www.giessegi.com\\\/en\\\/\",\"name\":\"Giessegi\",\"description\":\"\",\"publisher\":{\"@id\":\"https:\\\/\\\/www.giessegi.com\\\/en\\\/#organization\"},\"potentialAction\":[{\"@type\":\"SearchAction\",\"target\":{\"@type\":\"EntryPoint\",\"urlTemplate\":\"https:\\\/\\\/www.giessegi.com\\\/en\\\/?s={search_term_string}\"},\"query-input\":{\"@type\":\"PropertyValueSpecification\",\"valueRequired\":true,\"valueName\":\"search_term_string\"}}],\"inLanguage\":\"es\"},{\"@type\":\"Organization\",\"@id\":\"https:\\\/\\\/www.giessegi.com\\\/en\\\/#organization\",\"name\":\"Giessegi\",\"url\":\"https:\\\/\\\/www.giessegi.com\\\/en\\\/\",\"logo\":{\"@type\":\"ImageObject\",\"inLanguage\":\"es\",\"@id\":\"https:\\\/\\\/www.giessegi.com\\\/en\\\/#\\\/schema\\\/logo\\\/image\\\/\",\"url\":\"https:\\\/\\\/www.giessegi.com\\\/wp-content\\\/uploads\\\/2022\\\/09\\\/giessegi-logo.jpeg\",\"contentUrl\":\"https:\\\/\\\/www.giessegi.com\\\/wp-content\\\/uploads\\\/2022\\\/09\\\/giessegi-logo.jpeg\",\"width\":175,\"height\":77,\"caption\":\"Giessegi\"},\"image\":{\"@id\":\"https:\\\/\\\/www.giessegi.com\\\/en\\\/#\\\/schema\\\/logo\\\/image\\\/\"}}]}<\/script>\n<!-- \/ Yoast SEO plugin. -->","yoast_head_json":{"title":"LIBECCIO CHAQUETA CORTAVIENTO | GSG - Giessegi","robots":{"index":"index","follow":"follow","max-snippet":"max-snippet:-1","max-image-preview":"max-image-preview:large","max-video-preview":"max-video-preview:-1"},"canonical":"https:\/\/www.giessegi.com\/es\/producto\/libeccio-chaqueta-cortaviento\/","og_locale":"es_ES","og_type":"article","og_title":"LIBECCIO CHAQUETA CORTAVIENTO | GSG - Giessegi","og_description":"Chaqueta de ciclismo ligera y cortaviento en tejido WINDOFF LIGHT, con cremallera doble y detalle reflectante. Tallas XXS\u20135XL.","og_url":"https:\/\/www.giessegi.com\/es\/producto\/libeccio-chaqueta-cortaviento\/","og_site_name":"GSG - Giessegi","article_modified_time":"2025-11-06T21:24:02+00:00","og_image":[{"width":1000,"height":1028,"url":"https:\/\/www.giessegi.com\/wp-content\/uploads\/2025\/11\/11110-FRONT.jpg","type":"image\/jpeg"}],"twitter_card":"summary_large_image","twitter_misc":{"Tiempo de lectura":"1 minuto"},"schema":{"@context":"https:\/\/schema.org","@graph":[{"@type":"WebPage","@id":"https:\/\/www.giessegi.com\/es\/producto\/libeccio-chaqueta-cortaviento\/","url":"https:\/\/www.giessegi.com\/es\/producto\/libeccio-chaqueta-cortaviento\/","name":"LIBECCIO CHAQUETA CORTAVIENTO | GSG - Giessegi","isPartOf":{"@id":"https:\/\/www.giessegi.com\/en\/#website"},"primaryImageOfPage":{"@id":"https:\/\/www.giessegi.com\/es\/producto\/libeccio-chaqueta-cortaviento\/#primaryimage"},"image":{"@id":"https:\/\/www.giessegi.com\/es\/producto\/libeccio-chaqueta-cortaviento\/#primaryimage"},"thumbnailUrl":"https:\/\/www.giessegi.com\/wp-content\/uploads\/2025\/11\/11110-FRONT.jpg","datePublished":"2025-11-06T20:43:06+00:00","dateModified":"2025-11-06T21:24:02+00:00","breadcrumb":{"@id":"https:\/\/www.giessegi.com\/es\/producto\/libeccio-chaqueta-cortaviento\/#breadcrumb"},"inLanguage":"es","potentialAction":[{"@type":"ReadAction","target":["https:\/\/www.giessegi.com\/es\/producto\/libeccio-chaqueta-cortaviento\/"]}]},{"@type":"ImageObject","inLanguage":"es","@id":"https:\/\/www.giessegi.com\/es\/producto\/libeccio-chaqueta-cortaviento\/#primaryimage","url":"https:\/\/www.giessegi.com\/wp-content\/uploads\/2025\/11\/11110-FRONT.jpg","contentUrl":"https:\/\/www.giessegi.com\/wp-content\/uploads\/2025\/11\/11110-FRONT.jpg","width":1000,"height":1028},{"@type":"BreadcrumbList","@id":"https:\/\/www.giessegi.com\/es\/producto\/libeccio-chaqueta-cortaviento\/#breadcrumb","itemListElement":[{"@type":"ListItem","position":1,"name":"Home","item":"https:\/\/www.giessegi.com\/es\/"},{"@type":"ListItem","position":2,"name":"Products","item":"https:\/\/www.giessegi.com\/en\/shop\/"},{"@type":"ListItem","position":3,"name":"LIBECCIO CHAQUETA CORTAVIENTO"}]},{"@type":"WebSite","@id":"https:\/\/www.giessegi.com\/en\/#website","url":"https:\/\/www.giessegi.com\/en\/","name":"Giessegi","description":"","publisher":{"@id":"https:\/\/www.giessegi.com\/en\/#organization"},"potentialAction":[{"@type":"SearchAction","target":{"@type":"EntryPoint","urlTemplate":"https:\/\/www.giessegi.com\/en\/?s={search_term_string}"},"query-input":{"@type":"PropertyValueSpecification","valueRequired":true,"valueName":"search_term_string"}}],"inLanguage":"es"},{"@type":"Organization","@id":"https:\/\/www.giessegi.com\/en\/#organization","name":"Giessegi","url":"https:\/\/www.giessegi.com\/en\/","logo":{"@type":"ImageObject","inLanguage":"es","@id":"https:\/\/www.giessegi.com\/en\/#\/schema\/logo\/image\/","url":"https:\/\/www.giessegi.com\/wp-content\/uploads\/2022\/09\/giessegi-logo.jpeg","contentUrl":"https:\/\/www.giessegi.com\/wp-content\/uploads\/2022\/09\/giessegi-logo.jpeg","width":175,"height":77,"caption":"Giessegi"},"image":{"@id":"https:\/\/www.giessegi.com\/en\/#\/schema\/logo\/image\/"}}]}},"_links":{"self":[{"href":"https:\/\/www.giessegi.com\/es\/wp-json\/wp\/v2\/product\/76495","targetHints":{"allow":["GET"]}}],"collection":[{"href":"https:\/\/www.giessegi.com\/es\/wp-json\/wp\/v2\/product"}],"about":[{"href":"https:\/\/www.giessegi.com\/es\/wp-json\/wp\/v2\/types\/product"}],"wp:featuredmedia":[{"embeddable":true,"href":"https:\/\/www.giessegi.com\/es\/wp-json\/wp\/v2\/media\/76502"}],"wp:attachment":[{"href":"https:\/\/www.giessegi.com\/es\/wp-json\/wp\/v2\/media?parent=76495"}],"wp:term":[{"taxonomy":"product_brand","embeddable":true,"href":"https:\/\/www.giessegi.com\/es\/wp-json\/wp\/v2\/product_brand?post=76495"},{"taxonomy":"product_cat","embeddable":true,"href":"https:\/\/www.giessegi.com\/es\/wp-json\/wp\/v2\/product_cat?post=76495"},{"taxonomy":"product_tag","embeddable":true,"href":"https:\/\/www.giessegi.com\/es\/wp-json\/wp\/v2\/product_tag?post=76495"},{"taxonomy":"collezione","embeddable":true,"href":"https:\/\/www.giessegi.com\/es\/wp-json\/wp\/v2\/collezione?post=76495"}],"curies":[{"name":"wp","href":"https:\/\/api.w.org\/{rel}","templated":true}]}}