{"id":76409,"date":"2025-11-02T16:09:18","date_gmt":"2025-11-02T15:09:18","guid":{"rendered":"https:\/\/www.giessegi.com\/?post_type=product&#038;p=76409"},"modified":"2025-11-02T16:14:29","modified_gmt":"2025-11-02T15:14:29","slug":"blizzard","status":"publish","type":"product","link":"https:\/\/www.giessegi.com\/es\/producto\/blizzard\/","title":{"rendered":"BLIZZARD"},"content":{"rendered":"<p class=\"p1\"><span class=\"s1\">El <\/span><b>maillot de invierno Blizzard<\/b><span class=\"s1\"> est\u00e1 dise\u00f1ado para proporcionar <\/span><b>comodidad t\u00e9rmica, transpirabilidad y libertad de movimiento<\/b><span class=\"s1\"> en las condiciones m\u00e1s fr\u00edas.<\/span><\/p>\n<p class=\"p2\">Confeccionado en <span class=\"s2\"><b>tejido Roubaix afelpado<\/b><\/span>, mantiene el calor corporal sin comprometer el ajuste ni la flexibilidad.<\/p>\n<p class=\"p1\"><b>Caracter\u00edsticas principales:<\/b><b><\/b><\/p>\n<ul>\n<li>\n<p class=\"p1\"><span class=\"s1\"><b>Tejido:<\/b><\/span> Roubaix afelpado y el\u00e1stico, c\u00e1lido, suave y transpirable.<\/p>\n<\/li>\n<li>\n<p class=\"p1\"><span class=\"s1\"><b>Cremallera:<\/b><\/span> larga y oculta con tirador autoblocante.<\/p>\n<\/li>\n<li>\n<p class=\"p1\"><span class=\"s1\"><b>Pu\u00f1os:<\/b><\/span> corte limpio para un mejor ajuste y confort.<\/p>\n<\/li>\n<li>\n<p class=\"p1\"><span class=\"s1\"><b>Parte inferior delantera:<\/b><\/span> con dobladillo para mayor estabilidad.<\/p>\n<\/li>\n<li>\n<p class=\"p1\"><b>Parte trasera:<\/b> <b>banda el\u00e1stica de silicona personalizable<\/b><span class=\"s1\"> para un ajuste seguro.<\/span><\/p>\n<\/li>\n<li>\n<p class=\"p1\"><span class=\"s1\"><b>Detalle reflectante:<\/b><\/span> en la cintura para mayor visibilidad.<\/p>\n<\/li>\n<li>\n<p class=\"p1\"><span class=\"s1\"><b>Bolsillos:<\/b><\/span> tres bolsillos traseros abiertos para lo esencial.<\/p>\n<\/li>\n<\/ul>\n<p class=\"p2\">Disponible en tallas <span class=\"s2\"><b>XXS\u20135XL<\/b><\/span>, el <span class=\"s2\"><b>maillot Blizzard<\/b><\/span> combina <span class=\"s2\"><b>calidez, confort y dise\u00f1o t\u00e9cnico<\/b><\/span>, ideal para entrenamientos y competiciones en invierno.<\/p>\n","protected":false},"excerpt":{"rendered":"<p class=\"p1\"><span class=\"s1\"><b>Maillot de invierno Blizzard<\/b><\/span> fabricado en <span class=\"s1\"><b>tejido Roubaix afelpado y el\u00e1stico<\/b><\/span>, con cremallera oculta, pu\u00f1os de corte limpio y tres bolsillos traseros.<\/p>\n<p class=\"p1\">C\u00e1lido, c\u00f3modo y perfecto para las salidas en fr\u00edo.<\/p>\n","protected":false},"featured_media":76414,"template":"","meta":[],"product_brand":[],"product_cat":[650,677,604],"product_tag":[],"collezione":[],"class_list":{"0":"post-76409","1":"product","2":"type-product","3":"status-publish","4":"has-post-thumbnail","6":"product_cat-elite-es","7":"product_cat-maillots-elite","8":"product_cat-personalizado","11":"first","12":"instock","13":"shipping-taxable","14":"product-type-simple"},"yoast_head":"<!-- This site is optimized with the Yoast SEO plugin v27.3 - https:\/\/yoast.com\/product\/yoast-seo-wordpress\/ -->\n<title>BLIZZARD | GSG - Giessegi<\/title>\n<meta name=\"robots\" content=\"index, follow, max-snippet:-1, max-image-preview:large, max-video-preview:-1\" \/>\n<link rel=\"canonical\" href=\"https:\/\/www.giessegi.com\/es\/producto\/blizzard\/\" \/>\n<meta property=\"og:locale\" content=\"es_ES\" \/>\n<meta property=\"og:type\" content=\"article\" \/>\n<meta property=\"og:title\" content=\"BLIZZARD | GSG - Giessegi\" \/>\n<meta property=\"og:description\" content=\"Maillot de invierno Blizzard fabricado en tejido Roubaix afelpado y el\u00e1stico, con cremallera oculta, pu\u00f1os de corte limpio y tres bolsillos traseros. C\u00e1lido, c\u00f3modo y perfecto para las salidas en fr\u00edo.\" \/>\n<meta property=\"og:url\" content=\"https:\/\/www.giessegi.com\/es\/producto\/blizzard\/\" \/>\n<meta property=\"og:site_name\" content=\"GSG - Giessegi\" \/>\n<meta property=\"article:modified_time\" content=\"2025-11-02T15:14:29+00:00\" \/>\n<meta property=\"og:image\" content=\"https:\/\/www.giessegi.com\/wp-content\/uploads\/2025\/11\/04259-FRONT.jpg\" \/>\n\t<meta property=\"og:image:width\" content=\"1000\" \/>\n\t<meta property=\"og:image:height\" content=\"1028\" \/>\n\t<meta property=\"og:image:type\" content=\"image\/jpeg\" \/>\n<meta name=\"twitter:card\" content=\"summary_large_image\" \/>\n<meta name=\"twitter:label1\" content=\"Tiempo de lectura\" \/>\n\t<meta name=\"twitter:data1\" content=\"1 minuto\" \/>\n<script type=\"application\/ld+json\" class=\"yoast-schema-graph\">{\"@context\":\"https:\\\/\\\/schema.org\",\"@graph\":[{\"@type\":\"WebPage\",\"@id\":\"https:\\\/\\\/www.giessegi.com\\\/es\\\/producto\\\/blizzard\\\/\",\"url\":\"https:\\\/\\\/www.giessegi.com\\\/es\\\/producto\\\/blizzard\\\/\",\"name\":\"BLIZZARD | GSG - Giessegi\",\"isPartOf\":{\"@id\":\"https:\\\/\\\/www.giessegi.com\\\/en\\\/#website\"},\"primaryImageOfPage\":{\"@id\":\"https:\\\/\\\/www.giessegi.com\\\/es\\\/producto\\\/blizzard\\\/#primaryimage\"},\"image\":{\"@id\":\"https:\\\/\\\/www.giessegi.com\\\/es\\\/producto\\\/blizzard\\\/#primaryimage\"},\"thumbnailUrl\":\"https:\\\/\\\/www.giessegi.com\\\/wp-content\\\/uploads\\\/2025\\\/11\\\/04259-FRONT.jpg\",\"datePublished\":\"2025-11-02T15:09:18+00:00\",\"dateModified\":\"2025-11-02T15:14:29+00:00\",\"breadcrumb\":{\"@id\":\"https:\\\/\\\/www.giessegi.com\\\/es\\\/producto\\\/blizzard\\\/#breadcrumb\"},\"inLanguage\":\"es\",\"potentialAction\":[{\"@type\":\"ReadAction\",\"target\":[\"https:\\\/\\\/www.giessegi.com\\\/es\\\/producto\\\/blizzard\\\/\"]}]},{\"@type\":\"ImageObject\",\"inLanguage\":\"es\",\"@id\":\"https:\\\/\\\/www.giessegi.com\\\/es\\\/producto\\\/blizzard\\\/#primaryimage\",\"url\":\"https:\\\/\\\/www.giessegi.com\\\/wp-content\\\/uploads\\\/2025\\\/11\\\/04259-FRONT.jpg\",\"contentUrl\":\"https:\\\/\\\/www.giessegi.com\\\/wp-content\\\/uploads\\\/2025\\\/11\\\/04259-FRONT.jpg\",\"width\":1000,\"height\":1028},{\"@type\":\"BreadcrumbList\",\"@id\":\"https:\\\/\\\/www.giessegi.com\\\/es\\\/producto\\\/blizzard\\\/#breadcrumb\",\"itemListElement\":[{\"@type\":\"ListItem\",\"position\":1,\"name\":\"Home\",\"item\":\"https:\\\/\\\/www.giessegi.com\\\/\"},{\"@type\":\"ListItem\",\"position\":2,\"name\":\"Products\",\"item\":\"https:\\\/\\\/www.giessegi.com\\\/en\\\/shop\\\/\"},{\"@type\":\"ListItem\",\"position\":3,\"name\":\"BLIZZARD\"}]},{\"@type\":\"WebSite\",\"@id\":\"https:\\\/\\\/www.giessegi.com\\\/en\\\/#website\",\"url\":\"https:\\\/\\\/www.giessegi.com\\\/en\\\/\",\"name\":\"Giessegi\",\"description\":\"\",\"publisher\":{\"@id\":\"https:\\\/\\\/www.giessegi.com\\\/en\\\/#organization\"},\"potentialAction\":[{\"@type\":\"SearchAction\",\"target\":{\"@type\":\"EntryPoint\",\"urlTemplate\":\"https:\\\/\\\/www.giessegi.com\\\/en\\\/?s={search_term_string}\"},\"query-input\":{\"@type\":\"PropertyValueSpecification\",\"valueRequired\":true,\"valueName\":\"search_term_string\"}}],\"inLanguage\":\"es\"},{\"@type\":\"Organization\",\"@id\":\"https:\\\/\\\/www.giessegi.com\\\/en\\\/#organization\",\"name\":\"Giessegi\",\"url\":\"https:\\\/\\\/www.giessegi.com\\\/en\\\/\",\"logo\":{\"@type\":\"ImageObject\",\"inLanguage\":\"es\",\"@id\":\"https:\\\/\\\/www.giessegi.com\\\/en\\\/#\\\/schema\\\/logo\\\/image\\\/\",\"url\":\"https:\\\/\\\/www.giessegi.com\\\/wp-content\\\/uploads\\\/2022\\\/09\\\/giessegi-logo.jpeg\",\"contentUrl\":\"https:\\\/\\\/www.giessegi.com\\\/wp-content\\\/uploads\\\/2022\\\/09\\\/giessegi-logo.jpeg\",\"width\":175,\"height\":77,\"caption\":\"Giessegi\"},\"image\":{\"@id\":\"https:\\\/\\\/www.giessegi.com\\\/en\\\/#\\\/schema\\\/logo\\\/image\\\/\"}}]}<\/script>\n<!-- \/ Yoast SEO plugin. -->","yoast_head_json":{"title":"BLIZZARD | GSG - Giessegi","robots":{"index":"index","follow":"follow","max-snippet":"max-snippet:-1","max-image-preview":"max-image-preview:large","max-video-preview":"max-video-preview:-1"},"canonical":"https:\/\/www.giessegi.com\/es\/producto\/blizzard\/","og_locale":"es_ES","og_type":"article","og_title":"BLIZZARD | GSG - Giessegi","og_description":"Maillot de invierno Blizzard fabricado en tejido Roubaix afelpado y el\u00e1stico, con cremallera oculta, pu\u00f1os de corte limpio y tres bolsillos traseros. C\u00e1lido, c\u00f3modo y perfecto para las salidas en fr\u00edo.","og_url":"https:\/\/www.giessegi.com\/es\/producto\/blizzard\/","og_site_name":"GSG - Giessegi","article_modified_time":"2025-11-02T15:14:29+00:00","og_image":[{"width":1000,"height":1028,"url":"https:\/\/www.giessegi.com\/wp-content\/uploads\/2025\/11\/04259-FRONT.jpg","type":"image\/jpeg"}],"twitter_card":"summary_large_image","twitter_misc":{"Tiempo de lectura":"1 minuto"},"schema":{"@context":"https:\/\/schema.org","@graph":[{"@type":"WebPage","@id":"https:\/\/www.giessegi.com\/es\/producto\/blizzard\/","url":"https:\/\/www.giessegi.com\/es\/producto\/blizzard\/","name":"BLIZZARD | GSG - Giessegi","isPartOf":{"@id":"https:\/\/www.giessegi.com\/en\/#website"},"primaryImageOfPage":{"@id":"https:\/\/www.giessegi.com\/es\/producto\/blizzard\/#primaryimage"},"image":{"@id":"https:\/\/www.giessegi.com\/es\/producto\/blizzard\/#primaryimage"},"thumbnailUrl":"https:\/\/www.giessegi.com\/wp-content\/uploads\/2025\/11\/04259-FRONT.jpg","datePublished":"2025-11-02T15:09:18+00:00","dateModified":"2025-11-02T15:14:29+00:00","breadcrumb":{"@id":"https:\/\/www.giessegi.com\/es\/producto\/blizzard\/#breadcrumb"},"inLanguage":"es","potentialAction":[{"@type":"ReadAction","target":["https:\/\/www.giessegi.com\/es\/producto\/blizzard\/"]}]},{"@type":"ImageObject","inLanguage":"es","@id":"https:\/\/www.giessegi.com\/es\/producto\/blizzard\/#primaryimage","url":"https:\/\/www.giessegi.com\/wp-content\/uploads\/2025\/11\/04259-FRONT.jpg","contentUrl":"https:\/\/www.giessegi.com\/wp-content\/uploads\/2025\/11\/04259-FRONT.jpg","width":1000,"height":1028},{"@type":"BreadcrumbList","@id":"https:\/\/www.giessegi.com\/es\/producto\/blizzard\/#breadcrumb","itemListElement":[{"@type":"ListItem","position":1,"name":"Home","item":"https:\/\/www.giessegi.com\/"},{"@type":"ListItem","position":2,"name":"Products","item":"https:\/\/www.giessegi.com\/en\/shop\/"},{"@type":"ListItem","position":3,"name":"BLIZZARD"}]},{"@type":"WebSite","@id":"https:\/\/www.giessegi.com\/en\/#website","url":"https:\/\/www.giessegi.com\/en\/","name":"Giessegi","description":"","publisher":{"@id":"https:\/\/www.giessegi.com\/en\/#organization"},"potentialAction":[{"@type":"SearchAction","target":{"@type":"EntryPoint","urlTemplate":"https:\/\/www.giessegi.com\/en\/?s={search_term_string}"},"query-input":{"@type":"PropertyValueSpecification","valueRequired":true,"valueName":"search_term_string"}}],"inLanguage":"es"},{"@type":"Organization","@id":"https:\/\/www.giessegi.com\/en\/#organization","name":"Giessegi","url":"https:\/\/www.giessegi.com\/en\/","logo":{"@type":"ImageObject","inLanguage":"es","@id":"https:\/\/www.giessegi.com\/en\/#\/schema\/logo\/image\/","url":"https:\/\/www.giessegi.com\/wp-content\/uploads\/2022\/09\/giessegi-logo.jpeg","contentUrl":"https:\/\/www.giessegi.com\/wp-content\/uploads\/2022\/09\/giessegi-logo.jpeg","width":175,"height":77,"caption":"Giessegi"},"image":{"@id":"https:\/\/www.giessegi.com\/en\/#\/schema\/logo\/image\/"}}]}},"_links":{"self":[{"href":"https:\/\/www.giessegi.com\/es\/wp-json\/wp\/v2\/product\/76409","targetHints":{"allow":["GET"]}}],"collection":[{"href":"https:\/\/www.giessegi.com\/es\/wp-json\/wp\/v2\/product"}],"about":[{"href":"https:\/\/www.giessegi.com\/es\/wp-json\/wp\/v2\/types\/product"}],"wp:featuredmedia":[{"embeddable":true,"href":"https:\/\/www.giessegi.com\/es\/wp-json\/wp\/v2\/media\/76414"}],"wp:attachment":[{"href":"https:\/\/www.giessegi.com\/es\/wp-json\/wp\/v2\/media?parent=76409"}],"wp:term":[{"taxonomy":"product_brand","embeddable":true,"href":"https:\/\/www.giessegi.com\/es\/wp-json\/wp\/v2\/product_brand?post=76409"},{"taxonomy":"product_cat","embeddable":true,"href":"https:\/\/www.giessegi.com\/es\/wp-json\/wp\/v2\/product_cat?post=76409"},{"taxonomy":"product_tag","embeddable":true,"href":"https:\/\/www.giessegi.com\/es\/wp-json\/wp\/v2\/product_tag?post=76409"},{"taxonomy":"collezione","embeddable":true,"href":"https:\/\/www.giessegi.com\/es\/wp-json\/wp\/v2\/collezione?post=76409"}],"curies":[{"name":"wp","href":"https:\/\/api.w.org\/{rel}","templated":true}]}}