{"id":76353,"date":"2025-11-02T15:01:47","date_gmt":"2025-11-02T14:01:47","guid":{"rendered":"https:\/\/www.giessegi.com\/?post_type=product&#038;p=76353"},"modified":"2025-11-02T15:16:40","modified_gmt":"2025-11-02T14:16:40","slug":"rapid","status":"publish","type":"product","link":"https:\/\/www.giessegi.com\/es\/producto\/rapid\/","title":{"rendered":"RAPID"},"content":{"rendered":"<p class=\"p1\">El <span class=\"s1\"><b>mono Rapid<\/b><\/span> est\u00e1 dise\u00f1ado para ofrecer <span class=\"s1\"><b>aerodin\u00e1mica, confort y rendimiento<\/b><\/span> en las condiciones m\u00e1s exigentes.<\/p>\n<p class=\"p1\">Fabricado con <span class=\"s1\"><b>tejidos t\u00e9cnicos RIB TEK y MAT 240<\/b><\/span>, combina ligereza, elasticidad y ajuste perfecto para un rendimiento profesional.<\/p>\n<p class=\"p3\"><b>Caracter\u00edsticas principales:<\/b><b><\/b><\/p>\n<ul>\n<li>\n<p class=\"p1\"><span class=\"s1\"><b>Parte superior:<\/b><\/span> micro-malla ligera y transpirable que favorece la ventilaci\u00f3n.<\/p>\n<\/li>\n<li>\n<p class=\"p1\"><span class=\"s1\"><b>Mangas:<\/b><\/span> tejido aerodin\u00e1mico de corte limpio para reducir la resistencia al aire.<\/p>\n<\/li>\n<li>\n<p class=\"p1\"><span class=\"s1\"><b>Cremallera:<\/b><\/span> larga y oculta con tirador autoblocante.<\/p>\n<\/li>\n<li>\n<p class=\"p1\"><span class=\"s1\"><b>Bolsillos:<\/b><\/span> tres bolsillos traseros abiertos para lo esencial.<\/p>\n<\/li>\n<li>\n<p class=\"p1\"><span class=\"s1\"><b>Pantal\u00f3n:<\/b><\/span> construcci\u00f3n <span class=\"s1\"><b>de un solo panel<\/b><\/span> que mejora la aerodin\u00e1mica.<\/p>\n<\/li>\n<li>\n<p class=\"p1\"><span class=\"s1\"><b>Bajo de pierna:<\/b><\/span> tejido de corte limpio con <span class=\"s1\"><b>agarre interior de silicona<\/b><\/span> para un ajuste sin presi\u00f3n.<\/p>\n<\/li>\n<li>\n<p class=\"p1\"><span class=\"s1\"><b>Badana:<\/b><\/span> <span class=\"s1\"><b>PULSAR<\/b><\/span>, dise\u00f1ada para largas distancias, ofrece transpirabilidad, amortiguaci\u00f3n y soporte ergon\u00f3mico.<\/p>\n<\/li>\n<li>\n<p class=\"p1\"><span class=\"s1\"><b>Personalizaci\u00f3n:<\/b><\/span> impresi\u00f3n digital en la parte superior y <span class=\"s1\"><b>aplicaciones t\u00e9rmicas sobre tejido te\u00f1ido<\/b><\/span> para un acabado profesional.<\/p>\n<\/li>\n<\/ul>\n<p class=\"p3\"><span class=\"s3\">Disponible en tallas <\/span><b>XXS\u20135XL<\/b><span class=\"s3\">, el <\/span><b>mono Rapid<\/b><span class=\"s3\"> combina <\/span><b>rendimiento de competici\u00f3n, comodidad y dise\u00f1o personalizable<\/b><span class=\"s3\"> en una sola prenda.<\/span><\/p>\n","protected":false},"excerpt":{"rendered":"<p class=\"p1\"><span class=\"s1\"><b>Mono de ciclismo Rapid<\/b><\/span> confeccionado en tejidos <span class=\"s1\"><b>RIB TEK + MAT 240<\/b><\/span>, con parte superior de micro-malla transpirable, culotte aerodin\u00e1mico de un solo panel y <span class=\"s1\"><b>badana PULSAR<\/b><\/span>.<\/p>\n<p class=\"p1\">Cremallera oculta, mangas de corte limpio y personalizaci\u00f3n digital.<\/p>\n","protected":false},"featured_media":76358,"template":"","meta":[],"product_brand":[],"product_cat":[627,604,724],"product_tag":[],"collezione":[],"class_list":{"0":"post-76353","1":"product","2":"type-product","3":"status-publish","4":"has-post-thumbnail","6":"product_cat-mono-premium-premium-es","7":"product_cat-personalizado","8":"product_cat-premium-es","11":"first","12":"instock","13":"shipping-taxable","14":"product-type-simple"},"yoast_head":"<!-- This site is optimized with the Yoast SEO plugin v27.3 - https:\/\/yoast.com\/product\/yoast-seo-wordpress\/ -->\n<title>RAPID | GSG - Giessegi<\/title>\n<meta name=\"robots\" content=\"index, follow, max-snippet:-1, max-image-preview:large, max-video-preview:-1\" \/>\n<link rel=\"canonical\" href=\"https:\/\/www.giessegi.com\/es\/producto\/rapid\/\" \/>\n<meta property=\"og:locale\" content=\"es_ES\" \/>\n<meta property=\"og:type\" content=\"article\" \/>\n<meta property=\"og:title\" content=\"RAPID | GSG - Giessegi\" \/>\n<meta property=\"og:description\" content=\"Mono de ciclismo Rapid confeccionado en tejidos RIB TEK + MAT 240, con parte superior de micro-malla transpirable, culotte aerodin\u00e1mico de un solo panel y badana PULSAR. Cremallera oculta, mangas de corte limpio y personalizaci\u00f3n digital.\" \/>\n<meta property=\"og:url\" content=\"https:\/\/www.giessegi.com\/es\/producto\/rapid\/\" \/>\n<meta property=\"og:site_name\" content=\"GSG - Giessegi\" \/>\n<meta property=\"article:modified_time\" content=\"2025-11-02T14:16:40+00:00\" \/>\n<meta property=\"og:image\" content=\"https:\/\/www.giessegi.com\/wp-content\/uploads\/2025\/11\/08228-FR.jpg\" \/>\n\t<meta property=\"og:image:width\" content=\"1028\" \/>\n\t<meta property=\"og:image:height\" content=\"1000\" \/>\n\t<meta property=\"og:image:type\" content=\"image\/jpeg\" \/>\n<meta name=\"twitter:card\" content=\"summary_large_image\" \/>\n<meta name=\"twitter:label1\" content=\"Tiempo de lectura\" \/>\n\t<meta name=\"twitter:data1\" content=\"2 minutos\" \/>\n<script type=\"application\/ld+json\" class=\"yoast-schema-graph\">{\"@context\":\"https:\\\/\\\/schema.org\",\"@graph\":[{\"@type\":\"WebPage\",\"@id\":\"https:\\\/\\\/www.giessegi.com\\\/es\\\/producto\\\/rapid\\\/\",\"url\":\"https:\\\/\\\/www.giessegi.com\\\/es\\\/producto\\\/rapid\\\/\",\"name\":\"RAPID | GSG - Giessegi\",\"isPartOf\":{\"@id\":\"https:\\\/\\\/www.giessegi.com\\\/en\\\/#website\"},\"primaryImageOfPage\":{\"@id\":\"https:\\\/\\\/www.giessegi.com\\\/es\\\/producto\\\/rapid\\\/#primaryimage\"},\"image\":{\"@id\":\"https:\\\/\\\/www.giessegi.com\\\/es\\\/producto\\\/rapid\\\/#primaryimage\"},\"thumbnailUrl\":\"https:\\\/\\\/www.giessegi.com\\\/wp-content\\\/uploads\\\/2025\\\/11\\\/08228-FR.jpg\",\"datePublished\":\"2025-11-02T14:01:47+00:00\",\"dateModified\":\"2025-11-02T14:16:40+00:00\",\"breadcrumb\":{\"@id\":\"https:\\\/\\\/www.giessegi.com\\\/es\\\/producto\\\/rapid\\\/#breadcrumb\"},\"inLanguage\":\"es\",\"potentialAction\":[{\"@type\":\"ReadAction\",\"target\":[\"https:\\\/\\\/www.giessegi.com\\\/es\\\/producto\\\/rapid\\\/\"]}]},{\"@type\":\"ImageObject\",\"inLanguage\":\"es\",\"@id\":\"https:\\\/\\\/www.giessegi.com\\\/es\\\/producto\\\/rapid\\\/#primaryimage\",\"url\":\"https:\\\/\\\/www.giessegi.com\\\/wp-content\\\/uploads\\\/2025\\\/11\\\/08228-FR.jpg\",\"contentUrl\":\"https:\\\/\\\/www.giessegi.com\\\/wp-content\\\/uploads\\\/2025\\\/11\\\/08228-FR.jpg\",\"width\":1028,\"height\":1000},{\"@type\":\"BreadcrumbList\",\"@id\":\"https:\\\/\\\/www.giessegi.com\\\/es\\\/producto\\\/rapid\\\/#breadcrumb\",\"itemListElement\":[{\"@type\":\"ListItem\",\"position\":1,\"name\":\"Home\",\"item\":\"https:\\\/\\\/www.giessegi.com\\\/\"},{\"@type\":\"ListItem\",\"position\":2,\"name\":\"Products\",\"item\":\"https:\\\/\\\/www.giessegi.com\\\/en\\\/shop\\\/\"},{\"@type\":\"ListItem\",\"position\":3,\"name\":\"RAPID\"}]},{\"@type\":\"WebSite\",\"@id\":\"https:\\\/\\\/www.giessegi.com\\\/en\\\/#website\",\"url\":\"https:\\\/\\\/www.giessegi.com\\\/en\\\/\",\"name\":\"Giessegi\",\"description\":\"\",\"publisher\":{\"@id\":\"https:\\\/\\\/www.giessegi.com\\\/en\\\/#organization\"},\"potentialAction\":[{\"@type\":\"SearchAction\",\"target\":{\"@type\":\"EntryPoint\",\"urlTemplate\":\"https:\\\/\\\/www.giessegi.com\\\/en\\\/?s={search_term_string}\"},\"query-input\":{\"@type\":\"PropertyValueSpecification\",\"valueRequired\":true,\"valueName\":\"search_term_string\"}}],\"inLanguage\":\"es\"},{\"@type\":\"Organization\",\"@id\":\"https:\\\/\\\/www.giessegi.com\\\/en\\\/#organization\",\"name\":\"Giessegi\",\"url\":\"https:\\\/\\\/www.giessegi.com\\\/en\\\/\",\"logo\":{\"@type\":\"ImageObject\",\"inLanguage\":\"es\",\"@id\":\"https:\\\/\\\/www.giessegi.com\\\/en\\\/#\\\/schema\\\/logo\\\/image\\\/\",\"url\":\"https:\\\/\\\/www.giessegi.com\\\/wp-content\\\/uploads\\\/2022\\\/09\\\/giessegi-logo.jpeg\",\"contentUrl\":\"https:\\\/\\\/www.giessegi.com\\\/wp-content\\\/uploads\\\/2022\\\/09\\\/giessegi-logo.jpeg\",\"width\":175,\"height\":77,\"caption\":\"Giessegi\"},\"image\":{\"@id\":\"https:\\\/\\\/www.giessegi.com\\\/en\\\/#\\\/schema\\\/logo\\\/image\\\/\"}}]}<\/script>\n<!-- \/ Yoast SEO plugin. -->","yoast_head_json":{"title":"RAPID | GSG - Giessegi","robots":{"index":"index","follow":"follow","max-snippet":"max-snippet:-1","max-image-preview":"max-image-preview:large","max-video-preview":"max-video-preview:-1"},"canonical":"https:\/\/www.giessegi.com\/es\/producto\/rapid\/","og_locale":"es_ES","og_type":"article","og_title":"RAPID | GSG - Giessegi","og_description":"Mono de ciclismo Rapid confeccionado en tejidos RIB TEK + MAT 240, con parte superior de micro-malla transpirable, culotte aerodin\u00e1mico de un solo panel y badana PULSAR. Cremallera oculta, mangas de corte limpio y personalizaci\u00f3n digital.","og_url":"https:\/\/www.giessegi.com\/es\/producto\/rapid\/","og_site_name":"GSG - Giessegi","article_modified_time":"2025-11-02T14:16:40+00:00","og_image":[{"width":1028,"height":1000,"url":"https:\/\/www.giessegi.com\/wp-content\/uploads\/2025\/11\/08228-FR.jpg","type":"image\/jpeg"}],"twitter_card":"summary_large_image","twitter_misc":{"Tiempo de lectura":"2 minutos"},"schema":{"@context":"https:\/\/schema.org","@graph":[{"@type":"WebPage","@id":"https:\/\/www.giessegi.com\/es\/producto\/rapid\/","url":"https:\/\/www.giessegi.com\/es\/producto\/rapid\/","name":"RAPID | GSG - Giessegi","isPartOf":{"@id":"https:\/\/www.giessegi.com\/en\/#website"},"primaryImageOfPage":{"@id":"https:\/\/www.giessegi.com\/es\/producto\/rapid\/#primaryimage"},"image":{"@id":"https:\/\/www.giessegi.com\/es\/producto\/rapid\/#primaryimage"},"thumbnailUrl":"https:\/\/www.giessegi.com\/wp-content\/uploads\/2025\/11\/08228-FR.jpg","datePublished":"2025-11-02T14:01:47+00:00","dateModified":"2025-11-02T14:16:40+00:00","breadcrumb":{"@id":"https:\/\/www.giessegi.com\/es\/producto\/rapid\/#breadcrumb"},"inLanguage":"es","potentialAction":[{"@type":"ReadAction","target":["https:\/\/www.giessegi.com\/es\/producto\/rapid\/"]}]},{"@type":"ImageObject","inLanguage":"es","@id":"https:\/\/www.giessegi.com\/es\/producto\/rapid\/#primaryimage","url":"https:\/\/www.giessegi.com\/wp-content\/uploads\/2025\/11\/08228-FR.jpg","contentUrl":"https:\/\/www.giessegi.com\/wp-content\/uploads\/2025\/11\/08228-FR.jpg","width":1028,"height":1000},{"@type":"BreadcrumbList","@id":"https:\/\/www.giessegi.com\/es\/producto\/rapid\/#breadcrumb","itemListElement":[{"@type":"ListItem","position":1,"name":"Home","item":"https:\/\/www.giessegi.com\/"},{"@type":"ListItem","position":2,"name":"Products","item":"https:\/\/www.giessegi.com\/en\/shop\/"},{"@type":"ListItem","position":3,"name":"RAPID"}]},{"@type":"WebSite","@id":"https:\/\/www.giessegi.com\/en\/#website","url":"https:\/\/www.giessegi.com\/en\/","name":"Giessegi","description":"","publisher":{"@id":"https:\/\/www.giessegi.com\/en\/#organization"},"potentialAction":[{"@type":"SearchAction","target":{"@type":"EntryPoint","urlTemplate":"https:\/\/www.giessegi.com\/en\/?s={search_term_string}"},"query-input":{"@type":"PropertyValueSpecification","valueRequired":true,"valueName":"search_term_string"}}],"inLanguage":"es"},{"@type":"Organization","@id":"https:\/\/www.giessegi.com\/en\/#organization","name":"Giessegi","url":"https:\/\/www.giessegi.com\/en\/","logo":{"@type":"ImageObject","inLanguage":"es","@id":"https:\/\/www.giessegi.com\/en\/#\/schema\/logo\/image\/","url":"https:\/\/www.giessegi.com\/wp-content\/uploads\/2022\/09\/giessegi-logo.jpeg","contentUrl":"https:\/\/www.giessegi.com\/wp-content\/uploads\/2022\/09\/giessegi-logo.jpeg","width":175,"height":77,"caption":"Giessegi"},"image":{"@id":"https:\/\/www.giessegi.com\/en\/#\/schema\/logo\/image\/"}}]}},"_links":{"self":[{"href":"https:\/\/www.giessegi.com\/es\/wp-json\/wp\/v2\/product\/76353","targetHints":{"allow":["GET"]}}],"collection":[{"href":"https:\/\/www.giessegi.com\/es\/wp-json\/wp\/v2\/product"}],"about":[{"href":"https:\/\/www.giessegi.com\/es\/wp-json\/wp\/v2\/types\/product"}],"wp:featuredmedia":[{"embeddable":true,"href":"https:\/\/www.giessegi.com\/es\/wp-json\/wp\/v2\/media\/76358"}],"wp:attachment":[{"href":"https:\/\/www.giessegi.com\/es\/wp-json\/wp\/v2\/media?parent=76353"}],"wp:term":[{"taxonomy":"product_brand","embeddable":true,"href":"https:\/\/www.giessegi.com\/es\/wp-json\/wp\/v2\/product_brand?post=76353"},{"taxonomy":"product_cat","embeddable":true,"href":"https:\/\/www.giessegi.com\/es\/wp-json\/wp\/v2\/product_cat?post=76353"},{"taxonomy":"product_tag","embeddable":true,"href":"https:\/\/www.giessegi.com\/es\/wp-json\/wp\/v2\/product_tag?post=76353"},{"taxonomy":"collezione","embeddable":true,"href":"https:\/\/www.giessegi.com\/es\/wp-json\/wp\/v2\/collezione?post=76353"}],"curies":[{"name":"wp","href":"https:\/\/api.w.org\/{rel}","templated":true}]}}