{"id":76327,"date":"2025-11-02T14:30:43","date_gmt":"2025-11-02T13:30:43","guid":{"rendered":"https:\/\/www.giessegi.com\/?post_type=product&#038;p=76327"},"modified":"2025-11-02T14:36:55","modified_gmt":"2025-11-02T13:36:55","slug":"nanima","status":"publish","type":"product","link":"https:\/\/www.giessegi.com\/es\/producto\/nanima\/","title":{"rendered":"NANIMA"},"content":{"rendered":"","protected":false},"excerpt":{"rendered":"<p>TEJIDO DELANTERO + MANGAS: biel\u00e1stico con membrana cortavientos e impermeable<br \/>\nTEJIDO ESPALDA + LADOS: polar biel\u00e1stico<br \/>\nZIP: cursor autoblocante oculto durante mucho tiempo<br \/>\nMANGA: moldeada con pu\u00f1o<br \/>\nCINTURA: con vuelta<br \/>\nPARTE POSTERIOR DE LA MAILLOT: con el\u00e1stico reflectante siliconado e impreso<br \/>\nSEGURIDAD: el\u00e1stico de punto fino en la parte trasera y lateral<br \/>\nBOLSILLOS: 3 bolsillos abiertos<\/p>\n<p>&nbsp;<\/p>\n<p><strong>DETALLES T\u00c9CNICOS:<\/strong><\/p>\n<ul>\n<li>Bajo delantero con solapa.<\/li>\n<li>El\u00e1stico reflectante con pinza.<\/li>\n<\/ul>\n","protected":false},"featured_media":76334,"template":"","meta":[],"product_brand":[],"product_cat":[691,604,724],"product_tag":[],"collezione":[],"class_list":{"0":"post-76327","1":"product","2":"type-product","3":"status-publish","4":"has-post-thumbnail","6":"product_cat-maillots-premium","7":"product_cat-personalizado","8":"product_cat-premium-es","11":"first","12":"instock","13":"shipping-taxable","14":"product-type-simple"},"yoast_head":"<!-- This site is optimized with the Yoast SEO plugin v27.3 - https:\/\/yoast.com\/product\/yoast-seo-wordpress\/ -->\n<title>NANIMA | GSG - Giessegi<\/title>\n<meta name=\"robots\" content=\"index, follow, max-snippet:-1, max-image-preview:large, max-video-preview:-1\" \/>\n<link rel=\"canonical\" href=\"https:\/\/www.giessegi.com\/es\/producto\/nanima\/\" \/>\n<meta property=\"og:locale\" content=\"es_ES\" \/>\n<meta property=\"og:type\" content=\"article\" \/>\n<meta property=\"og:title\" content=\"NANIMA | GSG - Giessegi\" \/>\n<meta property=\"og:description\" content=\"TEJIDO DELANTERO + MANGAS: biel\u00e1stico con membrana cortavientos e impermeable TEJIDO ESPALDA + LADOS: polar biel\u00e1stico ZIP: cursor autoblocante oculto durante mucho tiempo MANGA: moldeada con pu\u00f1o CINTURA: con vuelta PARTE POSTERIOR DE LA MAILLOT: con el\u00e1stico reflectante siliconado e impreso SEGURIDAD: el\u00e1stico de punto fino en la parte trasera y lateral BOLSILLOS: 3 bolsillos abiertos  &nbsp;  DETALLES T\u00c9CNICOS:   Bajo delantero con solapa.  El\u00e1stico reflectante con pinza.\" \/>\n<meta property=\"og:url\" content=\"https:\/\/www.giessegi.com\/es\/producto\/nanima\/\" \/>\n<meta property=\"og:site_name\" content=\"GSG - Giessegi\" \/>\n<meta property=\"article:modified_time\" content=\"2025-11-02T13:36:55+00:00\" \/>\n<meta property=\"og:image\" content=\"https:\/\/www.giessegi.com\/wp-content\/uploads\/2025\/11\/04266-fr.jpg\" \/>\n\t<meta property=\"og:image:width\" content=\"1000\" \/>\n\t<meta property=\"og:image:height\" content=\"1028\" \/>\n\t<meta property=\"og:image:type\" content=\"image\/jpeg\" \/>\n<meta name=\"twitter:card\" content=\"summary_large_image\" \/>\n<meta name=\"twitter:label1\" content=\"Tiempo de lectura\" \/>\n\t<meta name=\"twitter:data1\" content=\"1 minuto\" \/>\n<script type=\"application\/ld+json\" class=\"yoast-schema-graph\">{\"@context\":\"https:\\\/\\\/schema.org\",\"@graph\":[{\"@type\":\"WebPage\",\"@id\":\"https:\\\/\\\/www.giessegi.com\\\/es\\\/producto\\\/nanima\\\/\",\"url\":\"https:\\\/\\\/www.giessegi.com\\\/es\\\/producto\\\/nanima\\\/\",\"name\":\"NANIMA | GSG - Giessegi\",\"isPartOf\":{\"@id\":\"https:\\\/\\\/www.giessegi.com\\\/en\\\/#website\"},\"primaryImageOfPage\":{\"@id\":\"https:\\\/\\\/www.giessegi.com\\\/es\\\/producto\\\/nanima\\\/#primaryimage\"},\"image\":{\"@id\":\"https:\\\/\\\/www.giessegi.com\\\/es\\\/producto\\\/nanima\\\/#primaryimage\"},\"thumbnailUrl\":\"https:\\\/\\\/www.giessegi.com\\\/wp-content\\\/uploads\\\/2025\\\/11\\\/04266-fr.jpg\",\"datePublished\":\"2025-11-02T13:30:43+00:00\",\"dateModified\":\"2025-11-02T13:36:55+00:00\",\"breadcrumb\":{\"@id\":\"https:\\\/\\\/www.giessegi.com\\\/es\\\/producto\\\/nanima\\\/#breadcrumb\"},\"inLanguage\":\"es\",\"potentialAction\":[{\"@type\":\"ReadAction\",\"target\":[\"https:\\\/\\\/www.giessegi.com\\\/es\\\/producto\\\/nanima\\\/\"]}]},{\"@type\":\"ImageObject\",\"inLanguage\":\"es\",\"@id\":\"https:\\\/\\\/www.giessegi.com\\\/es\\\/producto\\\/nanima\\\/#primaryimage\",\"url\":\"https:\\\/\\\/www.giessegi.com\\\/wp-content\\\/uploads\\\/2025\\\/11\\\/04266-fr.jpg\",\"contentUrl\":\"https:\\\/\\\/www.giessegi.com\\\/wp-content\\\/uploads\\\/2025\\\/11\\\/04266-fr.jpg\",\"width\":1000,\"height\":1028},{\"@type\":\"BreadcrumbList\",\"@id\":\"https:\\\/\\\/www.giessegi.com\\\/es\\\/producto\\\/nanima\\\/#breadcrumb\",\"itemListElement\":[{\"@type\":\"ListItem\",\"position\":1,\"name\":\"Home\",\"item\":\"https:\\\/\\\/www.giessegi.com\\\/\"},{\"@type\":\"ListItem\",\"position\":2,\"name\":\"Products\",\"item\":\"https:\\\/\\\/www.giessegi.com\\\/en\\\/shop\\\/\"},{\"@type\":\"ListItem\",\"position\":3,\"name\":\"NANIMA\"}]},{\"@type\":\"WebSite\",\"@id\":\"https:\\\/\\\/www.giessegi.com\\\/en\\\/#website\",\"url\":\"https:\\\/\\\/www.giessegi.com\\\/en\\\/\",\"name\":\"Giessegi\",\"description\":\"\",\"publisher\":{\"@id\":\"https:\\\/\\\/www.giessegi.com\\\/en\\\/#organization\"},\"potentialAction\":[{\"@type\":\"SearchAction\",\"target\":{\"@type\":\"EntryPoint\",\"urlTemplate\":\"https:\\\/\\\/www.giessegi.com\\\/en\\\/?s={search_term_string}\"},\"query-input\":{\"@type\":\"PropertyValueSpecification\",\"valueRequired\":true,\"valueName\":\"search_term_string\"}}],\"inLanguage\":\"es\"},{\"@type\":\"Organization\",\"@id\":\"https:\\\/\\\/www.giessegi.com\\\/en\\\/#organization\",\"name\":\"Giessegi\",\"url\":\"https:\\\/\\\/www.giessegi.com\\\/en\\\/\",\"logo\":{\"@type\":\"ImageObject\",\"inLanguage\":\"es\",\"@id\":\"https:\\\/\\\/www.giessegi.com\\\/en\\\/#\\\/schema\\\/logo\\\/image\\\/\",\"url\":\"https:\\\/\\\/www.giessegi.com\\\/wp-content\\\/uploads\\\/2022\\\/09\\\/giessegi-logo.jpeg\",\"contentUrl\":\"https:\\\/\\\/www.giessegi.com\\\/wp-content\\\/uploads\\\/2022\\\/09\\\/giessegi-logo.jpeg\",\"width\":175,\"height\":77,\"caption\":\"Giessegi\"},\"image\":{\"@id\":\"https:\\\/\\\/www.giessegi.com\\\/en\\\/#\\\/schema\\\/logo\\\/image\\\/\"}}]}<\/script>\n<!-- \/ Yoast SEO plugin. -->","yoast_head_json":{"title":"NANIMA | GSG - Giessegi","robots":{"index":"index","follow":"follow","max-snippet":"max-snippet:-1","max-image-preview":"max-image-preview:large","max-video-preview":"max-video-preview:-1"},"canonical":"https:\/\/www.giessegi.com\/es\/producto\/nanima\/","og_locale":"es_ES","og_type":"article","og_title":"NANIMA | GSG - Giessegi","og_description":"TEJIDO DELANTERO + MANGAS: biel\u00e1stico con membrana cortavientos e impermeable TEJIDO ESPALDA + LADOS: polar biel\u00e1stico ZIP: cursor autoblocante oculto durante mucho tiempo MANGA: moldeada con pu\u00f1o CINTURA: con vuelta PARTE POSTERIOR DE LA MAILLOT: con el\u00e1stico reflectante siliconado e impreso SEGURIDAD: el\u00e1stico de punto fino en la parte trasera y lateral BOLSILLOS: 3 bolsillos abiertos  &nbsp;  DETALLES T\u00c9CNICOS:   Bajo delantero con solapa.  El\u00e1stico reflectante con pinza.","og_url":"https:\/\/www.giessegi.com\/es\/producto\/nanima\/","og_site_name":"GSG - Giessegi","article_modified_time":"2025-11-02T13:36:55+00:00","og_image":[{"width":1000,"height":1028,"url":"https:\/\/www.giessegi.com\/wp-content\/uploads\/2025\/11\/04266-fr.jpg","type":"image\/jpeg"}],"twitter_card":"summary_large_image","twitter_misc":{"Tiempo de lectura":"1 minuto"},"schema":{"@context":"https:\/\/schema.org","@graph":[{"@type":"WebPage","@id":"https:\/\/www.giessegi.com\/es\/producto\/nanima\/","url":"https:\/\/www.giessegi.com\/es\/producto\/nanima\/","name":"NANIMA | GSG - Giessegi","isPartOf":{"@id":"https:\/\/www.giessegi.com\/en\/#website"},"primaryImageOfPage":{"@id":"https:\/\/www.giessegi.com\/es\/producto\/nanima\/#primaryimage"},"image":{"@id":"https:\/\/www.giessegi.com\/es\/producto\/nanima\/#primaryimage"},"thumbnailUrl":"https:\/\/www.giessegi.com\/wp-content\/uploads\/2025\/11\/04266-fr.jpg","datePublished":"2025-11-02T13:30:43+00:00","dateModified":"2025-11-02T13:36:55+00:00","breadcrumb":{"@id":"https:\/\/www.giessegi.com\/es\/producto\/nanima\/#breadcrumb"},"inLanguage":"es","potentialAction":[{"@type":"ReadAction","target":["https:\/\/www.giessegi.com\/es\/producto\/nanima\/"]}]},{"@type":"ImageObject","inLanguage":"es","@id":"https:\/\/www.giessegi.com\/es\/producto\/nanima\/#primaryimage","url":"https:\/\/www.giessegi.com\/wp-content\/uploads\/2025\/11\/04266-fr.jpg","contentUrl":"https:\/\/www.giessegi.com\/wp-content\/uploads\/2025\/11\/04266-fr.jpg","width":1000,"height":1028},{"@type":"BreadcrumbList","@id":"https:\/\/www.giessegi.com\/es\/producto\/nanima\/#breadcrumb","itemListElement":[{"@type":"ListItem","position":1,"name":"Home","item":"https:\/\/www.giessegi.com\/"},{"@type":"ListItem","position":2,"name":"Products","item":"https:\/\/www.giessegi.com\/en\/shop\/"},{"@type":"ListItem","position":3,"name":"NANIMA"}]},{"@type":"WebSite","@id":"https:\/\/www.giessegi.com\/en\/#website","url":"https:\/\/www.giessegi.com\/en\/","name":"Giessegi","description":"","publisher":{"@id":"https:\/\/www.giessegi.com\/en\/#organization"},"potentialAction":[{"@type":"SearchAction","target":{"@type":"EntryPoint","urlTemplate":"https:\/\/www.giessegi.com\/en\/?s={search_term_string}"},"query-input":{"@type":"PropertyValueSpecification","valueRequired":true,"valueName":"search_term_string"}}],"inLanguage":"es"},{"@type":"Organization","@id":"https:\/\/www.giessegi.com\/en\/#organization","name":"Giessegi","url":"https:\/\/www.giessegi.com\/en\/","logo":{"@type":"ImageObject","inLanguage":"es","@id":"https:\/\/www.giessegi.com\/en\/#\/schema\/logo\/image\/","url":"https:\/\/www.giessegi.com\/wp-content\/uploads\/2022\/09\/giessegi-logo.jpeg","contentUrl":"https:\/\/www.giessegi.com\/wp-content\/uploads\/2022\/09\/giessegi-logo.jpeg","width":175,"height":77,"caption":"Giessegi"},"image":{"@id":"https:\/\/www.giessegi.com\/en\/#\/schema\/logo\/image\/"}}]}},"_links":{"self":[{"href":"https:\/\/www.giessegi.com\/es\/wp-json\/wp\/v2\/product\/76327","targetHints":{"allow":["GET"]}}],"collection":[{"href":"https:\/\/www.giessegi.com\/es\/wp-json\/wp\/v2\/product"}],"about":[{"href":"https:\/\/www.giessegi.com\/es\/wp-json\/wp\/v2\/types\/product"}],"wp:featuredmedia":[{"embeddable":true,"href":"https:\/\/www.giessegi.com\/es\/wp-json\/wp\/v2\/media\/76334"}],"wp:attachment":[{"href":"https:\/\/www.giessegi.com\/es\/wp-json\/wp\/v2\/media?parent=76327"}],"wp:term":[{"taxonomy":"product_brand","embeddable":true,"href":"https:\/\/www.giessegi.com\/es\/wp-json\/wp\/v2\/product_brand?post=76327"},{"taxonomy":"product_cat","embeddable":true,"href":"https:\/\/www.giessegi.com\/es\/wp-json\/wp\/v2\/product_cat?post=76327"},{"taxonomy":"product_tag","embeddable":true,"href":"https:\/\/www.giessegi.com\/es\/wp-json\/wp\/v2\/product_tag?post=76327"},{"taxonomy":"collezione","embeddable":true,"href":"https:\/\/www.giessegi.com\/es\/wp-json\/wp\/v2\/collezione?post=76327"}],"curies":[{"name":"wp","href":"https:\/\/api.w.org\/{rel}","templated":true}]}}