{"id":76108,"date":"2025-11-02T10:16:47","date_gmt":"2025-11-02T09:16:47","guid":{"rendered":"https:\/\/www.giessegi.com\/?post_type=product&#038;p=76108"},"modified":"2025-11-02T10:40:15","modified_gmt":"2025-11-02T09:40:15","slug":"bici","status":"publish","type":"product","link":"https:\/\/www.giessegi.com\/es\/producto\/bici\/","title":{"rendered":"BICI"},"content":{"rendered":"<p class=\"p1\">El <span class=\"s1\"><b>culote de ciclismo t\u00e9rmico para mujer<\/b><\/span> est\u00e1 dise\u00f1ado para ofrecer el m\u00e1ximo confort y rendimiento durante los entrenamientos o rutas en climas fr\u00edos.<\/p>\n<p class=\"p1\">Confeccionado con <span class=\"s1\"><b>tejido afelpado, suave y el\u00e1stico<\/b><\/span>, proporciona un excelente <span class=\"s1\"><b>aislamiento t\u00e9rmico<\/b><\/span>, manteniendo el cuerpo caliente sin limitar la libertad de movimiento. Su textura <span class=\"s1\"><b>agradable al tacto<\/b><\/span> minimiza las irritaciones incluso despu\u00e9s de muchas horas sobre la bicicleta.<\/p>\n<p class=\"p1\">La <span class=\"s1\"><b>cintura alta con banda ancha y suave<\/b><\/span> se adapta perfectamente al cuerpo, ofreciendo sujeci\u00f3n sin comprimir.<\/p>\n<p class=\"p1\">La <span class=\"s1\"><b>badana ergon\u00f3mica de alta calidad Betha 3X<\/b><\/span>, de espesor reducido pero alta densidad, garantiza un <span class=\"s1\"><b>confort \u00f3ptimo<\/b><\/span> y una excelente <span class=\"s1\"><b>absorci\u00f3n de impactos<\/b><\/span>, reduciendo las vibraciones y el cansancio en recorridos largos.<\/p>\n<p class=\"p1\">Su <span class=\"s1\"><b>dise\u00f1o funcional y femenino<\/b><\/span> se ajusta a la silueta, realzando la figura con elegancia y practicidad.<\/p>\n<p class=\"p1\">Ideal para ciclistas que buscan <span class=\"s1\"><b>protecci\u00f3n contra el fr\u00edo, comodidad y estilo<\/b><\/span> en una sola prenda t\u00e9cnica.<\/p>\n","protected":false},"excerpt":{"rendered":"<p class=\"p1\">Culote de ciclismo t\u00e9rmico para mujer con tejido afelpado, suave y el\u00e1stico, dise\u00f1ado para ofrecer calidez y confort en las actividades al aire libre. Incluye badana ergon\u00f3mica Betha 3X de alta densidad, cintura ancha y suave, y un dise\u00f1o femenino que realza la silueta.<\/p>\n","protected":false},"featured_media":58615,"template":"","meta":[],"product_brand":[],"product_cat":[771,632,642],"product_tag":[],"collezione":[],"class_list":{"0":"post-76108","1":"product","2":"type-product","3":"status-publish","4":"has-post-thumbnail","6":"product_cat-pantalones-mujer","7":"product_cat-culottes-largos-mujer","8":"product_cat-mujer","9":"pa_colore-negro-es","10":"pa_taglia-l-es","11":"pa_taglia-m-es","12":"pa_taglia-s-es","13":"pa_taglia-xl-es","14":"pa_taglia-xs-es","17":"first","18":"instock","19":"sale","20":"shipping-taxable","21":"purchasable","22":"product-type-variable"},"yoast_head":"<!-- This site is optimized with the Yoast SEO plugin v27.3 - https:\/\/yoast.com\/product\/yoast-seo-wordpress\/ -->\n<title>BICI | GSG - Giessegi<\/title>\n<meta name=\"robots\" content=\"index, follow, max-snippet:-1, max-image-preview:large, max-video-preview:-1\" \/>\n<link rel=\"canonical\" href=\"https:\/\/www.giessegi.com\/es\/producto\/bici\/\" \/>\n<meta property=\"og:locale\" content=\"es_ES\" \/>\n<meta property=\"og:type\" content=\"article\" \/>\n<meta property=\"og:title\" content=\"BICI | GSG - Giessegi\" \/>\n<meta property=\"og:description\" content=\"Culote de ciclismo t\u00e9rmico para mujer con tejido afelpado, suave y el\u00e1stico, dise\u00f1ado para ofrecer calidez y confort en las actividades al aire libre. Incluye badana ergon\u00f3mica Betha 3X de alta densidad, cintura ancha y suave, y un dise\u00f1o femenino que realza la silueta.\" \/>\n<meta property=\"og:url\" content=\"https:\/\/www.giessegi.com\/es\/producto\/bici\/\" \/>\n<meta property=\"og:site_name\" content=\"GSG - Giessegi\" \/>\n<meta property=\"article:modified_time\" content=\"2025-11-02T09:40:15+00:00\" \/>\n<meta property=\"og:image\" content=\"https:\/\/www.giessegi.com\/wp-content\/uploads\/2023\/10\/07272-BICI_01_nero_front.jpg\" \/>\n\t<meta property=\"og:image:width\" content=\"1000\" \/>\n\t<meta property=\"og:image:height\" content=\"1000\" \/>\n\t<meta property=\"og:image:type\" content=\"image\/jpeg\" \/>\n<meta name=\"twitter:card\" content=\"summary_large_image\" \/>\n<meta name=\"twitter:label1\" content=\"Tiempo de lectura\" \/>\n\t<meta name=\"twitter:data1\" content=\"2 minutos\" \/>\n<script type=\"application\/ld+json\" class=\"yoast-schema-graph\">{\"@context\":\"https:\\\/\\\/schema.org\",\"@graph\":[{\"@type\":\"WebPage\",\"@id\":\"https:\\\/\\\/www.giessegi.com\\\/es\\\/producto\\\/bici\\\/\",\"url\":\"https:\\\/\\\/www.giessegi.com\\\/es\\\/producto\\\/bici\\\/\",\"name\":\"BICI | GSG - Giessegi\",\"isPartOf\":{\"@id\":\"https:\\\/\\\/www.giessegi.com\\\/en\\\/#website\"},\"primaryImageOfPage\":{\"@id\":\"https:\\\/\\\/www.giessegi.com\\\/es\\\/producto\\\/bici\\\/#primaryimage\"},\"image\":{\"@id\":\"https:\\\/\\\/www.giessegi.com\\\/es\\\/producto\\\/bici\\\/#primaryimage\"},\"thumbnailUrl\":\"https:\\\/\\\/www.giessegi.com\\\/wp-content\\\/uploads\\\/2023\\\/10\\\/07272-BICI_01_nero_front.jpg\",\"datePublished\":\"2025-11-02T09:16:47+00:00\",\"dateModified\":\"2025-11-02T09:40:15+00:00\",\"breadcrumb\":{\"@id\":\"https:\\\/\\\/www.giessegi.com\\\/es\\\/producto\\\/bici\\\/#breadcrumb\"},\"inLanguage\":\"es\",\"potentialAction\":[{\"@type\":\"ReadAction\",\"target\":[\"https:\\\/\\\/www.giessegi.com\\\/es\\\/producto\\\/bici\\\/\"]}]},{\"@type\":\"ImageObject\",\"inLanguage\":\"es\",\"@id\":\"https:\\\/\\\/www.giessegi.com\\\/es\\\/producto\\\/bici\\\/#primaryimage\",\"url\":\"https:\\\/\\\/www.giessegi.com\\\/wp-content\\\/uploads\\\/2023\\\/10\\\/07272-BICI_01_nero_front.jpg\",\"contentUrl\":\"https:\\\/\\\/www.giessegi.com\\\/wp-content\\\/uploads\\\/2023\\\/10\\\/07272-BICI_01_nero_front.jpg\",\"width\":1000,\"height\":1000},{\"@type\":\"BreadcrumbList\",\"@id\":\"https:\\\/\\\/www.giessegi.com\\\/es\\\/producto\\\/bici\\\/#breadcrumb\",\"itemListElement\":[{\"@type\":\"ListItem\",\"position\":1,\"name\":\"Home\",\"item\":\"https:\\\/\\\/www.giessegi.com\\\/\"},{\"@type\":\"ListItem\",\"position\":2,\"name\":\"Products\",\"item\":\"https:\\\/\\\/www.giessegi.com\\\/en\\\/shop\\\/\"},{\"@type\":\"ListItem\",\"position\":3,\"name\":\"BICI\"}]},{\"@type\":\"WebSite\",\"@id\":\"https:\\\/\\\/www.giessegi.com\\\/en\\\/#website\",\"url\":\"https:\\\/\\\/www.giessegi.com\\\/en\\\/\",\"name\":\"Giessegi\",\"description\":\"\",\"publisher\":{\"@id\":\"https:\\\/\\\/www.giessegi.com\\\/en\\\/#organization\"},\"potentialAction\":[{\"@type\":\"SearchAction\",\"target\":{\"@type\":\"EntryPoint\",\"urlTemplate\":\"https:\\\/\\\/www.giessegi.com\\\/en\\\/?s={search_term_string}\"},\"query-input\":{\"@type\":\"PropertyValueSpecification\",\"valueRequired\":true,\"valueName\":\"search_term_string\"}}],\"inLanguage\":\"es\"},{\"@type\":\"Organization\",\"@id\":\"https:\\\/\\\/www.giessegi.com\\\/en\\\/#organization\",\"name\":\"Giessegi\",\"url\":\"https:\\\/\\\/www.giessegi.com\\\/en\\\/\",\"logo\":{\"@type\":\"ImageObject\",\"inLanguage\":\"es\",\"@id\":\"https:\\\/\\\/www.giessegi.com\\\/en\\\/#\\\/schema\\\/logo\\\/image\\\/\",\"url\":\"https:\\\/\\\/www.giessegi.com\\\/wp-content\\\/uploads\\\/2022\\\/09\\\/giessegi-logo.jpeg\",\"contentUrl\":\"https:\\\/\\\/www.giessegi.com\\\/wp-content\\\/uploads\\\/2022\\\/09\\\/giessegi-logo.jpeg\",\"width\":175,\"height\":77,\"caption\":\"Giessegi\"},\"image\":{\"@id\":\"https:\\\/\\\/www.giessegi.com\\\/en\\\/#\\\/schema\\\/logo\\\/image\\\/\"}}]}<\/script>\n<!-- \/ Yoast SEO plugin. -->","yoast_head_json":{"title":"BICI | GSG - Giessegi","robots":{"index":"index","follow":"follow","max-snippet":"max-snippet:-1","max-image-preview":"max-image-preview:large","max-video-preview":"max-video-preview:-1"},"canonical":"https:\/\/www.giessegi.com\/es\/producto\/bici\/","og_locale":"es_ES","og_type":"article","og_title":"BICI | GSG - Giessegi","og_description":"Culote de ciclismo t\u00e9rmico para mujer con tejido afelpado, suave y el\u00e1stico, dise\u00f1ado para ofrecer calidez y confort en las actividades al aire libre. Incluye badana ergon\u00f3mica Betha 3X de alta densidad, cintura ancha y suave, y un dise\u00f1o femenino que realza la silueta.","og_url":"https:\/\/www.giessegi.com\/es\/producto\/bici\/","og_site_name":"GSG - Giessegi","article_modified_time":"2025-11-02T09:40:15+00:00","og_image":[{"width":1000,"height":1000,"url":"https:\/\/www.giessegi.com\/wp-content\/uploads\/2023\/10\/07272-BICI_01_nero_front.jpg","type":"image\/jpeg"}],"twitter_card":"summary_large_image","twitter_misc":{"Tiempo de lectura":"2 minutos"},"schema":{"@context":"https:\/\/schema.org","@graph":[{"@type":"WebPage","@id":"https:\/\/www.giessegi.com\/es\/producto\/bici\/","url":"https:\/\/www.giessegi.com\/es\/producto\/bici\/","name":"BICI | GSG - Giessegi","isPartOf":{"@id":"https:\/\/www.giessegi.com\/en\/#website"},"primaryImageOfPage":{"@id":"https:\/\/www.giessegi.com\/es\/producto\/bici\/#primaryimage"},"image":{"@id":"https:\/\/www.giessegi.com\/es\/producto\/bici\/#primaryimage"},"thumbnailUrl":"https:\/\/www.giessegi.com\/wp-content\/uploads\/2023\/10\/07272-BICI_01_nero_front.jpg","datePublished":"2025-11-02T09:16:47+00:00","dateModified":"2025-11-02T09:40:15+00:00","breadcrumb":{"@id":"https:\/\/www.giessegi.com\/es\/producto\/bici\/#breadcrumb"},"inLanguage":"es","potentialAction":[{"@type":"ReadAction","target":["https:\/\/www.giessegi.com\/es\/producto\/bici\/"]}]},{"@type":"ImageObject","inLanguage":"es","@id":"https:\/\/www.giessegi.com\/es\/producto\/bici\/#primaryimage","url":"https:\/\/www.giessegi.com\/wp-content\/uploads\/2023\/10\/07272-BICI_01_nero_front.jpg","contentUrl":"https:\/\/www.giessegi.com\/wp-content\/uploads\/2023\/10\/07272-BICI_01_nero_front.jpg","width":1000,"height":1000},{"@type":"BreadcrumbList","@id":"https:\/\/www.giessegi.com\/es\/producto\/bici\/#breadcrumb","itemListElement":[{"@type":"ListItem","position":1,"name":"Home","item":"https:\/\/www.giessegi.com\/"},{"@type":"ListItem","position":2,"name":"Products","item":"https:\/\/www.giessegi.com\/en\/shop\/"},{"@type":"ListItem","position":3,"name":"BICI"}]},{"@type":"WebSite","@id":"https:\/\/www.giessegi.com\/en\/#website","url":"https:\/\/www.giessegi.com\/en\/","name":"Giessegi","description":"","publisher":{"@id":"https:\/\/www.giessegi.com\/en\/#organization"},"potentialAction":[{"@type":"SearchAction","target":{"@type":"EntryPoint","urlTemplate":"https:\/\/www.giessegi.com\/en\/?s={search_term_string}"},"query-input":{"@type":"PropertyValueSpecification","valueRequired":true,"valueName":"search_term_string"}}],"inLanguage":"es"},{"@type":"Organization","@id":"https:\/\/www.giessegi.com\/en\/#organization","name":"Giessegi","url":"https:\/\/www.giessegi.com\/en\/","logo":{"@type":"ImageObject","inLanguage":"es","@id":"https:\/\/www.giessegi.com\/en\/#\/schema\/logo\/image\/","url":"https:\/\/www.giessegi.com\/wp-content\/uploads\/2022\/09\/giessegi-logo.jpeg","contentUrl":"https:\/\/www.giessegi.com\/wp-content\/uploads\/2022\/09\/giessegi-logo.jpeg","width":175,"height":77,"caption":"Giessegi"},"image":{"@id":"https:\/\/www.giessegi.com\/en\/#\/schema\/logo\/image\/"}}]}},"_links":{"self":[{"href":"https:\/\/www.giessegi.com\/es\/wp-json\/wp\/v2\/product\/76108","targetHints":{"allow":["GET"]}}],"collection":[{"href":"https:\/\/www.giessegi.com\/es\/wp-json\/wp\/v2\/product"}],"about":[{"href":"https:\/\/www.giessegi.com\/es\/wp-json\/wp\/v2\/types\/product"}],"wp:featuredmedia":[{"embeddable":true,"href":"https:\/\/www.giessegi.com\/es\/wp-json\/wp\/v2\/media\/58615"}],"wp:attachment":[{"href":"https:\/\/www.giessegi.com\/es\/wp-json\/wp\/v2\/media?parent=76108"}],"wp:term":[{"taxonomy":"product_brand","embeddable":true,"href":"https:\/\/www.giessegi.com\/es\/wp-json\/wp\/v2\/product_brand?post=76108"},{"taxonomy":"product_cat","embeddable":true,"href":"https:\/\/www.giessegi.com\/es\/wp-json\/wp\/v2\/product_cat?post=76108"},{"taxonomy":"product_tag","embeddable":true,"href":"https:\/\/www.giessegi.com\/es\/wp-json\/wp\/v2\/product_tag?post=76108"},{"taxonomy":"collezione","embeddable":true,"href":"https:\/\/www.giessegi.com\/es\/wp-json\/wp\/v2\/collezione?post=76108"}],"curies":[{"name":"wp","href":"https:\/\/api.w.org\/{rel}","templated":true}]}}