{"id":71364,"date":"2025-10-16T14:45:17","date_gmt":"2025-10-16T12:45:17","guid":{"rendered":"https:\/\/www.giessegi.com\/?post_type=product&#038;p=71364"},"modified":"2026-04-30T12:35:02","modified_gmt":"2026-04-30T10:35:02","slug":"thermoshorts","status":"publish","type":"product","link":"https:\/\/www.giessegi.com\/es\/producto\/thermoshorts\/","title":{"rendered":"THERMOSHORTS"},"content":{"rendered":"<p class=\"p1\">El <span class=\"s1\"><b>culotte corto THERMOSHORTS<\/b><\/span> est\u00e1 dise\u00f1ado para ofrecer <span class=\"s1\"><b>protecci\u00f3n t\u00e9rmica y alto rendimiento<\/b><\/span> en las rutas de media temporada o en d\u00edas fr\u00edos.<\/p>\n<p class=\"p1\">El <span class=\"s1\"><b>tejido el\u00e1stico afelpado<\/b><\/span> garantiza un excelente aislamiento t\u00e9rmico, manteniendo la piel seca y una total libertad de movimiento.<\/p>\n<p class=\"p1\">La <span class=\"s1\"><b>badana Pulsar de alta densidad<\/b><\/span> proporciona confort y soporte duradero, incluso en salidas largas o exigentes.<\/p>\n<p class=\"p1\">Los <span class=\"s1\"><b>tirantes ergon\u00f3micos<\/b><\/span> distribuyen la presi\u00f3n de manera uniforme y mantienen la prenda en su lugar, mientras que las <span class=\"s1\"><b>costuras m\u00ednimas<\/b><\/span> reducen la fricci\u00f3n y mejoran la aerodin\u00e1mica.<\/p>\n<p class=\"p1\">Los <span class=\"s1\"><b>detalles reflectantes<\/b><\/span> aumentan la visibilidad y la seguridad en condiciones de poca luz.<\/p>\n<p class=\"p1\">Una prenda <span class=\"s1\"><b>t\u00e9cnica, vers\u00e1til y c\u00f3moda<\/b><\/span>, perfecta para quienes buscan calidez y rendimiento en cada pedalada.<\/p>\n","protected":false},"excerpt":{"rendered":"<p class=\"p1\">Culotte corto con tirantes <span class=\"s1\"><b>THERMOSHORTS<\/b><\/span>, ideal para los d\u00edas frescos.<\/p>\n<p class=\"p1\">Fabricado con <span class=\"s1\"><b>tejido t\u00e9cnico el\u00e1stico afelpado<\/b><\/span> que proporciona calor y transpirabilidad, con <span class=\"s1\"><b>badana Pulsar de alta densidad<\/b><\/span>, <span class=\"s1\"><b>detalles reflectantes<\/b><\/span> y <span class=\"s1\"><b>costuras m\u00ednimas<\/b><\/span> para mayor comodidad y aerodin\u00e1mica.<\/p>\n","protected":false},"featured_media":71378,"template":"","meta":[],"product_brand":[],"product_cat":[773,629,669,766],"product_tag":[],"collezione":[],"class_list":{"0":"post-71364","1":"product","2":"type-product","3":"status-publish","4":"has-post-thumbnail","6":"product_cat-pantalones-hombre","7":"product_cat-culottes-largos-hombre","8":"product_cat-gravel-es","9":"product_cat-hombre","10":"pa_colore-negro-es","11":"pa_taglia-3xl-es","12":"pa_taglia-l-es","13":"pa_taglia-m-es","14":"pa_taglia-s-es","15":"pa_taglia-xl-es","16":"pa_taglia-xs-es","17":"pa_taglia-xxl-es","20":"first","21":"outofstock","22":"shipping-taxable","23":"product-type-variable"},"yoast_head":"<!-- This site is optimized with the Yoast SEO plugin v27.3 - https:\/\/yoast.com\/product\/yoast-seo-wordpress\/ -->\n<title>THERMOSHORTS | GSG - Giessegi<\/title>\n<meta name=\"robots\" content=\"index, follow, max-snippet:-1, max-image-preview:large, max-video-preview:-1\" \/>\n<link rel=\"canonical\" href=\"https:\/\/www.giessegi.com\/es\/producto\/thermoshorts\/\" \/>\n<meta property=\"og:locale\" content=\"es_ES\" \/>\n<meta property=\"og:type\" content=\"article\" \/>\n<meta property=\"og:title\" content=\"THERMOSHORTS | GSG - Giessegi\" \/>\n<meta property=\"og:description\" content=\"Culotte corto con tirantes THERMOSHORTS, ideal para los d\u00edas frescos. Fabricado con tejido t\u00e9cnico el\u00e1stico afelpado que proporciona calor y transpirabilidad, con badana Pulsar de alta densidad, detalles reflectantes y costuras m\u00ednimas para mayor comodidad y aerodin\u00e1mica.\" \/>\n<meta property=\"og:url\" content=\"https:\/\/www.giessegi.com\/es\/producto\/thermoshorts\/\" \/>\n<meta property=\"og:site_name\" content=\"GSG - Giessegi\" \/>\n<meta property=\"article:modified_time\" content=\"2026-04-30T10:35:02+00:00\" \/>\n<meta property=\"og:image\" content=\"https:\/\/www.giessegi.com\/wp-content\/uploads\/2025\/10\/05598_fr.jpg\" \/>\n\t<meta property=\"og:image:width\" content=\"1000\" \/>\n\t<meta property=\"og:image:height\" content=\"1000\" \/>\n\t<meta property=\"og:image:type\" content=\"image\/jpeg\" \/>\n<meta name=\"twitter:card\" content=\"summary_large_image\" \/>\n<meta name=\"twitter:label1\" content=\"Tiempo de lectura\" \/>\n\t<meta name=\"twitter:data1\" content=\"1 minuto\" \/>\n<script type=\"application\/ld+json\" class=\"yoast-schema-graph\">{\"@context\":\"https:\\\/\\\/schema.org\",\"@graph\":[{\"@type\":\"WebPage\",\"@id\":\"https:\\\/\\\/www.giessegi.com\\\/es\\\/producto\\\/thermoshorts\\\/\",\"url\":\"https:\\\/\\\/www.giessegi.com\\\/es\\\/producto\\\/thermoshorts\\\/\",\"name\":\"THERMOSHORTS | GSG - Giessegi\",\"isPartOf\":{\"@id\":\"https:\\\/\\\/www.giessegi.com\\\/en\\\/#website\"},\"primaryImageOfPage\":{\"@id\":\"https:\\\/\\\/www.giessegi.com\\\/es\\\/producto\\\/thermoshorts\\\/#primaryimage\"},\"image\":{\"@id\":\"https:\\\/\\\/www.giessegi.com\\\/es\\\/producto\\\/thermoshorts\\\/#primaryimage\"},\"thumbnailUrl\":\"https:\\\/\\\/www.giessegi.com\\\/wp-content\\\/uploads\\\/2025\\\/10\\\/05598_fr.jpg\",\"datePublished\":\"2025-10-16T12:45:17+00:00\",\"dateModified\":\"2026-04-30T10:35:02+00:00\",\"breadcrumb\":{\"@id\":\"https:\\\/\\\/www.giessegi.com\\\/es\\\/producto\\\/thermoshorts\\\/#breadcrumb\"},\"inLanguage\":\"es\",\"potentialAction\":[{\"@type\":\"ReadAction\",\"target\":[\"https:\\\/\\\/www.giessegi.com\\\/es\\\/producto\\\/thermoshorts\\\/\"]}]},{\"@type\":\"ImageObject\",\"inLanguage\":\"es\",\"@id\":\"https:\\\/\\\/www.giessegi.com\\\/es\\\/producto\\\/thermoshorts\\\/#primaryimage\",\"url\":\"https:\\\/\\\/www.giessegi.com\\\/wp-content\\\/uploads\\\/2025\\\/10\\\/05598_fr.jpg\",\"contentUrl\":\"https:\\\/\\\/www.giessegi.com\\\/wp-content\\\/uploads\\\/2025\\\/10\\\/05598_fr.jpg\",\"width\":1000,\"height\":1000},{\"@type\":\"BreadcrumbList\",\"@id\":\"https:\\\/\\\/www.giessegi.com\\\/es\\\/producto\\\/thermoshorts\\\/#breadcrumb\",\"itemListElement\":[{\"@type\":\"ListItem\",\"position\":1,\"name\":\"Home\",\"item\":\"https:\\\/\\\/www.giessegi.com\\\/\"},{\"@type\":\"ListItem\",\"position\":2,\"name\":\"Products\",\"item\":\"https:\\\/\\\/www.giessegi.com\\\/en\\\/shop\\\/\"},{\"@type\":\"ListItem\",\"position\":3,\"name\":\"THERMOSHORTS\"}]},{\"@type\":\"WebSite\",\"@id\":\"https:\\\/\\\/www.giessegi.com\\\/en\\\/#website\",\"url\":\"https:\\\/\\\/www.giessegi.com\\\/en\\\/\",\"name\":\"Giessegi\",\"description\":\"\",\"publisher\":{\"@id\":\"https:\\\/\\\/www.giessegi.com\\\/en\\\/#organization\"},\"potentialAction\":[{\"@type\":\"SearchAction\",\"target\":{\"@type\":\"EntryPoint\",\"urlTemplate\":\"https:\\\/\\\/www.giessegi.com\\\/en\\\/?s={search_term_string}\"},\"query-input\":{\"@type\":\"PropertyValueSpecification\",\"valueRequired\":true,\"valueName\":\"search_term_string\"}}],\"inLanguage\":\"es\"},{\"@type\":\"Organization\",\"@id\":\"https:\\\/\\\/www.giessegi.com\\\/en\\\/#organization\",\"name\":\"Giessegi\",\"url\":\"https:\\\/\\\/www.giessegi.com\\\/en\\\/\",\"logo\":{\"@type\":\"ImageObject\",\"inLanguage\":\"es\",\"@id\":\"https:\\\/\\\/www.giessegi.com\\\/en\\\/#\\\/schema\\\/logo\\\/image\\\/\",\"url\":\"https:\\\/\\\/www.giessegi.com\\\/wp-content\\\/uploads\\\/2022\\\/09\\\/giessegi-logo.jpeg\",\"contentUrl\":\"https:\\\/\\\/www.giessegi.com\\\/wp-content\\\/uploads\\\/2022\\\/09\\\/giessegi-logo.jpeg\",\"width\":175,\"height\":77,\"caption\":\"Giessegi\"},\"image\":{\"@id\":\"https:\\\/\\\/www.giessegi.com\\\/en\\\/#\\\/schema\\\/logo\\\/image\\\/\"}}]}<\/script>\n<!-- \/ Yoast SEO plugin. -->","yoast_head_json":{"title":"THERMOSHORTS | GSG - Giessegi","robots":{"index":"index","follow":"follow","max-snippet":"max-snippet:-1","max-image-preview":"max-image-preview:large","max-video-preview":"max-video-preview:-1"},"canonical":"https:\/\/www.giessegi.com\/es\/producto\/thermoshorts\/","og_locale":"es_ES","og_type":"article","og_title":"THERMOSHORTS | GSG - Giessegi","og_description":"Culotte corto con tirantes THERMOSHORTS, ideal para los d\u00edas frescos. Fabricado con tejido t\u00e9cnico el\u00e1stico afelpado que proporciona calor y transpirabilidad, con badana Pulsar de alta densidad, detalles reflectantes y costuras m\u00ednimas para mayor comodidad y aerodin\u00e1mica.","og_url":"https:\/\/www.giessegi.com\/es\/producto\/thermoshorts\/","og_site_name":"GSG - Giessegi","article_modified_time":"2026-04-30T10:35:02+00:00","og_image":[{"width":1000,"height":1000,"url":"https:\/\/www.giessegi.com\/wp-content\/uploads\/2025\/10\/05598_fr.jpg","type":"image\/jpeg"}],"twitter_card":"summary_large_image","twitter_misc":{"Tiempo de lectura":"1 minuto"},"schema":{"@context":"https:\/\/schema.org","@graph":[{"@type":"WebPage","@id":"https:\/\/www.giessegi.com\/es\/producto\/thermoshorts\/","url":"https:\/\/www.giessegi.com\/es\/producto\/thermoshorts\/","name":"THERMOSHORTS | GSG - Giessegi","isPartOf":{"@id":"https:\/\/www.giessegi.com\/en\/#website"},"primaryImageOfPage":{"@id":"https:\/\/www.giessegi.com\/es\/producto\/thermoshorts\/#primaryimage"},"image":{"@id":"https:\/\/www.giessegi.com\/es\/producto\/thermoshorts\/#primaryimage"},"thumbnailUrl":"https:\/\/www.giessegi.com\/wp-content\/uploads\/2025\/10\/05598_fr.jpg","datePublished":"2025-10-16T12:45:17+00:00","dateModified":"2026-04-30T10:35:02+00:00","breadcrumb":{"@id":"https:\/\/www.giessegi.com\/es\/producto\/thermoshorts\/#breadcrumb"},"inLanguage":"es","potentialAction":[{"@type":"ReadAction","target":["https:\/\/www.giessegi.com\/es\/producto\/thermoshorts\/"]}]},{"@type":"ImageObject","inLanguage":"es","@id":"https:\/\/www.giessegi.com\/es\/producto\/thermoshorts\/#primaryimage","url":"https:\/\/www.giessegi.com\/wp-content\/uploads\/2025\/10\/05598_fr.jpg","contentUrl":"https:\/\/www.giessegi.com\/wp-content\/uploads\/2025\/10\/05598_fr.jpg","width":1000,"height":1000},{"@type":"BreadcrumbList","@id":"https:\/\/www.giessegi.com\/es\/producto\/thermoshorts\/#breadcrumb","itemListElement":[{"@type":"ListItem","position":1,"name":"Home","item":"https:\/\/www.giessegi.com\/"},{"@type":"ListItem","position":2,"name":"Products","item":"https:\/\/www.giessegi.com\/en\/shop\/"},{"@type":"ListItem","position":3,"name":"THERMOSHORTS"}]},{"@type":"WebSite","@id":"https:\/\/www.giessegi.com\/en\/#website","url":"https:\/\/www.giessegi.com\/en\/","name":"Giessegi","description":"","publisher":{"@id":"https:\/\/www.giessegi.com\/en\/#organization"},"potentialAction":[{"@type":"SearchAction","target":{"@type":"EntryPoint","urlTemplate":"https:\/\/www.giessegi.com\/en\/?s={search_term_string}"},"query-input":{"@type":"PropertyValueSpecification","valueRequired":true,"valueName":"search_term_string"}}],"inLanguage":"es"},{"@type":"Organization","@id":"https:\/\/www.giessegi.com\/en\/#organization","name":"Giessegi","url":"https:\/\/www.giessegi.com\/en\/","logo":{"@type":"ImageObject","inLanguage":"es","@id":"https:\/\/www.giessegi.com\/en\/#\/schema\/logo\/image\/","url":"https:\/\/www.giessegi.com\/wp-content\/uploads\/2022\/09\/giessegi-logo.jpeg","contentUrl":"https:\/\/www.giessegi.com\/wp-content\/uploads\/2022\/09\/giessegi-logo.jpeg","width":175,"height":77,"caption":"Giessegi"},"image":{"@id":"https:\/\/www.giessegi.com\/en\/#\/schema\/logo\/image\/"}}]}},"_links":{"self":[{"href":"https:\/\/www.giessegi.com\/es\/wp-json\/wp\/v2\/product\/71364","targetHints":{"allow":["GET"]}}],"collection":[{"href":"https:\/\/www.giessegi.com\/es\/wp-json\/wp\/v2\/product"}],"about":[{"href":"https:\/\/www.giessegi.com\/es\/wp-json\/wp\/v2\/types\/product"}],"wp:featuredmedia":[{"embeddable":true,"href":"https:\/\/www.giessegi.com\/es\/wp-json\/wp\/v2\/media\/71378"}],"wp:attachment":[{"href":"https:\/\/www.giessegi.com\/es\/wp-json\/wp\/v2\/media?parent=71364"}],"wp:term":[{"taxonomy":"product_brand","embeddable":true,"href":"https:\/\/www.giessegi.com\/es\/wp-json\/wp\/v2\/product_brand?post=71364"},{"taxonomy":"product_cat","embeddable":true,"href":"https:\/\/www.giessegi.com\/es\/wp-json\/wp\/v2\/product_cat?post=71364"},{"taxonomy":"product_tag","embeddable":true,"href":"https:\/\/www.giessegi.com\/es\/wp-json\/wp\/v2\/product_tag?post=71364"},{"taxonomy":"collezione","embeddable":true,"href":"https:\/\/www.giessegi.com\/es\/wp-json\/wp\/v2\/collezione?post=71364"}],"curies":[{"name":"wp","href":"https:\/\/api.w.org\/{rel}","templated":true}]}}