{"id":71319,"date":"2025-10-16T14:14:04","date_gmt":"2025-10-16T12:14:04","guid":{"rendered":"https:\/\/www.giessegi.com\/?post_type=product&#038;p=71319"},"modified":"2025-12-23T14:24:44","modified_gmt":"2025-12-23T13:24:44","slug":"flexifit-3-4","status":"publish","type":"product","link":"https:\/\/www.giessegi.com\/es\/producto\/flexifit-3-4\/","title":{"rendered":"FLEXIFIT 3\/4"},"content":{"rendered":"<p class=\"p1\"><span class=\"s1\">El <\/span><b>culotte 3\/4 FLEXIFIT<\/b><span class=\"s1\"> combina <\/span><b>comodidad, protecci\u00f3n y rendimiento<\/b><span class=\"s1\"> para las rutas en d\u00edas frescos.<\/span><\/p>\n<p class=\"p2\">El <span class=\"s2\"><b>tejido el\u00e1stico afelpado<\/b><\/span> proporciona calor, transpirabilidad y un ajuste anat\u00f3mico perfecto que se adapta al cuerpo sin restricciones.<\/p>\n<p class=\"p2\">La <span class=\"s2\"><b>badana Pulsar de alta densidad<\/b><\/span> garantiza excelente absorci\u00f3n de las vibraciones y soporte incluso en salidas largas.<\/p>\n<p class=\"p2\">Los <span class=\"s2\"><b>tirantes ergon\u00f3micos<\/b><\/span> mejoran la estabilidad y el ajuste, mientras que las <span class=\"s2\"><b>costuras m\u00ednimas<\/b><\/span> reducen la fricci\u00f3n y aumentan la aerodin\u00e1mica.<\/p>\n<p class=\"p2\">Los <span class=\"s2\"><b>detalles reflectantes estrat\u00e9gicamente colocados<\/b><\/span> mejoran la visibilidad y la seguridad en condiciones de poca luz.<\/p>\n<p class=\"p2\">Una prenda <span class=\"s2\"><b>t\u00e9cnica, vers\u00e1til y de alto rendimiento<\/b><\/span>, ideal para entrenamientos y rutas en media temporada.<\/p>\n","protected":false},"excerpt":{"rendered":"<p class=\"p1\">Culotte <span class=\"s1\"><b>FLEXIFIT 3\/4 con tirantes<\/b><\/span>, perfecto para la media temporada.<\/p>\n<p class=\"p2\"><span class=\"s2\">Confeccionado en <\/span><b>tejido t\u00e9cnico el\u00e1stico afelpado<\/b><span class=\"s2\">, con <\/span><b>badana Pulsar de alta densidad<\/b><span class=\"s2\">, <\/span><b>detalles reflectantes<\/b><span class=\"s2\"> y <\/span><b>costuras m\u00ednimas<\/b><span class=\"s2\"> para mayor comodidad y aerodin\u00e1mica.<\/span><\/p>\n","protected":false},"featured_media":71338,"template":"","meta":[],"product_brand":[],"product_cat":[773,629,669,766],"product_tag":[],"collezione":[],"class_list":{"0":"post-71319","1":"product","2":"type-product","3":"status-publish","4":"has-post-thumbnail","6":"product_cat-pantalones-hombre","7":"product_cat-culottes-largos-hombre","8":"product_cat-gravel-es","9":"product_cat-hombre","10":"pa_colore-negro-es","11":"pa_taglia-3xl-es","12":"pa_taglia-l-es","13":"pa_taglia-m-es","14":"pa_taglia-s-es","15":"pa_taglia-xl-es","16":"pa_taglia-xs-es","17":"pa_taglia-xxl-es","20":"first","21":"instock","22":"shipping-taxable","23":"purchasable","24":"product-type-variable"},"yoast_head":"<!-- This site is optimized with the Yoast SEO plugin v27.3 - https:\/\/yoast.com\/product\/yoast-seo-wordpress\/ -->\n<title>FLEXIFIT 3\/4 | GSG - Giessegi<\/title>\n<meta name=\"robots\" content=\"index, follow, max-snippet:-1, max-image-preview:large, max-video-preview:-1\" \/>\n<link rel=\"canonical\" href=\"https:\/\/www.giessegi.com\/es\/producto\/flexifit-3-4\/\" \/>\n<meta property=\"og:locale\" content=\"es_ES\" \/>\n<meta property=\"og:type\" content=\"article\" \/>\n<meta property=\"og:title\" content=\"FLEXIFIT 3\/4 | GSG - Giessegi\" \/>\n<meta property=\"og:description\" content=\"Culotte FLEXIFIT 3\/4 con tirantes, perfecto para la media temporada. Confeccionado en tejido t\u00e9cnico el\u00e1stico afelpado, con badana Pulsar de alta densidad, detalles reflectantes y costuras m\u00ednimas para mayor comodidad y aerodin\u00e1mica.\" \/>\n<meta property=\"og:url\" content=\"https:\/\/www.giessegi.com\/es\/producto\/flexifit-3-4\/\" \/>\n<meta property=\"og:site_name\" content=\"GSG - Giessegi\" \/>\n<meta property=\"article:modified_time\" content=\"2025-12-23T13:24:44+00:00\" \/>\n<meta property=\"og:image\" content=\"https:\/\/www.giessegi.com\/wp-content\/uploads\/2025\/10\/06119_fr.jpg\" \/>\n\t<meta property=\"og:image:width\" content=\"1000\" \/>\n\t<meta property=\"og:image:height\" content=\"1028\" \/>\n\t<meta property=\"og:image:type\" content=\"image\/jpeg\" \/>\n<meta name=\"twitter:card\" content=\"summary_large_image\" \/>\n<meta name=\"twitter:label1\" content=\"Tiempo de lectura\" \/>\n\t<meta name=\"twitter:data1\" content=\"1 minuto\" \/>\n<script type=\"application\/ld+json\" class=\"yoast-schema-graph\">{\"@context\":\"https:\\\/\\\/schema.org\",\"@graph\":[{\"@type\":\"WebPage\",\"@id\":\"https:\\\/\\\/www.giessegi.com\\\/es\\\/producto\\\/flexifit-3-4\\\/\",\"url\":\"https:\\\/\\\/www.giessegi.com\\\/es\\\/producto\\\/flexifit-3-4\\\/\",\"name\":\"FLEXIFIT 3\\\/4 | GSG - Giessegi\",\"isPartOf\":{\"@id\":\"https:\\\/\\\/www.giessegi.com\\\/en\\\/#website\"},\"primaryImageOfPage\":{\"@id\":\"https:\\\/\\\/www.giessegi.com\\\/es\\\/producto\\\/flexifit-3-4\\\/#primaryimage\"},\"image\":{\"@id\":\"https:\\\/\\\/www.giessegi.com\\\/es\\\/producto\\\/flexifit-3-4\\\/#primaryimage\"},\"thumbnailUrl\":\"https:\\\/\\\/www.giessegi.com\\\/wp-content\\\/uploads\\\/2025\\\/10\\\/06119_fr.jpg\",\"datePublished\":\"2025-10-16T12:14:04+00:00\",\"dateModified\":\"2025-12-23T13:24:44+00:00\",\"breadcrumb\":{\"@id\":\"https:\\\/\\\/www.giessegi.com\\\/es\\\/producto\\\/flexifit-3-4\\\/#breadcrumb\"},\"inLanguage\":\"es\",\"potentialAction\":[{\"@type\":\"ReadAction\",\"target\":[\"https:\\\/\\\/www.giessegi.com\\\/es\\\/producto\\\/flexifit-3-4\\\/\"]}]},{\"@type\":\"ImageObject\",\"inLanguage\":\"es\",\"@id\":\"https:\\\/\\\/www.giessegi.com\\\/es\\\/producto\\\/flexifit-3-4\\\/#primaryimage\",\"url\":\"https:\\\/\\\/www.giessegi.com\\\/wp-content\\\/uploads\\\/2025\\\/10\\\/06119_fr.jpg\",\"contentUrl\":\"https:\\\/\\\/www.giessegi.com\\\/wp-content\\\/uploads\\\/2025\\\/10\\\/06119_fr.jpg\",\"width\":1000,\"height\":1028},{\"@type\":\"BreadcrumbList\",\"@id\":\"https:\\\/\\\/www.giessegi.com\\\/es\\\/producto\\\/flexifit-3-4\\\/#breadcrumb\",\"itemListElement\":[{\"@type\":\"ListItem\",\"position\":1,\"name\":\"Home\",\"item\":\"https:\\\/\\\/www.giessegi.com\\\/\"},{\"@type\":\"ListItem\",\"position\":2,\"name\":\"Products\",\"item\":\"https:\\\/\\\/www.giessegi.com\\\/en\\\/shop\\\/\"},{\"@type\":\"ListItem\",\"position\":3,\"name\":\"FLEXIFIT 3\\\/4\"}]},{\"@type\":\"WebSite\",\"@id\":\"https:\\\/\\\/www.giessegi.com\\\/en\\\/#website\",\"url\":\"https:\\\/\\\/www.giessegi.com\\\/en\\\/\",\"name\":\"Giessegi\",\"description\":\"\",\"publisher\":{\"@id\":\"https:\\\/\\\/www.giessegi.com\\\/en\\\/#organization\"},\"potentialAction\":[{\"@type\":\"SearchAction\",\"target\":{\"@type\":\"EntryPoint\",\"urlTemplate\":\"https:\\\/\\\/www.giessegi.com\\\/en\\\/?s={search_term_string}\"},\"query-input\":{\"@type\":\"PropertyValueSpecification\",\"valueRequired\":true,\"valueName\":\"search_term_string\"}}],\"inLanguage\":\"es\"},{\"@type\":\"Organization\",\"@id\":\"https:\\\/\\\/www.giessegi.com\\\/en\\\/#organization\",\"name\":\"Giessegi\",\"url\":\"https:\\\/\\\/www.giessegi.com\\\/en\\\/\",\"logo\":{\"@type\":\"ImageObject\",\"inLanguage\":\"es\",\"@id\":\"https:\\\/\\\/www.giessegi.com\\\/en\\\/#\\\/schema\\\/logo\\\/image\\\/\",\"url\":\"https:\\\/\\\/www.giessegi.com\\\/wp-content\\\/uploads\\\/2022\\\/09\\\/giessegi-logo.jpeg\",\"contentUrl\":\"https:\\\/\\\/www.giessegi.com\\\/wp-content\\\/uploads\\\/2022\\\/09\\\/giessegi-logo.jpeg\",\"width\":175,\"height\":77,\"caption\":\"Giessegi\"},\"image\":{\"@id\":\"https:\\\/\\\/www.giessegi.com\\\/en\\\/#\\\/schema\\\/logo\\\/image\\\/\"}}]}<\/script>\n<!-- \/ Yoast SEO plugin. -->","yoast_head_json":{"title":"FLEXIFIT 3\/4 | GSG - Giessegi","robots":{"index":"index","follow":"follow","max-snippet":"max-snippet:-1","max-image-preview":"max-image-preview:large","max-video-preview":"max-video-preview:-1"},"canonical":"https:\/\/www.giessegi.com\/es\/producto\/flexifit-3-4\/","og_locale":"es_ES","og_type":"article","og_title":"FLEXIFIT 3\/4 | GSG - Giessegi","og_description":"Culotte FLEXIFIT 3\/4 con tirantes, perfecto para la media temporada. Confeccionado en tejido t\u00e9cnico el\u00e1stico afelpado, con badana Pulsar de alta densidad, detalles reflectantes y costuras m\u00ednimas para mayor comodidad y aerodin\u00e1mica.","og_url":"https:\/\/www.giessegi.com\/es\/producto\/flexifit-3-4\/","og_site_name":"GSG - Giessegi","article_modified_time":"2025-12-23T13:24:44+00:00","og_image":[{"width":1000,"height":1028,"url":"https:\/\/www.giessegi.com\/wp-content\/uploads\/2025\/10\/06119_fr.jpg","type":"image\/jpeg"}],"twitter_card":"summary_large_image","twitter_misc":{"Tiempo de lectura":"1 minuto"},"schema":{"@context":"https:\/\/schema.org","@graph":[{"@type":"WebPage","@id":"https:\/\/www.giessegi.com\/es\/producto\/flexifit-3-4\/","url":"https:\/\/www.giessegi.com\/es\/producto\/flexifit-3-4\/","name":"FLEXIFIT 3\/4 | GSG - Giessegi","isPartOf":{"@id":"https:\/\/www.giessegi.com\/en\/#website"},"primaryImageOfPage":{"@id":"https:\/\/www.giessegi.com\/es\/producto\/flexifit-3-4\/#primaryimage"},"image":{"@id":"https:\/\/www.giessegi.com\/es\/producto\/flexifit-3-4\/#primaryimage"},"thumbnailUrl":"https:\/\/www.giessegi.com\/wp-content\/uploads\/2025\/10\/06119_fr.jpg","datePublished":"2025-10-16T12:14:04+00:00","dateModified":"2025-12-23T13:24:44+00:00","breadcrumb":{"@id":"https:\/\/www.giessegi.com\/es\/producto\/flexifit-3-4\/#breadcrumb"},"inLanguage":"es","potentialAction":[{"@type":"ReadAction","target":["https:\/\/www.giessegi.com\/es\/producto\/flexifit-3-4\/"]}]},{"@type":"ImageObject","inLanguage":"es","@id":"https:\/\/www.giessegi.com\/es\/producto\/flexifit-3-4\/#primaryimage","url":"https:\/\/www.giessegi.com\/wp-content\/uploads\/2025\/10\/06119_fr.jpg","contentUrl":"https:\/\/www.giessegi.com\/wp-content\/uploads\/2025\/10\/06119_fr.jpg","width":1000,"height":1028},{"@type":"BreadcrumbList","@id":"https:\/\/www.giessegi.com\/es\/producto\/flexifit-3-4\/#breadcrumb","itemListElement":[{"@type":"ListItem","position":1,"name":"Home","item":"https:\/\/www.giessegi.com\/"},{"@type":"ListItem","position":2,"name":"Products","item":"https:\/\/www.giessegi.com\/en\/shop\/"},{"@type":"ListItem","position":3,"name":"FLEXIFIT 3\/4"}]},{"@type":"WebSite","@id":"https:\/\/www.giessegi.com\/en\/#website","url":"https:\/\/www.giessegi.com\/en\/","name":"Giessegi","description":"","publisher":{"@id":"https:\/\/www.giessegi.com\/en\/#organization"},"potentialAction":[{"@type":"SearchAction","target":{"@type":"EntryPoint","urlTemplate":"https:\/\/www.giessegi.com\/en\/?s={search_term_string}"},"query-input":{"@type":"PropertyValueSpecification","valueRequired":true,"valueName":"search_term_string"}}],"inLanguage":"es"},{"@type":"Organization","@id":"https:\/\/www.giessegi.com\/en\/#organization","name":"Giessegi","url":"https:\/\/www.giessegi.com\/en\/","logo":{"@type":"ImageObject","inLanguage":"es","@id":"https:\/\/www.giessegi.com\/en\/#\/schema\/logo\/image\/","url":"https:\/\/www.giessegi.com\/wp-content\/uploads\/2022\/09\/giessegi-logo.jpeg","contentUrl":"https:\/\/www.giessegi.com\/wp-content\/uploads\/2022\/09\/giessegi-logo.jpeg","width":175,"height":77,"caption":"Giessegi"},"image":{"@id":"https:\/\/www.giessegi.com\/en\/#\/schema\/logo\/image\/"}}]}},"_links":{"self":[{"href":"https:\/\/www.giessegi.com\/es\/wp-json\/wp\/v2\/product\/71319","targetHints":{"allow":["GET"]}}],"collection":[{"href":"https:\/\/www.giessegi.com\/es\/wp-json\/wp\/v2\/product"}],"about":[{"href":"https:\/\/www.giessegi.com\/es\/wp-json\/wp\/v2\/types\/product"}],"wp:featuredmedia":[{"embeddable":true,"href":"https:\/\/www.giessegi.com\/es\/wp-json\/wp\/v2\/media\/71338"}],"wp:attachment":[{"href":"https:\/\/www.giessegi.com\/es\/wp-json\/wp\/v2\/media?parent=71319"}],"wp:term":[{"taxonomy":"product_brand","embeddable":true,"href":"https:\/\/www.giessegi.com\/es\/wp-json\/wp\/v2\/product_brand?post=71319"},{"taxonomy":"product_cat","embeddable":true,"href":"https:\/\/www.giessegi.com\/es\/wp-json\/wp\/v2\/product_cat?post=71319"},{"taxonomy":"product_tag","embeddable":true,"href":"https:\/\/www.giessegi.com\/es\/wp-json\/wp\/v2\/product_tag?post=71319"},{"taxonomy":"collezione","embeddable":true,"href":"https:\/\/www.giessegi.com\/es\/wp-json\/wp\/v2\/collezione?post=71319"}],"curies":[{"name":"wp","href":"https:\/\/api.w.org\/{rel}","templated":true}]}}