{"id":71272,"date":"2025-10-16T13:41:29","date_gmt":"2025-10-16T11:41:29","guid":{"rendered":"https:\/\/www.giessegi.com\/?post_type=product&#038;p=71272"},"modified":"2025-11-01T18:48:25","modified_gmt":"2025-11-01T17:48:25","slug":"purefit","status":"publish","type":"product","link":"https:\/\/www.giessegi.com\/es\/producto\/purefit\/","title":{"rendered":"PUREFIT"},"content":{"rendered":"<p class=\"p1\">El <span class=\"s1\"><b>culotte largo Purefit<\/b><\/span> combina rendimiento, comodidad y protecci\u00f3n para los d\u00edas m\u00e1s fr\u00edos.<\/p>\n<p class=\"p1\">Fabricado en <span class=\"s1\"><b>tejido t\u00e9cnico el\u00e1stico afelpado<\/b><\/span>, ofrece excelente aislamiento t\u00e9rmico y libertad de movimiento, manteniendo el cuerpo caliente y seco.<\/p>\n<p class=\"p1\">La <span class=\"s1\"><b>badana Pulsar de alta densidad<\/b><\/span> garantiza una excelente absorci\u00f3n de las vibraciones y comodidad incluso despu\u00e9s de muchas horas sobre la bicicleta.<\/p>\n<p class=\"p1\">Los <span class=\"s1\"><b>tirantes ergon\u00f3micos<\/b><\/span> mejoran el ajuste y distribuyen la presi\u00f3n de forma uniforme, mientras que las <span class=\"s1\"><b>m\u00ednimas costuras<\/b><\/span> reducen la fricci\u00f3n y aumentan la aerodin\u00e1mica.<\/p>\n<p class=\"p1\">Las <span class=\"s1\"><b>aplicaciones reflectantes<\/b><\/span>, estrat\u00e9gicamente colocadas, mejoran la visibilidad y la seguridad en condiciones de poca luz.<\/p>\n<p class=\"p1\">Una prenda <span class=\"s1\"><b>t\u00e9cnica, esencial y de alto rendimiento<\/b><\/span>, perfecta para ciclistas que buscan lo mejor en cada pedalada.<\/p>\n","protected":false},"excerpt":{"rendered":"<p class=\"p1\">Culotte largo con tirantes <span class=\"s1\"><b>Purefit<\/b><\/span>, dise\u00f1ado para ofrecer <span class=\"s1\"><b>m\u00e1ximo confort y alto rendimiento<\/b><\/span> en salidas largas.<\/p>\n<p class=\"p2\"><span class=\"s2\">Con <\/span><b>badana Pulsar de alta densidad<\/b><span class=\"s2\">, <\/span><b>tejido el\u00e1stico afelpado<\/b><span class=\"s2\">, <\/span><b>aplicaciones reflectantes<\/b><span class=\"s2\"> y <\/span><b>costuras m\u00ednimas<\/b><span class=\"s2\"> para una mayor aerodin\u00e1mica y comodidad.<\/span><\/p>\n","protected":false},"featured_media":71277,"template":"","meta":[],"product_brand":[],"product_cat":[773,629,669,766,1601],"product_tag":[],"collezione":[],"class_list":{"0":"post-71272","1":"product","2":"type-product","3":"status-publish","4":"has-post-thumbnail","6":"product_cat-pantalones-hombre","7":"product_cat-culottes-largos-hombre","8":"product_cat-gravel-es","9":"product_cat-hombre","10":"product_cat-nuevas-llegadas","11":"pa_colore-negro-es","12":"pa_taglia-3xl-es","13":"pa_taglia-l-es","14":"pa_taglia-m-es","15":"pa_taglia-s-es","16":"pa_taglia-xl-es","17":"pa_taglia-xs-es","18":"pa_taglia-xxl-es","21":"first","22":"instock","23":"shipping-taxable","24":"purchasable","25":"product-type-variable"},"yoast_head":"<!-- This site is optimized with the Yoast SEO plugin v27.3 - https:\/\/yoast.com\/product\/yoast-seo-wordpress\/ -->\n<title>PUREFIT | GSG - Giessegi<\/title>\n<meta name=\"robots\" content=\"index, follow, max-snippet:-1, max-image-preview:large, max-video-preview:-1\" \/>\n<link rel=\"canonical\" href=\"https:\/\/www.giessegi.com\/es\/producto\/purefit\/\" \/>\n<meta property=\"og:locale\" content=\"es_ES\" \/>\n<meta property=\"og:type\" content=\"article\" \/>\n<meta property=\"og:title\" content=\"PUREFIT | GSG - Giessegi\" \/>\n<meta property=\"og:description\" content=\"Culotte largo con tirantes Purefit, dise\u00f1ado para ofrecer m\u00e1ximo confort y alto rendimiento en salidas largas. Con badana Pulsar de alta densidad, tejido el\u00e1stico afelpado, aplicaciones reflectantes y costuras m\u00ednimas para una mayor aerodin\u00e1mica y comodidad.\" \/>\n<meta property=\"og:url\" content=\"https:\/\/www.giessegi.com\/es\/producto\/purefit\/\" \/>\n<meta property=\"og:site_name\" content=\"GSG - Giessegi\" \/>\n<meta property=\"article:modified_time\" content=\"2025-11-01T17:48:25+00:00\" \/>\n<meta property=\"og:image\" content=\"https:\/\/www.giessegi.com\/wp-content\/uploads\/2025\/10\/07304_0.jpg\" \/>\n\t<meta property=\"og:image:width\" content=\"1000\" \/>\n\t<meta property=\"og:image:height\" content=\"1000\" \/>\n\t<meta property=\"og:image:type\" content=\"image\/jpeg\" \/>\n<meta name=\"twitter:card\" content=\"summary_large_image\" \/>\n<meta name=\"twitter:label1\" content=\"Tiempo de lectura\" \/>\n\t<meta name=\"twitter:data1\" content=\"1 minuto\" \/>\n<script type=\"application\/ld+json\" class=\"yoast-schema-graph\">{\"@context\":\"https:\\\/\\\/schema.org\",\"@graph\":[{\"@type\":\"WebPage\",\"@id\":\"https:\\\/\\\/www.giessegi.com\\\/es\\\/producto\\\/purefit\\\/\",\"url\":\"https:\\\/\\\/www.giessegi.com\\\/es\\\/producto\\\/purefit\\\/\",\"name\":\"PUREFIT | GSG - Giessegi\",\"isPartOf\":{\"@id\":\"https:\\\/\\\/www.giessegi.com\\\/en\\\/#website\"},\"primaryImageOfPage\":{\"@id\":\"https:\\\/\\\/www.giessegi.com\\\/es\\\/producto\\\/purefit\\\/#primaryimage\"},\"image\":{\"@id\":\"https:\\\/\\\/www.giessegi.com\\\/es\\\/producto\\\/purefit\\\/#primaryimage\"},\"thumbnailUrl\":\"https:\\\/\\\/www.giessegi.com\\\/wp-content\\\/uploads\\\/2025\\\/10\\\/07304_0.jpg\",\"datePublished\":\"2025-10-16T11:41:29+00:00\",\"dateModified\":\"2025-11-01T17:48:25+00:00\",\"breadcrumb\":{\"@id\":\"https:\\\/\\\/www.giessegi.com\\\/es\\\/producto\\\/purefit\\\/#breadcrumb\"},\"inLanguage\":\"es\",\"potentialAction\":[{\"@type\":\"ReadAction\",\"target\":[\"https:\\\/\\\/www.giessegi.com\\\/es\\\/producto\\\/purefit\\\/\"]}]},{\"@type\":\"ImageObject\",\"inLanguage\":\"es\",\"@id\":\"https:\\\/\\\/www.giessegi.com\\\/es\\\/producto\\\/purefit\\\/#primaryimage\",\"url\":\"https:\\\/\\\/www.giessegi.com\\\/wp-content\\\/uploads\\\/2025\\\/10\\\/07304_0.jpg\",\"contentUrl\":\"https:\\\/\\\/www.giessegi.com\\\/wp-content\\\/uploads\\\/2025\\\/10\\\/07304_0.jpg\",\"width\":1000,\"height\":1000},{\"@type\":\"BreadcrumbList\",\"@id\":\"https:\\\/\\\/www.giessegi.com\\\/es\\\/producto\\\/purefit\\\/#breadcrumb\",\"itemListElement\":[{\"@type\":\"ListItem\",\"position\":1,\"name\":\"Home\",\"item\":\"https:\\\/\\\/www.giessegi.com\\\/\"},{\"@type\":\"ListItem\",\"position\":2,\"name\":\"Products\",\"item\":\"https:\\\/\\\/www.giessegi.com\\\/en\\\/shop\\\/\"},{\"@type\":\"ListItem\",\"position\":3,\"name\":\"PUREFIT\"}]},{\"@type\":\"WebSite\",\"@id\":\"https:\\\/\\\/www.giessegi.com\\\/en\\\/#website\",\"url\":\"https:\\\/\\\/www.giessegi.com\\\/en\\\/\",\"name\":\"Giessegi\",\"description\":\"\",\"publisher\":{\"@id\":\"https:\\\/\\\/www.giessegi.com\\\/en\\\/#organization\"},\"potentialAction\":[{\"@type\":\"SearchAction\",\"target\":{\"@type\":\"EntryPoint\",\"urlTemplate\":\"https:\\\/\\\/www.giessegi.com\\\/en\\\/?s={search_term_string}\"},\"query-input\":{\"@type\":\"PropertyValueSpecification\",\"valueRequired\":true,\"valueName\":\"search_term_string\"}}],\"inLanguage\":\"es\"},{\"@type\":\"Organization\",\"@id\":\"https:\\\/\\\/www.giessegi.com\\\/en\\\/#organization\",\"name\":\"Giessegi\",\"url\":\"https:\\\/\\\/www.giessegi.com\\\/en\\\/\",\"logo\":{\"@type\":\"ImageObject\",\"inLanguage\":\"es\",\"@id\":\"https:\\\/\\\/www.giessegi.com\\\/en\\\/#\\\/schema\\\/logo\\\/image\\\/\",\"url\":\"https:\\\/\\\/www.giessegi.com\\\/wp-content\\\/uploads\\\/2022\\\/09\\\/giessegi-logo.jpeg\",\"contentUrl\":\"https:\\\/\\\/www.giessegi.com\\\/wp-content\\\/uploads\\\/2022\\\/09\\\/giessegi-logo.jpeg\",\"width\":175,\"height\":77,\"caption\":\"Giessegi\"},\"image\":{\"@id\":\"https:\\\/\\\/www.giessegi.com\\\/en\\\/#\\\/schema\\\/logo\\\/image\\\/\"}}]}<\/script>\n<!-- \/ Yoast SEO plugin. -->","yoast_head_json":{"title":"PUREFIT | GSG - Giessegi","robots":{"index":"index","follow":"follow","max-snippet":"max-snippet:-1","max-image-preview":"max-image-preview:large","max-video-preview":"max-video-preview:-1"},"canonical":"https:\/\/www.giessegi.com\/es\/producto\/purefit\/","og_locale":"es_ES","og_type":"article","og_title":"PUREFIT | GSG - Giessegi","og_description":"Culotte largo con tirantes Purefit, dise\u00f1ado para ofrecer m\u00e1ximo confort y alto rendimiento en salidas largas. Con badana Pulsar de alta densidad, tejido el\u00e1stico afelpado, aplicaciones reflectantes y costuras m\u00ednimas para una mayor aerodin\u00e1mica y comodidad.","og_url":"https:\/\/www.giessegi.com\/es\/producto\/purefit\/","og_site_name":"GSG - Giessegi","article_modified_time":"2025-11-01T17:48:25+00:00","og_image":[{"width":1000,"height":1000,"url":"https:\/\/www.giessegi.com\/wp-content\/uploads\/2025\/10\/07304_0.jpg","type":"image\/jpeg"}],"twitter_card":"summary_large_image","twitter_misc":{"Tiempo de lectura":"1 minuto"},"schema":{"@context":"https:\/\/schema.org","@graph":[{"@type":"WebPage","@id":"https:\/\/www.giessegi.com\/es\/producto\/purefit\/","url":"https:\/\/www.giessegi.com\/es\/producto\/purefit\/","name":"PUREFIT | GSG - Giessegi","isPartOf":{"@id":"https:\/\/www.giessegi.com\/en\/#website"},"primaryImageOfPage":{"@id":"https:\/\/www.giessegi.com\/es\/producto\/purefit\/#primaryimage"},"image":{"@id":"https:\/\/www.giessegi.com\/es\/producto\/purefit\/#primaryimage"},"thumbnailUrl":"https:\/\/www.giessegi.com\/wp-content\/uploads\/2025\/10\/07304_0.jpg","datePublished":"2025-10-16T11:41:29+00:00","dateModified":"2025-11-01T17:48:25+00:00","breadcrumb":{"@id":"https:\/\/www.giessegi.com\/es\/producto\/purefit\/#breadcrumb"},"inLanguage":"es","potentialAction":[{"@type":"ReadAction","target":["https:\/\/www.giessegi.com\/es\/producto\/purefit\/"]}]},{"@type":"ImageObject","inLanguage":"es","@id":"https:\/\/www.giessegi.com\/es\/producto\/purefit\/#primaryimage","url":"https:\/\/www.giessegi.com\/wp-content\/uploads\/2025\/10\/07304_0.jpg","contentUrl":"https:\/\/www.giessegi.com\/wp-content\/uploads\/2025\/10\/07304_0.jpg","width":1000,"height":1000},{"@type":"BreadcrumbList","@id":"https:\/\/www.giessegi.com\/es\/producto\/purefit\/#breadcrumb","itemListElement":[{"@type":"ListItem","position":1,"name":"Home","item":"https:\/\/www.giessegi.com\/"},{"@type":"ListItem","position":2,"name":"Products","item":"https:\/\/www.giessegi.com\/en\/shop\/"},{"@type":"ListItem","position":3,"name":"PUREFIT"}]},{"@type":"WebSite","@id":"https:\/\/www.giessegi.com\/en\/#website","url":"https:\/\/www.giessegi.com\/en\/","name":"Giessegi","description":"","publisher":{"@id":"https:\/\/www.giessegi.com\/en\/#organization"},"potentialAction":[{"@type":"SearchAction","target":{"@type":"EntryPoint","urlTemplate":"https:\/\/www.giessegi.com\/en\/?s={search_term_string}"},"query-input":{"@type":"PropertyValueSpecification","valueRequired":true,"valueName":"search_term_string"}}],"inLanguage":"es"},{"@type":"Organization","@id":"https:\/\/www.giessegi.com\/en\/#organization","name":"Giessegi","url":"https:\/\/www.giessegi.com\/en\/","logo":{"@type":"ImageObject","inLanguage":"es","@id":"https:\/\/www.giessegi.com\/en\/#\/schema\/logo\/image\/","url":"https:\/\/www.giessegi.com\/wp-content\/uploads\/2022\/09\/giessegi-logo.jpeg","contentUrl":"https:\/\/www.giessegi.com\/wp-content\/uploads\/2022\/09\/giessegi-logo.jpeg","width":175,"height":77,"caption":"Giessegi"},"image":{"@id":"https:\/\/www.giessegi.com\/en\/#\/schema\/logo\/image\/"}}]}},"_links":{"self":[{"href":"https:\/\/www.giessegi.com\/es\/wp-json\/wp\/v2\/product\/71272","targetHints":{"allow":["GET"]}}],"collection":[{"href":"https:\/\/www.giessegi.com\/es\/wp-json\/wp\/v2\/product"}],"about":[{"href":"https:\/\/www.giessegi.com\/es\/wp-json\/wp\/v2\/types\/product"}],"wp:featuredmedia":[{"embeddable":true,"href":"https:\/\/www.giessegi.com\/es\/wp-json\/wp\/v2\/media\/71277"}],"wp:attachment":[{"href":"https:\/\/www.giessegi.com\/es\/wp-json\/wp\/v2\/media?parent=71272"}],"wp:term":[{"taxonomy":"product_brand","embeddable":true,"href":"https:\/\/www.giessegi.com\/es\/wp-json\/wp\/v2\/product_brand?post=71272"},{"taxonomy":"product_cat","embeddable":true,"href":"https:\/\/www.giessegi.com\/es\/wp-json\/wp\/v2\/product_cat?post=71272"},{"taxonomy":"product_tag","embeddable":true,"href":"https:\/\/www.giessegi.com\/es\/wp-json\/wp\/v2\/product_tag?post=71272"},{"taxonomy":"collezione","embeddable":true,"href":"https:\/\/www.giessegi.com\/es\/wp-json\/wp\/v2\/collezione?post=71272"}],"curies":[{"name":"wp","href":"https:\/\/api.w.org\/{rel}","templated":true}]}}