{"id":71075,"date":"2025-10-14T18:17:57","date_gmt":"2025-10-14T16:17:57","guid":{"rendered":"https:\/\/www.giessegi.com\/?post_type=product&#038;p=71075"},"modified":"2026-01-19T11:47:13","modified_gmt":"2026-01-19T10:47:13","slug":"velothermal","status":"publish","type":"product","link":"https:\/\/www.giessegi.com\/es\/producto\/velothermal\/","title":{"rendered":"VELOTHERMAL"},"content":{"rendered":"<p class=\"p1\"><span class=\"s1\"><b>Tejido:<\/b><\/span> Roubaix<\/p>\n<p class=\"p1\"><span class=\"s1\"><b>Tallas:<\/b><\/span> XS\u20133XL<\/p>\n<p class=\"p2\"><b>Rango de temperatura:<\/b><span class=\"s2\"> +8\u00b0 \/ +17\u00b0<\/span><\/p>\n<p class=\"p1\"><span class=\"s1\"><b>Ajuste:<\/b><\/span> Normal<\/p>\n<hr \/>\n<h3><b>Descripci\u00f3n del producto<\/b><\/h3>\n<ul>\n<li>\n<p class=\"p1\"><span class=\"s1\"><b>Tejido t\u00e9rmico el\u00e1stico:<\/b><\/span> Ofrece un excelente aislamiento t\u00e9rmico y mantiene el calor corporal durante los d\u00edas fr\u00edos.<\/p>\n<\/li>\n<li>\n<p class=\"p1\"><span class=\"s1\"><b>M\u00e1xima libertad de movimiento:<\/b><\/span> El material flexible se adapta perfectamente al cuerpo para una sensaci\u00f3n natural y sin restricciones.<\/p>\n<\/li>\n<li>\n<p class=\"p1\"><span class=\"s1\"><b>Corte ergon\u00f3mico:<\/b><\/span> Ajuste anat\u00f3mico que garantiza comodidad adicional incluso en largas distancias.<\/p>\n<\/li>\n<li>\n<p class=\"p1\"><span class=\"s1\"><b>Tres bolsillos traseros abiertos:<\/b><\/span> Pr\u00e1cticos y de f\u00e1cil acceso para guardar barritas, geles u otros elementos esenciales durante el recorrido.<\/p>\n<\/li>\n<li>\n<p class=\"p1\"><span class=\"s1\"><b>Organizaci\u00f3n eficiente:<\/b><\/span> La disposici\u00f3n de los bolsillos permite acceder r\u00e1pidamente a los objetos y mantener el orden durante la ruta.<\/p>\n<\/li>\n<\/ul>\n","protected":false},"excerpt":{"rendered":"<p class=\"p1\">Este maillot de manga larga, confeccionado en tejido t\u00e9rmico el\u00e1stico Roubaix, ofrece una protecci\u00f3n \u00f3ptima en los d\u00edas fr\u00edos.<\/p>\n<p class=\"p1\">Combina calidez, transpirabilidad y m\u00e1xima libertad de movimiento con un ajuste ergon\u00f3mico y pr\u00e1cticos bolsillos traseros.<\/p>\n<p class=\"p1\">Ideal para entrenamientos y rutas en las estaciones m\u00e1s fr\u00edas.<\/p>\n","protected":false},"featured_media":75434,"template":"","meta":[],"product_brand":[],"product_cat":[6391,766,1601,730,756],"product_tag":[],"collezione":[],"class_list":{"0":"post-71075","1":"product","2":"type-product","3":"status-publish","4":"has-post-thumbnail","6":"product_cat-camisas-de-manga-larga-es","7":"product_cat-hombre","8":"product_cat-nuevas-llegadas","9":"product_cat-road-es","10":"product_cat-top-hombre","11":"pa_colore-negro-es","12":"pa_colore-negro-rojo","13":"pa_taglia-3xl-es","14":"pa_taglia-l-es","15":"pa_taglia-m-es","16":"pa_taglia-s-es","17":"pa_taglia-xl-es","18":"pa_taglia-xxl-es","21":"first","22":"instock","23":"shipping-taxable","24":"purchasable","25":"product-type-variable"},"yoast_head":"<!-- This site is optimized with the Yoast SEO plugin v27.3 - https:\/\/yoast.com\/product\/yoast-seo-wordpress\/ -->\n<title>VELOTHERMAL | GSG - Giessegi<\/title>\n<meta name=\"robots\" content=\"index, follow, max-snippet:-1, max-image-preview:large, max-video-preview:-1\" \/>\n<link rel=\"canonical\" href=\"https:\/\/www.giessegi.com\/es\/producto\/velothermal\/\" \/>\n<meta property=\"og:locale\" content=\"es_ES\" \/>\n<meta property=\"og:type\" content=\"article\" \/>\n<meta property=\"og:title\" content=\"VELOTHERMAL | GSG - Giessegi\" \/>\n<meta property=\"og:description\" content=\"Este maillot de manga larga, confeccionado en tejido t\u00e9rmico el\u00e1stico Roubaix, ofrece una protecci\u00f3n \u00f3ptima en los d\u00edas fr\u00edos. Combina calidez, transpirabilidad y m\u00e1xima libertad de movimiento con un ajuste ergon\u00f3mico y pr\u00e1cticos bolsillos traseros. Ideal para entrenamientos y rutas en las estaciones m\u00e1s fr\u00edas.\" \/>\n<meta property=\"og:url\" content=\"https:\/\/www.giessegi.com\/es\/producto\/velothermal\/\" \/>\n<meta property=\"og:site_name\" content=\"GSG - Giessegi\" \/>\n<meta property=\"article:modified_time\" content=\"2026-01-19T10:47:13+00:00\" \/>\n<meta property=\"og:image\" content=\"https:\/\/www.giessegi.com\/wp-content\/uploads\/2025\/10\/04258_fr-rosso-31-1.jpg\" \/>\n\t<meta property=\"og:image:width\" content=\"1000\" \/>\n\t<meta property=\"og:image:height\" content=\"1000\" \/>\n\t<meta property=\"og:image:type\" content=\"image\/jpeg\" \/>\n<meta name=\"twitter:card\" content=\"summary_large_image\" \/>\n<meta name=\"twitter:label1\" content=\"Tiempo de lectura\" \/>\n\t<meta name=\"twitter:data1\" content=\"1 minuto\" \/>\n<script type=\"application\/ld+json\" class=\"yoast-schema-graph\">{\"@context\":\"https:\\\/\\\/schema.org\",\"@graph\":[{\"@type\":\"WebPage\",\"@id\":\"https:\\\/\\\/www.giessegi.com\\\/es\\\/producto\\\/velothermal\\\/\",\"url\":\"https:\\\/\\\/www.giessegi.com\\\/es\\\/producto\\\/velothermal\\\/\",\"name\":\"VELOTHERMAL | GSG - Giessegi\",\"isPartOf\":{\"@id\":\"https:\\\/\\\/www.giessegi.com\\\/en\\\/#website\"},\"primaryImageOfPage\":{\"@id\":\"https:\\\/\\\/www.giessegi.com\\\/es\\\/producto\\\/velothermal\\\/#primaryimage\"},\"image\":{\"@id\":\"https:\\\/\\\/www.giessegi.com\\\/es\\\/producto\\\/velothermal\\\/#primaryimage\"},\"thumbnailUrl\":\"https:\\\/\\\/www.giessegi.com\\\/wp-content\\\/uploads\\\/2025\\\/10\\\/04258_fr-rosso-31-1.jpg\",\"datePublished\":\"2025-10-14T16:17:57+00:00\",\"dateModified\":\"2026-01-19T10:47:13+00:00\",\"breadcrumb\":{\"@id\":\"https:\\\/\\\/www.giessegi.com\\\/es\\\/producto\\\/velothermal\\\/#breadcrumb\"},\"inLanguage\":\"es\",\"potentialAction\":[{\"@type\":\"ReadAction\",\"target\":[\"https:\\\/\\\/www.giessegi.com\\\/es\\\/producto\\\/velothermal\\\/\"]}]},{\"@type\":\"ImageObject\",\"inLanguage\":\"es\",\"@id\":\"https:\\\/\\\/www.giessegi.com\\\/es\\\/producto\\\/velothermal\\\/#primaryimage\",\"url\":\"https:\\\/\\\/www.giessegi.com\\\/wp-content\\\/uploads\\\/2025\\\/10\\\/04258_fr-rosso-31-1.jpg\",\"contentUrl\":\"https:\\\/\\\/www.giessegi.com\\\/wp-content\\\/uploads\\\/2025\\\/10\\\/04258_fr-rosso-31-1.jpg\",\"width\":1000,\"height\":1000},{\"@type\":\"BreadcrumbList\",\"@id\":\"https:\\\/\\\/www.giessegi.com\\\/es\\\/producto\\\/velothermal\\\/#breadcrumb\",\"itemListElement\":[{\"@type\":\"ListItem\",\"position\":1,\"name\":\"Home\",\"item\":\"https:\\\/\\\/www.giessegi.com\\\/\"},{\"@type\":\"ListItem\",\"position\":2,\"name\":\"Products\",\"item\":\"https:\\\/\\\/www.giessegi.com\\\/en\\\/shop\\\/\"},{\"@type\":\"ListItem\",\"position\":3,\"name\":\"VELOTHERMAL\"}]},{\"@type\":\"WebSite\",\"@id\":\"https:\\\/\\\/www.giessegi.com\\\/en\\\/#website\",\"url\":\"https:\\\/\\\/www.giessegi.com\\\/en\\\/\",\"name\":\"Giessegi\",\"description\":\"\",\"publisher\":{\"@id\":\"https:\\\/\\\/www.giessegi.com\\\/en\\\/#organization\"},\"potentialAction\":[{\"@type\":\"SearchAction\",\"target\":{\"@type\":\"EntryPoint\",\"urlTemplate\":\"https:\\\/\\\/www.giessegi.com\\\/en\\\/?s={search_term_string}\"},\"query-input\":{\"@type\":\"PropertyValueSpecification\",\"valueRequired\":true,\"valueName\":\"search_term_string\"}}],\"inLanguage\":\"es\"},{\"@type\":\"Organization\",\"@id\":\"https:\\\/\\\/www.giessegi.com\\\/en\\\/#organization\",\"name\":\"Giessegi\",\"url\":\"https:\\\/\\\/www.giessegi.com\\\/en\\\/\",\"logo\":{\"@type\":\"ImageObject\",\"inLanguage\":\"es\",\"@id\":\"https:\\\/\\\/www.giessegi.com\\\/en\\\/#\\\/schema\\\/logo\\\/image\\\/\",\"url\":\"https:\\\/\\\/www.giessegi.com\\\/wp-content\\\/uploads\\\/2022\\\/09\\\/giessegi-logo.jpeg\",\"contentUrl\":\"https:\\\/\\\/www.giessegi.com\\\/wp-content\\\/uploads\\\/2022\\\/09\\\/giessegi-logo.jpeg\",\"width\":175,\"height\":77,\"caption\":\"Giessegi\"},\"image\":{\"@id\":\"https:\\\/\\\/www.giessegi.com\\\/en\\\/#\\\/schema\\\/logo\\\/image\\\/\"}}]}<\/script>\n<!-- \/ Yoast SEO plugin. -->","yoast_head_json":{"title":"VELOTHERMAL | GSG - Giessegi","robots":{"index":"index","follow":"follow","max-snippet":"max-snippet:-1","max-image-preview":"max-image-preview:large","max-video-preview":"max-video-preview:-1"},"canonical":"https:\/\/www.giessegi.com\/es\/producto\/velothermal\/","og_locale":"es_ES","og_type":"article","og_title":"VELOTHERMAL | GSG - Giessegi","og_description":"Este maillot de manga larga, confeccionado en tejido t\u00e9rmico el\u00e1stico Roubaix, ofrece una protecci\u00f3n \u00f3ptima en los d\u00edas fr\u00edos. Combina calidez, transpirabilidad y m\u00e1xima libertad de movimiento con un ajuste ergon\u00f3mico y pr\u00e1cticos bolsillos traseros. Ideal para entrenamientos y rutas en las estaciones m\u00e1s fr\u00edas.","og_url":"https:\/\/www.giessegi.com\/es\/producto\/velothermal\/","og_site_name":"GSG - Giessegi","article_modified_time":"2026-01-19T10:47:13+00:00","og_image":[{"width":1000,"height":1000,"url":"https:\/\/www.giessegi.com\/wp-content\/uploads\/2025\/10\/04258_fr-rosso-31-1.jpg","type":"image\/jpeg"}],"twitter_card":"summary_large_image","twitter_misc":{"Tiempo de lectura":"1 minuto"},"schema":{"@context":"https:\/\/schema.org","@graph":[{"@type":"WebPage","@id":"https:\/\/www.giessegi.com\/es\/producto\/velothermal\/","url":"https:\/\/www.giessegi.com\/es\/producto\/velothermal\/","name":"VELOTHERMAL | GSG - Giessegi","isPartOf":{"@id":"https:\/\/www.giessegi.com\/en\/#website"},"primaryImageOfPage":{"@id":"https:\/\/www.giessegi.com\/es\/producto\/velothermal\/#primaryimage"},"image":{"@id":"https:\/\/www.giessegi.com\/es\/producto\/velothermal\/#primaryimage"},"thumbnailUrl":"https:\/\/www.giessegi.com\/wp-content\/uploads\/2025\/10\/04258_fr-rosso-31-1.jpg","datePublished":"2025-10-14T16:17:57+00:00","dateModified":"2026-01-19T10:47:13+00:00","breadcrumb":{"@id":"https:\/\/www.giessegi.com\/es\/producto\/velothermal\/#breadcrumb"},"inLanguage":"es","potentialAction":[{"@type":"ReadAction","target":["https:\/\/www.giessegi.com\/es\/producto\/velothermal\/"]}]},{"@type":"ImageObject","inLanguage":"es","@id":"https:\/\/www.giessegi.com\/es\/producto\/velothermal\/#primaryimage","url":"https:\/\/www.giessegi.com\/wp-content\/uploads\/2025\/10\/04258_fr-rosso-31-1.jpg","contentUrl":"https:\/\/www.giessegi.com\/wp-content\/uploads\/2025\/10\/04258_fr-rosso-31-1.jpg","width":1000,"height":1000},{"@type":"BreadcrumbList","@id":"https:\/\/www.giessegi.com\/es\/producto\/velothermal\/#breadcrumb","itemListElement":[{"@type":"ListItem","position":1,"name":"Home","item":"https:\/\/www.giessegi.com\/"},{"@type":"ListItem","position":2,"name":"Products","item":"https:\/\/www.giessegi.com\/en\/shop\/"},{"@type":"ListItem","position":3,"name":"VELOTHERMAL"}]},{"@type":"WebSite","@id":"https:\/\/www.giessegi.com\/en\/#website","url":"https:\/\/www.giessegi.com\/en\/","name":"Giessegi","description":"","publisher":{"@id":"https:\/\/www.giessegi.com\/en\/#organization"},"potentialAction":[{"@type":"SearchAction","target":{"@type":"EntryPoint","urlTemplate":"https:\/\/www.giessegi.com\/en\/?s={search_term_string}"},"query-input":{"@type":"PropertyValueSpecification","valueRequired":true,"valueName":"search_term_string"}}],"inLanguage":"es"},{"@type":"Organization","@id":"https:\/\/www.giessegi.com\/en\/#organization","name":"Giessegi","url":"https:\/\/www.giessegi.com\/en\/","logo":{"@type":"ImageObject","inLanguage":"es","@id":"https:\/\/www.giessegi.com\/en\/#\/schema\/logo\/image\/","url":"https:\/\/www.giessegi.com\/wp-content\/uploads\/2022\/09\/giessegi-logo.jpeg","contentUrl":"https:\/\/www.giessegi.com\/wp-content\/uploads\/2022\/09\/giessegi-logo.jpeg","width":175,"height":77,"caption":"Giessegi"},"image":{"@id":"https:\/\/www.giessegi.com\/en\/#\/schema\/logo\/image\/"}}]}},"_links":{"self":[{"href":"https:\/\/www.giessegi.com\/es\/wp-json\/wp\/v2\/product\/71075","targetHints":{"allow":["GET"]}}],"collection":[{"href":"https:\/\/www.giessegi.com\/es\/wp-json\/wp\/v2\/product"}],"about":[{"href":"https:\/\/www.giessegi.com\/es\/wp-json\/wp\/v2\/types\/product"}],"wp:featuredmedia":[{"embeddable":true,"href":"https:\/\/www.giessegi.com\/es\/wp-json\/wp\/v2\/media\/75434"}],"wp:attachment":[{"href":"https:\/\/www.giessegi.com\/es\/wp-json\/wp\/v2\/media?parent=71075"}],"wp:term":[{"taxonomy":"product_brand","embeddable":true,"href":"https:\/\/www.giessegi.com\/es\/wp-json\/wp\/v2\/product_brand?post=71075"},{"taxonomy":"product_cat","embeddable":true,"href":"https:\/\/www.giessegi.com\/es\/wp-json\/wp\/v2\/product_cat?post=71075"},{"taxonomy":"product_tag","embeddable":true,"href":"https:\/\/www.giessegi.com\/es\/wp-json\/wp\/v2\/product_tag?post=71075"},{"taxonomy":"collezione","embeddable":true,"href":"https:\/\/www.giessegi.com\/es\/wp-json\/wp\/v2\/collezione?post=71075"}],"curies":[{"name":"wp","href":"https:\/\/api.w.org\/{rel}","templated":true}]}}