{"id":70488,"date":"2025-09-22T16:59:45","date_gmt":"2025-09-22T14:59:45","guid":{"rendered":"https:\/\/www.giessegi.com\/?post_type=product&#038;p=70488"},"modified":"2025-09-23T11:06:15","modified_gmt":"2025-09-23T09:06:15","slug":"aero-pro","status":"publish","type":"product","link":"https:\/\/www.giessegi.com\/es\/producto\/aero-pro\/","title":{"rendered":"AERO PRO"},"content":{"rendered":"<p class=\"p1\"><span class=\"s1\"><b>TEJIDO FRONTAL:<\/b><\/span> micro malla transpirable de secado r\u00e1pido<\/p>\n<p class=\"p1\"><span class=\"s1\"><b>TEJIDO TRASERO:<\/b><\/span> micro malla monoel\u00e1stica<\/p>\n<p class=\"p1\"><span class=\"s1\"><b>CREMALLERA:<\/b><\/span> cremallera completa oculta con cursor autoblocante<\/p>\n<p class=\"p1\"><span class=\"s1\"><b>MANGA:<\/b><\/span> tejido el\u00e1stico aerodin\u00e1mico<\/p>\n<p class=\"p1\"><span class=\"s1\"><b>BAJO FRONTAL:<\/b><\/span> acabado doblado<\/p>\n<p class=\"p1\"><span class=\"s1\"><b>BAJO TRASERO:<\/b><\/span> banda de silicona personalizable<\/p>\n<p class=\"p1\"><span class=\"s1\"><b>ELEMENTO REFLECTANTE:<\/b><\/span> detalle reflectante en el bolsillo izquierdo<\/p>\n<p class=\"p1\"><span class=\"s1\"><b>BOLSILLOS:<\/b><\/span> 3 bolsillos traseros abiertos<\/p>\n","protected":false},"excerpt":{"rendered":"<p class=\"p1\"><b>Maillot de ciclismo de manga corta<\/b><b><\/b><\/p>\n<p class=\"p2\">Maillot ligero y transpirable con micro malla de secado r\u00e1pido en la parte frontal y micro malla monoel\u00e1stica en la parte trasera. Incorpora cremallera completa oculta con cursor autoblocante, mangas de tejido el\u00e1stico aerodin\u00e1mico y banda de silicona personalizable en el dobladillo trasero. Tres bolsillos traseros abiertos y un detalle reflectante en el bolsillo izquierdo garantizan funcionalidad y visibilidad.<\/p>\n","protected":false},"featured_media":76322,"template":"","meta":[],"product_brand":[],"product_cat":[691,604,724],"product_tag":[],"collezione":[],"class_list":{"0":"post-70488","1":"product","2":"type-product","3":"status-publish","4":"has-post-thumbnail","6":"product_cat-maillots-premium","7":"product_cat-personalizado","8":"product_cat-premium-es","11":"first","12":"instock","13":"shipping-taxable","14":"product-type-simple"},"yoast_head":"<!-- This site is optimized with the Yoast SEO plugin v27.3 - https:\/\/yoast.com\/product\/yoast-seo-wordpress\/ -->\n<title>AERO PRO | GSG - Giessegi<\/title>\n<meta name=\"robots\" content=\"index, follow, max-snippet:-1, max-image-preview:large, max-video-preview:-1\" \/>\n<link rel=\"canonical\" href=\"https:\/\/www.giessegi.com\/es\/producto\/aero-pro\/\" \/>\n<meta property=\"og:locale\" content=\"es_ES\" \/>\n<meta property=\"og:type\" content=\"article\" \/>\n<meta property=\"og:title\" content=\"AERO PRO | GSG - Giessegi\" \/>\n<meta property=\"og:description\" content=\"Maillot de ciclismo de manga corta Maillot ligero y transpirable con micro malla de secado r\u00e1pido en la parte frontal y micro malla monoel\u00e1stica en la parte trasera. Incorpora cremallera completa oculta con cursor autoblocante, mangas de tejido el\u00e1stico aerodin\u00e1mico y banda de silicona personalizable en el dobladillo trasero. Tres bolsillos traseros abiertos y un detalle reflectante en el bolsillo izquierdo garantizan funcionalidad y visibilidad.\" \/>\n<meta property=\"og:url\" content=\"https:\/\/www.giessegi.com\/es\/producto\/aero-pro\/\" \/>\n<meta property=\"og:site_name\" content=\"GSG - Giessegi\" \/>\n<meta property=\"article:modified_time\" content=\"2025-09-23T09:06:15+00:00\" \/>\n<meta property=\"og:image\" content=\"https:\/\/www.giessegi.com\/wp-content\/uploads\/2025\/09\/03610-FRONT.jpg\" \/>\n\t<meta property=\"og:image:width\" content=\"1000\" \/>\n\t<meta property=\"og:image:height\" content=\"1000\" \/>\n\t<meta property=\"og:image:type\" content=\"image\/jpeg\" \/>\n<meta name=\"twitter:card\" content=\"summary_large_image\" \/>\n<meta name=\"twitter:label1\" content=\"Tiempo de lectura\" \/>\n\t<meta name=\"twitter:data1\" content=\"1 minuto\" \/>\n<script type=\"application\/ld+json\" class=\"yoast-schema-graph\">{\"@context\":\"https:\\\/\\\/schema.org\",\"@graph\":[{\"@type\":\"WebPage\",\"@id\":\"https:\\\/\\\/www.giessegi.com\\\/es\\\/producto\\\/aero-pro\\\/\",\"url\":\"https:\\\/\\\/www.giessegi.com\\\/es\\\/producto\\\/aero-pro\\\/\",\"name\":\"AERO PRO | GSG - Giessegi\",\"isPartOf\":{\"@id\":\"https:\\\/\\\/www.giessegi.com\\\/en\\\/#website\"},\"primaryImageOfPage\":{\"@id\":\"https:\\\/\\\/www.giessegi.com\\\/es\\\/producto\\\/aero-pro\\\/#primaryimage\"},\"image\":{\"@id\":\"https:\\\/\\\/www.giessegi.com\\\/es\\\/producto\\\/aero-pro\\\/#primaryimage\"},\"thumbnailUrl\":\"https:\\\/\\\/www.giessegi.com\\\/wp-content\\\/uploads\\\/2025\\\/09\\\/03610-FRONT-3.jpg\",\"datePublished\":\"2025-09-22T14:59:45+00:00\",\"dateModified\":\"2025-09-23T09:06:15+00:00\",\"breadcrumb\":{\"@id\":\"https:\\\/\\\/www.giessegi.com\\\/es\\\/producto\\\/aero-pro\\\/#breadcrumb\"},\"inLanguage\":\"es\",\"potentialAction\":[{\"@type\":\"ReadAction\",\"target\":[\"https:\\\/\\\/www.giessegi.com\\\/es\\\/producto\\\/aero-pro\\\/\"]}]},{\"@type\":\"ImageObject\",\"inLanguage\":\"es\",\"@id\":\"https:\\\/\\\/www.giessegi.com\\\/es\\\/producto\\\/aero-pro\\\/#primaryimage\",\"url\":\"https:\\\/\\\/www.giessegi.com\\\/wp-content\\\/uploads\\\/2025\\\/09\\\/03610-FRONT-3.jpg\",\"contentUrl\":\"https:\\\/\\\/www.giessegi.com\\\/wp-content\\\/uploads\\\/2025\\\/09\\\/03610-FRONT-3.jpg\",\"width\":1000,\"height\":1028},{\"@type\":\"BreadcrumbList\",\"@id\":\"https:\\\/\\\/www.giessegi.com\\\/es\\\/producto\\\/aero-pro\\\/#breadcrumb\",\"itemListElement\":[{\"@type\":\"ListItem\",\"position\":1,\"name\":\"Home\",\"item\":\"https:\\\/\\\/www.giessegi.com\\\/\"},{\"@type\":\"ListItem\",\"position\":2,\"name\":\"Products\",\"item\":\"https:\\\/\\\/www.giessegi.com\\\/en\\\/shop\\\/\"},{\"@type\":\"ListItem\",\"position\":3,\"name\":\"AERO PRO\"}]},{\"@type\":\"WebSite\",\"@id\":\"https:\\\/\\\/www.giessegi.com\\\/en\\\/#website\",\"url\":\"https:\\\/\\\/www.giessegi.com\\\/en\\\/\",\"name\":\"Giessegi\",\"description\":\"\",\"publisher\":{\"@id\":\"https:\\\/\\\/www.giessegi.com\\\/en\\\/#organization\"},\"potentialAction\":[{\"@type\":\"SearchAction\",\"target\":{\"@type\":\"EntryPoint\",\"urlTemplate\":\"https:\\\/\\\/www.giessegi.com\\\/en\\\/?s={search_term_string}\"},\"query-input\":{\"@type\":\"PropertyValueSpecification\",\"valueRequired\":true,\"valueName\":\"search_term_string\"}}],\"inLanguage\":\"es\"},{\"@type\":\"Organization\",\"@id\":\"https:\\\/\\\/www.giessegi.com\\\/en\\\/#organization\",\"name\":\"Giessegi\",\"url\":\"https:\\\/\\\/www.giessegi.com\\\/en\\\/\",\"logo\":{\"@type\":\"ImageObject\",\"inLanguage\":\"es\",\"@id\":\"https:\\\/\\\/www.giessegi.com\\\/en\\\/#\\\/schema\\\/logo\\\/image\\\/\",\"url\":\"https:\\\/\\\/www.giessegi.com\\\/wp-content\\\/uploads\\\/2022\\\/09\\\/giessegi-logo.jpeg\",\"contentUrl\":\"https:\\\/\\\/www.giessegi.com\\\/wp-content\\\/uploads\\\/2022\\\/09\\\/giessegi-logo.jpeg\",\"width\":175,\"height\":77,\"caption\":\"Giessegi\"},\"image\":{\"@id\":\"https:\\\/\\\/www.giessegi.com\\\/en\\\/#\\\/schema\\\/logo\\\/image\\\/\"}}]}<\/script>\n<!-- \/ Yoast SEO plugin. -->","yoast_head_json":{"title":"AERO PRO | GSG - Giessegi","robots":{"index":"index","follow":"follow","max-snippet":"max-snippet:-1","max-image-preview":"max-image-preview:large","max-video-preview":"max-video-preview:-1"},"canonical":"https:\/\/www.giessegi.com\/es\/producto\/aero-pro\/","og_locale":"es_ES","og_type":"article","og_title":"AERO PRO | GSG - Giessegi","og_description":"Maillot de ciclismo de manga corta Maillot ligero y transpirable con micro malla de secado r\u00e1pido en la parte frontal y micro malla monoel\u00e1stica en la parte trasera. Incorpora cremallera completa oculta con cursor autoblocante, mangas de tejido el\u00e1stico aerodin\u00e1mico y banda de silicona personalizable en el dobladillo trasero. Tres bolsillos traseros abiertos y un detalle reflectante en el bolsillo izquierdo garantizan funcionalidad y visibilidad.","og_url":"https:\/\/www.giessegi.com\/es\/producto\/aero-pro\/","og_site_name":"GSG - Giessegi","article_modified_time":"2025-09-23T09:06:15+00:00","og_image":[{"width":1000,"height":1000,"url":"https:\/\/www.giessegi.com\/wp-content\/uploads\/2025\/09\/03610-FRONT.jpg","type":"image\/jpeg"}],"twitter_card":"summary_large_image","twitter_misc":{"Tiempo de lectura":"1 minuto"},"schema":{"@context":"https:\/\/schema.org","@graph":[{"@type":"WebPage","@id":"https:\/\/www.giessegi.com\/es\/producto\/aero-pro\/","url":"https:\/\/www.giessegi.com\/es\/producto\/aero-pro\/","name":"AERO PRO | GSG - Giessegi","isPartOf":{"@id":"https:\/\/www.giessegi.com\/en\/#website"},"primaryImageOfPage":{"@id":"https:\/\/www.giessegi.com\/es\/producto\/aero-pro\/#primaryimage"},"image":{"@id":"https:\/\/www.giessegi.com\/es\/producto\/aero-pro\/#primaryimage"},"thumbnailUrl":"https:\/\/www.giessegi.com\/wp-content\/uploads\/2025\/09\/03610-FRONT-3.jpg","datePublished":"2025-09-22T14:59:45+00:00","dateModified":"2025-09-23T09:06:15+00:00","breadcrumb":{"@id":"https:\/\/www.giessegi.com\/es\/producto\/aero-pro\/#breadcrumb"},"inLanguage":"es","potentialAction":[{"@type":"ReadAction","target":["https:\/\/www.giessegi.com\/es\/producto\/aero-pro\/"]}]},{"@type":"ImageObject","inLanguage":"es","@id":"https:\/\/www.giessegi.com\/es\/producto\/aero-pro\/#primaryimage","url":"https:\/\/www.giessegi.com\/wp-content\/uploads\/2025\/09\/03610-FRONT-3.jpg","contentUrl":"https:\/\/www.giessegi.com\/wp-content\/uploads\/2025\/09\/03610-FRONT-3.jpg","width":1000,"height":1028},{"@type":"BreadcrumbList","@id":"https:\/\/www.giessegi.com\/es\/producto\/aero-pro\/#breadcrumb","itemListElement":[{"@type":"ListItem","position":1,"name":"Home","item":"https:\/\/www.giessegi.com\/"},{"@type":"ListItem","position":2,"name":"Products","item":"https:\/\/www.giessegi.com\/en\/shop\/"},{"@type":"ListItem","position":3,"name":"AERO PRO"}]},{"@type":"WebSite","@id":"https:\/\/www.giessegi.com\/en\/#website","url":"https:\/\/www.giessegi.com\/en\/","name":"Giessegi","description":"","publisher":{"@id":"https:\/\/www.giessegi.com\/en\/#organization"},"potentialAction":[{"@type":"SearchAction","target":{"@type":"EntryPoint","urlTemplate":"https:\/\/www.giessegi.com\/en\/?s={search_term_string}"},"query-input":{"@type":"PropertyValueSpecification","valueRequired":true,"valueName":"search_term_string"}}],"inLanguage":"es"},{"@type":"Organization","@id":"https:\/\/www.giessegi.com\/en\/#organization","name":"Giessegi","url":"https:\/\/www.giessegi.com\/en\/","logo":{"@type":"ImageObject","inLanguage":"es","@id":"https:\/\/www.giessegi.com\/en\/#\/schema\/logo\/image\/","url":"https:\/\/www.giessegi.com\/wp-content\/uploads\/2022\/09\/giessegi-logo.jpeg","contentUrl":"https:\/\/www.giessegi.com\/wp-content\/uploads\/2022\/09\/giessegi-logo.jpeg","width":175,"height":77,"caption":"Giessegi"},"image":{"@id":"https:\/\/www.giessegi.com\/en\/#\/schema\/logo\/image\/"}}]}},"_links":{"self":[{"href":"https:\/\/www.giessegi.com\/es\/wp-json\/wp\/v2\/product\/70488","targetHints":{"allow":["GET"]}}],"collection":[{"href":"https:\/\/www.giessegi.com\/es\/wp-json\/wp\/v2\/product"}],"about":[{"href":"https:\/\/www.giessegi.com\/es\/wp-json\/wp\/v2\/types\/product"}],"wp:featuredmedia":[{"embeddable":true,"href":"https:\/\/www.giessegi.com\/es\/wp-json\/wp\/v2\/media\/76322"}],"wp:attachment":[{"href":"https:\/\/www.giessegi.com\/es\/wp-json\/wp\/v2\/media?parent=70488"}],"wp:term":[{"taxonomy":"product_brand","embeddable":true,"href":"https:\/\/www.giessegi.com\/es\/wp-json\/wp\/v2\/product_brand?post=70488"},{"taxonomy":"product_cat","embeddable":true,"href":"https:\/\/www.giessegi.com\/es\/wp-json\/wp\/v2\/product_cat?post=70488"},{"taxonomy":"product_tag","embeddable":true,"href":"https:\/\/www.giessegi.com\/es\/wp-json\/wp\/v2\/product_tag?post=70488"},{"taxonomy":"collezione","embeddable":true,"href":"https:\/\/www.giessegi.com\/es\/wp-json\/wp\/v2\/collezione?post=70488"}],"curies":[{"name":"wp","href":"https:\/\/api.w.org\/{rel}","templated":true}]}}