{"id":58767,"date":"2023-10-30T12:37:41","date_gmt":"2023-10-30T11:37:41","guid":{"rendered":"https:\/\/www.giessegi.com\/product\/ghiaia\/"},"modified":"2024-03-03T00:01:43","modified_gmt":"2024-03-02T23:01:43","slug":"ghiaia","status":"publish","type":"product","link":"https:\/\/www.giessegi.com\/es\/producto\/ghiaia\/","title":{"rendered":"GHIAIA"},"content":{"rendered":"","protected":false},"excerpt":{"rendered":"<p>Culote largo de invierno para gravel y MTB. Cuenta con un tejido hidr\u00f3fugo y suave para proteger del fr\u00edo y la lluvia y el barro. Los tirantes est\u00e1n hechos de malla para garantizar una excelente transpirabilidad y son muy el\u00e1sticos para estar c\u00f3modo incluso cuando se est\u00e1 sentado en el sill\u00edn durante largos per\u00edodos de tiempo. Son Culotes cortos de ciclismo que tambi\u00e9n son aptos para largas distancias, gracias a la badana Ergotech, que tiene un excelente acolchado y es apta para off-road. Las esponjas son muy densas y transpirables para proteger tanto del estr\u00e9s mec\u00e1nico como del sudor, evitando el dolor y la irritaci\u00f3n del ciclista. Las costuras est\u00e1n reforzadas para ser resistentes para un uso prolongado. Los cortes del culote y la badana tienen una forma que se ajusta a la anatom\u00eda del atleta. Hay cuatro bolsillos para cargar los art\u00edculos que puedes llevar contigo en viajes largos.<\/p>\n<p>ALMOHADILLA: <a href=\"https:\/\/www.giessegi.com\/es\/badanas\/\">ERGOTECH<\/a><\/p>\n<p>TEMPERATURAS : -5\u00b0 \/ +12\u00b0<\/p>\n","protected":false},"featured_media":58583,"template":"","meta":[],"product_brand":[],"product_cat":[773,629,669,766],"product_tag":[],"collezione":[5474],"class_list":{"0":"post-58767","1":"product","2":"type-product","3":"status-publish","4":"has-post-thumbnail","6":"product_cat-pantalones-hombre","7":"product_cat-culottes-largos-hombre","8":"product_cat-gravel-es","9":"product_cat-hombre","10":"pa_colore-negro-es","11":"pa_taglia-3xl-es","12":"pa_taglia-l-es","13":"pa_taglia-m-es","14":"pa_taglia-s-es","15":"pa_taglia-xl-es","16":"pa_taglia-xs-es","17":"pa_taglia-xxl-es","18":"collezione-invierno-2023-24","21":"first","22":"instock","23":"sale","24":"shipping-taxable","25":"purchasable","26":"product-type-variable"},"yoast_head":"<!-- This site is optimized with the Yoast SEO plugin v27.3 - https:\/\/yoast.com\/product\/yoast-seo-wordpress\/ -->\n<title>GHIAIA | GSG - Giessegi<\/title>\n<meta name=\"robots\" content=\"index, follow, max-snippet:-1, max-image-preview:large, max-video-preview:-1\" \/>\n<link rel=\"canonical\" href=\"https:\/\/www.giessegi.com\/es\/producto\/ghiaia\/\" \/>\n<meta property=\"og:locale\" content=\"es_ES\" \/>\n<meta property=\"og:type\" content=\"article\" \/>\n<meta property=\"og:title\" content=\"GHIAIA | GSG - Giessegi\" \/>\n<meta property=\"og:description\" content=\"Culote largo de invierno para gravel y MTB. Cuenta con un tejido hidr\u00f3fugo y suave para proteger del fr\u00edo y la lluvia y el barro. Los tirantes est\u00e1n hechos de malla para garantizar una excelente transpirabilidad y son muy el\u00e1sticos para estar c\u00f3modo incluso cuando se est\u00e1 sentado en el sill\u00edn durante largos per\u00edodos de tiempo. Son Culotes cortos de ciclismo que tambi\u00e9n son aptos para largas distancias, gracias a la badana Ergotech, que tiene un excelente acolchado y es apta para off-road. Las esponjas son muy densas y transpirables para proteger tanto del estr\u00e9s mec\u00e1nico como del sudor, evitando el dolor y la irritaci\u00f3n del ciclista. Las costuras est\u00e1n reforzadas para ser resistentes para un uso prolongado. Los cortes del culote y la badana tienen una forma que se ajusta a la anatom\u00eda del atleta. Hay cuatro bolsillos para cargar los art\u00edculos que puedes llevar contigo en viajes largos.  ALMOHADILLA: ERGOTECH  TEMPERATURAS : -5\u00b0 \/ +12\u00b0\" \/>\n<meta property=\"og:url\" content=\"https:\/\/www.giessegi.com\/es\/producto\/ghiaia\/\" \/>\n<meta property=\"og:site_name\" content=\"GSG - Giessegi\" \/>\n<meta property=\"article:modified_time\" content=\"2024-03-02T23:01:43+00:00\" \/>\n<meta property=\"og:image\" content=\"https:\/\/www.giessegi.com\/wp-content\/uploads\/2023\/10\/07271-GHIAIA_01_nero_front.jpg\" \/>\n\t<meta property=\"og:image:width\" content=\"1000\" \/>\n\t<meta property=\"og:image:height\" content=\"1000\" \/>\n\t<meta property=\"og:image:type\" content=\"image\/jpeg\" \/>\n<meta name=\"twitter:card\" content=\"summary_large_image\" \/>\n<meta name=\"twitter:label1\" content=\"Tiempo de lectura\" \/>\n\t<meta name=\"twitter:data1\" content=\"1 minuto\" \/>\n<script type=\"application\/ld+json\" class=\"yoast-schema-graph\">{\"@context\":\"https:\\\/\\\/schema.org\",\"@graph\":[{\"@type\":\"WebPage\",\"@id\":\"https:\\\/\\\/www.giessegi.com\\\/es\\\/producto\\\/ghiaia\\\/\",\"url\":\"https:\\\/\\\/www.giessegi.com\\\/es\\\/producto\\\/ghiaia\\\/\",\"name\":\"GHIAIA | GSG - Giessegi\",\"isPartOf\":{\"@id\":\"https:\\\/\\\/www.giessegi.com\\\/en\\\/#website\"},\"primaryImageOfPage\":{\"@id\":\"https:\\\/\\\/www.giessegi.com\\\/es\\\/producto\\\/ghiaia\\\/#primaryimage\"},\"image\":{\"@id\":\"https:\\\/\\\/www.giessegi.com\\\/es\\\/producto\\\/ghiaia\\\/#primaryimage\"},\"thumbnailUrl\":\"https:\\\/\\\/www.giessegi.com\\\/wp-content\\\/uploads\\\/2023\\\/10\\\/07271-GHIAIA_01_nero_front.jpg\",\"datePublished\":\"2023-10-30T11:37:41+00:00\",\"dateModified\":\"2024-03-02T23:01:43+00:00\",\"breadcrumb\":{\"@id\":\"https:\\\/\\\/www.giessegi.com\\\/es\\\/producto\\\/ghiaia\\\/#breadcrumb\"},\"inLanguage\":\"es\",\"potentialAction\":[{\"@type\":\"ReadAction\",\"target\":[\"https:\\\/\\\/www.giessegi.com\\\/es\\\/producto\\\/ghiaia\\\/\"]}]},{\"@type\":\"ImageObject\",\"inLanguage\":\"es\",\"@id\":\"https:\\\/\\\/www.giessegi.com\\\/es\\\/producto\\\/ghiaia\\\/#primaryimage\",\"url\":\"https:\\\/\\\/www.giessegi.com\\\/wp-content\\\/uploads\\\/2023\\\/10\\\/07271-GHIAIA_01_nero_front.jpg\",\"contentUrl\":\"https:\\\/\\\/www.giessegi.com\\\/wp-content\\\/uploads\\\/2023\\\/10\\\/07271-GHIAIA_01_nero_front.jpg\",\"width\":1000,\"height\":1000},{\"@type\":\"BreadcrumbList\",\"@id\":\"https:\\\/\\\/www.giessegi.com\\\/es\\\/producto\\\/ghiaia\\\/#breadcrumb\",\"itemListElement\":[{\"@type\":\"ListItem\",\"position\":1,\"name\":\"Home\",\"item\":\"https:\\\/\\\/www.giessegi.com\\\/\"},{\"@type\":\"ListItem\",\"position\":2,\"name\":\"Products\",\"item\":\"https:\\\/\\\/www.giessegi.com\\\/en\\\/shop\\\/\"},{\"@type\":\"ListItem\",\"position\":3,\"name\":\"GHIAIA\"}]},{\"@type\":\"WebSite\",\"@id\":\"https:\\\/\\\/www.giessegi.com\\\/en\\\/#website\",\"url\":\"https:\\\/\\\/www.giessegi.com\\\/en\\\/\",\"name\":\"Giessegi\",\"description\":\"\",\"publisher\":{\"@id\":\"https:\\\/\\\/www.giessegi.com\\\/en\\\/#organization\"},\"potentialAction\":[{\"@type\":\"SearchAction\",\"target\":{\"@type\":\"EntryPoint\",\"urlTemplate\":\"https:\\\/\\\/www.giessegi.com\\\/en\\\/?s={search_term_string}\"},\"query-input\":{\"@type\":\"PropertyValueSpecification\",\"valueRequired\":true,\"valueName\":\"search_term_string\"}}],\"inLanguage\":\"es\"},{\"@type\":\"Organization\",\"@id\":\"https:\\\/\\\/www.giessegi.com\\\/en\\\/#organization\",\"name\":\"Giessegi\",\"url\":\"https:\\\/\\\/www.giessegi.com\\\/en\\\/\",\"logo\":{\"@type\":\"ImageObject\",\"inLanguage\":\"es\",\"@id\":\"https:\\\/\\\/www.giessegi.com\\\/en\\\/#\\\/schema\\\/logo\\\/image\\\/\",\"url\":\"https:\\\/\\\/www.giessegi.com\\\/wp-content\\\/uploads\\\/2022\\\/09\\\/giessegi-logo.jpeg\",\"contentUrl\":\"https:\\\/\\\/www.giessegi.com\\\/wp-content\\\/uploads\\\/2022\\\/09\\\/giessegi-logo.jpeg\",\"width\":175,\"height\":77,\"caption\":\"Giessegi\"},\"image\":{\"@id\":\"https:\\\/\\\/www.giessegi.com\\\/en\\\/#\\\/schema\\\/logo\\\/image\\\/\"}}]}<\/script>\n<!-- \/ Yoast SEO plugin. -->","yoast_head_json":{"title":"GHIAIA | GSG - Giessegi","robots":{"index":"index","follow":"follow","max-snippet":"max-snippet:-1","max-image-preview":"max-image-preview:large","max-video-preview":"max-video-preview:-1"},"canonical":"https:\/\/www.giessegi.com\/es\/producto\/ghiaia\/","og_locale":"es_ES","og_type":"article","og_title":"GHIAIA | GSG - Giessegi","og_description":"Culote largo de invierno para gravel y MTB. Cuenta con un tejido hidr\u00f3fugo y suave para proteger del fr\u00edo y la lluvia y el barro. Los tirantes est\u00e1n hechos de malla para garantizar una excelente transpirabilidad y son muy el\u00e1sticos para estar c\u00f3modo incluso cuando se est\u00e1 sentado en el sill\u00edn durante largos per\u00edodos de tiempo. Son Culotes cortos de ciclismo que tambi\u00e9n son aptos para largas distancias, gracias a la badana Ergotech, que tiene un excelente acolchado y es apta para off-road. Las esponjas son muy densas y transpirables para proteger tanto del estr\u00e9s mec\u00e1nico como del sudor, evitando el dolor y la irritaci\u00f3n del ciclista. Las costuras est\u00e1n reforzadas para ser resistentes para un uso prolongado. Los cortes del culote y la badana tienen una forma que se ajusta a la anatom\u00eda del atleta. Hay cuatro bolsillos para cargar los art\u00edculos que puedes llevar contigo en viajes largos.  ALMOHADILLA: ERGOTECH  TEMPERATURAS : -5\u00b0 \/ +12\u00b0","og_url":"https:\/\/www.giessegi.com\/es\/producto\/ghiaia\/","og_site_name":"GSG - Giessegi","article_modified_time":"2024-03-02T23:01:43+00:00","og_image":[{"width":1000,"height":1000,"url":"https:\/\/www.giessegi.com\/wp-content\/uploads\/2023\/10\/07271-GHIAIA_01_nero_front.jpg","type":"image\/jpeg"}],"twitter_card":"summary_large_image","twitter_misc":{"Tiempo de lectura":"1 minuto"},"schema":{"@context":"https:\/\/schema.org","@graph":[{"@type":"WebPage","@id":"https:\/\/www.giessegi.com\/es\/producto\/ghiaia\/","url":"https:\/\/www.giessegi.com\/es\/producto\/ghiaia\/","name":"GHIAIA | GSG - Giessegi","isPartOf":{"@id":"https:\/\/www.giessegi.com\/en\/#website"},"primaryImageOfPage":{"@id":"https:\/\/www.giessegi.com\/es\/producto\/ghiaia\/#primaryimage"},"image":{"@id":"https:\/\/www.giessegi.com\/es\/producto\/ghiaia\/#primaryimage"},"thumbnailUrl":"https:\/\/www.giessegi.com\/wp-content\/uploads\/2023\/10\/07271-GHIAIA_01_nero_front.jpg","datePublished":"2023-10-30T11:37:41+00:00","dateModified":"2024-03-02T23:01:43+00:00","breadcrumb":{"@id":"https:\/\/www.giessegi.com\/es\/producto\/ghiaia\/#breadcrumb"},"inLanguage":"es","potentialAction":[{"@type":"ReadAction","target":["https:\/\/www.giessegi.com\/es\/producto\/ghiaia\/"]}]},{"@type":"ImageObject","inLanguage":"es","@id":"https:\/\/www.giessegi.com\/es\/producto\/ghiaia\/#primaryimage","url":"https:\/\/www.giessegi.com\/wp-content\/uploads\/2023\/10\/07271-GHIAIA_01_nero_front.jpg","contentUrl":"https:\/\/www.giessegi.com\/wp-content\/uploads\/2023\/10\/07271-GHIAIA_01_nero_front.jpg","width":1000,"height":1000},{"@type":"BreadcrumbList","@id":"https:\/\/www.giessegi.com\/es\/producto\/ghiaia\/#breadcrumb","itemListElement":[{"@type":"ListItem","position":1,"name":"Home","item":"https:\/\/www.giessegi.com\/"},{"@type":"ListItem","position":2,"name":"Products","item":"https:\/\/www.giessegi.com\/en\/shop\/"},{"@type":"ListItem","position":3,"name":"GHIAIA"}]},{"@type":"WebSite","@id":"https:\/\/www.giessegi.com\/en\/#website","url":"https:\/\/www.giessegi.com\/en\/","name":"Giessegi","description":"","publisher":{"@id":"https:\/\/www.giessegi.com\/en\/#organization"},"potentialAction":[{"@type":"SearchAction","target":{"@type":"EntryPoint","urlTemplate":"https:\/\/www.giessegi.com\/en\/?s={search_term_string}"},"query-input":{"@type":"PropertyValueSpecification","valueRequired":true,"valueName":"search_term_string"}}],"inLanguage":"es"},{"@type":"Organization","@id":"https:\/\/www.giessegi.com\/en\/#organization","name":"Giessegi","url":"https:\/\/www.giessegi.com\/en\/","logo":{"@type":"ImageObject","inLanguage":"es","@id":"https:\/\/www.giessegi.com\/en\/#\/schema\/logo\/image\/","url":"https:\/\/www.giessegi.com\/wp-content\/uploads\/2022\/09\/giessegi-logo.jpeg","contentUrl":"https:\/\/www.giessegi.com\/wp-content\/uploads\/2022\/09\/giessegi-logo.jpeg","width":175,"height":77,"caption":"Giessegi"},"image":{"@id":"https:\/\/www.giessegi.com\/en\/#\/schema\/logo\/image\/"}}]}},"_links":{"self":[{"href":"https:\/\/www.giessegi.com\/es\/wp-json\/wp\/v2\/product\/58767","targetHints":{"allow":["GET"]}}],"collection":[{"href":"https:\/\/www.giessegi.com\/es\/wp-json\/wp\/v2\/product"}],"about":[{"href":"https:\/\/www.giessegi.com\/es\/wp-json\/wp\/v2\/types\/product"}],"wp:featuredmedia":[{"embeddable":true,"href":"https:\/\/www.giessegi.com\/es\/wp-json\/wp\/v2\/media\/58583"}],"wp:attachment":[{"href":"https:\/\/www.giessegi.com\/es\/wp-json\/wp\/v2\/media?parent=58767"}],"wp:term":[{"taxonomy":"product_brand","embeddable":true,"href":"https:\/\/www.giessegi.com\/es\/wp-json\/wp\/v2\/product_brand?post=58767"},{"taxonomy":"product_cat","embeddable":true,"href":"https:\/\/www.giessegi.com\/es\/wp-json\/wp\/v2\/product_cat?post=58767"},{"taxonomy":"product_tag","embeddable":true,"href":"https:\/\/www.giessegi.com\/es\/wp-json\/wp\/v2\/product_tag?post=58767"},{"taxonomy":"collezione","embeddable":true,"href":"https:\/\/www.giessegi.com\/es\/wp-json\/wp\/v2\/collezione?post=58767"}],"curies":[{"name":"wp","href":"https:\/\/api.w.org\/{rel}","templated":true}]}}