{"id":58765,"date":"2023-10-30T12:37:47","date_gmt":"2023-10-30T11:37:47","guid":{"rendered":"https:\/\/www.giessegi.com\/product\/campione\/"},"modified":"2024-03-03T00:01:44","modified_gmt":"2024-03-02T23:01:44","slug":"campione","status":"publish","type":"product","link":"https:\/\/www.giessegi.com\/es\/producto\/campione\/","title":{"rendered":"CAMPIONE"},"content":{"rendered":"","protected":false},"excerpt":{"rendered":"<p>Campione es nuestro m\u00e1s t\u00e9cnico culote de invierno, una prenda para aquellos que quieren montar en bicicleta incluso en los meses m\u00e1s fr\u00edos y h\u00famedos. El tejido est\u00e1 hecho de vell\u00f3n para proteger contra el fr\u00edo y garantizar una excelente transpirabilidad. Tambi\u00e9n es repelente al agua para proteger al ciclista en caso de lluvia o barro. La posici\u00f3n de las costuras depende de la anatom\u00eda del ciclista a la hora de pedalear. Incluso en los viajes largos, el ciclista se siente c\u00f3modo gracias a los tirantes suaves, transpirables y el\u00e1sticos. La badana es la m\u00e1s apreciada por nuestros clientes porque es ligera y ahorra espacio y cuenta con esponjas suaves, totalmente transpirables, pero a la vez muy densas.\u00a0 Por lo tanto, se garantiza la m\u00e1xima protecci\u00f3n en largas distancias (m\u00e1s de cuatro horas y 200 km), tanto dentro como fuera de la carretera. Esto se aplica a ciclistas de todos los niveles, tipos de cuerpo y h\u00e1bitos.<\/p>\n<p>ALMOHADILLA: <a href=\"https:\/\/www.giessegi.com\/es\/badanas\/\">ZENITH ECO SAT MAN<\/a><\/p>\n<p>TEMPERATURAS : -5\u00b0 \/ +10\u00b0<\/p>\n","protected":false},"featured_media":58567,"template":"","meta":[],"product_brand":[],"product_cat":[773,629,766],"product_tag":[],"collezione":[5474],"class_list":{"0":"post-58765","1":"product","2":"type-product","3":"status-publish","4":"has-post-thumbnail","6":"product_cat-pantalones-hombre","7":"product_cat-culottes-largos-hombre","8":"product_cat-hombre","9":"pa_colore-negro-es","10":"pa_taglia-3xl-es","11":"pa_taglia-l-es","12":"pa_taglia-m-es","13":"pa_taglia-s-es","14":"pa_taglia-xl-es","15":"pa_taglia-xs-es","16":"pa_taglia-xxl-es","17":"collezione-invierno-2023-24","20":"first","21":"instock","22":"sale","23":"shipping-taxable","24":"purchasable","25":"product-type-variable"},"yoast_head":"<!-- This site is optimized with the Yoast SEO plugin v27.3 - https:\/\/yoast.com\/product\/yoast-seo-wordpress\/ -->\n<title>CAMPIONE | GSG - Giessegi<\/title>\n<meta name=\"robots\" content=\"index, follow, max-snippet:-1, max-image-preview:large, max-video-preview:-1\" \/>\n<link rel=\"canonical\" href=\"https:\/\/www.giessegi.com\/es\/producto\/campione\/\" \/>\n<meta property=\"og:locale\" content=\"es_ES\" \/>\n<meta property=\"og:type\" content=\"article\" \/>\n<meta property=\"og:title\" content=\"CAMPIONE | GSG - Giessegi\" \/>\n<meta property=\"og:description\" content=\"Campione es nuestro m\u00e1s t\u00e9cnico culote de invierno, una prenda para aquellos que quieren montar en bicicleta incluso en los meses m\u00e1s fr\u00edos y h\u00famedos. El tejido est\u00e1 hecho de vell\u00f3n para proteger contra el fr\u00edo y garantizar una excelente transpirabilidad. Tambi\u00e9n es repelente al agua para proteger al ciclista en caso de lluvia o barro. La posici\u00f3n de las costuras depende de la anatom\u00eda del ciclista a la hora de pedalear. Incluso en los viajes largos, el ciclista se siente c\u00f3modo gracias a los tirantes suaves, transpirables y el\u00e1sticos. La badana es la m\u00e1s apreciada por nuestros clientes porque es ligera y ahorra espacio y cuenta con esponjas suaves, totalmente transpirables, pero a la vez muy densas.\u00a0 Por lo tanto, se garantiza la m\u00e1xima protecci\u00f3n en largas distancias (m\u00e1s de cuatro horas y 200 km), tanto dentro como fuera de la carretera. Esto se aplica a ciclistas de todos los niveles, tipos de cuerpo y h\u00e1bitos.  ALMOHADILLA: ZENITH ECO SAT MAN  TEMPERATURAS : -5\u00b0 \/ +10\u00b0\" \/>\n<meta property=\"og:url\" content=\"https:\/\/www.giessegi.com\/es\/producto\/campione\/\" \/>\n<meta property=\"og:site_name\" content=\"GSG - Giessegi\" \/>\n<meta property=\"article:modified_time\" content=\"2024-03-02T23:01:44+00:00\" \/>\n<meta property=\"og:image\" content=\"https:\/\/www.giessegi.com\/wp-content\/uploads\/2023\/10\/07268-CAMPIONE_01_nero_front.jpg\" \/>\n\t<meta property=\"og:image:width\" content=\"1000\" \/>\n\t<meta property=\"og:image:height\" content=\"1000\" \/>\n\t<meta property=\"og:image:type\" content=\"image\/jpeg\" \/>\n<meta name=\"twitter:card\" content=\"summary_large_image\" \/>\n<meta name=\"twitter:label1\" content=\"Tiempo de lectura\" \/>\n\t<meta name=\"twitter:data1\" content=\"1 minuto\" \/>\n<script type=\"application\/ld+json\" class=\"yoast-schema-graph\">{\"@context\":\"https:\\\/\\\/schema.org\",\"@graph\":[{\"@type\":\"WebPage\",\"@id\":\"https:\\\/\\\/www.giessegi.com\\\/es\\\/producto\\\/campione\\\/\",\"url\":\"https:\\\/\\\/www.giessegi.com\\\/es\\\/producto\\\/campione\\\/\",\"name\":\"CAMPIONE | GSG - Giessegi\",\"isPartOf\":{\"@id\":\"https:\\\/\\\/www.giessegi.com\\\/en\\\/#website\"},\"primaryImageOfPage\":{\"@id\":\"https:\\\/\\\/www.giessegi.com\\\/es\\\/producto\\\/campione\\\/#primaryimage\"},\"image\":{\"@id\":\"https:\\\/\\\/www.giessegi.com\\\/es\\\/producto\\\/campione\\\/#primaryimage\"},\"thumbnailUrl\":\"https:\\\/\\\/www.giessegi.com\\\/wp-content\\\/uploads\\\/2023\\\/10\\\/07268-CAMPIONE_01_nero_front.jpg\",\"datePublished\":\"2023-10-30T11:37:47+00:00\",\"dateModified\":\"2024-03-02T23:01:44+00:00\",\"breadcrumb\":{\"@id\":\"https:\\\/\\\/www.giessegi.com\\\/es\\\/producto\\\/campione\\\/#breadcrumb\"},\"inLanguage\":\"es\",\"potentialAction\":[{\"@type\":\"ReadAction\",\"target\":[\"https:\\\/\\\/www.giessegi.com\\\/es\\\/producto\\\/campione\\\/\"]}]},{\"@type\":\"ImageObject\",\"inLanguage\":\"es\",\"@id\":\"https:\\\/\\\/www.giessegi.com\\\/es\\\/producto\\\/campione\\\/#primaryimage\",\"url\":\"https:\\\/\\\/www.giessegi.com\\\/wp-content\\\/uploads\\\/2023\\\/10\\\/07268-CAMPIONE_01_nero_front.jpg\",\"contentUrl\":\"https:\\\/\\\/www.giessegi.com\\\/wp-content\\\/uploads\\\/2023\\\/10\\\/07268-CAMPIONE_01_nero_front.jpg\",\"width\":1000,\"height\":1000},{\"@type\":\"BreadcrumbList\",\"@id\":\"https:\\\/\\\/www.giessegi.com\\\/es\\\/producto\\\/campione\\\/#breadcrumb\",\"itemListElement\":[{\"@type\":\"ListItem\",\"position\":1,\"name\":\"Home\",\"item\":\"https:\\\/\\\/www.giessegi.com\\\/\"},{\"@type\":\"ListItem\",\"position\":2,\"name\":\"Products\",\"item\":\"https:\\\/\\\/www.giessegi.com\\\/en\\\/shop\\\/\"},{\"@type\":\"ListItem\",\"position\":3,\"name\":\"CAMPIONE\"}]},{\"@type\":\"WebSite\",\"@id\":\"https:\\\/\\\/www.giessegi.com\\\/en\\\/#website\",\"url\":\"https:\\\/\\\/www.giessegi.com\\\/en\\\/\",\"name\":\"Giessegi\",\"description\":\"\",\"publisher\":{\"@id\":\"https:\\\/\\\/www.giessegi.com\\\/en\\\/#organization\"},\"potentialAction\":[{\"@type\":\"SearchAction\",\"target\":{\"@type\":\"EntryPoint\",\"urlTemplate\":\"https:\\\/\\\/www.giessegi.com\\\/en\\\/?s={search_term_string}\"},\"query-input\":{\"@type\":\"PropertyValueSpecification\",\"valueRequired\":true,\"valueName\":\"search_term_string\"}}],\"inLanguage\":\"es\"},{\"@type\":\"Organization\",\"@id\":\"https:\\\/\\\/www.giessegi.com\\\/en\\\/#organization\",\"name\":\"Giessegi\",\"url\":\"https:\\\/\\\/www.giessegi.com\\\/en\\\/\",\"logo\":{\"@type\":\"ImageObject\",\"inLanguage\":\"es\",\"@id\":\"https:\\\/\\\/www.giessegi.com\\\/en\\\/#\\\/schema\\\/logo\\\/image\\\/\",\"url\":\"https:\\\/\\\/www.giessegi.com\\\/wp-content\\\/uploads\\\/2022\\\/09\\\/giessegi-logo.jpeg\",\"contentUrl\":\"https:\\\/\\\/www.giessegi.com\\\/wp-content\\\/uploads\\\/2022\\\/09\\\/giessegi-logo.jpeg\",\"width\":175,\"height\":77,\"caption\":\"Giessegi\"},\"image\":{\"@id\":\"https:\\\/\\\/www.giessegi.com\\\/en\\\/#\\\/schema\\\/logo\\\/image\\\/\"}}]}<\/script>\n<!-- \/ Yoast SEO plugin. -->","yoast_head_json":{"title":"CAMPIONE | GSG - Giessegi","robots":{"index":"index","follow":"follow","max-snippet":"max-snippet:-1","max-image-preview":"max-image-preview:large","max-video-preview":"max-video-preview:-1"},"canonical":"https:\/\/www.giessegi.com\/es\/producto\/campione\/","og_locale":"es_ES","og_type":"article","og_title":"CAMPIONE | GSG - Giessegi","og_description":"Campione es nuestro m\u00e1s t\u00e9cnico culote de invierno, una prenda para aquellos que quieren montar en bicicleta incluso en los meses m\u00e1s fr\u00edos y h\u00famedos. El tejido est\u00e1 hecho de vell\u00f3n para proteger contra el fr\u00edo y garantizar una excelente transpirabilidad. Tambi\u00e9n es repelente al agua para proteger al ciclista en caso de lluvia o barro. La posici\u00f3n de las costuras depende de la anatom\u00eda del ciclista a la hora de pedalear. Incluso en los viajes largos, el ciclista se siente c\u00f3modo gracias a los tirantes suaves, transpirables y el\u00e1sticos. La badana es la m\u00e1s apreciada por nuestros clientes porque es ligera y ahorra espacio y cuenta con esponjas suaves, totalmente transpirables, pero a la vez muy densas.\u00a0 Por lo tanto, se garantiza la m\u00e1xima protecci\u00f3n en largas distancias (m\u00e1s de cuatro horas y 200 km), tanto dentro como fuera de la carretera. Esto se aplica a ciclistas de todos los niveles, tipos de cuerpo y h\u00e1bitos.  ALMOHADILLA: ZENITH ECO SAT MAN  TEMPERATURAS : -5\u00b0 \/ +10\u00b0","og_url":"https:\/\/www.giessegi.com\/es\/producto\/campione\/","og_site_name":"GSG - Giessegi","article_modified_time":"2024-03-02T23:01:44+00:00","og_image":[{"width":1000,"height":1000,"url":"https:\/\/www.giessegi.com\/wp-content\/uploads\/2023\/10\/07268-CAMPIONE_01_nero_front.jpg","type":"image\/jpeg"}],"twitter_card":"summary_large_image","twitter_misc":{"Tiempo de lectura":"1 minuto"},"schema":{"@context":"https:\/\/schema.org","@graph":[{"@type":"WebPage","@id":"https:\/\/www.giessegi.com\/es\/producto\/campione\/","url":"https:\/\/www.giessegi.com\/es\/producto\/campione\/","name":"CAMPIONE | GSG - Giessegi","isPartOf":{"@id":"https:\/\/www.giessegi.com\/en\/#website"},"primaryImageOfPage":{"@id":"https:\/\/www.giessegi.com\/es\/producto\/campione\/#primaryimage"},"image":{"@id":"https:\/\/www.giessegi.com\/es\/producto\/campione\/#primaryimage"},"thumbnailUrl":"https:\/\/www.giessegi.com\/wp-content\/uploads\/2023\/10\/07268-CAMPIONE_01_nero_front.jpg","datePublished":"2023-10-30T11:37:47+00:00","dateModified":"2024-03-02T23:01:44+00:00","breadcrumb":{"@id":"https:\/\/www.giessegi.com\/es\/producto\/campione\/#breadcrumb"},"inLanguage":"es","potentialAction":[{"@type":"ReadAction","target":["https:\/\/www.giessegi.com\/es\/producto\/campione\/"]}]},{"@type":"ImageObject","inLanguage":"es","@id":"https:\/\/www.giessegi.com\/es\/producto\/campione\/#primaryimage","url":"https:\/\/www.giessegi.com\/wp-content\/uploads\/2023\/10\/07268-CAMPIONE_01_nero_front.jpg","contentUrl":"https:\/\/www.giessegi.com\/wp-content\/uploads\/2023\/10\/07268-CAMPIONE_01_nero_front.jpg","width":1000,"height":1000},{"@type":"BreadcrumbList","@id":"https:\/\/www.giessegi.com\/es\/producto\/campione\/#breadcrumb","itemListElement":[{"@type":"ListItem","position":1,"name":"Home","item":"https:\/\/www.giessegi.com\/"},{"@type":"ListItem","position":2,"name":"Products","item":"https:\/\/www.giessegi.com\/en\/shop\/"},{"@type":"ListItem","position":3,"name":"CAMPIONE"}]},{"@type":"WebSite","@id":"https:\/\/www.giessegi.com\/en\/#website","url":"https:\/\/www.giessegi.com\/en\/","name":"Giessegi","description":"","publisher":{"@id":"https:\/\/www.giessegi.com\/en\/#organization"},"potentialAction":[{"@type":"SearchAction","target":{"@type":"EntryPoint","urlTemplate":"https:\/\/www.giessegi.com\/en\/?s={search_term_string}"},"query-input":{"@type":"PropertyValueSpecification","valueRequired":true,"valueName":"search_term_string"}}],"inLanguage":"es"},{"@type":"Organization","@id":"https:\/\/www.giessegi.com\/en\/#organization","name":"Giessegi","url":"https:\/\/www.giessegi.com\/en\/","logo":{"@type":"ImageObject","inLanguage":"es","@id":"https:\/\/www.giessegi.com\/en\/#\/schema\/logo\/image\/","url":"https:\/\/www.giessegi.com\/wp-content\/uploads\/2022\/09\/giessegi-logo.jpeg","contentUrl":"https:\/\/www.giessegi.com\/wp-content\/uploads\/2022\/09\/giessegi-logo.jpeg","width":175,"height":77,"caption":"Giessegi"},"image":{"@id":"https:\/\/www.giessegi.com\/en\/#\/schema\/logo\/image\/"}}]}},"_links":{"self":[{"href":"https:\/\/www.giessegi.com\/es\/wp-json\/wp\/v2\/product\/58765","targetHints":{"allow":["GET"]}}],"collection":[{"href":"https:\/\/www.giessegi.com\/es\/wp-json\/wp\/v2\/product"}],"about":[{"href":"https:\/\/www.giessegi.com\/es\/wp-json\/wp\/v2\/types\/product"}],"wp:featuredmedia":[{"embeddable":true,"href":"https:\/\/www.giessegi.com\/es\/wp-json\/wp\/v2\/media\/58567"}],"wp:attachment":[{"href":"https:\/\/www.giessegi.com\/es\/wp-json\/wp\/v2\/media?parent=58765"}],"wp:term":[{"taxonomy":"product_brand","embeddable":true,"href":"https:\/\/www.giessegi.com\/es\/wp-json\/wp\/v2\/product_brand?post=58765"},{"taxonomy":"product_cat","embeddable":true,"href":"https:\/\/www.giessegi.com\/es\/wp-json\/wp\/v2\/product_cat?post=58765"},{"taxonomy":"product_tag","embeddable":true,"href":"https:\/\/www.giessegi.com\/es\/wp-json\/wp\/v2\/product_tag?post=58765"},{"taxonomy":"collezione","embeddable":true,"href":"https:\/\/www.giessegi.com\/es\/wp-json\/wp\/v2\/collezione?post=58765"}],"curies":[{"name":"wp","href":"https:\/\/api.w.org\/{rel}","templated":true}]}}