{"id":58760,"date":"2023-10-30T12:38:05","date_gmt":"2023-10-30T11:38:05","guid":{"rendered":"https:\/\/www.giessegi.com\/product\/fuggitivo\/"},"modified":"2024-02-13T00:00:55","modified_gmt":"2024-02-12T23:00:55","slug":"fuggitivo","status":"publish","type":"product","link":"https:\/\/www.giessegi.com\/es\/producto\/fuggitivo\/","title":{"rendered":"FUGGITIVO"},"content":{"rendered":"","protected":false},"excerpt":{"rendered":"<p>La chaqueta de ciclismo de invierno FUGGITIVO cuenta con un tejido muy apreciado por todos los ciclistas de cualquier disciplina por sus excelentes propiedades. El tejido principal consiste en una capa ligera a prueba de viento y lluvia en el exterior y una capa ligera de lluvia en el interior con una capa de vell\u00f3n en Primaloft. El material est\u00e1 dise\u00f1ado para controlar la temperatura del cuerpo estable. El resto de la chaqueta est\u00e1 confeccionada con un tejido polar el\u00e1stico repelente al agua. La ventaja es que, por ejemplo, en una subida, cuando aumenta la sudoraci\u00f3n, el tejido consigue absorber la humedad mientras mantiene el cuerpo seco. En el momento en que te enfrentas al descenso, se reduce la mala sensaci\u00f3n que provoca el sudor al enfriarse. La forma de la prenda proporciona una excelente comodidad durante el ciclismo. Hay 3 bolsillos abiertos y un cuarto bolsillo con cremallera para guardar sus elementos esenciales. Los bolsillos est\u00e1n hechos de tela resistente a la abrasi\u00f3n para ser m\u00e1s resistentes con el paso del tiempo. Hay detalles reflectantes posicionado para que el ciclista sea m\u00e1s visible en el tr\u00e1fico desde todos los \u00e1ngulos.<\/p>\n<p>TEMPERATURAS : +5\u00b0+13\u00b0<\/p>\n","protected":false},"featured_media":58495,"template":"","meta":[],"product_brand":[],"product_cat":[684,766,730,756],"product_tag":[],"collezione":[5474],"class_list":{"0":"post-58760","1":"product","2":"type-product","3":"status-publish","4":"has-post-thumbnail","6":"product_cat-chaquetas-hombre","7":"product_cat-hombre","8":"product_cat-road-es","9":"product_cat-top-hombre","10":"pa_colore-negro-es","11":"pa_colore-verde-es","12":"pa_taglia-3xl-es","13":"pa_taglia-l-es","14":"pa_taglia-m-es","15":"pa_taglia-s-es","16":"pa_taglia-xl-es","17":"pa_taglia-xs-es","18":"pa_taglia-xxl-es","19":"collezione-invierno-2023-24","22":"first","23":"instock","24":"shipping-taxable","25":"purchasable","26":"product-type-variable"},"yoast_head":"<!-- This site is optimized with the Yoast SEO plugin v27.3 - https:\/\/yoast.com\/product\/yoast-seo-wordpress\/ -->\n<title>FUGGITIVO | GSG - Giessegi<\/title>\n<meta name=\"robots\" content=\"index, follow, max-snippet:-1, max-image-preview:large, max-video-preview:-1\" \/>\n<link rel=\"canonical\" href=\"https:\/\/www.giessegi.com\/es\/producto\/fuggitivo\/\" \/>\n<meta property=\"og:locale\" content=\"es_ES\" \/>\n<meta property=\"og:type\" content=\"article\" \/>\n<meta property=\"og:title\" content=\"FUGGITIVO | GSG - Giessegi\" \/>\n<meta property=\"og:description\" content=\"La chaqueta de ciclismo de invierno FUGGITIVO cuenta con un tejido muy apreciado por todos los ciclistas de cualquier disciplina por sus excelentes propiedades. El tejido principal consiste en una capa ligera a prueba de viento y lluvia en el exterior y una capa ligera de lluvia en el interior con una capa de vell\u00f3n en Primaloft. El material est\u00e1 dise\u00f1ado para controlar la temperatura del cuerpo estable. El resto de la chaqueta est\u00e1 confeccionada con un tejido polar el\u00e1stico repelente al agua. La ventaja es que, por ejemplo, en una subida, cuando aumenta la sudoraci\u00f3n, el tejido consigue absorber la humedad mientras mantiene el cuerpo seco. En el momento en que te enfrentas al descenso, se reduce la mala sensaci\u00f3n que provoca el sudor al enfriarse. La forma de la prenda proporciona una excelente comodidad durante el ciclismo. Hay 3 bolsillos abiertos y un cuarto bolsillo con cremallera para guardar sus elementos esenciales. Los bolsillos est\u00e1n hechos de tela resistente a la abrasi\u00f3n para ser m\u00e1s resistentes con el paso del tiempo. Hay detalles reflectantes posicionado para que el ciclista sea m\u00e1s visible en el tr\u00e1fico desde todos los \u00e1ngulos.  TEMPERATURAS : +5\u00b0+13\u00b0\" \/>\n<meta property=\"og:url\" content=\"https:\/\/www.giessegi.com\/es\/producto\/fuggitivo\/\" \/>\n<meta property=\"og:site_name\" content=\"GSG - Giessegi\" \/>\n<meta property=\"article:modified_time\" content=\"2024-02-12T23:00:55+00:00\" \/>\n<meta property=\"og:image\" content=\"https:\/\/www.giessegi.com\/wp-content\/uploads\/2023\/10\/10189-FUGGITIVO_01_nero_front.jpg\" \/>\n\t<meta property=\"og:image:width\" content=\"1000\" \/>\n\t<meta property=\"og:image:height\" content=\"1000\" \/>\n\t<meta property=\"og:image:type\" content=\"image\/jpeg\" \/>\n<meta name=\"twitter:card\" content=\"summary_large_image\" \/>\n<meta name=\"twitter:label1\" content=\"Tiempo de lectura\" \/>\n\t<meta name=\"twitter:data1\" content=\"1 minuto\" \/>\n<script type=\"application\/ld+json\" class=\"yoast-schema-graph\">{\"@context\":\"https:\\\/\\\/schema.org\",\"@graph\":[{\"@type\":\"WebPage\",\"@id\":\"https:\\\/\\\/www.giessegi.com\\\/es\\\/producto\\\/fuggitivo\\\/\",\"url\":\"https:\\\/\\\/www.giessegi.com\\\/es\\\/producto\\\/fuggitivo\\\/\",\"name\":\"FUGGITIVO | GSG - Giessegi\",\"isPartOf\":{\"@id\":\"https:\\\/\\\/www.giessegi.com\\\/en\\\/#website\"},\"primaryImageOfPage\":{\"@id\":\"https:\\\/\\\/www.giessegi.com\\\/es\\\/producto\\\/fuggitivo\\\/#primaryimage\"},\"image\":{\"@id\":\"https:\\\/\\\/www.giessegi.com\\\/es\\\/producto\\\/fuggitivo\\\/#primaryimage\"},\"thumbnailUrl\":\"https:\\\/\\\/www.giessegi.com\\\/wp-content\\\/uploads\\\/2023\\\/10\\\/10189-FUGGITIVO_01_nero_front.jpg\",\"datePublished\":\"2023-10-30T11:38:05+00:00\",\"dateModified\":\"2024-02-12T23:00:55+00:00\",\"breadcrumb\":{\"@id\":\"https:\\\/\\\/www.giessegi.com\\\/es\\\/producto\\\/fuggitivo\\\/#breadcrumb\"},\"inLanguage\":\"es\",\"potentialAction\":[{\"@type\":\"ReadAction\",\"target\":[\"https:\\\/\\\/www.giessegi.com\\\/es\\\/producto\\\/fuggitivo\\\/\"]}]},{\"@type\":\"ImageObject\",\"inLanguage\":\"es\",\"@id\":\"https:\\\/\\\/www.giessegi.com\\\/es\\\/producto\\\/fuggitivo\\\/#primaryimage\",\"url\":\"https:\\\/\\\/www.giessegi.com\\\/wp-content\\\/uploads\\\/2023\\\/10\\\/10189-FUGGITIVO_01_nero_front.jpg\",\"contentUrl\":\"https:\\\/\\\/www.giessegi.com\\\/wp-content\\\/uploads\\\/2023\\\/10\\\/10189-FUGGITIVO_01_nero_front.jpg\",\"width\":1000,\"height\":1000},{\"@type\":\"BreadcrumbList\",\"@id\":\"https:\\\/\\\/www.giessegi.com\\\/es\\\/producto\\\/fuggitivo\\\/#breadcrumb\",\"itemListElement\":[{\"@type\":\"ListItem\",\"position\":1,\"name\":\"Home\",\"item\":\"https:\\\/\\\/www.giessegi.com\\\/\"},{\"@type\":\"ListItem\",\"position\":2,\"name\":\"Products\",\"item\":\"https:\\\/\\\/www.giessegi.com\\\/en\\\/shop\\\/\"},{\"@type\":\"ListItem\",\"position\":3,\"name\":\"FUGGITIVO\"}]},{\"@type\":\"WebSite\",\"@id\":\"https:\\\/\\\/www.giessegi.com\\\/en\\\/#website\",\"url\":\"https:\\\/\\\/www.giessegi.com\\\/en\\\/\",\"name\":\"Giessegi\",\"description\":\"\",\"publisher\":{\"@id\":\"https:\\\/\\\/www.giessegi.com\\\/en\\\/#organization\"},\"potentialAction\":[{\"@type\":\"SearchAction\",\"target\":{\"@type\":\"EntryPoint\",\"urlTemplate\":\"https:\\\/\\\/www.giessegi.com\\\/en\\\/?s={search_term_string}\"},\"query-input\":{\"@type\":\"PropertyValueSpecification\",\"valueRequired\":true,\"valueName\":\"search_term_string\"}}],\"inLanguage\":\"es\"},{\"@type\":\"Organization\",\"@id\":\"https:\\\/\\\/www.giessegi.com\\\/en\\\/#organization\",\"name\":\"Giessegi\",\"url\":\"https:\\\/\\\/www.giessegi.com\\\/en\\\/\",\"logo\":{\"@type\":\"ImageObject\",\"inLanguage\":\"es\",\"@id\":\"https:\\\/\\\/www.giessegi.com\\\/en\\\/#\\\/schema\\\/logo\\\/image\\\/\",\"url\":\"https:\\\/\\\/www.giessegi.com\\\/wp-content\\\/uploads\\\/2022\\\/09\\\/giessegi-logo.jpeg\",\"contentUrl\":\"https:\\\/\\\/www.giessegi.com\\\/wp-content\\\/uploads\\\/2022\\\/09\\\/giessegi-logo.jpeg\",\"width\":175,\"height\":77,\"caption\":\"Giessegi\"},\"image\":{\"@id\":\"https:\\\/\\\/www.giessegi.com\\\/en\\\/#\\\/schema\\\/logo\\\/image\\\/\"}}]}<\/script>\n<!-- \/ Yoast SEO plugin. -->","yoast_head_json":{"title":"FUGGITIVO | GSG - Giessegi","robots":{"index":"index","follow":"follow","max-snippet":"max-snippet:-1","max-image-preview":"max-image-preview:large","max-video-preview":"max-video-preview:-1"},"canonical":"https:\/\/www.giessegi.com\/es\/producto\/fuggitivo\/","og_locale":"es_ES","og_type":"article","og_title":"FUGGITIVO | GSG - Giessegi","og_description":"La chaqueta de ciclismo de invierno FUGGITIVO cuenta con un tejido muy apreciado por todos los ciclistas de cualquier disciplina por sus excelentes propiedades. El tejido principal consiste en una capa ligera a prueba de viento y lluvia en el exterior y una capa ligera de lluvia en el interior con una capa de vell\u00f3n en Primaloft. El material est\u00e1 dise\u00f1ado para controlar la temperatura del cuerpo estable. El resto de la chaqueta est\u00e1 confeccionada con un tejido polar el\u00e1stico repelente al agua. La ventaja es que, por ejemplo, en una subida, cuando aumenta la sudoraci\u00f3n, el tejido consigue absorber la humedad mientras mantiene el cuerpo seco. En el momento en que te enfrentas al descenso, se reduce la mala sensaci\u00f3n que provoca el sudor al enfriarse. La forma de la prenda proporciona una excelente comodidad durante el ciclismo. Hay 3 bolsillos abiertos y un cuarto bolsillo con cremallera para guardar sus elementos esenciales. Los bolsillos est\u00e1n hechos de tela resistente a la abrasi\u00f3n para ser m\u00e1s resistentes con el paso del tiempo. Hay detalles reflectantes posicionado para que el ciclista sea m\u00e1s visible en el tr\u00e1fico desde todos los \u00e1ngulos.  TEMPERATURAS : +5\u00b0+13\u00b0","og_url":"https:\/\/www.giessegi.com\/es\/producto\/fuggitivo\/","og_site_name":"GSG - Giessegi","article_modified_time":"2024-02-12T23:00:55+00:00","og_image":[{"width":1000,"height":1000,"url":"https:\/\/www.giessegi.com\/wp-content\/uploads\/2023\/10\/10189-FUGGITIVO_01_nero_front.jpg","type":"image\/jpeg"}],"twitter_card":"summary_large_image","twitter_misc":{"Tiempo de lectura":"1 minuto"},"schema":{"@context":"https:\/\/schema.org","@graph":[{"@type":"WebPage","@id":"https:\/\/www.giessegi.com\/es\/producto\/fuggitivo\/","url":"https:\/\/www.giessegi.com\/es\/producto\/fuggitivo\/","name":"FUGGITIVO | GSG - Giessegi","isPartOf":{"@id":"https:\/\/www.giessegi.com\/en\/#website"},"primaryImageOfPage":{"@id":"https:\/\/www.giessegi.com\/es\/producto\/fuggitivo\/#primaryimage"},"image":{"@id":"https:\/\/www.giessegi.com\/es\/producto\/fuggitivo\/#primaryimage"},"thumbnailUrl":"https:\/\/www.giessegi.com\/wp-content\/uploads\/2023\/10\/10189-FUGGITIVO_01_nero_front.jpg","datePublished":"2023-10-30T11:38:05+00:00","dateModified":"2024-02-12T23:00:55+00:00","breadcrumb":{"@id":"https:\/\/www.giessegi.com\/es\/producto\/fuggitivo\/#breadcrumb"},"inLanguage":"es","potentialAction":[{"@type":"ReadAction","target":["https:\/\/www.giessegi.com\/es\/producto\/fuggitivo\/"]}]},{"@type":"ImageObject","inLanguage":"es","@id":"https:\/\/www.giessegi.com\/es\/producto\/fuggitivo\/#primaryimage","url":"https:\/\/www.giessegi.com\/wp-content\/uploads\/2023\/10\/10189-FUGGITIVO_01_nero_front.jpg","contentUrl":"https:\/\/www.giessegi.com\/wp-content\/uploads\/2023\/10\/10189-FUGGITIVO_01_nero_front.jpg","width":1000,"height":1000},{"@type":"BreadcrumbList","@id":"https:\/\/www.giessegi.com\/es\/producto\/fuggitivo\/#breadcrumb","itemListElement":[{"@type":"ListItem","position":1,"name":"Home","item":"https:\/\/www.giessegi.com\/"},{"@type":"ListItem","position":2,"name":"Products","item":"https:\/\/www.giessegi.com\/en\/shop\/"},{"@type":"ListItem","position":3,"name":"FUGGITIVO"}]},{"@type":"WebSite","@id":"https:\/\/www.giessegi.com\/en\/#website","url":"https:\/\/www.giessegi.com\/en\/","name":"Giessegi","description":"","publisher":{"@id":"https:\/\/www.giessegi.com\/en\/#organization"},"potentialAction":[{"@type":"SearchAction","target":{"@type":"EntryPoint","urlTemplate":"https:\/\/www.giessegi.com\/en\/?s={search_term_string}"},"query-input":{"@type":"PropertyValueSpecification","valueRequired":true,"valueName":"search_term_string"}}],"inLanguage":"es"},{"@type":"Organization","@id":"https:\/\/www.giessegi.com\/en\/#organization","name":"Giessegi","url":"https:\/\/www.giessegi.com\/en\/","logo":{"@type":"ImageObject","inLanguage":"es","@id":"https:\/\/www.giessegi.com\/en\/#\/schema\/logo\/image\/","url":"https:\/\/www.giessegi.com\/wp-content\/uploads\/2022\/09\/giessegi-logo.jpeg","contentUrl":"https:\/\/www.giessegi.com\/wp-content\/uploads\/2022\/09\/giessegi-logo.jpeg","width":175,"height":77,"caption":"Giessegi"},"image":{"@id":"https:\/\/www.giessegi.com\/en\/#\/schema\/logo\/image\/"}}]}},"_links":{"self":[{"href":"https:\/\/www.giessegi.com\/es\/wp-json\/wp\/v2\/product\/58760","targetHints":{"allow":["GET"]}}],"collection":[{"href":"https:\/\/www.giessegi.com\/es\/wp-json\/wp\/v2\/product"}],"about":[{"href":"https:\/\/www.giessegi.com\/es\/wp-json\/wp\/v2\/types\/product"}],"wp:featuredmedia":[{"embeddable":true,"href":"https:\/\/www.giessegi.com\/es\/wp-json\/wp\/v2\/media\/58495"}],"wp:attachment":[{"href":"https:\/\/www.giessegi.com\/es\/wp-json\/wp\/v2\/media?parent=58760"}],"wp:term":[{"taxonomy":"product_brand","embeddable":true,"href":"https:\/\/www.giessegi.com\/es\/wp-json\/wp\/v2\/product_brand?post=58760"},{"taxonomy":"product_cat","embeddable":true,"href":"https:\/\/www.giessegi.com\/es\/wp-json\/wp\/v2\/product_cat?post=58760"},{"taxonomy":"product_tag","embeddable":true,"href":"https:\/\/www.giessegi.com\/es\/wp-json\/wp\/v2\/product_tag?post=58760"},{"taxonomy":"collezione","embeddable":true,"href":"https:\/\/www.giessegi.com\/es\/wp-json\/wp\/v2\/collezione?post=58760"}],"curies":[{"name":"wp","href":"https:\/\/api.w.org\/{rel}","templated":true}]}}