{"id":58758,"date":"2023-10-30T12:38:13","date_gmt":"2023-10-30T11:38:13","guid":{"rendered":"https:\/\/www.giessegi.com\/product\/veloce\/"},"modified":"2024-02-13T00:00:56","modified_gmt":"2024-02-12T23:00:56","slug":"veloce","status":"publish","type":"product","link":"https:\/\/www.giessegi.com\/es\/producto\/veloce\/","title":{"rendered":"VELOCE"},"content":{"rendered":"","protected":false},"excerpt":{"rendered":"<p>La chaqueta de ciclismo de invierno VELOCE garantiza la m\u00e1xima protecci\u00f3n contra el fr\u00edo y las condiciones clim\u00e1ticas adversas. El tejido exterior de 3 capas tiene una membrana transpirable, pero al mismo tiempo impermeable. Tecnolog\u00eda Quickdry permite que los tejidos controlen y canalicen el exceso de humedad que produce el cuerpo durante la sudoraci\u00f3n. Es posible abrir la chaqueta en la parte delantera, porque tiene un chaleco transpirable en el interior que protege contra el fr\u00edo. En la parte trasera hay 3 bolsillos abiertos y un bolsillo adicional, con cremallera. Hay detalles reflectantes que dan a la prenda una alta visibilidad y aumentan la seguridad del ciclista. Un chip NFC est\u00e1 conectado a la parte superior de las mangas derechas, que es le\u00eddo por un lector; esta tecnolog\u00eda transmite informaci\u00f3n sobre los datos biom\u00e9dicos del deportista en caso de accidente. La informaci\u00f3n puede ser cargada por el usuario a trav\u00e9s de una aplicaci\u00f3n especial.<\/p>\n<p>TEMPERATURAS : -5\u00b0+7\u00b0<\/p>\n","protected":false},"featured_media":58467,"template":"","meta":[],"product_brand":[],"product_cat":[684,766,730,756],"product_tag":[],"collezione":[5474],"class_list":{"0":"post-58758","1":"product","2":"type-product","3":"status-publish","4":"has-post-thumbnail","6":"product_cat-chaquetas-hombre","7":"product_cat-hombre","8":"product_cat-road-es","9":"product_cat-top-hombre","10":"pa_colore-mostaza-es","11":"pa_colore-negro-es","12":"pa_taglia-3xl-es","13":"pa_taglia-l-es","14":"pa_taglia-m-es","15":"pa_taglia-s-es","16":"pa_taglia-xl-es","17":"pa_taglia-xs-es","18":"pa_taglia-xxl-es","19":"collezione-invierno-2023-24","22":"first","23":"instock","24":"sale","25":"shipping-taxable","26":"purchasable","27":"product-type-variable"},"yoast_head":"<!-- This site is optimized with the Yoast SEO plugin v27.3 - https:\/\/yoast.com\/product\/yoast-seo-wordpress\/ -->\n<title>VELOCE | GSG - Giessegi<\/title>\n<meta name=\"robots\" content=\"index, follow, max-snippet:-1, max-image-preview:large, max-video-preview:-1\" \/>\n<link rel=\"canonical\" href=\"https:\/\/www.giessegi.com\/es\/producto\/veloce\/\" \/>\n<meta property=\"og:locale\" content=\"es_ES\" \/>\n<meta property=\"og:type\" content=\"article\" \/>\n<meta property=\"og:title\" content=\"VELOCE | GSG - Giessegi\" \/>\n<meta property=\"og:description\" content=\"La chaqueta de ciclismo de invierno VELOCE garantiza la m\u00e1xima protecci\u00f3n contra el fr\u00edo y las condiciones clim\u00e1ticas adversas. El tejido exterior de 3 capas tiene una membrana transpirable, pero al mismo tiempo impermeable. Tecnolog\u00eda Quickdry permite que los tejidos controlen y canalicen el exceso de humedad que produce el cuerpo durante la sudoraci\u00f3n. Es posible abrir la chaqueta en la parte delantera, porque tiene un chaleco transpirable en el interior que protege contra el fr\u00edo. En la parte trasera hay 3 bolsillos abiertos y un bolsillo adicional, con cremallera. Hay detalles reflectantes que dan a la prenda una alta visibilidad y aumentan la seguridad del ciclista. Un chip NFC est\u00e1 conectado a la parte superior de las mangas derechas, que es le\u00eddo por un lector; esta tecnolog\u00eda transmite informaci\u00f3n sobre los datos biom\u00e9dicos del deportista en caso de accidente. La informaci\u00f3n puede ser cargada por el usuario a trav\u00e9s de una aplicaci\u00f3n especial.  TEMPERATURAS : -5\u00b0+7\u00b0\" \/>\n<meta property=\"og:url\" content=\"https:\/\/www.giessegi.com\/es\/producto\/veloce\/\" \/>\n<meta property=\"og:site_name\" content=\"GSG - Giessegi\" \/>\n<meta property=\"article:modified_time\" content=\"2024-02-12T23:00:56+00:00\" \/>\n<meta property=\"og:image\" content=\"https:\/\/www.giessegi.com\/wp-content\/uploads\/2023\/10\/10187-VELOCE_01_nero_front.jpg\" \/>\n\t<meta property=\"og:image:width\" content=\"1000\" \/>\n\t<meta property=\"og:image:height\" content=\"1000\" \/>\n\t<meta property=\"og:image:type\" content=\"image\/jpeg\" \/>\n<meta name=\"twitter:card\" content=\"summary_large_image\" \/>\n<meta name=\"twitter:label1\" content=\"Tiempo de lectura\" \/>\n\t<meta name=\"twitter:data1\" content=\"1 minuto\" \/>\n<script type=\"application\/ld+json\" class=\"yoast-schema-graph\">{\"@context\":\"https:\\\/\\\/schema.org\",\"@graph\":[{\"@type\":\"WebPage\",\"@id\":\"https:\\\/\\\/www.giessegi.com\\\/es\\\/producto\\\/veloce\\\/\",\"url\":\"https:\\\/\\\/www.giessegi.com\\\/es\\\/producto\\\/veloce\\\/\",\"name\":\"VELOCE | GSG - Giessegi\",\"isPartOf\":{\"@id\":\"https:\\\/\\\/www.giessegi.com\\\/en\\\/#website\"},\"primaryImageOfPage\":{\"@id\":\"https:\\\/\\\/www.giessegi.com\\\/es\\\/producto\\\/veloce\\\/#primaryimage\"},\"image\":{\"@id\":\"https:\\\/\\\/www.giessegi.com\\\/es\\\/producto\\\/veloce\\\/#primaryimage\"},\"thumbnailUrl\":\"https:\\\/\\\/www.giessegi.com\\\/wp-content\\\/uploads\\\/2023\\\/10\\\/10187-VELOCE_01_nero_front.jpg\",\"datePublished\":\"2023-10-30T11:38:13+00:00\",\"dateModified\":\"2024-02-12T23:00:56+00:00\",\"breadcrumb\":{\"@id\":\"https:\\\/\\\/www.giessegi.com\\\/es\\\/producto\\\/veloce\\\/#breadcrumb\"},\"inLanguage\":\"es\",\"potentialAction\":[{\"@type\":\"ReadAction\",\"target\":[\"https:\\\/\\\/www.giessegi.com\\\/es\\\/producto\\\/veloce\\\/\"]}]},{\"@type\":\"ImageObject\",\"inLanguage\":\"es\",\"@id\":\"https:\\\/\\\/www.giessegi.com\\\/es\\\/producto\\\/veloce\\\/#primaryimage\",\"url\":\"https:\\\/\\\/www.giessegi.com\\\/wp-content\\\/uploads\\\/2023\\\/10\\\/10187-VELOCE_01_nero_front.jpg\",\"contentUrl\":\"https:\\\/\\\/www.giessegi.com\\\/wp-content\\\/uploads\\\/2023\\\/10\\\/10187-VELOCE_01_nero_front.jpg\",\"width\":1000,\"height\":1000},{\"@type\":\"BreadcrumbList\",\"@id\":\"https:\\\/\\\/www.giessegi.com\\\/es\\\/producto\\\/veloce\\\/#breadcrumb\",\"itemListElement\":[{\"@type\":\"ListItem\",\"position\":1,\"name\":\"Home\",\"item\":\"https:\\\/\\\/www.giessegi.com\\\/\"},{\"@type\":\"ListItem\",\"position\":2,\"name\":\"Products\",\"item\":\"https:\\\/\\\/www.giessegi.com\\\/en\\\/shop\\\/\"},{\"@type\":\"ListItem\",\"position\":3,\"name\":\"VELOCE\"}]},{\"@type\":\"WebSite\",\"@id\":\"https:\\\/\\\/www.giessegi.com\\\/en\\\/#website\",\"url\":\"https:\\\/\\\/www.giessegi.com\\\/en\\\/\",\"name\":\"Giessegi\",\"description\":\"\",\"publisher\":{\"@id\":\"https:\\\/\\\/www.giessegi.com\\\/en\\\/#organization\"},\"potentialAction\":[{\"@type\":\"SearchAction\",\"target\":{\"@type\":\"EntryPoint\",\"urlTemplate\":\"https:\\\/\\\/www.giessegi.com\\\/en\\\/?s={search_term_string}\"},\"query-input\":{\"@type\":\"PropertyValueSpecification\",\"valueRequired\":true,\"valueName\":\"search_term_string\"}}],\"inLanguage\":\"es\"},{\"@type\":\"Organization\",\"@id\":\"https:\\\/\\\/www.giessegi.com\\\/en\\\/#organization\",\"name\":\"Giessegi\",\"url\":\"https:\\\/\\\/www.giessegi.com\\\/en\\\/\",\"logo\":{\"@type\":\"ImageObject\",\"inLanguage\":\"es\",\"@id\":\"https:\\\/\\\/www.giessegi.com\\\/en\\\/#\\\/schema\\\/logo\\\/image\\\/\",\"url\":\"https:\\\/\\\/www.giessegi.com\\\/wp-content\\\/uploads\\\/2022\\\/09\\\/giessegi-logo.jpeg\",\"contentUrl\":\"https:\\\/\\\/www.giessegi.com\\\/wp-content\\\/uploads\\\/2022\\\/09\\\/giessegi-logo.jpeg\",\"width\":175,\"height\":77,\"caption\":\"Giessegi\"},\"image\":{\"@id\":\"https:\\\/\\\/www.giessegi.com\\\/en\\\/#\\\/schema\\\/logo\\\/image\\\/\"}}]}<\/script>\n<!-- \/ Yoast SEO plugin. -->","yoast_head_json":{"title":"VELOCE | GSG - Giessegi","robots":{"index":"index","follow":"follow","max-snippet":"max-snippet:-1","max-image-preview":"max-image-preview:large","max-video-preview":"max-video-preview:-1"},"canonical":"https:\/\/www.giessegi.com\/es\/producto\/veloce\/","og_locale":"es_ES","og_type":"article","og_title":"VELOCE | GSG - Giessegi","og_description":"La chaqueta de ciclismo de invierno VELOCE garantiza la m\u00e1xima protecci\u00f3n contra el fr\u00edo y las condiciones clim\u00e1ticas adversas. El tejido exterior de 3 capas tiene una membrana transpirable, pero al mismo tiempo impermeable. Tecnolog\u00eda Quickdry permite que los tejidos controlen y canalicen el exceso de humedad que produce el cuerpo durante la sudoraci\u00f3n. Es posible abrir la chaqueta en la parte delantera, porque tiene un chaleco transpirable en el interior que protege contra el fr\u00edo. En la parte trasera hay 3 bolsillos abiertos y un bolsillo adicional, con cremallera. Hay detalles reflectantes que dan a la prenda una alta visibilidad y aumentan la seguridad del ciclista. Un chip NFC est\u00e1 conectado a la parte superior de las mangas derechas, que es le\u00eddo por un lector; esta tecnolog\u00eda transmite informaci\u00f3n sobre los datos biom\u00e9dicos del deportista en caso de accidente. La informaci\u00f3n puede ser cargada por el usuario a trav\u00e9s de una aplicaci\u00f3n especial.  TEMPERATURAS : -5\u00b0+7\u00b0","og_url":"https:\/\/www.giessegi.com\/es\/producto\/veloce\/","og_site_name":"GSG - Giessegi","article_modified_time":"2024-02-12T23:00:56+00:00","og_image":[{"width":1000,"height":1000,"url":"https:\/\/www.giessegi.com\/wp-content\/uploads\/2023\/10\/10187-VELOCE_01_nero_front.jpg","type":"image\/jpeg"}],"twitter_card":"summary_large_image","twitter_misc":{"Tiempo de lectura":"1 minuto"},"schema":{"@context":"https:\/\/schema.org","@graph":[{"@type":"WebPage","@id":"https:\/\/www.giessegi.com\/es\/producto\/veloce\/","url":"https:\/\/www.giessegi.com\/es\/producto\/veloce\/","name":"VELOCE | GSG - Giessegi","isPartOf":{"@id":"https:\/\/www.giessegi.com\/en\/#website"},"primaryImageOfPage":{"@id":"https:\/\/www.giessegi.com\/es\/producto\/veloce\/#primaryimage"},"image":{"@id":"https:\/\/www.giessegi.com\/es\/producto\/veloce\/#primaryimage"},"thumbnailUrl":"https:\/\/www.giessegi.com\/wp-content\/uploads\/2023\/10\/10187-VELOCE_01_nero_front.jpg","datePublished":"2023-10-30T11:38:13+00:00","dateModified":"2024-02-12T23:00:56+00:00","breadcrumb":{"@id":"https:\/\/www.giessegi.com\/es\/producto\/veloce\/#breadcrumb"},"inLanguage":"es","potentialAction":[{"@type":"ReadAction","target":["https:\/\/www.giessegi.com\/es\/producto\/veloce\/"]}]},{"@type":"ImageObject","inLanguage":"es","@id":"https:\/\/www.giessegi.com\/es\/producto\/veloce\/#primaryimage","url":"https:\/\/www.giessegi.com\/wp-content\/uploads\/2023\/10\/10187-VELOCE_01_nero_front.jpg","contentUrl":"https:\/\/www.giessegi.com\/wp-content\/uploads\/2023\/10\/10187-VELOCE_01_nero_front.jpg","width":1000,"height":1000},{"@type":"BreadcrumbList","@id":"https:\/\/www.giessegi.com\/es\/producto\/veloce\/#breadcrumb","itemListElement":[{"@type":"ListItem","position":1,"name":"Home","item":"https:\/\/www.giessegi.com\/"},{"@type":"ListItem","position":2,"name":"Products","item":"https:\/\/www.giessegi.com\/en\/shop\/"},{"@type":"ListItem","position":3,"name":"VELOCE"}]},{"@type":"WebSite","@id":"https:\/\/www.giessegi.com\/en\/#website","url":"https:\/\/www.giessegi.com\/en\/","name":"Giessegi","description":"","publisher":{"@id":"https:\/\/www.giessegi.com\/en\/#organization"},"potentialAction":[{"@type":"SearchAction","target":{"@type":"EntryPoint","urlTemplate":"https:\/\/www.giessegi.com\/en\/?s={search_term_string}"},"query-input":{"@type":"PropertyValueSpecification","valueRequired":true,"valueName":"search_term_string"}}],"inLanguage":"es"},{"@type":"Organization","@id":"https:\/\/www.giessegi.com\/en\/#organization","name":"Giessegi","url":"https:\/\/www.giessegi.com\/en\/","logo":{"@type":"ImageObject","inLanguage":"es","@id":"https:\/\/www.giessegi.com\/en\/#\/schema\/logo\/image\/","url":"https:\/\/www.giessegi.com\/wp-content\/uploads\/2022\/09\/giessegi-logo.jpeg","contentUrl":"https:\/\/www.giessegi.com\/wp-content\/uploads\/2022\/09\/giessegi-logo.jpeg","width":175,"height":77,"caption":"Giessegi"},"image":{"@id":"https:\/\/www.giessegi.com\/en\/#\/schema\/logo\/image\/"}}]}},"_links":{"self":[{"href":"https:\/\/www.giessegi.com\/es\/wp-json\/wp\/v2\/product\/58758","targetHints":{"allow":["GET"]}}],"collection":[{"href":"https:\/\/www.giessegi.com\/es\/wp-json\/wp\/v2\/product"}],"about":[{"href":"https:\/\/www.giessegi.com\/es\/wp-json\/wp\/v2\/types\/product"}],"wp:featuredmedia":[{"embeddable":true,"href":"https:\/\/www.giessegi.com\/es\/wp-json\/wp\/v2\/media\/58467"}],"wp:attachment":[{"href":"https:\/\/www.giessegi.com\/es\/wp-json\/wp\/v2\/media?parent=58758"}],"wp:term":[{"taxonomy":"product_brand","embeddable":true,"href":"https:\/\/www.giessegi.com\/es\/wp-json\/wp\/v2\/product_brand?post=58758"},{"taxonomy":"product_cat","embeddable":true,"href":"https:\/\/www.giessegi.com\/es\/wp-json\/wp\/v2\/product_cat?post=58758"},{"taxonomy":"product_tag","embeddable":true,"href":"https:\/\/www.giessegi.com\/es\/wp-json\/wp\/v2\/product_tag?post=58758"},{"taxonomy":"collezione","embeddable":true,"href":"https:\/\/www.giessegi.com\/es\/wp-json\/wp\/v2\/collezione?post=58758"}],"curies":[{"name":"wp","href":"https:\/\/api.w.org\/{rel}","templated":true}]}}