{"id":52019,"date":"2023-04-14T18:04:32","date_gmt":"2023-04-14T16:04:32","guid":{"rendered":"https:\/\/www.giessegi.com\/?post_type=product&#038;p=52019"},"modified":"2024-06-21T10:37:14","modified_gmt":"2024-06-21T08:37:14","slug":"excellence","status":"publish","type":"product","link":"https:\/\/www.giessegi.com\/es\/producto\/excellence\/","title":{"rendered":"EXCELLENCE"},"content":{"rendered":"","protected":false},"excerpt":{"rendered":"<p>Maillot de verano con race fit de tejido ligero y suave capaz de realzar la silueta sin forzar. Extremo de la manga sin rematar. Cuello bajo con acabado de corte vivo y cremallera oculta con garaje de cremallera arriba y abajo. Parte delantera de punto fino con vuelta c\u00f3moda y espalda con el\u00e1stico de silicona. La camiseta tiene 4 bolsillos, 3 abiertos m\u00e1s uno lateral con cremallera invisible y forro impermeable. Agujero para auriculares y detalles reflectantes en la parte trasera.<\/p>\n","protected":false},"featured_media":53260,"template":"","meta":[],"product_brand":[],"product_cat":[6386,730,642,754,679],"product_tag":[],"collezione":[6365],"class_list":{"0":"post-52019","1":"product","2":"type-product","3":"status-publish","4":"has-post-thumbnail","6":"product_cat-maillot-a-manga-corta","7":"product_cat-road-es","8":"product_cat-mujer","9":"product_cat-top-mujer","10":"product_cat-maillots-mujer","11":"pa_colore-hielo-es","12":"pa_colore-negro-es","13":"pa_colore-rojo-es","14":"pa_taglia-l-es","15":"pa_taglia-m-es","16":"pa_taglia-s-es","17":"pa_taglia-xl-es","18":"pa_taglia-xs-es","19":"pa_taglia-xxl-es","20":"collezione-summer-2024-es","23":"first","24":"instock","25":"shipping-taxable","26":"purchasable","27":"product-type-variable"},"yoast_head":"<!-- This site is optimized with the Yoast SEO plugin v25.7 - https:\/\/yoast.com\/wordpress\/plugins\/seo\/ -->\n<title>EXCELLENCE | GSG - Giessegi<\/title>\n<meta name=\"robots\" content=\"index, follow, max-snippet:-1, max-image-preview:large, max-video-preview:-1\" \/>\n<link rel=\"canonical\" href=\"https:\/\/www.giessegi.com\/es\/producto\/excellence\/\" \/>\n<meta property=\"og:locale\" content=\"es_ES\" \/>\n<meta property=\"og:type\" content=\"article\" \/>\n<meta property=\"og:title\" content=\"EXCELLENCE | GSG - Giessegi\" \/>\n<meta property=\"og:description\" content=\"Maillot de verano con race fit de tejido ligero y suave capaz de realzar la silueta sin forzar. Extremo de la manga sin rematar. Cuello bajo con acabado de corte vivo y cremallera oculta con garaje de cremallera arriba y abajo. Parte delantera de punto fino con vuelta c\u00f3moda y espalda con el\u00e1stico de silicona. La camiseta tiene 4 bolsillos, 3 abiertos m\u00e1s uno lateral con cremallera invisible y forro impermeable. Agujero para auriculares y detalles reflectantes en la parte trasera.\" \/>\n<meta property=\"og:url\" content=\"https:\/\/www.giessegi.com\/es\/producto\/excellence\/\" \/>\n<meta property=\"og:site_name\" content=\"GSG - Giessegi\" \/>\n<meta property=\"article:modified_time\" content=\"2024-06-21T08:37:14+00:00\" \/>\n<meta property=\"og:image\" content=\"https:\/\/www.giessegi.com\/wp-content\/uploads\/2023\/04\/Excellence-1-1.jpg\" \/>\n\t<meta property=\"og:image:width\" content=\"1000\" \/>\n\t<meta property=\"og:image:height\" content=\"1000\" \/>\n\t<meta property=\"og:image:type\" content=\"image\/jpeg\" \/>\n<meta name=\"twitter:card\" content=\"summary_large_image\" \/>\n<meta name=\"twitter:label1\" content=\"Tiempo de lectura\" \/>\n\t<meta name=\"twitter:data1\" content=\"1 minuto\" \/>\n<script type=\"application\/ld+json\" class=\"yoast-schema-graph\">{\"@context\":\"https:\/\/schema.org\",\"@graph\":[{\"@type\":\"WebPage\",\"@id\":\"https:\/\/www.giessegi.com\/es\/producto\/excellence\/\",\"url\":\"https:\/\/www.giessegi.com\/es\/producto\/excellence\/\",\"name\":\"EXCELLENCE | GSG - Giessegi\",\"isPartOf\":{\"@id\":\"https:\/\/www.giessegi.com\/en\/#website\"},\"primaryImageOfPage\":{\"@id\":\"https:\/\/www.giessegi.com\/es\/producto\/excellence\/#primaryimage\"},\"image\":{\"@id\":\"https:\/\/www.giessegi.com\/es\/producto\/excellence\/#primaryimage\"},\"thumbnailUrl\":\"https:\/\/www.giessegi.com\/wp-content\/uploads\/2023\/04\/Excellence-1-1.jpg\",\"datePublished\":\"2023-04-14T16:04:32+00:00\",\"dateModified\":\"2024-06-21T08:37:14+00:00\",\"breadcrumb\":{\"@id\":\"https:\/\/www.giessegi.com\/es\/producto\/excellence\/#breadcrumb\"},\"inLanguage\":\"es\",\"potentialAction\":[{\"@type\":\"ReadAction\",\"target\":[\"https:\/\/www.giessegi.com\/es\/producto\/excellence\/\"]}]},{\"@type\":\"ImageObject\",\"inLanguage\":\"es\",\"@id\":\"https:\/\/www.giessegi.com\/es\/producto\/excellence\/#primaryimage\",\"url\":\"https:\/\/www.giessegi.com\/wp-content\/uploads\/2023\/04\/Excellence-1-1.jpg\",\"contentUrl\":\"https:\/\/www.giessegi.com\/wp-content\/uploads\/2023\/04\/Excellence-1-1.jpg\",\"width\":1000,\"height\":1000},{\"@type\":\"BreadcrumbList\",\"@id\":\"https:\/\/www.giessegi.com\/es\/producto\/excellence\/#breadcrumb\",\"itemListElement\":[{\"@type\":\"ListItem\",\"position\":1,\"name\":\"Home\",\"item\":\"https:\/\/www.giessegi.com\/es\/\"},{\"@type\":\"ListItem\",\"position\":2,\"name\":\"Products\",\"item\":\"https:\/\/www.giessegi.com\/en\/shop\/\"},{\"@type\":\"ListItem\",\"position\":3,\"name\":\"EXCELLENCE\"}]},{\"@type\":\"WebSite\",\"@id\":\"https:\/\/www.giessegi.com\/en\/#website\",\"url\":\"https:\/\/www.giessegi.com\/en\/\",\"name\":\"Giessegi\",\"description\":\"\",\"publisher\":{\"@id\":\"https:\/\/www.giessegi.com\/en\/#organization\"},\"potentialAction\":[{\"@type\":\"SearchAction\",\"target\":{\"@type\":\"EntryPoint\",\"urlTemplate\":\"https:\/\/www.giessegi.com\/en\/?s={search_term_string}\"},\"query-input\":{\"@type\":\"PropertyValueSpecification\",\"valueRequired\":true,\"valueName\":\"search_term_string\"}}],\"inLanguage\":\"es\"},{\"@type\":\"Organization\",\"@id\":\"https:\/\/www.giessegi.com\/en\/#organization\",\"name\":\"Giessegi\",\"url\":\"https:\/\/www.giessegi.com\/en\/\",\"logo\":{\"@type\":\"ImageObject\",\"inLanguage\":\"es\",\"@id\":\"https:\/\/www.giessegi.com\/en\/#\/schema\/logo\/image\/\",\"url\":\"https:\/\/www.giessegi.com\/wp-content\/uploads\/2022\/09\/giessegi-logo.jpeg\",\"contentUrl\":\"https:\/\/www.giessegi.com\/wp-content\/uploads\/2022\/09\/giessegi-logo.jpeg\",\"width\":175,\"height\":77,\"caption\":\"Giessegi\"},\"image\":{\"@id\":\"https:\/\/www.giessegi.com\/en\/#\/schema\/logo\/image\/\"}}]}<\/script>\n<!-- \/ Yoast SEO plugin. -->","yoast_head_json":{"title":"EXCELLENCE | GSG - Giessegi","robots":{"index":"index","follow":"follow","max-snippet":"max-snippet:-1","max-image-preview":"max-image-preview:large","max-video-preview":"max-video-preview:-1"},"canonical":"https:\/\/www.giessegi.com\/es\/producto\/excellence\/","og_locale":"es_ES","og_type":"article","og_title":"EXCELLENCE | GSG - Giessegi","og_description":"Maillot de verano con race fit de tejido ligero y suave capaz de realzar la silueta sin forzar. Extremo de la manga sin rematar. Cuello bajo con acabado de corte vivo y cremallera oculta con garaje de cremallera arriba y abajo. Parte delantera de punto fino con vuelta c\u00f3moda y espalda con el\u00e1stico de silicona. La camiseta tiene 4 bolsillos, 3 abiertos m\u00e1s uno lateral con cremallera invisible y forro impermeable. Agujero para auriculares y detalles reflectantes en la parte trasera.","og_url":"https:\/\/www.giessegi.com\/es\/producto\/excellence\/","og_site_name":"GSG - Giessegi","article_modified_time":"2024-06-21T08:37:14+00:00","og_image":[{"width":1000,"height":1000,"url":"https:\/\/www.giessegi.com\/wp-content\/uploads\/2023\/04\/Excellence-1-1.jpg","type":"image\/jpeg"}],"twitter_card":"summary_large_image","twitter_misc":{"Tiempo de lectura":"1 minuto"},"schema":{"@context":"https:\/\/schema.org","@graph":[{"@type":"WebPage","@id":"https:\/\/www.giessegi.com\/es\/producto\/excellence\/","url":"https:\/\/www.giessegi.com\/es\/producto\/excellence\/","name":"EXCELLENCE | GSG - Giessegi","isPartOf":{"@id":"https:\/\/www.giessegi.com\/en\/#website"},"primaryImageOfPage":{"@id":"https:\/\/www.giessegi.com\/es\/producto\/excellence\/#primaryimage"},"image":{"@id":"https:\/\/www.giessegi.com\/es\/producto\/excellence\/#primaryimage"},"thumbnailUrl":"https:\/\/www.giessegi.com\/wp-content\/uploads\/2023\/04\/Excellence-1-1.jpg","datePublished":"2023-04-14T16:04:32+00:00","dateModified":"2024-06-21T08:37:14+00:00","breadcrumb":{"@id":"https:\/\/www.giessegi.com\/es\/producto\/excellence\/#breadcrumb"},"inLanguage":"es","potentialAction":[{"@type":"ReadAction","target":["https:\/\/www.giessegi.com\/es\/producto\/excellence\/"]}]},{"@type":"ImageObject","inLanguage":"es","@id":"https:\/\/www.giessegi.com\/es\/producto\/excellence\/#primaryimage","url":"https:\/\/www.giessegi.com\/wp-content\/uploads\/2023\/04\/Excellence-1-1.jpg","contentUrl":"https:\/\/www.giessegi.com\/wp-content\/uploads\/2023\/04\/Excellence-1-1.jpg","width":1000,"height":1000},{"@type":"BreadcrumbList","@id":"https:\/\/www.giessegi.com\/es\/producto\/excellence\/#breadcrumb","itemListElement":[{"@type":"ListItem","position":1,"name":"Home","item":"https:\/\/www.giessegi.com\/es\/"},{"@type":"ListItem","position":2,"name":"Products","item":"https:\/\/www.giessegi.com\/en\/shop\/"},{"@type":"ListItem","position":3,"name":"EXCELLENCE"}]},{"@type":"WebSite","@id":"https:\/\/www.giessegi.com\/en\/#website","url":"https:\/\/www.giessegi.com\/en\/","name":"Giessegi","description":"","publisher":{"@id":"https:\/\/www.giessegi.com\/en\/#organization"},"potentialAction":[{"@type":"SearchAction","target":{"@type":"EntryPoint","urlTemplate":"https:\/\/www.giessegi.com\/en\/?s={search_term_string}"},"query-input":{"@type":"PropertyValueSpecification","valueRequired":true,"valueName":"search_term_string"}}],"inLanguage":"es"},{"@type":"Organization","@id":"https:\/\/www.giessegi.com\/en\/#organization","name":"Giessegi","url":"https:\/\/www.giessegi.com\/en\/","logo":{"@type":"ImageObject","inLanguage":"es","@id":"https:\/\/www.giessegi.com\/en\/#\/schema\/logo\/image\/","url":"https:\/\/www.giessegi.com\/wp-content\/uploads\/2022\/09\/giessegi-logo.jpeg","contentUrl":"https:\/\/www.giessegi.com\/wp-content\/uploads\/2022\/09\/giessegi-logo.jpeg","width":175,"height":77,"caption":"Giessegi"},"image":{"@id":"https:\/\/www.giessegi.com\/en\/#\/schema\/logo\/image\/"}}]}},"_links":{"self":[{"href":"https:\/\/www.giessegi.com\/es\/wp-json\/wp\/v2\/product\/52019","targetHints":{"allow":["GET"]}}],"collection":[{"href":"https:\/\/www.giessegi.com\/es\/wp-json\/wp\/v2\/product"}],"about":[{"href":"https:\/\/www.giessegi.com\/es\/wp-json\/wp\/v2\/types\/product"}],"wp:featuredmedia":[{"embeddable":true,"href":"https:\/\/www.giessegi.com\/es\/wp-json\/wp\/v2\/media\/53260"}],"wp:attachment":[{"href":"https:\/\/www.giessegi.com\/es\/wp-json\/wp\/v2\/media?parent=52019"}],"wp:term":[{"taxonomy":"product_brand","embeddable":true,"href":"https:\/\/www.giessegi.com\/es\/wp-json\/wp\/v2\/product_brand?post=52019"},{"taxonomy":"product_cat","embeddable":true,"href":"https:\/\/www.giessegi.com\/es\/wp-json\/wp\/v2\/product_cat?post=52019"},{"taxonomy":"product_tag","embeddable":true,"href":"https:\/\/www.giessegi.com\/es\/wp-json\/wp\/v2\/product_tag?post=52019"},{"taxonomy":"collezione","embeddable":true,"href":"https:\/\/www.giessegi.com\/es\/wp-json\/wp\/v2\/collezione?post=52019"}],"curies":[{"name":"wp","href":"https:\/\/api.w.org\/{rel}","templated":true}]}}