{"id":50008,"date":"2023-02-02T16:19:26","date_gmt":"2023-02-02T15:19:26","guid":{"rendered":"https:\/\/www.giessegi.com\/?post_type=product&#038;p=50008"},"modified":"2023-04-13T12:28:47","modified_gmt":"2023-04-13T10:28:47","slug":"claviere-race","status":"publish","type":"product","link":"https:\/\/www.giessegi.com\/es\/producto\/claviere-race\/","title":{"rendered":"CLAVIERE RACE"},"content":{"rendered":"","protected":false},"excerpt":{"rendered":"<p><strong>PANTALONES DE COMPETICI\u00d3N XC<\/strong><\/p>\n<p>&nbsp;<\/p>\n<p>Pantal\u00f3n Race en tejido ligero, transpirable y aerodin\u00e1mico.<br \/>\nLa estructura permite esquiar con la m\u00e1xima libertad de movimientos, facilitando y mejorando el rendimiento del deportista.<br \/>\nDe hecho, el tejido permanece adherido al cuerpo, aumentando la aerodin\u00e1mica.<br \/>\nEl cierre de la cintura es el\u00e1stico para ser lo m\u00e1s c\u00f3modo posible para adaptarse perfectamente a la estructura del deportista.<\/p>\n<ul>\n<li>Cintura en banda suave con cord\u00f3n interno.<\/li>\n<li>Tejido t\u00e9cnico el\u00e1stico.<\/li>\n<li>Terminaci\u00f3n de pierna con el\u00e1stico interno de silicona.<\/li>\n<\/ul>\n<p>A PRUEBA DE VIENTO 1\/5<br \/>\nIMPERMEABLE 1\/5<br \/>\nAISLAMIENTO 1\/5<br \/>\nTRANSPIRABILIDAD 5\/5<\/p>\n","protected":false},"featured_media":49875,"template":"","meta":[],"product_brand":[],"product_cat":[734,738,604],"product_tag":[],"collezione":[],"class_list":{"0":"post-50008","1":"product","2":"type-product","3":"status-publish","4":"has-post-thumbnail","6":"product_cat-esqui","7":"product_cat-esqui-de-fondo","8":"product_cat-personalizado","11":"first","12":"instock","13":"shipping-taxable","14":"product-type-simple"},"yoast_head":"<!-- This site is optimized with the Yoast SEO plugin v27.3 - https:\/\/yoast.com\/product\/yoast-seo-wordpress\/ -->\n<title>CLAVIERE RACE | GSG - Giessegi<\/title>\n<meta name=\"robots\" content=\"index, follow, max-snippet:-1, max-image-preview:large, max-video-preview:-1\" \/>\n<link rel=\"canonical\" href=\"https:\/\/www.giessegi.com\/es\/producto\/claviere-race\/\" \/>\n<meta property=\"og:locale\" content=\"es_ES\" \/>\n<meta property=\"og:type\" content=\"article\" \/>\n<meta property=\"og:title\" content=\"CLAVIERE RACE | GSG - Giessegi\" \/>\n<meta property=\"og:description\" content=\"PANTALONES DE COMPETICI\u00d3N XC  &nbsp;  Pantal\u00f3n Race en tejido ligero, transpirable y aerodin\u00e1mico. La estructura permite esquiar con la m\u00e1xima libertad de movimientos, facilitando y mejorando el rendimiento del deportista. De hecho, el tejido permanece adherido al cuerpo, aumentando la aerodin\u00e1mica. El cierre de la cintura es el\u00e1stico para ser lo m\u00e1s c\u00f3modo posible para adaptarse perfectamente a la estructura del deportista.   Cintura en banda suave con cord\u00f3n interno.  Tejido t\u00e9cnico el\u00e1stico.  Terminaci\u00f3n de pierna con el\u00e1stico interno de silicona.  A PRUEBA DE VIENTO 1\/5 IMPERMEABLE 1\/5 AISLAMIENTO 1\/5 TRANSPIRABILIDAD 5\/5\" \/>\n<meta property=\"og:url\" content=\"https:\/\/www.giessegi.com\/es\/producto\/claviere-race\/\" \/>\n<meta property=\"og:site_name\" content=\"GSG - Giessegi\" \/>\n<meta property=\"article:modified_time\" content=\"2023-04-13T10:28:47+00:00\" \/>\n<meta property=\"og:image\" content=\"https:\/\/www.giessegi.com\/wp-content\/uploads\/2023\/02\/07255_ClaviereRace_fronte.jpg\" \/>\n\t<meta property=\"og:image:width\" content=\"1000\" \/>\n\t<meta property=\"og:image:height\" content=\"1000\" \/>\n\t<meta property=\"og:image:type\" content=\"image\/jpeg\" \/>\n<meta name=\"twitter:card\" content=\"summary_large_image\" \/>\n<script type=\"application\/ld+json\" class=\"yoast-schema-graph\">{\"@context\":\"https:\\\/\\\/schema.org\",\"@graph\":[{\"@type\":\"WebPage\",\"@id\":\"https:\\\/\\\/www.giessegi.com\\\/es\\\/producto\\\/claviere-race\\\/\",\"url\":\"https:\\\/\\\/www.giessegi.com\\\/es\\\/producto\\\/claviere-race\\\/\",\"name\":\"CLAVIERE RACE | GSG - Giessegi\",\"isPartOf\":{\"@id\":\"https:\\\/\\\/www.giessegi.com\\\/en\\\/#website\"},\"primaryImageOfPage\":{\"@id\":\"https:\\\/\\\/www.giessegi.com\\\/es\\\/producto\\\/claviere-race\\\/#primaryimage\"},\"image\":{\"@id\":\"https:\\\/\\\/www.giessegi.com\\\/es\\\/producto\\\/claviere-race\\\/#primaryimage\"},\"thumbnailUrl\":\"https:\\\/\\\/www.giessegi.com\\\/wp-content\\\/uploads\\\/2023\\\/02\\\/07255_ClaviereRace_fronte.jpg\",\"datePublished\":\"2023-02-02T15:19:26+00:00\",\"dateModified\":\"2023-04-13T10:28:47+00:00\",\"breadcrumb\":{\"@id\":\"https:\\\/\\\/www.giessegi.com\\\/es\\\/producto\\\/claviere-race\\\/#breadcrumb\"},\"inLanguage\":\"es\",\"potentialAction\":[{\"@type\":\"ReadAction\",\"target\":[\"https:\\\/\\\/www.giessegi.com\\\/es\\\/producto\\\/claviere-race\\\/\"]}]},{\"@type\":\"ImageObject\",\"inLanguage\":\"es\",\"@id\":\"https:\\\/\\\/www.giessegi.com\\\/es\\\/producto\\\/claviere-race\\\/#primaryimage\",\"url\":\"https:\\\/\\\/www.giessegi.com\\\/wp-content\\\/uploads\\\/2023\\\/02\\\/07255_ClaviereRace_fronte.jpg\",\"contentUrl\":\"https:\\\/\\\/www.giessegi.com\\\/wp-content\\\/uploads\\\/2023\\\/02\\\/07255_ClaviereRace_fronte.jpg\",\"width\":1000,\"height\":1000},{\"@type\":\"BreadcrumbList\",\"@id\":\"https:\\\/\\\/www.giessegi.com\\\/es\\\/producto\\\/claviere-race\\\/#breadcrumb\",\"itemListElement\":[{\"@type\":\"ListItem\",\"position\":1,\"name\":\"Home\",\"item\":\"https:\\\/\\\/www.giessegi.com\\\/\"},{\"@type\":\"ListItem\",\"position\":2,\"name\":\"Products\",\"item\":\"https:\\\/\\\/www.giessegi.com\\\/en\\\/shop\\\/\"},{\"@type\":\"ListItem\",\"position\":3,\"name\":\"CLAVIERE RACE\"}]},{\"@type\":\"WebSite\",\"@id\":\"https:\\\/\\\/www.giessegi.com\\\/en\\\/#website\",\"url\":\"https:\\\/\\\/www.giessegi.com\\\/en\\\/\",\"name\":\"Giessegi\",\"description\":\"\",\"publisher\":{\"@id\":\"https:\\\/\\\/www.giessegi.com\\\/en\\\/#organization\"},\"potentialAction\":[{\"@type\":\"SearchAction\",\"target\":{\"@type\":\"EntryPoint\",\"urlTemplate\":\"https:\\\/\\\/www.giessegi.com\\\/en\\\/?s={search_term_string}\"},\"query-input\":{\"@type\":\"PropertyValueSpecification\",\"valueRequired\":true,\"valueName\":\"search_term_string\"}}],\"inLanguage\":\"es\"},{\"@type\":\"Organization\",\"@id\":\"https:\\\/\\\/www.giessegi.com\\\/en\\\/#organization\",\"name\":\"Giessegi\",\"url\":\"https:\\\/\\\/www.giessegi.com\\\/en\\\/\",\"logo\":{\"@type\":\"ImageObject\",\"inLanguage\":\"es\",\"@id\":\"https:\\\/\\\/www.giessegi.com\\\/en\\\/#\\\/schema\\\/logo\\\/image\\\/\",\"url\":\"https:\\\/\\\/www.giessegi.com\\\/wp-content\\\/uploads\\\/2022\\\/09\\\/giessegi-logo.jpeg\",\"contentUrl\":\"https:\\\/\\\/www.giessegi.com\\\/wp-content\\\/uploads\\\/2022\\\/09\\\/giessegi-logo.jpeg\",\"width\":175,\"height\":77,\"caption\":\"Giessegi\"},\"image\":{\"@id\":\"https:\\\/\\\/www.giessegi.com\\\/en\\\/#\\\/schema\\\/logo\\\/image\\\/\"}}]}<\/script>\n<!-- \/ Yoast SEO plugin. -->","yoast_head_json":{"title":"CLAVIERE RACE | GSG - Giessegi","robots":{"index":"index","follow":"follow","max-snippet":"max-snippet:-1","max-image-preview":"max-image-preview:large","max-video-preview":"max-video-preview:-1"},"canonical":"https:\/\/www.giessegi.com\/es\/producto\/claviere-race\/","og_locale":"es_ES","og_type":"article","og_title":"CLAVIERE RACE | GSG - Giessegi","og_description":"PANTALONES DE COMPETICI\u00d3N XC  &nbsp;  Pantal\u00f3n Race en tejido ligero, transpirable y aerodin\u00e1mico. La estructura permite esquiar con la m\u00e1xima libertad de movimientos, facilitando y mejorando el rendimiento del deportista. De hecho, el tejido permanece adherido al cuerpo, aumentando la aerodin\u00e1mica. El cierre de la cintura es el\u00e1stico para ser lo m\u00e1s c\u00f3modo posible para adaptarse perfectamente a la estructura del deportista.   Cintura en banda suave con cord\u00f3n interno.  Tejido t\u00e9cnico el\u00e1stico.  Terminaci\u00f3n de pierna con el\u00e1stico interno de silicona.  A PRUEBA DE VIENTO 1\/5 IMPERMEABLE 1\/5 AISLAMIENTO 1\/5 TRANSPIRABILIDAD 5\/5","og_url":"https:\/\/www.giessegi.com\/es\/producto\/claviere-race\/","og_site_name":"GSG - Giessegi","article_modified_time":"2023-04-13T10:28:47+00:00","og_image":[{"width":1000,"height":1000,"url":"https:\/\/www.giessegi.com\/wp-content\/uploads\/2023\/02\/07255_ClaviereRace_fronte.jpg","type":"image\/jpeg"}],"twitter_card":"summary_large_image","schema":{"@context":"https:\/\/schema.org","@graph":[{"@type":"WebPage","@id":"https:\/\/www.giessegi.com\/es\/producto\/claviere-race\/","url":"https:\/\/www.giessegi.com\/es\/producto\/claviere-race\/","name":"CLAVIERE RACE | GSG - Giessegi","isPartOf":{"@id":"https:\/\/www.giessegi.com\/en\/#website"},"primaryImageOfPage":{"@id":"https:\/\/www.giessegi.com\/es\/producto\/claviere-race\/#primaryimage"},"image":{"@id":"https:\/\/www.giessegi.com\/es\/producto\/claviere-race\/#primaryimage"},"thumbnailUrl":"https:\/\/www.giessegi.com\/wp-content\/uploads\/2023\/02\/07255_ClaviereRace_fronte.jpg","datePublished":"2023-02-02T15:19:26+00:00","dateModified":"2023-04-13T10:28:47+00:00","breadcrumb":{"@id":"https:\/\/www.giessegi.com\/es\/producto\/claviere-race\/#breadcrumb"},"inLanguage":"es","potentialAction":[{"@type":"ReadAction","target":["https:\/\/www.giessegi.com\/es\/producto\/claviere-race\/"]}]},{"@type":"ImageObject","inLanguage":"es","@id":"https:\/\/www.giessegi.com\/es\/producto\/claviere-race\/#primaryimage","url":"https:\/\/www.giessegi.com\/wp-content\/uploads\/2023\/02\/07255_ClaviereRace_fronte.jpg","contentUrl":"https:\/\/www.giessegi.com\/wp-content\/uploads\/2023\/02\/07255_ClaviereRace_fronte.jpg","width":1000,"height":1000},{"@type":"BreadcrumbList","@id":"https:\/\/www.giessegi.com\/es\/producto\/claviere-race\/#breadcrumb","itemListElement":[{"@type":"ListItem","position":1,"name":"Home","item":"https:\/\/www.giessegi.com\/"},{"@type":"ListItem","position":2,"name":"Products","item":"https:\/\/www.giessegi.com\/en\/shop\/"},{"@type":"ListItem","position":3,"name":"CLAVIERE RACE"}]},{"@type":"WebSite","@id":"https:\/\/www.giessegi.com\/en\/#website","url":"https:\/\/www.giessegi.com\/en\/","name":"Giessegi","description":"","publisher":{"@id":"https:\/\/www.giessegi.com\/en\/#organization"},"potentialAction":[{"@type":"SearchAction","target":{"@type":"EntryPoint","urlTemplate":"https:\/\/www.giessegi.com\/en\/?s={search_term_string}"},"query-input":{"@type":"PropertyValueSpecification","valueRequired":true,"valueName":"search_term_string"}}],"inLanguage":"es"},{"@type":"Organization","@id":"https:\/\/www.giessegi.com\/en\/#organization","name":"Giessegi","url":"https:\/\/www.giessegi.com\/en\/","logo":{"@type":"ImageObject","inLanguage":"es","@id":"https:\/\/www.giessegi.com\/en\/#\/schema\/logo\/image\/","url":"https:\/\/www.giessegi.com\/wp-content\/uploads\/2022\/09\/giessegi-logo.jpeg","contentUrl":"https:\/\/www.giessegi.com\/wp-content\/uploads\/2022\/09\/giessegi-logo.jpeg","width":175,"height":77,"caption":"Giessegi"},"image":{"@id":"https:\/\/www.giessegi.com\/en\/#\/schema\/logo\/image\/"}}]}},"_links":{"self":[{"href":"https:\/\/www.giessegi.com\/es\/wp-json\/wp\/v2\/product\/50008","targetHints":{"allow":["GET"]}}],"collection":[{"href":"https:\/\/www.giessegi.com\/es\/wp-json\/wp\/v2\/product"}],"about":[{"href":"https:\/\/www.giessegi.com\/es\/wp-json\/wp\/v2\/types\/product"}],"wp:featuredmedia":[{"embeddable":true,"href":"https:\/\/www.giessegi.com\/es\/wp-json\/wp\/v2\/media\/49875"}],"wp:attachment":[{"href":"https:\/\/www.giessegi.com\/es\/wp-json\/wp\/v2\/media?parent=50008"}],"wp:term":[{"taxonomy":"product_brand","embeddable":true,"href":"https:\/\/www.giessegi.com\/es\/wp-json\/wp\/v2\/product_brand?post=50008"},{"taxonomy":"product_cat","embeddable":true,"href":"https:\/\/www.giessegi.com\/es\/wp-json\/wp\/v2\/product_cat?post=50008"},{"taxonomy":"product_tag","embeddable":true,"href":"https:\/\/www.giessegi.com\/es\/wp-json\/wp\/v2\/product_tag?post=50008"},{"taxonomy":"collezione","embeddable":true,"href":"https:\/\/www.giessegi.com\/es\/wp-json\/wp\/v2\/collezione?post=50008"}],"curies":[{"name":"wp","href":"https:\/\/api.w.org\/{rel}","templated":true}]}}