{"id":50000,"date":"2023-02-02T14:47:26","date_gmt":"2023-02-02T13:47:26","guid":{"rendered":"https:\/\/www.giessegi.com\/?post_type=product&#038;p=50000"},"modified":"2023-04-13T12:56:52","modified_gmt":"2023-04-13T10:56:52","slug":"rolle-3","status":"publish","type":"product","link":"https:\/\/www.giessegi.com\/es\/producto\/rolle-3\/","title":{"rendered":"ROLLE"},"content":{"rendered":"","protected":false},"excerpt":{"rendered":"<p><strong>CHAQUETA CAPUCHA MUJER<\/strong><\/p>\n<p>&nbsp;<\/p>\n<p>Chaqueta de esqu\u00ed acolchada en tejido tricapa, impermeable, cortaviento y t\u00e9rmica.<br \/>\nEl tratamiento externo de tefl\u00f3n hace que la chaqueta sea resistente al agua y a las manchas.<br \/>\nEl tejido 60% Poli\u00e9ster y 40% Poliuretano tiene una columna de agua de 10.000 mm y una transpirabilidad de 11.000 gr por m2 en 24 horas.<br \/>\nEs una chaqueta ergon\u00f3mica con un ajuste ce\u00f1ido; tiene una capucha ajustable con un cord\u00f3n el\u00e1stico.<br \/>\nHay tres bolsillos delanteros con cremallera.<br \/>\nHay un bolsillo en la manga izquierda para el forfait que se cierra con una cremallera invisible.<br \/>\nInternamente en la parte delantera hay un bolsillo con cremallera.<br \/>\nLos extremos de las mangas tienen cierre de velcro y un pu\u00f1o de forro polar hasta media mano.<br \/>\nLa chaqueta se puede personalizar completamente con impresi\u00f3n digital.<\/p>\n<p>A PRUEBA DE VIENTO 3\/5<br \/>\nIMPERMEABLE 3\/5<br \/>\nAISLAMIENTO 3\/5<br \/>\nTRANSPIRABILIDAD 3\/5<\/p>\n","protected":false},"featured_media":49903,"template":"","meta":[],"product_brand":[],"product_cat":[734,736,604],"product_tag":[],"collezione":[],"class_list":{"0":"post-50000","1":"product","2":"type-product","3":"status-publish","4":"has-post-thumbnail","6":"product_cat-esqui","7":"product_cat-esqui-alpino","8":"product_cat-personalizado","11":"first","12":"instock","13":"shipping-taxable","14":"product-type-simple"},"yoast_head":"<!-- This site is optimized with the Yoast SEO plugin v27.3 - https:\/\/yoast.com\/product\/yoast-seo-wordpress\/ -->\n<title>ROLLE | GSG - Giessegi<\/title>\n<meta name=\"robots\" content=\"index, follow, max-snippet:-1, max-image-preview:large, max-video-preview:-1\" \/>\n<link rel=\"canonical\" href=\"https:\/\/www.giessegi.com\/es\/producto\/rolle-3\/\" \/>\n<meta property=\"og:locale\" content=\"es_ES\" \/>\n<meta property=\"og:type\" content=\"article\" \/>\n<meta property=\"og:title\" content=\"ROLLE | GSG - Giessegi\" \/>\n<meta property=\"og:description\" content=\"CHAQUETA CAPUCHA MUJER  &nbsp;  Chaqueta de esqu\u00ed acolchada en tejido tricapa, impermeable, cortaviento y t\u00e9rmica. El tratamiento externo de tefl\u00f3n hace que la chaqueta sea resistente al agua y a las manchas. El tejido 60% Poli\u00e9ster y 40% Poliuretano tiene una columna de agua de 10.000 mm y una transpirabilidad de 11.000 gr por m2 en 24 horas. Es una chaqueta ergon\u00f3mica con un ajuste ce\u00f1ido; tiene una capucha ajustable con un cord\u00f3n el\u00e1stico. Hay tres bolsillos delanteros con cremallera. Hay un bolsillo en la manga izquierda para el forfait que se cierra con una cremallera invisible. Internamente en la parte delantera hay un bolsillo con cremallera. Los extremos de las mangas tienen cierre de velcro y un pu\u00f1o de forro polar hasta media mano. La chaqueta se puede personalizar completamente con impresi\u00f3n digital.  A PRUEBA DE VIENTO 3\/5 IMPERMEABLE 3\/5 AISLAMIENTO 3\/5 TRANSPIRABILIDAD 3\/5\" \/>\n<meta property=\"og:url\" content=\"https:\/\/www.giessegi.com\/es\/producto\/rolle-3\/\" \/>\n<meta property=\"og:site_name\" content=\"GSG - Giessegi\" \/>\n<meta property=\"article:modified_time\" content=\"2023-04-13T10:56:52+00:00\" \/>\n<meta property=\"og:image\" content=\"https:\/\/www.giessegi.com\/wp-content\/uploads\/2023\/02\/10177_Rolle_fronte.jpg\" \/>\n\t<meta property=\"og:image:width\" content=\"1000\" \/>\n\t<meta property=\"og:image:height\" content=\"1000\" \/>\n\t<meta property=\"og:image:type\" content=\"image\/jpeg\" \/>\n<meta name=\"twitter:card\" content=\"summary_large_image\" \/>\n<script type=\"application\/ld+json\" class=\"yoast-schema-graph\">{\"@context\":\"https:\\\/\\\/schema.org\",\"@graph\":[{\"@type\":\"WebPage\",\"@id\":\"https:\\\/\\\/www.giessegi.com\\\/es\\\/producto\\\/rolle-3\\\/\",\"url\":\"https:\\\/\\\/www.giessegi.com\\\/es\\\/producto\\\/rolle-3\\\/\",\"name\":\"ROLLE | GSG - Giessegi\",\"isPartOf\":{\"@id\":\"https:\\\/\\\/www.giessegi.com\\\/en\\\/#website\"},\"primaryImageOfPage\":{\"@id\":\"https:\\\/\\\/www.giessegi.com\\\/es\\\/producto\\\/rolle-3\\\/#primaryimage\"},\"image\":{\"@id\":\"https:\\\/\\\/www.giessegi.com\\\/es\\\/producto\\\/rolle-3\\\/#primaryimage\"},\"thumbnailUrl\":\"https:\\\/\\\/www.giessegi.com\\\/wp-content\\\/uploads\\\/2023\\\/02\\\/10177_Rolle_fronte.jpg\",\"datePublished\":\"2023-02-02T13:47:26+00:00\",\"dateModified\":\"2023-04-13T10:56:52+00:00\",\"breadcrumb\":{\"@id\":\"https:\\\/\\\/www.giessegi.com\\\/es\\\/producto\\\/rolle-3\\\/#breadcrumb\"},\"inLanguage\":\"es\",\"potentialAction\":[{\"@type\":\"ReadAction\",\"target\":[\"https:\\\/\\\/www.giessegi.com\\\/es\\\/producto\\\/rolle-3\\\/\"]}]},{\"@type\":\"ImageObject\",\"inLanguage\":\"es\",\"@id\":\"https:\\\/\\\/www.giessegi.com\\\/es\\\/producto\\\/rolle-3\\\/#primaryimage\",\"url\":\"https:\\\/\\\/www.giessegi.com\\\/wp-content\\\/uploads\\\/2023\\\/02\\\/10177_Rolle_fronte.jpg\",\"contentUrl\":\"https:\\\/\\\/www.giessegi.com\\\/wp-content\\\/uploads\\\/2023\\\/02\\\/10177_Rolle_fronte.jpg\",\"width\":1000,\"height\":1000},{\"@type\":\"BreadcrumbList\",\"@id\":\"https:\\\/\\\/www.giessegi.com\\\/es\\\/producto\\\/rolle-3\\\/#breadcrumb\",\"itemListElement\":[{\"@type\":\"ListItem\",\"position\":1,\"name\":\"Home\",\"item\":\"https:\\\/\\\/www.giessegi.com\\\/\"},{\"@type\":\"ListItem\",\"position\":2,\"name\":\"Products\",\"item\":\"https:\\\/\\\/www.giessegi.com\\\/en\\\/shop\\\/\"},{\"@type\":\"ListItem\",\"position\":3,\"name\":\"ROLLE\"}]},{\"@type\":\"WebSite\",\"@id\":\"https:\\\/\\\/www.giessegi.com\\\/en\\\/#website\",\"url\":\"https:\\\/\\\/www.giessegi.com\\\/en\\\/\",\"name\":\"Giessegi\",\"description\":\"\",\"publisher\":{\"@id\":\"https:\\\/\\\/www.giessegi.com\\\/en\\\/#organization\"},\"potentialAction\":[{\"@type\":\"SearchAction\",\"target\":{\"@type\":\"EntryPoint\",\"urlTemplate\":\"https:\\\/\\\/www.giessegi.com\\\/en\\\/?s={search_term_string}\"},\"query-input\":{\"@type\":\"PropertyValueSpecification\",\"valueRequired\":true,\"valueName\":\"search_term_string\"}}],\"inLanguage\":\"es\"},{\"@type\":\"Organization\",\"@id\":\"https:\\\/\\\/www.giessegi.com\\\/en\\\/#organization\",\"name\":\"Giessegi\",\"url\":\"https:\\\/\\\/www.giessegi.com\\\/en\\\/\",\"logo\":{\"@type\":\"ImageObject\",\"inLanguage\":\"es\",\"@id\":\"https:\\\/\\\/www.giessegi.com\\\/en\\\/#\\\/schema\\\/logo\\\/image\\\/\",\"url\":\"https:\\\/\\\/www.giessegi.com\\\/wp-content\\\/uploads\\\/2022\\\/09\\\/giessegi-logo.jpeg\",\"contentUrl\":\"https:\\\/\\\/www.giessegi.com\\\/wp-content\\\/uploads\\\/2022\\\/09\\\/giessegi-logo.jpeg\",\"width\":175,\"height\":77,\"caption\":\"Giessegi\"},\"image\":{\"@id\":\"https:\\\/\\\/www.giessegi.com\\\/en\\\/#\\\/schema\\\/logo\\\/image\\\/\"}}]}<\/script>\n<!-- \/ Yoast SEO plugin. -->","yoast_head_json":{"title":"ROLLE | GSG - Giessegi","robots":{"index":"index","follow":"follow","max-snippet":"max-snippet:-1","max-image-preview":"max-image-preview:large","max-video-preview":"max-video-preview:-1"},"canonical":"https:\/\/www.giessegi.com\/es\/producto\/rolle-3\/","og_locale":"es_ES","og_type":"article","og_title":"ROLLE | GSG - Giessegi","og_description":"CHAQUETA CAPUCHA MUJER  &nbsp;  Chaqueta de esqu\u00ed acolchada en tejido tricapa, impermeable, cortaviento y t\u00e9rmica. El tratamiento externo de tefl\u00f3n hace que la chaqueta sea resistente al agua y a las manchas. El tejido 60% Poli\u00e9ster y 40% Poliuretano tiene una columna de agua de 10.000 mm y una transpirabilidad de 11.000 gr por m2 en 24 horas. Es una chaqueta ergon\u00f3mica con un ajuste ce\u00f1ido; tiene una capucha ajustable con un cord\u00f3n el\u00e1stico. Hay tres bolsillos delanteros con cremallera. Hay un bolsillo en la manga izquierda para el forfait que se cierra con una cremallera invisible. Internamente en la parte delantera hay un bolsillo con cremallera. Los extremos de las mangas tienen cierre de velcro y un pu\u00f1o de forro polar hasta media mano. La chaqueta se puede personalizar completamente con impresi\u00f3n digital.  A PRUEBA DE VIENTO 3\/5 IMPERMEABLE 3\/5 AISLAMIENTO 3\/5 TRANSPIRABILIDAD 3\/5","og_url":"https:\/\/www.giessegi.com\/es\/producto\/rolle-3\/","og_site_name":"GSG - Giessegi","article_modified_time":"2023-04-13T10:56:52+00:00","og_image":[{"width":1000,"height":1000,"url":"https:\/\/www.giessegi.com\/wp-content\/uploads\/2023\/02\/10177_Rolle_fronte.jpg","type":"image\/jpeg"}],"twitter_card":"summary_large_image","schema":{"@context":"https:\/\/schema.org","@graph":[{"@type":"WebPage","@id":"https:\/\/www.giessegi.com\/es\/producto\/rolle-3\/","url":"https:\/\/www.giessegi.com\/es\/producto\/rolle-3\/","name":"ROLLE | GSG - Giessegi","isPartOf":{"@id":"https:\/\/www.giessegi.com\/en\/#website"},"primaryImageOfPage":{"@id":"https:\/\/www.giessegi.com\/es\/producto\/rolle-3\/#primaryimage"},"image":{"@id":"https:\/\/www.giessegi.com\/es\/producto\/rolle-3\/#primaryimage"},"thumbnailUrl":"https:\/\/www.giessegi.com\/wp-content\/uploads\/2023\/02\/10177_Rolle_fronte.jpg","datePublished":"2023-02-02T13:47:26+00:00","dateModified":"2023-04-13T10:56:52+00:00","breadcrumb":{"@id":"https:\/\/www.giessegi.com\/es\/producto\/rolle-3\/#breadcrumb"},"inLanguage":"es","potentialAction":[{"@type":"ReadAction","target":["https:\/\/www.giessegi.com\/es\/producto\/rolle-3\/"]}]},{"@type":"ImageObject","inLanguage":"es","@id":"https:\/\/www.giessegi.com\/es\/producto\/rolle-3\/#primaryimage","url":"https:\/\/www.giessegi.com\/wp-content\/uploads\/2023\/02\/10177_Rolle_fronte.jpg","contentUrl":"https:\/\/www.giessegi.com\/wp-content\/uploads\/2023\/02\/10177_Rolle_fronte.jpg","width":1000,"height":1000},{"@type":"BreadcrumbList","@id":"https:\/\/www.giessegi.com\/es\/producto\/rolle-3\/#breadcrumb","itemListElement":[{"@type":"ListItem","position":1,"name":"Home","item":"https:\/\/www.giessegi.com\/"},{"@type":"ListItem","position":2,"name":"Products","item":"https:\/\/www.giessegi.com\/en\/shop\/"},{"@type":"ListItem","position":3,"name":"ROLLE"}]},{"@type":"WebSite","@id":"https:\/\/www.giessegi.com\/en\/#website","url":"https:\/\/www.giessegi.com\/en\/","name":"Giessegi","description":"","publisher":{"@id":"https:\/\/www.giessegi.com\/en\/#organization"},"potentialAction":[{"@type":"SearchAction","target":{"@type":"EntryPoint","urlTemplate":"https:\/\/www.giessegi.com\/en\/?s={search_term_string}"},"query-input":{"@type":"PropertyValueSpecification","valueRequired":true,"valueName":"search_term_string"}}],"inLanguage":"es"},{"@type":"Organization","@id":"https:\/\/www.giessegi.com\/en\/#organization","name":"Giessegi","url":"https:\/\/www.giessegi.com\/en\/","logo":{"@type":"ImageObject","inLanguage":"es","@id":"https:\/\/www.giessegi.com\/en\/#\/schema\/logo\/image\/","url":"https:\/\/www.giessegi.com\/wp-content\/uploads\/2022\/09\/giessegi-logo.jpeg","contentUrl":"https:\/\/www.giessegi.com\/wp-content\/uploads\/2022\/09\/giessegi-logo.jpeg","width":175,"height":77,"caption":"Giessegi"},"image":{"@id":"https:\/\/www.giessegi.com\/en\/#\/schema\/logo\/image\/"}}]}},"_links":{"self":[{"href":"https:\/\/www.giessegi.com\/es\/wp-json\/wp\/v2\/product\/50000","targetHints":{"allow":["GET"]}}],"collection":[{"href":"https:\/\/www.giessegi.com\/es\/wp-json\/wp\/v2\/product"}],"about":[{"href":"https:\/\/www.giessegi.com\/es\/wp-json\/wp\/v2\/types\/product"}],"wp:featuredmedia":[{"embeddable":true,"href":"https:\/\/www.giessegi.com\/es\/wp-json\/wp\/v2\/media\/49903"}],"wp:attachment":[{"href":"https:\/\/www.giessegi.com\/es\/wp-json\/wp\/v2\/media?parent=50000"}],"wp:term":[{"taxonomy":"product_brand","embeddable":true,"href":"https:\/\/www.giessegi.com\/es\/wp-json\/wp\/v2\/product_brand?post=50000"},{"taxonomy":"product_cat","embeddable":true,"href":"https:\/\/www.giessegi.com\/es\/wp-json\/wp\/v2\/product_cat?post=50000"},{"taxonomy":"product_tag","embeddable":true,"href":"https:\/\/www.giessegi.com\/es\/wp-json\/wp\/v2\/product_tag?post=50000"},{"taxonomy":"collezione","embeddable":true,"href":"https:\/\/www.giessegi.com\/es\/wp-json\/wp\/v2\/collezione?post=50000"}],"curies":[{"name":"wp","href":"https:\/\/api.w.org\/{rel}","templated":true}]}}