{"id":49998,"date":"2023-02-02T14:24:18","date_gmt":"2023-02-02T13:24:18","guid":{"rendered":"https:\/\/www.giessegi.com\/product\/ekar-2\/"},"modified":"2023-04-13T12:32:46","modified_gmt":"2023-04-13T10:32:46","slug":"ekar-2","status":"publish","type":"product","link":"https:\/\/www.giessegi.com\/es\/producto\/ekar-2\/","title":{"rendered":"EKAR"},"content":{"rendered":"","protected":false},"excerpt":{"rendered":"<p><strong>PANTALONES DE MUJER CON GRANDES BOLSILLOS<\/strong><\/p>\n<p>&nbsp;<\/p>\n<p>Los pantalones son c\u00e1lidos e impermeables gracias al tejido eVent y al interior Primaloft, que garantizan protecci\u00f3n contra el viento y los agentes atmosf\u00e9ricos, pero tambi\u00e9n transpirabilidad y comodidad.<br \/>\nEl tejido exterior tiene una columna de agua de 20.000 mm y una transpirabilidad de 15.000 g\/m2 en 24 horas.<br \/>\nHay dos pr\u00e1cticos bolsillos laterales.<br \/>\nAl final de la pierna hay un protector de nieve con el\u00e1stico de silicona para evitar que la nieve entre en las botas.<br \/>\nEl velcro y los botones laterales permiten ajustar el final de la pierna, mientras que en la parte delantera el cierre es con botones y cremallera.<br \/>\nLos tirantes de liberaci\u00f3n r\u00e1pida se pueden aplicar en las inserciones de velcro apropiadas en el cintur\u00f3n.<br \/>\nEl tejido antiabrasi\u00f3n Kardak en el final de la pierna protege el pantal\u00f3n en caso de contacto con las botas.<br \/>\nLos pantalones son totalmente personalizables con impresi\u00f3n digital.<\/p>\n<p>A PRUEBA DE VIENTO 5\/5<br \/>\nIMPERMEABLE 4\/5<br \/>\nAISLAMIENTO 5\/5<br \/>\nTRANSPIRABILIDAD 5\/5<\/p>\n","protected":false},"featured_media":49910,"template":"","meta":[],"product_brand":[],"product_cat":[734,736,604],"product_tag":[],"collezione":[],"class_list":{"0":"post-49998","1":"product","2":"type-product","3":"status-publish","4":"has-post-thumbnail","6":"product_cat-esqui","7":"product_cat-esqui-alpino","8":"product_cat-personalizado","11":"first","12":"instock","13":"shipping-taxable","14":"product-type-simple"},"yoast_head":"<!-- This site is optimized with the Yoast SEO plugin v27.3 - https:\/\/yoast.com\/product\/yoast-seo-wordpress\/ -->\n<title>EKAR | GSG - Giessegi<\/title>\n<meta name=\"robots\" content=\"index, follow, max-snippet:-1, max-image-preview:large, max-video-preview:-1\" \/>\n<link rel=\"canonical\" href=\"https:\/\/www.giessegi.com\/es\/producto\/ekar-2\/\" \/>\n<meta property=\"og:locale\" content=\"es_ES\" \/>\n<meta property=\"og:type\" content=\"article\" \/>\n<meta property=\"og:title\" content=\"EKAR | GSG - Giessegi\" \/>\n<meta property=\"og:description\" content=\"PANTALONES DE MUJER CON GRANDES BOLSILLOS  &nbsp;  Los pantalones son c\u00e1lidos e impermeables gracias al tejido eVent y al interior Primaloft, que garantizan protecci\u00f3n contra el viento y los agentes atmosf\u00e9ricos, pero tambi\u00e9n transpirabilidad y comodidad. El tejido exterior tiene una columna de agua de 20.000 mm y una transpirabilidad de 15.000 g\/m2 en 24 horas. Hay dos pr\u00e1cticos bolsillos laterales. Al final de la pierna hay un protector de nieve con el\u00e1stico de silicona para evitar que la nieve entre en las botas. El velcro y los botones laterales permiten ajustar el final de la pierna, mientras que en la parte delantera el cierre es con botones y cremallera. Los tirantes de liberaci\u00f3n r\u00e1pida se pueden aplicar en las inserciones de velcro apropiadas en el cintur\u00f3n. El tejido antiabrasi\u00f3n Kardak en el final de la pierna protege el pantal\u00f3n en caso de contacto con las botas. Los pantalones son totalmente personalizables con impresi\u00f3n digital.  A PRUEBA DE VIENTO 5\/5 IMPERMEABLE 4\/5 AISLAMIENTO 5\/5 TRANSPIRABILIDAD 5\/5\" \/>\n<meta property=\"og:url\" content=\"https:\/\/www.giessegi.com\/es\/producto\/ekar-2\/\" \/>\n<meta property=\"og:site_name\" content=\"GSG - Giessegi\" \/>\n<meta property=\"article:modified_time\" content=\"2023-04-13T10:32:46+00:00\" \/>\n<meta property=\"og:image\" content=\"https:\/\/www.giessegi.com\/wp-content\/uploads\/2023\/02\/07258_Ekar_fronte.jpg\" \/>\n\t<meta property=\"og:image:width\" content=\"1000\" \/>\n\t<meta property=\"og:image:height\" content=\"1000\" \/>\n\t<meta property=\"og:image:type\" content=\"image\/jpeg\" \/>\n<meta name=\"twitter:card\" content=\"summary_large_image\" \/>\n<script type=\"application\/ld+json\" class=\"yoast-schema-graph\">{\"@context\":\"https:\\\/\\\/schema.org\",\"@graph\":[{\"@type\":\"WebPage\",\"@id\":\"https:\\\/\\\/www.giessegi.com\\\/es\\\/producto\\\/ekar-2\\\/\",\"url\":\"https:\\\/\\\/www.giessegi.com\\\/es\\\/producto\\\/ekar-2\\\/\",\"name\":\"EKAR | GSG - Giessegi\",\"isPartOf\":{\"@id\":\"https:\\\/\\\/www.giessegi.com\\\/en\\\/#website\"},\"primaryImageOfPage\":{\"@id\":\"https:\\\/\\\/www.giessegi.com\\\/es\\\/producto\\\/ekar-2\\\/#primaryimage\"},\"image\":{\"@id\":\"https:\\\/\\\/www.giessegi.com\\\/es\\\/producto\\\/ekar-2\\\/#primaryimage\"},\"thumbnailUrl\":\"https:\\\/\\\/www.giessegi.com\\\/wp-content\\\/uploads\\\/2023\\\/02\\\/07258_Ekar_fronte.jpg\",\"datePublished\":\"2023-02-02T13:24:18+00:00\",\"dateModified\":\"2023-04-13T10:32:46+00:00\",\"breadcrumb\":{\"@id\":\"https:\\\/\\\/www.giessegi.com\\\/es\\\/producto\\\/ekar-2\\\/#breadcrumb\"},\"inLanguage\":\"es\",\"potentialAction\":[{\"@type\":\"ReadAction\",\"target\":[\"https:\\\/\\\/www.giessegi.com\\\/es\\\/producto\\\/ekar-2\\\/\"]}]},{\"@type\":\"ImageObject\",\"inLanguage\":\"es\",\"@id\":\"https:\\\/\\\/www.giessegi.com\\\/es\\\/producto\\\/ekar-2\\\/#primaryimage\",\"url\":\"https:\\\/\\\/www.giessegi.com\\\/wp-content\\\/uploads\\\/2023\\\/02\\\/07258_Ekar_fronte.jpg\",\"contentUrl\":\"https:\\\/\\\/www.giessegi.com\\\/wp-content\\\/uploads\\\/2023\\\/02\\\/07258_Ekar_fronte.jpg\",\"width\":1000,\"height\":1000},{\"@type\":\"BreadcrumbList\",\"@id\":\"https:\\\/\\\/www.giessegi.com\\\/es\\\/producto\\\/ekar-2\\\/#breadcrumb\",\"itemListElement\":[{\"@type\":\"ListItem\",\"position\":1,\"name\":\"Home\",\"item\":\"https:\\\/\\\/www.giessegi.com\\\/\"},{\"@type\":\"ListItem\",\"position\":2,\"name\":\"Products\",\"item\":\"https:\\\/\\\/www.giessegi.com\\\/en\\\/shop\\\/\"},{\"@type\":\"ListItem\",\"position\":3,\"name\":\"EKAR\"}]},{\"@type\":\"WebSite\",\"@id\":\"https:\\\/\\\/www.giessegi.com\\\/en\\\/#website\",\"url\":\"https:\\\/\\\/www.giessegi.com\\\/en\\\/\",\"name\":\"Giessegi\",\"description\":\"\",\"publisher\":{\"@id\":\"https:\\\/\\\/www.giessegi.com\\\/en\\\/#organization\"},\"potentialAction\":[{\"@type\":\"SearchAction\",\"target\":{\"@type\":\"EntryPoint\",\"urlTemplate\":\"https:\\\/\\\/www.giessegi.com\\\/en\\\/?s={search_term_string}\"},\"query-input\":{\"@type\":\"PropertyValueSpecification\",\"valueRequired\":true,\"valueName\":\"search_term_string\"}}],\"inLanguage\":\"es\"},{\"@type\":\"Organization\",\"@id\":\"https:\\\/\\\/www.giessegi.com\\\/en\\\/#organization\",\"name\":\"Giessegi\",\"url\":\"https:\\\/\\\/www.giessegi.com\\\/en\\\/\",\"logo\":{\"@type\":\"ImageObject\",\"inLanguage\":\"es\",\"@id\":\"https:\\\/\\\/www.giessegi.com\\\/en\\\/#\\\/schema\\\/logo\\\/image\\\/\",\"url\":\"https:\\\/\\\/www.giessegi.com\\\/wp-content\\\/uploads\\\/2022\\\/09\\\/giessegi-logo.jpeg\",\"contentUrl\":\"https:\\\/\\\/www.giessegi.com\\\/wp-content\\\/uploads\\\/2022\\\/09\\\/giessegi-logo.jpeg\",\"width\":175,\"height\":77,\"caption\":\"Giessegi\"},\"image\":{\"@id\":\"https:\\\/\\\/www.giessegi.com\\\/en\\\/#\\\/schema\\\/logo\\\/image\\\/\"}}]}<\/script>\n<!-- \/ Yoast SEO plugin. -->","yoast_head_json":{"title":"EKAR | GSG - Giessegi","robots":{"index":"index","follow":"follow","max-snippet":"max-snippet:-1","max-image-preview":"max-image-preview:large","max-video-preview":"max-video-preview:-1"},"canonical":"https:\/\/www.giessegi.com\/es\/producto\/ekar-2\/","og_locale":"es_ES","og_type":"article","og_title":"EKAR | GSG - Giessegi","og_description":"PANTALONES DE MUJER CON GRANDES BOLSILLOS  &nbsp;  Los pantalones son c\u00e1lidos e impermeables gracias al tejido eVent y al interior Primaloft, que garantizan protecci\u00f3n contra el viento y los agentes atmosf\u00e9ricos, pero tambi\u00e9n transpirabilidad y comodidad. El tejido exterior tiene una columna de agua de 20.000 mm y una transpirabilidad de 15.000 g\/m2 en 24 horas. Hay dos pr\u00e1cticos bolsillos laterales. Al final de la pierna hay un protector de nieve con el\u00e1stico de silicona para evitar que la nieve entre en las botas. El velcro y los botones laterales permiten ajustar el final de la pierna, mientras que en la parte delantera el cierre es con botones y cremallera. Los tirantes de liberaci\u00f3n r\u00e1pida se pueden aplicar en las inserciones de velcro apropiadas en el cintur\u00f3n. El tejido antiabrasi\u00f3n Kardak en el final de la pierna protege el pantal\u00f3n en caso de contacto con las botas. Los pantalones son totalmente personalizables con impresi\u00f3n digital.  A PRUEBA DE VIENTO 5\/5 IMPERMEABLE 4\/5 AISLAMIENTO 5\/5 TRANSPIRABILIDAD 5\/5","og_url":"https:\/\/www.giessegi.com\/es\/producto\/ekar-2\/","og_site_name":"GSG - Giessegi","article_modified_time":"2023-04-13T10:32:46+00:00","og_image":[{"width":1000,"height":1000,"url":"https:\/\/www.giessegi.com\/wp-content\/uploads\/2023\/02\/07258_Ekar_fronte.jpg","type":"image\/jpeg"}],"twitter_card":"summary_large_image","schema":{"@context":"https:\/\/schema.org","@graph":[{"@type":"WebPage","@id":"https:\/\/www.giessegi.com\/es\/producto\/ekar-2\/","url":"https:\/\/www.giessegi.com\/es\/producto\/ekar-2\/","name":"EKAR | GSG - Giessegi","isPartOf":{"@id":"https:\/\/www.giessegi.com\/en\/#website"},"primaryImageOfPage":{"@id":"https:\/\/www.giessegi.com\/es\/producto\/ekar-2\/#primaryimage"},"image":{"@id":"https:\/\/www.giessegi.com\/es\/producto\/ekar-2\/#primaryimage"},"thumbnailUrl":"https:\/\/www.giessegi.com\/wp-content\/uploads\/2023\/02\/07258_Ekar_fronte.jpg","datePublished":"2023-02-02T13:24:18+00:00","dateModified":"2023-04-13T10:32:46+00:00","breadcrumb":{"@id":"https:\/\/www.giessegi.com\/es\/producto\/ekar-2\/#breadcrumb"},"inLanguage":"es","potentialAction":[{"@type":"ReadAction","target":["https:\/\/www.giessegi.com\/es\/producto\/ekar-2\/"]}]},{"@type":"ImageObject","inLanguage":"es","@id":"https:\/\/www.giessegi.com\/es\/producto\/ekar-2\/#primaryimage","url":"https:\/\/www.giessegi.com\/wp-content\/uploads\/2023\/02\/07258_Ekar_fronte.jpg","contentUrl":"https:\/\/www.giessegi.com\/wp-content\/uploads\/2023\/02\/07258_Ekar_fronte.jpg","width":1000,"height":1000},{"@type":"BreadcrumbList","@id":"https:\/\/www.giessegi.com\/es\/producto\/ekar-2\/#breadcrumb","itemListElement":[{"@type":"ListItem","position":1,"name":"Home","item":"https:\/\/www.giessegi.com\/"},{"@type":"ListItem","position":2,"name":"Products","item":"https:\/\/www.giessegi.com\/en\/shop\/"},{"@type":"ListItem","position":3,"name":"EKAR"}]},{"@type":"WebSite","@id":"https:\/\/www.giessegi.com\/en\/#website","url":"https:\/\/www.giessegi.com\/en\/","name":"Giessegi","description":"","publisher":{"@id":"https:\/\/www.giessegi.com\/en\/#organization"},"potentialAction":[{"@type":"SearchAction","target":{"@type":"EntryPoint","urlTemplate":"https:\/\/www.giessegi.com\/en\/?s={search_term_string}"},"query-input":{"@type":"PropertyValueSpecification","valueRequired":true,"valueName":"search_term_string"}}],"inLanguage":"es"},{"@type":"Organization","@id":"https:\/\/www.giessegi.com\/en\/#organization","name":"Giessegi","url":"https:\/\/www.giessegi.com\/en\/","logo":{"@type":"ImageObject","inLanguage":"es","@id":"https:\/\/www.giessegi.com\/en\/#\/schema\/logo\/image\/","url":"https:\/\/www.giessegi.com\/wp-content\/uploads\/2022\/09\/giessegi-logo.jpeg","contentUrl":"https:\/\/www.giessegi.com\/wp-content\/uploads\/2022\/09\/giessegi-logo.jpeg","width":175,"height":77,"caption":"Giessegi"},"image":{"@id":"https:\/\/www.giessegi.com\/en\/#\/schema\/logo\/image\/"}}]}},"_links":{"self":[{"href":"https:\/\/www.giessegi.com\/es\/wp-json\/wp\/v2\/product\/49998","targetHints":{"allow":["GET"]}}],"collection":[{"href":"https:\/\/www.giessegi.com\/es\/wp-json\/wp\/v2\/product"}],"about":[{"href":"https:\/\/www.giessegi.com\/es\/wp-json\/wp\/v2\/types\/product"}],"wp:featuredmedia":[{"embeddable":true,"href":"https:\/\/www.giessegi.com\/es\/wp-json\/wp\/v2\/media\/49910"}],"wp:attachment":[{"href":"https:\/\/www.giessegi.com\/es\/wp-json\/wp\/v2\/media?parent=49998"}],"wp:term":[{"taxonomy":"product_brand","embeddable":true,"href":"https:\/\/www.giessegi.com\/es\/wp-json\/wp\/v2\/product_brand?post=49998"},{"taxonomy":"product_cat","embeddable":true,"href":"https:\/\/www.giessegi.com\/es\/wp-json\/wp\/v2\/product_cat?post=49998"},{"taxonomy":"product_tag","embeddable":true,"href":"https:\/\/www.giessegi.com\/es\/wp-json\/wp\/v2\/product_tag?post=49998"},{"taxonomy":"collezione","embeddable":true,"href":"https:\/\/www.giessegi.com\/es\/wp-json\/wp\/v2\/collezione?post=49998"}],"curies":[{"name":"wp","href":"https:\/\/api.w.org\/{rel}","templated":true}]}}