{"id":49995,"date":"2023-02-02T13:57:45","date_gmt":"2023-02-02T12:57:45","guid":{"rendered":"https:\/\/www.giessegi.com\/product\/vigo\/"},"modified":"2023-04-13T13:07:29","modified_gmt":"2023-04-13T11:07:29","slug":"vigo","status":"publish","type":"product","link":"https:\/\/www.giessegi.com\/es\/producto\/vigo\/","title":{"rendered":"VIGO"},"content":{"rendered":"","protected":false},"excerpt":{"rendered":"<p><strong>CAMISA M.L. CARRERA CON ZIP<\/strong><\/p>\n<p>&nbsp;<\/p>\n<p>Maillot de manga larga en tejido ligero y aerodin\u00e1mico apto para competici\u00f3n gracias a su estructura y ligereza.<br \/>\nLa camiseta envuelve perfectamente el cuerpo, adapt\u00e1ndose a los movimientos del deportista y ayudando a mejorar su rendimiento.<br \/>\nPara aumentar la transpirabilidad, hay una cremallera corta en la parte delantera.<br \/>\nAdem\u00e1s, el el\u00e1stico de silicona en la cintura mantiene la prenda ce\u00f1ida.<\/p>\n<ul>\n<li>Cremallera corta vista.<\/li>\n<li>Corte anat\u00f3mico.<\/li>\n<li>El\u00e1stico siliconado interior en cintura.<\/li>\n<\/ul>\n<p>A PRUEBA DE VIENTO 1\/5<br \/>\nIMPERMEABLE 1\/5<br \/>\nAISLAMIENTO 1\/5<br \/>\nTRANSPIRABILIDAD 5\/5<\/p>\n","protected":false},"featured_media":49865,"template":"","meta":[],"product_brand":[],"product_cat":[604,734,738],"product_tag":[],"collezione":[],"class_list":{"0":"post-49995","1":"product","2":"type-product","3":"status-publish","4":"has-post-thumbnail","6":"product_cat-personalizado","7":"product_cat-esqui","8":"product_cat-esqui-de-fondo","11":"first","12":"instock","13":"shipping-taxable","14":"product-type-simple"},"yoast_head":"<!-- This site is optimized with the Yoast SEO plugin v25.7 - https:\/\/yoast.com\/wordpress\/plugins\/seo\/ -->\n<title>VIGO | GSG - Giessegi<\/title>\n<meta name=\"robots\" content=\"index, follow, max-snippet:-1, max-image-preview:large, max-video-preview:-1\" \/>\n<link rel=\"canonical\" href=\"https:\/\/www.giessegi.com\/es\/producto\/vigo\/\" \/>\n<meta property=\"og:locale\" content=\"es_ES\" \/>\n<meta property=\"og:type\" content=\"article\" \/>\n<meta property=\"og:title\" content=\"VIGO | GSG - Giessegi\" \/>\n<meta property=\"og:description\" content=\"CAMISA M.L. CARRERA CON ZIP  &nbsp;  Maillot de manga larga en tejido ligero y aerodin\u00e1mico apto para competici\u00f3n gracias a su estructura y ligereza. La camiseta envuelve perfectamente el cuerpo, adapt\u00e1ndose a los movimientos del deportista y ayudando a mejorar su rendimiento. Para aumentar la transpirabilidad, hay una cremallera corta en la parte delantera. Adem\u00e1s, el el\u00e1stico de silicona en la cintura mantiene la prenda ce\u00f1ida.   Cremallera corta vista.  Corte anat\u00f3mico.  El\u00e1stico siliconado interior en cintura.  A PRUEBA DE VIENTO 1\/5 IMPERMEABLE 1\/5 AISLAMIENTO 1\/5 TRANSPIRABILIDAD 5\/5\" \/>\n<meta property=\"og:url\" content=\"https:\/\/www.giessegi.com\/es\/producto\/vigo\/\" \/>\n<meta property=\"og:site_name\" content=\"GSG - Giessegi\" \/>\n<meta property=\"article:modified_time\" content=\"2023-04-13T11:07:29+00:00\" \/>\n<meta property=\"og:image\" content=\"https:\/\/www.giessegi.com\/wp-content\/uploads\/2023\/02\/04187_Vigo_fronte.jpg\" \/>\n\t<meta property=\"og:image:width\" content=\"1000\" \/>\n\t<meta property=\"og:image:height\" content=\"1000\" \/>\n\t<meta property=\"og:image:type\" content=\"image\/jpeg\" \/>\n<meta name=\"twitter:card\" content=\"summary_large_image\" \/>\n<script type=\"application\/ld+json\" class=\"yoast-schema-graph\">{\"@context\":\"https:\/\/schema.org\",\"@graph\":[{\"@type\":\"WebPage\",\"@id\":\"https:\/\/www.giessegi.com\/es\/producto\/vigo\/\",\"url\":\"https:\/\/www.giessegi.com\/es\/producto\/vigo\/\",\"name\":\"VIGO | GSG - Giessegi\",\"isPartOf\":{\"@id\":\"https:\/\/www.giessegi.com\/en\/#website\"},\"primaryImageOfPage\":{\"@id\":\"https:\/\/www.giessegi.com\/es\/producto\/vigo\/#primaryimage\"},\"image\":{\"@id\":\"https:\/\/www.giessegi.com\/es\/producto\/vigo\/#primaryimage\"},\"thumbnailUrl\":\"https:\/\/www.giessegi.com\/wp-content\/uploads\/2023\/02\/04187_Vigo_fronte.jpg\",\"datePublished\":\"2023-02-02T12:57:45+00:00\",\"dateModified\":\"2023-04-13T11:07:29+00:00\",\"breadcrumb\":{\"@id\":\"https:\/\/www.giessegi.com\/es\/producto\/vigo\/#breadcrumb\"},\"inLanguage\":\"es\",\"potentialAction\":[{\"@type\":\"ReadAction\",\"target\":[\"https:\/\/www.giessegi.com\/es\/producto\/vigo\/\"]}]},{\"@type\":\"ImageObject\",\"inLanguage\":\"es\",\"@id\":\"https:\/\/www.giessegi.com\/es\/producto\/vigo\/#primaryimage\",\"url\":\"https:\/\/www.giessegi.com\/wp-content\/uploads\/2023\/02\/04187_Vigo_fronte.jpg\",\"contentUrl\":\"https:\/\/www.giessegi.com\/wp-content\/uploads\/2023\/02\/04187_Vigo_fronte.jpg\",\"width\":1000,\"height\":1000},{\"@type\":\"BreadcrumbList\",\"@id\":\"https:\/\/www.giessegi.com\/es\/producto\/vigo\/#breadcrumb\",\"itemListElement\":[{\"@type\":\"ListItem\",\"position\":1,\"name\":\"Home\",\"item\":\"https:\/\/www.giessegi.com\/es\/\"},{\"@type\":\"ListItem\",\"position\":2,\"name\":\"Products\",\"item\":\"https:\/\/www.giessegi.com\/en\/shop\/\"},{\"@type\":\"ListItem\",\"position\":3,\"name\":\"VIGO\"}]},{\"@type\":\"WebSite\",\"@id\":\"https:\/\/www.giessegi.com\/en\/#website\",\"url\":\"https:\/\/www.giessegi.com\/en\/\",\"name\":\"Giessegi\",\"description\":\"\",\"publisher\":{\"@id\":\"https:\/\/www.giessegi.com\/en\/#organization\"},\"potentialAction\":[{\"@type\":\"SearchAction\",\"target\":{\"@type\":\"EntryPoint\",\"urlTemplate\":\"https:\/\/www.giessegi.com\/en\/?s={search_term_string}\"},\"query-input\":{\"@type\":\"PropertyValueSpecification\",\"valueRequired\":true,\"valueName\":\"search_term_string\"}}],\"inLanguage\":\"es\"},{\"@type\":\"Organization\",\"@id\":\"https:\/\/www.giessegi.com\/en\/#organization\",\"name\":\"Giessegi\",\"url\":\"https:\/\/www.giessegi.com\/en\/\",\"logo\":{\"@type\":\"ImageObject\",\"inLanguage\":\"es\",\"@id\":\"https:\/\/www.giessegi.com\/en\/#\/schema\/logo\/image\/\",\"url\":\"https:\/\/www.giessegi.com\/wp-content\/uploads\/2022\/09\/giessegi-logo.jpeg\",\"contentUrl\":\"https:\/\/www.giessegi.com\/wp-content\/uploads\/2022\/09\/giessegi-logo.jpeg\",\"width\":175,\"height\":77,\"caption\":\"Giessegi\"},\"image\":{\"@id\":\"https:\/\/www.giessegi.com\/en\/#\/schema\/logo\/image\/\"}}]}<\/script>\n<!-- \/ Yoast SEO plugin. -->","yoast_head_json":{"title":"VIGO | GSG - Giessegi","robots":{"index":"index","follow":"follow","max-snippet":"max-snippet:-1","max-image-preview":"max-image-preview:large","max-video-preview":"max-video-preview:-1"},"canonical":"https:\/\/www.giessegi.com\/es\/producto\/vigo\/","og_locale":"es_ES","og_type":"article","og_title":"VIGO | GSG - Giessegi","og_description":"CAMISA M.L. CARRERA CON ZIP  &nbsp;  Maillot de manga larga en tejido ligero y aerodin\u00e1mico apto para competici\u00f3n gracias a su estructura y ligereza. La camiseta envuelve perfectamente el cuerpo, adapt\u00e1ndose a los movimientos del deportista y ayudando a mejorar su rendimiento. Para aumentar la transpirabilidad, hay una cremallera corta en la parte delantera. Adem\u00e1s, el el\u00e1stico de silicona en la cintura mantiene la prenda ce\u00f1ida.   Cremallera corta vista.  Corte anat\u00f3mico.  El\u00e1stico siliconado interior en cintura.  A PRUEBA DE VIENTO 1\/5 IMPERMEABLE 1\/5 AISLAMIENTO 1\/5 TRANSPIRABILIDAD 5\/5","og_url":"https:\/\/www.giessegi.com\/es\/producto\/vigo\/","og_site_name":"GSG - Giessegi","article_modified_time":"2023-04-13T11:07:29+00:00","og_image":[{"width":1000,"height":1000,"url":"https:\/\/www.giessegi.com\/wp-content\/uploads\/2023\/02\/04187_Vigo_fronte.jpg","type":"image\/jpeg"}],"twitter_card":"summary_large_image","schema":{"@context":"https:\/\/schema.org","@graph":[{"@type":"WebPage","@id":"https:\/\/www.giessegi.com\/es\/producto\/vigo\/","url":"https:\/\/www.giessegi.com\/es\/producto\/vigo\/","name":"VIGO | GSG - Giessegi","isPartOf":{"@id":"https:\/\/www.giessegi.com\/en\/#website"},"primaryImageOfPage":{"@id":"https:\/\/www.giessegi.com\/es\/producto\/vigo\/#primaryimage"},"image":{"@id":"https:\/\/www.giessegi.com\/es\/producto\/vigo\/#primaryimage"},"thumbnailUrl":"https:\/\/www.giessegi.com\/wp-content\/uploads\/2023\/02\/04187_Vigo_fronte.jpg","datePublished":"2023-02-02T12:57:45+00:00","dateModified":"2023-04-13T11:07:29+00:00","breadcrumb":{"@id":"https:\/\/www.giessegi.com\/es\/producto\/vigo\/#breadcrumb"},"inLanguage":"es","potentialAction":[{"@type":"ReadAction","target":["https:\/\/www.giessegi.com\/es\/producto\/vigo\/"]}]},{"@type":"ImageObject","inLanguage":"es","@id":"https:\/\/www.giessegi.com\/es\/producto\/vigo\/#primaryimage","url":"https:\/\/www.giessegi.com\/wp-content\/uploads\/2023\/02\/04187_Vigo_fronte.jpg","contentUrl":"https:\/\/www.giessegi.com\/wp-content\/uploads\/2023\/02\/04187_Vigo_fronte.jpg","width":1000,"height":1000},{"@type":"BreadcrumbList","@id":"https:\/\/www.giessegi.com\/es\/producto\/vigo\/#breadcrumb","itemListElement":[{"@type":"ListItem","position":1,"name":"Home","item":"https:\/\/www.giessegi.com\/es\/"},{"@type":"ListItem","position":2,"name":"Products","item":"https:\/\/www.giessegi.com\/en\/shop\/"},{"@type":"ListItem","position":3,"name":"VIGO"}]},{"@type":"WebSite","@id":"https:\/\/www.giessegi.com\/en\/#website","url":"https:\/\/www.giessegi.com\/en\/","name":"Giessegi","description":"","publisher":{"@id":"https:\/\/www.giessegi.com\/en\/#organization"},"potentialAction":[{"@type":"SearchAction","target":{"@type":"EntryPoint","urlTemplate":"https:\/\/www.giessegi.com\/en\/?s={search_term_string}"},"query-input":{"@type":"PropertyValueSpecification","valueRequired":true,"valueName":"search_term_string"}}],"inLanguage":"es"},{"@type":"Organization","@id":"https:\/\/www.giessegi.com\/en\/#organization","name":"Giessegi","url":"https:\/\/www.giessegi.com\/en\/","logo":{"@type":"ImageObject","inLanguage":"es","@id":"https:\/\/www.giessegi.com\/en\/#\/schema\/logo\/image\/","url":"https:\/\/www.giessegi.com\/wp-content\/uploads\/2022\/09\/giessegi-logo.jpeg","contentUrl":"https:\/\/www.giessegi.com\/wp-content\/uploads\/2022\/09\/giessegi-logo.jpeg","width":175,"height":77,"caption":"Giessegi"},"image":{"@id":"https:\/\/www.giessegi.com\/en\/#\/schema\/logo\/image\/"}}]}},"_links":{"self":[{"href":"https:\/\/www.giessegi.com\/es\/wp-json\/wp\/v2\/product\/49995","targetHints":{"allow":["GET"]}}],"collection":[{"href":"https:\/\/www.giessegi.com\/es\/wp-json\/wp\/v2\/product"}],"about":[{"href":"https:\/\/www.giessegi.com\/es\/wp-json\/wp\/v2\/types\/product"}],"wp:featuredmedia":[{"embeddable":true,"href":"https:\/\/www.giessegi.com\/es\/wp-json\/wp\/v2\/media\/49865"}],"wp:attachment":[{"href":"https:\/\/www.giessegi.com\/es\/wp-json\/wp\/v2\/media?parent=49995"}],"wp:term":[{"taxonomy":"product_brand","embeddable":true,"href":"https:\/\/www.giessegi.com\/es\/wp-json\/wp\/v2\/product_brand?post=49995"},{"taxonomy":"product_cat","embeddable":true,"href":"https:\/\/www.giessegi.com\/es\/wp-json\/wp\/v2\/product_cat?post=49995"},{"taxonomy":"product_tag","embeddable":true,"href":"https:\/\/www.giessegi.com\/es\/wp-json\/wp\/v2\/product_tag?post=49995"},{"taxonomy":"collezione","embeddable":true,"href":"https:\/\/www.giessegi.com\/es\/wp-json\/wp\/v2\/collezione?post=49995"}],"curies":[{"name":"wp","href":"https:\/\/api.w.org\/{rel}","templated":true}]}}