{"id":45440,"date":"2022-10-17T15:22:47","date_gmt":"2022-10-17T13:22:47","guid":{"rendered":"https:\/\/www.giessegi.com\/product\/ventina-jr\/"},"modified":"2023-04-13T13:05:15","modified_gmt":"2023-04-13T11:05:15","slug":"ventina-jr","status":"publish","type":"product","link":"https:\/\/www.giessegi.com\/es\/producto\/ventina-jr\/","title":{"rendered":"VENTINA JR"},"content":{"rendered":"","protected":false},"excerpt":{"rendered":"<p>CHAQUETA CAPUCHA NI\u00d1O<\/p>\n<p>&nbsp;<\/p>\n<p>Chaqueta de esqu\u00ed en tejido tricapa, impermeable, cortaviento y t\u00e9rmica.<br \/>\nEl tratamiento externo de tefl\u00f3n hace que la chaqueta sea resistente al agua y a las manchas.<br \/>\nEl tejido eVent DV Alpine tiene una columna de agua de 20.000 mm y una transpirabilidad de 15.000 gr por m2 en 24 horas.<br \/>\nEs una chaqueta ergon\u00f3mica con un ajuste ce\u00f1ido; Tiene capucha ajustable con cord\u00f3n el\u00e1stico.<br \/>\nLas cremalleras en la parte delantera y en los bolsillos son impermeables.<br \/>\nEn la manga izquierda hay un peque\u00f1o bolsillo para el forfait que se cierra con una cremallera invisible. Internamente hay dos bolsillos con cremallera.<br \/>\nLos pu\u00f1os tienen cierres de velcro y pu\u00f1o en tejido afelpado hasta la mitad de la mano.<br \/>\nLa chaqueta se puede personalizar completamente con impresi\u00f3n digital.<\/p>\n<p>A PRUEBA DE VIENTO 5\/5<br \/>\nIMPERMEABLE 4\/5<br \/>\nAISLAMIENTO 5\/5<br \/>\nTRANSPIRABILIDAD 5\/5<\/p>\n","protected":false},"featured_media":49943,"template":"","meta":[],"product_brand":[],"product_cat":[734,736,604],"product_tag":[],"collezione":[],"class_list":{"0":"post-45440","1":"product","2":"type-product","3":"status-publish","4":"has-post-thumbnail","6":"product_cat-esqui","7":"product_cat-esqui-alpino","8":"product_cat-personalizado","11":"first","12":"instock","13":"shipping-taxable","14":"product-type-simple"},"yoast_head":"<!-- This site is optimized with the Yoast SEO plugin v27.3 - https:\/\/yoast.com\/product\/yoast-seo-wordpress\/ -->\n<title>VENTINA JR | GSG - Giessegi<\/title>\n<meta name=\"robots\" content=\"index, follow, max-snippet:-1, max-image-preview:large, max-video-preview:-1\" \/>\n<link rel=\"canonical\" href=\"https:\/\/www.giessegi.com\/es\/producto\/ventina-jr\/\" \/>\n<meta property=\"og:locale\" content=\"es_ES\" \/>\n<meta property=\"og:type\" content=\"article\" \/>\n<meta property=\"og:title\" content=\"VENTINA JR | GSG - Giessegi\" \/>\n<meta property=\"og:description\" content=\"CHAQUETA CAPUCHA NI\u00d1O  &nbsp;  Chaqueta de esqu\u00ed en tejido tricapa, impermeable, cortaviento y t\u00e9rmica. El tratamiento externo de tefl\u00f3n hace que la chaqueta sea resistente al agua y a las manchas. El tejido eVent DV Alpine tiene una columna de agua de 20.000 mm y una transpirabilidad de 15.000 gr por m2 en 24 horas. Es una chaqueta ergon\u00f3mica con un ajuste ce\u00f1ido; Tiene capucha ajustable con cord\u00f3n el\u00e1stico. Las cremalleras en la parte delantera y en los bolsillos son impermeables. En la manga izquierda hay un peque\u00f1o bolsillo para el forfait que se cierra con una cremallera invisible. Internamente hay dos bolsillos con cremallera. Los pu\u00f1os tienen cierres de velcro y pu\u00f1o en tejido afelpado hasta la mitad de la mano. La chaqueta se puede personalizar completamente con impresi\u00f3n digital.  A PRUEBA DE VIENTO 5\/5 IMPERMEABLE 4\/5 AISLAMIENTO 5\/5 TRANSPIRABILIDAD 5\/5\" \/>\n<meta property=\"og:url\" content=\"https:\/\/www.giessegi.com\/es\/producto\/ventina-jr\/\" \/>\n<meta property=\"og:site_name\" content=\"GSG - Giessegi\" \/>\n<meta property=\"article:modified_time\" content=\"2023-04-13T11:05:15+00:00\" \/>\n<meta property=\"og:image\" content=\"https:\/\/www.giessegi.com\/wp-content\/uploads\/2022\/10\/10173_VentinaJR_fronte.jpg\" \/>\n\t<meta property=\"og:image:width\" content=\"1000\" \/>\n\t<meta property=\"og:image:height\" content=\"1000\" \/>\n\t<meta property=\"og:image:type\" content=\"image\/jpeg\" \/>\n<meta name=\"twitter:card\" content=\"summary_large_image\" \/>\n<script type=\"application\/ld+json\" class=\"yoast-schema-graph\">{\"@context\":\"https:\\\/\\\/schema.org\",\"@graph\":[{\"@type\":\"WebPage\",\"@id\":\"https:\\\/\\\/www.giessegi.com\\\/es\\\/producto\\\/ventina-jr\\\/\",\"url\":\"https:\\\/\\\/www.giessegi.com\\\/es\\\/producto\\\/ventina-jr\\\/\",\"name\":\"VENTINA JR | GSG - Giessegi\",\"isPartOf\":{\"@id\":\"https:\\\/\\\/www.giessegi.com\\\/en\\\/#website\"},\"primaryImageOfPage\":{\"@id\":\"https:\\\/\\\/www.giessegi.com\\\/es\\\/producto\\\/ventina-jr\\\/#primaryimage\"},\"image\":{\"@id\":\"https:\\\/\\\/www.giessegi.com\\\/es\\\/producto\\\/ventina-jr\\\/#primaryimage\"},\"thumbnailUrl\":\"https:\\\/\\\/www.giessegi.com\\\/wp-content\\\/uploads\\\/2022\\\/10\\\/10173_VentinaJR_fronte.jpg\",\"datePublished\":\"2022-10-17T13:22:47+00:00\",\"dateModified\":\"2023-04-13T11:05:15+00:00\",\"breadcrumb\":{\"@id\":\"https:\\\/\\\/www.giessegi.com\\\/es\\\/producto\\\/ventina-jr\\\/#breadcrumb\"},\"inLanguage\":\"es\",\"potentialAction\":[{\"@type\":\"ReadAction\",\"target\":[\"https:\\\/\\\/www.giessegi.com\\\/es\\\/producto\\\/ventina-jr\\\/\"]}]},{\"@type\":\"ImageObject\",\"inLanguage\":\"es\",\"@id\":\"https:\\\/\\\/www.giessegi.com\\\/es\\\/producto\\\/ventina-jr\\\/#primaryimage\",\"url\":\"https:\\\/\\\/www.giessegi.com\\\/wp-content\\\/uploads\\\/2022\\\/10\\\/10173_VentinaJR_fronte.jpg\",\"contentUrl\":\"https:\\\/\\\/www.giessegi.com\\\/wp-content\\\/uploads\\\/2022\\\/10\\\/10173_VentinaJR_fronte.jpg\",\"width\":1000,\"height\":1000},{\"@type\":\"BreadcrumbList\",\"@id\":\"https:\\\/\\\/www.giessegi.com\\\/es\\\/producto\\\/ventina-jr\\\/#breadcrumb\",\"itemListElement\":[{\"@type\":\"ListItem\",\"position\":1,\"name\":\"Home\",\"item\":\"https:\\\/\\\/www.giessegi.com\\\/\"},{\"@type\":\"ListItem\",\"position\":2,\"name\":\"Products\",\"item\":\"https:\\\/\\\/www.giessegi.com\\\/en\\\/shop\\\/\"},{\"@type\":\"ListItem\",\"position\":3,\"name\":\"VENTINA JR\"}]},{\"@type\":\"WebSite\",\"@id\":\"https:\\\/\\\/www.giessegi.com\\\/en\\\/#website\",\"url\":\"https:\\\/\\\/www.giessegi.com\\\/en\\\/\",\"name\":\"Giessegi\",\"description\":\"\",\"publisher\":{\"@id\":\"https:\\\/\\\/www.giessegi.com\\\/en\\\/#organization\"},\"potentialAction\":[{\"@type\":\"SearchAction\",\"target\":{\"@type\":\"EntryPoint\",\"urlTemplate\":\"https:\\\/\\\/www.giessegi.com\\\/en\\\/?s={search_term_string}\"},\"query-input\":{\"@type\":\"PropertyValueSpecification\",\"valueRequired\":true,\"valueName\":\"search_term_string\"}}],\"inLanguage\":\"es\"},{\"@type\":\"Organization\",\"@id\":\"https:\\\/\\\/www.giessegi.com\\\/en\\\/#organization\",\"name\":\"Giessegi\",\"url\":\"https:\\\/\\\/www.giessegi.com\\\/en\\\/\",\"logo\":{\"@type\":\"ImageObject\",\"inLanguage\":\"es\",\"@id\":\"https:\\\/\\\/www.giessegi.com\\\/en\\\/#\\\/schema\\\/logo\\\/image\\\/\",\"url\":\"https:\\\/\\\/www.giessegi.com\\\/wp-content\\\/uploads\\\/2022\\\/09\\\/giessegi-logo.jpeg\",\"contentUrl\":\"https:\\\/\\\/www.giessegi.com\\\/wp-content\\\/uploads\\\/2022\\\/09\\\/giessegi-logo.jpeg\",\"width\":175,\"height\":77,\"caption\":\"Giessegi\"},\"image\":{\"@id\":\"https:\\\/\\\/www.giessegi.com\\\/en\\\/#\\\/schema\\\/logo\\\/image\\\/\"}}]}<\/script>\n<!-- \/ Yoast SEO plugin. -->","yoast_head_json":{"title":"VENTINA JR | GSG - Giessegi","robots":{"index":"index","follow":"follow","max-snippet":"max-snippet:-1","max-image-preview":"max-image-preview:large","max-video-preview":"max-video-preview:-1"},"canonical":"https:\/\/www.giessegi.com\/es\/producto\/ventina-jr\/","og_locale":"es_ES","og_type":"article","og_title":"VENTINA JR | GSG - Giessegi","og_description":"CHAQUETA CAPUCHA NI\u00d1O  &nbsp;  Chaqueta de esqu\u00ed en tejido tricapa, impermeable, cortaviento y t\u00e9rmica. El tratamiento externo de tefl\u00f3n hace que la chaqueta sea resistente al agua y a las manchas. El tejido eVent DV Alpine tiene una columna de agua de 20.000 mm y una transpirabilidad de 15.000 gr por m2 en 24 horas. Es una chaqueta ergon\u00f3mica con un ajuste ce\u00f1ido; Tiene capucha ajustable con cord\u00f3n el\u00e1stico. Las cremalleras en la parte delantera y en los bolsillos son impermeables. En la manga izquierda hay un peque\u00f1o bolsillo para el forfait que se cierra con una cremallera invisible. Internamente hay dos bolsillos con cremallera. Los pu\u00f1os tienen cierres de velcro y pu\u00f1o en tejido afelpado hasta la mitad de la mano. La chaqueta se puede personalizar completamente con impresi\u00f3n digital.  A PRUEBA DE VIENTO 5\/5 IMPERMEABLE 4\/5 AISLAMIENTO 5\/5 TRANSPIRABILIDAD 5\/5","og_url":"https:\/\/www.giessegi.com\/es\/producto\/ventina-jr\/","og_site_name":"GSG - Giessegi","article_modified_time":"2023-04-13T11:05:15+00:00","og_image":[{"width":1000,"height":1000,"url":"https:\/\/www.giessegi.com\/wp-content\/uploads\/2022\/10\/10173_VentinaJR_fronte.jpg","type":"image\/jpeg"}],"twitter_card":"summary_large_image","schema":{"@context":"https:\/\/schema.org","@graph":[{"@type":"WebPage","@id":"https:\/\/www.giessegi.com\/es\/producto\/ventina-jr\/","url":"https:\/\/www.giessegi.com\/es\/producto\/ventina-jr\/","name":"VENTINA JR | GSG - Giessegi","isPartOf":{"@id":"https:\/\/www.giessegi.com\/en\/#website"},"primaryImageOfPage":{"@id":"https:\/\/www.giessegi.com\/es\/producto\/ventina-jr\/#primaryimage"},"image":{"@id":"https:\/\/www.giessegi.com\/es\/producto\/ventina-jr\/#primaryimage"},"thumbnailUrl":"https:\/\/www.giessegi.com\/wp-content\/uploads\/2022\/10\/10173_VentinaJR_fronte.jpg","datePublished":"2022-10-17T13:22:47+00:00","dateModified":"2023-04-13T11:05:15+00:00","breadcrumb":{"@id":"https:\/\/www.giessegi.com\/es\/producto\/ventina-jr\/#breadcrumb"},"inLanguage":"es","potentialAction":[{"@type":"ReadAction","target":["https:\/\/www.giessegi.com\/es\/producto\/ventina-jr\/"]}]},{"@type":"ImageObject","inLanguage":"es","@id":"https:\/\/www.giessegi.com\/es\/producto\/ventina-jr\/#primaryimage","url":"https:\/\/www.giessegi.com\/wp-content\/uploads\/2022\/10\/10173_VentinaJR_fronte.jpg","contentUrl":"https:\/\/www.giessegi.com\/wp-content\/uploads\/2022\/10\/10173_VentinaJR_fronte.jpg","width":1000,"height":1000},{"@type":"BreadcrumbList","@id":"https:\/\/www.giessegi.com\/es\/producto\/ventina-jr\/#breadcrumb","itemListElement":[{"@type":"ListItem","position":1,"name":"Home","item":"https:\/\/www.giessegi.com\/"},{"@type":"ListItem","position":2,"name":"Products","item":"https:\/\/www.giessegi.com\/en\/shop\/"},{"@type":"ListItem","position":3,"name":"VENTINA JR"}]},{"@type":"WebSite","@id":"https:\/\/www.giessegi.com\/en\/#website","url":"https:\/\/www.giessegi.com\/en\/","name":"Giessegi","description":"","publisher":{"@id":"https:\/\/www.giessegi.com\/en\/#organization"},"potentialAction":[{"@type":"SearchAction","target":{"@type":"EntryPoint","urlTemplate":"https:\/\/www.giessegi.com\/en\/?s={search_term_string}"},"query-input":{"@type":"PropertyValueSpecification","valueRequired":true,"valueName":"search_term_string"}}],"inLanguage":"es"},{"@type":"Organization","@id":"https:\/\/www.giessegi.com\/en\/#organization","name":"Giessegi","url":"https:\/\/www.giessegi.com\/en\/","logo":{"@type":"ImageObject","inLanguage":"es","@id":"https:\/\/www.giessegi.com\/en\/#\/schema\/logo\/image\/","url":"https:\/\/www.giessegi.com\/wp-content\/uploads\/2022\/09\/giessegi-logo.jpeg","contentUrl":"https:\/\/www.giessegi.com\/wp-content\/uploads\/2022\/09\/giessegi-logo.jpeg","width":175,"height":77,"caption":"Giessegi"},"image":{"@id":"https:\/\/www.giessegi.com\/en\/#\/schema\/logo\/image\/"}}]}},"_links":{"self":[{"href":"https:\/\/www.giessegi.com\/es\/wp-json\/wp\/v2\/product\/45440","targetHints":{"allow":["GET"]}}],"collection":[{"href":"https:\/\/www.giessegi.com\/es\/wp-json\/wp\/v2\/product"}],"about":[{"href":"https:\/\/www.giessegi.com\/es\/wp-json\/wp\/v2\/types\/product"}],"wp:featuredmedia":[{"embeddable":true,"href":"https:\/\/www.giessegi.com\/es\/wp-json\/wp\/v2\/media\/49943"}],"wp:attachment":[{"href":"https:\/\/www.giessegi.com\/es\/wp-json\/wp\/v2\/media?parent=45440"}],"wp:term":[{"taxonomy":"product_brand","embeddable":true,"href":"https:\/\/www.giessegi.com\/es\/wp-json\/wp\/v2\/product_brand?post=45440"},{"taxonomy":"product_cat","embeddable":true,"href":"https:\/\/www.giessegi.com\/es\/wp-json\/wp\/v2\/product_cat?post=45440"},{"taxonomy":"product_tag","embeddable":true,"href":"https:\/\/www.giessegi.com\/es\/wp-json\/wp\/v2\/product_tag?post=45440"},{"taxonomy":"collezione","embeddable":true,"href":"https:\/\/www.giessegi.com\/es\/wp-json\/wp\/v2\/collezione?post=45440"}],"curies":[{"name":"wp","href":"https:\/\/api.w.org\/{rel}","templated":true}]}}