{"id":45164,"date":"2022-10-14T14:45:02","date_gmt":"2022-10-14T12:45:02","guid":{"rendered":"https:\/\/www.giessegi.com\/product\/tirler\/"},"modified":"2023-04-13T13:01:05","modified_gmt":"2023-04-13T11:01:05","slug":"tirler","status":"publish","type":"product","link":"https:\/\/www.giessegi.com\/es\/producto\/tirler\/","title":{"rendered":"TIRLER"},"content":{"rendered":"","protected":false},"excerpt":{"rendered":"<p>CHAQUETA ACOLCHADA<\/p>\n<p>&nbsp;<\/p>\n<p>Chaqueta ideal para esquiadores que buscan una<br \/>\nprenda t\u00e9cnica de m\u00e1xima protecci\u00f3n e<br \/>\ncalidez con un dise\u00f1o limpio enriquecido con detalles<br \/>\ntecnicos El acolchado ofrece protecci\u00f3n al mismo tiempo.<br \/>\nci\u00f3n t\u00e9rmica y transpiraci\u00f3n.<\/p>\n<p>Bolsillo exterior en el pecho<br \/>\nBolsillo para forfait en el extremo de la manga<br \/>\nParte inferior de la cintura y capucha ajustables con cord\u00f3n.<br \/>\n2 bolsillos con cremallera en la parte delantera, 3 bolsillos interiores 1 con cremallera<br \/>\nExtremo de la manga con pu\u00f1o interior y cierre de velcro<\/p>\n<p>&nbsp;<\/p>\n<p>A PRUEBA DE VIENTO 5\/5<br \/>\nIMPERMEABLE 5\/5<br \/>\nAISLAMIENTO 5\/5<br \/>\nTRANSPIRABILIDAD 5\/5<\/p>\n","protected":false},"featured_media":37560,"template":"","meta":[],"product_brand":[],"product_cat":[734,736,604],"product_tag":[],"collezione":[],"class_list":{"0":"post-45164","1":"product","2":"type-product","3":"status-publish","4":"has-post-thumbnail","6":"product_cat-esqui","7":"product_cat-esqui-alpino","8":"product_cat-personalizado","11":"first","12":"instock","13":"shipping-taxable","14":"product-type-simple"},"yoast_head":"<!-- This site is optimized with the Yoast SEO plugin v27.3 - https:\/\/yoast.com\/product\/yoast-seo-wordpress\/ -->\n<title>TIRLER | GSG - Giessegi<\/title>\n<meta name=\"robots\" content=\"index, follow, max-snippet:-1, max-image-preview:large, max-video-preview:-1\" \/>\n<link rel=\"canonical\" href=\"https:\/\/www.giessegi.com\/es\/producto\/tirler\/\" \/>\n<meta property=\"og:locale\" content=\"es_ES\" \/>\n<meta property=\"og:type\" content=\"article\" \/>\n<meta property=\"og:title\" content=\"TIRLER | GSG - Giessegi\" \/>\n<meta property=\"og:description\" content=\"CHAQUETA ACOLCHADA  &nbsp;  Chaqueta ideal para esquiadores que buscan una prenda t\u00e9cnica de m\u00e1xima protecci\u00f3n e calidez con un dise\u00f1o limpio enriquecido con detalles tecnicos El acolchado ofrece protecci\u00f3n al mismo tiempo. ci\u00f3n t\u00e9rmica y transpiraci\u00f3n.  Bolsillo exterior en el pecho Bolsillo para forfait en el extremo de la manga Parte inferior de la cintura y capucha ajustables con cord\u00f3n. 2 bolsillos con cremallera en la parte delantera, 3 bolsillos interiores 1 con cremallera Extremo de la manga con pu\u00f1o interior y cierre de velcro  &nbsp;  A PRUEBA DE VIENTO 5\/5 IMPERMEABLE 5\/5 AISLAMIENTO 5\/5 TRANSPIRABILIDAD 5\/5\" \/>\n<meta property=\"og:url\" content=\"https:\/\/www.giessegi.com\/es\/producto\/tirler\/\" \/>\n<meta property=\"og:site_name\" content=\"GSG - Giessegi\" \/>\n<meta property=\"article:modified_time\" content=\"2023-04-13T11:01:05+00:00\" \/>\n<meta property=\"og:image\" content=\"https:\/\/www.giessegi.com\/wp-content\/uploads\/2022\/10\/10126_fr.jpeg\" \/>\n\t<meta property=\"og:image:width\" content=\"1000\" \/>\n\t<meta property=\"og:image:height\" content=\"1000\" \/>\n\t<meta property=\"og:image:type\" content=\"image\/jpeg\" \/>\n<meta name=\"twitter:card\" content=\"summary_large_image\" \/>\n<script type=\"application\/ld+json\" class=\"yoast-schema-graph\">{\"@context\":\"https:\\\/\\\/schema.org\",\"@graph\":[{\"@type\":\"WebPage\",\"@id\":\"https:\\\/\\\/www.giessegi.com\\\/es\\\/producto\\\/tirler\\\/\",\"url\":\"https:\\\/\\\/www.giessegi.com\\\/es\\\/producto\\\/tirler\\\/\",\"name\":\"TIRLER | GSG - Giessegi\",\"isPartOf\":{\"@id\":\"https:\\\/\\\/www.giessegi.com\\\/en\\\/#website\"},\"primaryImageOfPage\":{\"@id\":\"https:\\\/\\\/www.giessegi.com\\\/es\\\/producto\\\/tirler\\\/#primaryimage\"},\"image\":{\"@id\":\"https:\\\/\\\/www.giessegi.com\\\/es\\\/producto\\\/tirler\\\/#primaryimage\"},\"thumbnailUrl\":\"https:\\\/\\\/www.giessegi.com\\\/wp-content\\\/uploads\\\/2022\\\/10\\\/10126_fr.jpeg\",\"datePublished\":\"2022-10-14T12:45:02+00:00\",\"dateModified\":\"2023-04-13T11:01:05+00:00\",\"breadcrumb\":{\"@id\":\"https:\\\/\\\/www.giessegi.com\\\/es\\\/producto\\\/tirler\\\/#breadcrumb\"},\"inLanguage\":\"es\",\"potentialAction\":[{\"@type\":\"ReadAction\",\"target\":[\"https:\\\/\\\/www.giessegi.com\\\/es\\\/producto\\\/tirler\\\/\"]}]},{\"@type\":\"ImageObject\",\"inLanguage\":\"es\",\"@id\":\"https:\\\/\\\/www.giessegi.com\\\/es\\\/producto\\\/tirler\\\/#primaryimage\",\"url\":\"https:\\\/\\\/www.giessegi.com\\\/wp-content\\\/uploads\\\/2022\\\/10\\\/10126_fr.jpeg\",\"contentUrl\":\"https:\\\/\\\/www.giessegi.com\\\/wp-content\\\/uploads\\\/2022\\\/10\\\/10126_fr.jpeg\",\"width\":1000,\"height\":1000},{\"@type\":\"BreadcrumbList\",\"@id\":\"https:\\\/\\\/www.giessegi.com\\\/es\\\/producto\\\/tirler\\\/#breadcrumb\",\"itemListElement\":[{\"@type\":\"ListItem\",\"position\":1,\"name\":\"Home\",\"item\":\"https:\\\/\\\/www.giessegi.com\\\/\"},{\"@type\":\"ListItem\",\"position\":2,\"name\":\"Products\",\"item\":\"https:\\\/\\\/www.giessegi.com\\\/en\\\/shop\\\/\"},{\"@type\":\"ListItem\",\"position\":3,\"name\":\"TIRLER\"}]},{\"@type\":\"WebSite\",\"@id\":\"https:\\\/\\\/www.giessegi.com\\\/en\\\/#website\",\"url\":\"https:\\\/\\\/www.giessegi.com\\\/en\\\/\",\"name\":\"Giessegi\",\"description\":\"\",\"publisher\":{\"@id\":\"https:\\\/\\\/www.giessegi.com\\\/en\\\/#organization\"},\"potentialAction\":[{\"@type\":\"SearchAction\",\"target\":{\"@type\":\"EntryPoint\",\"urlTemplate\":\"https:\\\/\\\/www.giessegi.com\\\/en\\\/?s={search_term_string}\"},\"query-input\":{\"@type\":\"PropertyValueSpecification\",\"valueRequired\":true,\"valueName\":\"search_term_string\"}}],\"inLanguage\":\"es\"},{\"@type\":\"Organization\",\"@id\":\"https:\\\/\\\/www.giessegi.com\\\/en\\\/#organization\",\"name\":\"Giessegi\",\"url\":\"https:\\\/\\\/www.giessegi.com\\\/en\\\/\",\"logo\":{\"@type\":\"ImageObject\",\"inLanguage\":\"es\",\"@id\":\"https:\\\/\\\/www.giessegi.com\\\/en\\\/#\\\/schema\\\/logo\\\/image\\\/\",\"url\":\"https:\\\/\\\/www.giessegi.com\\\/wp-content\\\/uploads\\\/2022\\\/09\\\/giessegi-logo.jpeg\",\"contentUrl\":\"https:\\\/\\\/www.giessegi.com\\\/wp-content\\\/uploads\\\/2022\\\/09\\\/giessegi-logo.jpeg\",\"width\":175,\"height\":77,\"caption\":\"Giessegi\"},\"image\":{\"@id\":\"https:\\\/\\\/www.giessegi.com\\\/en\\\/#\\\/schema\\\/logo\\\/image\\\/\"}}]}<\/script>\n<!-- \/ Yoast SEO plugin. -->","yoast_head_json":{"title":"TIRLER | GSG - Giessegi","robots":{"index":"index","follow":"follow","max-snippet":"max-snippet:-1","max-image-preview":"max-image-preview:large","max-video-preview":"max-video-preview:-1"},"canonical":"https:\/\/www.giessegi.com\/es\/producto\/tirler\/","og_locale":"es_ES","og_type":"article","og_title":"TIRLER | GSG - Giessegi","og_description":"CHAQUETA ACOLCHADA  &nbsp;  Chaqueta ideal para esquiadores que buscan una prenda t\u00e9cnica de m\u00e1xima protecci\u00f3n e calidez con un dise\u00f1o limpio enriquecido con detalles tecnicos El acolchado ofrece protecci\u00f3n al mismo tiempo. ci\u00f3n t\u00e9rmica y transpiraci\u00f3n.  Bolsillo exterior en el pecho Bolsillo para forfait en el extremo de la manga Parte inferior de la cintura y capucha ajustables con cord\u00f3n. 2 bolsillos con cremallera en la parte delantera, 3 bolsillos interiores 1 con cremallera Extremo de la manga con pu\u00f1o interior y cierre de velcro  &nbsp;  A PRUEBA DE VIENTO 5\/5 IMPERMEABLE 5\/5 AISLAMIENTO 5\/5 TRANSPIRABILIDAD 5\/5","og_url":"https:\/\/www.giessegi.com\/es\/producto\/tirler\/","og_site_name":"GSG - Giessegi","article_modified_time":"2023-04-13T11:01:05+00:00","og_image":[{"width":1000,"height":1000,"url":"https:\/\/www.giessegi.com\/wp-content\/uploads\/2022\/10\/10126_fr.jpeg","type":"image\/jpeg"}],"twitter_card":"summary_large_image","schema":{"@context":"https:\/\/schema.org","@graph":[{"@type":"WebPage","@id":"https:\/\/www.giessegi.com\/es\/producto\/tirler\/","url":"https:\/\/www.giessegi.com\/es\/producto\/tirler\/","name":"TIRLER | GSG - Giessegi","isPartOf":{"@id":"https:\/\/www.giessegi.com\/en\/#website"},"primaryImageOfPage":{"@id":"https:\/\/www.giessegi.com\/es\/producto\/tirler\/#primaryimage"},"image":{"@id":"https:\/\/www.giessegi.com\/es\/producto\/tirler\/#primaryimage"},"thumbnailUrl":"https:\/\/www.giessegi.com\/wp-content\/uploads\/2022\/10\/10126_fr.jpeg","datePublished":"2022-10-14T12:45:02+00:00","dateModified":"2023-04-13T11:01:05+00:00","breadcrumb":{"@id":"https:\/\/www.giessegi.com\/es\/producto\/tirler\/#breadcrumb"},"inLanguage":"es","potentialAction":[{"@type":"ReadAction","target":["https:\/\/www.giessegi.com\/es\/producto\/tirler\/"]}]},{"@type":"ImageObject","inLanguage":"es","@id":"https:\/\/www.giessegi.com\/es\/producto\/tirler\/#primaryimage","url":"https:\/\/www.giessegi.com\/wp-content\/uploads\/2022\/10\/10126_fr.jpeg","contentUrl":"https:\/\/www.giessegi.com\/wp-content\/uploads\/2022\/10\/10126_fr.jpeg","width":1000,"height":1000},{"@type":"BreadcrumbList","@id":"https:\/\/www.giessegi.com\/es\/producto\/tirler\/#breadcrumb","itemListElement":[{"@type":"ListItem","position":1,"name":"Home","item":"https:\/\/www.giessegi.com\/"},{"@type":"ListItem","position":2,"name":"Products","item":"https:\/\/www.giessegi.com\/en\/shop\/"},{"@type":"ListItem","position":3,"name":"TIRLER"}]},{"@type":"WebSite","@id":"https:\/\/www.giessegi.com\/en\/#website","url":"https:\/\/www.giessegi.com\/en\/","name":"Giessegi","description":"","publisher":{"@id":"https:\/\/www.giessegi.com\/en\/#organization"},"potentialAction":[{"@type":"SearchAction","target":{"@type":"EntryPoint","urlTemplate":"https:\/\/www.giessegi.com\/en\/?s={search_term_string}"},"query-input":{"@type":"PropertyValueSpecification","valueRequired":true,"valueName":"search_term_string"}}],"inLanguage":"es"},{"@type":"Organization","@id":"https:\/\/www.giessegi.com\/en\/#organization","name":"Giessegi","url":"https:\/\/www.giessegi.com\/en\/","logo":{"@type":"ImageObject","inLanguage":"es","@id":"https:\/\/www.giessegi.com\/en\/#\/schema\/logo\/image\/","url":"https:\/\/www.giessegi.com\/wp-content\/uploads\/2022\/09\/giessegi-logo.jpeg","contentUrl":"https:\/\/www.giessegi.com\/wp-content\/uploads\/2022\/09\/giessegi-logo.jpeg","width":175,"height":77,"caption":"Giessegi"},"image":{"@id":"https:\/\/www.giessegi.com\/en\/#\/schema\/logo\/image\/"}}]}},"_links":{"self":[{"href":"https:\/\/www.giessegi.com\/es\/wp-json\/wp\/v2\/product\/45164","targetHints":{"allow":["GET"]}}],"collection":[{"href":"https:\/\/www.giessegi.com\/es\/wp-json\/wp\/v2\/product"}],"about":[{"href":"https:\/\/www.giessegi.com\/es\/wp-json\/wp\/v2\/types\/product"}],"wp:featuredmedia":[{"embeddable":true,"href":"https:\/\/www.giessegi.com\/es\/wp-json\/wp\/v2\/media\/37560"}],"wp:attachment":[{"href":"https:\/\/www.giessegi.com\/es\/wp-json\/wp\/v2\/media?parent=45164"}],"wp:term":[{"taxonomy":"product_brand","embeddable":true,"href":"https:\/\/www.giessegi.com\/es\/wp-json\/wp\/v2\/product_brand?post=45164"},{"taxonomy":"product_cat","embeddable":true,"href":"https:\/\/www.giessegi.com\/es\/wp-json\/wp\/v2\/product_cat?post=45164"},{"taxonomy":"product_tag","embeddable":true,"href":"https:\/\/www.giessegi.com\/es\/wp-json\/wp\/v2\/product_tag?post=45164"},{"taxonomy":"collezione","embeddable":true,"href":"https:\/\/www.giessegi.com\/es\/wp-json\/wp\/v2\/collezione?post=45164"}],"curies":[{"name":"wp","href":"https:\/\/api.w.org\/{rel}","templated":true}]}}