{"id":44717,"date":"2022-10-17T15:22:49","date_gmt":"2022-10-17T13:22:49","guid":{"rendered":"https:\/\/www.giessegi.com\/product\/paradiso-jr\/"},"modified":"2023-04-13T12:51:55","modified_gmt":"2023-04-13T10:51:55","slug":"paradiso-jr","status":"publish","type":"product","link":"https:\/\/www.giessegi.com\/es\/producto\/paradiso-jr\/","title":{"rendered":"PARADISO JR"},"content":{"rendered":"","protected":false},"excerpt":{"rendered":"<p><strong>CHAQUETA CAPUCHA NI\u00d1O<\/strong><\/p>\n<p>&nbsp;<\/p>\n<p>Chaqueta de esqu\u00ed en tejido tricapa, impermeable, cortavientos y t\u00e9rmica.<br \/>\nEl tratamiento externo de tefl\u00f3n hace que la chaqueta sea resistente al agua y a las manchas. El tejido 60% Poli\u00e9ster y 40% Poliuretano tiene una columna de agua de 10.000 mm<br \/>\ny una transpirabilidad de 11.000 g por m2 en 24 horas.<br \/>\nEs una chaqueta ergon\u00f3mica con un ajuste ce\u00f1ido; tiene una capucha que se puede ajustar con un cord\u00f3n el\u00e1stico.<br \/>\nHay tres bolsillos delanteros con cremalleras. Hay un bolsillo en la manga izquierda para el forfait que se cierra con una cremallera invisible.<br \/>\nInternamente en la parte delantera hay un bolsillo con cremallera.<br \/>\nLos pu\u00f1os tienen cierres de velcro y un pu\u00f1o de polar hasta la mitad de la mano.<br \/>\nLa chaqueta se puede personalizar completamente con impresi\u00f3n digital.<\/p>\n<p>&nbsp;<\/p>\n<p>A PRUEBA DE VIENTO 3\/5<br \/>\nIMPERMEABLE 3\/5<br \/>\nAISLAMIENTO 3\/5<br \/>\nTRANSPIRABILIDAD 3\/5<\/p>\n","protected":false},"featured_media":49684,"template":"","meta":[],"product_brand":[],"product_cat":[734,736,604],"product_tag":[],"collezione":[],"class_list":{"0":"post-44717","1":"product","2":"type-product","3":"status-publish","4":"has-post-thumbnail","6":"product_cat-esqui","7":"product_cat-esqui-alpino","8":"product_cat-personalizado","11":"first","12":"instock","13":"shipping-taxable","14":"product-type-simple"},"yoast_head":"<!-- This site is optimized with the Yoast SEO plugin v27.3 - https:\/\/yoast.com\/product\/yoast-seo-wordpress\/ -->\n<title>PARADISO JR | GSG - Giessegi<\/title>\n<meta name=\"robots\" content=\"index, follow, max-snippet:-1, max-image-preview:large, max-video-preview:-1\" \/>\n<link rel=\"canonical\" href=\"https:\/\/www.giessegi.com\/es\/producto\/paradiso-jr\/\" \/>\n<meta property=\"og:locale\" content=\"es_ES\" \/>\n<meta property=\"og:type\" content=\"article\" \/>\n<meta property=\"og:title\" content=\"PARADISO JR | GSG - Giessegi\" \/>\n<meta property=\"og:description\" content=\"CHAQUETA CAPUCHA NI\u00d1O  &nbsp;  Chaqueta de esqu\u00ed en tejido tricapa, impermeable, cortavientos y t\u00e9rmica. El tratamiento externo de tefl\u00f3n hace que la chaqueta sea resistente al agua y a las manchas. El tejido 60% Poli\u00e9ster y 40% Poliuretano tiene una columna de agua de 10.000 mm y una transpirabilidad de 11.000 g por m2 en 24 horas. Es una chaqueta ergon\u00f3mica con un ajuste ce\u00f1ido; tiene una capucha que se puede ajustar con un cord\u00f3n el\u00e1stico. Hay tres bolsillos delanteros con cremalleras. Hay un bolsillo en la manga izquierda para el forfait que se cierra con una cremallera invisible. Internamente en la parte delantera hay un bolsillo con cremallera. Los pu\u00f1os tienen cierres de velcro y un pu\u00f1o de polar hasta la mitad de la mano. La chaqueta se puede personalizar completamente con impresi\u00f3n digital.  &nbsp;  A PRUEBA DE VIENTO 3\/5 IMPERMEABLE 3\/5 AISLAMIENTO 3\/5 TRANSPIRABILIDAD 3\/5\" \/>\n<meta property=\"og:url\" content=\"https:\/\/www.giessegi.com\/es\/producto\/paradiso-jr\/\" \/>\n<meta property=\"og:site_name\" content=\"GSG - Giessegi\" \/>\n<meta property=\"article:modified_time\" content=\"2023-04-13T10:51:55+00:00\" \/>\n<meta property=\"og:image\" content=\"https:\/\/www.giessegi.com\/wp-content\/uploads\/2022\/10\/10174_ParadisoJR_fronte.jpg\" \/>\n\t<meta property=\"og:image:width\" content=\"1000\" \/>\n\t<meta property=\"og:image:height\" content=\"1000\" \/>\n\t<meta property=\"og:image:type\" content=\"image\/jpeg\" \/>\n<meta name=\"twitter:card\" content=\"summary_large_image\" \/>\n<script type=\"application\/ld+json\" class=\"yoast-schema-graph\">{\"@context\":\"https:\\\/\\\/schema.org\",\"@graph\":[{\"@type\":\"WebPage\",\"@id\":\"https:\\\/\\\/www.giessegi.com\\\/es\\\/producto\\\/paradiso-jr\\\/\",\"url\":\"https:\\\/\\\/www.giessegi.com\\\/es\\\/producto\\\/paradiso-jr\\\/\",\"name\":\"PARADISO JR | GSG - Giessegi\",\"isPartOf\":{\"@id\":\"https:\\\/\\\/www.giessegi.com\\\/en\\\/#website\"},\"primaryImageOfPage\":{\"@id\":\"https:\\\/\\\/www.giessegi.com\\\/es\\\/producto\\\/paradiso-jr\\\/#primaryimage\"},\"image\":{\"@id\":\"https:\\\/\\\/www.giessegi.com\\\/es\\\/producto\\\/paradiso-jr\\\/#primaryimage\"},\"thumbnailUrl\":\"https:\\\/\\\/www.giessegi.com\\\/wp-content\\\/uploads\\\/2022\\\/10\\\/10174_ParadisoJR_fronte.jpg\",\"datePublished\":\"2022-10-17T13:22:49+00:00\",\"dateModified\":\"2023-04-13T10:51:55+00:00\",\"breadcrumb\":{\"@id\":\"https:\\\/\\\/www.giessegi.com\\\/es\\\/producto\\\/paradiso-jr\\\/#breadcrumb\"},\"inLanguage\":\"es\",\"potentialAction\":[{\"@type\":\"ReadAction\",\"target\":[\"https:\\\/\\\/www.giessegi.com\\\/es\\\/producto\\\/paradiso-jr\\\/\"]}]},{\"@type\":\"ImageObject\",\"inLanguage\":\"es\",\"@id\":\"https:\\\/\\\/www.giessegi.com\\\/es\\\/producto\\\/paradiso-jr\\\/#primaryimage\",\"url\":\"https:\\\/\\\/www.giessegi.com\\\/wp-content\\\/uploads\\\/2022\\\/10\\\/10174_ParadisoJR_fronte.jpg\",\"contentUrl\":\"https:\\\/\\\/www.giessegi.com\\\/wp-content\\\/uploads\\\/2022\\\/10\\\/10174_ParadisoJR_fronte.jpg\",\"width\":1000,\"height\":1000},{\"@type\":\"BreadcrumbList\",\"@id\":\"https:\\\/\\\/www.giessegi.com\\\/es\\\/producto\\\/paradiso-jr\\\/#breadcrumb\",\"itemListElement\":[{\"@type\":\"ListItem\",\"position\":1,\"name\":\"Home\",\"item\":\"https:\\\/\\\/www.giessegi.com\\\/es\\\/\"},{\"@type\":\"ListItem\",\"position\":2,\"name\":\"Products\",\"item\":\"https:\\\/\\\/www.giessegi.com\\\/en\\\/shop\\\/\"},{\"@type\":\"ListItem\",\"position\":3,\"name\":\"PARADISO JR\"}]},{\"@type\":\"WebSite\",\"@id\":\"https:\\\/\\\/www.giessegi.com\\\/en\\\/#website\",\"url\":\"https:\\\/\\\/www.giessegi.com\\\/en\\\/\",\"name\":\"Giessegi\",\"description\":\"\",\"publisher\":{\"@id\":\"https:\\\/\\\/www.giessegi.com\\\/en\\\/#organization\"},\"potentialAction\":[{\"@type\":\"SearchAction\",\"target\":{\"@type\":\"EntryPoint\",\"urlTemplate\":\"https:\\\/\\\/www.giessegi.com\\\/en\\\/?s={search_term_string}\"},\"query-input\":{\"@type\":\"PropertyValueSpecification\",\"valueRequired\":true,\"valueName\":\"search_term_string\"}}],\"inLanguage\":\"es\"},{\"@type\":\"Organization\",\"@id\":\"https:\\\/\\\/www.giessegi.com\\\/en\\\/#organization\",\"name\":\"Giessegi\",\"url\":\"https:\\\/\\\/www.giessegi.com\\\/en\\\/\",\"logo\":{\"@type\":\"ImageObject\",\"inLanguage\":\"es\",\"@id\":\"https:\\\/\\\/www.giessegi.com\\\/en\\\/#\\\/schema\\\/logo\\\/image\\\/\",\"url\":\"https:\\\/\\\/www.giessegi.com\\\/wp-content\\\/uploads\\\/2022\\\/09\\\/giessegi-logo.jpeg\",\"contentUrl\":\"https:\\\/\\\/www.giessegi.com\\\/wp-content\\\/uploads\\\/2022\\\/09\\\/giessegi-logo.jpeg\",\"width\":175,\"height\":77,\"caption\":\"Giessegi\"},\"image\":{\"@id\":\"https:\\\/\\\/www.giessegi.com\\\/en\\\/#\\\/schema\\\/logo\\\/image\\\/\"}}]}<\/script>\n<!-- \/ Yoast SEO plugin. -->","yoast_head_json":{"title":"PARADISO JR | GSG - Giessegi","robots":{"index":"index","follow":"follow","max-snippet":"max-snippet:-1","max-image-preview":"max-image-preview:large","max-video-preview":"max-video-preview:-1"},"canonical":"https:\/\/www.giessegi.com\/es\/producto\/paradiso-jr\/","og_locale":"es_ES","og_type":"article","og_title":"PARADISO JR | GSG - Giessegi","og_description":"CHAQUETA CAPUCHA NI\u00d1O  &nbsp;  Chaqueta de esqu\u00ed en tejido tricapa, impermeable, cortavientos y t\u00e9rmica. El tratamiento externo de tefl\u00f3n hace que la chaqueta sea resistente al agua y a las manchas. El tejido 60% Poli\u00e9ster y 40% Poliuretano tiene una columna de agua de 10.000 mm y una transpirabilidad de 11.000 g por m2 en 24 horas. Es una chaqueta ergon\u00f3mica con un ajuste ce\u00f1ido; tiene una capucha que se puede ajustar con un cord\u00f3n el\u00e1stico. Hay tres bolsillos delanteros con cremalleras. Hay un bolsillo en la manga izquierda para el forfait que se cierra con una cremallera invisible. Internamente en la parte delantera hay un bolsillo con cremallera. Los pu\u00f1os tienen cierres de velcro y un pu\u00f1o de polar hasta la mitad de la mano. La chaqueta se puede personalizar completamente con impresi\u00f3n digital.  &nbsp;  A PRUEBA DE VIENTO 3\/5 IMPERMEABLE 3\/5 AISLAMIENTO 3\/5 TRANSPIRABILIDAD 3\/5","og_url":"https:\/\/www.giessegi.com\/es\/producto\/paradiso-jr\/","og_site_name":"GSG - Giessegi","article_modified_time":"2023-04-13T10:51:55+00:00","og_image":[{"width":1000,"height":1000,"url":"https:\/\/www.giessegi.com\/wp-content\/uploads\/2022\/10\/10174_ParadisoJR_fronte.jpg","type":"image\/jpeg"}],"twitter_card":"summary_large_image","schema":{"@context":"https:\/\/schema.org","@graph":[{"@type":"WebPage","@id":"https:\/\/www.giessegi.com\/es\/producto\/paradiso-jr\/","url":"https:\/\/www.giessegi.com\/es\/producto\/paradiso-jr\/","name":"PARADISO JR | GSG - Giessegi","isPartOf":{"@id":"https:\/\/www.giessegi.com\/en\/#website"},"primaryImageOfPage":{"@id":"https:\/\/www.giessegi.com\/es\/producto\/paradiso-jr\/#primaryimage"},"image":{"@id":"https:\/\/www.giessegi.com\/es\/producto\/paradiso-jr\/#primaryimage"},"thumbnailUrl":"https:\/\/www.giessegi.com\/wp-content\/uploads\/2022\/10\/10174_ParadisoJR_fronte.jpg","datePublished":"2022-10-17T13:22:49+00:00","dateModified":"2023-04-13T10:51:55+00:00","breadcrumb":{"@id":"https:\/\/www.giessegi.com\/es\/producto\/paradiso-jr\/#breadcrumb"},"inLanguage":"es","potentialAction":[{"@type":"ReadAction","target":["https:\/\/www.giessegi.com\/es\/producto\/paradiso-jr\/"]}]},{"@type":"ImageObject","inLanguage":"es","@id":"https:\/\/www.giessegi.com\/es\/producto\/paradiso-jr\/#primaryimage","url":"https:\/\/www.giessegi.com\/wp-content\/uploads\/2022\/10\/10174_ParadisoJR_fronte.jpg","contentUrl":"https:\/\/www.giessegi.com\/wp-content\/uploads\/2022\/10\/10174_ParadisoJR_fronte.jpg","width":1000,"height":1000},{"@type":"BreadcrumbList","@id":"https:\/\/www.giessegi.com\/es\/producto\/paradiso-jr\/#breadcrumb","itemListElement":[{"@type":"ListItem","position":1,"name":"Home","item":"https:\/\/www.giessegi.com\/es\/"},{"@type":"ListItem","position":2,"name":"Products","item":"https:\/\/www.giessegi.com\/en\/shop\/"},{"@type":"ListItem","position":3,"name":"PARADISO JR"}]},{"@type":"WebSite","@id":"https:\/\/www.giessegi.com\/en\/#website","url":"https:\/\/www.giessegi.com\/en\/","name":"Giessegi","description":"","publisher":{"@id":"https:\/\/www.giessegi.com\/en\/#organization"},"potentialAction":[{"@type":"SearchAction","target":{"@type":"EntryPoint","urlTemplate":"https:\/\/www.giessegi.com\/en\/?s={search_term_string}"},"query-input":{"@type":"PropertyValueSpecification","valueRequired":true,"valueName":"search_term_string"}}],"inLanguage":"es"},{"@type":"Organization","@id":"https:\/\/www.giessegi.com\/en\/#organization","name":"Giessegi","url":"https:\/\/www.giessegi.com\/en\/","logo":{"@type":"ImageObject","inLanguage":"es","@id":"https:\/\/www.giessegi.com\/en\/#\/schema\/logo\/image\/","url":"https:\/\/www.giessegi.com\/wp-content\/uploads\/2022\/09\/giessegi-logo.jpeg","contentUrl":"https:\/\/www.giessegi.com\/wp-content\/uploads\/2022\/09\/giessegi-logo.jpeg","width":175,"height":77,"caption":"Giessegi"},"image":{"@id":"https:\/\/www.giessegi.com\/en\/#\/schema\/logo\/image\/"}}]}},"_links":{"self":[{"href":"https:\/\/www.giessegi.com\/es\/wp-json\/wp\/v2\/product\/44717","targetHints":{"allow":["GET"]}}],"collection":[{"href":"https:\/\/www.giessegi.com\/es\/wp-json\/wp\/v2\/product"}],"about":[{"href":"https:\/\/www.giessegi.com\/es\/wp-json\/wp\/v2\/types\/product"}],"wp:featuredmedia":[{"embeddable":true,"href":"https:\/\/www.giessegi.com\/es\/wp-json\/wp\/v2\/media\/49684"}],"wp:attachment":[{"href":"https:\/\/www.giessegi.com\/es\/wp-json\/wp\/v2\/media?parent=44717"}],"wp:term":[{"taxonomy":"product_brand","embeddable":true,"href":"https:\/\/www.giessegi.com\/es\/wp-json\/wp\/v2\/product_brand?post=44717"},{"taxonomy":"product_cat","embeddable":true,"href":"https:\/\/www.giessegi.com\/es\/wp-json\/wp\/v2\/product_cat?post=44717"},{"taxonomy":"product_tag","embeddable":true,"href":"https:\/\/www.giessegi.com\/es\/wp-json\/wp\/v2\/product_tag?post=44717"},{"taxonomy":"collezione","embeddable":true,"href":"https:\/\/www.giessegi.com\/es\/wp-json\/wp\/v2\/collezione?post=44717"}],"curies":[{"name":"wp","href":"https:\/\/api.w.org\/{rel}","templated":true}]}}