{"id":44663,"date":"2022-10-17T15:22:44","date_gmt":"2022-10-17T13:22:44","guid":{"rendered":"https:\/\/www.giessegi.com\/product\/olimpia-jr\/"},"modified":"2023-04-13T12:51:30","modified_gmt":"2023-04-13T10:51:30","slug":"olimpia-jr","status":"publish","type":"product","link":"https:\/\/www.giessegi.com\/es\/producto\/olimpia-jr\/","title":{"rendered":"OLIMPIA JR"},"content":{"rendered":"","protected":false},"excerpt":{"rendered":"<p>CHAQUETA DE CALENTAMIENTO PARA NI\u00d1OS<\/p>\n<p>&nbsp;<\/p>\n<p>Chaqueta overol en tejido de tres capas. El tejido principal es 95% poli\u00e9ster y 5% poliuretano, la parte interna es de tejido 100% poli\u00e9ster peinado para garantizar la m\u00e1xima calidez, suavidad y comodidad.<br \/>\nEl material tiene una columna de agua de 10.000 mm y una transpirabilidad de 15.000 gr\/m2 en 24 horas; esto garantiza una excelente protecci\u00f3n contra el viento, la nieve y la lluvia.<br \/>\nLa chaqueta es transpirable, c\u00e1lida y ligera al mismo tiempo.<br \/>\nLas inserciones en tejido Kardak, una resina 100% poli\u00e9ster con tratamiento de poliuretano, sirven para reforzar las mangas y los hombros.<br \/>\nHay dos pr\u00e1cticos bolsillos con cremallera y un bolsillo para pases de esqu\u00ed en la manga izquierda.<br \/>\nLa chaqueta se puede personalizar completamente con impresi\u00f3n digital.<\/p>\n<p>&nbsp;<\/p>\n<p>A PRUEBA DE VIENTO 5\/5<br \/>\nIMPERMEABLE 4\/5<br \/>\nAISLAMIENTO 5\/5<br \/>\nTRANSPIRABILIDAD 5\/5<\/p>\n","protected":false},"featured_media":37699,"template":"","meta":[],"product_brand":[],"product_cat":[734,736,604],"product_tag":[],"collezione":[],"class_list":{"0":"post-44663","1":"product","2":"type-product","3":"status-publish","4":"has-post-thumbnail","6":"product_cat-esqui","7":"product_cat-esqui-alpino","8":"product_cat-personalizado","11":"first","12":"instock","13":"shipping-taxable","14":"product-type-simple"},"yoast_head":"<!-- This site is optimized with the Yoast SEO plugin v27.3 - https:\/\/yoast.com\/product\/yoast-seo-wordpress\/ -->\n<title>OLIMPIA JR | GSG - Giessegi<\/title>\n<meta name=\"robots\" content=\"index, follow, max-snippet:-1, max-image-preview:large, max-video-preview:-1\" \/>\n<link rel=\"canonical\" href=\"https:\/\/www.giessegi.com\/es\/producto\/olimpia-jr\/\" \/>\n<meta property=\"og:locale\" content=\"es_ES\" \/>\n<meta property=\"og:type\" content=\"article\" \/>\n<meta property=\"og:title\" content=\"OLIMPIA JR | GSG - Giessegi\" \/>\n<meta property=\"og:description\" content=\"CHAQUETA DE CALENTAMIENTO PARA NI\u00d1OS  &nbsp;  Chaqueta overol en tejido de tres capas. El tejido principal es 95% poli\u00e9ster y 5% poliuretano, la parte interna es de tejido 100% poli\u00e9ster peinado para garantizar la m\u00e1xima calidez, suavidad y comodidad. El material tiene una columna de agua de 10.000 mm y una transpirabilidad de 15.000 gr\/m2 en 24 horas; esto garantiza una excelente protecci\u00f3n contra el viento, la nieve y la lluvia. La chaqueta es transpirable, c\u00e1lida y ligera al mismo tiempo. Las inserciones en tejido Kardak, una resina 100% poli\u00e9ster con tratamiento de poliuretano, sirven para reforzar las mangas y los hombros. Hay dos pr\u00e1cticos bolsillos con cremallera y un bolsillo para pases de esqu\u00ed en la manga izquierda. La chaqueta se puede personalizar completamente con impresi\u00f3n digital.  &nbsp;  A PRUEBA DE VIENTO 5\/5 IMPERMEABLE 4\/5 AISLAMIENTO 5\/5 TRANSPIRABILIDAD 5\/5\" \/>\n<meta property=\"og:url\" content=\"https:\/\/www.giessegi.com\/es\/producto\/olimpia-jr\/\" \/>\n<meta property=\"og:site_name\" content=\"GSG - Giessegi\" \/>\n<meta property=\"article:modified_time\" content=\"2023-04-13T10:51:30+00:00\" \/>\n<meta property=\"og:image\" content=\"https:\/\/www.giessegi.com\/wp-content\/uploads\/2022\/10\/10138_10146_fr_3.jpeg\" \/>\n\t<meta property=\"og:image:width\" content=\"1000\" \/>\n\t<meta property=\"og:image:height\" content=\"1000\" \/>\n\t<meta property=\"og:image:type\" content=\"image\/jpeg\" \/>\n<meta name=\"twitter:card\" content=\"summary_large_image\" \/>\n<script type=\"application\/ld+json\" class=\"yoast-schema-graph\">{\"@context\":\"https:\\\/\\\/schema.org\",\"@graph\":[{\"@type\":\"WebPage\",\"@id\":\"https:\\\/\\\/www.giessegi.com\\\/es\\\/producto\\\/olimpia-jr\\\/\",\"url\":\"https:\\\/\\\/www.giessegi.com\\\/es\\\/producto\\\/olimpia-jr\\\/\",\"name\":\"OLIMPIA JR | GSG - Giessegi\",\"isPartOf\":{\"@id\":\"https:\\\/\\\/www.giessegi.com\\\/en\\\/#website\"},\"primaryImageOfPage\":{\"@id\":\"https:\\\/\\\/www.giessegi.com\\\/es\\\/producto\\\/olimpia-jr\\\/#primaryimage\"},\"image\":{\"@id\":\"https:\\\/\\\/www.giessegi.com\\\/es\\\/producto\\\/olimpia-jr\\\/#primaryimage\"},\"thumbnailUrl\":\"https:\\\/\\\/www.giessegi.com\\\/wp-content\\\/uploads\\\/2022\\\/10\\\/10138_10146_fr_3.jpeg\",\"datePublished\":\"2022-10-17T13:22:44+00:00\",\"dateModified\":\"2023-04-13T10:51:30+00:00\",\"breadcrumb\":{\"@id\":\"https:\\\/\\\/www.giessegi.com\\\/es\\\/producto\\\/olimpia-jr\\\/#breadcrumb\"},\"inLanguage\":\"es\",\"potentialAction\":[{\"@type\":\"ReadAction\",\"target\":[\"https:\\\/\\\/www.giessegi.com\\\/es\\\/producto\\\/olimpia-jr\\\/\"]}]},{\"@type\":\"ImageObject\",\"inLanguage\":\"es\",\"@id\":\"https:\\\/\\\/www.giessegi.com\\\/es\\\/producto\\\/olimpia-jr\\\/#primaryimage\",\"url\":\"https:\\\/\\\/www.giessegi.com\\\/wp-content\\\/uploads\\\/2022\\\/10\\\/10138_10146_fr_3.jpeg\",\"contentUrl\":\"https:\\\/\\\/www.giessegi.com\\\/wp-content\\\/uploads\\\/2022\\\/10\\\/10138_10146_fr_3.jpeg\",\"width\":1000,\"height\":1000},{\"@type\":\"BreadcrumbList\",\"@id\":\"https:\\\/\\\/www.giessegi.com\\\/es\\\/producto\\\/olimpia-jr\\\/#breadcrumb\",\"itemListElement\":[{\"@type\":\"ListItem\",\"position\":1,\"name\":\"Home\",\"item\":\"https:\\\/\\\/www.giessegi.com\\\/\"},{\"@type\":\"ListItem\",\"position\":2,\"name\":\"Products\",\"item\":\"https:\\\/\\\/www.giessegi.com\\\/en\\\/shop\\\/\"},{\"@type\":\"ListItem\",\"position\":3,\"name\":\"OLIMPIA JR\"}]},{\"@type\":\"WebSite\",\"@id\":\"https:\\\/\\\/www.giessegi.com\\\/en\\\/#website\",\"url\":\"https:\\\/\\\/www.giessegi.com\\\/en\\\/\",\"name\":\"Giessegi\",\"description\":\"\",\"publisher\":{\"@id\":\"https:\\\/\\\/www.giessegi.com\\\/en\\\/#organization\"},\"potentialAction\":[{\"@type\":\"SearchAction\",\"target\":{\"@type\":\"EntryPoint\",\"urlTemplate\":\"https:\\\/\\\/www.giessegi.com\\\/en\\\/?s={search_term_string}\"},\"query-input\":{\"@type\":\"PropertyValueSpecification\",\"valueRequired\":true,\"valueName\":\"search_term_string\"}}],\"inLanguage\":\"es\"},{\"@type\":\"Organization\",\"@id\":\"https:\\\/\\\/www.giessegi.com\\\/en\\\/#organization\",\"name\":\"Giessegi\",\"url\":\"https:\\\/\\\/www.giessegi.com\\\/en\\\/\",\"logo\":{\"@type\":\"ImageObject\",\"inLanguage\":\"es\",\"@id\":\"https:\\\/\\\/www.giessegi.com\\\/en\\\/#\\\/schema\\\/logo\\\/image\\\/\",\"url\":\"https:\\\/\\\/www.giessegi.com\\\/wp-content\\\/uploads\\\/2022\\\/09\\\/giessegi-logo.jpeg\",\"contentUrl\":\"https:\\\/\\\/www.giessegi.com\\\/wp-content\\\/uploads\\\/2022\\\/09\\\/giessegi-logo.jpeg\",\"width\":175,\"height\":77,\"caption\":\"Giessegi\"},\"image\":{\"@id\":\"https:\\\/\\\/www.giessegi.com\\\/en\\\/#\\\/schema\\\/logo\\\/image\\\/\"}}]}<\/script>\n<!-- \/ Yoast SEO plugin. -->","yoast_head_json":{"title":"OLIMPIA JR | GSG - Giessegi","robots":{"index":"index","follow":"follow","max-snippet":"max-snippet:-1","max-image-preview":"max-image-preview:large","max-video-preview":"max-video-preview:-1"},"canonical":"https:\/\/www.giessegi.com\/es\/producto\/olimpia-jr\/","og_locale":"es_ES","og_type":"article","og_title":"OLIMPIA JR | GSG - Giessegi","og_description":"CHAQUETA DE CALENTAMIENTO PARA NI\u00d1OS  &nbsp;  Chaqueta overol en tejido de tres capas. El tejido principal es 95% poli\u00e9ster y 5% poliuretano, la parte interna es de tejido 100% poli\u00e9ster peinado para garantizar la m\u00e1xima calidez, suavidad y comodidad. El material tiene una columna de agua de 10.000 mm y una transpirabilidad de 15.000 gr\/m2 en 24 horas; esto garantiza una excelente protecci\u00f3n contra el viento, la nieve y la lluvia. La chaqueta es transpirable, c\u00e1lida y ligera al mismo tiempo. Las inserciones en tejido Kardak, una resina 100% poli\u00e9ster con tratamiento de poliuretano, sirven para reforzar las mangas y los hombros. Hay dos pr\u00e1cticos bolsillos con cremallera y un bolsillo para pases de esqu\u00ed en la manga izquierda. La chaqueta se puede personalizar completamente con impresi\u00f3n digital.  &nbsp;  A PRUEBA DE VIENTO 5\/5 IMPERMEABLE 4\/5 AISLAMIENTO 5\/5 TRANSPIRABILIDAD 5\/5","og_url":"https:\/\/www.giessegi.com\/es\/producto\/olimpia-jr\/","og_site_name":"GSG - Giessegi","article_modified_time":"2023-04-13T10:51:30+00:00","og_image":[{"width":1000,"height":1000,"url":"https:\/\/www.giessegi.com\/wp-content\/uploads\/2022\/10\/10138_10146_fr_3.jpeg","type":"image\/jpeg"}],"twitter_card":"summary_large_image","schema":{"@context":"https:\/\/schema.org","@graph":[{"@type":"WebPage","@id":"https:\/\/www.giessegi.com\/es\/producto\/olimpia-jr\/","url":"https:\/\/www.giessegi.com\/es\/producto\/olimpia-jr\/","name":"OLIMPIA JR | GSG - Giessegi","isPartOf":{"@id":"https:\/\/www.giessegi.com\/en\/#website"},"primaryImageOfPage":{"@id":"https:\/\/www.giessegi.com\/es\/producto\/olimpia-jr\/#primaryimage"},"image":{"@id":"https:\/\/www.giessegi.com\/es\/producto\/olimpia-jr\/#primaryimage"},"thumbnailUrl":"https:\/\/www.giessegi.com\/wp-content\/uploads\/2022\/10\/10138_10146_fr_3.jpeg","datePublished":"2022-10-17T13:22:44+00:00","dateModified":"2023-04-13T10:51:30+00:00","breadcrumb":{"@id":"https:\/\/www.giessegi.com\/es\/producto\/olimpia-jr\/#breadcrumb"},"inLanguage":"es","potentialAction":[{"@type":"ReadAction","target":["https:\/\/www.giessegi.com\/es\/producto\/olimpia-jr\/"]}]},{"@type":"ImageObject","inLanguage":"es","@id":"https:\/\/www.giessegi.com\/es\/producto\/olimpia-jr\/#primaryimage","url":"https:\/\/www.giessegi.com\/wp-content\/uploads\/2022\/10\/10138_10146_fr_3.jpeg","contentUrl":"https:\/\/www.giessegi.com\/wp-content\/uploads\/2022\/10\/10138_10146_fr_3.jpeg","width":1000,"height":1000},{"@type":"BreadcrumbList","@id":"https:\/\/www.giessegi.com\/es\/producto\/olimpia-jr\/#breadcrumb","itemListElement":[{"@type":"ListItem","position":1,"name":"Home","item":"https:\/\/www.giessegi.com\/"},{"@type":"ListItem","position":2,"name":"Products","item":"https:\/\/www.giessegi.com\/en\/shop\/"},{"@type":"ListItem","position":3,"name":"OLIMPIA JR"}]},{"@type":"WebSite","@id":"https:\/\/www.giessegi.com\/en\/#website","url":"https:\/\/www.giessegi.com\/en\/","name":"Giessegi","description":"","publisher":{"@id":"https:\/\/www.giessegi.com\/en\/#organization"},"potentialAction":[{"@type":"SearchAction","target":{"@type":"EntryPoint","urlTemplate":"https:\/\/www.giessegi.com\/en\/?s={search_term_string}"},"query-input":{"@type":"PropertyValueSpecification","valueRequired":true,"valueName":"search_term_string"}}],"inLanguage":"es"},{"@type":"Organization","@id":"https:\/\/www.giessegi.com\/en\/#organization","name":"Giessegi","url":"https:\/\/www.giessegi.com\/en\/","logo":{"@type":"ImageObject","inLanguage":"es","@id":"https:\/\/www.giessegi.com\/en\/#\/schema\/logo\/image\/","url":"https:\/\/www.giessegi.com\/wp-content\/uploads\/2022\/09\/giessegi-logo.jpeg","contentUrl":"https:\/\/www.giessegi.com\/wp-content\/uploads\/2022\/09\/giessegi-logo.jpeg","width":175,"height":77,"caption":"Giessegi"},"image":{"@id":"https:\/\/www.giessegi.com\/en\/#\/schema\/logo\/image\/"}}]}},"_links":{"self":[{"href":"https:\/\/www.giessegi.com\/es\/wp-json\/wp\/v2\/product\/44663","targetHints":{"allow":["GET"]}}],"collection":[{"href":"https:\/\/www.giessegi.com\/es\/wp-json\/wp\/v2\/product"}],"about":[{"href":"https:\/\/www.giessegi.com\/es\/wp-json\/wp\/v2\/types\/product"}],"wp:featuredmedia":[{"embeddable":true,"href":"https:\/\/www.giessegi.com\/es\/wp-json\/wp\/v2\/media\/37699"}],"wp:attachment":[{"href":"https:\/\/www.giessegi.com\/es\/wp-json\/wp\/v2\/media?parent=44663"}],"wp:term":[{"taxonomy":"product_brand","embeddable":true,"href":"https:\/\/www.giessegi.com\/es\/wp-json\/wp\/v2\/product_brand?post=44663"},{"taxonomy":"product_cat","embeddable":true,"href":"https:\/\/www.giessegi.com\/es\/wp-json\/wp\/v2\/product_cat?post=44663"},{"taxonomy":"product_tag","embeddable":true,"href":"https:\/\/www.giessegi.com\/es\/wp-json\/wp\/v2\/product_tag?post=44663"},{"taxonomy":"collezione","embeddable":true,"href":"https:\/\/www.giessegi.com\/es\/wp-json\/wp\/v2\/collezione?post=44663"}],"curies":[{"name":"wp","href":"https:\/\/api.w.org\/{rel}","templated":true}]}}