{"id":44634,"date":"2022-11-16T10:30:35","date_gmt":"2022-11-16T09:30:35","guid":{"rendered":"https:\/\/www.giessegi.com\/product\/namur-warmup-calzamaglia-riscaldamento\/"},"modified":"2023-04-13T12:50:32","modified_gmt":"2023-04-13T10:50:32","slug":"namur-warmup-medias-calefactoras","status":"publish","type":"product","link":"https:\/\/www.giessegi.com\/es\/producto\/namur-warmup-medias-calefactoras\/","title":{"rendered":"NAMUR WARMUP &#8211; MEDIAS CALEFACTORAS"},"content":{"rendered":"","protected":false},"excerpt":{"rendered":"<p>Pantalones cortos de invierno de calentamiento en tejido polar biel\u00e1stico.<br \/>\nCremalleras laterales de largo completo para facilitar la quitada, con cubrecremallera con velcro en la zona de la cintura para mayor comodidad.<br \/>\nLa comodidad tambi\u00e9n est\u00e1 garantizada por las costuras planas en las bandas delanteras.<br \/>\nLa parte inferior delantera de la pierna est\u00e1 confeccionada en tejido ligero con membrana anti-agua para evitar que se moje durante el calentamiento.<br \/>\nY al final de la pierna hay un el\u00e1stico de silicona.<\/p>\n<p>Ideal para calentar en carreras de ciclocross o carreras ciclistas con puntos de salida fr\u00edos.<\/p>\n","protected":false},"featured_media":42158,"template":"","meta":[],"product_brand":[],"product_cat":[744],"product_tag":[],"collezione":[],"class_list":{"0":"post-44634","1":"product","2":"type-product","3":"status-publish","4":"has-post-thumbnail","6":"product_cat-capsule-collection-es","7":"pa_taglia-l-es","8":"pa_taglia-m-es","9":"pa_taglia-s-es","10":"pa_taglia-xs-es","11":"pa_taglia-xxl-es","12":"pa_taglia-xxs-es","15":"first","16":"instock","17":"shipping-taxable","18":"purchasable","19":"product-type-variable"},"yoast_head":"<!-- This site is optimized with the Yoast SEO plugin v27.3 - https:\/\/yoast.com\/product\/yoast-seo-wordpress\/ -->\n<title>NAMUR WARMUP - MEDIAS CALEFACTORAS | GSG - Giessegi<\/title>\n<meta name=\"robots\" content=\"index, follow, max-snippet:-1, max-image-preview:large, max-video-preview:-1\" \/>\n<link rel=\"canonical\" href=\"https:\/\/www.giessegi.com\/en\/producto\/namur-warmup-heating-tights\/\" \/>\n<meta property=\"og:locale\" content=\"es_ES\" \/>\n<meta property=\"og:type\" content=\"article\" \/>\n<meta property=\"og:title\" content=\"NAMUR WARMUP - MEDIAS CALEFACTORAS | GSG - Giessegi\" \/>\n<meta property=\"og:description\" content=\"Pantalones cortos de invierno de calentamiento en tejido polar biel\u00e1stico. Cremalleras laterales de largo completo para facilitar la quitada, con cubrecremallera con velcro en la zona de la cintura para mayor comodidad. La comodidad tambi\u00e9n est\u00e1 garantizada por las costuras planas en las bandas delanteras. La parte inferior delantera de la pierna est\u00e1 confeccionada en tejido ligero con membrana anti-agua para evitar que se moje durante el calentamiento. Y al final de la pierna hay un el\u00e1stico de silicona.  Ideal para calentar en carreras de ciclocross o carreras ciclistas con puntos de salida fr\u00edos.\" \/>\n<meta property=\"og:url\" content=\"https:\/\/www.giessegi.com\/en\/producto\/namur-warmup-heating-tights\/\" \/>\n<meta property=\"og:site_name\" content=\"GSG - Giessegi\" \/>\n<meta property=\"article:modified_time\" content=\"2023-04-13T10:50:32+00:00\" \/>\n<meta property=\"og:image\" content=\"https:\/\/www.giessegi.com\/wp-content\/uploads\/2022\/11\/namur22.jpeg\" \/>\n\t<meta property=\"og:image:width\" content=\"1000\" \/>\n\t<meta property=\"og:image:height\" content=\"1000\" \/>\n\t<meta property=\"og:image:type\" content=\"image\/jpeg\" \/>\n<meta name=\"twitter:card\" content=\"summary_large_image\" \/>\n<script type=\"application\/ld+json\" class=\"yoast-schema-graph\">{\"@context\":\"https:\\\/\\\/schema.org\",\"@graph\":[{\"@type\":\"WebPage\",\"@id\":\"https:\\\/\\\/www.giessegi.com\\\/en\\\/producto\\\/namur-warmup-heating-tights\\\/\",\"url\":\"https:\\\/\\\/www.giessegi.com\\\/en\\\/producto\\\/namur-warmup-heating-tights\\\/\",\"name\":\"NAMUR WARMUP - MEDIAS CALEFACTORAS | GSG - Giessegi\",\"isPartOf\":{\"@id\":\"https:\\\/\\\/www.giessegi.com\\\/en\\\/#website\"},\"primaryImageOfPage\":{\"@id\":\"https:\\\/\\\/www.giessegi.com\\\/en\\\/producto\\\/namur-warmup-heating-tights\\\/#primaryimage\"},\"image\":{\"@id\":\"https:\\\/\\\/www.giessegi.com\\\/en\\\/producto\\\/namur-warmup-heating-tights\\\/#primaryimage\"},\"thumbnailUrl\":\"https:\\\/\\\/www.giessegi.com\\\/wp-content\\\/uploads\\\/2022\\\/11\\\/namur22.jpeg\",\"datePublished\":\"2022-11-16T09:30:35+00:00\",\"dateModified\":\"2023-04-13T10:50:32+00:00\",\"breadcrumb\":{\"@id\":\"https:\\\/\\\/www.giessegi.com\\\/en\\\/producto\\\/namur-warmup-heating-tights\\\/#breadcrumb\"},\"inLanguage\":\"es\",\"potentialAction\":[{\"@type\":\"ReadAction\",\"target\":[\"https:\\\/\\\/www.giessegi.com\\\/en\\\/producto\\\/namur-warmup-heating-tights\\\/\"]}]},{\"@type\":\"ImageObject\",\"inLanguage\":\"es\",\"@id\":\"https:\\\/\\\/www.giessegi.com\\\/en\\\/producto\\\/namur-warmup-heating-tights\\\/#primaryimage\",\"url\":\"https:\\\/\\\/www.giessegi.com\\\/wp-content\\\/uploads\\\/2022\\\/11\\\/namur22.jpeg\",\"contentUrl\":\"https:\\\/\\\/www.giessegi.com\\\/wp-content\\\/uploads\\\/2022\\\/11\\\/namur22.jpeg\",\"width\":1000,\"height\":1000},{\"@type\":\"BreadcrumbList\",\"@id\":\"https:\\\/\\\/www.giessegi.com\\\/en\\\/producto\\\/namur-warmup-heating-tights\\\/#breadcrumb\",\"itemListElement\":[{\"@type\":\"ListItem\",\"position\":1,\"name\":\"Home\",\"item\":\"https:\\\/\\\/www.giessegi.com\\\/\"},{\"@type\":\"ListItem\",\"position\":2,\"name\":\"Products\",\"item\":\"https:\\\/\\\/www.giessegi.com\\\/en\\\/shop\\\/\"},{\"@type\":\"ListItem\",\"position\":3,\"name\":\"NAMUR WARMUP &#8211; MEDIAS CALEFACTORAS\"}]},{\"@type\":\"WebSite\",\"@id\":\"https:\\\/\\\/www.giessegi.com\\\/en\\\/#website\",\"url\":\"https:\\\/\\\/www.giessegi.com\\\/en\\\/\",\"name\":\"Giessegi\",\"description\":\"\",\"publisher\":{\"@id\":\"https:\\\/\\\/www.giessegi.com\\\/en\\\/#organization\"},\"potentialAction\":[{\"@type\":\"SearchAction\",\"target\":{\"@type\":\"EntryPoint\",\"urlTemplate\":\"https:\\\/\\\/www.giessegi.com\\\/en\\\/?s={search_term_string}\"},\"query-input\":{\"@type\":\"PropertyValueSpecification\",\"valueRequired\":true,\"valueName\":\"search_term_string\"}}],\"inLanguage\":\"es\"},{\"@type\":\"Organization\",\"@id\":\"https:\\\/\\\/www.giessegi.com\\\/en\\\/#organization\",\"name\":\"Giessegi\",\"url\":\"https:\\\/\\\/www.giessegi.com\\\/en\\\/\",\"logo\":{\"@type\":\"ImageObject\",\"inLanguage\":\"es\",\"@id\":\"https:\\\/\\\/www.giessegi.com\\\/en\\\/#\\\/schema\\\/logo\\\/image\\\/\",\"url\":\"https:\\\/\\\/www.giessegi.com\\\/wp-content\\\/uploads\\\/2022\\\/09\\\/giessegi-logo.jpeg\",\"contentUrl\":\"https:\\\/\\\/www.giessegi.com\\\/wp-content\\\/uploads\\\/2022\\\/09\\\/giessegi-logo.jpeg\",\"width\":175,\"height\":77,\"caption\":\"Giessegi\"},\"image\":{\"@id\":\"https:\\\/\\\/www.giessegi.com\\\/en\\\/#\\\/schema\\\/logo\\\/image\\\/\"}}]}<\/script>\n<!-- \/ Yoast SEO plugin. -->","yoast_head_json":{"title":"NAMUR WARMUP - MEDIAS CALEFACTORAS | GSG - Giessegi","robots":{"index":"index","follow":"follow","max-snippet":"max-snippet:-1","max-image-preview":"max-image-preview:large","max-video-preview":"max-video-preview:-1"},"canonical":"https:\/\/www.giessegi.com\/en\/producto\/namur-warmup-heating-tights\/","og_locale":"es_ES","og_type":"article","og_title":"NAMUR WARMUP - MEDIAS CALEFACTORAS | GSG - Giessegi","og_description":"Pantalones cortos de invierno de calentamiento en tejido polar biel\u00e1stico. Cremalleras laterales de largo completo para facilitar la quitada, con cubrecremallera con velcro en la zona de la cintura para mayor comodidad. La comodidad tambi\u00e9n est\u00e1 garantizada por las costuras planas en las bandas delanteras. La parte inferior delantera de la pierna est\u00e1 confeccionada en tejido ligero con membrana anti-agua para evitar que se moje durante el calentamiento. Y al final de la pierna hay un el\u00e1stico de silicona.  Ideal para calentar en carreras de ciclocross o carreras ciclistas con puntos de salida fr\u00edos.","og_url":"https:\/\/www.giessegi.com\/en\/producto\/namur-warmup-heating-tights\/","og_site_name":"GSG - Giessegi","article_modified_time":"2023-04-13T10:50:32+00:00","og_image":[{"width":1000,"height":1000,"url":"https:\/\/www.giessegi.com\/wp-content\/uploads\/2022\/11\/namur22.jpeg","type":"image\/jpeg"}],"twitter_card":"summary_large_image","schema":{"@context":"https:\/\/schema.org","@graph":[{"@type":"WebPage","@id":"https:\/\/www.giessegi.com\/en\/producto\/namur-warmup-heating-tights\/","url":"https:\/\/www.giessegi.com\/en\/producto\/namur-warmup-heating-tights\/","name":"NAMUR WARMUP - MEDIAS CALEFACTORAS | GSG - Giessegi","isPartOf":{"@id":"https:\/\/www.giessegi.com\/en\/#website"},"primaryImageOfPage":{"@id":"https:\/\/www.giessegi.com\/en\/producto\/namur-warmup-heating-tights\/#primaryimage"},"image":{"@id":"https:\/\/www.giessegi.com\/en\/producto\/namur-warmup-heating-tights\/#primaryimage"},"thumbnailUrl":"https:\/\/www.giessegi.com\/wp-content\/uploads\/2022\/11\/namur22.jpeg","datePublished":"2022-11-16T09:30:35+00:00","dateModified":"2023-04-13T10:50:32+00:00","breadcrumb":{"@id":"https:\/\/www.giessegi.com\/en\/producto\/namur-warmup-heating-tights\/#breadcrumb"},"inLanguage":"es","potentialAction":[{"@type":"ReadAction","target":["https:\/\/www.giessegi.com\/en\/producto\/namur-warmup-heating-tights\/"]}]},{"@type":"ImageObject","inLanguage":"es","@id":"https:\/\/www.giessegi.com\/en\/producto\/namur-warmup-heating-tights\/#primaryimage","url":"https:\/\/www.giessegi.com\/wp-content\/uploads\/2022\/11\/namur22.jpeg","contentUrl":"https:\/\/www.giessegi.com\/wp-content\/uploads\/2022\/11\/namur22.jpeg","width":1000,"height":1000},{"@type":"BreadcrumbList","@id":"https:\/\/www.giessegi.com\/en\/producto\/namur-warmup-heating-tights\/#breadcrumb","itemListElement":[{"@type":"ListItem","position":1,"name":"Home","item":"https:\/\/www.giessegi.com\/"},{"@type":"ListItem","position":2,"name":"Products","item":"https:\/\/www.giessegi.com\/en\/shop\/"},{"@type":"ListItem","position":3,"name":"NAMUR WARMUP &#8211; MEDIAS CALEFACTORAS"}]},{"@type":"WebSite","@id":"https:\/\/www.giessegi.com\/en\/#website","url":"https:\/\/www.giessegi.com\/en\/","name":"Giessegi","description":"","publisher":{"@id":"https:\/\/www.giessegi.com\/en\/#organization"},"potentialAction":[{"@type":"SearchAction","target":{"@type":"EntryPoint","urlTemplate":"https:\/\/www.giessegi.com\/en\/?s={search_term_string}"},"query-input":{"@type":"PropertyValueSpecification","valueRequired":true,"valueName":"search_term_string"}}],"inLanguage":"es"},{"@type":"Organization","@id":"https:\/\/www.giessegi.com\/en\/#organization","name":"Giessegi","url":"https:\/\/www.giessegi.com\/en\/","logo":{"@type":"ImageObject","inLanguage":"es","@id":"https:\/\/www.giessegi.com\/en\/#\/schema\/logo\/image\/","url":"https:\/\/www.giessegi.com\/wp-content\/uploads\/2022\/09\/giessegi-logo.jpeg","contentUrl":"https:\/\/www.giessegi.com\/wp-content\/uploads\/2022\/09\/giessegi-logo.jpeg","width":175,"height":77,"caption":"Giessegi"},"image":{"@id":"https:\/\/www.giessegi.com\/en\/#\/schema\/logo\/image\/"}}]}},"_links":{"self":[{"href":"https:\/\/www.giessegi.com\/es\/wp-json\/wp\/v2\/product\/44634","targetHints":{"allow":["GET"]}}],"collection":[{"href":"https:\/\/www.giessegi.com\/es\/wp-json\/wp\/v2\/product"}],"about":[{"href":"https:\/\/www.giessegi.com\/es\/wp-json\/wp\/v2\/types\/product"}],"wp:featuredmedia":[{"embeddable":true,"href":"https:\/\/www.giessegi.com\/es\/wp-json\/wp\/v2\/media\/42158"}],"wp:attachment":[{"href":"https:\/\/www.giessegi.com\/es\/wp-json\/wp\/v2\/media?parent=44634"}],"wp:term":[{"taxonomy":"product_brand","embeddable":true,"href":"https:\/\/www.giessegi.com\/es\/wp-json\/wp\/v2\/product_brand?post=44634"},{"taxonomy":"product_cat","embeddable":true,"href":"https:\/\/www.giessegi.com\/es\/wp-json\/wp\/v2\/product_cat?post=44634"},{"taxonomy":"product_tag","embeddable":true,"href":"https:\/\/www.giessegi.com\/es\/wp-json\/wp\/v2\/product_tag?post=44634"},{"taxonomy":"collezione","embeddable":true,"href":"https:\/\/www.giessegi.com\/es\/wp-json\/wp\/v2\/collezione?post=44634"}],"curies":[{"name":"wp","href":"https:\/\/api.w.org\/{rel}","templated":true}]}}