{"id":43668,"date":"2022-10-06T14:42:19","date_gmt":"2022-10-06T12:42:19","guid":{"rendered":"https:\/\/www.giessegi.com\/product\/enduro-fit-maglia-manica-corta-enduro\/"},"modified":"2024-09-04T13:47:09","modified_gmt":"2024-09-04T11:47:09","slug":"enduro-fit-maillot-enduro-manga-corta","status":"publish","type":"product","link":"https:\/\/www.giessegi.com\/es\/producto\/enduro-fit-maillot-enduro-manga-corta\/","title":{"rendered":"ENDURO FIT &#8211; MAILLOT ENDURO MANGA CORTA"},"content":{"rendered":"","protected":false},"excerpt":{"rendered":"<p>TEJIDO: poli\u00e9ster antiabrasi\u00f3n<br \/>\nTEJIDO DE LOS LADOS: malla<br \/>\nCUELLO: Escote en V insertado<br \/>\nFINAL DE LA MANGA: con vuelta<br \/>\nPUNTO: con vuelta<br \/>\nOPCI\u00d3N: Tejido m\u00e1s transpirable (T1018)<\/p>\n<p>&nbsp;<\/p>\n<p><strong>DETALLES T\u00c9CNICOS:<\/strong><\/p>\n<ul>\n<li>Laterales en malla para una mayor transpirabilidad.<\/li>\n<li>Escote en V insertado.<\/li>\n<\/ul>\n","protected":false},"featured_media":62167,"template":"","meta":[],"product_brand":[],"product_cat":[604,704,674],"product_tag":[],"collezione":[],"class_list":{"0":"post-43668","1":"product","2":"type-product","3":"status-publish","4":"has-post-thumbnail","6":"product_cat-personalizado","7":"product_cat-all-road-es","8":"product_cat-maillots-allroad","11":"first","12":"instock","13":"shipping-taxable","14":"product-type-simple"},"yoast_head":"<!-- This site is optimized with the Yoast SEO plugin v25.7 - https:\/\/yoast.com\/wordpress\/plugins\/seo\/ -->\n<title>ENDURO FIT - MAILLOT ENDURO MANGA CORTA | GSG - Giessegi<\/title>\n<meta name=\"robots\" content=\"index, follow, max-snippet:-1, max-image-preview:large, max-video-preview:-1\" \/>\n<link rel=\"canonical\" href=\"https:\/\/www.giessegi.com\/es\/producto\/enduro-fit-maillot-enduro-manga-corta\/\" \/>\n<meta property=\"og:locale\" content=\"es_ES\" \/>\n<meta property=\"og:type\" content=\"article\" \/>\n<meta property=\"og:title\" content=\"ENDURO FIT - MAILLOT ENDURO MANGA CORTA | GSG - Giessegi\" \/>\n<meta property=\"og:description\" content=\"TEJIDO: poli\u00e9ster antiabrasi\u00f3n TEJIDO DE LOS LADOS: malla CUELLO: Escote en V insertado FINAL DE LA MANGA: con vuelta PUNTO: con vuelta OPCI\u00d3N: Tejido m\u00e1s transpirable (T1018)  &nbsp;  DETALLES T\u00c9CNICOS:   Laterales en malla para una mayor transpirabilidad.  Escote en V insertado.\" \/>\n<meta property=\"og:url\" content=\"https:\/\/www.giessegi.com\/es\/producto\/enduro-fit-maillot-enduro-manga-corta\/\" \/>\n<meta property=\"og:site_name\" content=\"GSG - Giessegi\" \/>\n<meta property=\"article:modified_time\" content=\"2024-09-04T11:47:09+00:00\" \/>\n<meta property=\"og:image\" content=\"https:\/\/www.giessegi.com\/wp-content\/uploads\/2022\/10\/03501_jersey_all-road-ft.jpg\" \/>\n\t<meta property=\"og:image:width\" content=\"1000\" \/>\n\t<meta property=\"og:image:height\" content=\"1000\" \/>\n\t<meta property=\"og:image:type\" content=\"image\/jpeg\" \/>\n<meta name=\"twitter:card\" content=\"summary_large_image\" \/>\n<meta name=\"twitter:label1\" content=\"Tiempo de lectura\" \/>\n\t<meta name=\"twitter:data1\" content=\"1 minuto\" \/>\n<script type=\"application\/ld+json\" class=\"yoast-schema-graph\">{\"@context\":\"https:\/\/schema.org\",\"@graph\":[{\"@type\":\"WebPage\",\"@id\":\"https:\/\/www.giessegi.com\/es\/producto\/enduro-fit-maillot-enduro-manga-corta\/\",\"url\":\"https:\/\/www.giessegi.com\/es\/producto\/enduro-fit-maillot-enduro-manga-corta\/\",\"name\":\"ENDURO FIT - MAILLOT ENDURO MANGA CORTA | GSG - Giessegi\",\"isPartOf\":{\"@id\":\"https:\/\/www.giessegi.com\/en\/#website\"},\"primaryImageOfPage\":{\"@id\":\"https:\/\/www.giessegi.com\/es\/producto\/enduro-fit-maillot-enduro-manga-corta\/#primaryimage\"},\"image\":{\"@id\":\"https:\/\/www.giessegi.com\/es\/producto\/enduro-fit-maillot-enduro-manga-corta\/#primaryimage\"},\"thumbnailUrl\":\"https:\/\/www.giessegi.com\/wp-content\/uploads\/2022\/10\/03501_jersey_all-road-ft.jpg\",\"datePublished\":\"2022-10-06T12:42:19+00:00\",\"dateModified\":\"2024-09-04T11:47:09+00:00\",\"breadcrumb\":{\"@id\":\"https:\/\/www.giessegi.com\/es\/producto\/enduro-fit-maillot-enduro-manga-corta\/#breadcrumb\"},\"inLanguage\":\"es\",\"potentialAction\":[{\"@type\":\"ReadAction\",\"target\":[\"https:\/\/www.giessegi.com\/es\/producto\/enduro-fit-maillot-enduro-manga-corta\/\"]}]},{\"@type\":\"ImageObject\",\"inLanguage\":\"es\",\"@id\":\"https:\/\/www.giessegi.com\/es\/producto\/enduro-fit-maillot-enduro-manga-corta\/#primaryimage\",\"url\":\"https:\/\/www.giessegi.com\/wp-content\/uploads\/2022\/10\/03501_jersey_all-road-ft.jpg\",\"contentUrl\":\"https:\/\/www.giessegi.com\/wp-content\/uploads\/2022\/10\/03501_jersey_all-road-ft.jpg\",\"width\":1000,\"height\":1000},{\"@type\":\"BreadcrumbList\",\"@id\":\"https:\/\/www.giessegi.com\/es\/producto\/enduro-fit-maillot-enduro-manga-corta\/#breadcrumb\",\"itemListElement\":[{\"@type\":\"ListItem\",\"position\":1,\"name\":\"Home\",\"item\":\"https:\/\/www.giessegi.com\/es\/\"},{\"@type\":\"ListItem\",\"position\":2,\"name\":\"Products\",\"item\":\"https:\/\/www.giessegi.com\/en\/shop\/\"},{\"@type\":\"ListItem\",\"position\":3,\"name\":\"ENDURO FIT &#8211; MAILLOT ENDURO MANGA CORTA\"}]},{\"@type\":\"WebSite\",\"@id\":\"https:\/\/www.giessegi.com\/en\/#website\",\"url\":\"https:\/\/www.giessegi.com\/en\/\",\"name\":\"Giessegi\",\"description\":\"\",\"publisher\":{\"@id\":\"https:\/\/www.giessegi.com\/en\/#organization\"},\"potentialAction\":[{\"@type\":\"SearchAction\",\"target\":{\"@type\":\"EntryPoint\",\"urlTemplate\":\"https:\/\/www.giessegi.com\/en\/?s={search_term_string}\"},\"query-input\":{\"@type\":\"PropertyValueSpecification\",\"valueRequired\":true,\"valueName\":\"search_term_string\"}}],\"inLanguage\":\"es\"},{\"@type\":\"Organization\",\"@id\":\"https:\/\/www.giessegi.com\/en\/#organization\",\"name\":\"Giessegi\",\"url\":\"https:\/\/www.giessegi.com\/en\/\",\"logo\":{\"@type\":\"ImageObject\",\"inLanguage\":\"es\",\"@id\":\"https:\/\/www.giessegi.com\/en\/#\/schema\/logo\/image\/\",\"url\":\"https:\/\/www.giessegi.com\/wp-content\/uploads\/2022\/09\/giessegi-logo.jpeg\",\"contentUrl\":\"https:\/\/www.giessegi.com\/wp-content\/uploads\/2022\/09\/giessegi-logo.jpeg\",\"width\":175,\"height\":77,\"caption\":\"Giessegi\"},\"image\":{\"@id\":\"https:\/\/www.giessegi.com\/en\/#\/schema\/logo\/image\/\"}}]}<\/script>\n<!-- \/ Yoast SEO plugin. -->","yoast_head_json":{"title":"ENDURO FIT - MAILLOT ENDURO MANGA CORTA | GSG - Giessegi","robots":{"index":"index","follow":"follow","max-snippet":"max-snippet:-1","max-image-preview":"max-image-preview:large","max-video-preview":"max-video-preview:-1"},"canonical":"https:\/\/www.giessegi.com\/es\/producto\/enduro-fit-maillot-enduro-manga-corta\/","og_locale":"es_ES","og_type":"article","og_title":"ENDURO FIT - MAILLOT ENDURO MANGA CORTA | GSG - Giessegi","og_description":"TEJIDO: poli\u00e9ster antiabrasi\u00f3n TEJIDO DE LOS LADOS: malla CUELLO: Escote en V insertado FINAL DE LA MANGA: con vuelta PUNTO: con vuelta OPCI\u00d3N: Tejido m\u00e1s transpirable (T1018)  &nbsp;  DETALLES T\u00c9CNICOS:   Laterales en malla para una mayor transpirabilidad.  Escote en V insertado.","og_url":"https:\/\/www.giessegi.com\/es\/producto\/enduro-fit-maillot-enduro-manga-corta\/","og_site_name":"GSG - Giessegi","article_modified_time":"2024-09-04T11:47:09+00:00","og_image":[{"width":1000,"height":1000,"url":"https:\/\/www.giessegi.com\/wp-content\/uploads\/2022\/10\/03501_jersey_all-road-ft.jpg","type":"image\/jpeg"}],"twitter_card":"summary_large_image","twitter_misc":{"Tiempo de lectura":"1 minuto"},"schema":{"@context":"https:\/\/schema.org","@graph":[{"@type":"WebPage","@id":"https:\/\/www.giessegi.com\/es\/producto\/enduro-fit-maillot-enduro-manga-corta\/","url":"https:\/\/www.giessegi.com\/es\/producto\/enduro-fit-maillot-enduro-manga-corta\/","name":"ENDURO FIT - MAILLOT ENDURO MANGA CORTA | GSG - Giessegi","isPartOf":{"@id":"https:\/\/www.giessegi.com\/en\/#website"},"primaryImageOfPage":{"@id":"https:\/\/www.giessegi.com\/es\/producto\/enduro-fit-maillot-enduro-manga-corta\/#primaryimage"},"image":{"@id":"https:\/\/www.giessegi.com\/es\/producto\/enduro-fit-maillot-enduro-manga-corta\/#primaryimage"},"thumbnailUrl":"https:\/\/www.giessegi.com\/wp-content\/uploads\/2022\/10\/03501_jersey_all-road-ft.jpg","datePublished":"2022-10-06T12:42:19+00:00","dateModified":"2024-09-04T11:47:09+00:00","breadcrumb":{"@id":"https:\/\/www.giessegi.com\/es\/producto\/enduro-fit-maillot-enduro-manga-corta\/#breadcrumb"},"inLanguage":"es","potentialAction":[{"@type":"ReadAction","target":["https:\/\/www.giessegi.com\/es\/producto\/enduro-fit-maillot-enduro-manga-corta\/"]}]},{"@type":"ImageObject","inLanguage":"es","@id":"https:\/\/www.giessegi.com\/es\/producto\/enduro-fit-maillot-enduro-manga-corta\/#primaryimage","url":"https:\/\/www.giessegi.com\/wp-content\/uploads\/2022\/10\/03501_jersey_all-road-ft.jpg","contentUrl":"https:\/\/www.giessegi.com\/wp-content\/uploads\/2022\/10\/03501_jersey_all-road-ft.jpg","width":1000,"height":1000},{"@type":"BreadcrumbList","@id":"https:\/\/www.giessegi.com\/es\/producto\/enduro-fit-maillot-enduro-manga-corta\/#breadcrumb","itemListElement":[{"@type":"ListItem","position":1,"name":"Home","item":"https:\/\/www.giessegi.com\/es\/"},{"@type":"ListItem","position":2,"name":"Products","item":"https:\/\/www.giessegi.com\/en\/shop\/"},{"@type":"ListItem","position":3,"name":"ENDURO FIT &#8211; MAILLOT ENDURO MANGA CORTA"}]},{"@type":"WebSite","@id":"https:\/\/www.giessegi.com\/en\/#website","url":"https:\/\/www.giessegi.com\/en\/","name":"Giessegi","description":"","publisher":{"@id":"https:\/\/www.giessegi.com\/en\/#organization"},"potentialAction":[{"@type":"SearchAction","target":{"@type":"EntryPoint","urlTemplate":"https:\/\/www.giessegi.com\/en\/?s={search_term_string}"},"query-input":{"@type":"PropertyValueSpecification","valueRequired":true,"valueName":"search_term_string"}}],"inLanguage":"es"},{"@type":"Organization","@id":"https:\/\/www.giessegi.com\/en\/#organization","name":"Giessegi","url":"https:\/\/www.giessegi.com\/en\/","logo":{"@type":"ImageObject","inLanguage":"es","@id":"https:\/\/www.giessegi.com\/en\/#\/schema\/logo\/image\/","url":"https:\/\/www.giessegi.com\/wp-content\/uploads\/2022\/09\/giessegi-logo.jpeg","contentUrl":"https:\/\/www.giessegi.com\/wp-content\/uploads\/2022\/09\/giessegi-logo.jpeg","width":175,"height":77,"caption":"Giessegi"},"image":{"@id":"https:\/\/www.giessegi.com\/en\/#\/schema\/logo\/image\/"}}]}},"_links":{"self":[{"href":"https:\/\/www.giessegi.com\/es\/wp-json\/wp\/v2\/product\/43668","targetHints":{"allow":["GET"]}}],"collection":[{"href":"https:\/\/www.giessegi.com\/es\/wp-json\/wp\/v2\/product"}],"about":[{"href":"https:\/\/www.giessegi.com\/es\/wp-json\/wp\/v2\/types\/product"}],"wp:featuredmedia":[{"embeddable":true,"href":"https:\/\/www.giessegi.com\/es\/wp-json\/wp\/v2\/media\/62167"}],"wp:attachment":[{"href":"https:\/\/www.giessegi.com\/es\/wp-json\/wp\/v2\/media?parent=43668"}],"wp:term":[{"taxonomy":"product_brand","embeddable":true,"href":"https:\/\/www.giessegi.com\/es\/wp-json\/wp\/v2\/product_brand?post=43668"},{"taxonomy":"product_cat","embeddable":true,"href":"https:\/\/www.giessegi.com\/es\/wp-json\/wp\/v2\/product_cat?post=43668"},{"taxonomy":"product_tag","embeddable":true,"href":"https:\/\/www.giessegi.com\/es\/wp-json\/wp\/v2\/product_tag?post=43668"},{"taxonomy":"collezione","embeddable":true,"href":"https:\/\/www.giessegi.com\/es\/wp-json\/wp\/v2\/collezione?post=43668"}],"curies":[{"name":"wp","href":"https:\/\/api.w.org\/{rel}","templated":true}]}}