{"id":43465,"date":"2022-09-23T14:35:05","date_gmt":"2022-09-23T12:35:05","guid":{"rendered":"https:\/\/www.giessegi.com\/product\/chicago\/"},"modified":"2023-04-13T12:27:25","modified_gmt":"2023-04-13T10:27:25","slug":"chicago","status":"publish","type":"product","link":"https:\/\/www.giessegi.com\/es\/producto\/chicago\/","title":{"rendered":"CHICAGO"},"content":{"rendered":"","protected":false},"excerpt":{"rendered":"<p>La chaqueta CHICAGO fue dise\u00f1ada para carreras con viento y lluvia.<br \/>\nEl tejido ligero cortavientos protege al corredor de las inclemencias del tiempo, mientras que el canes\u00fa abierto en la espalda proporciona una ventilaci\u00f3n extra para una perfecta termorregulaci\u00f3n.<br \/>\nEl cord\u00f3n al final de la capa ofrece al atleta la posibilidad de un ajuste personalizado.<br \/>\nTambi\u00e9n hay 2 bolsillos con cremalleras invisibles en los laterales.<\/p>\n","protected":false},"featured_media":49821,"template":"","meta":[],"product_brand":[],"product_cat":[770,604,732],"product_tag":[],"collezione":[],"class_list":{"0":"post-43465","1":"product","2":"type-product","3":"status-publish","4":"has-post-thumbnail","6":"product_cat-hombre-running","7":"product_cat-personalizado","8":"product_cat-running-es","11":"first","12":"instock","13":"shipping-taxable","14":"product-type-simple"},"yoast_head":"<!-- This site is optimized with the Yoast SEO plugin v27.3 - https:\/\/yoast.com\/product\/yoast-seo-wordpress\/ -->\n<title>CHICAGO | GSG - Giessegi<\/title>\n<meta name=\"robots\" content=\"index, follow, max-snippet:-1, max-image-preview:large, max-video-preview:-1\" \/>\n<link rel=\"canonical\" href=\"https:\/\/www.giessegi.com\/es\/producto\/chicago\/\" \/>\n<meta property=\"og:locale\" content=\"es_ES\" \/>\n<meta property=\"og:type\" content=\"article\" \/>\n<meta property=\"og:title\" content=\"CHICAGO | GSG - Giessegi\" \/>\n<meta property=\"og:description\" content=\"La chaqueta CHICAGO fue dise\u00f1ada para carreras con viento y lluvia. El tejido ligero cortavientos protege al corredor de las inclemencias del tiempo, mientras que el canes\u00fa abierto en la espalda proporciona una ventilaci\u00f3n extra para una perfecta termorregulaci\u00f3n. El cord\u00f3n al final de la capa ofrece al atleta la posibilidad de un ajuste personalizado. Tambi\u00e9n hay 2 bolsillos con cremalleras invisibles en los laterales.\" \/>\n<meta property=\"og:url\" content=\"https:\/\/www.giessegi.com\/es\/producto\/chicago\/\" \/>\n<meta property=\"og:site_name\" content=\"GSG - Giessegi\" \/>\n<meta property=\"article:modified_time\" content=\"2023-04-13T10:27:25+00:00\" \/>\n<meta property=\"og:image\" content=\"https:\/\/www.giessegi.com\/wp-content\/uploads\/2022\/09\/11065_fr.jpg\" \/>\n\t<meta property=\"og:image:width\" content=\"1000\" \/>\n\t<meta property=\"og:image:height\" content=\"1000\" \/>\n\t<meta property=\"og:image:type\" content=\"image\/jpeg\" \/>\n<meta name=\"twitter:card\" content=\"summary_large_image\" \/>\n<script type=\"application\/ld+json\" class=\"yoast-schema-graph\">{\"@context\":\"https:\\\/\\\/schema.org\",\"@graph\":[{\"@type\":\"WebPage\",\"@id\":\"https:\\\/\\\/www.giessegi.com\\\/es\\\/producto\\\/chicago\\\/\",\"url\":\"https:\\\/\\\/www.giessegi.com\\\/es\\\/producto\\\/chicago\\\/\",\"name\":\"CHICAGO | GSG - Giessegi\",\"isPartOf\":{\"@id\":\"https:\\\/\\\/www.giessegi.com\\\/en\\\/#website\"},\"primaryImageOfPage\":{\"@id\":\"https:\\\/\\\/www.giessegi.com\\\/es\\\/producto\\\/chicago\\\/#primaryimage\"},\"image\":{\"@id\":\"https:\\\/\\\/www.giessegi.com\\\/es\\\/producto\\\/chicago\\\/#primaryimage\"},\"thumbnailUrl\":\"https:\\\/\\\/www.giessegi.com\\\/wp-content\\\/uploads\\\/2022\\\/09\\\/11065_fr.jpg\",\"datePublished\":\"2022-09-23T12:35:05+00:00\",\"dateModified\":\"2023-04-13T10:27:25+00:00\",\"breadcrumb\":{\"@id\":\"https:\\\/\\\/www.giessegi.com\\\/es\\\/producto\\\/chicago\\\/#breadcrumb\"},\"inLanguage\":\"es\",\"potentialAction\":[{\"@type\":\"ReadAction\",\"target\":[\"https:\\\/\\\/www.giessegi.com\\\/es\\\/producto\\\/chicago\\\/\"]}]},{\"@type\":\"ImageObject\",\"inLanguage\":\"es\",\"@id\":\"https:\\\/\\\/www.giessegi.com\\\/es\\\/producto\\\/chicago\\\/#primaryimage\",\"url\":\"https:\\\/\\\/www.giessegi.com\\\/wp-content\\\/uploads\\\/2022\\\/09\\\/11065_fr.jpg\",\"contentUrl\":\"https:\\\/\\\/www.giessegi.com\\\/wp-content\\\/uploads\\\/2022\\\/09\\\/11065_fr.jpg\",\"width\":1000,\"height\":1000},{\"@type\":\"BreadcrumbList\",\"@id\":\"https:\\\/\\\/www.giessegi.com\\\/es\\\/producto\\\/chicago\\\/#breadcrumb\",\"itemListElement\":[{\"@type\":\"ListItem\",\"position\":1,\"name\":\"Home\",\"item\":\"https:\\\/\\\/www.giessegi.com\\\/\"},{\"@type\":\"ListItem\",\"position\":2,\"name\":\"Products\",\"item\":\"https:\\\/\\\/www.giessegi.com\\\/en\\\/shop\\\/\"},{\"@type\":\"ListItem\",\"position\":3,\"name\":\"CHICAGO\"}]},{\"@type\":\"WebSite\",\"@id\":\"https:\\\/\\\/www.giessegi.com\\\/en\\\/#website\",\"url\":\"https:\\\/\\\/www.giessegi.com\\\/en\\\/\",\"name\":\"Giessegi\",\"description\":\"\",\"publisher\":{\"@id\":\"https:\\\/\\\/www.giessegi.com\\\/en\\\/#organization\"},\"potentialAction\":[{\"@type\":\"SearchAction\",\"target\":{\"@type\":\"EntryPoint\",\"urlTemplate\":\"https:\\\/\\\/www.giessegi.com\\\/en\\\/?s={search_term_string}\"},\"query-input\":{\"@type\":\"PropertyValueSpecification\",\"valueRequired\":true,\"valueName\":\"search_term_string\"}}],\"inLanguage\":\"es\"},{\"@type\":\"Organization\",\"@id\":\"https:\\\/\\\/www.giessegi.com\\\/en\\\/#organization\",\"name\":\"Giessegi\",\"url\":\"https:\\\/\\\/www.giessegi.com\\\/en\\\/\",\"logo\":{\"@type\":\"ImageObject\",\"inLanguage\":\"es\",\"@id\":\"https:\\\/\\\/www.giessegi.com\\\/en\\\/#\\\/schema\\\/logo\\\/image\\\/\",\"url\":\"https:\\\/\\\/www.giessegi.com\\\/wp-content\\\/uploads\\\/2022\\\/09\\\/giessegi-logo.jpeg\",\"contentUrl\":\"https:\\\/\\\/www.giessegi.com\\\/wp-content\\\/uploads\\\/2022\\\/09\\\/giessegi-logo.jpeg\",\"width\":175,\"height\":77,\"caption\":\"Giessegi\"},\"image\":{\"@id\":\"https:\\\/\\\/www.giessegi.com\\\/en\\\/#\\\/schema\\\/logo\\\/image\\\/\"}}]}<\/script>\n<!-- \/ Yoast SEO plugin. -->","yoast_head_json":{"title":"CHICAGO | GSG - Giessegi","robots":{"index":"index","follow":"follow","max-snippet":"max-snippet:-1","max-image-preview":"max-image-preview:large","max-video-preview":"max-video-preview:-1"},"canonical":"https:\/\/www.giessegi.com\/es\/producto\/chicago\/","og_locale":"es_ES","og_type":"article","og_title":"CHICAGO | GSG - Giessegi","og_description":"La chaqueta CHICAGO fue dise\u00f1ada para carreras con viento y lluvia. El tejido ligero cortavientos protege al corredor de las inclemencias del tiempo, mientras que el canes\u00fa abierto en la espalda proporciona una ventilaci\u00f3n extra para una perfecta termorregulaci\u00f3n. El cord\u00f3n al final de la capa ofrece al atleta la posibilidad de un ajuste personalizado. Tambi\u00e9n hay 2 bolsillos con cremalleras invisibles en los laterales.","og_url":"https:\/\/www.giessegi.com\/es\/producto\/chicago\/","og_site_name":"GSG - Giessegi","article_modified_time":"2023-04-13T10:27:25+00:00","og_image":[{"width":1000,"height":1000,"url":"https:\/\/www.giessegi.com\/wp-content\/uploads\/2022\/09\/11065_fr.jpg","type":"image\/jpeg"}],"twitter_card":"summary_large_image","schema":{"@context":"https:\/\/schema.org","@graph":[{"@type":"WebPage","@id":"https:\/\/www.giessegi.com\/es\/producto\/chicago\/","url":"https:\/\/www.giessegi.com\/es\/producto\/chicago\/","name":"CHICAGO | GSG - Giessegi","isPartOf":{"@id":"https:\/\/www.giessegi.com\/en\/#website"},"primaryImageOfPage":{"@id":"https:\/\/www.giessegi.com\/es\/producto\/chicago\/#primaryimage"},"image":{"@id":"https:\/\/www.giessegi.com\/es\/producto\/chicago\/#primaryimage"},"thumbnailUrl":"https:\/\/www.giessegi.com\/wp-content\/uploads\/2022\/09\/11065_fr.jpg","datePublished":"2022-09-23T12:35:05+00:00","dateModified":"2023-04-13T10:27:25+00:00","breadcrumb":{"@id":"https:\/\/www.giessegi.com\/es\/producto\/chicago\/#breadcrumb"},"inLanguage":"es","potentialAction":[{"@type":"ReadAction","target":["https:\/\/www.giessegi.com\/es\/producto\/chicago\/"]}]},{"@type":"ImageObject","inLanguage":"es","@id":"https:\/\/www.giessegi.com\/es\/producto\/chicago\/#primaryimage","url":"https:\/\/www.giessegi.com\/wp-content\/uploads\/2022\/09\/11065_fr.jpg","contentUrl":"https:\/\/www.giessegi.com\/wp-content\/uploads\/2022\/09\/11065_fr.jpg","width":1000,"height":1000},{"@type":"BreadcrumbList","@id":"https:\/\/www.giessegi.com\/es\/producto\/chicago\/#breadcrumb","itemListElement":[{"@type":"ListItem","position":1,"name":"Home","item":"https:\/\/www.giessegi.com\/"},{"@type":"ListItem","position":2,"name":"Products","item":"https:\/\/www.giessegi.com\/en\/shop\/"},{"@type":"ListItem","position":3,"name":"CHICAGO"}]},{"@type":"WebSite","@id":"https:\/\/www.giessegi.com\/en\/#website","url":"https:\/\/www.giessegi.com\/en\/","name":"Giessegi","description":"","publisher":{"@id":"https:\/\/www.giessegi.com\/en\/#organization"},"potentialAction":[{"@type":"SearchAction","target":{"@type":"EntryPoint","urlTemplate":"https:\/\/www.giessegi.com\/en\/?s={search_term_string}"},"query-input":{"@type":"PropertyValueSpecification","valueRequired":true,"valueName":"search_term_string"}}],"inLanguage":"es"},{"@type":"Organization","@id":"https:\/\/www.giessegi.com\/en\/#organization","name":"Giessegi","url":"https:\/\/www.giessegi.com\/en\/","logo":{"@type":"ImageObject","inLanguage":"es","@id":"https:\/\/www.giessegi.com\/en\/#\/schema\/logo\/image\/","url":"https:\/\/www.giessegi.com\/wp-content\/uploads\/2022\/09\/giessegi-logo.jpeg","contentUrl":"https:\/\/www.giessegi.com\/wp-content\/uploads\/2022\/09\/giessegi-logo.jpeg","width":175,"height":77,"caption":"Giessegi"},"image":{"@id":"https:\/\/www.giessegi.com\/en\/#\/schema\/logo\/image\/"}}]}},"_links":{"self":[{"href":"https:\/\/www.giessegi.com\/es\/wp-json\/wp\/v2\/product\/43465","targetHints":{"allow":["GET"]}}],"collection":[{"href":"https:\/\/www.giessegi.com\/es\/wp-json\/wp\/v2\/product"}],"about":[{"href":"https:\/\/www.giessegi.com\/es\/wp-json\/wp\/v2\/types\/product"}],"wp:featuredmedia":[{"embeddable":true,"href":"https:\/\/www.giessegi.com\/es\/wp-json\/wp\/v2\/media\/49821"}],"wp:attachment":[{"href":"https:\/\/www.giessegi.com\/es\/wp-json\/wp\/v2\/media?parent=43465"}],"wp:term":[{"taxonomy":"product_brand","embeddable":true,"href":"https:\/\/www.giessegi.com\/es\/wp-json\/wp\/v2\/product_brand?post=43465"},{"taxonomy":"product_cat","embeddable":true,"href":"https:\/\/www.giessegi.com\/es\/wp-json\/wp\/v2\/product_cat?post=43465"},{"taxonomy":"product_tag","embeddable":true,"href":"https:\/\/www.giessegi.com\/es\/wp-json\/wp\/v2\/product_tag?post=43465"},{"taxonomy":"collezione","embeddable":true,"href":"https:\/\/www.giessegi.com\/es\/wp-json\/wp\/v2\/collezione?post=43465"}],"curies":[{"name":"wp","href":"https:\/\/api.w.org\/{rel}","templated":true}]}}