{"id":43311,"date":"2022-10-13T16:24:07","date_gmt":"2022-10-13T14:24:07","guid":{"rendered":"https:\/\/www.giessegi.com\/product\/biois\/"},"modified":"2023-10-05T11:16:38","modified_gmt":"2023-10-05T09:16:38","slug":"biois","status":"publish","type":"product","link":"https:\/\/www.giessegi.com\/es\/producto\/biois\/","title":{"rendered":"BIOIS"},"content":{"rendered":"","protected":false},"excerpt":{"rendered":"<p><strong>TRAJE DE BIATL\u00d3N DE MANGA LARGA DE JERSEY<\/p>\n<p><\/strong><\/p>\n<p>Dise\u00f1ado para los atletas de biatl\u00f3n m\u00e1s exigentes,<br \/>\nla aplicaci\u00f3n de silicona en los codos permite un mayor agarre.<br \/>\nHecho de material transpirable de nueva generaci\u00f3n,<br \/>\nque ofrece una excelente combinaci\u00f3n de apoyo, libertad de movimiento y gesti\u00f3n del clima.<br \/>\nBajo pedido costuras planas.<br \/>\nTambi\u00e9n disponible para Biatl\u00f3n con silicona en los codos.<\/p>\n<ul>\n<li>Cremallera corta vista con cursor autoblocante<\/li>\n<li>Corte ergon\u00f3mico<\/li>\n<li>Punto fino con el\u00e1stico siliconado en la cintura<\/li>\n<li>Aplicaciones de silicona en los codos para mayor agarre<\/li>\n<\/ul>\n<p>&nbsp;<\/p>\n<p>A PRUEBA DE VIENTO 1\/5<br \/>\nIMPERMEABLE 1\/5<br \/>\nAISLAMIENTO 1\/5<br \/>\nTRANSPIRABILIDAD 5\/5<\/p>\n","protected":false},"featured_media":49765,"template":"","meta":[],"product_brand":[],"product_cat":[734,738,604],"product_tag":[],"collezione":[],"class_list":{"0":"post-43311","1":"product","2":"type-product","3":"status-publish","4":"has-post-thumbnail","6":"product_cat-esqui","7":"product_cat-esqui-de-fondo","8":"product_cat-personalizado","11":"first","12":"instock","13":"shipping-taxable","14":"product-type-simple"},"yoast_head":"<!-- This site is optimized with the Yoast SEO plugin v27.3 - https:\/\/yoast.com\/product\/yoast-seo-wordpress\/ -->\n<title>BIOIS | GSG - Giessegi<\/title>\n<meta name=\"robots\" content=\"index, follow, max-snippet:-1, max-image-preview:large, max-video-preview:-1\" \/>\n<link rel=\"canonical\" href=\"https:\/\/www.giessegi.com\/es\/producto\/biois\/\" \/>\n<meta property=\"og:locale\" content=\"es_ES\" \/>\n<meta property=\"og:type\" content=\"article\" \/>\n<meta property=\"og:title\" content=\"BIOIS | GSG - Giessegi\" \/>\n<meta property=\"og:description\" content=\"TRAJE DE BIATL\u00d3N DE MANGA LARGA DE JERSEY    Dise\u00f1ado para los atletas de biatl\u00f3n m\u00e1s exigentes, la aplicaci\u00f3n de silicona en los codos permite un mayor agarre. Hecho de material transpirable de nueva generaci\u00f3n, que ofrece una excelente combinaci\u00f3n de apoyo, libertad de movimiento y gesti\u00f3n del clima. Bajo pedido costuras planas. Tambi\u00e9n disponible para Biatl\u00f3n con silicona en los codos.   Cremallera corta vista con cursor autoblocante  Corte ergon\u00f3mico  Punto fino con el\u00e1stico siliconado en la cintura  Aplicaciones de silicona en los codos para mayor agarre  &nbsp;  A PRUEBA DE VIENTO 1\/5 IMPERMEABLE 1\/5 AISLAMIENTO 1\/5 TRANSPIRABILIDAD 5\/5\" \/>\n<meta property=\"og:url\" content=\"https:\/\/www.giessegi.com\/es\/producto\/biois\/\" \/>\n<meta property=\"og:site_name\" content=\"GSG - Giessegi\" \/>\n<meta property=\"article:modified_time\" content=\"2023-10-05T09:16:38+00:00\" \/>\n<meta property=\"og:image\" content=\"https:\/\/www.giessegi.com\/wp-content\/uploads\/2022\/10\/04156_Bios_fronte.jpg\" \/>\n\t<meta property=\"og:image:width\" content=\"1000\" \/>\n\t<meta property=\"og:image:height\" content=\"1000\" \/>\n\t<meta property=\"og:image:type\" content=\"image\/jpeg\" \/>\n<meta name=\"twitter:card\" content=\"summary_large_image\" \/>\n<script type=\"application\/ld+json\" class=\"yoast-schema-graph\">{\"@context\":\"https:\\\/\\\/schema.org\",\"@graph\":[{\"@type\":\"WebPage\",\"@id\":\"https:\\\/\\\/www.giessegi.com\\\/es\\\/producto\\\/biois\\\/\",\"url\":\"https:\\\/\\\/www.giessegi.com\\\/es\\\/producto\\\/biois\\\/\",\"name\":\"BIOIS | GSG - Giessegi\",\"isPartOf\":{\"@id\":\"https:\\\/\\\/www.giessegi.com\\\/en\\\/#website\"},\"primaryImageOfPage\":{\"@id\":\"https:\\\/\\\/www.giessegi.com\\\/es\\\/producto\\\/biois\\\/#primaryimage\"},\"image\":{\"@id\":\"https:\\\/\\\/www.giessegi.com\\\/es\\\/producto\\\/biois\\\/#primaryimage\"},\"thumbnailUrl\":\"https:\\\/\\\/www.giessegi.com\\\/wp-content\\\/uploads\\\/2022\\\/10\\\/04156_Bios_fronte.jpg\",\"datePublished\":\"2022-10-13T14:24:07+00:00\",\"dateModified\":\"2023-10-05T09:16:38+00:00\",\"breadcrumb\":{\"@id\":\"https:\\\/\\\/www.giessegi.com\\\/es\\\/producto\\\/biois\\\/#breadcrumb\"},\"inLanguage\":\"es\",\"potentialAction\":[{\"@type\":\"ReadAction\",\"target\":[\"https:\\\/\\\/www.giessegi.com\\\/es\\\/producto\\\/biois\\\/\"]}]},{\"@type\":\"ImageObject\",\"inLanguage\":\"es\",\"@id\":\"https:\\\/\\\/www.giessegi.com\\\/es\\\/producto\\\/biois\\\/#primaryimage\",\"url\":\"https:\\\/\\\/www.giessegi.com\\\/wp-content\\\/uploads\\\/2022\\\/10\\\/04156_Bios_fronte.jpg\",\"contentUrl\":\"https:\\\/\\\/www.giessegi.com\\\/wp-content\\\/uploads\\\/2022\\\/10\\\/04156_Bios_fronte.jpg\",\"width\":1000,\"height\":1000},{\"@type\":\"BreadcrumbList\",\"@id\":\"https:\\\/\\\/www.giessegi.com\\\/es\\\/producto\\\/biois\\\/#breadcrumb\",\"itemListElement\":[{\"@type\":\"ListItem\",\"position\":1,\"name\":\"Home\",\"item\":\"https:\\\/\\\/www.giessegi.com\\\/\"},{\"@type\":\"ListItem\",\"position\":2,\"name\":\"Products\",\"item\":\"https:\\\/\\\/www.giessegi.com\\\/en\\\/shop\\\/\"},{\"@type\":\"ListItem\",\"position\":3,\"name\":\"BIOIS\"}]},{\"@type\":\"WebSite\",\"@id\":\"https:\\\/\\\/www.giessegi.com\\\/en\\\/#website\",\"url\":\"https:\\\/\\\/www.giessegi.com\\\/en\\\/\",\"name\":\"Giessegi\",\"description\":\"\",\"publisher\":{\"@id\":\"https:\\\/\\\/www.giessegi.com\\\/en\\\/#organization\"},\"potentialAction\":[{\"@type\":\"SearchAction\",\"target\":{\"@type\":\"EntryPoint\",\"urlTemplate\":\"https:\\\/\\\/www.giessegi.com\\\/en\\\/?s={search_term_string}\"},\"query-input\":{\"@type\":\"PropertyValueSpecification\",\"valueRequired\":true,\"valueName\":\"search_term_string\"}}],\"inLanguage\":\"es\"},{\"@type\":\"Organization\",\"@id\":\"https:\\\/\\\/www.giessegi.com\\\/en\\\/#organization\",\"name\":\"Giessegi\",\"url\":\"https:\\\/\\\/www.giessegi.com\\\/en\\\/\",\"logo\":{\"@type\":\"ImageObject\",\"inLanguage\":\"es\",\"@id\":\"https:\\\/\\\/www.giessegi.com\\\/en\\\/#\\\/schema\\\/logo\\\/image\\\/\",\"url\":\"https:\\\/\\\/www.giessegi.com\\\/wp-content\\\/uploads\\\/2022\\\/09\\\/giessegi-logo.jpeg\",\"contentUrl\":\"https:\\\/\\\/www.giessegi.com\\\/wp-content\\\/uploads\\\/2022\\\/09\\\/giessegi-logo.jpeg\",\"width\":175,\"height\":77,\"caption\":\"Giessegi\"},\"image\":{\"@id\":\"https:\\\/\\\/www.giessegi.com\\\/en\\\/#\\\/schema\\\/logo\\\/image\\\/\"}}]}<\/script>\n<!-- \/ Yoast SEO plugin. -->","yoast_head_json":{"title":"BIOIS | GSG - Giessegi","robots":{"index":"index","follow":"follow","max-snippet":"max-snippet:-1","max-image-preview":"max-image-preview:large","max-video-preview":"max-video-preview:-1"},"canonical":"https:\/\/www.giessegi.com\/es\/producto\/biois\/","og_locale":"es_ES","og_type":"article","og_title":"BIOIS | GSG - Giessegi","og_description":"TRAJE DE BIATL\u00d3N DE MANGA LARGA DE JERSEY    Dise\u00f1ado para los atletas de biatl\u00f3n m\u00e1s exigentes, la aplicaci\u00f3n de silicona en los codos permite un mayor agarre. Hecho de material transpirable de nueva generaci\u00f3n, que ofrece una excelente combinaci\u00f3n de apoyo, libertad de movimiento y gesti\u00f3n del clima. Bajo pedido costuras planas. Tambi\u00e9n disponible para Biatl\u00f3n con silicona en los codos.   Cremallera corta vista con cursor autoblocante  Corte ergon\u00f3mico  Punto fino con el\u00e1stico siliconado en la cintura  Aplicaciones de silicona en los codos para mayor agarre  &nbsp;  A PRUEBA DE VIENTO 1\/5 IMPERMEABLE 1\/5 AISLAMIENTO 1\/5 TRANSPIRABILIDAD 5\/5","og_url":"https:\/\/www.giessegi.com\/es\/producto\/biois\/","og_site_name":"GSG - Giessegi","article_modified_time":"2023-10-05T09:16:38+00:00","og_image":[{"width":1000,"height":1000,"url":"https:\/\/www.giessegi.com\/wp-content\/uploads\/2022\/10\/04156_Bios_fronte.jpg","type":"image\/jpeg"}],"twitter_card":"summary_large_image","schema":{"@context":"https:\/\/schema.org","@graph":[{"@type":"WebPage","@id":"https:\/\/www.giessegi.com\/es\/producto\/biois\/","url":"https:\/\/www.giessegi.com\/es\/producto\/biois\/","name":"BIOIS | GSG - Giessegi","isPartOf":{"@id":"https:\/\/www.giessegi.com\/en\/#website"},"primaryImageOfPage":{"@id":"https:\/\/www.giessegi.com\/es\/producto\/biois\/#primaryimage"},"image":{"@id":"https:\/\/www.giessegi.com\/es\/producto\/biois\/#primaryimage"},"thumbnailUrl":"https:\/\/www.giessegi.com\/wp-content\/uploads\/2022\/10\/04156_Bios_fronte.jpg","datePublished":"2022-10-13T14:24:07+00:00","dateModified":"2023-10-05T09:16:38+00:00","breadcrumb":{"@id":"https:\/\/www.giessegi.com\/es\/producto\/biois\/#breadcrumb"},"inLanguage":"es","potentialAction":[{"@type":"ReadAction","target":["https:\/\/www.giessegi.com\/es\/producto\/biois\/"]}]},{"@type":"ImageObject","inLanguage":"es","@id":"https:\/\/www.giessegi.com\/es\/producto\/biois\/#primaryimage","url":"https:\/\/www.giessegi.com\/wp-content\/uploads\/2022\/10\/04156_Bios_fronte.jpg","contentUrl":"https:\/\/www.giessegi.com\/wp-content\/uploads\/2022\/10\/04156_Bios_fronte.jpg","width":1000,"height":1000},{"@type":"BreadcrumbList","@id":"https:\/\/www.giessegi.com\/es\/producto\/biois\/#breadcrumb","itemListElement":[{"@type":"ListItem","position":1,"name":"Home","item":"https:\/\/www.giessegi.com\/"},{"@type":"ListItem","position":2,"name":"Products","item":"https:\/\/www.giessegi.com\/en\/shop\/"},{"@type":"ListItem","position":3,"name":"BIOIS"}]},{"@type":"WebSite","@id":"https:\/\/www.giessegi.com\/en\/#website","url":"https:\/\/www.giessegi.com\/en\/","name":"Giessegi","description":"","publisher":{"@id":"https:\/\/www.giessegi.com\/en\/#organization"},"potentialAction":[{"@type":"SearchAction","target":{"@type":"EntryPoint","urlTemplate":"https:\/\/www.giessegi.com\/en\/?s={search_term_string}"},"query-input":{"@type":"PropertyValueSpecification","valueRequired":true,"valueName":"search_term_string"}}],"inLanguage":"es"},{"@type":"Organization","@id":"https:\/\/www.giessegi.com\/en\/#organization","name":"Giessegi","url":"https:\/\/www.giessegi.com\/en\/","logo":{"@type":"ImageObject","inLanguage":"es","@id":"https:\/\/www.giessegi.com\/en\/#\/schema\/logo\/image\/","url":"https:\/\/www.giessegi.com\/wp-content\/uploads\/2022\/09\/giessegi-logo.jpeg","contentUrl":"https:\/\/www.giessegi.com\/wp-content\/uploads\/2022\/09\/giessegi-logo.jpeg","width":175,"height":77,"caption":"Giessegi"},"image":{"@id":"https:\/\/www.giessegi.com\/en\/#\/schema\/logo\/image\/"}}]}},"_links":{"self":[{"href":"https:\/\/www.giessegi.com\/es\/wp-json\/wp\/v2\/product\/43311","targetHints":{"allow":["GET"]}}],"collection":[{"href":"https:\/\/www.giessegi.com\/es\/wp-json\/wp\/v2\/product"}],"about":[{"href":"https:\/\/www.giessegi.com\/es\/wp-json\/wp\/v2\/types\/product"}],"wp:featuredmedia":[{"embeddable":true,"href":"https:\/\/www.giessegi.com\/es\/wp-json\/wp\/v2\/media\/49765"}],"wp:attachment":[{"href":"https:\/\/www.giessegi.com\/es\/wp-json\/wp\/v2\/media?parent=43311"}],"wp:term":[{"taxonomy":"product_brand","embeddable":true,"href":"https:\/\/www.giessegi.com\/es\/wp-json\/wp\/v2\/product_brand?post=43311"},{"taxonomy":"product_cat","embeddable":true,"href":"https:\/\/www.giessegi.com\/es\/wp-json\/wp\/v2\/product_cat?post=43311"},{"taxonomy":"product_tag","embeddable":true,"href":"https:\/\/www.giessegi.com\/es\/wp-json\/wp\/v2\/product_tag?post=43311"},{"taxonomy":"collezione","embeddable":true,"href":"https:\/\/www.giessegi.com\/es\/wp-json\/wp\/v2\/collezione?post=43311"}],"curies":[{"name":"wp","href":"https:\/\/api.w.org\/{rel}","templated":true}]}}