{"id":57912,"date":"2023-10-24T13:37:00","date_gmt":"2023-10-24T11:37:00","guid":{"rendered":"https:\/\/www.giessegi.com\/idee-grafiche-sci\/"},"modified":"2024-06-06T10:43:57","modified_gmt":"2024-06-06T08:43:57","slug":"ideas-graficas-de-esqui","status":"publish","type":"page","link":"https:\/\/www.giessegi.com\/es\/personalizado\/ideas-graficas-de-esqui\/","title":{"rendered":"ideas gr\u00e1ficas de esqu\u00ed"},"content":{"rendered":"\t\t<div data-elementor-type=\"wp-page\" data-elementor-id=\"57912\" class=\"elementor elementor-57912 elementor-57757\">\n\t\t\t\t\t\t<section class=\"elementor-section elementor-top-section elementor-element elementor-element-4fd6eff elementor-section-full_width elementor-section-height-default elementor-section-height-default\" data-id=\"4fd6eff\" data-element_type=\"section\" data-e-type=\"section\">\n\t\t\t\t\t\t<div class=\"elementor-container elementor-column-gap-default\">\n\t\t\t\t\t<div class=\"elementor-column elementor-col-50 elementor-top-column elementor-element elementor-element-5eba9a3\" data-id=\"5eba9a3\" data-element_type=\"column\" data-e-type=\"column\">\n\t\t\t<div class=\"elementor-widget-wrap elementor-element-populated\">\n\t\t\t\t\t\t<div class=\"elementor-element elementor-element-15dad09 elementor-widget elementor-widget-bwp_image\" data-id=\"15dad09\" data-element_type=\"widget\" data-e-type=\"widget\" data-widget_type=\"bwp_image.default\">\n\t\t\t\t<div class=\"elementor-widget-container\">\n\t\t\t\t\t<div class=\"bwp-widget-banner layout-3\">\n\t\t\n\t<div class=\"bg-banner\">\n\t\t<div class=\"banner-wrapper banners\">\n\t\t\t<div class=\"bwp-image \">\n\t\t\t\t\t\t\t\t\t<a href=\"https:\/\/www.giessegi.com\/es\/personalizado\/ideas-graficas-de-esqui\/esqui-alpino\/\"><img decoding=\"async\" src=\"https:\/\/www.giessegi.com\/wp-content\/uploads\/2023\/10\/Idee-grafiche-sci-alpino-1.jpg\" alt=\"Banner Image\"><\/a>\n\t\t\t\t\t\t\t<\/div>\n\t\t\t<div class=\"banner-wrapper-infor\">\n\t\t\t\t<div class=\"info\">\n\t\t\t\t\t<div class=\"content\">\n\t\t\t\t\t\t\t\t\t\t\t\t\t\t\t\t\t\t\t\t\t\t\t\t\t\t\t\t\t\t\t<a class=\"button\" href=\"https:\/\/www.giessegi.com\/es\/personalizado\/ideas-graficas-de-esqui\/esqui-alpino\/\">esqu\u00ed alpino<\/a>\t\t\t\t\t\t\n\t\t\t\t\t\t\t\t\t\t\t<\/div>\n\t\t\t\t<\/div>\n\t\t\t<\/div>\n\t\t<\/div>\n\t<\/div>\n\t<\/div>\n\t\t\t\t<\/div>\n\t\t\t\t<\/div>\n\t\t\t\t\t<\/div>\n\t\t<\/div>\n\t\t\t\t<div class=\"elementor-column elementor-col-50 elementor-top-column elementor-element elementor-element-918af80\" data-id=\"918af80\" data-element_type=\"column\" data-e-type=\"column\">\n\t\t\t<div class=\"elementor-widget-wrap elementor-element-populated\">\n\t\t\t\t\t\t<div class=\"elementor-element elementor-element-4a47c34 elementor-widget elementor-widget-bwp_image\" data-id=\"4a47c34\" data-element_type=\"widget\" data-e-type=\"widget\" data-widget_type=\"bwp_image.default\">\n\t\t\t\t<div class=\"elementor-widget-container\">\n\t\t\t\t\t<div class=\"bwp-widget-banner layout-3\">\n\t\t\n\t<div class=\"bg-banner\">\n\t\t<div class=\"banner-wrapper banners\">\n\t\t\t<div class=\"bwp-image \">\n\t\t\t\t\t\t\t\t\t<a href=\"https:\/\/www.giessegi.com\/es\/personalizado\/ideas-graficas-de-esqui\/esqui-de-fondo\/\"><img decoding=\"async\" src=\"https:\/\/www.giessegi.com\/wp-content\/uploads\/2023\/10\/Idee-grafiche-sci-fondo-1.jpg\" alt=\"Banner Image\"><\/a>\n\t\t\t\t\t\t\t<\/div>\n\t\t\t<div class=\"banner-wrapper-infor\">\n\t\t\t\t<div class=\"info\">\n\t\t\t\t\t<div class=\"content\">\n\t\t\t\t\t\t\t\t\t\t\t\t\t\t\t\t\t\t\t\t\t\t\t\t\t\t\t\t\t\t\t<a class=\"button\" href=\"https:\/\/www.giessegi.com\/es\/personalizado\/ideas-graficas-de-esqui\/esqui-de-fondo\/\">esqu\u00ed de fondo<\/a>\t\t\t\t\t\t\n\t\t\t\t\t\t\t\t\t\t\t<\/div>\n\t\t\t\t<\/div>\n\t\t\t<\/div>\n\t\t<\/div>\n\t<\/div>\n\t<\/div>\n\t\t\t\t<\/div>\n\t\t\t\t<\/div>\n\t\t\t\t\t<\/div>\n\t\t<\/div>\n\t\t\t\t\t<\/div>\n\t\t<\/section>\n\t\t\t\t<\/div>\n\t\t","protected":false},"excerpt":{"rendered":"<p>esqu\u00ed alpino esqu\u00ed de fondo<\/p>\n","protected":false},"author":89,"featured_media":0,"parent":38882,"menu_order":0,"comment_status":"closed","ping_status":"closed","template":"","meta":{"footnotes":""},"class_list":["post-57912","page","type-page","status-publish","hentry"],"yoast_head":"<!-- This site is optimized with the Yoast SEO plugin v27.3 - https:\/\/yoast.com\/product\/yoast-seo-wordpress\/ -->\n<title>ideas gr\u00e1ficas de esqu\u00ed | GSG - Giessegi<\/title>\n<meta name=\"robots\" content=\"index, follow, max-snippet:-1, max-image-preview:large, max-video-preview:-1\" \/>\n<link rel=\"canonical\" href=\"https:\/\/www.giessegi.com\/custom\/idee-grafiche-sci\/\" \/>\n<meta property=\"og:locale\" content=\"es_ES\" \/>\n<meta property=\"og:type\" content=\"article\" \/>\n<meta property=\"og:title\" content=\"ideas gr\u00e1ficas de esqu\u00ed | GSG - Giessegi\" \/>\n<meta property=\"og:description\" content=\"esqu\u00ed alpino esqu\u00ed de fondo\" \/>\n<meta property=\"og:url\" content=\"https:\/\/www.giessegi.com\/custom\/idee-grafiche-sci\/\" \/>\n<meta property=\"og:site_name\" content=\"GSG - Giessegi\" \/>\n<meta property=\"article:modified_time\" content=\"2024-06-06T08:43:57+00:00\" \/>\n<meta property=\"og:image\" content=\"https:\/\/www.giessegi.com\/wp-content\/uploads\/2023\/10\/Idee-grafiche-sci-alpino-1.jpg\" \/>\n<meta name=\"twitter:card\" content=\"summary_large_image\" \/>\n<meta name=\"twitter:label1\" content=\"Tiempo de lectura\" \/>\n\t<meta name=\"twitter:data1\" content=\"1 minuto\" \/>\n<script type=\"application\/ld+json\" class=\"yoast-schema-graph\">{\"@context\":\"https:\\\/\\\/schema.org\",\"@graph\":[{\"@type\":\"WebPage\",\"@id\":\"https:\\\/\\\/www.giessegi.com\\\/custom\\\/idee-grafiche-sci\\\/\",\"url\":\"https:\\\/\\\/www.giessegi.com\\\/custom\\\/idee-grafiche-sci\\\/\",\"name\":\"ideas gr\u00e1ficas de esqu\u00ed | GSG - Giessegi\",\"isPartOf\":{\"@id\":\"https:\\\/\\\/www.giessegi.com\\\/en\\\/#website\"},\"primaryImageOfPage\":{\"@id\":\"https:\\\/\\\/www.giessegi.com\\\/custom\\\/idee-grafiche-sci\\\/#primaryimage\"},\"image\":{\"@id\":\"https:\\\/\\\/www.giessegi.com\\\/custom\\\/idee-grafiche-sci\\\/#primaryimage\"},\"thumbnailUrl\":\"https:\\\/\\\/www.giessegi.com\\\/wp-content\\\/uploads\\\/2023\\\/10\\\/Idee-grafiche-sci-alpino-1.jpg\",\"datePublished\":\"2023-10-24T11:37:00+00:00\",\"dateModified\":\"2024-06-06T08:43:57+00:00\",\"breadcrumb\":{\"@id\":\"https:\\\/\\\/www.giessegi.com\\\/custom\\\/idee-grafiche-sci\\\/#breadcrumb\"},\"inLanguage\":\"es\",\"potentialAction\":[{\"@type\":\"ReadAction\",\"target\":[\"https:\\\/\\\/www.giessegi.com\\\/custom\\\/idee-grafiche-sci\\\/\"]}]},{\"@type\":\"ImageObject\",\"inLanguage\":\"es\",\"@id\":\"https:\\\/\\\/www.giessegi.com\\\/custom\\\/idee-grafiche-sci\\\/#primaryimage\",\"url\":\"https:\\\/\\\/www.giessegi.com\\\/wp-content\\\/uploads\\\/2023\\\/10\\\/Idee-grafiche-sci-alpino-1.jpg\",\"contentUrl\":\"https:\\\/\\\/www.giessegi.com\\\/wp-content\\\/uploads\\\/2023\\\/10\\\/Idee-grafiche-sci-alpino-1.jpg\"},{\"@type\":\"BreadcrumbList\",\"@id\":\"https:\\\/\\\/www.giessegi.com\\\/custom\\\/idee-grafiche-sci\\\/#breadcrumb\",\"itemListElement\":[{\"@type\":\"ListItem\",\"position\":1,\"name\":\"Home\",\"item\":\"https:\\\/\\\/www.giessegi.com\\\/\"},{\"@type\":\"ListItem\",\"position\":2,\"name\":\"Personalizado\",\"item\":\"https:\\\/\\\/www.giessegi.com\\\/custom\\\/\"},{\"@type\":\"ListItem\",\"position\":3,\"name\":\"ideas gr\u00e1ficas de esqu\u00ed\"}]},{\"@type\":\"WebSite\",\"@id\":\"https:\\\/\\\/www.giessegi.com\\\/en\\\/#website\",\"url\":\"https:\\\/\\\/www.giessegi.com\\\/en\\\/\",\"name\":\"Giessegi\",\"description\":\"\",\"publisher\":{\"@id\":\"https:\\\/\\\/www.giessegi.com\\\/en\\\/#organization\"},\"potentialAction\":[{\"@type\":\"SearchAction\",\"target\":{\"@type\":\"EntryPoint\",\"urlTemplate\":\"https:\\\/\\\/www.giessegi.com\\\/en\\\/?s={search_term_string}\"},\"query-input\":{\"@type\":\"PropertyValueSpecification\",\"valueRequired\":true,\"valueName\":\"search_term_string\"}}],\"inLanguage\":\"es\"},{\"@type\":\"Organization\",\"@id\":\"https:\\\/\\\/www.giessegi.com\\\/en\\\/#organization\",\"name\":\"Giessegi\",\"url\":\"https:\\\/\\\/www.giessegi.com\\\/en\\\/\",\"logo\":{\"@type\":\"ImageObject\",\"inLanguage\":\"es\",\"@id\":\"https:\\\/\\\/www.giessegi.com\\\/en\\\/#\\\/schema\\\/logo\\\/image\\\/\",\"url\":\"https:\\\/\\\/www.giessegi.com\\\/wp-content\\\/uploads\\\/2022\\\/09\\\/giessegi-logo.jpeg\",\"contentUrl\":\"https:\\\/\\\/www.giessegi.com\\\/wp-content\\\/uploads\\\/2022\\\/09\\\/giessegi-logo.jpeg\",\"width\":175,\"height\":77,\"caption\":\"Giessegi\"},\"image\":{\"@id\":\"https:\\\/\\\/www.giessegi.com\\\/en\\\/#\\\/schema\\\/logo\\\/image\\\/\"}}]}<\/script>\n<!-- \/ Yoast SEO plugin. -->","yoast_head_json":{"title":"ideas gr\u00e1ficas de esqu\u00ed | GSG - Giessegi","robots":{"index":"index","follow":"follow","max-snippet":"max-snippet:-1","max-image-preview":"max-image-preview:large","max-video-preview":"max-video-preview:-1"},"canonical":"https:\/\/www.giessegi.com\/custom\/idee-grafiche-sci\/","og_locale":"es_ES","og_type":"article","og_title":"ideas gr\u00e1ficas de esqu\u00ed | GSG - Giessegi","og_description":"esqu\u00ed alpino esqu\u00ed de fondo","og_url":"https:\/\/www.giessegi.com\/custom\/idee-grafiche-sci\/","og_site_name":"GSG - Giessegi","article_modified_time":"2024-06-06T08:43:57+00:00","og_image":[{"url":"https:\/\/www.giessegi.com\/wp-content\/uploads\/2023\/10\/Idee-grafiche-sci-alpino-1.jpg","type":"","width":"","height":""}],"twitter_card":"summary_large_image","twitter_misc":{"Tiempo de lectura":"1 minuto"},"schema":{"@context":"https:\/\/schema.org","@graph":[{"@type":"WebPage","@id":"https:\/\/www.giessegi.com\/custom\/idee-grafiche-sci\/","url":"https:\/\/www.giessegi.com\/custom\/idee-grafiche-sci\/","name":"ideas gr\u00e1ficas de esqu\u00ed | GSG - Giessegi","isPartOf":{"@id":"https:\/\/www.giessegi.com\/en\/#website"},"primaryImageOfPage":{"@id":"https:\/\/www.giessegi.com\/custom\/idee-grafiche-sci\/#primaryimage"},"image":{"@id":"https:\/\/www.giessegi.com\/custom\/idee-grafiche-sci\/#primaryimage"},"thumbnailUrl":"https:\/\/www.giessegi.com\/wp-content\/uploads\/2023\/10\/Idee-grafiche-sci-alpino-1.jpg","datePublished":"2023-10-24T11:37:00+00:00","dateModified":"2024-06-06T08:43:57+00:00","breadcrumb":{"@id":"https:\/\/www.giessegi.com\/custom\/idee-grafiche-sci\/#breadcrumb"},"inLanguage":"es","potentialAction":[{"@type":"ReadAction","target":["https:\/\/www.giessegi.com\/custom\/idee-grafiche-sci\/"]}]},{"@type":"ImageObject","inLanguage":"es","@id":"https:\/\/www.giessegi.com\/custom\/idee-grafiche-sci\/#primaryimage","url":"https:\/\/www.giessegi.com\/wp-content\/uploads\/2023\/10\/Idee-grafiche-sci-alpino-1.jpg","contentUrl":"https:\/\/www.giessegi.com\/wp-content\/uploads\/2023\/10\/Idee-grafiche-sci-alpino-1.jpg"},{"@type":"BreadcrumbList","@id":"https:\/\/www.giessegi.com\/custom\/idee-grafiche-sci\/#breadcrumb","itemListElement":[{"@type":"ListItem","position":1,"name":"Home","item":"https:\/\/www.giessegi.com\/"},{"@type":"ListItem","position":2,"name":"Personalizado","item":"https:\/\/www.giessegi.com\/custom\/"},{"@type":"ListItem","position":3,"name":"ideas gr\u00e1ficas de esqu\u00ed"}]},{"@type":"WebSite","@id":"https:\/\/www.giessegi.com\/en\/#website","url":"https:\/\/www.giessegi.com\/en\/","name":"Giessegi","description":"","publisher":{"@id":"https:\/\/www.giessegi.com\/en\/#organization"},"potentialAction":[{"@type":"SearchAction","target":{"@type":"EntryPoint","urlTemplate":"https:\/\/www.giessegi.com\/en\/?s={search_term_string}"},"query-input":{"@type":"PropertyValueSpecification","valueRequired":true,"valueName":"search_term_string"}}],"inLanguage":"es"},{"@type":"Organization","@id":"https:\/\/www.giessegi.com\/en\/#organization","name":"Giessegi","url":"https:\/\/www.giessegi.com\/en\/","logo":{"@type":"ImageObject","inLanguage":"es","@id":"https:\/\/www.giessegi.com\/en\/#\/schema\/logo\/image\/","url":"https:\/\/www.giessegi.com\/wp-content\/uploads\/2022\/09\/giessegi-logo.jpeg","contentUrl":"https:\/\/www.giessegi.com\/wp-content\/uploads\/2022\/09\/giessegi-logo.jpeg","width":175,"height":77,"caption":"Giessegi"},"image":{"@id":"https:\/\/www.giessegi.com\/en\/#\/schema\/logo\/image\/"}}]}},"_links":{"self":[{"href":"https:\/\/www.giessegi.com\/es\/wp-json\/wp\/v2\/pages\/57912","targetHints":{"allow":["GET"]}}],"collection":[{"href":"https:\/\/www.giessegi.com\/es\/wp-json\/wp\/v2\/pages"}],"about":[{"href":"https:\/\/www.giessegi.com\/es\/wp-json\/wp\/v2\/types\/page"}],"author":[{"embeddable":true,"href":"https:\/\/www.giessegi.com\/es\/wp-json\/wp\/v2\/users\/89"}],"replies":[{"embeddable":true,"href":"https:\/\/www.giessegi.com\/es\/wp-json\/wp\/v2\/comments?post=57912"}],"version-history":[{"count":10,"href":"https:\/\/www.giessegi.com\/es\/wp-json\/wp\/v2\/pages\/57912\/revisions"}],"predecessor-version":[{"id":65948,"href":"https:\/\/www.giessegi.com\/es\/wp-json\/wp\/v2\/pages\/57912\/revisions\/65948"}],"up":[{"embeddable":true,"href":"https:\/\/www.giessegi.com\/es\/wp-json\/wp\/v2\/pages\/38882"}],"wp:attachment":[{"href":"https:\/\/www.giessegi.com\/es\/wp-json\/wp\/v2\/media?parent=57912"}],"curies":[{"name":"wp","href":"https:\/\/api.w.org\/{rel}","templated":true}]}}