{"id":38773,"date":"2022-09-19T16:59:37","date_gmt":"2022-09-19T14:59:37","guid":{"rendered":"https:\/\/www.giessegi.com\/invia-ad-un-amico\/"},"modified":"2022-11-02T11:35:23","modified_gmt":"2022-11-02T10:35:23","slug":"invia-ad-un-amico","status":"publish","type":"page","link":"https:\/\/www.giessegi.com\/es\/invia-ad-un-amico\/","title":{"rendered":"Enviar a un amigo"},"content":{"rendered":"\t\t<div data-elementor-type=\"wp-page\" data-elementor-id=\"38773\" class=\"elementor elementor-38773 elementor-36123\">\n\t\t\t\t\t\t<section class=\"elementor-section elementor-top-section elementor-element elementor-element-c976f66 elementor-section-boxed elementor-section-height-default elementor-section-height-default\" data-id=\"c976f66\" data-element_type=\"section\" data-e-type=\"section\">\n\t\t\t\t\t\t<div class=\"elementor-container elementor-column-gap-default\">\n\t\t\t\t\t<div class=\"elementor-column elementor-col-100 elementor-top-column elementor-element elementor-element-48f0333\" data-id=\"48f0333\" data-element_type=\"column\" data-e-type=\"column\">\n\t\t\t<div class=\"elementor-widget-wrap elementor-element-populated\">\n\t\t\t\t\t\t<div class=\"elementor-element elementor-element-73fe498 elementor-widget elementor-widget-text-editor\" data-id=\"73fe498\" data-element_type=\"widget\" data-e-type=\"widget\" data-widget_type=\"text-editor.default\">\n\t\t\t\t<div class=\"elementor-widget-container\">\n\t\t\t\t\t\t\t\t\t<p>Rellene el siguiente formulario.<br \/>\u00a1Atenci\u00f3n! Todos los campos con un asterisco (*) son obligatorios.<\/p>\t\t\t\t\t\t\t\t<\/div>\n\t\t\t\t<\/div>\n\t\t\t\t<div class=\"elementor-element elementor-element-3660327 elementor-widget elementor-widget-formidable\" data-id=\"3660327\" data-element_type=\"widget\" data-e-type=\"widget\" data-widget_type=\"formidable.default\">\n\t\t\t\t<div class=\"elementor-widget-container\">\n\t\t\t\t\t<div class=\"frm_forms  with_frm_style frm_style_stile-di-formidable\" id=\"frm_form_7_container\" >\n<form enctype=\"multipart\/form-data\" method=\"post\" class=\"frm-show-form  frm_pro_form \" id=\"form_zeoo822\" >\n<div class=\"frm_form_fields \">\n<fieldset>\n<legend class=\"frm_screen_reader\">Invia ad un amico ES<\/legend>\r\n\r\n<div class=\"frm_fields_container\">\n<input type=\"hidden\" name=\"frm_action\" value=\"create\" \/>\n<input type=\"hidden\" name=\"form_id\" value=\"7\" \/>\n<input type=\"hidden\" name=\"frm_hide_fields_7\" id=\"frm_hide_fields_7\" value=\"\" \/>\n<input type=\"hidden\" name=\"form_key\" value=\"zeoo822\" \/>\n<input type=\"hidden\" name=\"item_meta[0]\" value=\"\" \/>\n<input type=\"hidden\" id=\"frm_submit_entry_7\" name=\"frm_submit_entry_7\" value=\"c1db92306f\" \/><input type=\"hidden\" name=\"_wp_http_referer\" value=\"\/es\/wp-json\/wp\/v2\/pages\/38773\" \/><div id=\"frm_field_34_container\" class=\"frm_form_field form-field  frm_required_field frm_top_container frm6 frm_first\">\r\n    <label for=\"field_1i8i33\" class=\"frm_primary_label\">Tu correo electr\u00f3nico\r\n        <span class=\"frm_required\">*<\/span>\r\n    <\/label>\r\n    <input type=\"email\" id=\"field_1i8i33\" name=\"item_meta[34]\" value=\"\"  data-reqmsg=\"Este campo es obligatorio\" aria-required=\"true\" data-invmsg=\"Testo non \u00e8 valido\" aria-invalid=\"false\"  \/>\r\n    \r\n    \r\n<\/div>\n<div id=\"frm_field_35_container\" class=\"frm_form_field form-field  frm_required_field frm_top_container frm6 frm6\">\r\n    <label for=\"field_1ldaf3\" class=\"frm_primary_label\">Tu nombre\r\n        <span class=\"frm_required\">*<\/span>\r\n    <\/label>\r\n    <input  type=\"text\" id=\"field_1ldaf3\" name=\"item_meta[35]\" value=\"\"  data-reqmsg=\"Este campo es obligatorio\" aria-required=\"true\" data-invmsg=\"Testo non \u00e8 valido\" aria-invalid=\"false\"   \/>\r\n    \r\n    \r\n<\/div>\n<div id=\"frm_field_36_container\" class=\"frm_form_field form-field  frm_required_field frm_top_container frm6 frm_first\">\r\n    <label for=\"field_zcphp3\" class=\"frm_primary_label\">Nombre del producto\r\n        <span class=\"frm_required\">*<\/span>\r\n    <\/label>\r\n    <input  type=\"text\" id=\"field_zcphp3\" name=\"item_meta[36]\" value=\"\"  data-reqmsg=\"Este campo es obligatorio\" aria-required=\"true\" data-invmsg=\"Testo non \u00e8 valido\" aria-invalid=\"false\"   \/>\r\n    \r\n    \r\n<\/div>\n<div id=\"frm_field_37_container\" class=\"frm_form_field form-field  frm_required_field frm_top_container frm6\">\r\n    <label for=\"field_o1ocu3\" class=\"frm_primary_label\">URL para compartir\r\n        <span class=\"frm_required\">*<\/span>\r\n    <\/label>\r\n    <input  type=\"text\" id=\"field_o1ocu3\" name=\"item_meta[37]\" value=\"\"  data-reqmsg=\"Este campo es obligatorio\" aria-required=\"true\" data-invmsg=\"Testo non \u00e8 valido\" aria-invalid=\"false\"   \/>\r\n    \r\n    \r\n<\/div>\n<div id=\"frm_field_38_container\" class=\"frm_form_field form-field  frm_required_field frm_top_container\">\r\n    <label for=\"field_uwag3\" class=\"frm_primary_label\">Tema\r\n        <span class=\"frm_required\">*<\/span>\r\n    <\/label>\r\n    <input  type=\"text\" id=\"field_uwag3\" name=\"item_meta[38]\" value=\"\"  data-reqmsg=\"Este campo es obligatorio\" aria-required=\"true\" data-invmsg=\"Testo non \u00e8 valido\" aria-invalid=\"false\"   \/>\r\n    \r\n    \r\n<\/div>\n<div id=\"frm_field_39_container\" class=\"frm_form_field form-field  frm_required_field frm_top_container\">\r\n    <label for=\"field_m8o2a3\" class=\"frm_primary_label\">Mensaje\r\n        <span class=\"frm_required\">*<\/span>\r\n    <\/label>\r\n    <textarea name=\"item_meta[39]\" id=\"field_m8o2a3\" rows=\"5\"  data-reqmsg=\"Este campo es obligatorio\" aria-required=\"true\" data-invmsg=\"Mensaje non \u00e8 valido\" aria-invalid=\"false\"  ><\/textarea>\r\n    \r\n    \r\n<\/div>\n<div id=\"frm_field_168_container\" class=\"frm_form_field frm_section_heading form-field \">\n<h3 class=\"frm_pos_top frm_section_spacing\">Direcciones de correo electr\u00f3nico para enviar el correo electr\u00f3nico.<\/h3>\n\n<input type=\"hidden\" name=\"item_meta[168][form]\" value=\"21\" class=\"frm_dnc\" \/>\n\t\t\t<div id=\"frm_section_168-0\" class=\"frm_repeat_sec frm_repeat_168 frm_first_repeat frm_grid_container\">\n<input type=\"hidden\" name=\"item_meta[168][row_ids][]\" value=\"0\" \/><input type=\"hidden\" name=\"item_meta[168][0][0]\" value=\"\" \/><div id=\"frm_field_170-168-0_container\" class=\"frm_form_field form-field  frm_required_field frm_top_container frm_field_170_container\">\n    <label for=\"field_kb2i3-0\" id=\"field_kb2i3-0_label\" class=\"frm_primary_label\">Email\n        <span class=\"frm_required\" aria-hidden=\"true\">*<\/span>\n    <\/label>\n    <input type=\"email\" id=\"field_kb2i3-0\" name=\"item_meta[168][0][170]\" value=\"\"  data-sectionid=\"168\"  data-reqmsg=\"Questo campo non pu\u00f2 essere vuoto.\" aria-required=\"true\" data-invmsg=\"Email non \u00e8 valido\" aria-invalid=\"false\"  \/>\n    \n    \n<\/div>\n<div class=\"frm_form_field frm_hidden_container frm_repeat_buttons \"><a href=\"#\" class=\"frm_add_form_row frm_button\" data-parent=\"168\" aria-label=\"A\u00f1adir\"><svg  viewBox=\"0 0 20 20\" width=\"1em\" height=\"1em\" class=\"frmsvg frm-svg-icon\">\n\t<title>plus1<\/title>\n\t<path d=\"M11 5H9v4H5v2h4v4h2v-4h4V9h-4V5zm-1-5a10 10 0 1 0 0 20 10 10 0 0 0 0-20zm0 18a8 8 0 1 1 0-16 8 8 0 0 1 0 16z\"><\/path>\n\n<\/svg> Agregar<\/a>\n<a href=\"#\" class=\"frm_remove_form_row frm_button\" data-key=\"0\" data-parent=\"168\" aria-label=\"Eliminar\"><svg  viewBox=\"0 0 20 20\" width=\"1em\" height=\"1em\" class=\"frmsvg frm-svg-icon\">\n\t<title>minus1<\/title>\n\t<path d=\"M5 9v2h10V9H5zm5-9a10 10 0 1 0 0 20 10 10 0 0 0 0-20zm0 18a8 8 0 1 1 0-16 8 8 0 0 1 0 16z\"><\/path>\n\n<\/svg> Remover<\/a> <\/div><\/div>\n\n<\/div>\n<div id=\"frm_field_42_container\" class=\"frm_form_field form-field  frm_required_field frm_top_container vertical_radio\">\r\n    <label for=\"field_et9pg3\" class=\"frm_primary_label\">Privacy policy\r\n        <span class=\"frm_required\">*<\/span>\r\n    <\/label>\r\n    <div class=\"frm_opt_container\">\t\t<div class=\"frm_checkbox\" id=\"frm_checkbox_42-0\">\t\t\t<label  for=\"field_et9pg3-0\">\n\t\t\t<input type=\"checkbox\" name=\"item_meta[42][]\" id=\"field_et9pg3-0\" value=\"He le\u00eddo y acepto la &lt;a href=&quot;\/es\/privacy-policy\/&quot; target=&quot;_blank&quot;&gt;privacidad&lt;\/a&gt;\"  data-reqmsg=\"Este campo es obligatorio\" data-invmsg=\"Privacy policy no es v\u00e1lido\"   aria-required=\"true\"  \/> He le\u00eddo y acepto la <a href=\"\/es\/privacy-policy\/\" target=\"_blank\">privacidad<\/a><\/label><\/div>\n<\/div>\r\n    \r\n    \r\n<\/div>\n<div id=\"frm_field_43_container\" class=\"frm_form_field form-field  frm_none_container\">\r\n    <label  class=\"frm_primary_label\">reCAPTCHA\r\n        <span class=\"frm_required\"><\/span>\r\n    <\/label>\r\n    <div  id=\"field_k4tzg3\" class=\"g-recaptcha\" data-sitekey=\"6LcDH9giAAAAAG4tDOmN7mSjptHn6aU06H8tuqgE\" data-size=\"invisible\" data-theme=\"light\" data-callback=\"frmAfterRecaptcha\"><\/div>\r\n    \r\n    \r\n<\/div>\n\t<input type=\"hidden\" name=\"item_key\" value=\"\" \/>\n\t\t\t<div id=\"frm_field_371_container\">\n\t\t\t<label for=\"field_lo1xm\" >\n\t\t\t\tSi eres humano, deja este campo en blanco.\t\t\t<\/label>\n\t\t\t<input  id=\"field_lo1xm\" type=\"text\" class=\"frm_form_field form-field frm_verify\" name=\"item_meta[371]\" value=\"\"  \/>\n\t\t<\/div>\n\t\t<input name=\"frm_state\" type=\"hidden\" value=\"IL\/FKQwa1dvmdUl8wLpE+DF7e5UXKNGohAEQga\/1dsODzJKR8HS+7fswlv1FKRr\/0FH9HSPayW6tfbpGKJ2XHShKHuhiNixCxRx5PRoRKKs=\" \/><div class=\"frm_submit\">\r\n\r\n<button class=\"frm_button_submit frm_final_submit\" type=\"submit\"   formnovalidate=\"formnovalidate\">Enviar<\/button>\r\n\r\n<\/div><\/div>\n<\/fieldset>\n<\/div>\n\n<\/form>\n<\/div>\n\t\t\t\t<\/div>\n\t\t\t\t<\/div>\n\t\t\t\t\t<\/div>\n\t\t<\/div>\n\t\t\t\t\t<\/div>\n\t\t<\/section>\n\t\t\t\t<\/div>\n\t\t","protected":false},"excerpt":{"rendered":"<p>Rellene el siguiente formulario.\u00a1Atenci\u00f3n! Todos los campos con un asterisco (*) son obligatorios. Invia ad un amico ES Tu correo electr\u00f3nico * Tu nombre * Nombre del producto * URL para compartir * Tema * Mensaje * Direcciones de correo electr\u00f3nico para enviar el correo electr\u00f3nico. Email * Aggiungi Rimuovi Privacy policy * He le\u00eddo [&hellip;]<\/p>\n","protected":false},"author":1,"featured_media":0,"parent":0,"menu_order":0,"comment_status":"closed","ping_status":"closed","template":"","meta":{"footnotes":""},"class_list":["post-38773","page","type-page","status-publish","hentry"],"yoast_head":"<!-- This site is optimized with the Yoast SEO plugin v27.3 - https:\/\/yoast.com\/product\/yoast-seo-wordpress\/ -->\n<title>Enviar a un amigo | GSG - Giessegi<\/title>\n<meta name=\"robots\" content=\"index, follow, max-snippet:-1, max-image-preview:large, max-video-preview:-1\" \/>\n<link rel=\"canonical\" href=\"https:\/\/www.giessegi.com\/es\/invia-ad-un-amico\/\" \/>\n<meta property=\"og:locale\" content=\"es_ES\" \/>\n<meta property=\"og:type\" content=\"article\" \/>\n<meta property=\"og:title\" content=\"Enviar a un amigo | GSG - Giessegi\" \/>\n<meta property=\"og:description\" content=\"Rellene el siguiente formulario.\u00a1Atenci\u00f3n! Todos los campos con un asterisco (*) son obligatorios. Invia ad un amico ES Tu correo electr\u00f3nico * Tu nombre * Nombre del producto * URL para compartir * Tema * Mensaje * Direcciones de correo electr\u00f3nico para enviar el correo electr\u00f3nico. Email * Aggiungi Rimuovi Privacy policy * He le\u00eddo [&hellip;]\" \/>\n<meta property=\"og:url\" content=\"https:\/\/www.giessegi.com\/es\/invia-ad-un-amico\/\" \/>\n<meta property=\"og:site_name\" content=\"GSG - Giessegi\" \/>\n<meta property=\"article:modified_time\" content=\"2022-11-02T10:35:23+00:00\" \/>\n<meta name=\"twitter:card\" content=\"summary_large_image\" \/>\n<script type=\"application\/ld+json\" class=\"yoast-schema-graph\">{\"@context\":\"https:\\\/\\\/schema.org\",\"@graph\":[{\"@type\":\"WebPage\",\"@id\":\"https:\\\/\\\/www.giessegi.com\\\/es\\\/invia-ad-un-amico\\\/\",\"url\":\"https:\\\/\\\/www.giessegi.com\\\/es\\\/invia-ad-un-amico\\\/\",\"name\":\"Enviar a un amigo | GSG - Giessegi\",\"isPartOf\":{\"@id\":\"https:\\\/\\\/www.giessegi.com\\\/en\\\/#website\"},\"datePublished\":\"2022-09-19T14:59:37+00:00\",\"dateModified\":\"2022-11-02T10:35:23+00:00\",\"breadcrumb\":{\"@id\":\"https:\\\/\\\/www.giessegi.com\\\/es\\\/invia-ad-un-amico\\\/#breadcrumb\"},\"inLanguage\":\"es\",\"potentialAction\":[{\"@type\":\"ReadAction\",\"target\":[\"https:\\\/\\\/www.giessegi.com\\\/es\\\/invia-ad-un-amico\\\/\"]}]},{\"@type\":\"BreadcrumbList\",\"@id\":\"https:\\\/\\\/www.giessegi.com\\\/es\\\/invia-ad-un-amico\\\/#breadcrumb\",\"itemListElement\":[{\"@type\":\"ListItem\",\"position\":1,\"name\":\"Home\",\"item\":\"https:\\\/\\\/www.giessegi.com\\\/\"},{\"@type\":\"ListItem\",\"position\":2,\"name\":\"Enviar a un amigo\"}]},{\"@type\":\"WebSite\",\"@id\":\"https:\\\/\\\/www.giessegi.com\\\/en\\\/#website\",\"url\":\"https:\\\/\\\/www.giessegi.com\\\/en\\\/\",\"name\":\"Giessegi\",\"description\":\"\",\"publisher\":{\"@id\":\"https:\\\/\\\/www.giessegi.com\\\/en\\\/#organization\"},\"potentialAction\":[{\"@type\":\"SearchAction\",\"target\":{\"@type\":\"EntryPoint\",\"urlTemplate\":\"https:\\\/\\\/www.giessegi.com\\\/en\\\/?s={search_term_string}\"},\"query-input\":{\"@type\":\"PropertyValueSpecification\",\"valueRequired\":true,\"valueName\":\"search_term_string\"}}],\"inLanguage\":\"es\"},{\"@type\":\"Organization\",\"@id\":\"https:\\\/\\\/www.giessegi.com\\\/en\\\/#organization\",\"name\":\"Giessegi\",\"url\":\"https:\\\/\\\/www.giessegi.com\\\/en\\\/\",\"logo\":{\"@type\":\"ImageObject\",\"inLanguage\":\"es\",\"@id\":\"https:\\\/\\\/www.giessegi.com\\\/en\\\/#\\\/schema\\\/logo\\\/image\\\/\",\"url\":\"https:\\\/\\\/www.giessegi.com\\\/wp-content\\\/uploads\\\/2022\\\/09\\\/giessegi-logo.jpeg\",\"contentUrl\":\"https:\\\/\\\/www.giessegi.com\\\/wp-content\\\/uploads\\\/2022\\\/09\\\/giessegi-logo.jpeg\",\"width\":175,\"height\":77,\"caption\":\"Giessegi\"},\"image\":{\"@id\":\"https:\\\/\\\/www.giessegi.com\\\/en\\\/#\\\/schema\\\/logo\\\/image\\\/\"}}]}<\/script>\n<!-- \/ Yoast SEO plugin. -->","yoast_head_json":{"title":"Enviar a un amigo | GSG - Giessegi","robots":{"index":"index","follow":"follow","max-snippet":"max-snippet:-1","max-image-preview":"max-image-preview:large","max-video-preview":"max-video-preview:-1"},"canonical":"https:\/\/www.giessegi.com\/es\/invia-ad-un-amico\/","og_locale":"es_ES","og_type":"article","og_title":"Enviar a un amigo | GSG - Giessegi","og_description":"Rellene el siguiente formulario.\u00a1Atenci\u00f3n! Todos los campos con un asterisco (*) son obligatorios. Invia ad un amico ES Tu correo electr\u00f3nico * Tu nombre * Nombre del producto * URL para compartir * Tema * Mensaje * Direcciones de correo electr\u00f3nico para enviar el correo electr\u00f3nico. Email * Aggiungi Rimuovi Privacy policy * He le\u00eddo [&hellip;]","og_url":"https:\/\/www.giessegi.com\/es\/invia-ad-un-amico\/","og_site_name":"GSG - Giessegi","article_modified_time":"2022-11-02T10:35:23+00:00","twitter_card":"summary_large_image","schema":{"@context":"https:\/\/schema.org","@graph":[{"@type":"WebPage","@id":"https:\/\/www.giessegi.com\/es\/invia-ad-un-amico\/","url":"https:\/\/www.giessegi.com\/es\/invia-ad-un-amico\/","name":"Enviar a un amigo | GSG - Giessegi","isPartOf":{"@id":"https:\/\/www.giessegi.com\/en\/#website"},"datePublished":"2022-09-19T14:59:37+00:00","dateModified":"2022-11-02T10:35:23+00:00","breadcrumb":{"@id":"https:\/\/www.giessegi.com\/es\/invia-ad-un-amico\/#breadcrumb"},"inLanguage":"es","potentialAction":[{"@type":"ReadAction","target":["https:\/\/www.giessegi.com\/es\/invia-ad-un-amico\/"]}]},{"@type":"BreadcrumbList","@id":"https:\/\/www.giessegi.com\/es\/invia-ad-un-amico\/#breadcrumb","itemListElement":[{"@type":"ListItem","position":1,"name":"Home","item":"https:\/\/www.giessegi.com\/"},{"@type":"ListItem","position":2,"name":"Enviar a un amigo"}]},{"@type":"WebSite","@id":"https:\/\/www.giessegi.com\/en\/#website","url":"https:\/\/www.giessegi.com\/en\/","name":"Giessegi","description":"","publisher":{"@id":"https:\/\/www.giessegi.com\/en\/#organization"},"potentialAction":[{"@type":"SearchAction","target":{"@type":"EntryPoint","urlTemplate":"https:\/\/www.giessegi.com\/en\/?s={search_term_string}"},"query-input":{"@type":"PropertyValueSpecification","valueRequired":true,"valueName":"search_term_string"}}],"inLanguage":"es"},{"@type":"Organization","@id":"https:\/\/www.giessegi.com\/en\/#organization","name":"Giessegi","url":"https:\/\/www.giessegi.com\/en\/","logo":{"@type":"ImageObject","inLanguage":"es","@id":"https:\/\/www.giessegi.com\/en\/#\/schema\/logo\/image\/","url":"https:\/\/www.giessegi.com\/wp-content\/uploads\/2022\/09\/giessegi-logo.jpeg","contentUrl":"https:\/\/www.giessegi.com\/wp-content\/uploads\/2022\/09\/giessegi-logo.jpeg","width":175,"height":77,"caption":"Giessegi"},"image":{"@id":"https:\/\/www.giessegi.com\/en\/#\/schema\/logo\/image\/"}}]}},"_links":{"self":[{"href":"https:\/\/www.giessegi.com\/es\/wp-json\/wp\/v2\/pages\/38773","targetHints":{"allow":["GET"]}}],"collection":[{"href":"https:\/\/www.giessegi.com\/es\/wp-json\/wp\/v2\/pages"}],"about":[{"href":"https:\/\/www.giessegi.com\/es\/wp-json\/wp\/v2\/types\/page"}],"author":[{"embeddable":true,"href":"https:\/\/www.giessegi.com\/es\/wp-json\/wp\/v2\/users\/1"}],"replies":[{"embeddable":true,"href":"https:\/\/www.giessegi.com\/es\/wp-json\/wp\/v2\/comments?post=38773"}],"version-history":[{"count":7,"href":"https:\/\/www.giessegi.com\/es\/wp-json\/wp\/v2\/pages\/38773\/revisions"}],"predecessor-version":[{"id":38796,"href":"https:\/\/www.giessegi.com\/es\/wp-json\/wp\/v2\/pages\/38773\/revisions\/38796"}],"wp:attachment":[{"href":"https:\/\/www.giessegi.com\/es\/wp-json\/wp\/v2\/media?parent=38773"}],"curies":[{"name":"wp","href":"https:\/\/api.w.org\/{rel}","templated":true}]}}