{"id":37978,"date":"2020-09-08T04:43:26","date_gmt":"2020-09-08T02:43:26","guid":{"rendered":"https:\/\/www.giessegi.com\/contatti\/"},"modified":"2022-11-23T14:23:47","modified_gmt":"2022-11-23T13:23:47","slug":"contactos","status":"publish","type":"page","link":"https:\/\/www.giessegi.com\/es\/contactos\/","title":{"rendered":"Cont\u00e1ctos"},"content":{"rendered":"\t\t<div data-elementor-type=\"wp-page\" data-elementor-id=\"37978\" class=\"elementor elementor-37978 elementor-15115\">\n\t\t\t\t\t\t<section class=\"elementor-section elementor-top-section elementor-element elementor-element-06ea968 elementor-section-boxed elementor-section-height-default elementor-section-height-default\" data-id=\"06ea968\" data-element_type=\"section\" data-e-type=\"section\">\n\t\t\t\t\t\t<div class=\"elementor-container elementor-column-gap-default\">\n\t\t\t\t\t<div class=\"elementor-column elementor-col-50 elementor-top-column elementor-element elementor-element-3f10b22\" data-id=\"3f10b22\" data-element_type=\"column\" data-e-type=\"column\">\n\t\t\t<div class=\"elementor-widget-wrap elementor-element-populated\">\n\t\t\t\t\t\t<div class=\"elementor-element elementor-element-b9c4d2d elementor-widget elementor-widget-html\" data-id=\"b9c4d2d\" data-element_type=\"widget\" data-e-type=\"widget\" data-widget_type=\"html.default\">\n\t\t\t\t<div class=\"elementor-widget-container\">\n\t\t\t\t\t<iframe src=\"https:\/\/www.google.com\/maps\/embed?pb=!1m18!1m12!1m3!1d5705670.7020748425!2d3.4901241999999892!3d45.71159810000001!2m3!1f0!2f0!3f0!3m2!1i1024!2i768!4f13.1!3m3!1m2!1s0x477928f0353472cf%3A0xf2d74797641fb608!2sGiessegi%20s.r.l.!5e0!3m2!1sit!2sit!4v1667382643471!5m2!1sit!2sit\" width=\"600\" height=\"415\" style=\"border:0; zoom: 1.4\" allowfullscreen=\"\" loading=\"lazy\" referrerpolicy=\"no-referrer-when-downgrade\"><\/iframe>\t\t\t\t<\/div>\n\t\t\t\t<\/div>\n\t\t\t\t<section class=\"elementor-section elementor-inner-section elementor-element elementor-element-381a2e1 elementor-section-boxed elementor-section-height-default elementor-section-height-default\" data-id=\"381a2e1\" data-element_type=\"section\" data-e-type=\"section\">\n\t\t\t\t\t\t<div class=\"elementor-container elementor-column-gap-default\">\n\t\t\t\t\t<div class=\"elementor-column elementor-col-50 elementor-inner-column elementor-element elementor-element-0621062\" data-id=\"0621062\" data-element_type=\"column\" data-e-type=\"column\">\n\t\t\t<div class=\"elementor-widget-wrap elementor-element-populated\">\n\t\t\t\t\t\t<div class=\"elementor-element elementor-element-2389e7b elementor-widget elementor-widget-heading\" data-id=\"2389e7b\" data-element_type=\"widget\" data-e-type=\"widget\" data-widget_type=\"heading.default\">\n\t\t\t\t<div class=\"elementor-widget-container\">\n\t\t\t\t\t<h2 class=\"elementor-heading-title elementor-size-default\">DONDE ESTAMOS<\/h2>\t\t\t\t<\/div>\n\t\t\t\t<\/div>\n\t\t\t\t<div class=\"elementor-element elementor-element-415d2fd elementor-widget elementor-widget-text-editor\" data-id=\"415d2fd\" data-element_type=\"widget\" data-e-type=\"widget\" data-widget_type=\"text-editor.default\">\n\t\t\t\t<div class=\"elementor-widget-container\">\n\t\t\t\t\t\t\t\t\t<p>Via E. Minato, 2 &#8211; 31030 Vall\u00e0 di Riese Pio X (TV) \u2013 Italia<\/p><p>Abierto lunes &#8211; viernes<\/p><p>08.00 \u2013 12.00 e 12.30 \u2013 16.30<\/p>\t\t\t\t\t\t\t\t<\/div>\n\t\t\t\t<\/div>\n\t\t\t\t\t<\/div>\n\t\t<\/div>\n\t\t\t\t<div class=\"elementor-column elementor-col-50 elementor-inner-column elementor-element elementor-element-c014cb6\" data-id=\"c014cb6\" data-element_type=\"column\" data-e-type=\"column\">\n\t\t\t<div class=\"elementor-widget-wrap elementor-element-populated\">\n\t\t\t\t\t\t<div class=\"elementor-element elementor-element-8bb3eb0 elementor-widget elementor-widget-heading\" data-id=\"8bb3eb0\" data-element_type=\"widget\" data-e-type=\"widget\" data-widget_type=\"heading.default\">\n\t\t\t\t<div class=\"elementor-widget-container\">\n\t\t\t\t\t<h2 class=\"elementor-heading-title elementor-size-default\">CONT\u00c1CTOS<\/h2>\t\t\t\t<\/div>\n\t\t\t\t<\/div>\n\t\t\t\t<div class=\"elementor-element elementor-element-74545ef elementor-widget elementor-widget-text-editor\" data-id=\"74545ef\" data-element_type=\"widget\" data-e-type=\"widget\" data-widget_type=\"text-editor.default\">\n\t\t\t\t<div class=\"elementor-widget-container\">\n\t\t\t\t\t\t\t\t\t<p>Email: info@giessegi.com<\/p><p>Tel\u00e9fono: (+39) 0423 746809<\/p><p>Fax: (+39) 0423 747084<\/p>\t\t\t\t\t\t\t\t<\/div>\n\t\t\t\t<\/div>\n\t\t\t\t\t<\/div>\n\t\t<\/div>\n\t\t\t\t\t<\/div>\n\t\t<\/section>\n\t\t\t\t\t<\/div>\n\t\t<\/div>\n\t\t\t\t<div class=\"elementor-column elementor-col-50 elementor-top-column elementor-element elementor-element-2d981a4\" data-id=\"2d981a4\" data-element_type=\"column\" data-e-type=\"column\" data-settings=\"{&quot;background_background&quot;:&quot;classic&quot;}\">\n\t\t\t<div class=\"elementor-widget-wrap elementor-element-populated\">\n\t\t\t\t\t\t<div class=\"elementor-element elementor-element-2bb8be4 elementor-widget elementor-widget-formidable\" data-id=\"2bb8be4\" data-element_type=\"widget\" data-e-type=\"widget\" data-widget_type=\"formidable.default\">\n\t\t\t\t<div class=\"elementor-widget-container\">\n\t\t\t\t\t<div class=\"frm_forms  with_frm_style frm_style_stile-di-formidable\" id=\"frm_form_13_container\" >\n<form enctype=\"multipart\/form-data\" method=\"post\" class=\"frm-show-form  frm_pro_form \" id=\"form_d1fc3\" >\n<div class=\"frm_form_fields \">\n<fieldset>\n<legend class=\"frm_hidden\">Contatti - ES<\/legend>\r\n\r\n<div class=\"frm_fields_container\">\n<input type=\"hidden\" name=\"frm_action\" value=\"create\" \/>\n<input type=\"hidden\" name=\"form_id\" value=\"13\" \/>\n<input type=\"hidden\" name=\"frm_hide_fields_13\" id=\"frm_hide_fields_13\" value=\"\" \/>\n<input type=\"hidden\" name=\"form_key\" value=\"d1fc3\" \/>\n<input type=\"hidden\" name=\"item_meta[0]\" value=\"\" \/>\n<input type=\"hidden\" id=\"frm_submit_entry_13\" name=\"frm_submit_entry_13\" value=\"31f77b8a47\" \/><input type=\"hidden\" name=\"_wp_http_referer\" value=\"\/es\/wp-json\/wp\/v2\/pages\/37978\" \/><div id=\"frm_field_115_container\" class=\"frm_form_field form-field  frm_required_field frm_top_container frm6 frm_first\">\r\n    <label for=\"field_ir3fb3\" class=\"frm_primary_label\">Nombre\r\n        <span class=\"frm_required\">*<\/span>\r\n    <\/label>\r\n    <input  type=\"text\" id=\"field_ir3fb3\" name=\"item_meta[115]\" value=\"\"  data-reqmsg=\"Este campo no puede estar vac\u00edo.\" aria-required=\"true\" data-invmsg=\"Nombre non \u00e8 valido\" aria-invalid=\"false\"   \/>\r\n    \r\n    \r\n<\/div>\n<div id=\"frm_field_116_container\" class=\"frm_form_field form-field  frm_required_field frm_top_container frm6\">\r\n    <label for=\"field_gbbk13\" class=\"frm_primary_label\">Apellido\r\n        <span class=\"frm_required\">*<\/span>\r\n    <\/label>\r\n    <input  type=\"text\" id=\"field_gbbk13\" name=\"item_meta[116]\" value=\"\"  data-reqmsg=\"Este campo no puede estar vac\u00edo.\" aria-required=\"true\" data-invmsg=\"Apellido non \u00e8 valido\" aria-invalid=\"false\"   \/>\r\n    \r\n    \r\n<\/div>\n<div id=\"frm_field_117_container\" class=\"frm_form_field form-field  frm_required_field frm_top_container\">\r\n    <label for=\"field_tutap\" class=\"frm_primary_label\">Ciudad\r\n        <span class=\"frm_required\">*<\/span>\r\n    <\/label>\r\n    <input  type=\"text\" id=\"field_tutap\" name=\"item_meta[117]\" value=\"\"  data-reqmsg=\"Questo campo non pu\u00f2 essere vuoto.\" aria-required=\"true\" data-invmsg=\"Ciudad non \u00e8 valido\" aria-invalid=\"false\"   \/>\r\n    \r\n    \r\n<\/div>\n<div id=\"frm_field_118_container\" class=\"frm_form_field form-field  frm_required_field frm_top_container frm6 frm_first\">\r\n    <label for=\"field_pob783\" class=\"frm_primary_label\">Email\r\n        <span class=\"frm_required\">*<\/span>\r\n    <\/label>\r\n    <input type=\"email\" id=\"field_pob783\" name=\"item_meta[118]\" value=\"\"  data-reqmsg=\"Este campo no puede estar vac\u00edo.\" aria-required=\"true\" data-invmsg=\"Email non \u00e8 valido\" aria-invalid=\"false\"  \/>\r\n    \r\n    \r\n<\/div>\n<div id=\"frm_field_119_container\" class=\"frm_form_field form-field  frm_required_field frm_top_container frm6\">\r\n    <label for=\"field_da9753\" class=\"frm_primary_label\">Tel\u00e9fono\r\n        <span class=\"frm_required\">*<\/span>\r\n    <\/label>\r\n    <input type=\"tel\" id=\"field_da9753\" name=\"item_meta[119]\" value=\"\"  style=\"width:115px\" data-reqmsg=\"Questo campo non pu\u00f2 essere vuoto.\" aria-required=\"true\" data-invmsg=\"Tel\/Cell non \u00e8 valido\" class=\"auto_width\" aria-invalid=\"false\" pattern=\"((\\+\\d{1,3}(-|.| )?\\(?\\d\\)?(-| |.)?\\d{1,5})|(\\(?\\d{2,6}\\)?))(-|.| )?(\\d{3,4})(-|.| )?(\\d{4})(( x| ext)\\d{1,5}){0,1}$\"  \/>\r\n    \r\n    \r\n<\/div>\n<div id=\"frm_field_120_container\" class=\"frm_form_field form-field  frm_required_field frm_top_container\">\r\n    <label for=\"field_y8f4j3\" class=\"frm_primary_label\">Mensaje\r\n        <span class=\"frm_required\">*<\/span>\r\n    <\/label>\r\n    <textarea name=\"item_meta[120]\" id=\"field_y8f4j3\" rows=\"5\"  data-reqmsg=\"Este campo no puede estar vac\u00edo.\" aria-required=\"true\" data-invmsg=\"Mensaje non \u00e8 valido\" aria-invalid=\"false\"  ><\/textarea>\r\n    \r\n    \r\n<\/div>\n<div id=\"frm_field_262_container\" class=\"frm_form_field form-field  frm_top_container vertical_radio\">\n    <div id=\"field_subva_label\" class=\"frm_primary_label\">\u00bfC\u00f3mo nos conociste?\n        <span class=\"frm_required\" aria-hidden=\"true\"><\/span>\n    <\/div>\n    <div class=\"frm_opt_container\" role=\"group\">\t\t<div class=\"frm_checkbox\" id=\"frm_checkbox_262-0\">\t\t\t<label  for=\"field_subva-0\">\n\t\t\t<input type=\"checkbox\" name=\"item_meta[262][]\" id=\"field_subva-0\" value=\"Publicidad en buscadores (Google)\"  data-invmsg=\"\u00bfC\u00f3mo nos conociste? no es v\u00e1lido\"   \/> Publicidad en buscadores (Google)<\/label><\/div>\n\t\t<div class=\"frm_checkbox\" id=\"frm_checkbox_262-1\">\t\t\t<label  for=\"field_subva-1\">\n\t\t\t<input type=\"checkbox\" name=\"item_meta[262][]\" id=\"field_subva-1\" value=\"Social network (Instagram, Facebook, X, Linkedin)\"  data-invmsg=\"\u00bfC\u00f3mo nos conociste? no es v\u00e1lido\"   \/> Social network (Instagram, Facebook, X, Linkedin)<\/label><\/div>\n\t\t<div class=\"frm_checkbox\" id=\"frm_checkbox_262-2\">\t\t\t<label  for=\"field_subva-2\">\n\t\t\t<input type=\"checkbox\" name=\"item_meta[262][]\" id=\"field_subva-2\" value=\"Newsletter\"  data-invmsg=\"\u00bfC\u00f3mo nos conociste? no es v\u00e1lido\"   \/> Newsletter<\/label><\/div>\n\t\t<div class=\"frm_checkbox\" id=\"frm_checkbox_262-3\">\t\t\t<label  for=\"field_subva-3\">\n\t\t\t<input type=\"checkbox\" name=\"item_meta[262][]\" id=\"field_subva-3\" value=\"Presencia en un evento\"  data-invmsg=\"\u00bfC\u00f3mo nos conociste? no es v\u00e1lido\"   \/> Presencia en un evento<\/label><\/div>\n\t\t<div class=\"frm_checkbox\" id=\"frm_checkbox_262-4\">\t\t\t<label  for=\"field_subva-4\">\n\t\t\t<input type=\"checkbox\" name=\"item_meta[262][]\" id=\"field_subva-4\" value=\"Pasa la palabra\"  data-invmsg=\"\u00bfC\u00f3mo nos conociste? no es v\u00e1lido\"   \/> Pasa la palabra<\/label><\/div>\n\t\t<div class=\"frm_checkbox\" id=\"frm_checkbox_262-5\">\t\t\t<label  for=\"field_subva-5\">\n\t\t\t<input type=\"checkbox\" name=\"item_meta[262][]\" id=\"field_subva-5\" value=\"Equipos patrocinados\"  data-invmsg=\"\u00bfC\u00f3mo nos conociste? no es v\u00e1lido\"   \/> Equipos patrocinados<\/label><\/div>\n<\/div>\n    \n    \n<\/div>\n<div id=\"frm_field_121_container\" class=\"frm_form_field form-field  frm_required_field frm_top_container vertical_radio\">\r\n    <label class=\"frm_primary_label\">Privacy Policy\r\n        <span class=\"frm_required\">*<\/span>\r\n    <\/label>\r\n    <div class=\"frm_opt_container\">\t\t<div class=\"frm_checkbox\" id=\"frm_checkbox_121-0\">\t\t\t<label  for=\"field_51sm43-0\">\n\t\t\t<input type=\"checkbox\" name=\"item_meta[121][]\" id=\"field_51sm43-0\" value=\"He le\u00eddo y acepto la &lt;a href=&quot;\/es\/privacy-policy\/&quot; target=&quot;_blank&quot;&gt;privacidad&lt;\/a&gt;\"  data-reqmsg=\"Este campo no puede estar vac\u00edo.\" data-invmsg=\"Privacy Policy no es v\u00e1lido\"   aria-required=\"true\"  \/> He le\u00eddo y acepto la <a href=\"\/es\/privacy-policy\/\" target=\"_blank\">privacidad<\/a><\/label><\/div>\n<\/div>\r\n    \r\n    \r\n<\/div>\n<div id=\"frm_field_122_container\" class=\"frm_form_field form-field  frm_none_container\">\r\n    <label class=\"frm_primary_label\">Captcha\r\n        <span class=\"frm_required\"><\/span>\r\n    <\/label>\r\n    <div  id=\"field_lm05g\" class=\"g-recaptcha\" data-sitekey=\"6LcDH9giAAAAAG4tDOmN7mSjptHn6aU06H8tuqgE\" data-size=\"invisible\" data-theme=\"light\" data-callback=\"frmAfterRecaptcha\"><\/div>\r\n    \r\n    \r\n<\/div>\n\t<input type=\"hidden\" name=\"item_key\" value=\"\" \/>\n\t\t\t<div id=\"frm_field_371_container\">\n\t\t\t<label for=\"field_tjvk3\" >\n\t\t\t\tSi eres humano, deja este campo en blanco.\t\t\t<\/label>\n\t\t\t<input  id=\"field_tjvk3\" type=\"text\" class=\"frm_form_field form-field frm_verify\" name=\"item_meta[371]\" value=\"\"  \/>\n\t\t<\/div>\n\t\t<input name=\"frm_state\" type=\"hidden\" value=\"IL\/FKQwa1dvmdUl8wLpE+M8ZjAwu6f3wUZGRobe8ZmZh5RssUu8GS+309cT9pjlj\" \/><div class=\"frm_submit\">\r\n\r\n<input type=\"submit\" value=\"Enviar mensajes\"  class=\"frm_final_submit\" formnovalidate=\"formnovalidate\" \/>\r\n<img decoding=\"async\" class=\"frm_ajax_loading\" src=\"https:\/\/www.giessegi.com\/wp-content\/plugins\/formidable\/images\/ajax_loader.gif\" alt=\"Invio\"\/>\r\n\r\n<\/div><\/div>\n<\/fieldset>\n<\/div>\n\n<\/form>\n<\/div>\n\t\t\t\t<\/div>\n\t\t\t\t<\/div>\n\t\t\t\t\t<\/div>\n\t\t<\/div>\n\t\t\t\t\t<\/div>\n\t\t<\/section>\n\t\t\t\t<\/div>\n\t\t","protected":false},"excerpt":{"rendered":"<p>DONDE ESTAMOS Via E. Minato, 2 &#8211; 31030 Vall\u00e0 di Riese Pio X (TV) \u2013 Italia Abierto lunes &#8211; viernes 08.00 \u2013 12.00 e 12.30 \u2013 16.30 CONT\u00c1CTOS Email: info@giessegi.com Tel\u00e9fono: (+39) 0423 746809 Fax: (+39) 0423 747084 Contatti &#8211; ES Nombre * Apellido * Ciudad * Email * Tel\u00e9fono * Mensaje * Privacy Policy [&hellip;]<\/p>\n","protected":false},"author":1,"featured_media":0,"parent":0,"menu_order":0,"comment_status":"closed","ping_status":"closed","template":"","meta":{"footnotes":""},"class_list":["post-37978","page","type-page","status-publish","hentry"],"yoast_head":"<!-- This site is optimized with the Yoast SEO plugin v27.3 - https:\/\/yoast.com\/product\/yoast-seo-wordpress\/ -->\n<title>Cont\u00e1ctos | GSG - Giessegi<\/title>\n<meta name=\"robots\" content=\"index, follow, max-snippet:-1, max-image-preview:large, max-video-preview:-1\" \/>\n<link rel=\"canonical\" href=\"https:\/\/www.giessegi.com\/es\/contactos\/\" \/>\n<meta property=\"og:locale\" content=\"es_ES\" \/>\n<meta property=\"og:type\" content=\"article\" \/>\n<meta property=\"og:title\" content=\"Cont\u00e1ctos | GSG - Giessegi\" \/>\n<meta property=\"og:description\" content=\"DONDE ESTAMOS Via E. Minato, 2 &#8211; 31030 Vall\u00e0 di Riese Pio X (TV) \u2013 Italia Abierto lunes &#8211; viernes 08.00 \u2013 12.00 e 12.30 \u2013 16.30 CONT\u00c1CTOS Email: info@giessegi.com Tel\u00e9fono: (+39) 0423 746809 Fax: (+39) 0423 747084 Contatti &#8211; ES Nombre * Apellido * Ciudad * Email * Tel\u00e9fono * Mensaje * Privacy Policy [&hellip;]\" \/>\n<meta property=\"og:url\" content=\"https:\/\/www.giessegi.com\/es\/contactos\/\" \/>\n<meta property=\"og:site_name\" content=\"GSG - Giessegi\" \/>\n<meta property=\"article:modified_time\" content=\"2022-11-23T13:23:47+00:00\" \/>\n<meta property=\"og:image\" content=\"https:\/\/www.giessegi.com\/wp-content\/plugins\/formidable\/images\/ajax_loader.gif\" \/>\n<meta name=\"twitter:card\" content=\"summary_large_image\" \/>\n<meta name=\"twitter:label1\" content=\"Tiempo de lectura\" \/>\n\t<meta name=\"twitter:data1\" content=\"1 minuto\" \/>\n<script type=\"application\/ld+json\" class=\"yoast-schema-graph\">{\"@context\":\"https:\\\/\\\/schema.org\",\"@graph\":[{\"@type\":\"WebPage\",\"@id\":\"https:\\\/\\\/www.giessegi.com\\\/es\\\/contactos\\\/\",\"url\":\"https:\\\/\\\/www.giessegi.com\\\/es\\\/contactos\\\/\",\"name\":\"Cont\u00e1ctos | GSG - Giessegi\",\"isPartOf\":{\"@id\":\"https:\\\/\\\/www.giessegi.com\\\/en\\\/#website\"},\"primaryImageOfPage\":{\"@id\":\"https:\\\/\\\/www.giessegi.com\\\/es\\\/contactos\\\/#primaryimage\"},\"image\":{\"@id\":\"https:\\\/\\\/www.giessegi.com\\\/es\\\/contactos\\\/#primaryimage\"},\"thumbnailUrl\":\"https:\\\/\\\/www.giessegi.com\\\/wp-content\\\/plugins\\\/formidable\\\/images\\\/ajax_loader.gif\",\"datePublished\":\"2020-09-08T02:43:26+00:00\",\"dateModified\":\"2022-11-23T13:23:47+00:00\",\"breadcrumb\":{\"@id\":\"https:\\\/\\\/www.giessegi.com\\\/es\\\/contactos\\\/#breadcrumb\"},\"inLanguage\":\"es\",\"potentialAction\":[{\"@type\":\"ReadAction\",\"target\":[\"https:\\\/\\\/www.giessegi.com\\\/es\\\/contactos\\\/\"]}]},{\"@type\":\"ImageObject\",\"inLanguage\":\"es\",\"@id\":\"https:\\\/\\\/www.giessegi.com\\\/es\\\/contactos\\\/#primaryimage\",\"url\":\"https:\\\/\\\/www.giessegi.com\\\/wp-content\\\/plugins\\\/formidable\\\/images\\\/ajax_loader.gif\",\"contentUrl\":\"https:\\\/\\\/www.giessegi.com\\\/wp-content\\\/plugins\\\/formidable\\\/images\\\/ajax_loader.gif\"},{\"@type\":\"BreadcrumbList\",\"@id\":\"https:\\\/\\\/www.giessegi.com\\\/es\\\/contactos\\\/#breadcrumb\",\"itemListElement\":[{\"@type\":\"ListItem\",\"position\":1,\"name\":\"Home\",\"item\":\"https:\\\/\\\/www.giessegi.com\\\/\"},{\"@type\":\"ListItem\",\"position\":2,\"name\":\"Cont\u00e1ctos\"}]},{\"@type\":\"WebSite\",\"@id\":\"https:\\\/\\\/www.giessegi.com\\\/en\\\/#website\",\"url\":\"https:\\\/\\\/www.giessegi.com\\\/en\\\/\",\"name\":\"Giessegi\",\"description\":\"\",\"publisher\":{\"@id\":\"https:\\\/\\\/www.giessegi.com\\\/en\\\/#organization\"},\"potentialAction\":[{\"@type\":\"SearchAction\",\"target\":{\"@type\":\"EntryPoint\",\"urlTemplate\":\"https:\\\/\\\/www.giessegi.com\\\/en\\\/?s={search_term_string}\"},\"query-input\":{\"@type\":\"PropertyValueSpecification\",\"valueRequired\":true,\"valueName\":\"search_term_string\"}}],\"inLanguage\":\"es\"},{\"@type\":\"Organization\",\"@id\":\"https:\\\/\\\/www.giessegi.com\\\/en\\\/#organization\",\"name\":\"Giessegi\",\"url\":\"https:\\\/\\\/www.giessegi.com\\\/en\\\/\",\"logo\":{\"@type\":\"ImageObject\",\"inLanguage\":\"es\",\"@id\":\"https:\\\/\\\/www.giessegi.com\\\/en\\\/#\\\/schema\\\/logo\\\/image\\\/\",\"url\":\"https:\\\/\\\/www.giessegi.com\\\/wp-content\\\/uploads\\\/2022\\\/09\\\/giessegi-logo.jpeg\",\"contentUrl\":\"https:\\\/\\\/www.giessegi.com\\\/wp-content\\\/uploads\\\/2022\\\/09\\\/giessegi-logo.jpeg\",\"width\":175,\"height\":77,\"caption\":\"Giessegi\"},\"image\":{\"@id\":\"https:\\\/\\\/www.giessegi.com\\\/en\\\/#\\\/schema\\\/logo\\\/image\\\/\"}}]}<\/script>\n<!-- \/ Yoast SEO plugin. -->","yoast_head_json":{"title":"Cont\u00e1ctos | GSG - Giessegi","robots":{"index":"index","follow":"follow","max-snippet":"max-snippet:-1","max-image-preview":"max-image-preview:large","max-video-preview":"max-video-preview:-1"},"canonical":"https:\/\/www.giessegi.com\/es\/contactos\/","og_locale":"es_ES","og_type":"article","og_title":"Cont\u00e1ctos | GSG - Giessegi","og_description":"DONDE ESTAMOS Via E. Minato, 2 &#8211; 31030 Vall\u00e0 di Riese Pio X (TV) \u2013 Italia Abierto lunes &#8211; viernes 08.00 \u2013 12.00 e 12.30 \u2013 16.30 CONT\u00c1CTOS Email: info@giessegi.com Tel\u00e9fono: (+39) 0423 746809 Fax: (+39) 0423 747084 Contatti &#8211; ES Nombre * Apellido * Ciudad * Email * Tel\u00e9fono * Mensaje * Privacy Policy [&hellip;]","og_url":"https:\/\/www.giessegi.com\/es\/contactos\/","og_site_name":"GSG - Giessegi","article_modified_time":"2022-11-23T13:23:47+00:00","og_image":[{"url":"https:\/\/www.giessegi.com\/wp-content\/plugins\/formidable\/images\/ajax_loader.gif","type":"","width":"","height":""}],"twitter_card":"summary_large_image","twitter_misc":{"Tiempo de lectura":"1 minuto"},"schema":{"@context":"https:\/\/schema.org","@graph":[{"@type":"WebPage","@id":"https:\/\/www.giessegi.com\/es\/contactos\/","url":"https:\/\/www.giessegi.com\/es\/contactos\/","name":"Cont\u00e1ctos | GSG - Giessegi","isPartOf":{"@id":"https:\/\/www.giessegi.com\/en\/#website"},"primaryImageOfPage":{"@id":"https:\/\/www.giessegi.com\/es\/contactos\/#primaryimage"},"image":{"@id":"https:\/\/www.giessegi.com\/es\/contactos\/#primaryimage"},"thumbnailUrl":"https:\/\/www.giessegi.com\/wp-content\/plugins\/formidable\/images\/ajax_loader.gif","datePublished":"2020-09-08T02:43:26+00:00","dateModified":"2022-11-23T13:23:47+00:00","breadcrumb":{"@id":"https:\/\/www.giessegi.com\/es\/contactos\/#breadcrumb"},"inLanguage":"es","potentialAction":[{"@type":"ReadAction","target":["https:\/\/www.giessegi.com\/es\/contactos\/"]}]},{"@type":"ImageObject","inLanguage":"es","@id":"https:\/\/www.giessegi.com\/es\/contactos\/#primaryimage","url":"https:\/\/www.giessegi.com\/wp-content\/plugins\/formidable\/images\/ajax_loader.gif","contentUrl":"https:\/\/www.giessegi.com\/wp-content\/plugins\/formidable\/images\/ajax_loader.gif"},{"@type":"BreadcrumbList","@id":"https:\/\/www.giessegi.com\/es\/contactos\/#breadcrumb","itemListElement":[{"@type":"ListItem","position":1,"name":"Home","item":"https:\/\/www.giessegi.com\/"},{"@type":"ListItem","position":2,"name":"Cont\u00e1ctos"}]},{"@type":"WebSite","@id":"https:\/\/www.giessegi.com\/en\/#website","url":"https:\/\/www.giessegi.com\/en\/","name":"Giessegi","description":"","publisher":{"@id":"https:\/\/www.giessegi.com\/en\/#organization"},"potentialAction":[{"@type":"SearchAction","target":{"@type":"EntryPoint","urlTemplate":"https:\/\/www.giessegi.com\/en\/?s={search_term_string}"},"query-input":{"@type":"PropertyValueSpecification","valueRequired":true,"valueName":"search_term_string"}}],"inLanguage":"es"},{"@type":"Organization","@id":"https:\/\/www.giessegi.com\/en\/#organization","name":"Giessegi","url":"https:\/\/www.giessegi.com\/en\/","logo":{"@type":"ImageObject","inLanguage":"es","@id":"https:\/\/www.giessegi.com\/en\/#\/schema\/logo\/image\/","url":"https:\/\/www.giessegi.com\/wp-content\/uploads\/2022\/09\/giessegi-logo.jpeg","contentUrl":"https:\/\/www.giessegi.com\/wp-content\/uploads\/2022\/09\/giessegi-logo.jpeg","width":175,"height":77,"caption":"Giessegi"},"image":{"@id":"https:\/\/www.giessegi.com\/en\/#\/schema\/logo\/image\/"}}]}},"_links":{"self":[{"href":"https:\/\/www.giessegi.com\/es\/wp-json\/wp\/v2\/pages\/37978","targetHints":{"allow":["GET"]}}],"collection":[{"href":"https:\/\/www.giessegi.com\/es\/wp-json\/wp\/v2\/pages"}],"about":[{"href":"https:\/\/www.giessegi.com\/es\/wp-json\/wp\/v2\/types\/page"}],"author":[{"embeddable":true,"href":"https:\/\/www.giessegi.com\/es\/wp-json\/wp\/v2\/users\/1"}],"replies":[{"embeddable":true,"href":"https:\/\/www.giessegi.com\/es\/wp-json\/wp\/v2\/comments?post=37978"}],"version-history":[{"count":11,"href":"https:\/\/www.giessegi.com\/es\/wp-json\/wp\/v2\/pages\/37978\/revisions"}],"predecessor-version":[{"id":42656,"href":"https:\/\/www.giessegi.com\/es\/wp-json\/wp\/v2\/pages\/37978\/revisions\/42656"}],"wp:attachment":[{"href":"https:\/\/www.giessegi.com\/es\/wp-json\/wp\/v2\/media?parent=37978"}],"curies":[{"name":"wp","href":"https:\/\/api.w.org\/{rel}","templated":true}]}}