{"id":37910,"date":"2022-09-13T15:59:34","date_gmt":"2022-09-13T13:59:34","guid":{"rendered":"https:\/\/www.giessegi.com\/tassazione\/"},"modified":"2022-10-19T15:06:33","modified_gmt":"2022-10-19T13:06:33","slug":"pedidos-con-y-sin-iva","status":"publish","type":"page","link":"https:\/\/www.giessegi.com\/es\/pedidos-con-y-sin-iva\/","title":{"rendered":"Pedidos con y sin iva"},"content":{"rendered":"\t\t<div data-elementor-type=\"wp-page\" data-elementor-id=\"37910\" class=\"elementor elementor-37910 elementor-35691\">\n\t\t\t\t\t\t<section class=\"elementor-section elementor-top-section elementor-element elementor-element-c73de60 elementor-section-boxed elementor-section-height-default elementor-section-height-default\" data-id=\"c73de60\" data-element_type=\"section\" data-e-type=\"section\">\n\t\t\t\t\t\t<div class=\"elementor-container elementor-column-gap-default\">\n\t\t\t\t\t<div class=\"elementor-column elementor-col-100 elementor-top-column elementor-element elementor-element-9663cec\" data-id=\"9663cec\" data-element_type=\"column\" data-e-type=\"column\">\n\t\t\t<div class=\"elementor-widget-wrap elementor-element-populated\">\n\t\t\t\t\t\t<div class=\"elementor-element elementor-element-f93a6e1 elementor-widget elementor-widget-text-editor\" data-id=\"f93a6e1\" data-element_type=\"widget\" data-e-type=\"widget\" data-widget_type=\"text-editor.default\">\n\t\t\t\t<div class=\"elementor-widget-container\">\n\t\t\t\t\t\t\t\t\t<p><strong>Clientes de la UE<\/strong><br \/>El IVA est\u00e1 incluido en el precio para todos los dem\u00e1s pa\u00edses dependiendo del pa\u00eds de destino. Clientes fuera del territorio del IVA de la UE, como las Islas Canarias y Ceuta y Melilla, deben asegurar de que eligan su pa\u00eds de destino para asegurarse de no tener que pagar IVA y que se aplique el m\u00e9todo correcto de env\u00edo.<\/p><p><strong>Clientes fuera de la EU<\/strong><br \/>Para paises fuera de la UE, no se cobrar\u00e1 IVA.<\/p><p><strong>Pedidos de empresa a empresa<\/strong><br \/>Si es un cliente sujeto a IVA en otro Estado miembro de la UE, podemos descontar el IVA antes de procesar su pedido. La forma m\u00e1s sencilla de hacer esto es llam\u00e1ndonos por tel\u00e9fono y le ayudaremos con su pedido sin IVA. Tambien le pediremos una serie de documentos de identificaci\u00f3n y de negocio antes de que podamos procesar su pedido.<\/p>\t\t\t\t\t\t\t\t<\/div>\n\t\t\t\t<\/div>\n\t\t\t\t\t<\/div>\n\t\t<\/div>\n\t\t\t\t\t<\/div>\n\t\t<\/section>\n\t\t\t\t<\/div>\n\t\t","protected":false},"excerpt":{"rendered":"<p>Clientes de la UE El IVA est\u00e1 incluido en el precio para todos los dem\u00e1s pa\u00edses dependiendo del pa\u00eds de destino. Clientes fuera del territorio del IVA de la UE, como las Islas Canarias y Ceuta y Melilla, deben asegurar de que eligan su pa\u00eds de destino para asegurarse de no tener que pagar IVA [&hellip;]<\/p>\n","protected":false},"author":1,"featured_media":0,"parent":0,"menu_order":0,"comment_status":"closed","ping_status":"closed","template":"","meta":{"footnotes":""},"class_list":["post-37910","page","type-page","status-publish","hentry"],"yoast_head":"<!-- This site is optimized with the Yoast SEO plugin v27.3 - https:\/\/yoast.com\/product\/yoast-seo-wordpress\/ -->\n<title>Pedidos con y sin iva | GSG - Giessegi<\/title>\n<meta name=\"robots\" content=\"index, follow, max-snippet:-1, max-image-preview:large, max-video-preview:-1\" \/>\n<link rel=\"canonical\" href=\"https:\/\/www.giessegi.com\/es\/pedidos-con-y-sin-iva\/\" \/>\n<meta property=\"og:locale\" content=\"es_ES\" \/>\n<meta property=\"og:type\" content=\"article\" \/>\n<meta property=\"og:title\" content=\"Pedidos con y sin iva | GSG - Giessegi\" \/>\n<meta property=\"og:description\" content=\"Clientes de la UE El IVA est\u00e1 incluido en el precio para todos los dem\u00e1s pa\u00edses dependiendo del pa\u00eds de destino. Clientes fuera del territorio del IVA de la UE, como las Islas Canarias y Ceuta y Melilla, deben asegurar de que eligan su pa\u00eds de destino para asegurarse de no tener que pagar IVA [&hellip;]\" \/>\n<meta property=\"og:url\" content=\"https:\/\/www.giessegi.com\/es\/pedidos-con-y-sin-iva\/\" \/>\n<meta property=\"og:site_name\" content=\"GSG - Giessegi\" \/>\n<meta property=\"article:modified_time\" content=\"2022-10-19T13:06:33+00:00\" \/>\n<meta name=\"twitter:card\" content=\"summary_large_image\" \/>\n<meta name=\"twitter:label1\" content=\"Tiempo de lectura\" \/>\n\t<meta name=\"twitter:data1\" content=\"1 minuto\" \/>\n<script type=\"application\/ld+json\" class=\"yoast-schema-graph\">{\"@context\":\"https:\\\/\\\/schema.org\",\"@graph\":[{\"@type\":\"WebPage\",\"@id\":\"https:\\\/\\\/www.giessegi.com\\\/es\\\/pedidos-con-y-sin-iva\\\/\",\"url\":\"https:\\\/\\\/www.giessegi.com\\\/es\\\/pedidos-con-y-sin-iva\\\/\",\"name\":\"Pedidos con y sin iva | GSG - Giessegi\",\"isPartOf\":{\"@id\":\"https:\\\/\\\/www.giessegi.com\\\/en\\\/#website\"},\"datePublished\":\"2022-09-13T13:59:34+00:00\",\"dateModified\":\"2022-10-19T13:06:33+00:00\",\"breadcrumb\":{\"@id\":\"https:\\\/\\\/www.giessegi.com\\\/es\\\/pedidos-con-y-sin-iva\\\/#breadcrumb\"},\"inLanguage\":\"es\",\"potentialAction\":[{\"@type\":\"ReadAction\",\"target\":[\"https:\\\/\\\/www.giessegi.com\\\/es\\\/pedidos-con-y-sin-iva\\\/\"]}]},{\"@type\":\"BreadcrumbList\",\"@id\":\"https:\\\/\\\/www.giessegi.com\\\/es\\\/pedidos-con-y-sin-iva\\\/#breadcrumb\",\"itemListElement\":[{\"@type\":\"ListItem\",\"position\":1,\"name\":\"Home\",\"item\":\"https:\\\/\\\/www.giessegi.com\\\/\"},{\"@type\":\"ListItem\",\"position\":2,\"name\":\"Pedidos con y sin iva\"}]},{\"@type\":\"WebSite\",\"@id\":\"https:\\\/\\\/www.giessegi.com\\\/en\\\/#website\",\"url\":\"https:\\\/\\\/www.giessegi.com\\\/en\\\/\",\"name\":\"Giessegi\",\"description\":\"\",\"publisher\":{\"@id\":\"https:\\\/\\\/www.giessegi.com\\\/en\\\/#organization\"},\"potentialAction\":[{\"@type\":\"SearchAction\",\"target\":{\"@type\":\"EntryPoint\",\"urlTemplate\":\"https:\\\/\\\/www.giessegi.com\\\/en\\\/?s={search_term_string}\"},\"query-input\":{\"@type\":\"PropertyValueSpecification\",\"valueRequired\":true,\"valueName\":\"search_term_string\"}}],\"inLanguage\":\"es\"},{\"@type\":\"Organization\",\"@id\":\"https:\\\/\\\/www.giessegi.com\\\/en\\\/#organization\",\"name\":\"Giessegi\",\"url\":\"https:\\\/\\\/www.giessegi.com\\\/en\\\/\",\"logo\":{\"@type\":\"ImageObject\",\"inLanguage\":\"es\",\"@id\":\"https:\\\/\\\/www.giessegi.com\\\/en\\\/#\\\/schema\\\/logo\\\/image\\\/\",\"url\":\"https:\\\/\\\/www.giessegi.com\\\/wp-content\\\/uploads\\\/2022\\\/09\\\/giessegi-logo.jpeg\",\"contentUrl\":\"https:\\\/\\\/www.giessegi.com\\\/wp-content\\\/uploads\\\/2022\\\/09\\\/giessegi-logo.jpeg\",\"width\":175,\"height\":77,\"caption\":\"Giessegi\"},\"image\":{\"@id\":\"https:\\\/\\\/www.giessegi.com\\\/en\\\/#\\\/schema\\\/logo\\\/image\\\/\"}}]}<\/script>\n<!-- \/ Yoast SEO plugin. -->","yoast_head_json":{"title":"Pedidos con y sin iva | GSG - Giessegi","robots":{"index":"index","follow":"follow","max-snippet":"max-snippet:-1","max-image-preview":"max-image-preview:large","max-video-preview":"max-video-preview:-1"},"canonical":"https:\/\/www.giessegi.com\/es\/pedidos-con-y-sin-iva\/","og_locale":"es_ES","og_type":"article","og_title":"Pedidos con y sin iva | GSG - Giessegi","og_description":"Clientes de la UE El IVA est\u00e1 incluido en el precio para todos los dem\u00e1s pa\u00edses dependiendo del pa\u00eds de destino. Clientes fuera del territorio del IVA de la UE, como las Islas Canarias y Ceuta y Melilla, deben asegurar de que eligan su pa\u00eds de destino para asegurarse de no tener que pagar IVA [&hellip;]","og_url":"https:\/\/www.giessegi.com\/es\/pedidos-con-y-sin-iva\/","og_site_name":"GSG - Giessegi","article_modified_time":"2022-10-19T13:06:33+00:00","twitter_card":"summary_large_image","twitter_misc":{"Tiempo de lectura":"1 minuto"},"schema":{"@context":"https:\/\/schema.org","@graph":[{"@type":"WebPage","@id":"https:\/\/www.giessegi.com\/es\/pedidos-con-y-sin-iva\/","url":"https:\/\/www.giessegi.com\/es\/pedidos-con-y-sin-iva\/","name":"Pedidos con y sin iva | GSG - Giessegi","isPartOf":{"@id":"https:\/\/www.giessegi.com\/en\/#website"},"datePublished":"2022-09-13T13:59:34+00:00","dateModified":"2022-10-19T13:06:33+00:00","breadcrumb":{"@id":"https:\/\/www.giessegi.com\/es\/pedidos-con-y-sin-iva\/#breadcrumb"},"inLanguage":"es","potentialAction":[{"@type":"ReadAction","target":["https:\/\/www.giessegi.com\/es\/pedidos-con-y-sin-iva\/"]}]},{"@type":"BreadcrumbList","@id":"https:\/\/www.giessegi.com\/es\/pedidos-con-y-sin-iva\/#breadcrumb","itemListElement":[{"@type":"ListItem","position":1,"name":"Home","item":"https:\/\/www.giessegi.com\/"},{"@type":"ListItem","position":2,"name":"Pedidos con y sin iva"}]},{"@type":"WebSite","@id":"https:\/\/www.giessegi.com\/en\/#website","url":"https:\/\/www.giessegi.com\/en\/","name":"Giessegi","description":"","publisher":{"@id":"https:\/\/www.giessegi.com\/en\/#organization"},"potentialAction":[{"@type":"SearchAction","target":{"@type":"EntryPoint","urlTemplate":"https:\/\/www.giessegi.com\/en\/?s={search_term_string}"},"query-input":{"@type":"PropertyValueSpecification","valueRequired":true,"valueName":"search_term_string"}}],"inLanguage":"es"},{"@type":"Organization","@id":"https:\/\/www.giessegi.com\/en\/#organization","name":"Giessegi","url":"https:\/\/www.giessegi.com\/en\/","logo":{"@type":"ImageObject","inLanguage":"es","@id":"https:\/\/www.giessegi.com\/en\/#\/schema\/logo\/image\/","url":"https:\/\/www.giessegi.com\/wp-content\/uploads\/2022\/09\/giessegi-logo.jpeg","contentUrl":"https:\/\/www.giessegi.com\/wp-content\/uploads\/2022\/09\/giessegi-logo.jpeg","width":175,"height":77,"caption":"Giessegi"},"image":{"@id":"https:\/\/www.giessegi.com\/en\/#\/schema\/logo\/image\/"}}]}},"_links":{"self":[{"href":"https:\/\/www.giessegi.com\/es\/wp-json\/wp\/v2\/pages\/37910","targetHints":{"allow":["GET"]}}],"collection":[{"href":"https:\/\/www.giessegi.com\/es\/wp-json\/wp\/v2\/pages"}],"about":[{"href":"https:\/\/www.giessegi.com\/es\/wp-json\/wp\/v2\/types\/page"}],"author":[{"embeddable":true,"href":"https:\/\/www.giessegi.com\/es\/wp-json\/wp\/v2\/users\/1"}],"replies":[{"embeddable":true,"href":"https:\/\/www.giessegi.com\/es\/wp-json\/wp\/v2\/comments?post=37910"}],"version-history":[{"count":5,"href":"https:\/\/www.giessegi.com\/es\/wp-json\/wp\/v2\/pages\/37910\/revisions"}],"predecessor-version":[{"id":37996,"href":"https:\/\/www.giessegi.com\/es\/wp-json\/wp\/v2\/pages\/37910\/revisions\/37996"}],"wp:attachment":[{"href":"https:\/\/www.giessegi.com\/es\/wp-json\/wp\/v2\/media?parent=37910"}],"curies":[{"name":"wp","href":"https:\/\/api.w.org\/{rel}","templated":true}]}}