{"id":43480,"date":"2022-11-29T11:13:33","date_gmt":"2022-11-29T10:13:33","guid":{"rendered":"https:\/\/www.giessegi.com\/?page_id=43480"},"modified":"2026-01-20T19:02:11","modified_gmt":"2026-01-20T18:02:11","slug":"personalisierte-radbekleidung","status":"publish","type":"page","link":"https:\/\/www.giessegi.com\/en\/personalisierte-radbekleidung\/","title":{"rendered":"Hersteller f\u00fcr Team und Vereine Radsportbekleidung"},"content":{"rendered":"\t\t<div data-elementor-type=\"wp-page\" data-elementor-id=\"43480\" class=\"elementor elementor-43480\">\n\t\t\t\t\t\t<section class=\"elementor-section elementor-top-section elementor-element elementor-element-5a39154 elementor-section-boxed elementor-section-height-default elementor-section-height-default\" data-id=\"5a39154\" data-element_type=\"section\" data-e-type=\"section\">\n\t\t\t\t\t\t<div class=\"elementor-container elementor-column-gap-default\">\n\t\t\t\t\t<div class=\"elementor-column elementor-col-50 elementor-top-column elementor-element elementor-element-547536f\" data-id=\"547536f\" data-element_type=\"column\" data-e-type=\"column\">\n\t\t\t<div class=\"elementor-widget-wrap elementor-element-populated\">\n\t\t\t\t\t\t<div class=\"elementor-element elementor-element-2e756c4 elementor-widget elementor-widget-image\" data-id=\"2e756c4\" data-element_type=\"widget\" data-e-type=\"widget\" data-widget_type=\"image.default\">\n\t\t\t\t<div class=\"elementor-widget-container\">\n\t\t\t\t\t\t\t\t\t\t\t\t\t\t\t<img fetchpriority=\"high\" decoding=\"async\" width=\"1024\" height=\"1024\" src=\"https:\/\/www.giessegi.com\/wp-content\/uploads\/2025\/12\/Resize-image-project-1-1-1024x1024.jpeg\" class=\"attachment-large size-large wp-image-76825\" alt=\"\" \/>\t\t\t\t\t\t\t\t\t\t\t\t\t\t\t<\/div>\n\t\t\t\t<\/div>\n\t\t\t\t\t<\/div>\n\t\t<\/div>\n\t\t\t\t<div class=\"elementor-column elementor-col-50 elementor-top-column elementor-element elementor-element-cf819b6\" data-id=\"cf819b6\" data-element_type=\"column\" data-e-type=\"column\">\n\t\t\t<div class=\"elementor-widget-wrap elementor-element-populated\">\n\t\t\t\t\t\t<div class=\"elementor-element elementor-element-f060782 elementor-widget elementor-widget-heading\" data-id=\"f060782\" data-element_type=\"widget\" data-e-type=\"widget\" data-widget_type=\"heading.default\">\n\t\t\t\t<div class=\"elementor-widget-container\">\n\t\t\t\t\t<h2 class=\"elementor-heading-title elementor-size-default\">Produktion f\u00fcr Radvereine <\/h2>\t\t\t\t<\/div>\n\t\t\t\t<\/div>\n\t\t\t\t<div class=\"elementor-element elementor-element-eb5311a elementor-widget elementor-widget-text-editor\" data-id=\"eb5311a\" data-element_type=\"widget\" data-e-type=\"widget\" data-widget_type=\"text-editor.default\">\n\t\t\t\t<div class=\"elementor-widget-container\">\n\t\t\t\t\t\t\t\t\t<p>Unser Konfigurator MYGSGKIT ist das perfekte Werkzeug, um dein eigenes Design zu kreieren. W\u00e4hle zwischen 10 Vorschl\u00e4gen aus, f\u00fcge Farben, Texte, Sponsoren und Logos ein, und sende das Design zu uns.<br \/>Wir sind stolz dir und deinem Team bei deinem Traum-Outfit zur Seite zu stehen. Giessegi &#8211; 100% Made In Italy!<\/p>\t\t\t\t\t\t\t\t<\/div>\n\t\t\t\t<\/div>\n\t\t\t\t<div class=\"elementor-element elementor-element-223d4a9 elementor-widget elementor-widget-button\" data-id=\"223d4a9\" data-element_type=\"widget\" data-e-type=\"widget\" data-widget_type=\"button.default\">\n\t\t\t\t<div class=\"elementor-widget-container\">\n\t\t\t\t\t\t\t\t\t<div class=\"elementor-button-wrapper\">\n\t\t\t\t\t<a class=\"elementor-button elementor-button-link elementor-size-sm\" href=\"\/en\/product-category\/custom-en\/cycling\/premium-en\/\">\n\t\t\t\t\t\t<span class=\"elementor-button-content-wrapper\">\n\t\t\t\t\t\t\t\t\t<span class=\"elementor-button-text\">Personalisierte Radbekleidung<\/span>\n\t\t\t\t\t<\/span>\n\t\t\t\t\t<\/a>\n\t\t\t\t<\/div>\n\t\t\t\t\t\t\t\t<\/div>\n\t\t\t\t<\/div>\n\t\t\t\t\t<\/div>\n\t\t<\/div>\n\t\t\t\t\t<\/div>\n\t\t<\/section>\n\t\t\t\t<section class=\"elementor-section elementor-top-section elementor-element elementor-element-53961ff inverti-flex elementor-section-boxed elementor-section-height-default elementor-section-height-default\" data-id=\"53961ff\" data-element_type=\"section\" data-e-type=\"section\">\n\t\t\t\t\t\t<div class=\"elementor-container elementor-column-gap-default\">\n\t\t\t\t\t<div class=\"elementor-column elementor-col-50 elementor-top-column elementor-element elementor-element-3d385a5\" data-id=\"3d385a5\" data-element_type=\"column\" data-e-type=\"column\">\n\t\t\t<div class=\"elementor-widget-wrap elementor-element-populated\">\n\t\t\t\t\t\t<div class=\"elementor-element elementor-element-ea7e130 elementor-widget elementor-widget-heading\" data-id=\"ea7e130\" data-element_type=\"widget\" data-e-type=\"widget\" data-widget_type=\"heading.default\">\n\t\t\t\t<div class=\"elementor-widget-container\">\n\t\t\t\t\t<h2 class=\"elementor-heading-title elementor-size-default\">Personalisiere die Bekleidung deines Teams<\/h2>\t\t\t\t<\/div>\n\t\t\t\t<\/div>\n\t\t\t\t<div class=\"elementor-element elementor-element-b31d60c elementor-widget elementor-widget-text-editor\" data-id=\"b31d60c\" data-element_type=\"widget\" data-e-type=\"widget\" data-widget_type=\"text-editor.default\">\n\t\t\t\t<div class=\"elementor-widget-container\">\n\t\t\t\t\t\t\t\t\t<p class=\"p1\">Seit jeher richtet Giessegi den Fokus konsequent auf die Anforderungen des Radsports und investiert gezielt in die Entwicklung und Umsetzung von Produkten mit h\u00f6chstem Qualit\u00e4ts- und Zuverl\u00e4ssigkeitsstandard. Aus diesem Anspruch heraus resultieren die kontinuierliche und sorgf\u00e4ltige Auswahl der Materialien, die pr\u00e4zise Ausarbeitung technischer Details sowie die konsequente Forschung nach einem stets innovativen und zukunftsorientierten Design.<\/p>\t\t\t\t\t\t\t\t<\/div>\n\t\t\t\t<\/div>\n\t\t\t\t<div class=\"elementor-element elementor-element-1955276 elementor-widget elementor-widget-button\" data-id=\"1955276\" data-element_type=\"widget\" data-e-type=\"widget\" data-widget_type=\"button.default\">\n\t\t\t\t<div class=\"elementor-widget-container\">\n\t\t\t\t\t\t\t\t\t<div class=\"elementor-button-wrapper\">\n\t\t\t\t\t<a class=\"elementor-button elementor-button-link elementor-size-sm\" href=\"https:\/\/mygsgkit.giessegi.com\/en\/\">\n\t\t\t\t\t\t<span class=\"elementor-button-content-wrapper\">\n\t\t\t\t\t\t\t\t\t<span class=\"elementor-button-text\">Teste unseren Konfigurator und fordere ein Angebot an<\/span>\n\t\t\t\t\t<\/span>\n\t\t\t\t\t<\/a>\n\t\t\t\t<\/div>\n\t\t\t\t\t\t\t\t<\/div>\n\t\t\t\t<\/div>\n\t\t\t\t\t<\/div>\n\t\t<\/div>\n\t\t\t\t<div class=\"elementor-column elementor-col-50 elementor-top-column elementor-element elementor-element-8e2407a\" data-id=\"8e2407a\" data-element_type=\"column\" data-e-type=\"column\">\n\t\t\t<div class=\"elementor-widget-wrap elementor-element-populated\">\n\t\t\t\t\t\t<div class=\"elementor-element elementor-element-f731d59 elementor-widget elementor-widget-image\" data-id=\"f731d59\" data-element_type=\"widget\" data-e-type=\"widget\" data-widget_type=\"image.default\">\n\t\t\t\t<div class=\"elementor-widget-container\">\n\t\t\t\t\t\t\t\t\t\t\t\t\t\t\t<img decoding=\"async\" width=\"1024\" height=\"853\" src=\"https:\/\/www.giessegi.com\/wp-content\/uploads\/2022\/11\/landingDE2-1024x853.jpeg\" class=\"attachment-large size-large wp-image-43483\" alt=\"\" \/>\t\t\t\t\t\t\t\t\t\t\t\t\t\t\t<\/div>\n\t\t\t\t<\/div>\n\t\t\t\t\t<\/div>\n\t\t<\/div>\n\t\t\t\t\t<\/div>\n\t\t<\/section>\n\t\t\t\t<section class=\"elementor-section elementor-top-section elementor-element elementor-element-8deb83e elementor-section-boxed elementor-section-height-default elementor-section-height-default\" data-id=\"8deb83e\" data-element_type=\"section\" data-e-type=\"section\">\n\t\t\t\t\t\t<div class=\"elementor-container elementor-column-gap-default\">\n\t\t\t\t\t<div class=\"elementor-column elementor-col-100 elementor-top-column elementor-element elementor-element-3d69d68\" data-id=\"3d69d68\" data-element_type=\"column\" data-e-type=\"column\">\n\t\t\t<div class=\"elementor-widget-wrap elementor-element-populated\">\n\t\t\t\t\t\t<div class=\"elementor-element elementor-element-317b8a0 elementor-widget elementor-widget-spacer\" data-id=\"317b8a0\" data-element_type=\"widget\" data-e-type=\"widget\" data-widget_type=\"spacer.default\">\n\t\t\t\t<div class=\"elementor-widget-container\">\n\t\t\t\t\t\t\t<div class=\"elementor-spacer\">\n\t\t\t<div class=\"elementor-spacer-inner\"><\/div>\n\t\t<\/div>\n\t\t\t\t\t\t<\/div>\n\t\t\t\t<\/div>\n\t\t\t\t<div class=\"elementor-element elementor-element-7b0f8c8 elementor-widget elementor-widget-text-editor\" data-id=\"7b0f8c8\" data-element_type=\"widget\" data-e-type=\"widget\" data-widget_type=\"text-editor.default\">\n\t\t\t\t<div class=\"elementor-widget-container\">\n\t\t\t\t\t\t\t\t\t<p>GSG w\u00fcrde von ehemaliger Profi Simone Fraccaro Team Kollege von Francesco Moser und Felice Gimondi gegr\u00fcndet, und seit deren Zeit ist er stolz Radfahrer Weltweit mit seinen hochwertige Rad Bekleidung bedienen zu k\u00f6nnen. Simone sucht das Textil selbst aus, und eben die selbst produzierte Sitzpolster, kontrol- liert das der Schnitt passend ist, so dass jeder Stuck angenehmen zu tragen ist.<\/p>\t\t\t\t\t\t\t\t<\/div>\n\t\t\t\t<\/div>\n\t\t\t\t\t<\/div>\n\t\t<\/div>\n\t\t\t\t\t<\/div>\n\t\t<\/section>\n\t\t\t\t<\/div>\n\t\t","protected":false},"excerpt":{"rendered":"<p>Produktion f\u00fcr Radvereine Unser Konfigurator MYGSGKIT ist das perfekte Werkzeug, um dein eigenes Design zu kreieren. W\u00e4hle zwischen 10 Vorschl\u00e4gen aus, f\u00fcge Farben, Texte, Sponsoren und Logos ein, und sende das Design zu uns. Wir sind stolz dir und deinem Team bei deinem Traum-Outfit zur Seite zu stehen. Giessegi &#8211; 100% Made In Italy! Personalisierte [&hellip;]<\/p>\n","protected":false},"author":1,"featured_media":0,"parent":0,"menu_order":0,"comment_status":"closed","ping_status":"closed","template":"","meta":{"footnotes":""},"class_list":["post-43480","page","type-page","status-publish","hentry"],"yoast_head":"<!-- This site is optimized with the Yoast SEO plugin v27.3 - https:\/\/yoast.com\/product\/yoast-seo-wordpress\/ -->\n<title>Hersteller f\u00fcr Team und Vereine Radsportbekleidung | GSG - Giessegi<\/title>\n<meta name=\"robots\" content=\"index, follow, max-snippet:-1, max-image-preview:large, max-video-preview:-1\" \/>\n<link rel=\"canonical\" href=\"https:\/\/www.giessegi.com\/en\/personalisierte-radbekleidung\/\" \/>\n<meta property=\"og:locale\" content=\"en_US\" \/>\n<meta property=\"og:type\" content=\"article\" \/>\n<meta property=\"og:title\" content=\"Hersteller f\u00fcr Team und Vereine Radsportbekleidung | GSG - Giessegi\" \/>\n<meta property=\"og:description\" content=\"Produktion f\u00fcr Radvereine Unser Konfigurator MYGSGKIT ist das perfekte Werkzeug, um dein eigenes Design zu kreieren. W\u00e4hle zwischen 10 Vorschl\u00e4gen aus, f\u00fcge Farben, Texte, Sponsoren und Logos ein, und sende das Design zu uns. Wir sind stolz dir und deinem Team bei deinem Traum-Outfit zur Seite zu stehen. Giessegi &#8211; 100% Made In Italy! Personalisierte [&hellip;]\" \/>\n<meta property=\"og:url\" content=\"https:\/\/www.giessegi.com\/en\/personalisierte-radbekleidung\/\" \/>\n<meta property=\"og:site_name\" content=\"GSG - Giessegi\" \/>\n<meta property=\"article:modified_time\" content=\"2026-01-20T18:02:11+00:00\" \/>\n<meta property=\"og:image\" content=\"https:\/\/www.giessegi.com\/wp-content\/uploads\/2025\/12\/Resize-image-project-1-1-1024x1024.jpeg\" \/>\n<meta name=\"twitter:card\" content=\"summary_large_image\" \/>\n<meta name=\"twitter:label1\" content=\"Est. reading time\" \/>\n\t<meta name=\"twitter:data1\" content=\"2 minutes\" \/>\n<script type=\"application\/ld+json\" class=\"yoast-schema-graph\">{\"@context\":\"https:\\\/\\\/schema.org\",\"@graph\":[{\"@type\":\"WebPage\",\"@id\":\"https:\\\/\\\/www.giessegi.com\\\/en\\\/personalisierte-radbekleidung\\\/\",\"url\":\"https:\\\/\\\/www.giessegi.com\\\/en\\\/personalisierte-radbekleidung\\\/\",\"name\":\"Hersteller f\u00fcr Team und Vereine Radsportbekleidung | GSG - Giessegi\",\"isPartOf\":{\"@id\":\"https:\\\/\\\/www.giessegi.com\\\/en\\\/#website\"},\"primaryImageOfPage\":{\"@id\":\"https:\\\/\\\/www.giessegi.com\\\/en\\\/personalisierte-radbekleidung\\\/#primaryimage\"},\"image\":{\"@id\":\"https:\\\/\\\/www.giessegi.com\\\/en\\\/personalisierte-radbekleidung\\\/#primaryimage\"},\"thumbnailUrl\":\"https:\\\/\\\/www.giessegi.com\\\/wp-content\\\/uploads\\\/2025\\\/12\\\/Resize-image-project-1-1-1024x1024.jpeg\",\"datePublished\":\"2022-11-29T10:13:33+00:00\",\"dateModified\":\"2026-01-20T18:02:11+00:00\",\"breadcrumb\":{\"@id\":\"https:\\\/\\\/www.giessegi.com\\\/en\\\/personalisierte-radbekleidung\\\/#breadcrumb\"},\"inLanguage\":\"en-US\",\"potentialAction\":[{\"@type\":\"ReadAction\",\"target\":[\"https:\\\/\\\/www.giessegi.com\\\/en\\\/personalisierte-radbekleidung\\\/\"]}]},{\"@type\":\"ImageObject\",\"inLanguage\":\"en-US\",\"@id\":\"https:\\\/\\\/www.giessegi.com\\\/en\\\/personalisierte-radbekleidung\\\/#primaryimage\",\"url\":\"https:\\\/\\\/www.giessegi.com\\\/wp-content\\\/uploads\\\/2025\\\/12\\\/Resize-image-project-1-1-1024x1024.jpeg\",\"contentUrl\":\"https:\\\/\\\/www.giessegi.com\\\/wp-content\\\/uploads\\\/2025\\\/12\\\/Resize-image-project-1-1-1024x1024.jpeg\"},{\"@type\":\"BreadcrumbList\",\"@id\":\"https:\\\/\\\/www.giessegi.com\\\/en\\\/personalisierte-radbekleidung\\\/#breadcrumb\",\"itemListElement\":[{\"@type\":\"ListItem\",\"position\":1,\"name\":\"Home\",\"item\":\"https:\\\/\\\/www.giessegi.com\\\/\"},{\"@type\":\"ListItem\",\"position\":2,\"name\":\"Hersteller f\u00fcr Team und Vereine Radsportbekleidung\"}]},{\"@type\":\"WebSite\",\"@id\":\"https:\\\/\\\/www.giessegi.com\\\/en\\\/#website\",\"url\":\"https:\\\/\\\/www.giessegi.com\\\/en\\\/\",\"name\":\"Giessegi\",\"description\":\"\",\"publisher\":{\"@id\":\"https:\\\/\\\/www.giessegi.com\\\/en\\\/#organization\"},\"potentialAction\":[{\"@type\":\"SearchAction\",\"target\":{\"@type\":\"EntryPoint\",\"urlTemplate\":\"https:\\\/\\\/www.giessegi.com\\\/en\\\/?s={search_term_string}\"},\"query-input\":{\"@type\":\"PropertyValueSpecification\",\"valueRequired\":true,\"valueName\":\"search_term_string\"}}],\"inLanguage\":\"en-US\"},{\"@type\":\"Organization\",\"@id\":\"https:\\\/\\\/www.giessegi.com\\\/en\\\/#organization\",\"name\":\"Giessegi\",\"url\":\"https:\\\/\\\/www.giessegi.com\\\/en\\\/\",\"logo\":{\"@type\":\"ImageObject\",\"inLanguage\":\"en-US\",\"@id\":\"https:\\\/\\\/www.giessegi.com\\\/en\\\/#\\\/schema\\\/logo\\\/image\\\/\",\"url\":\"https:\\\/\\\/www.giessegi.com\\\/wp-content\\\/uploads\\\/2022\\\/09\\\/giessegi-logo.jpeg\",\"contentUrl\":\"https:\\\/\\\/www.giessegi.com\\\/wp-content\\\/uploads\\\/2022\\\/09\\\/giessegi-logo.jpeg\",\"width\":175,\"height\":77,\"caption\":\"Giessegi\"},\"image\":{\"@id\":\"https:\\\/\\\/www.giessegi.com\\\/en\\\/#\\\/schema\\\/logo\\\/image\\\/\"}}]}<\/script>\n<!-- \/ Yoast SEO plugin. -->","yoast_head_json":{"title":"Hersteller f\u00fcr Team und Vereine Radsportbekleidung | GSG - Giessegi","robots":{"index":"index","follow":"follow","max-snippet":"max-snippet:-1","max-image-preview":"max-image-preview:large","max-video-preview":"max-video-preview:-1"},"canonical":"https:\/\/www.giessegi.com\/en\/personalisierte-radbekleidung\/","og_locale":"en_US","og_type":"article","og_title":"Hersteller f\u00fcr Team und Vereine Radsportbekleidung | GSG - Giessegi","og_description":"Produktion f\u00fcr Radvereine Unser Konfigurator MYGSGKIT ist das perfekte Werkzeug, um dein eigenes Design zu kreieren. W\u00e4hle zwischen 10 Vorschl\u00e4gen aus, f\u00fcge Farben, Texte, Sponsoren und Logos ein, und sende das Design zu uns. Wir sind stolz dir und deinem Team bei deinem Traum-Outfit zur Seite zu stehen. Giessegi &#8211; 100% Made In Italy! Personalisierte [&hellip;]","og_url":"https:\/\/www.giessegi.com\/en\/personalisierte-radbekleidung\/","og_site_name":"GSG - Giessegi","article_modified_time":"2026-01-20T18:02:11+00:00","og_image":[{"url":"https:\/\/www.giessegi.com\/wp-content\/uploads\/2025\/12\/Resize-image-project-1-1-1024x1024.jpeg","type":"","width":"","height":""}],"twitter_card":"summary_large_image","twitter_misc":{"Est. reading time":"2 minutes"},"schema":{"@context":"https:\/\/schema.org","@graph":[{"@type":"WebPage","@id":"https:\/\/www.giessegi.com\/en\/personalisierte-radbekleidung\/","url":"https:\/\/www.giessegi.com\/en\/personalisierte-radbekleidung\/","name":"Hersteller f\u00fcr Team und Vereine Radsportbekleidung | GSG - Giessegi","isPartOf":{"@id":"https:\/\/www.giessegi.com\/en\/#website"},"primaryImageOfPage":{"@id":"https:\/\/www.giessegi.com\/en\/personalisierte-radbekleidung\/#primaryimage"},"image":{"@id":"https:\/\/www.giessegi.com\/en\/personalisierte-radbekleidung\/#primaryimage"},"thumbnailUrl":"https:\/\/www.giessegi.com\/wp-content\/uploads\/2025\/12\/Resize-image-project-1-1-1024x1024.jpeg","datePublished":"2022-11-29T10:13:33+00:00","dateModified":"2026-01-20T18:02:11+00:00","breadcrumb":{"@id":"https:\/\/www.giessegi.com\/en\/personalisierte-radbekleidung\/#breadcrumb"},"inLanguage":"en-US","potentialAction":[{"@type":"ReadAction","target":["https:\/\/www.giessegi.com\/en\/personalisierte-radbekleidung\/"]}]},{"@type":"ImageObject","inLanguage":"en-US","@id":"https:\/\/www.giessegi.com\/en\/personalisierte-radbekleidung\/#primaryimage","url":"https:\/\/www.giessegi.com\/wp-content\/uploads\/2025\/12\/Resize-image-project-1-1-1024x1024.jpeg","contentUrl":"https:\/\/www.giessegi.com\/wp-content\/uploads\/2025\/12\/Resize-image-project-1-1-1024x1024.jpeg"},{"@type":"BreadcrumbList","@id":"https:\/\/www.giessegi.com\/en\/personalisierte-radbekleidung\/#breadcrumb","itemListElement":[{"@type":"ListItem","position":1,"name":"Home","item":"https:\/\/www.giessegi.com\/"},{"@type":"ListItem","position":2,"name":"Hersteller f\u00fcr Team und Vereine Radsportbekleidung"}]},{"@type":"WebSite","@id":"https:\/\/www.giessegi.com\/en\/#website","url":"https:\/\/www.giessegi.com\/en\/","name":"Giessegi","description":"","publisher":{"@id":"https:\/\/www.giessegi.com\/en\/#organization"},"potentialAction":[{"@type":"SearchAction","target":{"@type":"EntryPoint","urlTemplate":"https:\/\/www.giessegi.com\/en\/?s={search_term_string}"},"query-input":{"@type":"PropertyValueSpecification","valueRequired":true,"valueName":"search_term_string"}}],"inLanguage":"en-US"},{"@type":"Organization","@id":"https:\/\/www.giessegi.com\/en\/#organization","name":"Giessegi","url":"https:\/\/www.giessegi.com\/en\/","logo":{"@type":"ImageObject","inLanguage":"en-US","@id":"https:\/\/www.giessegi.com\/en\/#\/schema\/logo\/image\/","url":"https:\/\/www.giessegi.com\/wp-content\/uploads\/2022\/09\/giessegi-logo.jpeg","contentUrl":"https:\/\/www.giessegi.com\/wp-content\/uploads\/2022\/09\/giessegi-logo.jpeg","width":175,"height":77,"caption":"Giessegi"},"image":{"@id":"https:\/\/www.giessegi.com\/en\/#\/schema\/logo\/image\/"}}]}},"_links":{"self":[{"href":"https:\/\/www.giessegi.com\/en\/wp-json\/wp\/v2\/pages\/43480","targetHints":{"allow":["GET"]}}],"collection":[{"href":"https:\/\/www.giessegi.com\/en\/wp-json\/wp\/v2\/pages"}],"about":[{"href":"https:\/\/www.giessegi.com\/en\/wp-json\/wp\/v2\/types\/page"}],"author":[{"embeddable":true,"href":"https:\/\/www.giessegi.com\/en\/wp-json\/wp\/v2\/users\/1"}],"replies":[{"embeddable":true,"href":"https:\/\/www.giessegi.com\/en\/wp-json\/wp\/v2\/comments?post=43480"}],"version-history":[{"count":10,"href":"https:\/\/www.giessegi.com\/en\/wp-json\/wp\/v2\/pages\/43480\/revisions"}],"predecessor-version":[{"id":79032,"href":"https:\/\/www.giessegi.com\/en\/wp-json\/wp\/v2\/pages\/43480\/revisions\/79032"}],"wp:attachment":[{"href":"https:\/\/www.giessegi.com\/en\/wp-json\/wp\/v2\/media?parent=43480"}],"curies":[{"name":"wp","href":"https:\/\/api.w.org\/{rel}","templated":true}]}}