{"id":81472,"date":"2026-03-24T16:23:25","date_gmt":"2026-03-24T15:23:25","guid":{"rendered":"https:\/\/www.giessegi.com\/?post_type=product&#038;p=81472"},"modified":"2026-03-26T16:38:48","modified_gmt":"2026-03-26T15:38:48","slug":"aura-fit","status":"publish","type":"product","link":"https:\/\/www.giessegi.com\/de\/produkt\/aura-fit\/","title":{"rendered":"Aura Fit"},"content":{"rendered":"<p class=\"p1\"><span class=\"s1\">Das AURA FIT Damen-Rad-Top wurde f\u00fcr Radfahrerinnen entwickelt, die ein vielseitiges, komfortables und nachhaltiges Kleidungsst\u00fcck f\u00fcr sommerliche Fahrten suchen. Hergestellt aus umweltfreundlichen<span class=\"Apple-converted-space\">\u00a0 <\/span>Material ist es weich, leicht und elastisch und bietet eine k\u00f6rpernahe Slim-Fit-Passform mit hoher Bewegungsfreiheit. Die raw-cut Tr\u00e4ger sorgen f\u00fcr einen modernen Look und verbessern die Bel\u00fcftung. Das integrierte Innen-Top aus weichem, elastischem Material bietet nat\u00fcrlichen Halt ohne einzuengen und erh\u00f6ht den Tragekomfort. Die R\u00fcckentaschen bieten praktischen Stauraum f\u00fcr wichtige Utensilien und erm\u00f6glichen schnellen Zugriff w\u00e4hrend der Fahrt.<\/span><\/p>\n","protected":false},"excerpt":{"rendered":"<p class=\"p1\"><span class=\"s1\">Leichtes Damen-Rad-Top aus umweltfreundlichem Material mit integriertem Top und zwei Taschen. Atmungsaktiv und flexibel<\/span><\/p>\n","protected":false},"featured_media":81492,"template":"","meta":[],"product_brand":[],"product_cat":[6385,4208,4239,4252,4254],"product_tag":[],"collezione":[],"class_list":{"0":"post-81472","1":"product","2":"type-product","3":"status-publish","4":"has-post-thumbnail","6":"product_cat-kurzarmhemden","7":"product_cat-strasse","8":"product_cat-damen-de","9":"product_cat-spitze-de","10":"product_cat-trikots-de-5","11":"pa_colore-braun-de","12":"pa_colore-rosa-de","13":"pa_colore-schwarz-de","14":"pa_colore-violett-de","15":"pa_taglia-l-de","16":"pa_taglia-m-de","17":"pa_taglia-s-de","18":"pa_taglia-xl-de","19":"pa_taglia-xs-de","20":"pa_taglia-xxl-de","23":"first","24":"instock","25":"sale","26":"shipping-taxable","27":"purchasable","28":"product-type-variable"},"yoast_head":"<!-- This site is optimized with the Yoast SEO plugin v25.7 - https:\/\/yoast.com\/wordpress\/plugins\/seo\/ -->\n<title>Aura Fit | GSG - Giessegi<\/title>\n<meta name=\"robots\" content=\"index, follow, max-snippet:-1, max-image-preview:large, max-video-preview:-1\" \/>\n<link rel=\"canonical\" href=\"https:\/\/www.giessegi.com\/de\/produkt\/aura-fit\/\" \/>\n<meta property=\"og:locale\" content=\"de_DE\" \/>\n<meta property=\"og:type\" content=\"article\" \/>\n<meta property=\"og:title\" content=\"Aura Fit | GSG - Giessegi\" \/>\n<meta property=\"og:description\" content=\"Leichtes Damen-Rad-Top aus umweltfreundlichem Material mit integriertem Top und zwei Taschen. Atmungsaktiv und flexibel\" \/>\n<meta property=\"og:url\" content=\"https:\/\/www.giessegi.com\/de\/produkt\/aura-fit\/\" \/>\n<meta property=\"og:site_name\" content=\"GSG - Giessegi\" \/>\n<meta property=\"article:modified_time\" content=\"2026-03-26T15:38:48+00:00\" \/>\n<meta property=\"og:image\" content=\"https:\/\/www.giessegi.com\/wp-content\/uploads\/2026\/03\/02142_rev1_24f_cmyk.jpg\" \/>\n\t<meta property=\"og:image:width\" content=\"1000\" \/>\n\t<meta property=\"og:image:height\" content=\"1000\" \/>\n\t<meta property=\"og:image:type\" content=\"image\/jpeg\" \/>\n<meta name=\"twitter:card\" content=\"summary_large_image\" \/>\n<meta name=\"twitter:label1\" content=\"Gesch\u00e4tzte Lesezeit\" \/>\n\t<meta name=\"twitter:data1\" content=\"1\u00a0Minute\" \/>\n<script type=\"application\/ld+json\" class=\"yoast-schema-graph\">{\"@context\":\"https:\/\/schema.org\",\"@graph\":[{\"@type\":\"WebPage\",\"@id\":\"https:\/\/www.giessegi.com\/de\/produkt\/aura-fit\/\",\"url\":\"https:\/\/www.giessegi.com\/de\/produkt\/aura-fit\/\",\"name\":\"Aura Fit | GSG - Giessegi\",\"isPartOf\":{\"@id\":\"https:\/\/www.giessegi.com\/en\/#website\"},\"primaryImageOfPage\":{\"@id\":\"https:\/\/www.giessegi.com\/de\/produkt\/aura-fit\/#primaryimage\"},\"image\":{\"@id\":\"https:\/\/www.giessegi.com\/de\/produkt\/aura-fit\/#primaryimage\"},\"thumbnailUrl\":\"https:\/\/www.giessegi.com\/wp-content\/uploads\/2026\/03\/02142_rev1_24f_cmyk.jpg\",\"datePublished\":\"2026-03-24T15:23:25+00:00\",\"dateModified\":\"2026-03-26T15:38:48+00:00\",\"breadcrumb\":{\"@id\":\"https:\/\/www.giessegi.com\/de\/produkt\/aura-fit\/#breadcrumb\"},\"inLanguage\":\"de\",\"potentialAction\":[{\"@type\":\"ReadAction\",\"target\":[\"https:\/\/www.giessegi.com\/de\/produkt\/aura-fit\/\"]}]},{\"@type\":\"ImageObject\",\"inLanguage\":\"de\",\"@id\":\"https:\/\/www.giessegi.com\/de\/produkt\/aura-fit\/#primaryimage\",\"url\":\"https:\/\/www.giessegi.com\/wp-content\/uploads\/2026\/03\/02142_rev1_24f_cmyk.jpg\",\"contentUrl\":\"https:\/\/www.giessegi.com\/wp-content\/uploads\/2026\/03\/02142_rev1_24f_cmyk.jpg\",\"width\":1000,\"height\":1000},{\"@type\":\"BreadcrumbList\",\"@id\":\"https:\/\/www.giessegi.com\/de\/produkt\/aura-fit\/#breadcrumb\",\"itemListElement\":[{\"@type\":\"ListItem\",\"position\":1,\"name\":\"Home\",\"item\":\"https:\/\/www.giessegi.com\/es\/\"},{\"@type\":\"ListItem\",\"position\":2,\"name\":\"Products\",\"item\":\"https:\/\/www.giessegi.com\/en\/shop\/\"},{\"@type\":\"ListItem\",\"position\":3,\"name\":\"Aura Fit\"}]},{\"@type\":\"WebSite\",\"@id\":\"https:\/\/www.giessegi.com\/en\/#website\",\"url\":\"https:\/\/www.giessegi.com\/en\/\",\"name\":\"Giessegi\",\"description\":\"\",\"publisher\":{\"@id\":\"https:\/\/www.giessegi.com\/en\/#organization\"},\"potentialAction\":[{\"@type\":\"SearchAction\",\"target\":{\"@type\":\"EntryPoint\",\"urlTemplate\":\"https:\/\/www.giessegi.com\/en\/?s={search_term_string}\"},\"query-input\":{\"@type\":\"PropertyValueSpecification\",\"valueRequired\":true,\"valueName\":\"search_term_string\"}}],\"inLanguage\":\"de\"},{\"@type\":\"Organization\",\"@id\":\"https:\/\/www.giessegi.com\/en\/#organization\",\"name\":\"Giessegi\",\"url\":\"https:\/\/www.giessegi.com\/en\/\",\"logo\":{\"@type\":\"ImageObject\",\"inLanguage\":\"de\",\"@id\":\"https:\/\/www.giessegi.com\/en\/#\/schema\/logo\/image\/\",\"url\":\"https:\/\/www.giessegi.com\/wp-content\/uploads\/2022\/09\/giessegi-logo.jpeg\",\"contentUrl\":\"https:\/\/www.giessegi.com\/wp-content\/uploads\/2022\/09\/giessegi-logo.jpeg\",\"width\":175,\"height\":77,\"caption\":\"Giessegi\"},\"image\":{\"@id\":\"https:\/\/www.giessegi.com\/en\/#\/schema\/logo\/image\/\"}}]}<\/script>\n<!-- \/ Yoast SEO plugin. -->","yoast_head_json":{"title":"Aura Fit | GSG - Giessegi","robots":{"index":"index","follow":"follow","max-snippet":"max-snippet:-1","max-image-preview":"max-image-preview:large","max-video-preview":"max-video-preview:-1"},"canonical":"https:\/\/www.giessegi.com\/de\/produkt\/aura-fit\/","og_locale":"de_DE","og_type":"article","og_title":"Aura Fit | GSG - Giessegi","og_description":"Leichtes Damen-Rad-Top aus umweltfreundlichem Material mit integriertem Top und zwei Taschen. Atmungsaktiv und flexibel","og_url":"https:\/\/www.giessegi.com\/de\/produkt\/aura-fit\/","og_site_name":"GSG - Giessegi","article_modified_time":"2026-03-26T15:38:48+00:00","og_image":[{"width":1000,"height":1000,"url":"https:\/\/www.giessegi.com\/wp-content\/uploads\/2026\/03\/02142_rev1_24f_cmyk.jpg","type":"image\/jpeg"}],"twitter_card":"summary_large_image","twitter_misc":{"Gesch\u00e4tzte Lesezeit":"1\u00a0Minute"},"schema":{"@context":"https:\/\/schema.org","@graph":[{"@type":"WebPage","@id":"https:\/\/www.giessegi.com\/de\/produkt\/aura-fit\/","url":"https:\/\/www.giessegi.com\/de\/produkt\/aura-fit\/","name":"Aura Fit | GSG - Giessegi","isPartOf":{"@id":"https:\/\/www.giessegi.com\/en\/#website"},"primaryImageOfPage":{"@id":"https:\/\/www.giessegi.com\/de\/produkt\/aura-fit\/#primaryimage"},"image":{"@id":"https:\/\/www.giessegi.com\/de\/produkt\/aura-fit\/#primaryimage"},"thumbnailUrl":"https:\/\/www.giessegi.com\/wp-content\/uploads\/2026\/03\/02142_rev1_24f_cmyk.jpg","datePublished":"2026-03-24T15:23:25+00:00","dateModified":"2026-03-26T15:38:48+00:00","breadcrumb":{"@id":"https:\/\/www.giessegi.com\/de\/produkt\/aura-fit\/#breadcrumb"},"inLanguage":"de","potentialAction":[{"@type":"ReadAction","target":["https:\/\/www.giessegi.com\/de\/produkt\/aura-fit\/"]}]},{"@type":"ImageObject","inLanguage":"de","@id":"https:\/\/www.giessegi.com\/de\/produkt\/aura-fit\/#primaryimage","url":"https:\/\/www.giessegi.com\/wp-content\/uploads\/2026\/03\/02142_rev1_24f_cmyk.jpg","contentUrl":"https:\/\/www.giessegi.com\/wp-content\/uploads\/2026\/03\/02142_rev1_24f_cmyk.jpg","width":1000,"height":1000},{"@type":"BreadcrumbList","@id":"https:\/\/www.giessegi.com\/de\/produkt\/aura-fit\/#breadcrumb","itemListElement":[{"@type":"ListItem","position":1,"name":"Home","item":"https:\/\/www.giessegi.com\/es\/"},{"@type":"ListItem","position":2,"name":"Products","item":"https:\/\/www.giessegi.com\/en\/shop\/"},{"@type":"ListItem","position":3,"name":"Aura Fit"}]},{"@type":"WebSite","@id":"https:\/\/www.giessegi.com\/en\/#website","url":"https:\/\/www.giessegi.com\/en\/","name":"Giessegi","description":"","publisher":{"@id":"https:\/\/www.giessegi.com\/en\/#organization"},"potentialAction":[{"@type":"SearchAction","target":{"@type":"EntryPoint","urlTemplate":"https:\/\/www.giessegi.com\/en\/?s={search_term_string}"},"query-input":{"@type":"PropertyValueSpecification","valueRequired":true,"valueName":"search_term_string"}}],"inLanguage":"de"},{"@type":"Organization","@id":"https:\/\/www.giessegi.com\/en\/#organization","name":"Giessegi","url":"https:\/\/www.giessegi.com\/en\/","logo":{"@type":"ImageObject","inLanguage":"de","@id":"https:\/\/www.giessegi.com\/en\/#\/schema\/logo\/image\/","url":"https:\/\/www.giessegi.com\/wp-content\/uploads\/2022\/09\/giessegi-logo.jpeg","contentUrl":"https:\/\/www.giessegi.com\/wp-content\/uploads\/2022\/09\/giessegi-logo.jpeg","width":175,"height":77,"caption":"Giessegi"},"image":{"@id":"https:\/\/www.giessegi.com\/en\/#\/schema\/logo\/image\/"}}]}},"_links":{"self":[{"href":"https:\/\/www.giessegi.com\/de\/wp-json\/wp\/v2\/product\/81472","targetHints":{"allow":["GET"]}}],"collection":[{"href":"https:\/\/www.giessegi.com\/de\/wp-json\/wp\/v2\/product"}],"about":[{"href":"https:\/\/www.giessegi.com\/de\/wp-json\/wp\/v2\/types\/product"}],"wp:featuredmedia":[{"embeddable":true,"href":"https:\/\/www.giessegi.com\/de\/wp-json\/wp\/v2\/media\/81492"}],"wp:attachment":[{"href":"https:\/\/www.giessegi.com\/de\/wp-json\/wp\/v2\/media?parent=81472"}],"wp:term":[{"taxonomy":"product_brand","embeddable":true,"href":"https:\/\/www.giessegi.com\/de\/wp-json\/wp\/v2\/product_brand?post=81472"},{"taxonomy":"product_cat","embeddable":true,"href":"https:\/\/www.giessegi.com\/de\/wp-json\/wp\/v2\/product_cat?post=81472"},{"taxonomy":"product_tag","embeddable":true,"href":"https:\/\/www.giessegi.com\/de\/wp-json\/wp\/v2\/product_tag?post=81472"},{"taxonomy":"collezione","embeddable":true,"href":"https:\/\/www.giessegi.com\/de\/wp-json\/wp\/v2\/collezione?post=81472"}],"curies":[{"name":"wp","href":"https:\/\/api.w.org\/{rel}","templated":true}]}}