{"id":81272,"date":"2026-03-22T17:36:05","date_gmt":"2026-03-22T16:36:05","guid":{"rendered":"https:\/\/www.giessegi.com\/?post_type=product&#038;p=81272"},"modified":"2026-03-26T16:30:37","modified_gmt":"2026-03-26T15:30:37","slug":"eclat","status":"publish","type":"product","link":"https:\/\/www.giessegi.com\/de\/produkt\/eclat\/","title":{"rendered":"\u00c9clat"},"content":{"rendered":"<p class=\"p1\">Das \u00c9CLAT Damen-Fahrradtrikot wurde f\u00fcr aktive Radfahrerinnen entwickelt, die Wert auf Leistung, Komfort und elegantes Design legen. Hergestellt aus umweltfreundlichem Renew-Material ist es leicht, weich und atmungsaktiv und sorgt f\u00fcr ein angenehm trockenes Tragegef\u00fchl auch bei hohen Temperaturen. Der feminine Schnitt passt sich optimal der K\u00f6rperform an und bietet eine schlanke, aerodynamische Passform. Die raw-cut \u00c4rmel sorgen f\u00fcr einen modernen Look und erh\u00f6hen die Bewegungsfreiheit. Der durchgehende Rei\u00dfverschluss erm\u00f6glicht eine einfache Regulierung der Bel\u00fcftung. Drei offene R\u00fcckentaschen bieten Platz f\u00fcr wichtige Utensilien, w\u00e4hrend die zus\u00e4tzliche seitliche Rei\u00dfverschlusstasche pers\u00f6nliche Gegenst\u00e4nde sicher verstaut.<\/p>\n","protected":false},"excerpt":{"rendered":"<p class=\"p1\">Leichtes Damen-Radtrikot aus Eco Renew Material. Atmungsaktiv, Slim Fit, mit Rei\u00dfverschluss, drei Taschen und zus\u00e4tzlicher Tasche mit Rei\u00dfverschluss.<\/p>\n","protected":false},"featured_media":81287,"template":"","meta":[],"product_brand":[],"product_cat":[6385,4208,4239,4252,4254],"product_tag":[],"collezione":[],"class_list":{"0":"post-81272","1":"product","2":"type-product","3":"status-publish","4":"has-post-thumbnail","6":"product_cat-kurzarmhemden","7":"product_cat-strasse","8":"product_cat-damen-de","9":"product_cat-spitze-de","10":"product_cat-trikots-de-5","11":"pa_colore-schwarz-de","12":"pa_colore-weiss-de","13":"pa_taglia-l-de","14":"pa_taglia-m-de","15":"pa_taglia-s-de","16":"pa_taglia-xl-de","17":"pa_taglia-xs-de","18":"pa_taglia-xxl-de","21":"first","22":"instock","23":"sale","24":"shipping-taxable","25":"purchasable","26":"product-type-variable"},"yoast_head":"<!-- This site is optimized with the Yoast SEO plugin v25.7 - https:\/\/yoast.com\/wordpress\/plugins\/seo\/ -->\n<title>\u00c9clat | GSG - Giessegi<\/title>\n<meta name=\"robots\" content=\"index, follow, max-snippet:-1, max-image-preview:large, max-video-preview:-1\" \/>\n<link rel=\"canonical\" href=\"https:\/\/www.giessegi.com\/de\/produkt\/eclat\/\" \/>\n<meta property=\"og:locale\" content=\"de_DE\" \/>\n<meta property=\"og:type\" content=\"article\" \/>\n<meta property=\"og:title\" content=\"\u00c9clat | GSG - Giessegi\" \/>\n<meta property=\"og:description\" content=\"Leichtes Damen-Radtrikot aus Eco Renew Material. Atmungsaktiv, Slim Fit, mit Rei\u00dfverschluss, drei Taschen und zus\u00e4tzlicher Tasche mit Rei\u00dfverschluss.\" \/>\n<meta property=\"og:url\" content=\"https:\/\/www.giessegi.com\/de\/produkt\/eclat\/\" \/>\n<meta property=\"og:site_name\" content=\"GSG - Giessegi\" \/>\n<meta property=\"article:modified_time\" content=\"2026-03-26T15:30:37+00:00\" \/>\n<meta property=\"og:image\" content=\"https:\/\/www.giessegi.com\/wp-content\/uploads\/2026\/03\/03605_rev1_03f_cmyk.jpg\" \/>\n\t<meta property=\"og:image:width\" content=\"1000\" \/>\n\t<meta property=\"og:image:height\" content=\"1000\" \/>\n\t<meta property=\"og:image:type\" content=\"image\/jpeg\" \/>\n<meta name=\"twitter:card\" content=\"summary_large_image\" \/>\n<meta name=\"twitter:label1\" content=\"Gesch\u00e4tzte Lesezeit\" \/>\n\t<meta name=\"twitter:data1\" content=\"1\u00a0Minute\" \/>\n<script type=\"application\/ld+json\" class=\"yoast-schema-graph\">{\"@context\":\"https:\/\/schema.org\",\"@graph\":[{\"@type\":\"WebPage\",\"@id\":\"https:\/\/www.giessegi.com\/de\/produkt\/eclat\/\",\"url\":\"https:\/\/www.giessegi.com\/de\/produkt\/eclat\/\",\"name\":\"\u00c9clat | GSG - Giessegi\",\"isPartOf\":{\"@id\":\"https:\/\/www.giessegi.com\/en\/#website\"},\"primaryImageOfPage\":{\"@id\":\"https:\/\/www.giessegi.com\/de\/produkt\/eclat\/#primaryimage\"},\"image\":{\"@id\":\"https:\/\/www.giessegi.com\/de\/produkt\/eclat\/#primaryimage\"},\"thumbnailUrl\":\"https:\/\/www.giessegi.com\/wp-content\/uploads\/2026\/03\/03605_rev1_03f_cmyk.jpg\",\"datePublished\":\"2026-03-22T16:36:05+00:00\",\"dateModified\":\"2026-03-26T15:30:37+00:00\",\"breadcrumb\":{\"@id\":\"https:\/\/www.giessegi.com\/de\/produkt\/eclat\/#breadcrumb\"},\"inLanguage\":\"de\",\"potentialAction\":[{\"@type\":\"ReadAction\",\"target\":[\"https:\/\/www.giessegi.com\/de\/produkt\/eclat\/\"]}]},{\"@type\":\"ImageObject\",\"inLanguage\":\"de\",\"@id\":\"https:\/\/www.giessegi.com\/de\/produkt\/eclat\/#primaryimage\",\"url\":\"https:\/\/www.giessegi.com\/wp-content\/uploads\/2026\/03\/03605_rev1_03f_cmyk.jpg\",\"contentUrl\":\"https:\/\/www.giessegi.com\/wp-content\/uploads\/2026\/03\/03605_rev1_03f_cmyk.jpg\",\"width\":1000,\"height\":1000},{\"@type\":\"BreadcrumbList\",\"@id\":\"https:\/\/www.giessegi.com\/de\/produkt\/eclat\/#breadcrumb\",\"itemListElement\":[{\"@type\":\"ListItem\",\"position\":1,\"name\":\"Home\",\"item\":\"https:\/\/www.giessegi.com\/es\/\"},{\"@type\":\"ListItem\",\"position\":2,\"name\":\"Products\",\"item\":\"https:\/\/www.giessegi.com\/en\/shop\/\"},{\"@type\":\"ListItem\",\"position\":3,\"name\":\"\u00c9clat\"}]},{\"@type\":\"WebSite\",\"@id\":\"https:\/\/www.giessegi.com\/en\/#website\",\"url\":\"https:\/\/www.giessegi.com\/en\/\",\"name\":\"Giessegi\",\"description\":\"\",\"publisher\":{\"@id\":\"https:\/\/www.giessegi.com\/en\/#organization\"},\"potentialAction\":[{\"@type\":\"SearchAction\",\"target\":{\"@type\":\"EntryPoint\",\"urlTemplate\":\"https:\/\/www.giessegi.com\/en\/?s={search_term_string}\"},\"query-input\":{\"@type\":\"PropertyValueSpecification\",\"valueRequired\":true,\"valueName\":\"search_term_string\"}}],\"inLanguage\":\"de\"},{\"@type\":\"Organization\",\"@id\":\"https:\/\/www.giessegi.com\/en\/#organization\",\"name\":\"Giessegi\",\"url\":\"https:\/\/www.giessegi.com\/en\/\",\"logo\":{\"@type\":\"ImageObject\",\"inLanguage\":\"de\",\"@id\":\"https:\/\/www.giessegi.com\/en\/#\/schema\/logo\/image\/\",\"url\":\"https:\/\/www.giessegi.com\/wp-content\/uploads\/2022\/09\/giessegi-logo.jpeg\",\"contentUrl\":\"https:\/\/www.giessegi.com\/wp-content\/uploads\/2022\/09\/giessegi-logo.jpeg\",\"width\":175,\"height\":77,\"caption\":\"Giessegi\"},\"image\":{\"@id\":\"https:\/\/www.giessegi.com\/en\/#\/schema\/logo\/image\/\"}}]}<\/script>\n<!-- \/ Yoast SEO plugin. -->","yoast_head_json":{"title":"\u00c9clat | GSG - Giessegi","robots":{"index":"index","follow":"follow","max-snippet":"max-snippet:-1","max-image-preview":"max-image-preview:large","max-video-preview":"max-video-preview:-1"},"canonical":"https:\/\/www.giessegi.com\/de\/produkt\/eclat\/","og_locale":"de_DE","og_type":"article","og_title":"\u00c9clat | GSG - Giessegi","og_description":"Leichtes Damen-Radtrikot aus Eco Renew Material. Atmungsaktiv, Slim Fit, mit Rei\u00dfverschluss, drei Taschen und zus\u00e4tzlicher Tasche mit Rei\u00dfverschluss.","og_url":"https:\/\/www.giessegi.com\/de\/produkt\/eclat\/","og_site_name":"GSG - Giessegi","article_modified_time":"2026-03-26T15:30:37+00:00","og_image":[{"width":1000,"height":1000,"url":"https:\/\/www.giessegi.com\/wp-content\/uploads\/2026\/03\/03605_rev1_03f_cmyk.jpg","type":"image\/jpeg"}],"twitter_card":"summary_large_image","twitter_misc":{"Gesch\u00e4tzte Lesezeit":"1\u00a0Minute"},"schema":{"@context":"https:\/\/schema.org","@graph":[{"@type":"WebPage","@id":"https:\/\/www.giessegi.com\/de\/produkt\/eclat\/","url":"https:\/\/www.giessegi.com\/de\/produkt\/eclat\/","name":"\u00c9clat | GSG - Giessegi","isPartOf":{"@id":"https:\/\/www.giessegi.com\/en\/#website"},"primaryImageOfPage":{"@id":"https:\/\/www.giessegi.com\/de\/produkt\/eclat\/#primaryimage"},"image":{"@id":"https:\/\/www.giessegi.com\/de\/produkt\/eclat\/#primaryimage"},"thumbnailUrl":"https:\/\/www.giessegi.com\/wp-content\/uploads\/2026\/03\/03605_rev1_03f_cmyk.jpg","datePublished":"2026-03-22T16:36:05+00:00","dateModified":"2026-03-26T15:30:37+00:00","breadcrumb":{"@id":"https:\/\/www.giessegi.com\/de\/produkt\/eclat\/#breadcrumb"},"inLanguage":"de","potentialAction":[{"@type":"ReadAction","target":["https:\/\/www.giessegi.com\/de\/produkt\/eclat\/"]}]},{"@type":"ImageObject","inLanguage":"de","@id":"https:\/\/www.giessegi.com\/de\/produkt\/eclat\/#primaryimage","url":"https:\/\/www.giessegi.com\/wp-content\/uploads\/2026\/03\/03605_rev1_03f_cmyk.jpg","contentUrl":"https:\/\/www.giessegi.com\/wp-content\/uploads\/2026\/03\/03605_rev1_03f_cmyk.jpg","width":1000,"height":1000},{"@type":"BreadcrumbList","@id":"https:\/\/www.giessegi.com\/de\/produkt\/eclat\/#breadcrumb","itemListElement":[{"@type":"ListItem","position":1,"name":"Home","item":"https:\/\/www.giessegi.com\/es\/"},{"@type":"ListItem","position":2,"name":"Products","item":"https:\/\/www.giessegi.com\/en\/shop\/"},{"@type":"ListItem","position":3,"name":"\u00c9clat"}]},{"@type":"WebSite","@id":"https:\/\/www.giessegi.com\/en\/#website","url":"https:\/\/www.giessegi.com\/en\/","name":"Giessegi","description":"","publisher":{"@id":"https:\/\/www.giessegi.com\/en\/#organization"},"potentialAction":[{"@type":"SearchAction","target":{"@type":"EntryPoint","urlTemplate":"https:\/\/www.giessegi.com\/en\/?s={search_term_string}"},"query-input":{"@type":"PropertyValueSpecification","valueRequired":true,"valueName":"search_term_string"}}],"inLanguage":"de"},{"@type":"Organization","@id":"https:\/\/www.giessegi.com\/en\/#organization","name":"Giessegi","url":"https:\/\/www.giessegi.com\/en\/","logo":{"@type":"ImageObject","inLanguage":"de","@id":"https:\/\/www.giessegi.com\/en\/#\/schema\/logo\/image\/","url":"https:\/\/www.giessegi.com\/wp-content\/uploads\/2022\/09\/giessegi-logo.jpeg","contentUrl":"https:\/\/www.giessegi.com\/wp-content\/uploads\/2022\/09\/giessegi-logo.jpeg","width":175,"height":77,"caption":"Giessegi"},"image":{"@id":"https:\/\/www.giessegi.com\/en\/#\/schema\/logo\/image\/"}}]}},"_links":{"self":[{"href":"https:\/\/www.giessegi.com\/de\/wp-json\/wp\/v2\/product\/81272","targetHints":{"allow":["GET"]}}],"collection":[{"href":"https:\/\/www.giessegi.com\/de\/wp-json\/wp\/v2\/product"}],"about":[{"href":"https:\/\/www.giessegi.com\/de\/wp-json\/wp\/v2\/types\/product"}],"wp:featuredmedia":[{"embeddable":true,"href":"https:\/\/www.giessegi.com\/de\/wp-json\/wp\/v2\/media\/81287"}],"wp:attachment":[{"href":"https:\/\/www.giessegi.com\/de\/wp-json\/wp\/v2\/media?parent=81272"}],"wp:term":[{"taxonomy":"product_brand","embeddable":true,"href":"https:\/\/www.giessegi.com\/de\/wp-json\/wp\/v2\/product_brand?post=81272"},{"taxonomy":"product_cat","embeddable":true,"href":"https:\/\/www.giessegi.com\/de\/wp-json\/wp\/v2\/product_cat?post=81272"},{"taxonomy":"product_tag","embeddable":true,"href":"https:\/\/www.giessegi.com\/de\/wp-json\/wp\/v2\/product_tag?post=81272"},{"taxonomy":"collezione","embeddable":true,"href":"https:\/\/www.giessegi.com\/de\/wp-json\/wp\/v2\/collezione?post=81272"}],"curies":[{"name":"wp","href":"https:\/\/api.w.org\/{rel}","templated":true}]}}