{"id":80953,"date":"2026-03-22T10:45:22","date_gmt":"2026-03-22T09:45:22","guid":{"rendered":"https:\/\/www.giessegi.com\/?post_type=product&#038;p=80953"},"modified":"2026-03-26T16:20:17","modified_gmt":"2026-03-26T15:20:17","slug":"aerobibs-3-4","status":"publish","type":"product","link":"https:\/\/www.giessegi.com\/de\/produkt\/aerobibs-3-4\/","title":{"rendered":"Aerobibs 3\/4"},"content":{"rendered":"<p class=\"p1\">Die AEROBIS 3\/4 Radhose mit Tr\u00e4ger wurde f\u00fcr Radfahrer entwickelt, die aerodynamische Performance und hohen Komfort suchen, ideal f\u00fcr \u00dcbergangszeiten und l\u00e4ngere Fahrten. Die Konstruktion mit nur einer Naht reduziert Reibung und verbessert die aerodynamische Effizienz, w\u00e4hrend sie gleichzeitig eine schlanke Passform bietet. Das elastische Kompressionsmaterial unterst\u00fctzt die Muskulatur, f\u00f6rdert die Durchblutung und steigert die Leistungsf\u00e4higkeit.<\/p>\n<p class=\"p1\">Das Pulsar Sitzpolster mit hochdichtem Memory-Schaum passt sich optimal an den K\u00f6rper an, reduziert Druckstellen und sorgt f\u00fcr langanhaltenden Komfort<\/p>\n","protected":false},"excerpt":{"rendered":"<p class=\"p1\">3\/4 Radhose mit Tr\u00e4ger, aerodynamisch und kompressiv mit Pulsar Sitzpolster.<\/p>\n","protected":false},"featured_media":80969,"template":"","meta":[],"product_brand":[],"product_cat":[4222,4232,4234],"product_tag":[],"collezione":[],"class_list":{"0":"post-80953","1":"product","2":"type-product","3":"status-publish","4":"has-post-thumbnail","6":"product_cat-mann-de-2","7":"product_cat-hose","8":"product_cat-hose-de-7","9":"pa_colore-schwarz-de","10":"pa_taglia-3xl-de","11":"pa_taglia-l-de","12":"pa_taglia-m-de","13":"pa_taglia-s-de","14":"pa_taglia-xl-de","15":"pa_taglia-xs-de","16":"pa_taglia-xxl-de","19":"first","20":"instock","21":"sale","22":"shipping-taxable","23":"purchasable","24":"product-type-variable"},"yoast_head":"<!-- This site is optimized with the Yoast SEO plugin v25.7 - https:\/\/yoast.com\/wordpress\/plugins\/seo\/ -->\n<title>Aerobibs 3\/4 | GSG - Giessegi<\/title>\n<meta name=\"robots\" content=\"index, follow, max-snippet:-1, max-image-preview:large, max-video-preview:-1\" \/>\n<link rel=\"canonical\" href=\"https:\/\/www.giessegi.com\/de\/produkt\/aerobibs-3-4\/\" \/>\n<meta property=\"og:locale\" content=\"de_DE\" \/>\n<meta property=\"og:type\" content=\"article\" \/>\n<meta property=\"og:title\" content=\"Aerobibs 3\/4 | GSG - Giessegi\" \/>\n<meta property=\"og:description\" content=\"3\/4 Radhose mit Tr\u00e4ger, aerodynamisch und kompressiv mit Pulsar Sitzpolster.\" \/>\n<meta property=\"og:url\" content=\"https:\/\/www.giessegi.com\/de\/produkt\/aerobibs-3-4\/\" \/>\n<meta property=\"og:site_name\" content=\"GSG - Giessegi\" \/>\n<meta property=\"article:modified_time\" content=\"2026-03-26T15:20:17+00:00\" \/>\n<meta property=\"og:image\" content=\"https:\/\/www.giessegi.com\/wp-content\/uploads\/2026\/03\/06120_rev2_03f_cmyk.jpg\" \/>\n\t<meta property=\"og:image:width\" content=\"1000\" \/>\n\t<meta property=\"og:image:height\" content=\"1000\" \/>\n\t<meta property=\"og:image:type\" content=\"image\/jpeg\" \/>\n<meta name=\"twitter:card\" content=\"summary_large_image\" \/>\n<meta name=\"twitter:label1\" content=\"Gesch\u00e4tzte Lesezeit\" \/>\n\t<meta name=\"twitter:data1\" content=\"1\u00a0Minute\" \/>\n<script type=\"application\/ld+json\" class=\"yoast-schema-graph\">{\"@context\":\"https:\/\/schema.org\",\"@graph\":[{\"@type\":\"WebPage\",\"@id\":\"https:\/\/www.giessegi.com\/de\/produkt\/aerobibs-3-4\/\",\"url\":\"https:\/\/www.giessegi.com\/de\/produkt\/aerobibs-3-4\/\",\"name\":\"Aerobibs 3\/4 | GSG - Giessegi\",\"isPartOf\":{\"@id\":\"https:\/\/www.giessegi.com\/en\/#website\"},\"primaryImageOfPage\":{\"@id\":\"https:\/\/www.giessegi.com\/de\/produkt\/aerobibs-3-4\/#primaryimage\"},\"image\":{\"@id\":\"https:\/\/www.giessegi.com\/de\/produkt\/aerobibs-3-4\/#primaryimage\"},\"thumbnailUrl\":\"https:\/\/www.giessegi.com\/wp-content\/uploads\/2026\/03\/06120_rev2_03f_cmyk.jpg\",\"datePublished\":\"2026-03-22T09:45:22+00:00\",\"dateModified\":\"2026-03-26T15:20:17+00:00\",\"breadcrumb\":{\"@id\":\"https:\/\/www.giessegi.com\/de\/produkt\/aerobibs-3-4\/#breadcrumb\"},\"inLanguage\":\"de\",\"potentialAction\":[{\"@type\":\"ReadAction\",\"target\":[\"https:\/\/www.giessegi.com\/de\/produkt\/aerobibs-3-4\/\"]}]},{\"@type\":\"ImageObject\",\"inLanguage\":\"de\",\"@id\":\"https:\/\/www.giessegi.com\/de\/produkt\/aerobibs-3-4\/#primaryimage\",\"url\":\"https:\/\/www.giessegi.com\/wp-content\/uploads\/2026\/03\/06120_rev2_03f_cmyk.jpg\",\"contentUrl\":\"https:\/\/www.giessegi.com\/wp-content\/uploads\/2026\/03\/06120_rev2_03f_cmyk.jpg\",\"width\":1000,\"height\":1000},{\"@type\":\"BreadcrumbList\",\"@id\":\"https:\/\/www.giessegi.com\/de\/produkt\/aerobibs-3-4\/#breadcrumb\",\"itemListElement\":[{\"@type\":\"ListItem\",\"position\":1,\"name\":\"Home\",\"item\":\"https:\/\/www.giessegi.com\/es\/\"},{\"@type\":\"ListItem\",\"position\":2,\"name\":\"Products\",\"item\":\"https:\/\/www.giessegi.com\/en\/shop\/\"},{\"@type\":\"ListItem\",\"position\":3,\"name\":\"Aerobibs 3\/4\"}]},{\"@type\":\"WebSite\",\"@id\":\"https:\/\/www.giessegi.com\/en\/#website\",\"url\":\"https:\/\/www.giessegi.com\/en\/\",\"name\":\"Giessegi\",\"description\":\"\",\"publisher\":{\"@id\":\"https:\/\/www.giessegi.com\/en\/#organization\"},\"potentialAction\":[{\"@type\":\"SearchAction\",\"target\":{\"@type\":\"EntryPoint\",\"urlTemplate\":\"https:\/\/www.giessegi.com\/en\/?s={search_term_string}\"},\"query-input\":{\"@type\":\"PropertyValueSpecification\",\"valueRequired\":true,\"valueName\":\"search_term_string\"}}],\"inLanguage\":\"de\"},{\"@type\":\"Organization\",\"@id\":\"https:\/\/www.giessegi.com\/en\/#organization\",\"name\":\"Giessegi\",\"url\":\"https:\/\/www.giessegi.com\/en\/\",\"logo\":{\"@type\":\"ImageObject\",\"inLanguage\":\"de\",\"@id\":\"https:\/\/www.giessegi.com\/en\/#\/schema\/logo\/image\/\",\"url\":\"https:\/\/www.giessegi.com\/wp-content\/uploads\/2022\/09\/giessegi-logo.jpeg\",\"contentUrl\":\"https:\/\/www.giessegi.com\/wp-content\/uploads\/2022\/09\/giessegi-logo.jpeg\",\"width\":175,\"height\":77,\"caption\":\"Giessegi\"},\"image\":{\"@id\":\"https:\/\/www.giessegi.com\/en\/#\/schema\/logo\/image\/\"}}]}<\/script>\n<!-- \/ Yoast SEO plugin. -->","yoast_head_json":{"title":"Aerobibs 3\/4 | GSG - Giessegi","robots":{"index":"index","follow":"follow","max-snippet":"max-snippet:-1","max-image-preview":"max-image-preview:large","max-video-preview":"max-video-preview:-1"},"canonical":"https:\/\/www.giessegi.com\/de\/produkt\/aerobibs-3-4\/","og_locale":"de_DE","og_type":"article","og_title":"Aerobibs 3\/4 | GSG - Giessegi","og_description":"3\/4 Radhose mit Tr\u00e4ger, aerodynamisch und kompressiv mit Pulsar Sitzpolster.","og_url":"https:\/\/www.giessegi.com\/de\/produkt\/aerobibs-3-4\/","og_site_name":"GSG - Giessegi","article_modified_time":"2026-03-26T15:20:17+00:00","og_image":[{"width":1000,"height":1000,"url":"https:\/\/www.giessegi.com\/wp-content\/uploads\/2026\/03\/06120_rev2_03f_cmyk.jpg","type":"image\/jpeg"}],"twitter_card":"summary_large_image","twitter_misc":{"Gesch\u00e4tzte Lesezeit":"1\u00a0Minute"},"schema":{"@context":"https:\/\/schema.org","@graph":[{"@type":"WebPage","@id":"https:\/\/www.giessegi.com\/de\/produkt\/aerobibs-3-4\/","url":"https:\/\/www.giessegi.com\/de\/produkt\/aerobibs-3-4\/","name":"Aerobibs 3\/4 | GSG - Giessegi","isPartOf":{"@id":"https:\/\/www.giessegi.com\/en\/#website"},"primaryImageOfPage":{"@id":"https:\/\/www.giessegi.com\/de\/produkt\/aerobibs-3-4\/#primaryimage"},"image":{"@id":"https:\/\/www.giessegi.com\/de\/produkt\/aerobibs-3-4\/#primaryimage"},"thumbnailUrl":"https:\/\/www.giessegi.com\/wp-content\/uploads\/2026\/03\/06120_rev2_03f_cmyk.jpg","datePublished":"2026-03-22T09:45:22+00:00","dateModified":"2026-03-26T15:20:17+00:00","breadcrumb":{"@id":"https:\/\/www.giessegi.com\/de\/produkt\/aerobibs-3-4\/#breadcrumb"},"inLanguage":"de","potentialAction":[{"@type":"ReadAction","target":["https:\/\/www.giessegi.com\/de\/produkt\/aerobibs-3-4\/"]}]},{"@type":"ImageObject","inLanguage":"de","@id":"https:\/\/www.giessegi.com\/de\/produkt\/aerobibs-3-4\/#primaryimage","url":"https:\/\/www.giessegi.com\/wp-content\/uploads\/2026\/03\/06120_rev2_03f_cmyk.jpg","contentUrl":"https:\/\/www.giessegi.com\/wp-content\/uploads\/2026\/03\/06120_rev2_03f_cmyk.jpg","width":1000,"height":1000},{"@type":"BreadcrumbList","@id":"https:\/\/www.giessegi.com\/de\/produkt\/aerobibs-3-4\/#breadcrumb","itemListElement":[{"@type":"ListItem","position":1,"name":"Home","item":"https:\/\/www.giessegi.com\/es\/"},{"@type":"ListItem","position":2,"name":"Products","item":"https:\/\/www.giessegi.com\/en\/shop\/"},{"@type":"ListItem","position":3,"name":"Aerobibs 3\/4"}]},{"@type":"WebSite","@id":"https:\/\/www.giessegi.com\/en\/#website","url":"https:\/\/www.giessegi.com\/en\/","name":"Giessegi","description":"","publisher":{"@id":"https:\/\/www.giessegi.com\/en\/#organization"},"potentialAction":[{"@type":"SearchAction","target":{"@type":"EntryPoint","urlTemplate":"https:\/\/www.giessegi.com\/en\/?s={search_term_string}"},"query-input":{"@type":"PropertyValueSpecification","valueRequired":true,"valueName":"search_term_string"}}],"inLanguage":"de"},{"@type":"Organization","@id":"https:\/\/www.giessegi.com\/en\/#organization","name":"Giessegi","url":"https:\/\/www.giessegi.com\/en\/","logo":{"@type":"ImageObject","inLanguage":"de","@id":"https:\/\/www.giessegi.com\/en\/#\/schema\/logo\/image\/","url":"https:\/\/www.giessegi.com\/wp-content\/uploads\/2022\/09\/giessegi-logo.jpeg","contentUrl":"https:\/\/www.giessegi.com\/wp-content\/uploads\/2022\/09\/giessegi-logo.jpeg","width":175,"height":77,"caption":"Giessegi"},"image":{"@id":"https:\/\/www.giessegi.com\/en\/#\/schema\/logo\/image\/"}}]}},"_links":{"self":[{"href":"https:\/\/www.giessegi.com\/de\/wp-json\/wp\/v2\/product\/80953","targetHints":{"allow":["GET"]}}],"collection":[{"href":"https:\/\/www.giessegi.com\/de\/wp-json\/wp\/v2\/product"}],"about":[{"href":"https:\/\/www.giessegi.com\/de\/wp-json\/wp\/v2\/types\/product"}],"wp:featuredmedia":[{"embeddable":true,"href":"https:\/\/www.giessegi.com\/de\/wp-json\/wp\/v2\/media\/80969"}],"wp:attachment":[{"href":"https:\/\/www.giessegi.com\/de\/wp-json\/wp\/v2\/media?parent=80953"}],"wp:term":[{"taxonomy":"product_brand","embeddable":true,"href":"https:\/\/www.giessegi.com\/de\/wp-json\/wp\/v2\/product_brand?post=80953"},{"taxonomy":"product_cat","embeddable":true,"href":"https:\/\/www.giessegi.com\/de\/wp-json\/wp\/v2\/product_cat?post=80953"},{"taxonomy":"product_tag","embeddable":true,"href":"https:\/\/www.giessegi.com\/de\/wp-json\/wp\/v2\/product_tag?post=80953"},{"taxonomy":"collezione","embeddable":true,"href":"https:\/\/www.giessegi.com\/de\/wp-json\/wp\/v2\/collezione?post=80953"}],"curies":[{"name":"wp","href":"https:\/\/api.w.org\/{rel}","templated":true}]}}