{"id":76762,"date":"2025-12-01T18:43:23","date_gmt":"2025-12-01T17:43:23","guid":{"rendered":"https:\/\/www.giessegi.com\/?post_type=product&#038;p=76762"},"modified":"2025-12-01T18:59:10","modified_gmt":"2025-12-01T17:59:10","slug":"windguard","status":"publish","type":"product","link":"https:\/\/www.giessegi.com\/de\/produkt\/windguard\/","title":{"rendered":"WINDGUARD"},"content":{"rendered":"<p>Leichte <strong>winddichte Fahrradweste<\/strong>, entwickelt f\u00fcr optimalen Schutz und Performance bei mittleren bis langen Ausfahrten. Das vordere <strong>wasserabweisende Material<\/strong> bietet eine effektive Barriere gegen Wind und leichten Regen und h\u00e4lt den Fahrer bei wechselnden Wetterbedingungen trocken und stabil. Der leichter <strong>Polyester-R\u00fccken<\/strong> sorgt f\u00fcr hohe Atmungsaktivit\u00e4t und effizientes Feuchtigkeitsmanagement auch bei intensiven Belastungen.<\/p>\n<p>Die <strong>drei Taschen am R\u00fccken<\/strong> erm\u00f6glichen es, alles Notwendige mitzuf\u00fchren. Der <strong>Zwei-Wege-Rei\u00dfverschluss<\/strong> erlaubt eine flexible Bel\u00fcftungsregulierung, ohne die Passform zu beeintr\u00e4chtigen. Der <strong>Silikon-Bund<\/strong> sorgt f\u00fcr stabilen Halt und verhindert ein Hochrutschen w\u00e4hrend der Fahrt.<\/p>\n<p>Ultraleicht, kompakt und leicht verstaubar \u2013 ideal f\u00fcr \u00dcbergangsjahreszeiten oder als zus\u00e4tzlicher Schutz bei Abfahrten.<\/p>\n<p>Technische Merkmale<\/p>\n<ul>\n<li>Winddichtes und wasserabweisendes Frontmaterial<\/li>\n<li>Atmungsaktiver Polyester-R\u00fccken<\/li>\n<li>Drei R\u00fccken Taschen<\/li>\n<li>Zwei-Wege-Rei\u00dfverschluss f\u00fcr regulierbare Bel\u00fcftung<\/li>\n<li>Silikon-Bund f\u00fcr stabilen Sitz<\/li>\n<li>Leichtes, kompakt verstaubares Design<\/li>\n<\/ul>\n","protected":false},"excerpt":{"rendered":"<p>Leichte winddichte und wasserabweisende Fahrradweste mit atmungsaktivem Polyester-R\u00fccken und drei Taschen. Zwei-Wege-Rei\u00dfverschluss und Silikon-Bund f\u00fcr maximale Stabilit\u00e4t. Kompakt und ideal f\u00fcr wechselhafte Bedingungen.<\/p>\n","protected":false},"featured_media":76765,"template":"","meta":[],"product_brand":[],"product_cat":[4178,4219,4179],"product_tag":[],"collezione":[],"class_list":{"0":"post-76762","1":"product","2":"type-product","3":"status-publish","4":"has-post-thumbnail","6":"product_cat-classic","7":"product_cat-custom-de","8":"product_cat-hemden-de","11":"first","12":"instock","13":"shipping-taxable","14":"product-type-simple"},"yoast_head":"<!-- This site is optimized with the Yoast SEO plugin v27.3 - https:\/\/yoast.com\/product\/yoast-seo-wordpress\/ -->\n<title>WINDGUARD | GSG - Giessegi<\/title>\n<meta name=\"robots\" content=\"index, follow, max-snippet:-1, max-image-preview:large, max-video-preview:-1\" \/>\n<link rel=\"canonical\" href=\"https:\/\/www.giessegi.com\/de\/produkt\/windguard\/\" \/>\n<meta property=\"og:locale\" content=\"de_DE\" \/>\n<meta property=\"og:type\" content=\"article\" \/>\n<meta property=\"og:title\" content=\"WINDGUARD | GSG - Giessegi\" \/>\n<meta property=\"og:description\" content=\"Leichte winddichte und wasserabweisende Fahrradweste mit atmungsaktivem Polyester-R\u00fccken und drei Taschen. Zwei-Wege-Rei\u00dfverschluss und Silikon-Bund f\u00fcr maximale Stabilit\u00e4t. Kompakt und ideal f\u00fcr wechselhafte Bedingungen.\" \/>\n<meta property=\"og:url\" content=\"https:\/\/www.giessegi.com\/de\/produkt\/windguard\/\" \/>\n<meta property=\"og:site_name\" content=\"GSG - Giessegi\" \/>\n<meta property=\"article:modified_time\" content=\"2025-12-01T17:59:10+00:00\" \/>\n<meta property=\"og:image\" content=\"https:\/\/www.giessegi.com\/wp-content\/uploads\/2025\/12\/09060-fr.jpg\" \/>\n\t<meta property=\"og:image:width\" content=\"1028\" \/>\n\t<meta property=\"og:image:height\" content=\"1000\" \/>\n\t<meta property=\"og:image:type\" content=\"image\/jpeg\" \/>\n<meta name=\"twitter:card\" content=\"summary_large_image\" \/>\n<meta name=\"twitter:label1\" content=\"Gesch\u00e4tzte Lesezeit\" \/>\n\t<meta name=\"twitter:data1\" content=\"1\u00a0Minute\" \/>\n<script type=\"application\/ld+json\" class=\"yoast-schema-graph\">{\"@context\":\"https:\\\/\\\/schema.org\",\"@graph\":[{\"@type\":\"WebPage\",\"@id\":\"https:\\\/\\\/www.giessegi.com\\\/de\\\/produkt\\\/windguard\\\/\",\"url\":\"https:\\\/\\\/www.giessegi.com\\\/de\\\/produkt\\\/windguard\\\/\",\"name\":\"WINDGUARD | GSG - Giessegi\",\"isPartOf\":{\"@id\":\"https:\\\/\\\/www.giessegi.com\\\/en\\\/#website\"},\"primaryImageOfPage\":{\"@id\":\"https:\\\/\\\/www.giessegi.com\\\/de\\\/produkt\\\/windguard\\\/#primaryimage\"},\"image\":{\"@id\":\"https:\\\/\\\/www.giessegi.com\\\/de\\\/produkt\\\/windguard\\\/#primaryimage\"},\"thumbnailUrl\":\"https:\\\/\\\/www.giessegi.com\\\/wp-content\\\/uploads\\\/2025\\\/12\\\/09060-fr.jpg\",\"datePublished\":\"2025-12-01T17:43:23+00:00\",\"dateModified\":\"2025-12-01T17:59:10+00:00\",\"breadcrumb\":{\"@id\":\"https:\\\/\\\/www.giessegi.com\\\/de\\\/produkt\\\/windguard\\\/#breadcrumb\"},\"inLanguage\":\"de\",\"potentialAction\":[{\"@type\":\"ReadAction\",\"target\":[\"https:\\\/\\\/www.giessegi.com\\\/de\\\/produkt\\\/windguard\\\/\"]}]},{\"@type\":\"ImageObject\",\"inLanguage\":\"de\",\"@id\":\"https:\\\/\\\/www.giessegi.com\\\/de\\\/produkt\\\/windguard\\\/#primaryimage\",\"url\":\"https:\\\/\\\/www.giessegi.com\\\/wp-content\\\/uploads\\\/2025\\\/12\\\/09060-fr.jpg\",\"contentUrl\":\"https:\\\/\\\/www.giessegi.com\\\/wp-content\\\/uploads\\\/2025\\\/12\\\/09060-fr.jpg\",\"width\":1028,\"height\":1000},{\"@type\":\"BreadcrumbList\",\"@id\":\"https:\\\/\\\/www.giessegi.com\\\/de\\\/produkt\\\/windguard\\\/#breadcrumb\",\"itemListElement\":[{\"@type\":\"ListItem\",\"position\":1,\"name\":\"Home\",\"item\":\"https:\\\/\\\/www.giessegi.com\\\/\"},{\"@type\":\"ListItem\",\"position\":2,\"name\":\"Products\",\"item\":\"https:\\\/\\\/www.giessegi.com\\\/en\\\/shop\\\/\"},{\"@type\":\"ListItem\",\"position\":3,\"name\":\"WINDGUARD\"}]},{\"@type\":\"WebSite\",\"@id\":\"https:\\\/\\\/www.giessegi.com\\\/en\\\/#website\",\"url\":\"https:\\\/\\\/www.giessegi.com\\\/en\\\/\",\"name\":\"Giessegi\",\"description\":\"\",\"publisher\":{\"@id\":\"https:\\\/\\\/www.giessegi.com\\\/en\\\/#organization\"},\"potentialAction\":[{\"@type\":\"SearchAction\",\"target\":{\"@type\":\"EntryPoint\",\"urlTemplate\":\"https:\\\/\\\/www.giessegi.com\\\/en\\\/?s={search_term_string}\"},\"query-input\":{\"@type\":\"PropertyValueSpecification\",\"valueRequired\":true,\"valueName\":\"search_term_string\"}}],\"inLanguage\":\"de\"},{\"@type\":\"Organization\",\"@id\":\"https:\\\/\\\/www.giessegi.com\\\/en\\\/#organization\",\"name\":\"Giessegi\",\"url\":\"https:\\\/\\\/www.giessegi.com\\\/en\\\/\",\"logo\":{\"@type\":\"ImageObject\",\"inLanguage\":\"de\",\"@id\":\"https:\\\/\\\/www.giessegi.com\\\/en\\\/#\\\/schema\\\/logo\\\/image\\\/\",\"url\":\"https:\\\/\\\/www.giessegi.com\\\/wp-content\\\/uploads\\\/2022\\\/09\\\/giessegi-logo.jpeg\",\"contentUrl\":\"https:\\\/\\\/www.giessegi.com\\\/wp-content\\\/uploads\\\/2022\\\/09\\\/giessegi-logo.jpeg\",\"width\":175,\"height\":77,\"caption\":\"Giessegi\"},\"image\":{\"@id\":\"https:\\\/\\\/www.giessegi.com\\\/en\\\/#\\\/schema\\\/logo\\\/image\\\/\"}}]}<\/script>\n<!-- \/ Yoast SEO plugin. -->","yoast_head_json":{"title":"WINDGUARD | GSG - Giessegi","robots":{"index":"index","follow":"follow","max-snippet":"max-snippet:-1","max-image-preview":"max-image-preview:large","max-video-preview":"max-video-preview:-1"},"canonical":"https:\/\/www.giessegi.com\/de\/produkt\/windguard\/","og_locale":"de_DE","og_type":"article","og_title":"WINDGUARD | GSG - Giessegi","og_description":"Leichte winddichte und wasserabweisende Fahrradweste mit atmungsaktivem Polyester-R\u00fccken und drei Taschen. Zwei-Wege-Rei\u00dfverschluss und Silikon-Bund f\u00fcr maximale Stabilit\u00e4t. Kompakt und ideal f\u00fcr wechselhafte Bedingungen.","og_url":"https:\/\/www.giessegi.com\/de\/produkt\/windguard\/","og_site_name":"GSG - Giessegi","article_modified_time":"2025-12-01T17:59:10+00:00","og_image":[{"width":1028,"height":1000,"url":"https:\/\/www.giessegi.com\/wp-content\/uploads\/2025\/12\/09060-fr.jpg","type":"image\/jpeg"}],"twitter_card":"summary_large_image","twitter_misc":{"Gesch\u00e4tzte Lesezeit":"1\u00a0Minute"},"schema":{"@context":"https:\/\/schema.org","@graph":[{"@type":"WebPage","@id":"https:\/\/www.giessegi.com\/de\/produkt\/windguard\/","url":"https:\/\/www.giessegi.com\/de\/produkt\/windguard\/","name":"WINDGUARD | GSG - Giessegi","isPartOf":{"@id":"https:\/\/www.giessegi.com\/en\/#website"},"primaryImageOfPage":{"@id":"https:\/\/www.giessegi.com\/de\/produkt\/windguard\/#primaryimage"},"image":{"@id":"https:\/\/www.giessegi.com\/de\/produkt\/windguard\/#primaryimage"},"thumbnailUrl":"https:\/\/www.giessegi.com\/wp-content\/uploads\/2025\/12\/09060-fr.jpg","datePublished":"2025-12-01T17:43:23+00:00","dateModified":"2025-12-01T17:59:10+00:00","breadcrumb":{"@id":"https:\/\/www.giessegi.com\/de\/produkt\/windguard\/#breadcrumb"},"inLanguage":"de","potentialAction":[{"@type":"ReadAction","target":["https:\/\/www.giessegi.com\/de\/produkt\/windguard\/"]}]},{"@type":"ImageObject","inLanguage":"de","@id":"https:\/\/www.giessegi.com\/de\/produkt\/windguard\/#primaryimage","url":"https:\/\/www.giessegi.com\/wp-content\/uploads\/2025\/12\/09060-fr.jpg","contentUrl":"https:\/\/www.giessegi.com\/wp-content\/uploads\/2025\/12\/09060-fr.jpg","width":1028,"height":1000},{"@type":"BreadcrumbList","@id":"https:\/\/www.giessegi.com\/de\/produkt\/windguard\/#breadcrumb","itemListElement":[{"@type":"ListItem","position":1,"name":"Home","item":"https:\/\/www.giessegi.com\/"},{"@type":"ListItem","position":2,"name":"Products","item":"https:\/\/www.giessegi.com\/en\/shop\/"},{"@type":"ListItem","position":3,"name":"WINDGUARD"}]},{"@type":"WebSite","@id":"https:\/\/www.giessegi.com\/en\/#website","url":"https:\/\/www.giessegi.com\/en\/","name":"Giessegi","description":"","publisher":{"@id":"https:\/\/www.giessegi.com\/en\/#organization"},"potentialAction":[{"@type":"SearchAction","target":{"@type":"EntryPoint","urlTemplate":"https:\/\/www.giessegi.com\/en\/?s={search_term_string}"},"query-input":{"@type":"PropertyValueSpecification","valueRequired":true,"valueName":"search_term_string"}}],"inLanguage":"de"},{"@type":"Organization","@id":"https:\/\/www.giessegi.com\/en\/#organization","name":"Giessegi","url":"https:\/\/www.giessegi.com\/en\/","logo":{"@type":"ImageObject","inLanguage":"de","@id":"https:\/\/www.giessegi.com\/en\/#\/schema\/logo\/image\/","url":"https:\/\/www.giessegi.com\/wp-content\/uploads\/2022\/09\/giessegi-logo.jpeg","contentUrl":"https:\/\/www.giessegi.com\/wp-content\/uploads\/2022\/09\/giessegi-logo.jpeg","width":175,"height":77,"caption":"Giessegi"},"image":{"@id":"https:\/\/www.giessegi.com\/en\/#\/schema\/logo\/image\/"}}]}},"_links":{"self":[{"href":"https:\/\/www.giessegi.com\/de\/wp-json\/wp\/v2\/product\/76762","targetHints":{"allow":["GET"]}}],"collection":[{"href":"https:\/\/www.giessegi.com\/de\/wp-json\/wp\/v2\/product"}],"about":[{"href":"https:\/\/www.giessegi.com\/de\/wp-json\/wp\/v2\/types\/product"}],"wp:featuredmedia":[{"embeddable":true,"href":"https:\/\/www.giessegi.com\/de\/wp-json\/wp\/v2\/media\/76765"}],"wp:attachment":[{"href":"https:\/\/www.giessegi.com\/de\/wp-json\/wp\/v2\/media?parent=76762"}],"wp:term":[{"taxonomy":"product_brand","embeddable":true,"href":"https:\/\/www.giessegi.com\/de\/wp-json\/wp\/v2\/product_brand?post=76762"},{"taxonomy":"product_cat","embeddable":true,"href":"https:\/\/www.giessegi.com\/de\/wp-json\/wp\/v2\/product_cat?post=76762"},{"taxonomy":"product_tag","embeddable":true,"href":"https:\/\/www.giessegi.com\/de\/wp-json\/wp\/v2\/product_tag?post=76762"},{"taxonomy":"collezione","embeddable":true,"href":"https:\/\/www.giessegi.com\/de\/wp-json\/wp\/v2\/collezione?post=76762"}],"curies":[{"name":"wp","href":"https:\/\/api.w.org\/{rel}","templated":true}]}}