{"id":76646,"date":"2025-11-16T15:13:02","date_gmt":"2025-11-16T14:13:02","guid":{"rendered":"https:\/\/www.giessegi.com\/?post_type=product&#038;p=76646"},"modified":"2025-11-16T15:29:38","modified_gmt":"2025-11-16T14:29:38","slug":"velocity","status":"publish","type":"product","link":"https:\/\/www.giessegi.com\/de\/produkt\/velocity\/","title":{"rendered":"VELOCITY"},"content":{"rendered":"<p class=\"p1\">Das <span class=\"s1\"><b>Velocity Damen-Trikot<\/b><\/span> ist darauf ausgelegt, maximalen Komfort, Atmungsaktivit\u00e4t und Aerodynamik bei jeder Ausfahrt zu bieten. Das <span class=\"s1\"><b>schnell trocknende, atmungsaktive Mikromesh vorne<\/b><\/span> sorgt f\u00fcr optimale Feuchtigkeitsregulierung, w\u00e4hrend das <span class=\"s1\"><b>monoelastische Mikromesh hinten<\/b><\/span> einen stabilen und angenehmen Sitz gew\u00e4hrleistet.<\/p>\n<p class=\"p1\">Der <span class=\"s1\"><b>verdeckte, durchgehende Rei\u00dfverschluss<\/b><\/span> mit <span class=\"s1\"><b>Arretier-Schieber<\/b><\/span> erm\u00f6glicht eine regulierbare Bel\u00fcftung und ein sauberes Design. Die <span class=\"s1\"><b>aerodynamischen, elastischen \u00c4rmel<\/b><\/span> bieten eine hervorragende Passform und Performance.<\/p>\n<p class=\"p1\">Der <span class=\"s1\"><b>vordere Saum mit Umschlag<\/b><\/span> sorgt f\u00fcr Komfort, w\u00e4hrend der <span class=\"s1\"><b>hintere personalisierbare Silikonabschluss<\/b><\/span> das Trikot sicher in Position h\u00e4lt. Ein <span class=\"s1\"><b>reflektierendes Detail<\/b><\/span> auf der linken Tasche erh\u00f6ht die Sichtbarkeit.<\/p>\n<p class=\"p1\">Die <span class=\"s1\"><b>drei offenen R\u00fcckentaschen<\/b><\/span> bieten ausreichend Stauraum. Erh\u00e4ltlich in den Gr\u00f6\u00dfen <span class=\"s1\"><b>XXS\u20135XL<\/b><\/span>.<\/p>\n<p class=\"p1\">Ein technisches, leichtes und detailreiches Trikot \u2013 ideal f\u00fcr Fahrerinnen, die h\u00f6chste Leistung und Komfort suchen.<\/p>\n","protected":false},"excerpt":{"rendered":"<p class=\"p1\">Damen-Trikot <span class=\"s1\"><b>Velocity<\/b><\/span> mit atmungsaktivem Mikromesh vorne, monoelastischem R\u00fcckenmesh und <span class=\"s1\"><b>aerodynamischen Stretch-\u00c4rmeln<\/b><\/span>. Verdeckter Rei\u00dfverschluss, 3 R\u00fcckentaschen, vorderer Umschlagsaum und <span class=\"s1\"><b>personalisierbarer Silikonabschluss hinten<\/b><\/span>. Reflektierendes Detail. Gr\u00f6\u00dfen <span class=\"s1\"><b>XXS\u20135XL<\/b><\/span>.<\/p>\n","protected":false},"featured_media":76652,"template":"","meta":[],"product_brand":[],"product_cat":[4219,4200,4201],"product_tag":[],"collezione":[],"class_list":{"0":"post-76646","1":"product","2":"type-product","3":"status-publish","4":"has-post-thumbnail","6":"product_cat-custom-de","7":"product_cat-lady-de-radfahren","8":"product_cat-trikots-de-2","11":"first","12":"instock","13":"shipping-taxable","14":"product-type-simple"},"yoast_head":"<!-- This site is optimized with the Yoast SEO plugin v27.3 - https:\/\/yoast.com\/product\/yoast-seo-wordpress\/ -->\n<title>VELOCITY | GSG - Giessegi<\/title>\n<meta name=\"robots\" content=\"index, follow, max-snippet:-1, max-image-preview:large, max-video-preview:-1\" \/>\n<link rel=\"canonical\" href=\"https:\/\/www.giessegi.com\/es\/?post_type=product&p=76649\" \/>\n<meta property=\"og:locale\" content=\"de_DE\" \/>\n<meta property=\"og:type\" content=\"article\" \/>\n<meta property=\"og:title\" content=\"VELOCITY | GSG - Giessegi\" \/>\n<meta property=\"og:description\" content=\"Damen-Trikot Velocity mit atmungsaktivem Mikromesh vorne, monoelastischem R\u00fcckenmesh und aerodynamischen Stretch-\u00c4rmeln. Verdeckter Rei\u00dfverschluss, 3 R\u00fcckentaschen, vorderer Umschlagsaum und personalisierbarer Silikonabschluss hinten. Reflektierendes Detail. Gr\u00f6\u00dfen XXS\u20135XL.\" \/>\n<meta property=\"og:url\" content=\"https:\/\/www.giessegi.com\/es\/?post_type=product&amp;p=76649\" \/>\n<meta property=\"og:site_name\" content=\"GSG - Giessegi\" \/>\n<meta property=\"article:modified_time\" content=\"2025-11-16T14:29:38+00:00\" \/>\n<meta property=\"og:image\" content=\"https:\/\/www.giessegi.com\/wp-content\/uploads\/2025\/11\/03570-FR.jpg\" \/>\n\t<meta property=\"og:image:width\" content=\"1000\" \/>\n\t<meta property=\"og:image:height\" content=\"1028\" \/>\n\t<meta property=\"og:image:type\" content=\"image\/jpeg\" \/>\n<meta name=\"twitter:card\" content=\"summary_large_image\" \/>\n<meta name=\"twitter:label1\" content=\"Gesch\u00e4tzte Lesezeit\" \/>\n\t<meta name=\"twitter:data1\" content=\"1\u00a0Minute\" \/>\n<script type=\"application\/ld+json\" class=\"yoast-schema-graph\">{\"@context\":\"https:\\\/\\\/schema.org\",\"@graph\":[{\"@type\":\"WebPage\",\"@id\":\"https:\\\/\\\/www.giessegi.com\\\/es\\\/?post_type=product&p=76649\",\"url\":\"https:\\\/\\\/www.giessegi.com\\\/es\\\/?post_type=product&p=76649\",\"name\":\"VELOCITY | GSG - Giessegi\",\"isPartOf\":{\"@id\":\"https:\\\/\\\/www.giessegi.com\\\/en\\\/#website\"},\"primaryImageOfPage\":{\"@id\":\"https:\\\/\\\/www.giessegi.com\\\/es\\\/?post_type=product&p=76649#primaryimage\"},\"image\":{\"@id\":\"https:\\\/\\\/www.giessegi.com\\\/es\\\/?post_type=product&p=76649#primaryimage\"},\"thumbnailUrl\":\"https:\\\/\\\/www.giessegi.com\\\/wp-content\\\/uploads\\\/2025\\\/11\\\/03570-FR.jpg\",\"datePublished\":\"2025-11-16T14:13:02+00:00\",\"dateModified\":\"2025-11-16T14:29:38+00:00\",\"breadcrumb\":{\"@id\":\"https:\\\/\\\/www.giessegi.com\\\/es\\\/?post_type=product&p=76649#breadcrumb\"},\"inLanguage\":\"de\",\"potentialAction\":[{\"@type\":\"ReadAction\",\"target\":[\"https:\\\/\\\/www.giessegi.com\\\/es\\\/?post_type=product&p=76649\"]}]},{\"@type\":\"ImageObject\",\"inLanguage\":\"de\",\"@id\":\"https:\\\/\\\/www.giessegi.com\\\/es\\\/?post_type=product&p=76649#primaryimage\",\"url\":\"https:\\\/\\\/www.giessegi.com\\\/wp-content\\\/uploads\\\/2025\\\/11\\\/03570-FR.jpg\",\"contentUrl\":\"https:\\\/\\\/www.giessegi.com\\\/wp-content\\\/uploads\\\/2025\\\/11\\\/03570-FR.jpg\",\"width\":1000,\"height\":1028},{\"@type\":\"BreadcrumbList\",\"@id\":\"https:\\\/\\\/www.giessegi.com\\\/es\\\/?post_type=product&p=76649#breadcrumb\",\"itemListElement\":[{\"@type\":\"ListItem\",\"position\":1,\"name\":\"Home\",\"item\":\"https:\\\/\\\/www.giessegi.com\\\/\"},{\"@type\":\"ListItem\",\"position\":2,\"name\":\"Products\",\"item\":\"https:\\\/\\\/www.giessegi.com\\\/en\\\/shop\\\/\"},{\"@type\":\"ListItem\",\"position\":3,\"name\":\"VELOCITY\"}]},{\"@type\":\"WebSite\",\"@id\":\"https:\\\/\\\/www.giessegi.com\\\/en\\\/#website\",\"url\":\"https:\\\/\\\/www.giessegi.com\\\/en\\\/\",\"name\":\"Giessegi\",\"description\":\"\",\"publisher\":{\"@id\":\"https:\\\/\\\/www.giessegi.com\\\/en\\\/#organization\"},\"potentialAction\":[{\"@type\":\"SearchAction\",\"target\":{\"@type\":\"EntryPoint\",\"urlTemplate\":\"https:\\\/\\\/www.giessegi.com\\\/en\\\/?s={search_term_string}\"},\"query-input\":{\"@type\":\"PropertyValueSpecification\",\"valueRequired\":true,\"valueName\":\"search_term_string\"}}],\"inLanguage\":\"de\"},{\"@type\":\"Organization\",\"@id\":\"https:\\\/\\\/www.giessegi.com\\\/en\\\/#organization\",\"name\":\"Giessegi\",\"url\":\"https:\\\/\\\/www.giessegi.com\\\/en\\\/\",\"logo\":{\"@type\":\"ImageObject\",\"inLanguage\":\"de\",\"@id\":\"https:\\\/\\\/www.giessegi.com\\\/en\\\/#\\\/schema\\\/logo\\\/image\\\/\",\"url\":\"https:\\\/\\\/www.giessegi.com\\\/wp-content\\\/uploads\\\/2022\\\/09\\\/giessegi-logo.jpeg\",\"contentUrl\":\"https:\\\/\\\/www.giessegi.com\\\/wp-content\\\/uploads\\\/2022\\\/09\\\/giessegi-logo.jpeg\",\"width\":175,\"height\":77,\"caption\":\"Giessegi\"},\"image\":{\"@id\":\"https:\\\/\\\/www.giessegi.com\\\/en\\\/#\\\/schema\\\/logo\\\/image\\\/\"}}]}<\/script>\n<!-- \/ Yoast SEO plugin. -->","yoast_head_json":{"title":"VELOCITY | GSG - Giessegi","robots":{"index":"index","follow":"follow","max-snippet":"max-snippet:-1","max-image-preview":"max-image-preview:large","max-video-preview":"max-video-preview:-1"},"canonical":"https:\/\/www.giessegi.com\/es\/?post_type=product&p=76649","og_locale":"de_DE","og_type":"article","og_title":"VELOCITY | GSG - Giessegi","og_description":"Damen-Trikot Velocity mit atmungsaktivem Mikromesh vorne, monoelastischem R\u00fcckenmesh und aerodynamischen Stretch-\u00c4rmeln. Verdeckter Rei\u00dfverschluss, 3 R\u00fcckentaschen, vorderer Umschlagsaum und personalisierbarer Silikonabschluss hinten. Reflektierendes Detail. Gr\u00f6\u00dfen XXS\u20135XL.","og_url":"https:\/\/www.giessegi.com\/es\/?post_type=product&p=76649","og_site_name":"GSG - Giessegi","article_modified_time":"2025-11-16T14:29:38+00:00","og_image":[{"width":1000,"height":1028,"url":"https:\/\/www.giessegi.com\/wp-content\/uploads\/2025\/11\/03570-FR.jpg","type":"image\/jpeg"}],"twitter_card":"summary_large_image","twitter_misc":{"Gesch\u00e4tzte Lesezeit":"1\u00a0Minute"},"schema":{"@context":"https:\/\/schema.org","@graph":[{"@type":"WebPage","@id":"https:\/\/www.giessegi.com\/es\/?post_type=product&p=76649","url":"https:\/\/www.giessegi.com\/es\/?post_type=product&p=76649","name":"VELOCITY | GSG - Giessegi","isPartOf":{"@id":"https:\/\/www.giessegi.com\/en\/#website"},"primaryImageOfPage":{"@id":"https:\/\/www.giessegi.com\/es\/?post_type=product&p=76649#primaryimage"},"image":{"@id":"https:\/\/www.giessegi.com\/es\/?post_type=product&p=76649#primaryimage"},"thumbnailUrl":"https:\/\/www.giessegi.com\/wp-content\/uploads\/2025\/11\/03570-FR.jpg","datePublished":"2025-11-16T14:13:02+00:00","dateModified":"2025-11-16T14:29:38+00:00","breadcrumb":{"@id":"https:\/\/www.giessegi.com\/es\/?post_type=product&p=76649#breadcrumb"},"inLanguage":"de","potentialAction":[{"@type":"ReadAction","target":["https:\/\/www.giessegi.com\/es\/?post_type=product&p=76649"]}]},{"@type":"ImageObject","inLanguage":"de","@id":"https:\/\/www.giessegi.com\/es\/?post_type=product&p=76649#primaryimage","url":"https:\/\/www.giessegi.com\/wp-content\/uploads\/2025\/11\/03570-FR.jpg","contentUrl":"https:\/\/www.giessegi.com\/wp-content\/uploads\/2025\/11\/03570-FR.jpg","width":1000,"height":1028},{"@type":"BreadcrumbList","@id":"https:\/\/www.giessegi.com\/es\/?post_type=product&p=76649#breadcrumb","itemListElement":[{"@type":"ListItem","position":1,"name":"Home","item":"https:\/\/www.giessegi.com\/"},{"@type":"ListItem","position":2,"name":"Products","item":"https:\/\/www.giessegi.com\/en\/shop\/"},{"@type":"ListItem","position":3,"name":"VELOCITY"}]},{"@type":"WebSite","@id":"https:\/\/www.giessegi.com\/en\/#website","url":"https:\/\/www.giessegi.com\/en\/","name":"Giessegi","description":"","publisher":{"@id":"https:\/\/www.giessegi.com\/en\/#organization"},"potentialAction":[{"@type":"SearchAction","target":{"@type":"EntryPoint","urlTemplate":"https:\/\/www.giessegi.com\/en\/?s={search_term_string}"},"query-input":{"@type":"PropertyValueSpecification","valueRequired":true,"valueName":"search_term_string"}}],"inLanguage":"de"},{"@type":"Organization","@id":"https:\/\/www.giessegi.com\/en\/#organization","name":"Giessegi","url":"https:\/\/www.giessegi.com\/en\/","logo":{"@type":"ImageObject","inLanguage":"de","@id":"https:\/\/www.giessegi.com\/en\/#\/schema\/logo\/image\/","url":"https:\/\/www.giessegi.com\/wp-content\/uploads\/2022\/09\/giessegi-logo.jpeg","contentUrl":"https:\/\/www.giessegi.com\/wp-content\/uploads\/2022\/09\/giessegi-logo.jpeg","width":175,"height":77,"caption":"Giessegi"},"image":{"@id":"https:\/\/www.giessegi.com\/en\/#\/schema\/logo\/image\/"}}]}},"_links":{"self":[{"href":"https:\/\/www.giessegi.com\/de\/wp-json\/wp\/v2\/product\/76646","targetHints":{"allow":["GET"]}}],"collection":[{"href":"https:\/\/www.giessegi.com\/de\/wp-json\/wp\/v2\/product"}],"about":[{"href":"https:\/\/www.giessegi.com\/de\/wp-json\/wp\/v2\/types\/product"}],"wp:featuredmedia":[{"embeddable":true,"href":"https:\/\/www.giessegi.com\/de\/wp-json\/wp\/v2\/media\/76652"}],"wp:attachment":[{"href":"https:\/\/www.giessegi.com\/de\/wp-json\/wp\/v2\/media?parent=76646"}],"wp:term":[{"taxonomy":"product_brand","embeddable":true,"href":"https:\/\/www.giessegi.com\/de\/wp-json\/wp\/v2\/product_brand?post=76646"},{"taxonomy":"product_cat","embeddable":true,"href":"https:\/\/www.giessegi.com\/de\/wp-json\/wp\/v2\/product_cat?post=76646"},{"taxonomy":"product_tag","embeddable":true,"href":"https:\/\/www.giessegi.com\/de\/wp-json\/wp\/v2\/product_tag?post=76646"},{"taxonomy":"collezione","embeddable":true,"href":"https:\/\/www.giessegi.com\/de\/wp-json\/wp\/v2\/collezione?post=76646"}],"curies":[{"name":"wp","href":"https:\/\/api.w.org\/{rel}","templated":true}]}}