{"id":76621,"date":"2025-11-16T14:30:56","date_gmt":"2025-11-16T13:30:56","guid":{"rendered":"https:\/\/www.giessegi.com\/?post_type=product&#038;p=76621"},"modified":"2025-11-16T14:49:16","modified_gmt":"2025-11-16T13:49:16","slug":"sprint","status":"publish","type":"product","link":"https:\/\/www.giessegi.com\/de\/produkt\/sprint\/","title":{"rendered":"SPRINT"},"content":{"rendered":"<p class=\"p1\">Das kurz\u00e4rmelige <span class=\"s1\"><b>Sprint<\/b><\/span>-Trikot wurde entwickelt, um bei jeder Ausfahrt Komfort, Aerodynamik und hohe Leistung zu bieten. Das glatte <span class=\"s1\"><b>Polyestergewebe<\/b><\/span> auf Vorder- und R\u00fcckseite sorgt f\u00fcr eine angenehme Passform, optimale Feuchtigkeitsregulierung und schnelles Trocknen. Die seitlichen Eins\u00e4tze aus <span class=\"s1\"><b>atmungsaktivem Mesh<\/b><\/span> verbessern zus\u00e4tzlich die Luftzirkulation und halten den K\u00f6rper selbst an hei\u00dfen Tagen k\u00fchl.<\/p>\n<p class=\"p1\">Der <span class=\"s1\"><b>niedrige Kragen<\/b><\/span> und der <span class=\"s1\"><b>durchgehende Rei\u00dfverschluss<\/b><\/span> bieten maximale Bewegungsfreiheit und eine regulierbare Bel\u00fcftung je nach Intensit\u00e4t. Die <span class=\"s1\"><b>raw-cut \u00c4rmel<\/b><\/span> ohne Elastikband sorgen f\u00fcr ein leichtes Tragegef\u00fchl und eine perfekte Passform ohne einzuengen.<\/p>\n<p class=\"p1\">Auf der R\u00fcckseite bieten die <span class=\"s1\"><b>drei offenen Taschen<\/b><\/span> ausreichend Platz f\u00fcr alles, was w\u00e4hrend der Fahrt ben\u00f6tigt wird, w\u00e4hrend der <span class=\"s1\"><b>Silikonbund<\/b><\/span> das Trikot sicher in Position h\u00e4lt, ohne hochzurutschen.<\/p>\n<p class=\"p1\">Das Sprint-Trikot ist zudem <span class=\"s1\"><b>vollst\u00e4ndig im Design personalisierbar<\/b><\/span>, sodass individuelle Grafiken f\u00fcr Teams, Veranstaltungen oder den pers\u00f6nlichen Gebrauch erstellt werden k\u00f6nnen.<\/p>\n<p class=\"p1\">Eine ideale Wahl f\u00fcr Radfahrer, die ein leichtes, funktionales und detailreiches Trikot suchen \u2013 perfekt f\u00fcr Training und lange Sommerfahrten.<\/p>\n","protected":false},"excerpt":{"rendered":"<p class=\"p1\">Kurzarm-Radtrikot <span class=\"s1\"><b>Sprint<\/b><\/span>, <span class=\"s1\"><b>vollst\u00e4ndig im Design personalisierbar<\/b><\/span>. Glattes Polyestergewebe, atmungsaktive Mesh-Seitenteile, durchgehender Rei\u00dfverschluss und niedriger Kragen. Raw-cut \u00c4rmel ohne Elastik, drei R\u00fcckentaschen und Silikonbund. Leicht, atmungsaktiv und ideal f\u00fcr sommerliche Ausfahrten.<\/p>\n","protected":false},"featured_media":76624,"template":"","meta":[],"product_brand":[],"product_cat":[4178,4219,4179],"product_tag":[],"collezione":[],"class_list":{"0":"post-76621","1":"product","2":"type-product","3":"status-publish","4":"has-post-thumbnail","6":"product_cat-classic","7":"product_cat-custom-de","8":"product_cat-hemden-de","11":"first","12":"instock","13":"shipping-taxable","14":"product-type-simple"},"yoast_head":"<!-- This site is optimized with the Yoast SEO plugin v27.3 - https:\/\/yoast.com\/product\/yoast-seo-wordpress\/ -->\n<title>SPRINT | GSG - Giessegi<\/title>\n<meta name=\"robots\" content=\"index, follow, max-snippet:-1, max-image-preview:large, max-video-preview:-1\" \/>\n<link rel=\"canonical\" href=\"https:\/\/www.giessegi.com\/de\/produkt\/sprint\/\" \/>\n<meta property=\"og:locale\" content=\"de_DE\" \/>\n<meta property=\"og:type\" content=\"article\" \/>\n<meta property=\"og:title\" content=\"SPRINT | GSG - Giessegi\" \/>\n<meta property=\"og:description\" content=\"Kurzarm-Radtrikot Sprint, vollst\u00e4ndig im Design personalisierbar. Glattes Polyestergewebe, atmungsaktive Mesh-Seitenteile, durchgehender Rei\u00dfverschluss und niedriger Kragen. Raw-cut \u00c4rmel ohne Elastik, drei R\u00fcckentaschen und Silikonbund. Leicht, atmungsaktiv und ideal f\u00fcr sommerliche Ausfahrten.\" \/>\n<meta property=\"og:url\" content=\"https:\/\/www.giessegi.com\/de\/produkt\/sprint\/\" \/>\n<meta property=\"og:site_name\" content=\"GSG - Giessegi\" \/>\n<meta property=\"article:modified_time\" content=\"2025-11-16T13:49:16+00:00\" \/>\n<meta property=\"og:image\" content=\"https:\/\/www.giessegi.com\/wp-content\/uploads\/2025\/11\/03594-fronte.jpg\" \/>\n\t<meta property=\"og:image:width\" content=\"1000\" \/>\n\t<meta property=\"og:image:height\" content=\"1028\" \/>\n\t<meta property=\"og:image:type\" content=\"image\/jpeg\" \/>\n<meta name=\"twitter:card\" content=\"summary_large_image\" \/>\n<meta name=\"twitter:label1\" content=\"Gesch\u00e4tzte Lesezeit\" \/>\n\t<meta name=\"twitter:data1\" content=\"2\u00a0Minuten\" \/>\n<script type=\"application\/ld+json\" class=\"yoast-schema-graph\">{\"@context\":\"https:\\\/\\\/schema.org\",\"@graph\":[{\"@type\":\"WebPage\",\"@id\":\"https:\\\/\\\/www.giessegi.com\\\/de\\\/produkt\\\/sprint\\\/\",\"url\":\"https:\\\/\\\/www.giessegi.com\\\/de\\\/produkt\\\/sprint\\\/\",\"name\":\"SPRINT | GSG - Giessegi\",\"isPartOf\":{\"@id\":\"https:\\\/\\\/www.giessegi.com\\\/en\\\/#website\"},\"primaryImageOfPage\":{\"@id\":\"https:\\\/\\\/www.giessegi.com\\\/de\\\/produkt\\\/sprint\\\/#primaryimage\"},\"image\":{\"@id\":\"https:\\\/\\\/www.giessegi.com\\\/de\\\/produkt\\\/sprint\\\/#primaryimage\"},\"thumbnailUrl\":\"https:\\\/\\\/www.giessegi.com\\\/wp-content\\\/uploads\\\/2025\\\/11\\\/03594-fronte.jpg\",\"datePublished\":\"2025-11-16T13:30:56+00:00\",\"dateModified\":\"2025-11-16T13:49:16+00:00\",\"breadcrumb\":{\"@id\":\"https:\\\/\\\/www.giessegi.com\\\/de\\\/produkt\\\/sprint\\\/#breadcrumb\"},\"inLanguage\":\"de\",\"potentialAction\":[{\"@type\":\"ReadAction\",\"target\":[\"https:\\\/\\\/www.giessegi.com\\\/de\\\/produkt\\\/sprint\\\/\"]}]},{\"@type\":\"ImageObject\",\"inLanguage\":\"de\",\"@id\":\"https:\\\/\\\/www.giessegi.com\\\/de\\\/produkt\\\/sprint\\\/#primaryimage\",\"url\":\"https:\\\/\\\/www.giessegi.com\\\/wp-content\\\/uploads\\\/2025\\\/11\\\/03594-fronte.jpg\",\"contentUrl\":\"https:\\\/\\\/www.giessegi.com\\\/wp-content\\\/uploads\\\/2025\\\/11\\\/03594-fronte.jpg\",\"width\":1000,\"height\":1028,\"caption\":\"Screenshot\"},{\"@type\":\"BreadcrumbList\",\"@id\":\"https:\\\/\\\/www.giessegi.com\\\/de\\\/produkt\\\/sprint\\\/#breadcrumb\",\"itemListElement\":[{\"@type\":\"ListItem\",\"position\":1,\"name\":\"Home\",\"item\":\"https:\\\/\\\/www.giessegi.com\\\/\"},{\"@type\":\"ListItem\",\"position\":2,\"name\":\"Products\",\"item\":\"https:\\\/\\\/www.giessegi.com\\\/en\\\/shop\\\/\"},{\"@type\":\"ListItem\",\"position\":3,\"name\":\"SPRINT\"}]},{\"@type\":\"WebSite\",\"@id\":\"https:\\\/\\\/www.giessegi.com\\\/en\\\/#website\",\"url\":\"https:\\\/\\\/www.giessegi.com\\\/en\\\/\",\"name\":\"Giessegi\",\"description\":\"\",\"publisher\":{\"@id\":\"https:\\\/\\\/www.giessegi.com\\\/en\\\/#organization\"},\"potentialAction\":[{\"@type\":\"SearchAction\",\"target\":{\"@type\":\"EntryPoint\",\"urlTemplate\":\"https:\\\/\\\/www.giessegi.com\\\/en\\\/?s={search_term_string}\"},\"query-input\":{\"@type\":\"PropertyValueSpecification\",\"valueRequired\":true,\"valueName\":\"search_term_string\"}}],\"inLanguage\":\"de\"},{\"@type\":\"Organization\",\"@id\":\"https:\\\/\\\/www.giessegi.com\\\/en\\\/#organization\",\"name\":\"Giessegi\",\"url\":\"https:\\\/\\\/www.giessegi.com\\\/en\\\/\",\"logo\":{\"@type\":\"ImageObject\",\"inLanguage\":\"de\",\"@id\":\"https:\\\/\\\/www.giessegi.com\\\/en\\\/#\\\/schema\\\/logo\\\/image\\\/\",\"url\":\"https:\\\/\\\/www.giessegi.com\\\/wp-content\\\/uploads\\\/2022\\\/09\\\/giessegi-logo.jpeg\",\"contentUrl\":\"https:\\\/\\\/www.giessegi.com\\\/wp-content\\\/uploads\\\/2022\\\/09\\\/giessegi-logo.jpeg\",\"width\":175,\"height\":77,\"caption\":\"Giessegi\"},\"image\":{\"@id\":\"https:\\\/\\\/www.giessegi.com\\\/en\\\/#\\\/schema\\\/logo\\\/image\\\/\"}}]}<\/script>\n<!-- \/ Yoast SEO plugin. -->","yoast_head_json":{"title":"SPRINT | GSG - Giessegi","robots":{"index":"index","follow":"follow","max-snippet":"max-snippet:-1","max-image-preview":"max-image-preview:large","max-video-preview":"max-video-preview:-1"},"canonical":"https:\/\/www.giessegi.com\/de\/produkt\/sprint\/","og_locale":"de_DE","og_type":"article","og_title":"SPRINT | GSG - Giessegi","og_description":"Kurzarm-Radtrikot Sprint, vollst\u00e4ndig im Design personalisierbar. Glattes Polyestergewebe, atmungsaktive Mesh-Seitenteile, durchgehender Rei\u00dfverschluss und niedriger Kragen. Raw-cut \u00c4rmel ohne Elastik, drei R\u00fcckentaschen und Silikonbund. Leicht, atmungsaktiv und ideal f\u00fcr sommerliche Ausfahrten.","og_url":"https:\/\/www.giessegi.com\/de\/produkt\/sprint\/","og_site_name":"GSG - Giessegi","article_modified_time":"2025-11-16T13:49:16+00:00","og_image":[{"width":1000,"height":1028,"url":"https:\/\/www.giessegi.com\/wp-content\/uploads\/2025\/11\/03594-fronte.jpg","type":"image\/jpeg"}],"twitter_card":"summary_large_image","twitter_misc":{"Gesch\u00e4tzte Lesezeit":"2\u00a0Minuten"},"schema":{"@context":"https:\/\/schema.org","@graph":[{"@type":"WebPage","@id":"https:\/\/www.giessegi.com\/de\/produkt\/sprint\/","url":"https:\/\/www.giessegi.com\/de\/produkt\/sprint\/","name":"SPRINT | GSG - Giessegi","isPartOf":{"@id":"https:\/\/www.giessegi.com\/en\/#website"},"primaryImageOfPage":{"@id":"https:\/\/www.giessegi.com\/de\/produkt\/sprint\/#primaryimage"},"image":{"@id":"https:\/\/www.giessegi.com\/de\/produkt\/sprint\/#primaryimage"},"thumbnailUrl":"https:\/\/www.giessegi.com\/wp-content\/uploads\/2025\/11\/03594-fronte.jpg","datePublished":"2025-11-16T13:30:56+00:00","dateModified":"2025-11-16T13:49:16+00:00","breadcrumb":{"@id":"https:\/\/www.giessegi.com\/de\/produkt\/sprint\/#breadcrumb"},"inLanguage":"de","potentialAction":[{"@type":"ReadAction","target":["https:\/\/www.giessegi.com\/de\/produkt\/sprint\/"]}]},{"@type":"ImageObject","inLanguage":"de","@id":"https:\/\/www.giessegi.com\/de\/produkt\/sprint\/#primaryimage","url":"https:\/\/www.giessegi.com\/wp-content\/uploads\/2025\/11\/03594-fronte.jpg","contentUrl":"https:\/\/www.giessegi.com\/wp-content\/uploads\/2025\/11\/03594-fronte.jpg","width":1000,"height":1028,"caption":"Screenshot"},{"@type":"BreadcrumbList","@id":"https:\/\/www.giessegi.com\/de\/produkt\/sprint\/#breadcrumb","itemListElement":[{"@type":"ListItem","position":1,"name":"Home","item":"https:\/\/www.giessegi.com\/"},{"@type":"ListItem","position":2,"name":"Products","item":"https:\/\/www.giessegi.com\/en\/shop\/"},{"@type":"ListItem","position":3,"name":"SPRINT"}]},{"@type":"WebSite","@id":"https:\/\/www.giessegi.com\/en\/#website","url":"https:\/\/www.giessegi.com\/en\/","name":"Giessegi","description":"","publisher":{"@id":"https:\/\/www.giessegi.com\/en\/#organization"},"potentialAction":[{"@type":"SearchAction","target":{"@type":"EntryPoint","urlTemplate":"https:\/\/www.giessegi.com\/en\/?s={search_term_string}"},"query-input":{"@type":"PropertyValueSpecification","valueRequired":true,"valueName":"search_term_string"}}],"inLanguage":"de"},{"@type":"Organization","@id":"https:\/\/www.giessegi.com\/en\/#organization","name":"Giessegi","url":"https:\/\/www.giessegi.com\/en\/","logo":{"@type":"ImageObject","inLanguage":"de","@id":"https:\/\/www.giessegi.com\/en\/#\/schema\/logo\/image\/","url":"https:\/\/www.giessegi.com\/wp-content\/uploads\/2022\/09\/giessegi-logo.jpeg","contentUrl":"https:\/\/www.giessegi.com\/wp-content\/uploads\/2022\/09\/giessegi-logo.jpeg","width":175,"height":77,"caption":"Giessegi"},"image":{"@id":"https:\/\/www.giessegi.com\/en\/#\/schema\/logo\/image\/"}}]}},"_links":{"self":[{"href":"https:\/\/www.giessegi.com\/de\/wp-json\/wp\/v2\/product\/76621","targetHints":{"allow":["GET"]}}],"collection":[{"href":"https:\/\/www.giessegi.com\/de\/wp-json\/wp\/v2\/product"}],"about":[{"href":"https:\/\/www.giessegi.com\/de\/wp-json\/wp\/v2\/types\/product"}],"wp:featuredmedia":[{"embeddable":true,"href":"https:\/\/www.giessegi.com\/de\/wp-json\/wp\/v2\/media\/76624"}],"wp:attachment":[{"href":"https:\/\/www.giessegi.com\/de\/wp-json\/wp\/v2\/media?parent=76621"}],"wp:term":[{"taxonomy":"product_brand","embeddable":true,"href":"https:\/\/www.giessegi.com\/de\/wp-json\/wp\/v2\/product_brand?post=76621"},{"taxonomy":"product_cat","embeddable":true,"href":"https:\/\/www.giessegi.com\/de\/wp-json\/wp\/v2\/product_cat?post=76621"},{"taxonomy":"product_tag","embeddable":true,"href":"https:\/\/www.giessegi.com\/de\/wp-json\/wp\/v2\/product_tag?post=76621"},{"taxonomy":"collezione","embeddable":true,"href":"https:\/\/www.giessegi.com\/de\/wp-json\/wp\/v2\/collezione?post=76621"}],"curies":[{"name":"wp","href":"https:\/\/api.w.org\/{rel}","templated":true}]}}