{"id":76410,"date":"2025-11-02T16:09:18","date_gmt":"2025-11-02T15:09:18","guid":{"rendered":"https:\/\/www.giessegi.com\/?post_type=product&#038;p=76410"},"modified":"2025-11-02T16:15:46","modified_gmt":"2025-11-02T15:15:46","slug":"blizzard","status":"publish","type":"product","link":"https:\/\/www.giessegi.com\/de\/produkt\/blizzard\/","title":{"rendered":"BLIZZARD"},"content":{"rendered":"<p class=\"p1\"><span class=\"s1\">Das <\/span><b>Blizzard Winter-Radtrikot<\/b><span class=\"s1\"> bietet <\/span><b>W\u00e4rme, Atmungsaktivit\u00e4t und Bewegungsfreiheit<\/b><span class=\"s1\"> bei winterlichen Bedingungen.<\/span><\/p>\n<p class=\"p2\">Hergestellt aus <span class=\"s2\"><b>Roubaix Fleece-Stretch-Gewebe<\/b><\/span>, h\u00e4lt es die K\u00f6rperw\u00e4rme, ohne den Tragekomfort zu beeintr\u00e4chtigen.<\/p>\n<p class=\"p1\"><b>Hauptmerkmale:<\/b><b><\/b><\/p>\n<ul>\n<li>\n<p class=\"p1\"><span class=\"s1\"><b>Material:<\/b><\/span> angerautes, elastisches Roubaix-Gewebe \u2013 warm, weich und atmungsaktiv.<\/p>\n<\/li>\n<li>\n<p class=\"p1\"><span class=\"s1\"><b>Rei\u00dfverschluss:<\/b><\/span> verdeckt, mit selbstblockierendem Schieber.<\/p>\n<\/li>\n<li>\n<p class=\"p1\"><span class=\"s1\"><b>\u00c4rmelabschluss:<\/b><\/span> Laserschnitt f\u00fcr optimalen Komfort und Aerodynamik.<\/p>\n<\/li>\n<li>\n<p class=\"p1\"><span class=\"s1\"><b>Vorderer Saum:<\/b><\/span> mit Umschlag f\u00fcr sauberen Sitz.<\/p>\n<\/li>\n<li>\n<p class=\"p1\"><b>Hinterer Saum:<\/b> <b>personalisierbares Silikonband<\/b><span class=\"s1\"> f\u00fcr festen Halt.<\/span><\/p>\n<\/li>\n<li>\n<p class=\"p1\"><span class=\"s1\"><b>Reflektierend:<\/b><\/span> Detail am Bund f\u00fcr bessere Sichtbarkeit.<\/p>\n<\/li>\n<li>\n<p class=\"p1\"><span class=\"s1\"><b>Taschen:<\/b><\/span> drei offene R\u00fcckentaschen f\u00fcr alles N\u00f6tige.<\/p>\n<\/li>\n<\/ul>\n<p class=\"p2\">Erh\u00e4ltlich in <span class=\"s2\"><b>Gr\u00f6\u00dfen XXS\u20135XL<\/b><\/span>, das <span class=\"s2\"><b>Blizzard Radtrikot<\/b><\/span> vereint <span class=\"s2\"><b>W\u00e4rme, Komfort und Funktionalit\u00e4t<\/b><\/span> \u2013 ideal f\u00fcr Training und Rennen im Winter.<\/p>\n","protected":false},"excerpt":{"rendered":"<p class=\"p1\"><span class=\"s1\"><b>Blizzard Winter-Radtrikot<\/b><\/span> aus <span class=\"s1\"><b>Roubaix angerautem Stretch-Material<\/b><\/span> mit verdecktem Rei\u00dfverschluss, lasergeschnittenen B\u00fcndchen und drei offenen R\u00fcckentaschen.<\/p>\n<p class=\"p1\">Warm, bequem und perfekt f\u00fcr kalte Tage.<\/p>\n","protected":false},"featured_media":76413,"template":"","meta":[],"product_brand":[],"product_cat":[4219,4181,4183],"product_tag":[],"collezione":[],"class_list":{"0":"post-76410","1":"product","2":"type-product","3":"status-publish","4":"has-post-thumbnail","6":"product_cat-custom-de","7":"product_cat-elite-de","8":"product_cat-trikots","11":"first","12":"instock","13":"shipping-taxable","14":"product-type-simple"},"yoast_head":"<!-- This site is optimized with the Yoast SEO plugin v27.3 - https:\/\/yoast.com\/product\/yoast-seo-wordpress\/ -->\n<title>BLIZZARD | GSG - Giessegi<\/title>\n<meta name=\"robots\" content=\"index, follow, max-snippet:-1, max-image-preview:large, max-video-preview:-1\" \/>\n<link rel=\"canonical\" href=\"https:\/\/www.giessegi.com\/de\/produkt\/blizzard\/\" \/>\n<meta property=\"og:locale\" content=\"de_DE\" \/>\n<meta property=\"og:type\" content=\"article\" \/>\n<meta property=\"og:title\" content=\"BLIZZARD | GSG - Giessegi\" \/>\n<meta property=\"og:description\" content=\"Blizzard Winter-Radtrikot aus Roubaix angerautem Stretch-Material mit verdecktem Rei\u00dfverschluss, lasergeschnittenen B\u00fcndchen und drei offenen R\u00fcckentaschen. Warm, bequem und perfekt f\u00fcr kalte Tage.\" \/>\n<meta property=\"og:url\" content=\"https:\/\/www.giessegi.com\/de\/produkt\/blizzard\/\" \/>\n<meta property=\"og:site_name\" content=\"GSG - Giessegi\" \/>\n<meta property=\"article:modified_time\" content=\"2025-11-02T15:15:46+00:00\" \/>\n<meta property=\"og:image\" content=\"https:\/\/www.giessegi.com\/wp-content\/uploads\/2025\/11\/04259-FRONT.jpg\" \/>\n\t<meta property=\"og:image:width\" content=\"1000\" \/>\n\t<meta property=\"og:image:height\" content=\"1028\" \/>\n\t<meta property=\"og:image:type\" content=\"image\/jpeg\" \/>\n<meta name=\"twitter:card\" content=\"summary_large_image\" \/>\n<meta name=\"twitter:label1\" content=\"Gesch\u00e4tzte Lesezeit\" \/>\n\t<meta name=\"twitter:data1\" content=\"1\u00a0Minute\" \/>\n<script type=\"application\/ld+json\" class=\"yoast-schema-graph\">{\"@context\":\"https:\\\/\\\/schema.org\",\"@graph\":[{\"@type\":\"WebPage\",\"@id\":\"https:\\\/\\\/www.giessegi.com\\\/de\\\/produkt\\\/blizzard\\\/\",\"url\":\"https:\\\/\\\/www.giessegi.com\\\/de\\\/produkt\\\/blizzard\\\/\",\"name\":\"BLIZZARD | GSG - Giessegi\",\"isPartOf\":{\"@id\":\"https:\\\/\\\/www.giessegi.com\\\/en\\\/#website\"},\"primaryImageOfPage\":{\"@id\":\"https:\\\/\\\/www.giessegi.com\\\/de\\\/produkt\\\/blizzard\\\/#primaryimage\"},\"image\":{\"@id\":\"https:\\\/\\\/www.giessegi.com\\\/de\\\/produkt\\\/blizzard\\\/#primaryimage\"},\"thumbnailUrl\":\"https:\\\/\\\/www.giessegi.com\\\/wp-content\\\/uploads\\\/2025\\\/11\\\/04259-FRONT.jpg\",\"datePublished\":\"2025-11-02T15:09:18+00:00\",\"dateModified\":\"2025-11-02T15:15:46+00:00\",\"breadcrumb\":{\"@id\":\"https:\\\/\\\/www.giessegi.com\\\/de\\\/produkt\\\/blizzard\\\/#breadcrumb\"},\"inLanguage\":\"de\",\"potentialAction\":[{\"@type\":\"ReadAction\",\"target\":[\"https:\\\/\\\/www.giessegi.com\\\/de\\\/produkt\\\/blizzard\\\/\"]}]},{\"@type\":\"ImageObject\",\"inLanguage\":\"de\",\"@id\":\"https:\\\/\\\/www.giessegi.com\\\/de\\\/produkt\\\/blizzard\\\/#primaryimage\",\"url\":\"https:\\\/\\\/www.giessegi.com\\\/wp-content\\\/uploads\\\/2025\\\/11\\\/04259-FRONT.jpg\",\"contentUrl\":\"https:\\\/\\\/www.giessegi.com\\\/wp-content\\\/uploads\\\/2025\\\/11\\\/04259-FRONT.jpg\",\"width\":1000,\"height\":1028},{\"@type\":\"BreadcrumbList\",\"@id\":\"https:\\\/\\\/www.giessegi.com\\\/de\\\/produkt\\\/blizzard\\\/#breadcrumb\",\"itemListElement\":[{\"@type\":\"ListItem\",\"position\":1,\"name\":\"Home\",\"item\":\"https:\\\/\\\/www.giessegi.com\\\/\"},{\"@type\":\"ListItem\",\"position\":2,\"name\":\"Products\",\"item\":\"https:\\\/\\\/www.giessegi.com\\\/en\\\/shop\\\/\"},{\"@type\":\"ListItem\",\"position\":3,\"name\":\"BLIZZARD\"}]},{\"@type\":\"WebSite\",\"@id\":\"https:\\\/\\\/www.giessegi.com\\\/en\\\/#website\",\"url\":\"https:\\\/\\\/www.giessegi.com\\\/en\\\/\",\"name\":\"Giessegi\",\"description\":\"\",\"publisher\":{\"@id\":\"https:\\\/\\\/www.giessegi.com\\\/en\\\/#organization\"},\"potentialAction\":[{\"@type\":\"SearchAction\",\"target\":{\"@type\":\"EntryPoint\",\"urlTemplate\":\"https:\\\/\\\/www.giessegi.com\\\/en\\\/?s={search_term_string}\"},\"query-input\":{\"@type\":\"PropertyValueSpecification\",\"valueRequired\":true,\"valueName\":\"search_term_string\"}}],\"inLanguage\":\"de\"},{\"@type\":\"Organization\",\"@id\":\"https:\\\/\\\/www.giessegi.com\\\/en\\\/#organization\",\"name\":\"Giessegi\",\"url\":\"https:\\\/\\\/www.giessegi.com\\\/en\\\/\",\"logo\":{\"@type\":\"ImageObject\",\"inLanguage\":\"de\",\"@id\":\"https:\\\/\\\/www.giessegi.com\\\/en\\\/#\\\/schema\\\/logo\\\/image\\\/\",\"url\":\"https:\\\/\\\/www.giessegi.com\\\/wp-content\\\/uploads\\\/2022\\\/09\\\/giessegi-logo.jpeg\",\"contentUrl\":\"https:\\\/\\\/www.giessegi.com\\\/wp-content\\\/uploads\\\/2022\\\/09\\\/giessegi-logo.jpeg\",\"width\":175,\"height\":77,\"caption\":\"Giessegi\"},\"image\":{\"@id\":\"https:\\\/\\\/www.giessegi.com\\\/en\\\/#\\\/schema\\\/logo\\\/image\\\/\"}}]}<\/script>\n<!-- \/ Yoast SEO plugin. -->","yoast_head_json":{"title":"BLIZZARD | GSG - Giessegi","robots":{"index":"index","follow":"follow","max-snippet":"max-snippet:-1","max-image-preview":"max-image-preview:large","max-video-preview":"max-video-preview:-1"},"canonical":"https:\/\/www.giessegi.com\/de\/produkt\/blizzard\/","og_locale":"de_DE","og_type":"article","og_title":"BLIZZARD | GSG - Giessegi","og_description":"Blizzard Winter-Radtrikot aus Roubaix angerautem Stretch-Material mit verdecktem Rei\u00dfverschluss, lasergeschnittenen B\u00fcndchen und drei offenen R\u00fcckentaschen. Warm, bequem und perfekt f\u00fcr kalte Tage.","og_url":"https:\/\/www.giessegi.com\/de\/produkt\/blizzard\/","og_site_name":"GSG - Giessegi","article_modified_time":"2025-11-02T15:15:46+00:00","og_image":[{"width":1000,"height":1028,"url":"https:\/\/www.giessegi.com\/wp-content\/uploads\/2025\/11\/04259-FRONT.jpg","type":"image\/jpeg"}],"twitter_card":"summary_large_image","twitter_misc":{"Gesch\u00e4tzte Lesezeit":"1\u00a0Minute"},"schema":{"@context":"https:\/\/schema.org","@graph":[{"@type":"WebPage","@id":"https:\/\/www.giessegi.com\/de\/produkt\/blizzard\/","url":"https:\/\/www.giessegi.com\/de\/produkt\/blizzard\/","name":"BLIZZARD | GSG - Giessegi","isPartOf":{"@id":"https:\/\/www.giessegi.com\/en\/#website"},"primaryImageOfPage":{"@id":"https:\/\/www.giessegi.com\/de\/produkt\/blizzard\/#primaryimage"},"image":{"@id":"https:\/\/www.giessegi.com\/de\/produkt\/blizzard\/#primaryimage"},"thumbnailUrl":"https:\/\/www.giessegi.com\/wp-content\/uploads\/2025\/11\/04259-FRONT.jpg","datePublished":"2025-11-02T15:09:18+00:00","dateModified":"2025-11-02T15:15:46+00:00","breadcrumb":{"@id":"https:\/\/www.giessegi.com\/de\/produkt\/blizzard\/#breadcrumb"},"inLanguage":"de","potentialAction":[{"@type":"ReadAction","target":["https:\/\/www.giessegi.com\/de\/produkt\/blizzard\/"]}]},{"@type":"ImageObject","inLanguage":"de","@id":"https:\/\/www.giessegi.com\/de\/produkt\/blizzard\/#primaryimage","url":"https:\/\/www.giessegi.com\/wp-content\/uploads\/2025\/11\/04259-FRONT.jpg","contentUrl":"https:\/\/www.giessegi.com\/wp-content\/uploads\/2025\/11\/04259-FRONT.jpg","width":1000,"height":1028},{"@type":"BreadcrumbList","@id":"https:\/\/www.giessegi.com\/de\/produkt\/blizzard\/#breadcrumb","itemListElement":[{"@type":"ListItem","position":1,"name":"Home","item":"https:\/\/www.giessegi.com\/"},{"@type":"ListItem","position":2,"name":"Products","item":"https:\/\/www.giessegi.com\/en\/shop\/"},{"@type":"ListItem","position":3,"name":"BLIZZARD"}]},{"@type":"WebSite","@id":"https:\/\/www.giessegi.com\/en\/#website","url":"https:\/\/www.giessegi.com\/en\/","name":"Giessegi","description":"","publisher":{"@id":"https:\/\/www.giessegi.com\/en\/#organization"},"potentialAction":[{"@type":"SearchAction","target":{"@type":"EntryPoint","urlTemplate":"https:\/\/www.giessegi.com\/en\/?s={search_term_string}"},"query-input":{"@type":"PropertyValueSpecification","valueRequired":true,"valueName":"search_term_string"}}],"inLanguage":"de"},{"@type":"Organization","@id":"https:\/\/www.giessegi.com\/en\/#organization","name":"Giessegi","url":"https:\/\/www.giessegi.com\/en\/","logo":{"@type":"ImageObject","inLanguage":"de","@id":"https:\/\/www.giessegi.com\/en\/#\/schema\/logo\/image\/","url":"https:\/\/www.giessegi.com\/wp-content\/uploads\/2022\/09\/giessegi-logo.jpeg","contentUrl":"https:\/\/www.giessegi.com\/wp-content\/uploads\/2022\/09\/giessegi-logo.jpeg","width":175,"height":77,"caption":"Giessegi"},"image":{"@id":"https:\/\/www.giessegi.com\/en\/#\/schema\/logo\/image\/"}}]}},"_links":{"self":[{"href":"https:\/\/www.giessegi.com\/de\/wp-json\/wp\/v2\/product\/76410","targetHints":{"allow":["GET"]}}],"collection":[{"href":"https:\/\/www.giessegi.com\/de\/wp-json\/wp\/v2\/product"}],"about":[{"href":"https:\/\/www.giessegi.com\/de\/wp-json\/wp\/v2\/types\/product"}],"wp:featuredmedia":[{"embeddable":true,"href":"https:\/\/www.giessegi.com\/de\/wp-json\/wp\/v2\/media\/76413"}],"wp:attachment":[{"href":"https:\/\/www.giessegi.com\/de\/wp-json\/wp\/v2\/media?parent=76410"}],"wp:term":[{"taxonomy":"product_brand","embeddable":true,"href":"https:\/\/www.giessegi.com\/de\/wp-json\/wp\/v2\/product_brand?post=76410"},{"taxonomy":"product_cat","embeddable":true,"href":"https:\/\/www.giessegi.com\/de\/wp-json\/wp\/v2\/product_cat?post=76410"},{"taxonomy":"product_tag","embeddable":true,"href":"https:\/\/www.giessegi.com\/de\/wp-json\/wp\/v2\/product_tag?post=76410"},{"taxonomy":"collezione","embeddable":true,"href":"https:\/\/www.giessegi.com\/de\/wp-json\/wp\/v2\/collezione?post=76410"}],"curies":[{"name":"wp","href":"https:\/\/api.w.org\/{rel}","templated":true}]}}