{"id":76309,"date":"2025-11-02T14:08:26","date_gmt":"2025-11-02T13:08:26","guid":{"rendered":"https:\/\/www.giessegi.com\/?post_type=product&#038;p=76309"},"modified":"2025-11-02T14:18:28","modified_gmt":"2025-11-02T13:18:28","slug":"aero-light","status":"publish","type":"product","link":"https:\/\/www.giessegi.com\/de\/produkt\/aero-light\/","title":{"rendered":"AERO LIGHT"},"content":{"rendered":"<p class=\"p1\"><span class=\"s1\">Das <\/span><b>Aero Light Radsport-Trikot<\/b><span class=\"s1\"> wurde entwickelt, um <\/span><b>maximale Leistung, Aerodynamik und Komfort<\/b><span class=\"s1\"> auf jeder Fahrt zu bieten.<\/span><\/p>\n<p class=\"p2\">Gefertigt aus <span class=\"s2\"><b>ultraleichtem, atmungsaktivem 3D-Mesh-Gewebe<\/b><\/span>, sorgt es f\u00fcr optimale Bel\u00fcftung und schnelles Trocknen.<\/p>\n<ul>\n<li>\n<p class=\"p1\"><span class=\"s1\"><b>Vorderseite:<\/b><\/span> atmungsaktives Netzmaterial f\u00fcr perfekte Luftzirkulation.<\/p>\n<\/li>\n<li>\n<p class=\"p1\"><span class=\"s1\"><b>R\u00fcckseite:<\/b><\/span> monoelastisches Mikronetz f\u00fcr stabilen, bequemen Sitz.<\/p>\n<\/li>\n<li>\n<p class=\"p1\"><span class=\"s1\"><b>\u00c4rmel:<\/b><\/span> elastischer, aerodynamischer Stoff reduziert den Luftwiderstand.<\/p>\n<\/li>\n<li>\n<p class=\"p1\"><span class=\"s1\"><b>Langer, verdeckter Rei\u00dfverschluss<\/b><\/span> mit selbstblockierendem Schieber.<\/p>\n<\/li>\n<li>\n<p class=\"p1\"><span class=\"s1\"><b>Saum:<\/b><\/span> vorn mit Umschlag, hinten mit Silikonband f\u00fcr festen Halt.<\/p>\n<\/li>\n<li>\n<p class=\"p1\"><span class=\"s1\"><b>Taschen:<\/b><\/span> drei offene R\u00fcckentaschen f\u00fcr alles Wichtige.<\/p>\n<\/li>\n<li>\n<p class=\"p1\"><span class=\"s1\"><b>Reflektierendes Detail<\/b><\/span> auf der linken Tasche f\u00fcr bessere Sichtbarkeit.<\/p>\n<\/li>\n<li>\n<p class=\"p1\"><span class=\"s1\"><b>Individuell bedruckbar<\/b><\/span>, ideal f\u00fcr Teams oder Vereine.<\/p>\n<\/li>\n<\/ul>\n","protected":false},"excerpt":{"rendered":"<p class=\"p1\"><span class=\"s1\"><b>Aero Light<\/b><\/span> Radsport-Trikot aus ultraleichtem, atmungsaktivem 3D-Mesh-Gewebe. Eng anliegende Passform, aerodynamische \u00c4rmel, verdeckter Rei\u00dfverschluss und drei R\u00fcckentaschen. Perfekt f\u00fcr h\u00f6chste Performance.<\/p>\n","protected":false},"featured_media":76312,"template":"","meta":[],"product_brand":[],"product_cat":[4219,4204,4206],"product_tag":[],"collezione":[],"class_list":{"0":"post-76309","1":"product","2":"type-product","3":"status-publish","4":"has-post-thumbnail","6":"product_cat-custom-de","7":"product_cat-premium","8":"product_cat-trikots-de-3","11":"first","12":"instock","13":"shipping-taxable","14":"product-type-simple"},"yoast_head":"<!-- This site is optimized with the Yoast SEO plugin v27.3 - https:\/\/yoast.com\/product\/yoast-seo-wordpress\/ -->\n<title>AERO LIGHT | GSG - Giessegi<\/title>\n<meta name=\"robots\" content=\"index, follow, max-snippet:-1, max-image-preview:large, max-video-preview:-1\" \/>\n<link rel=\"canonical\" href=\"https:\/\/www.giessegi.com\/es\/?post_type=product&p=76308\" \/>\n<meta property=\"og:locale\" content=\"de_DE\" \/>\n<meta property=\"og:type\" content=\"article\" \/>\n<meta property=\"og:title\" content=\"AERO LIGHT | GSG - Giessegi\" \/>\n<meta property=\"og:description\" content=\"Aero Light Radsport-Trikot aus ultraleichtem, atmungsaktivem 3D-Mesh-Gewebe. Eng anliegende Passform, aerodynamische \u00c4rmel, verdeckter Rei\u00dfverschluss und drei R\u00fcckentaschen. Perfekt f\u00fcr h\u00f6chste Performance.\" \/>\n<meta property=\"og:url\" content=\"https:\/\/www.giessegi.com\/es\/?post_type=product&amp;p=76308\" \/>\n<meta property=\"og:site_name\" content=\"GSG - Giessegi\" \/>\n<meta property=\"article:modified_time\" content=\"2025-11-02T13:18:28+00:00\" \/>\n<meta property=\"og:image\" content=\"https:\/\/www.giessegi.com\/wp-content\/uploads\/2025\/11\/03611-FRONT.jpg\" \/>\n\t<meta property=\"og:image:width\" content=\"1000\" \/>\n\t<meta property=\"og:image:height\" content=\"1028\" \/>\n\t<meta property=\"og:image:type\" content=\"image\/jpeg\" \/>\n<meta name=\"twitter:card\" content=\"summary_large_image\" \/>\n<meta name=\"twitter:label1\" content=\"Gesch\u00e4tzte Lesezeit\" \/>\n\t<meta name=\"twitter:data1\" content=\"1\u00a0Minute\" \/>\n<script type=\"application\/ld+json\" class=\"yoast-schema-graph\">{\"@context\":\"https:\\\/\\\/schema.org\",\"@graph\":[{\"@type\":\"WebPage\",\"@id\":\"https:\\\/\\\/www.giessegi.com\\\/es\\\/?post_type=product&p=76308\",\"url\":\"https:\\\/\\\/www.giessegi.com\\\/es\\\/?post_type=product&p=76308\",\"name\":\"AERO LIGHT | GSG - Giessegi\",\"isPartOf\":{\"@id\":\"https:\\\/\\\/www.giessegi.com\\\/en\\\/#website\"},\"primaryImageOfPage\":{\"@id\":\"https:\\\/\\\/www.giessegi.com\\\/es\\\/?post_type=product&p=76308#primaryimage\"},\"image\":{\"@id\":\"https:\\\/\\\/www.giessegi.com\\\/es\\\/?post_type=product&p=76308#primaryimage\"},\"thumbnailUrl\":\"https:\\\/\\\/www.giessegi.com\\\/wp-content\\\/uploads\\\/2025\\\/11\\\/03611-FRONT.jpg\",\"datePublished\":\"2025-11-02T13:08:26+00:00\",\"dateModified\":\"2025-11-02T13:18:28+00:00\",\"breadcrumb\":{\"@id\":\"https:\\\/\\\/www.giessegi.com\\\/es\\\/?post_type=product&p=76308#breadcrumb\"},\"inLanguage\":\"de\",\"potentialAction\":[{\"@type\":\"ReadAction\",\"target\":[\"https:\\\/\\\/www.giessegi.com\\\/es\\\/?post_type=product&p=76308\"]}]},{\"@type\":\"ImageObject\",\"inLanguage\":\"de\",\"@id\":\"https:\\\/\\\/www.giessegi.com\\\/es\\\/?post_type=product&p=76308#primaryimage\",\"url\":\"https:\\\/\\\/www.giessegi.com\\\/wp-content\\\/uploads\\\/2025\\\/11\\\/03611-FRONT.jpg\",\"contentUrl\":\"https:\\\/\\\/www.giessegi.com\\\/wp-content\\\/uploads\\\/2025\\\/11\\\/03611-FRONT.jpg\",\"width\":1000,\"height\":1028},{\"@type\":\"BreadcrumbList\",\"@id\":\"https:\\\/\\\/www.giessegi.com\\\/es\\\/?post_type=product&p=76308#breadcrumb\",\"itemListElement\":[{\"@type\":\"ListItem\",\"position\":1,\"name\":\"Home\",\"item\":\"https:\\\/\\\/www.giessegi.com\\\/\"},{\"@type\":\"ListItem\",\"position\":2,\"name\":\"Products\",\"item\":\"https:\\\/\\\/www.giessegi.com\\\/en\\\/shop\\\/\"},{\"@type\":\"ListItem\",\"position\":3,\"name\":\"AERO LIGHT\"}]},{\"@type\":\"WebSite\",\"@id\":\"https:\\\/\\\/www.giessegi.com\\\/en\\\/#website\",\"url\":\"https:\\\/\\\/www.giessegi.com\\\/en\\\/\",\"name\":\"Giessegi\",\"description\":\"\",\"publisher\":{\"@id\":\"https:\\\/\\\/www.giessegi.com\\\/en\\\/#organization\"},\"potentialAction\":[{\"@type\":\"SearchAction\",\"target\":{\"@type\":\"EntryPoint\",\"urlTemplate\":\"https:\\\/\\\/www.giessegi.com\\\/en\\\/?s={search_term_string}\"},\"query-input\":{\"@type\":\"PropertyValueSpecification\",\"valueRequired\":true,\"valueName\":\"search_term_string\"}}],\"inLanguage\":\"de\"},{\"@type\":\"Organization\",\"@id\":\"https:\\\/\\\/www.giessegi.com\\\/en\\\/#organization\",\"name\":\"Giessegi\",\"url\":\"https:\\\/\\\/www.giessegi.com\\\/en\\\/\",\"logo\":{\"@type\":\"ImageObject\",\"inLanguage\":\"de\",\"@id\":\"https:\\\/\\\/www.giessegi.com\\\/en\\\/#\\\/schema\\\/logo\\\/image\\\/\",\"url\":\"https:\\\/\\\/www.giessegi.com\\\/wp-content\\\/uploads\\\/2022\\\/09\\\/giessegi-logo.jpeg\",\"contentUrl\":\"https:\\\/\\\/www.giessegi.com\\\/wp-content\\\/uploads\\\/2022\\\/09\\\/giessegi-logo.jpeg\",\"width\":175,\"height\":77,\"caption\":\"Giessegi\"},\"image\":{\"@id\":\"https:\\\/\\\/www.giessegi.com\\\/en\\\/#\\\/schema\\\/logo\\\/image\\\/\"}}]}<\/script>\n<!-- \/ Yoast SEO plugin. -->","yoast_head_json":{"title":"AERO LIGHT | GSG - Giessegi","robots":{"index":"index","follow":"follow","max-snippet":"max-snippet:-1","max-image-preview":"max-image-preview:large","max-video-preview":"max-video-preview:-1"},"canonical":"https:\/\/www.giessegi.com\/es\/?post_type=product&p=76308","og_locale":"de_DE","og_type":"article","og_title":"AERO LIGHT | GSG - Giessegi","og_description":"Aero Light Radsport-Trikot aus ultraleichtem, atmungsaktivem 3D-Mesh-Gewebe. Eng anliegende Passform, aerodynamische \u00c4rmel, verdeckter Rei\u00dfverschluss und drei R\u00fcckentaschen. Perfekt f\u00fcr h\u00f6chste Performance.","og_url":"https:\/\/www.giessegi.com\/es\/?post_type=product&p=76308","og_site_name":"GSG - Giessegi","article_modified_time":"2025-11-02T13:18:28+00:00","og_image":[{"width":1000,"height":1028,"url":"https:\/\/www.giessegi.com\/wp-content\/uploads\/2025\/11\/03611-FRONT.jpg","type":"image\/jpeg"}],"twitter_card":"summary_large_image","twitter_misc":{"Gesch\u00e4tzte Lesezeit":"1\u00a0Minute"},"schema":{"@context":"https:\/\/schema.org","@graph":[{"@type":"WebPage","@id":"https:\/\/www.giessegi.com\/es\/?post_type=product&p=76308","url":"https:\/\/www.giessegi.com\/es\/?post_type=product&p=76308","name":"AERO LIGHT | GSG - Giessegi","isPartOf":{"@id":"https:\/\/www.giessegi.com\/en\/#website"},"primaryImageOfPage":{"@id":"https:\/\/www.giessegi.com\/es\/?post_type=product&p=76308#primaryimage"},"image":{"@id":"https:\/\/www.giessegi.com\/es\/?post_type=product&p=76308#primaryimage"},"thumbnailUrl":"https:\/\/www.giessegi.com\/wp-content\/uploads\/2025\/11\/03611-FRONT.jpg","datePublished":"2025-11-02T13:08:26+00:00","dateModified":"2025-11-02T13:18:28+00:00","breadcrumb":{"@id":"https:\/\/www.giessegi.com\/es\/?post_type=product&p=76308#breadcrumb"},"inLanguage":"de","potentialAction":[{"@type":"ReadAction","target":["https:\/\/www.giessegi.com\/es\/?post_type=product&p=76308"]}]},{"@type":"ImageObject","inLanguage":"de","@id":"https:\/\/www.giessegi.com\/es\/?post_type=product&p=76308#primaryimage","url":"https:\/\/www.giessegi.com\/wp-content\/uploads\/2025\/11\/03611-FRONT.jpg","contentUrl":"https:\/\/www.giessegi.com\/wp-content\/uploads\/2025\/11\/03611-FRONT.jpg","width":1000,"height":1028},{"@type":"BreadcrumbList","@id":"https:\/\/www.giessegi.com\/es\/?post_type=product&p=76308#breadcrumb","itemListElement":[{"@type":"ListItem","position":1,"name":"Home","item":"https:\/\/www.giessegi.com\/"},{"@type":"ListItem","position":2,"name":"Products","item":"https:\/\/www.giessegi.com\/en\/shop\/"},{"@type":"ListItem","position":3,"name":"AERO LIGHT"}]},{"@type":"WebSite","@id":"https:\/\/www.giessegi.com\/en\/#website","url":"https:\/\/www.giessegi.com\/en\/","name":"Giessegi","description":"","publisher":{"@id":"https:\/\/www.giessegi.com\/en\/#organization"},"potentialAction":[{"@type":"SearchAction","target":{"@type":"EntryPoint","urlTemplate":"https:\/\/www.giessegi.com\/en\/?s={search_term_string}"},"query-input":{"@type":"PropertyValueSpecification","valueRequired":true,"valueName":"search_term_string"}}],"inLanguage":"de"},{"@type":"Organization","@id":"https:\/\/www.giessegi.com\/en\/#organization","name":"Giessegi","url":"https:\/\/www.giessegi.com\/en\/","logo":{"@type":"ImageObject","inLanguage":"de","@id":"https:\/\/www.giessegi.com\/en\/#\/schema\/logo\/image\/","url":"https:\/\/www.giessegi.com\/wp-content\/uploads\/2022\/09\/giessegi-logo.jpeg","contentUrl":"https:\/\/www.giessegi.com\/wp-content\/uploads\/2022\/09\/giessegi-logo.jpeg","width":175,"height":77,"caption":"Giessegi"},"image":{"@id":"https:\/\/www.giessegi.com\/en\/#\/schema\/logo\/image\/"}}]}},"_links":{"self":[{"href":"https:\/\/www.giessegi.com\/de\/wp-json\/wp\/v2\/product\/76309","targetHints":{"allow":["GET"]}}],"collection":[{"href":"https:\/\/www.giessegi.com\/de\/wp-json\/wp\/v2\/product"}],"about":[{"href":"https:\/\/www.giessegi.com\/de\/wp-json\/wp\/v2\/types\/product"}],"wp:featuredmedia":[{"embeddable":true,"href":"https:\/\/www.giessegi.com\/de\/wp-json\/wp\/v2\/media\/76312"}],"wp:attachment":[{"href":"https:\/\/www.giessegi.com\/de\/wp-json\/wp\/v2\/media?parent=76309"}],"wp:term":[{"taxonomy":"product_brand","embeddable":true,"href":"https:\/\/www.giessegi.com\/de\/wp-json\/wp\/v2\/product_brand?post=76309"},{"taxonomy":"product_cat","embeddable":true,"href":"https:\/\/www.giessegi.com\/de\/wp-json\/wp\/v2\/product_cat?post=76309"},{"taxonomy":"product_tag","embeddable":true,"href":"https:\/\/www.giessegi.com\/de\/wp-json\/wp\/v2\/product_tag?post=76309"},{"taxonomy":"collezione","embeddable":true,"href":"https:\/\/www.giessegi.com\/de\/wp-json\/wp\/v2\/collezione?post=76309"}],"curies":[{"name":"wp","href":"https:\/\/api.w.org\/{rel}","templated":true}]}}