{"id":76113,"date":"2025-11-02T10:16:47","date_gmt":"2025-11-02T09:16:47","guid":{"rendered":"https:\/\/www.giessegi.com\/?post_type=product&#038;p=76113"},"modified":"2025-11-02T10:39:55","modified_gmt":"2025-11-02T09:39:55","slug":"bici","status":"publish","type":"product","link":"https:\/\/www.giessegi.com\/de\/produkt\/bici\/","title":{"rendered":"BICI"},"content":{"rendered":"<p class=\"p1\">Diese <span class=\"s1\"><b>Damen-Radhose<\/b><\/span> wurde entwickelt, um maximalen Komfort und Leistung bei kaltem Wetter zu bieten.<\/p>\n<p class=\"p1\">Das <span class=\"s1\"><b>angerautes, weiches und elastisches Gewebe<\/b><\/span> sorgt f\u00fcr hervorragende <span class=\"s1\"><b>W\u00e4rmeisolierung<\/b><\/span>, h\u00e4lt den K\u00f6rper warm und bietet gleichzeitig volle Bewegungsfreiheit. Das Material f\u00fchlt sich <span class=\"s1\"><b>angenehm auf der Haut<\/b><\/span> an und verhindert Reizungen auch bei langen Fahrten.<\/p>\n<p class=\"p1\">Der <span class=\"s1\"><b>hohe, breite und weiche Bund<\/b><\/span> passt sich dem K\u00f6rper perfekt an, ohne zu dr\u00fccken.<\/p>\n<p class=\"p1\">Das <span class=\"s1\"><b>ergonomische Betha 3X-Sitzpolster<\/b><\/span> mit geringer Dicke und hoher Dichte gew\u00e4hrleistet <span class=\"s1\"><b>optimalen Komfort<\/b><\/span> und <span class=\"s1\"><b>Sto\u00dfd\u00e4mpfung<\/b><\/span>, um Ersch\u00fctterungen auf jedem Untergrund zu reduzieren.<\/p>\n<p class=\"p1\">Ein <span class=\"s1\"><b>funktionelles und feminines Design<\/b><\/span> rundet das Kleidungsst\u00fcck ab \u2013 perfekt angepasst an die weibliche Silhouette, f\u00fcr Stil und Leistung in einem.<\/p>\n<p class=\"p1\">Ideal f\u00fcr Radfahrerinnen, die <span class=\"s1\"><b>W\u00e4rme, Komfort und eine elegante Passform<\/b><\/span> in einem technischen Kleidungsst\u00fcck suchen.<\/p>\n","protected":false},"excerpt":{"rendered":"<p class=\"p1\">Damen-Radhose aus weichem, angerautem und elastischem Stoff \u2013 perfekt, um bei Outdoor-Aktivit\u00e4ten warm und bequem zu bleiben. Mit ergonomischem Betha 3X-Sitzpolster mit hoher Dichte, breitem Bund und femininer Passform, die die Silhouette betont.<\/p>\n","protected":false},"featured_media":58614,"template":"","meta":[],"product_brand":[],"product_cat":[4239,4249,4250],"product_tag":[],"collezione":[],"class_list":{"0":"post-76113","1":"product","2":"type-product","3":"status-publish","4":"has-post-thumbnail","6":"product_cat-damen-de","7":"product_cat-hose-de","8":"product_cat-strumpfhosen-de","9":"pa_colore-schwarz-de","10":"pa_taglia-l-de","11":"pa_taglia-m-de","12":"pa_taglia-s-de","13":"pa_taglia-xl-de","14":"pa_taglia-xs-de","17":"first","18":"instock","19":"sale","20":"shipping-taxable","21":"purchasable","22":"product-type-variable"},"yoast_head":"<!-- This site is optimized with the Yoast SEO plugin v25.7 - https:\/\/yoast.com\/wordpress\/plugins\/seo\/ -->\n<title>BICI | GSG - Giessegi<\/title>\n<meta name=\"robots\" content=\"index, follow, max-snippet:-1, max-image-preview:large, max-video-preview:-1\" \/>\n<link rel=\"canonical\" href=\"https:\/\/www.giessegi.com\/de\/produkt\/bici\/\" \/>\n<meta property=\"og:locale\" content=\"de_DE\" \/>\n<meta property=\"og:type\" content=\"article\" \/>\n<meta property=\"og:title\" content=\"BICI | GSG - Giessegi\" \/>\n<meta property=\"og:description\" content=\"Damen-Radhose aus weichem, angerautem und elastischem Stoff \u2013 perfekt, um bei Outdoor-Aktivit\u00e4ten warm und bequem zu bleiben. Mit ergonomischem Betha 3X-Sitzpolster mit hoher Dichte, breitem Bund und femininer Passform, die die Silhouette betont.\" \/>\n<meta property=\"og:url\" content=\"https:\/\/www.giessegi.com\/de\/produkt\/bici\/\" \/>\n<meta property=\"og:site_name\" content=\"GSG - Giessegi\" \/>\n<meta property=\"article:modified_time\" content=\"2025-11-02T09:39:55+00:00\" \/>\n<meta property=\"og:image\" content=\"https:\/\/www.giessegi.com\/wp-content\/uploads\/2023\/10\/07272-BICI_01_nero_front.jpg\" \/>\n\t<meta property=\"og:image:width\" content=\"1000\" \/>\n\t<meta property=\"og:image:height\" content=\"1000\" \/>\n\t<meta property=\"og:image:type\" content=\"image\/jpeg\" \/>\n<meta name=\"twitter:card\" content=\"summary_large_image\" \/>\n<meta name=\"twitter:label1\" content=\"Gesch\u00e4tzte Lesezeit\" \/>\n\t<meta name=\"twitter:data1\" content=\"1\u00a0Minute\" \/>\n<script type=\"application\/ld+json\" class=\"yoast-schema-graph\">{\"@context\":\"https:\/\/schema.org\",\"@graph\":[{\"@type\":\"WebPage\",\"@id\":\"https:\/\/www.giessegi.com\/de\/produkt\/bici\/\",\"url\":\"https:\/\/www.giessegi.com\/de\/produkt\/bici\/\",\"name\":\"BICI | GSG - Giessegi\",\"isPartOf\":{\"@id\":\"https:\/\/www.giessegi.com\/en\/#website\"},\"primaryImageOfPage\":{\"@id\":\"https:\/\/www.giessegi.com\/de\/produkt\/bici\/#primaryimage\"},\"image\":{\"@id\":\"https:\/\/www.giessegi.com\/de\/produkt\/bici\/#primaryimage\"},\"thumbnailUrl\":\"https:\/\/www.giessegi.com\/wp-content\/uploads\/2023\/10\/07272-BICI_01_nero_front.jpg\",\"datePublished\":\"2025-11-02T09:16:47+00:00\",\"dateModified\":\"2025-11-02T09:39:55+00:00\",\"breadcrumb\":{\"@id\":\"https:\/\/www.giessegi.com\/de\/produkt\/bici\/#breadcrumb\"},\"inLanguage\":\"de\",\"potentialAction\":[{\"@type\":\"ReadAction\",\"target\":[\"https:\/\/www.giessegi.com\/de\/produkt\/bici\/\"]}]},{\"@type\":\"ImageObject\",\"inLanguage\":\"de\",\"@id\":\"https:\/\/www.giessegi.com\/de\/produkt\/bici\/#primaryimage\",\"url\":\"https:\/\/www.giessegi.com\/wp-content\/uploads\/2023\/10\/07272-BICI_01_nero_front.jpg\",\"contentUrl\":\"https:\/\/www.giessegi.com\/wp-content\/uploads\/2023\/10\/07272-BICI_01_nero_front.jpg\",\"width\":1000,\"height\":1000},{\"@type\":\"BreadcrumbList\",\"@id\":\"https:\/\/www.giessegi.com\/de\/produkt\/bici\/#breadcrumb\",\"itemListElement\":[{\"@type\":\"ListItem\",\"position\":1,\"name\":\"Home\",\"item\":\"https:\/\/www.giessegi.com\/de\/\"},{\"@type\":\"ListItem\",\"position\":2,\"name\":\"Products\",\"item\":\"https:\/\/www.giessegi.com\/en\/shop\/\"},{\"@type\":\"ListItem\",\"position\":3,\"name\":\"BICI\"}]},{\"@type\":\"WebSite\",\"@id\":\"https:\/\/www.giessegi.com\/en\/#website\",\"url\":\"https:\/\/www.giessegi.com\/en\/\",\"name\":\"Giessegi\",\"description\":\"\",\"publisher\":{\"@id\":\"https:\/\/www.giessegi.com\/en\/#organization\"},\"potentialAction\":[{\"@type\":\"SearchAction\",\"target\":{\"@type\":\"EntryPoint\",\"urlTemplate\":\"https:\/\/www.giessegi.com\/en\/?s={search_term_string}\"},\"query-input\":{\"@type\":\"PropertyValueSpecification\",\"valueRequired\":true,\"valueName\":\"search_term_string\"}}],\"inLanguage\":\"de\"},{\"@type\":\"Organization\",\"@id\":\"https:\/\/www.giessegi.com\/en\/#organization\",\"name\":\"Giessegi\",\"url\":\"https:\/\/www.giessegi.com\/en\/\",\"logo\":{\"@type\":\"ImageObject\",\"inLanguage\":\"de\",\"@id\":\"https:\/\/www.giessegi.com\/en\/#\/schema\/logo\/image\/\",\"url\":\"https:\/\/www.giessegi.com\/wp-content\/uploads\/2022\/09\/giessegi-logo.jpeg\",\"contentUrl\":\"https:\/\/www.giessegi.com\/wp-content\/uploads\/2022\/09\/giessegi-logo.jpeg\",\"width\":175,\"height\":77,\"caption\":\"Giessegi\"},\"image\":{\"@id\":\"https:\/\/www.giessegi.com\/en\/#\/schema\/logo\/image\/\"}}]}<\/script>\n<!-- \/ Yoast SEO plugin. -->","yoast_head_json":{"title":"BICI | GSG - Giessegi","robots":{"index":"index","follow":"follow","max-snippet":"max-snippet:-1","max-image-preview":"max-image-preview:large","max-video-preview":"max-video-preview:-1"},"canonical":"https:\/\/www.giessegi.com\/de\/produkt\/bici\/","og_locale":"de_DE","og_type":"article","og_title":"BICI | GSG - Giessegi","og_description":"Damen-Radhose aus weichem, angerautem und elastischem Stoff \u2013 perfekt, um bei Outdoor-Aktivit\u00e4ten warm und bequem zu bleiben. Mit ergonomischem Betha 3X-Sitzpolster mit hoher Dichte, breitem Bund und femininer Passform, die die Silhouette betont.","og_url":"https:\/\/www.giessegi.com\/de\/produkt\/bici\/","og_site_name":"GSG - Giessegi","article_modified_time":"2025-11-02T09:39:55+00:00","og_image":[{"width":1000,"height":1000,"url":"https:\/\/www.giessegi.com\/wp-content\/uploads\/2023\/10\/07272-BICI_01_nero_front.jpg","type":"image\/jpeg"}],"twitter_card":"summary_large_image","twitter_misc":{"Gesch\u00e4tzte Lesezeit":"1\u00a0Minute"},"schema":{"@context":"https:\/\/schema.org","@graph":[{"@type":"WebPage","@id":"https:\/\/www.giessegi.com\/de\/produkt\/bici\/","url":"https:\/\/www.giessegi.com\/de\/produkt\/bici\/","name":"BICI | GSG - Giessegi","isPartOf":{"@id":"https:\/\/www.giessegi.com\/en\/#website"},"primaryImageOfPage":{"@id":"https:\/\/www.giessegi.com\/de\/produkt\/bici\/#primaryimage"},"image":{"@id":"https:\/\/www.giessegi.com\/de\/produkt\/bici\/#primaryimage"},"thumbnailUrl":"https:\/\/www.giessegi.com\/wp-content\/uploads\/2023\/10\/07272-BICI_01_nero_front.jpg","datePublished":"2025-11-02T09:16:47+00:00","dateModified":"2025-11-02T09:39:55+00:00","breadcrumb":{"@id":"https:\/\/www.giessegi.com\/de\/produkt\/bici\/#breadcrumb"},"inLanguage":"de","potentialAction":[{"@type":"ReadAction","target":["https:\/\/www.giessegi.com\/de\/produkt\/bici\/"]}]},{"@type":"ImageObject","inLanguage":"de","@id":"https:\/\/www.giessegi.com\/de\/produkt\/bici\/#primaryimage","url":"https:\/\/www.giessegi.com\/wp-content\/uploads\/2023\/10\/07272-BICI_01_nero_front.jpg","contentUrl":"https:\/\/www.giessegi.com\/wp-content\/uploads\/2023\/10\/07272-BICI_01_nero_front.jpg","width":1000,"height":1000},{"@type":"BreadcrumbList","@id":"https:\/\/www.giessegi.com\/de\/produkt\/bici\/#breadcrumb","itemListElement":[{"@type":"ListItem","position":1,"name":"Home","item":"https:\/\/www.giessegi.com\/de\/"},{"@type":"ListItem","position":2,"name":"Products","item":"https:\/\/www.giessegi.com\/en\/shop\/"},{"@type":"ListItem","position":3,"name":"BICI"}]},{"@type":"WebSite","@id":"https:\/\/www.giessegi.com\/en\/#website","url":"https:\/\/www.giessegi.com\/en\/","name":"Giessegi","description":"","publisher":{"@id":"https:\/\/www.giessegi.com\/en\/#organization"},"potentialAction":[{"@type":"SearchAction","target":{"@type":"EntryPoint","urlTemplate":"https:\/\/www.giessegi.com\/en\/?s={search_term_string}"},"query-input":{"@type":"PropertyValueSpecification","valueRequired":true,"valueName":"search_term_string"}}],"inLanguage":"de"},{"@type":"Organization","@id":"https:\/\/www.giessegi.com\/en\/#organization","name":"Giessegi","url":"https:\/\/www.giessegi.com\/en\/","logo":{"@type":"ImageObject","inLanguage":"de","@id":"https:\/\/www.giessegi.com\/en\/#\/schema\/logo\/image\/","url":"https:\/\/www.giessegi.com\/wp-content\/uploads\/2022\/09\/giessegi-logo.jpeg","contentUrl":"https:\/\/www.giessegi.com\/wp-content\/uploads\/2022\/09\/giessegi-logo.jpeg","width":175,"height":77,"caption":"Giessegi"},"image":{"@id":"https:\/\/www.giessegi.com\/en\/#\/schema\/logo\/image\/"}}]}},"_links":{"self":[{"href":"https:\/\/www.giessegi.com\/de\/wp-json\/wp\/v2\/product\/76113","targetHints":{"allow":["GET"]}}],"collection":[{"href":"https:\/\/www.giessegi.com\/de\/wp-json\/wp\/v2\/product"}],"about":[{"href":"https:\/\/www.giessegi.com\/de\/wp-json\/wp\/v2\/types\/product"}],"wp:featuredmedia":[{"embeddable":true,"href":"https:\/\/www.giessegi.com\/de\/wp-json\/wp\/v2\/media\/58614"}],"wp:attachment":[{"href":"https:\/\/www.giessegi.com\/de\/wp-json\/wp\/v2\/media?parent=76113"}],"wp:term":[{"taxonomy":"product_brand","embeddable":true,"href":"https:\/\/www.giessegi.com\/de\/wp-json\/wp\/v2\/product_brand?post=76113"},{"taxonomy":"product_cat","embeddable":true,"href":"https:\/\/www.giessegi.com\/de\/wp-json\/wp\/v2\/product_cat?post=76113"},{"taxonomy":"product_tag","embeddable":true,"href":"https:\/\/www.giessegi.com\/de\/wp-json\/wp\/v2\/product_tag?post=76113"},{"taxonomy":"collezione","embeddable":true,"href":"https:\/\/www.giessegi.com\/de\/wp-json\/wp\/v2\/collezione?post=76113"}],"curies":[{"name":"wp","href":"https:\/\/api.w.org\/{rel}","templated":true}]}}