{"id":75443,"date":"2025-10-30T17:35:24","date_gmt":"2025-10-30T16:35:24","guid":{"rendered":"https:\/\/www.giessegi.com\/?post_type=product&#038;p=75443"},"modified":"2025-10-30T17:58:26","modified_gmt":"2025-10-30T16:58:26","slug":"scia","status":"publish","type":"product","link":"https:\/\/www.giessegi.com\/de\/produkt\/scia\/","title":{"rendered":"SCIA"},"content":{"rendered":"<h3><b>SCIA Langarm-Wintertrikot<\/b><\/h3>\n<p class=\"p3\">Stelle dich k\u00fchlen Fahrten mit Selbstvertrauen. Das <span class=\"s2\"><b>SCIA Langarm-Wintertrikot<\/b><\/span> ist dein verl\u00e4sslicher Begleiter f\u00fcr frische Herbstmorgen und die letzten kalten Tage des Winters. Die <span class=\"s2\"><b>winddichten und wasserabweisenden Frontpartien<\/b><\/span> sch\u00fctzen dich vor den Elementen, w\u00e4hrend der <span class=\"s2\"><b>weiche, geb\u00fcrstete Stoff am R\u00fccken<\/b><\/span> warmh\u00e4lt und gleichzeitig atmungsaktiv bleibt \u2013 so kannst du dich voll auf die Stra\u00dfe konzentrieren.<\/p>\n<p class=\"p3\">Mit <span class=\"s2\"><b>drei ger\u00e4umigen R\u00fcckentaschen<\/b><\/span> hast du immer Platz f\u00fcr deine Essentials, von Energiegels bis Handschuhen. Und dank der <span class=\"s2\"><b>reflektierenden Details<\/b><\/span> f\u00e4hrst du mit zus\u00e4tzlicher Sicherheit, wenn das Tageslicht schwindet.<\/p>\n<p class=\"p3\">Mehr als nur ein Trikot \u2013 <span class=\"s2\"><b>SCIA<\/b><\/span> ist darauf ausgelegt, deinen Rhythmus zu halten und jede Ausfahrt angenehm zu machen, egal was die Saison bringt.<\/p>\n<p class=\"p4\"><b>Empfohlener Temperaturbereich:<\/b><span class=\"s3\"> +8\u00b0C \/ +17\u00b0C<\/span><\/p>\n","protected":false},"excerpt":{"rendered":"<p class=\"p1\">Das <span class=\"s1\"><b>SCIA Langarm-Wintertrikot<\/b><\/span> kombiniert winddichten Schutz an der Vorderseite mit atmungsaktivem Fleece am R\u00fccken. Mit <span class=\"s1\"><b>drei R\u00fcckentaschen<\/b><\/span> und <span class=\"s1\"><b>reflektierenden Details<\/b><\/span> bietet es Komfort, Funktionalit\u00e4t und Sicherheit bei Temperaturen zwischen <span class=\"s1\"><b>+8\u00b0C und +17\u00b0C<\/b><\/span>.<\/p>\n","protected":false},"featured_media":75450,"template":"","meta":[],"product_brand":[],"product_cat":[4222,6392,4235,4208,4238],"product_tag":[],"collezione":[],"class_list":{"0":"post-75443","1":"product","2":"type-product","3":"status-publish","4":"has-post-thumbnail","6":"product_cat-mann-de-2","7":"product_cat-langarm-shirts-de","8":"product_cat-spitze","9":"product_cat-strasse","10":"product_cat-trikots-de-4","11":"pa_colore-anthrazitgrau-de","12":"pa_colore-neon-orange","13":"pa_taglia-3xl-de","14":"pa_taglia-l-de","15":"pa_taglia-m-de","16":"pa_taglia-s-de","17":"pa_taglia-xl-de","18":"pa_taglia-xs-de","19":"pa_taglia-xxl-de","22":"first","23":"instock","24":"shipping-taxable","25":"purchasable","26":"product-type-variable"},"yoast_head":"<!-- This site is optimized with the Yoast SEO plugin v27.3 - https:\/\/yoast.com\/product\/yoast-seo-wordpress\/ -->\n<title>SCIA | GSG - Giessegi<\/title>\n<meta name=\"robots\" content=\"index, follow, max-snippet:-1, max-image-preview:large, max-video-preview:-1\" \/>\n<link rel=\"canonical\" href=\"https:\/\/www.giessegi.com\/de\/produkt\/scia\/\" \/>\n<meta property=\"og:locale\" content=\"de_DE\" \/>\n<meta property=\"og:type\" content=\"article\" \/>\n<meta property=\"og:title\" content=\"SCIA | GSG - Giessegi\" \/>\n<meta property=\"og:description\" content=\"Das SCIA Langarm-Wintertrikot kombiniert winddichten Schutz an der Vorderseite mit atmungsaktivem Fleece am R\u00fccken. Mit drei R\u00fcckentaschen und reflektierenden Details bietet es Komfort, Funktionalit\u00e4t und Sicherheit bei Temperaturen zwischen +8\u00b0C und +17\u00b0C.\" \/>\n<meta property=\"og:url\" content=\"https:\/\/www.giessegi.com\/de\/produkt\/scia\/\" \/>\n<meta property=\"og:site_name\" content=\"GSG - Giessegi\" \/>\n<meta property=\"article:modified_time\" content=\"2025-10-30T16:58:26+00:00\" \/>\n<meta property=\"og:image\" content=\"https:\/\/www.giessegi.com\/wp-content\/uploads\/2025\/10\/04231_04_cmyk.jpg\" \/>\n\t<meta property=\"og:image:width\" content=\"1000\" \/>\n\t<meta property=\"og:image:height\" content=\"1000\" \/>\n\t<meta property=\"og:image:type\" content=\"image\/jpeg\" \/>\n<meta name=\"twitter:card\" content=\"summary_large_image\" \/>\n<meta name=\"twitter:label1\" content=\"Gesch\u00e4tzte Lesezeit\" \/>\n\t<meta name=\"twitter:data1\" content=\"1\u00a0Minute\" \/>\n<script type=\"application\/ld+json\" class=\"yoast-schema-graph\">{\"@context\":\"https:\\\/\\\/schema.org\",\"@graph\":[{\"@type\":\"WebPage\",\"@id\":\"https:\\\/\\\/www.giessegi.com\\\/de\\\/produkt\\\/scia\\\/\",\"url\":\"https:\\\/\\\/www.giessegi.com\\\/de\\\/produkt\\\/scia\\\/\",\"name\":\"SCIA | GSG - Giessegi\",\"isPartOf\":{\"@id\":\"https:\\\/\\\/www.giessegi.com\\\/en\\\/#website\"},\"primaryImageOfPage\":{\"@id\":\"https:\\\/\\\/www.giessegi.com\\\/de\\\/produkt\\\/scia\\\/#primaryimage\"},\"image\":{\"@id\":\"https:\\\/\\\/www.giessegi.com\\\/de\\\/produkt\\\/scia\\\/#primaryimage\"},\"thumbnailUrl\":\"https:\\\/\\\/www.giessegi.com\\\/wp-content\\\/uploads\\\/2025\\\/10\\\/04231_04_cmyk.jpg\",\"datePublished\":\"2025-10-30T16:35:24+00:00\",\"dateModified\":\"2025-10-30T16:58:26+00:00\",\"breadcrumb\":{\"@id\":\"https:\\\/\\\/www.giessegi.com\\\/de\\\/produkt\\\/scia\\\/#breadcrumb\"},\"inLanguage\":\"de\",\"potentialAction\":[{\"@type\":\"ReadAction\",\"target\":[\"https:\\\/\\\/www.giessegi.com\\\/de\\\/produkt\\\/scia\\\/\"]}]},{\"@type\":\"ImageObject\",\"inLanguage\":\"de\",\"@id\":\"https:\\\/\\\/www.giessegi.com\\\/de\\\/produkt\\\/scia\\\/#primaryimage\",\"url\":\"https:\\\/\\\/www.giessegi.com\\\/wp-content\\\/uploads\\\/2025\\\/10\\\/04231_04_cmyk.jpg\",\"contentUrl\":\"https:\\\/\\\/www.giessegi.com\\\/wp-content\\\/uploads\\\/2025\\\/10\\\/04231_04_cmyk.jpg\",\"width\":1000,\"height\":1000},{\"@type\":\"BreadcrumbList\",\"@id\":\"https:\\\/\\\/www.giessegi.com\\\/de\\\/produkt\\\/scia\\\/#breadcrumb\",\"itemListElement\":[{\"@type\":\"ListItem\",\"position\":1,\"name\":\"Home\",\"item\":\"https:\\\/\\\/www.giessegi.com\\\/\"},{\"@type\":\"ListItem\",\"position\":2,\"name\":\"Products\",\"item\":\"https:\\\/\\\/www.giessegi.com\\\/en\\\/shop\\\/\"},{\"@type\":\"ListItem\",\"position\":3,\"name\":\"SCIA\"}]},{\"@type\":\"WebSite\",\"@id\":\"https:\\\/\\\/www.giessegi.com\\\/en\\\/#website\",\"url\":\"https:\\\/\\\/www.giessegi.com\\\/en\\\/\",\"name\":\"Giessegi\",\"description\":\"\",\"publisher\":{\"@id\":\"https:\\\/\\\/www.giessegi.com\\\/en\\\/#organization\"},\"potentialAction\":[{\"@type\":\"SearchAction\",\"target\":{\"@type\":\"EntryPoint\",\"urlTemplate\":\"https:\\\/\\\/www.giessegi.com\\\/en\\\/?s={search_term_string}\"},\"query-input\":{\"@type\":\"PropertyValueSpecification\",\"valueRequired\":true,\"valueName\":\"search_term_string\"}}],\"inLanguage\":\"de\"},{\"@type\":\"Organization\",\"@id\":\"https:\\\/\\\/www.giessegi.com\\\/en\\\/#organization\",\"name\":\"Giessegi\",\"url\":\"https:\\\/\\\/www.giessegi.com\\\/en\\\/\",\"logo\":{\"@type\":\"ImageObject\",\"inLanguage\":\"de\",\"@id\":\"https:\\\/\\\/www.giessegi.com\\\/en\\\/#\\\/schema\\\/logo\\\/image\\\/\",\"url\":\"https:\\\/\\\/www.giessegi.com\\\/wp-content\\\/uploads\\\/2022\\\/09\\\/giessegi-logo.jpeg\",\"contentUrl\":\"https:\\\/\\\/www.giessegi.com\\\/wp-content\\\/uploads\\\/2022\\\/09\\\/giessegi-logo.jpeg\",\"width\":175,\"height\":77,\"caption\":\"Giessegi\"},\"image\":{\"@id\":\"https:\\\/\\\/www.giessegi.com\\\/en\\\/#\\\/schema\\\/logo\\\/image\\\/\"}}]}<\/script>\n<!-- \/ Yoast SEO plugin. -->","yoast_head_json":{"title":"SCIA | GSG - Giessegi","robots":{"index":"index","follow":"follow","max-snippet":"max-snippet:-1","max-image-preview":"max-image-preview:large","max-video-preview":"max-video-preview:-1"},"canonical":"https:\/\/www.giessegi.com\/de\/produkt\/scia\/","og_locale":"de_DE","og_type":"article","og_title":"SCIA | GSG - Giessegi","og_description":"Das SCIA Langarm-Wintertrikot kombiniert winddichten Schutz an der Vorderseite mit atmungsaktivem Fleece am R\u00fccken. Mit drei R\u00fcckentaschen und reflektierenden Details bietet es Komfort, Funktionalit\u00e4t und Sicherheit bei Temperaturen zwischen +8\u00b0C und +17\u00b0C.","og_url":"https:\/\/www.giessegi.com\/de\/produkt\/scia\/","og_site_name":"GSG - Giessegi","article_modified_time":"2025-10-30T16:58:26+00:00","og_image":[{"width":1000,"height":1000,"url":"https:\/\/www.giessegi.com\/wp-content\/uploads\/2025\/10\/04231_04_cmyk.jpg","type":"image\/jpeg"}],"twitter_card":"summary_large_image","twitter_misc":{"Gesch\u00e4tzte Lesezeit":"1\u00a0Minute"},"schema":{"@context":"https:\/\/schema.org","@graph":[{"@type":"WebPage","@id":"https:\/\/www.giessegi.com\/de\/produkt\/scia\/","url":"https:\/\/www.giessegi.com\/de\/produkt\/scia\/","name":"SCIA | GSG - Giessegi","isPartOf":{"@id":"https:\/\/www.giessegi.com\/en\/#website"},"primaryImageOfPage":{"@id":"https:\/\/www.giessegi.com\/de\/produkt\/scia\/#primaryimage"},"image":{"@id":"https:\/\/www.giessegi.com\/de\/produkt\/scia\/#primaryimage"},"thumbnailUrl":"https:\/\/www.giessegi.com\/wp-content\/uploads\/2025\/10\/04231_04_cmyk.jpg","datePublished":"2025-10-30T16:35:24+00:00","dateModified":"2025-10-30T16:58:26+00:00","breadcrumb":{"@id":"https:\/\/www.giessegi.com\/de\/produkt\/scia\/#breadcrumb"},"inLanguage":"de","potentialAction":[{"@type":"ReadAction","target":["https:\/\/www.giessegi.com\/de\/produkt\/scia\/"]}]},{"@type":"ImageObject","inLanguage":"de","@id":"https:\/\/www.giessegi.com\/de\/produkt\/scia\/#primaryimage","url":"https:\/\/www.giessegi.com\/wp-content\/uploads\/2025\/10\/04231_04_cmyk.jpg","contentUrl":"https:\/\/www.giessegi.com\/wp-content\/uploads\/2025\/10\/04231_04_cmyk.jpg","width":1000,"height":1000},{"@type":"BreadcrumbList","@id":"https:\/\/www.giessegi.com\/de\/produkt\/scia\/#breadcrumb","itemListElement":[{"@type":"ListItem","position":1,"name":"Home","item":"https:\/\/www.giessegi.com\/"},{"@type":"ListItem","position":2,"name":"Products","item":"https:\/\/www.giessegi.com\/en\/shop\/"},{"@type":"ListItem","position":3,"name":"SCIA"}]},{"@type":"WebSite","@id":"https:\/\/www.giessegi.com\/en\/#website","url":"https:\/\/www.giessegi.com\/en\/","name":"Giessegi","description":"","publisher":{"@id":"https:\/\/www.giessegi.com\/en\/#organization"},"potentialAction":[{"@type":"SearchAction","target":{"@type":"EntryPoint","urlTemplate":"https:\/\/www.giessegi.com\/en\/?s={search_term_string}"},"query-input":{"@type":"PropertyValueSpecification","valueRequired":true,"valueName":"search_term_string"}}],"inLanguage":"de"},{"@type":"Organization","@id":"https:\/\/www.giessegi.com\/en\/#organization","name":"Giessegi","url":"https:\/\/www.giessegi.com\/en\/","logo":{"@type":"ImageObject","inLanguage":"de","@id":"https:\/\/www.giessegi.com\/en\/#\/schema\/logo\/image\/","url":"https:\/\/www.giessegi.com\/wp-content\/uploads\/2022\/09\/giessegi-logo.jpeg","contentUrl":"https:\/\/www.giessegi.com\/wp-content\/uploads\/2022\/09\/giessegi-logo.jpeg","width":175,"height":77,"caption":"Giessegi"},"image":{"@id":"https:\/\/www.giessegi.com\/en\/#\/schema\/logo\/image\/"}}]}},"_links":{"self":[{"href":"https:\/\/www.giessegi.com\/de\/wp-json\/wp\/v2\/product\/75443","targetHints":{"allow":["GET"]}}],"collection":[{"href":"https:\/\/www.giessegi.com\/de\/wp-json\/wp\/v2\/product"}],"about":[{"href":"https:\/\/www.giessegi.com\/de\/wp-json\/wp\/v2\/types\/product"}],"wp:featuredmedia":[{"embeddable":true,"href":"https:\/\/www.giessegi.com\/de\/wp-json\/wp\/v2\/media\/75450"}],"wp:attachment":[{"href":"https:\/\/www.giessegi.com\/de\/wp-json\/wp\/v2\/media?parent=75443"}],"wp:term":[{"taxonomy":"product_brand","embeddable":true,"href":"https:\/\/www.giessegi.com\/de\/wp-json\/wp\/v2\/product_brand?post=75443"},{"taxonomy":"product_cat","embeddable":true,"href":"https:\/\/www.giessegi.com\/de\/wp-json\/wp\/v2\/product_cat?post=75443"},{"taxonomy":"product_tag","embeddable":true,"href":"https:\/\/www.giessegi.com\/de\/wp-json\/wp\/v2\/product_tag?post=75443"},{"taxonomy":"collezione","embeddable":true,"href":"https:\/\/www.giessegi.com\/de\/wp-json\/wp\/v2\/collezione?post=75443"}],"curies":[{"name":"wp","href":"https:\/\/api.w.org\/{rel}","templated":true}]}}