{"id":71327,"date":"2025-10-16T14:14:04","date_gmt":"2025-10-16T12:14:04","guid":{"rendered":"https:\/\/www.giessegi.com\/?post_type=product&#038;p=71327"},"modified":"2025-12-23T14:24:28","modified_gmt":"2025-12-23T13:24:28","slug":"flexifit-3-4","status":"publish","type":"product","link":"https:\/\/www.giessegi.com\/de\/produkt\/flexifit-3-4\/","title":{"rendered":"FLEXIFIT 3\/4"},"content":{"rendered":"<p class=\"p1\"><span class=\"s1\">Die <\/span><b>FLEXIFIT 3\/4-Tr\u00e4gerhose<\/b><span class=\"s1\"> bietet <\/span><b>Komfort, Schutz und Leistung<\/b><span class=\"s1\"> bei k\u00fchleren Temperaturen.<\/span><\/p>\n<p class=\"p2\">Das <span class=\"s2\"><b>aufgeraute elastische Gewebe<\/b><\/span> sorgt f\u00fcr W\u00e4rme, Atmungsaktivit\u00e4t und eine perfekte Passform, ohne die Bewegungsfreiheit einzuschr\u00e4nken.<\/p>\n<p class=\"p2\">Das <span class=\"s2\"><b>Pulsar-Polster mit hoher Dichte<\/b><\/span> bietet hervorragende Sto\u00dfd\u00e4mpfung und Komfort auch auf langen Fahrten.<\/p>\n<p class=\"p2\"><span class=\"s2\"><b>Ergonomische Tr\u00e4ger<\/b><\/span> verbessern die Passform und Stabilit\u00e4t, w\u00e4hrend die <span class=\"s2\"><b>reduzierte Nahtanzahl<\/b><\/span> Reibung minimiert und die Aerodynamik erh\u00f6ht.<\/p>\n<p class=\"p2\"><span class=\"s2\"><b>Reflektierende Applikationen<\/b><\/span> erh\u00f6hen die Sichtbarkeit und Sicherheit bei schlechten Lichtverh\u00e4ltnissen.<\/p>\n<p class=\"p2\">Eine <span class=\"s2\"><b>technische, vielseitige und leistungsstarke<\/b><\/span> Hose \u2013 ideal f\u00fcr \u00dcbergangswetter und anspruchsvolle Radsportler.<\/p>\n","protected":false},"excerpt":{"rendered":"<p class=\"p1\"><span class=\"s1\"><b>FLEXIFIT 3\/4-Tr\u00e4gerhose<\/b><\/span>, ideal f\u00fcr die \u00dcbergangszeit.<\/p>\n<p class=\"p2\"><span class=\"s2\">Aus <\/span><b>aufgerautem elastischem Funktionsmaterial<\/b><span class=\"s2\">, mit <\/span><b>Pulsar-Sitzpolster mit hoher Dichte<\/b><span class=\"s2\">, <\/span><b>reflektierenden Details<\/b><span class=\"s2\"> und <\/span><b>minimalen N\u00e4hten<\/b><span class=\"s2\"> f\u00fcr maximalen Komfort und Aerodynamik.<\/span><\/p>\n","protected":false},"featured_media":71337,"template":"","meta":[],"product_brand":[],"product_cat":[4222,4232,4198,4233],"product_tag":[],"collezione":[],"class_list":{"0":"post-71327","1":"product","2":"type-product","3":"status-publish","4":"has-post-thumbnail","6":"product_cat-mann-de-2","7":"product_cat-hose","8":"product_cat-kies-de","9":"product_cat-strumpfhosen","10":"pa_colore-schwarz-de","11":"pa_taglia-3xl-de","12":"pa_taglia-l-de","13":"pa_taglia-m-de","14":"pa_taglia-s-de","15":"pa_taglia-xl-de","16":"pa_taglia-xs-de","17":"pa_taglia-xxl-de","20":"first","21":"instock","22":"shipping-taxable","23":"purchasable","24":"product-type-variable"},"yoast_head":"<!-- This site is optimized with the Yoast SEO plugin v27.3 - https:\/\/yoast.com\/product\/yoast-seo-wordpress\/ -->\n<title>FLEXIFIT 3\/4 | GSG - Giessegi<\/title>\n<meta name=\"robots\" content=\"index, follow, max-snippet:-1, max-image-preview:large, max-video-preview:-1\" \/>\n<link rel=\"canonical\" href=\"https:\/\/www.giessegi.com\/de\/produkt\/flexifit-3-4\/\" \/>\n<meta property=\"og:locale\" content=\"de_DE\" \/>\n<meta property=\"og:type\" content=\"article\" \/>\n<meta property=\"og:title\" content=\"FLEXIFIT 3\/4 | GSG - Giessegi\" \/>\n<meta property=\"og:description\" content=\"FLEXIFIT 3\/4-Tr\u00e4gerhose, ideal f\u00fcr die \u00dcbergangszeit. Aus aufgerautem elastischem Funktionsmaterial, mit Pulsar-Sitzpolster mit hoher Dichte, reflektierenden Details und minimalen N\u00e4hten f\u00fcr maximalen Komfort und Aerodynamik.\" \/>\n<meta property=\"og:url\" content=\"https:\/\/www.giessegi.com\/de\/produkt\/flexifit-3-4\/\" \/>\n<meta property=\"og:site_name\" content=\"GSG - Giessegi\" \/>\n<meta property=\"article:modified_time\" content=\"2025-12-23T13:24:28+00:00\" \/>\n<meta property=\"og:image\" content=\"https:\/\/www.giessegi.com\/wp-content\/uploads\/2025\/10\/06119_fr.jpg\" \/>\n\t<meta property=\"og:image:width\" content=\"1000\" \/>\n\t<meta property=\"og:image:height\" content=\"1028\" \/>\n\t<meta property=\"og:image:type\" content=\"image\/jpeg\" \/>\n<meta name=\"twitter:card\" content=\"summary_large_image\" \/>\n<meta name=\"twitter:label1\" content=\"Gesch\u00e4tzte Lesezeit\" \/>\n\t<meta name=\"twitter:data1\" content=\"1\u00a0Minute\" \/>\n<script type=\"application\/ld+json\" class=\"yoast-schema-graph\">{\"@context\":\"https:\\\/\\\/schema.org\",\"@graph\":[{\"@type\":\"WebPage\",\"@id\":\"https:\\\/\\\/www.giessegi.com\\\/de\\\/produkt\\\/flexifit-3-4\\\/\",\"url\":\"https:\\\/\\\/www.giessegi.com\\\/de\\\/produkt\\\/flexifit-3-4\\\/\",\"name\":\"FLEXIFIT 3\\\/4 | GSG - Giessegi\",\"isPartOf\":{\"@id\":\"https:\\\/\\\/www.giessegi.com\\\/en\\\/#website\"},\"primaryImageOfPage\":{\"@id\":\"https:\\\/\\\/www.giessegi.com\\\/de\\\/produkt\\\/flexifit-3-4\\\/#primaryimage\"},\"image\":{\"@id\":\"https:\\\/\\\/www.giessegi.com\\\/de\\\/produkt\\\/flexifit-3-4\\\/#primaryimage\"},\"thumbnailUrl\":\"https:\\\/\\\/www.giessegi.com\\\/wp-content\\\/uploads\\\/2025\\\/10\\\/06119_fr.jpg\",\"datePublished\":\"2025-10-16T12:14:04+00:00\",\"dateModified\":\"2025-12-23T13:24:28+00:00\",\"breadcrumb\":{\"@id\":\"https:\\\/\\\/www.giessegi.com\\\/de\\\/produkt\\\/flexifit-3-4\\\/#breadcrumb\"},\"inLanguage\":\"de\",\"potentialAction\":[{\"@type\":\"ReadAction\",\"target\":[\"https:\\\/\\\/www.giessegi.com\\\/de\\\/produkt\\\/flexifit-3-4\\\/\"]}]},{\"@type\":\"ImageObject\",\"inLanguage\":\"de\",\"@id\":\"https:\\\/\\\/www.giessegi.com\\\/de\\\/produkt\\\/flexifit-3-4\\\/#primaryimage\",\"url\":\"https:\\\/\\\/www.giessegi.com\\\/wp-content\\\/uploads\\\/2025\\\/10\\\/06119_fr.jpg\",\"contentUrl\":\"https:\\\/\\\/www.giessegi.com\\\/wp-content\\\/uploads\\\/2025\\\/10\\\/06119_fr.jpg\",\"width\":1000,\"height\":1028},{\"@type\":\"BreadcrumbList\",\"@id\":\"https:\\\/\\\/www.giessegi.com\\\/de\\\/produkt\\\/flexifit-3-4\\\/#breadcrumb\",\"itemListElement\":[{\"@type\":\"ListItem\",\"position\":1,\"name\":\"Home\",\"item\":\"https:\\\/\\\/www.giessegi.com\\\/\"},{\"@type\":\"ListItem\",\"position\":2,\"name\":\"Products\",\"item\":\"https:\\\/\\\/www.giessegi.com\\\/en\\\/shop\\\/\"},{\"@type\":\"ListItem\",\"position\":3,\"name\":\"FLEXIFIT 3\\\/4\"}]},{\"@type\":\"WebSite\",\"@id\":\"https:\\\/\\\/www.giessegi.com\\\/en\\\/#website\",\"url\":\"https:\\\/\\\/www.giessegi.com\\\/en\\\/\",\"name\":\"Giessegi\",\"description\":\"\",\"publisher\":{\"@id\":\"https:\\\/\\\/www.giessegi.com\\\/en\\\/#organization\"},\"potentialAction\":[{\"@type\":\"SearchAction\",\"target\":{\"@type\":\"EntryPoint\",\"urlTemplate\":\"https:\\\/\\\/www.giessegi.com\\\/en\\\/?s={search_term_string}\"},\"query-input\":{\"@type\":\"PropertyValueSpecification\",\"valueRequired\":true,\"valueName\":\"search_term_string\"}}],\"inLanguage\":\"de\"},{\"@type\":\"Organization\",\"@id\":\"https:\\\/\\\/www.giessegi.com\\\/en\\\/#organization\",\"name\":\"Giessegi\",\"url\":\"https:\\\/\\\/www.giessegi.com\\\/en\\\/\",\"logo\":{\"@type\":\"ImageObject\",\"inLanguage\":\"de\",\"@id\":\"https:\\\/\\\/www.giessegi.com\\\/en\\\/#\\\/schema\\\/logo\\\/image\\\/\",\"url\":\"https:\\\/\\\/www.giessegi.com\\\/wp-content\\\/uploads\\\/2022\\\/09\\\/giessegi-logo.jpeg\",\"contentUrl\":\"https:\\\/\\\/www.giessegi.com\\\/wp-content\\\/uploads\\\/2022\\\/09\\\/giessegi-logo.jpeg\",\"width\":175,\"height\":77,\"caption\":\"Giessegi\"},\"image\":{\"@id\":\"https:\\\/\\\/www.giessegi.com\\\/en\\\/#\\\/schema\\\/logo\\\/image\\\/\"}}]}<\/script>\n<!-- \/ Yoast SEO plugin. -->","yoast_head_json":{"title":"FLEXIFIT 3\/4 | GSG - Giessegi","robots":{"index":"index","follow":"follow","max-snippet":"max-snippet:-1","max-image-preview":"max-image-preview:large","max-video-preview":"max-video-preview:-1"},"canonical":"https:\/\/www.giessegi.com\/de\/produkt\/flexifit-3-4\/","og_locale":"de_DE","og_type":"article","og_title":"FLEXIFIT 3\/4 | GSG - Giessegi","og_description":"FLEXIFIT 3\/4-Tr\u00e4gerhose, ideal f\u00fcr die \u00dcbergangszeit. Aus aufgerautem elastischem Funktionsmaterial, mit Pulsar-Sitzpolster mit hoher Dichte, reflektierenden Details und minimalen N\u00e4hten f\u00fcr maximalen Komfort und Aerodynamik.","og_url":"https:\/\/www.giessegi.com\/de\/produkt\/flexifit-3-4\/","og_site_name":"GSG - Giessegi","article_modified_time":"2025-12-23T13:24:28+00:00","og_image":[{"width":1000,"height":1028,"url":"https:\/\/www.giessegi.com\/wp-content\/uploads\/2025\/10\/06119_fr.jpg","type":"image\/jpeg"}],"twitter_card":"summary_large_image","twitter_misc":{"Gesch\u00e4tzte Lesezeit":"1\u00a0Minute"},"schema":{"@context":"https:\/\/schema.org","@graph":[{"@type":"WebPage","@id":"https:\/\/www.giessegi.com\/de\/produkt\/flexifit-3-4\/","url":"https:\/\/www.giessegi.com\/de\/produkt\/flexifit-3-4\/","name":"FLEXIFIT 3\/4 | GSG - Giessegi","isPartOf":{"@id":"https:\/\/www.giessegi.com\/en\/#website"},"primaryImageOfPage":{"@id":"https:\/\/www.giessegi.com\/de\/produkt\/flexifit-3-4\/#primaryimage"},"image":{"@id":"https:\/\/www.giessegi.com\/de\/produkt\/flexifit-3-4\/#primaryimage"},"thumbnailUrl":"https:\/\/www.giessegi.com\/wp-content\/uploads\/2025\/10\/06119_fr.jpg","datePublished":"2025-10-16T12:14:04+00:00","dateModified":"2025-12-23T13:24:28+00:00","breadcrumb":{"@id":"https:\/\/www.giessegi.com\/de\/produkt\/flexifit-3-4\/#breadcrumb"},"inLanguage":"de","potentialAction":[{"@type":"ReadAction","target":["https:\/\/www.giessegi.com\/de\/produkt\/flexifit-3-4\/"]}]},{"@type":"ImageObject","inLanguage":"de","@id":"https:\/\/www.giessegi.com\/de\/produkt\/flexifit-3-4\/#primaryimage","url":"https:\/\/www.giessegi.com\/wp-content\/uploads\/2025\/10\/06119_fr.jpg","contentUrl":"https:\/\/www.giessegi.com\/wp-content\/uploads\/2025\/10\/06119_fr.jpg","width":1000,"height":1028},{"@type":"BreadcrumbList","@id":"https:\/\/www.giessegi.com\/de\/produkt\/flexifit-3-4\/#breadcrumb","itemListElement":[{"@type":"ListItem","position":1,"name":"Home","item":"https:\/\/www.giessegi.com\/"},{"@type":"ListItem","position":2,"name":"Products","item":"https:\/\/www.giessegi.com\/en\/shop\/"},{"@type":"ListItem","position":3,"name":"FLEXIFIT 3\/4"}]},{"@type":"WebSite","@id":"https:\/\/www.giessegi.com\/en\/#website","url":"https:\/\/www.giessegi.com\/en\/","name":"Giessegi","description":"","publisher":{"@id":"https:\/\/www.giessegi.com\/en\/#organization"},"potentialAction":[{"@type":"SearchAction","target":{"@type":"EntryPoint","urlTemplate":"https:\/\/www.giessegi.com\/en\/?s={search_term_string}"},"query-input":{"@type":"PropertyValueSpecification","valueRequired":true,"valueName":"search_term_string"}}],"inLanguage":"de"},{"@type":"Organization","@id":"https:\/\/www.giessegi.com\/en\/#organization","name":"Giessegi","url":"https:\/\/www.giessegi.com\/en\/","logo":{"@type":"ImageObject","inLanguage":"de","@id":"https:\/\/www.giessegi.com\/en\/#\/schema\/logo\/image\/","url":"https:\/\/www.giessegi.com\/wp-content\/uploads\/2022\/09\/giessegi-logo.jpeg","contentUrl":"https:\/\/www.giessegi.com\/wp-content\/uploads\/2022\/09\/giessegi-logo.jpeg","width":175,"height":77,"caption":"Giessegi"},"image":{"@id":"https:\/\/www.giessegi.com\/en\/#\/schema\/logo\/image\/"}}]}},"_links":{"self":[{"href":"https:\/\/www.giessegi.com\/de\/wp-json\/wp\/v2\/product\/71327","targetHints":{"allow":["GET"]}}],"collection":[{"href":"https:\/\/www.giessegi.com\/de\/wp-json\/wp\/v2\/product"}],"about":[{"href":"https:\/\/www.giessegi.com\/de\/wp-json\/wp\/v2\/types\/product"}],"wp:featuredmedia":[{"embeddable":true,"href":"https:\/\/www.giessegi.com\/de\/wp-json\/wp\/v2\/media\/71337"}],"wp:attachment":[{"href":"https:\/\/www.giessegi.com\/de\/wp-json\/wp\/v2\/media?parent=71327"}],"wp:term":[{"taxonomy":"product_brand","embeddable":true,"href":"https:\/\/www.giessegi.com\/de\/wp-json\/wp\/v2\/product_brand?post=71327"},{"taxonomy":"product_cat","embeddable":true,"href":"https:\/\/www.giessegi.com\/de\/wp-json\/wp\/v2\/product_cat?post=71327"},{"taxonomy":"product_tag","embeddable":true,"href":"https:\/\/www.giessegi.com\/de\/wp-json\/wp\/v2\/product_tag?post=71327"},{"taxonomy":"collezione","embeddable":true,"href":"https:\/\/www.giessegi.com\/de\/wp-json\/wp\/v2\/collezione?post=71327"}],"curies":[{"name":"wp","href":"https:\/\/api.w.org\/{rel}","templated":true}]}}