{"id":71273,"date":"2025-10-16T13:41:29","date_gmt":"2025-10-16T11:41:29","guid":{"rendered":"https:\/\/www.giessegi.com\/?post_type=product&#038;p=71273"},"modified":"2025-11-01T18:47:49","modified_gmt":"2025-11-01T17:47:49","slug":"purefit","status":"publish","type":"product","link":"https:\/\/www.giessegi.com\/de\/produkt\/purefit\/","title":{"rendered":"PUREFIT"},"content":{"rendered":"<p class=\"p1\">Die <span class=\"s1\"><b>Purefit-Tr\u00e4gerhose<\/b><\/span> vereint Leistung, Komfort und Schutz bei kalten Fahrten.<\/p>\n<p class=\"p1\">Hergestellt aus <span class=\"s1\"><b>aufgerautem elastischem Funktionsmaterial<\/b><\/span>, bietet sie hervorragende W\u00e4rmeisolierung und Bewegungsfreiheit und h\u00e4lt den K\u00f6rper warm und trocken.<\/p>\n<p class=\"p1\">Das <span class=\"s1\"><b>Pulsar-Polster mit hoher Dichte<\/b><\/span> sorgt f\u00fcr ausgezeichnete Sto\u00dfd\u00e4mpfung und Komfort, auch nach vielen Stunden im Sattel.<\/p>\n<p class=\"p1\"><span class=\"s1\"><b>Ergonomische Tr\u00e4ger<\/b><\/span> verbessern die Passform und verteilen den Druck gleichm\u00e4\u00dfig, w\u00e4hrend die <span class=\"s1\"><b>reduzierte Anzahl an N\u00e4hten<\/b><\/span> Reibung minimiert und die Aerodynamik verbessert.<\/p>\n<p class=\"p1\"><span class=\"s1\"><b>Reflektierende Eins\u00e4tze<\/b><\/span> erh\u00f6hen die Sichtbarkeit und Sicherheit bei schlechten Lichtverh\u00e4ltnissen.<\/p>\n<p class=\"p1\">Ein <span class=\"s1\"><b>technisches, minimalistisches und leistungsstarkes<\/b><\/span> Kleidungsst\u00fcck \u2013 perfekt f\u00fcr anspruchsvolle Radfahrer.<\/p>\n","protected":false},"excerpt":{"rendered":"<p class=\"p1\"><span class=\"s1\"><b>Purefit-Tr\u00e4gerhose<\/b><\/span> f\u00fcr maximalen Komfort und h\u00f6chste Leistung auf langen Strecken.<\/p>\n<p class=\"p2\"><span class=\"s2\">Mit <\/span><b>Pulsar-Sitzpolster mit hoher Dichte<\/b><span class=\"s2\">, <\/span><b>aufgerautem Elastikgewebe<\/b><span class=\"s2\">, <\/span><b>reflektierenden Applikationen<\/b><span class=\"s2\"> und <\/span><b>minimalen N\u00e4hten<\/b><span class=\"s2\"> f\u00fcr optimale Aerodynamik und Tragekomfort.<\/span><\/p>\n","protected":false},"featured_media":71276,"template":"","meta":[],"product_brand":[],"product_cat":[4222,4232,4198,4203,4233],"product_tag":[],"collezione":[],"class_list":{"0":"post-71273","1":"product","2":"type-product","3":"status-publish","4":"has-post-thumbnail","6":"product_cat-mann-de-2","7":"product_cat-hose","8":"product_cat-kies-de","9":"product_cat-neuzugaenge","10":"product_cat-strumpfhosen","11":"pa_colore-schwarz-de","12":"pa_taglia-3xl-de","13":"pa_taglia-l-de","14":"pa_taglia-m-de","15":"pa_taglia-s-de","16":"pa_taglia-xl-de","17":"pa_taglia-xs-de","18":"pa_taglia-xxl-de","21":"first","22":"instock","23":"shipping-taxable","24":"purchasable","25":"product-type-variable"},"yoast_head":"<!-- This site is optimized with the Yoast SEO plugin v27.3 - https:\/\/yoast.com\/product\/yoast-seo-wordpress\/ -->\n<title>PUREFIT | GSG - Giessegi<\/title>\n<meta name=\"robots\" content=\"index, follow, max-snippet:-1, max-image-preview:large, max-video-preview:-1\" \/>\n<link rel=\"canonical\" href=\"https:\/\/www.giessegi.com\/de\/produkt\/purefit\/\" \/>\n<meta property=\"og:locale\" content=\"de_DE\" \/>\n<meta property=\"og:type\" content=\"article\" \/>\n<meta property=\"og:title\" content=\"PUREFIT | GSG - Giessegi\" \/>\n<meta property=\"og:description\" content=\"Purefit-Tr\u00e4gerhose f\u00fcr maximalen Komfort und h\u00f6chste Leistung auf langen Strecken. Mit Pulsar-Sitzpolster mit hoher Dichte, aufgerautem Elastikgewebe, reflektierenden Applikationen und minimalen N\u00e4hten f\u00fcr optimale Aerodynamik und Tragekomfort.\" \/>\n<meta property=\"og:url\" content=\"https:\/\/www.giessegi.com\/de\/produkt\/purefit\/\" \/>\n<meta property=\"og:site_name\" content=\"GSG - Giessegi\" \/>\n<meta property=\"article:modified_time\" content=\"2025-11-01T17:47:49+00:00\" \/>\n<meta property=\"og:image\" content=\"https:\/\/www.giessegi.com\/wp-content\/uploads\/2025\/10\/07304_0.jpg\" \/>\n\t<meta property=\"og:image:width\" content=\"1000\" \/>\n\t<meta property=\"og:image:height\" content=\"1000\" \/>\n\t<meta property=\"og:image:type\" content=\"image\/jpeg\" \/>\n<meta name=\"twitter:card\" content=\"summary_large_image\" \/>\n<meta name=\"twitter:label1\" content=\"Gesch\u00e4tzte Lesezeit\" \/>\n\t<meta name=\"twitter:data1\" content=\"1\u00a0Minute\" \/>\n<script type=\"application\/ld+json\" class=\"yoast-schema-graph\">{\"@context\":\"https:\\\/\\\/schema.org\",\"@graph\":[{\"@type\":\"WebPage\",\"@id\":\"https:\\\/\\\/www.giessegi.com\\\/de\\\/produkt\\\/purefit\\\/\",\"url\":\"https:\\\/\\\/www.giessegi.com\\\/de\\\/produkt\\\/purefit\\\/\",\"name\":\"PUREFIT | GSG - Giessegi\",\"isPartOf\":{\"@id\":\"https:\\\/\\\/www.giessegi.com\\\/en\\\/#website\"},\"primaryImageOfPage\":{\"@id\":\"https:\\\/\\\/www.giessegi.com\\\/de\\\/produkt\\\/purefit\\\/#primaryimage\"},\"image\":{\"@id\":\"https:\\\/\\\/www.giessegi.com\\\/de\\\/produkt\\\/purefit\\\/#primaryimage\"},\"thumbnailUrl\":\"https:\\\/\\\/www.giessegi.com\\\/wp-content\\\/uploads\\\/2025\\\/10\\\/07304_0.jpg\",\"datePublished\":\"2025-10-16T11:41:29+00:00\",\"dateModified\":\"2025-11-01T17:47:49+00:00\",\"breadcrumb\":{\"@id\":\"https:\\\/\\\/www.giessegi.com\\\/de\\\/produkt\\\/purefit\\\/#breadcrumb\"},\"inLanguage\":\"de\",\"potentialAction\":[{\"@type\":\"ReadAction\",\"target\":[\"https:\\\/\\\/www.giessegi.com\\\/de\\\/produkt\\\/purefit\\\/\"]}]},{\"@type\":\"ImageObject\",\"inLanguage\":\"de\",\"@id\":\"https:\\\/\\\/www.giessegi.com\\\/de\\\/produkt\\\/purefit\\\/#primaryimage\",\"url\":\"https:\\\/\\\/www.giessegi.com\\\/wp-content\\\/uploads\\\/2025\\\/10\\\/07304_0.jpg\",\"contentUrl\":\"https:\\\/\\\/www.giessegi.com\\\/wp-content\\\/uploads\\\/2025\\\/10\\\/07304_0.jpg\",\"width\":1000,\"height\":1000},{\"@type\":\"BreadcrumbList\",\"@id\":\"https:\\\/\\\/www.giessegi.com\\\/de\\\/produkt\\\/purefit\\\/#breadcrumb\",\"itemListElement\":[{\"@type\":\"ListItem\",\"position\":1,\"name\":\"Home\",\"item\":\"https:\\\/\\\/www.giessegi.com\\\/\"},{\"@type\":\"ListItem\",\"position\":2,\"name\":\"Products\",\"item\":\"https:\\\/\\\/www.giessegi.com\\\/en\\\/shop\\\/\"},{\"@type\":\"ListItem\",\"position\":3,\"name\":\"PUREFIT\"}]},{\"@type\":\"WebSite\",\"@id\":\"https:\\\/\\\/www.giessegi.com\\\/en\\\/#website\",\"url\":\"https:\\\/\\\/www.giessegi.com\\\/en\\\/\",\"name\":\"Giessegi\",\"description\":\"\",\"publisher\":{\"@id\":\"https:\\\/\\\/www.giessegi.com\\\/en\\\/#organization\"},\"potentialAction\":[{\"@type\":\"SearchAction\",\"target\":{\"@type\":\"EntryPoint\",\"urlTemplate\":\"https:\\\/\\\/www.giessegi.com\\\/en\\\/?s={search_term_string}\"},\"query-input\":{\"@type\":\"PropertyValueSpecification\",\"valueRequired\":true,\"valueName\":\"search_term_string\"}}],\"inLanguage\":\"de\"},{\"@type\":\"Organization\",\"@id\":\"https:\\\/\\\/www.giessegi.com\\\/en\\\/#organization\",\"name\":\"Giessegi\",\"url\":\"https:\\\/\\\/www.giessegi.com\\\/en\\\/\",\"logo\":{\"@type\":\"ImageObject\",\"inLanguage\":\"de\",\"@id\":\"https:\\\/\\\/www.giessegi.com\\\/en\\\/#\\\/schema\\\/logo\\\/image\\\/\",\"url\":\"https:\\\/\\\/www.giessegi.com\\\/wp-content\\\/uploads\\\/2022\\\/09\\\/giessegi-logo.jpeg\",\"contentUrl\":\"https:\\\/\\\/www.giessegi.com\\\/wp-content\\\/uploads\\\/2022\\\/09\\\/giessegi-logo.jpeg\",\"width\":175,\"height\":77,\"caption\":\"Giessegi\"},\"image\":{\"@id\":\"https:\\\/\\\/www.giessegi.com\\\/en\\\/#\\\/schema\\\/logo\\\/image\\\/\"}}]}<\/script>\n<!-- \/ Yoast SEO plugin. -->","yoast_head_json":{"title":"PUREFIT | GSG - Giessegi","robots":{"index":"index","follow":"follow","max-snippet":"max-snippet:-1","max-image-preview":"max-image-preview:large","max-video-preview":"max-video-preview:-1"},"canonical":"https:\/\/www.giessegi.com\/de\/produkt\/purefit\/","og_locale":"de_DE","og_type":"article","og_title":"PUREFIT | GSG - Giessegi","og_description":"Purefit-Tr\u00e4gerhose f\u00fcr maximalen Komfort und h\u00f6chste Leistung auf langen Strecken. Mit Pulsar-Sitzpolster mit hoher Dichte, aufgerautem Elastikgewebe, reflektierenden Applikationen und minimalen N\u00e4hten f\u00fcr optimale Aerodynamik und Tragekomfort.","og_url":"https:\/\/www.giessegi.com\/de\/produkt\/purefit\/","og_site_name":"GSG - Giessegi","article_modified_time":"2025-11-01T17:47:49+00:00","og_image":[{"width":1000,"height":1000,"url":"https:\/\/www.giessegi.com\/wp-content\/uploads\/2025\/10\/07304_0.jpg","type":"image\/jpeg"}],"twitter_card":"summary_large_image","twitter_misc":{"Gesch\u00e4tzte Lesezeit":"1\u00a0Minute"},"schema":{"@context":"https:\/\/schema.org","@graph":[{"@type":"WebPage","@id":"https:\/\/www.giessegi.com\/de\/produkt\/purefit\/","url":"https:\/\/www.giessegi.com\/de\/produkt\/purefit\/","name":"PUREFIT | GSG - Giessegi","isPartOf":{"@id":"https:\/\/www.giessegi.com\/en\/#website"},"primaryImageOfPage":{"@id":"https:\/\/www.giessegi.com\/de\/produkt\/purefit\/#primaryimage"},"image":{"@id":"https:\/\/www.giessegi.com\/de\/produkt\/purefit\/#primaryimage"},"thumbnailUrl":"https:\/\/www.giessegi.com\/wp-content\/uploads\/2025\/10\/07304_0.jpg","datePublished":"2025-10-16T11:41:29+00:00","dateModified":"2025-11-01T17:47:49+00:00","breadcrumb":{"@id":"https:\/\/www.giessegi.com\/de\/produkt\/purefit\/#breadcrumb"},"inLanguage":"de","potentialAction":[{"@type":"ReadAction","target":["https:\/\/www.giessegi.com\/de\/produkt\/purefit\/"]}]},{"@type":"ImageObject","inLanguage":"de","@id":"https:\/\/www.giessegi.com\/de\/produkt\/purefit\/#primaryimage","url":"https:\/\/www.giessegi.com\/wp-content\/uploads\/2025\/10\/07304_0.jpg","contentUrl":"https:\/\/www.giessegi.com\/wp-content\/uploads\/2025\/10\/07304_0.jpg","width":1000,"height":1000},{"@type":"BreadcrumbList","@id":"https:\/\/www.giessegi.com\/de\/produkt\/purefit\/#breadcrumb","itemListElement":[{"@type":"ListItem","position":1,"name":"Home","item":"https:\/\/www.giessegi.com\/"},{"@type":"ListItem","position":2,"name":"Products","item":"https:\/\/www.giessegi.com\/en\/shop\/"},{"@type":"ListItem","position":3,"name":"PUREFIT"}]},{"@type":"WebSite","@id":"https:\/\/www.giessegi.com\/en\/#website","url":"https:\/\/www.giessegi.com\/en\/","name":"Giessegi","description":"","publisher":{"@id":"https:\/\/www.giessegi.com\/en\/#organization"},"potentialAction":[{"@type":"SearchAction","target":{"@type":"EntryPoint","urlTemplate":"https:\/\/www.giessegi.com\/en\/?s={search_term_string}"},"query-input":{"@type":"PropertyValueSpecification","valueRequired":true,"valueName":"search_term_string"}}],"inLanguage":"de"},{"@type":"Organization","@id":"https:\/\/www.giessegi.com\/en\/#organization","name":"Giessegi","url":"https:\/\/www.giessegi.com\/en\/","logo":{"@type":"ImageObject","inLanguage":"de","@id":"https:\/\/www.giessegi.com\/en\/#\/schema\/logo\/image\/","url":"https:\/\/www.giessegi.com\/wp-content\/uploads\/2022\/09\/giessegi-logo.jpeg","contentUrl":"https:\/\/www.giessegi.com\/wp-content\/uploads\/2022\/09\/giessegi-logo.jpeg","width":175,"height":77,"caption":"Giessegi"},"image":{"@id":"https:\/\/www.giessegi.com\/en\/#\/schema\/logo\/image\/"}}]}},"_links":{"self":[{"href":"https:\/\/www.giessegi.com\/de\/wp-json\/wp\/v2\/product\/71273","targetHints":{"allow":["GET"]}}],"collection":[{"href":"https:\/\/www.giessegi.com\/de\/wp-json\/wp\/v2\/product"}],"about":[{"href":"https:\/\/www.giessegi.com\/de\/wp-json\/wp\/v2\/types\/product"}],"wp:featuredmedia":[{"embeddable":true,"href":"https:\/\/www.giessegi.com\/de\/wp-json\/wp\/v2\/media\/71276"}],"wp:attachment":[{"href":"https:\/\/www.giessegi.com\/de\/wp-json\/wp\/v2\/media?parent=71273"}],"wp:term":[{"taxonomy":"product_brand","embeddable":true,"href":"https:\/\/www.giessegi.com\/de\/wp-json\/wp\/v2\/product_brand?post=71273"},{"taxonomy":"product_cat","embeddable":true,"href":"https:\/\/www.giessegi.com\/de\/wp-json\/wp\/v2\/product_cat?post=71273"},{"taxonomy":"product_tag","embeddable":true,"href":"https:\/\/www.giessegi.com\/de\/wp-json\/wp\/v2\/product_tag?post=71273"},{"taxonomy":"collezione","embeddable":true,"href":"https:\/\/www.giessegi.com\/de\/wp-json\/wp\/v2\/collezione?post=71273"}],"curies":[{"name":"wp","href":"https:\/\/api.w.org\/{rel}","templated":true}]}}