{"id":70058,"date":"2025-06-23T16:16:01","date_gmt":"2025-06-23T14:16:01","guid":{"rendered":"https:\/\/www.giessegi.com\/?post_type=product&#038;p=70058"},"modified":"2025-06-23T16:19:58","modified_gmt":"2025-06-23T14:19:58","slug":"damen-radshorts-saphire","status":"publish","type":"product","link":"https:\/\/www.giessegi.com\/de\/produkt\/damen-radshorts-saphire\/","title":{"rendered":"Damen-Radshorts Saphire"},"content":{"rendered":"","protected":false},"excerpt":{"rendered":"<p>Unsere Damen-Radshorts Saphire sind so konzipiert, dass sie Komfort und Unterst\u00fctzung w\u00e4hrend Ihrer Radtouren bieten. Ohne Tr\u00e4ger und ausgestattet mit einem bequemen Bund passen diese Shorts perfekt zu Ihrer Silhouette und garantieren einen optimalen Sitz.<\/p>\n<p>Die Konstruktion folgt der weiblichen Anatomie, mit einem Schnitt, der nicht zu weit an den Beinen hinuntergeht, was ideale Bewegungsfreiheit und ein elegantes Aussehen erm\u00f6glicht. Das Betha 3X Sitzpolster, hergestellt aus hochdichtem, aber nicht voluminosen Schaumstoff, ist perfekt f\u00fcr jede Distanz und bietet Unterst\u00fctzung und Komfort w\u00e4hrend der Fahrt.<\/p>\n<p>Um h\u00f6here Sichtbarkeit und Sicherheit zu gew\u00e4hrleisten, sind die Shorts mit reflektierenden Details an den Seiten und auf der R\u00fcckseite ausgestattet, was sie zur idealen Wahl f\u00fcr Radfahrer macht, die Praktikabilit\u00e4t und Stil kombinieren m\u00f6chten. Egal, ob Sie einen Stra\u00dfenkurs bew\u00e4ltigen oder sich auf eine abenteuerliche Fahrt begeben, diese Shorts begleiten Sie mit Stil und Funktionalit\u00e4t.<\/p>\n","protected":false},"featured_media":70051,"template":"","meta":[],"product_brand":[],"product_cat":[4239,4251,4249],"product_tag":[],"collezione":[6456],"class_list":{"0":"post-70058","1":"product","2":"type-product","3":"status-publish","4":"has-post-thumbnail","6":"product_cat-damen-de","7":"product_cat-hose-de-8","8":"product_cat-hose-de","9":"pa_taglia-l-de","10":"pa_taglia-m-de","11":"pa_taglia-s-de","12":"pa_taglia-xl-de","13":"pa_taglia-xs-de","14":"pa_taglia-xxl-de","15":"pa_taglia-xxs-de","16":"collezione-summer-2025-de","19":"first","20":"outofstock","21":"shipping-taxable","22":"product-type-variable"},"yoast_head":"<!-- This site is optimized with the Yoast SEO plugin v27.3 - https:\/\/yoast.com\/product\/yoast-seo-wordpress\/ -->\n<title>Damen-Radshorts Saphire | GSG - Giessegi<\/title>\n<meta name=\"robots\" content=\"index, follow, max-snippet:-1, max-image-preview:large, max-video-preview:-1\" \/>\n<link rel=\"canonical\" href=\"https:\/\/www.giessegi.com\/de\/produkt\/damen-radshorts-saphire\/\" \/>\n<meta property=\"og:locale\" content=\"de_DE\" \/>\n<meta property=\"og:type\" content=\"article\" \/>\n<meta property=\"og:title\" content=\"Damen-Radshorts Saphire | GSG - Giessegi\" \/>\n<meta property=\"og:description\" content=\"Unsere Damen-Radshorts Saphire sind so konzipiert, dass sie Komfort und Unterst\u00fctzung w\u00e4hrend Ihrer Radtouren bieten. Ohne Tr\u00e4ger und ausgestattet mit einem bequemen Bund passen diese Shorts perfekt zu Ihrer Silhouette und garantieren einen optimalen Sitz. Die Konstruktion folgt der weiblichen Anatomie, mit einem Schnitt, der nicht zu weit an den Beinen hinuntergeht, was ideale Bewegungsfreiheit und ein elegantes Aussehen erm\u00f6glicht. Das Betha 3X Sitzpolster, hergestellt aus hochdichtem, aber nicht voluminosen Schaumstoff, ist perfekt f\u00fcr jede Distanz und bietet Unterst\u00fctzung und Komfort w\u00e4hrend der Fahrt. Um h\u00f6here Sichtbarkeit und Sicherheit zu gew\u00e4hrleisten, sind die Shorts mit reflektierenden Details an den Seiten und auf der R\u00fcckseite ausgestattet, was sie zur idealen Wahl f\u00fcr Radfahrer macht, die Praktikabilit\u00e4t und Stil kombinieren m\u00f6chten. Egal, ob Sie einen Stra\u00dfenkurs bew\u00e4ltigen oder sich auf eine abenteuerliche Fahrt begeben, diese Shorts begleiten Sie mit Stil und Funktionalit\u00e4t.\" \/>\n<meta property=\"og:url\" content=\"https:\/\/www.giessegi.com\/de\/produkt\/damen-radshorts-saphire\/\" \/>\n<meta property=\"og:site_name\" content=\"GSG - Giessegi\" \/>\n<meta property=\"article:modified_time\" content=\"2025-06-23T14:19:58+00:00\" \/>\n<meta property=\"og:image\" content=\"https:\/\/www.giessegi.com\/wp-content\/uploads\/2025\/06\/05544_03.jpg\" \/>\n\t<meta property=\"og:image:width\" content=\"1000\" \/>\n\t<meta property=\"og:image:height\" content=\"1000\" \/>\n\t<meta property=\"og:image:type\" content=\"image\/jpeg\" \/>\n<meta name=\"twitter:card\" content=\"summary_large_image\" \/>\n<meta name=\"twitter:label1\" content=\"Gesch\u00e4tzte Lesezeit\" \/>\n\t<meta name=\"twitter:data1\" content=\"1\u00a0Minute\" \/>\n<script type=\"application\/ld+json\" class=\"yoast-schema-graph\">{\"@context\":\"https:\\\/\\\/schema.org\",\"@graph\":[{\"@type\":\"WebPage\",\"@id\":\"https:\\\/\\\/www.giessegi.com\\\/de\\\/produkt\\\/damen-radshorts-saphire\\\/\",\"url\":\"https:\\\/\\\/www.giessegi.com\\\/de\\\/produkt\\\/damen-radshorts-saphire\\\/\",\"name\":\"Damen-Radshorts Saphire | GSG - Giessegi\",\"isPartOf\":{\"@id\":\"https:\\\/\\\/www.giessegi.com\\\/en\\\/#website\"},\"primaryImageOfPage\":{\"@id\":\"https:\\\/\\\/www.giessegi.com\\\/de\\\/produkt\\\/damen-radshorts-saphire\\\/#primaryimage\"},\"image\":{\"@id\":\"https:\\\/\\\/www.giessegi.com\\\/de\\\/produkt\\\/damen-radshorts-saphire\\\/#primaryimage\"},\"thumbnailUrl\":\"https:\\\/\\\/www.giessegi.com\\\/wp-content\\\/uploads\\\/2025\\\/06\\\/05544_03.jpg\",\"datePublished\":\"2025-06-23T14:16:01+00:00\",\"dateModified\":\"2025-06-23T14:19:58+00:00\",\"breadcrumb\":{\"@id\":\"https:\\\/\\\/www.giessegi.com\\\/de\\\/produkt\\\/damen-radshorts-saphire\\\/#breadcrumb\"},\"inLanguage\":\"de\",\"potentialAction\":[{\"@type\":\"ReadAction\",\"target\":[\"https:\\\/\\\/www.giessegi.com\\\/de\\\/produkt\\\/damen-radshorts-saphire\\\/\"]}]},{\"@type\":\"ImageObject\",\"inLanguage\":\"de\",\"@id\":\"https:\\\/\\\/www.giessegi.com\\\/de\\\/produkt\\\/damen-radshorts-saphire\\\/#primaryimage\",\"url\":\"https:\\\/\\\/www.giessegi.com\\\/wp-content\\\/uploads\\\/2025\\\/06\\\/05544_03.jpg\",\"contentUrl\":\"https:\\\/\\\/www.giessegi.com\\\/wp-content\\\/uploads\\\/2025\\\/06\\\/05544_03.jpg\",\"width\":1000,\"height\":1000},{\"@type\":\"BreadcrumbList\",\"@id\":\"https:\\\/\\\/www.giessegi.com\\\/de\\\/produkt\\\/damen-radshorts-saphire\\\/#breadcrumb\",\"itemListElement\":[{\"@type\":\"ListItem\",\"position\":1,\"name\":\"Home\",\"item\":\"https:\\\/\\\/www.giessegi.com\\\/\"},{\"@type\":\"ListItem\",\"position\":2,\"name\":\"Products\",\"item\":\"https:\\\/\\\/www.giessegi.com\\\/en\\\/shop\\\/\"},{\"@type\":\"ListItem\",\"position\":3,\"name\":\"Damen-Radshorts Saphire\"}]},{\"@type\":\"WebSite\",\"@id\":\"https:\\\/\\\/www.giessegi.com\\\/en\\\/#website\",\"url\":\"https:\\\/\\\/www.giessegi.com\\\/en\\\/\",\"name\":\"Giessegi\",\"description\":\"\",\"publisher\":{\"@id\":\"https:\\\/\\\/www.giessegi.com\\\/en\\\/#organization\"},\"potentialAction\":[{\"@type\":\"SearchAction\",\"target\":{\"@type\":\"EntryPoint\",\"urlTemplate\":\"https:\\\/\\\/www.giessegi.com\\\/en\\\/?s={search_term_string}\"},\"query-input\":{\"@type\":\"PropertyValueSpecification\",\"valueRequired\":true,\"valueName\":\"search_term_string\"}}],\"inLanguage\":\"de\"},{\"@type\":\"Organization\",\"@id\":\"https:\\\/\\\/www.giessegi.com\\\/en\\\/#organization\",\"name\":\"Giessegi\",\"url\":\"https:\\\/\\\/www.giessegi.com\\\/en\\\/\",\"logo\":{\"@type\":\"ImageObject\",\"inLanguage\":\"de\",\"@id\":\"https:\\\/\\\/www.giessegi.com\\\/en\\\/#\\\/schema\\\/logo\\\/image\\\/\",\"url\":\"https:\\\/\\\/www.giessegi.com\\\/wp-content\\\/uploads\\\/2022\\\/09\\\/giessegi-logo.jpeg\",\"contentUrl\":\"https:\\\/\\\/www.giessegi.com\\\/wp-content\\\/uploads\\\/2022\\\/09\\\/giessegi-logo.jpeg\",\"width\":175,\"height\":77,\"caption\":\"Giessegi\"},\"image\":{\"@id\":\"https:\\\/\\\/www.giessegi.com\\\/en\\\/#\\\/schema\\\/logo\\\/image\\\/\"}}]}<\/script>\n<!-- \/ Yoast SEO plugin. -->","yoast_head_json":{"title":"Damen-Radshorts Saphire | GSG - Giessegi","robots":{"index":"index","follow":"follow","max-snippet":"max-snippet:-1","max-image-preview":"max-image-preview:large","max-video-preview":"max-video-preview:-1"},"canonical":"https:\/\/www.giessegi.com\/de\/produkt\/damen-radshorts-saphire\/","og_locale":"de_DE","og_type":"article","og_title":"Damen-Radshorts Saphire | GSG - Giessegi","og_description":"Unsere Damen-Radshorts Saphire sind so konzipiert, dass sie Komfort und Unterst\u00fctzung w\u00e4hrend Ihrer Radtouren bieten. Ohne Tr\u00e4ger und ausgestattet mit einem bequemen Bund passen diese Shorts perfekt zu Ihrer Silhouette und garantieren einen optimalen Sitz. Die Konstruktion folgt der weiblichen Anatomie, mit einem Schnitt, der nicht zu weit an den Beinen hinuntergeht, was ideale Bewegungsfreiheit und ein elegantes Aussehen erm\u00f6glicht. Das Betha 3X Sitzpolster, hergestellt aus hochdichtem, aber nicht voluminosen Schaumstoff, ist perfekt f\u00fcr jede Distanz und bietet Unterst\u00fctzung und Komfort w\u00e4hrend der Fahrt. Um h\u00f6here Sichtbarkeit und Sicherheit zu gew\u00e4hrleisten, sind die Shorts mit reflektierenden Details an den Seiten und auf der R\u00fcckseite ausgestattet, was sie zur idealen Wahl f\u00fcr Radfahrer macht, die Praktikabilit\u00e4t und Stil kombinieren m\u00f6chten. Egal, ob Sie einen Stra\u00dfenkurs bew\u00e4ltigen oder sich auf eine abenteuerliche Fahrt begeben, diese Shorts begleiten Sie mit Stil und Funktionalit\u00e4t.","og_url":"https:\/\/www.giessegi.com\/de\/produkt\/damen-radshorts-saphire\/","og_site_name":"GSG - Giessegi","article_modified_time":"2025-06-23T14:19:58+00:00","og_image":[{"url":"https:\/\/www.giessegi.com\/wp-content\/uploads\/2025\/06\/05544_03.jpg","width":1000,"height":1000,"type":"image\/jpeg"}],"twitter_card":"summary_large_image","twitter_misc":{"Gesch\u00e4tzte Lesezeit":"1\u00a0Minute"},"schema":{"@context":"https:\/\/schema.org","@graph":[{"@type":"WebPage","@id":"https:\/\/www.giessegi.com\/de\/produkt\/damen-radshorts-saphire\/","url":"https:\/\/www.giessegi.com\/de\/produkt\/damen-radshorts-saphire\/","name":"Damen-Radshorts Saphire | GSG - Giessegi","isPartOf":{"@id":"https:\/\/www.giessegi.com\/en\/#website"},"primaryImageOfPage":{"@id":"https:\/\/www.giessegi.com\/de\/produkt\/damen-radshorts-saphire\/#primaryimage"},"image":{"@id":"https:\/\/www.giessegi.com\/de\/produkt\/damen-radshorts-saphire\/#primaryimage"},"thumbnailUrl":"https:\/\/www.giessegi.com\/wp-content\/uploads\/2025\/06\/05544_03.jpg","datePublished":"2025-06-23T14:16:01+00:00","dateModified":"2025-06-23T14:19:58+00:00","breadcrumb":{"@id":"https:\/\/www.giessegi.com\/de\/produkt\/damen-radshorts-saphire\/#breadcrumb"},"inLanguage":"de","potentialAction":[{"@type":"ReadAction","target":["https:\/\/www.giessegi.com\/de\/produkt\/damen-radshorts-saphire\/"]}]},{"@type":"ImageObject","inLanguage":"de","@id":"https:\/\/www.giessegi.com\/de\/produkt\/damen-radshorts-saphire\/#primaryimage","url":"https:\/\/www.giessegi.com\/wp-content\/uploads\/2025\/06\/05544_03.jpg","contentUrl":"https:\/\/www.giessegi.com\/wp-content\/uploads\/2025\/06\/05544_03.jpg","width":1000,"height":1000},{"@type":"BreadcrumbList","@id":"https:\/\/www.giessegi.com\/de\/produkt\/damen-radshorts-saphire\/#breadcrumb","itemListElement":[{"@type":"ListItem","position":1,"name":"Home","item":"https:\/\/www.giessegi.com\/"},{"@type":"ListItem","position":2,"name":"Products","item":"https:\/\/www.giessegi.com\/en\/shop\/"},{"@type":"ListItem","position":3,"name":"Damen-Radshorts Saphire"}]},{"@type":"WebSite","@id":"https:\/\/www.giessegi.com\/en\/#website","url":"https:\/\/www.giessegi.com\/en\/","name":"Giessegi","description":"","publisher":{"@id":"https:\/\/www.giessegi.com\/en\/#organization"},"potentialAction":[{"@type":"SearchAction","target":{"@type":"EntryPoint","urlTemplate":"https:\/\/www.giessegi.com\/en\/?s={search_term_string}"},"query-input":{"@type":"PropertyValueSpecification","valueRequired":true,"valueName":"search_term_string"}}],"inLanguage":"de"},{"@type":"Organization","@id":"https:\/\/www.giessegi.com\/en\/#organization","name":"Giessegi","url":"https:\/\/www.giessegi.com\/en\/","logo":{"@type":"ImageObject","inLanguage":"de","@id":"https:\/\/www.giessegi.com\/en\/#\/schema\/logo\/image\/","url":"https:\/\/www.giessegi.com\/wp-content\/uploads\/2022\/09\/giessegi-logo.jpeg","contentUrl":"https:\/\/www.giessegi.com\/wp-content\/uploads\/2022\/09\/giessegi-logo.jpeg","width":175,"height":77,"caption":"Giessegi"},"image":{"@id":"https:\/\/www.giessegi.com\/en\/#\/schema\/logo\/image\/"}}]}},"_links":{"self":[{"href":"https:\/\/www.giessegi.com\/de\/wp-json\/wp\/v2\/product\/70058","targetHints":{"allow":["GET"]}}],"collection":[{"href":"https:\/\/www.giessegi.com\/de\/wp-json\/wp\/v2\/product"}],"about":[{"href":"https:\/\/www.giessegi.com\/de\/wp-json\/wp\/v2\/types\/product"}],"wp:featuredmedia":[{"embeddable":true,"href":"https:\/\/www.giessegi.com\/de\/wp-json\/wp\/v2\/media\/70051"}],"wp:attachment":[{"href":"https:\/\/www.giessegi.com\/de\/wp-json\/wp\/v2\/media?parent=70058"}],"wp:term":[{"taxonomy":"product_brand","embeddable":true,"href":"https:\/\/www.giessegi.com\/de\/wp-json\/wp\/v2\/product_brand?post=70058"},{"taxonomy":"product_cat","embeddable":true,"href":"https:\/\/www.giessegi.com\/de\/wp-json\/wp\/v2\/product_cat?post=70058"},{"taxonomy":"product_tag","embeddable":true,"href":"https:\/\/www.giessegi.com\/de\/wp-json\/wp\/v2\/product_tag?post=70058"},{"taxonomy":"collezione","embeddable":true,"href":"https:\/\/www.giessegi.com\/de\/wp-json\/wp\/v2\/collezione?post=70058"}],"curies":[{"name":"wp","href":"https:\/\/api.w.org\/{rel}","templated":true}]}}